{"id":10187,"date":"2018-04-03T09:23:19","date_gmt":"2018-04-03T09:23:19","guid":{"rendered":"https:\/\/www.cruillabarcelona.com\/?page_id=10187\/"},"modified":"2018-06-18T15:37:58","modified_gmt":"2018-06-18T13:37:58","slug":"the-roots","status":"publish","type":"page","link":"https:\/\/www.cruillabarcelona.com\/ca\/the-roots\/","title":{"rendered":"The Roots"},"content":{"rendered":"<p>Fidels al hip-hop. Fidels al soul. <strong>Fidels a les seves arrels<\/strong>. The Roots \u00e9s un dels grups m\u00e9s representatius de la m\u00fasica negra nord-americana. Tant en els seus or\u00edgens com en la seva evoluci\u00f3.<\/p>\n<p>Ens agrada tenir-los en el Cru\u00eflla perqu\u00e8 s\u00f3n igual d&#8217;aut\u00e8ntics ara que quan van n\u00e9ixer, en els 90. The Roots no canten sobre una base, sin\u00f3 sobre una banda.\u00a0 Si t&#8217;agrada el <strong>soul<\/strong>, el <strong>funk<\/strong> i el <strong>hip-hop<\/strong> old school, ells s\u00f3n les tres coses alhora.<\/p>\n<p>Vine a veure a The Roots en directe. Amb la teva entrada per al\u00a0<strong>dissabte 14 de juliol<\/strong>, de 65\u20ac, tamb\u00e9 podr\u00e0s estar en els concerts de <a href=\"https:\/\/www.cruillabarcelona.com\/ca\/artists\/david-byrne\/\" target=\"_blank\" rel=\"noopener\"><strong>David Byrne<\/strong><\/a>, <a href=\"https:\/\/www.cruillabarcelona.com\/ca\/artists\/justice\/\" target=\"_blank\" rel=\"noopener\"><strong>Justice<\/strong><\/a> i <a href=\"https:\/\/www.cruillabarcelona.com\/ca\/artists\/soja\/\" target=\"_blank\" rel=\"noopener\"><strong>SOJA<\/strong><\/a>, entre molts altres.<\/p>\n<p><em><strong>Ja coneixes tots els artistes del Cru\u00eflla?<\/strong> Fes una ullada al cartell del festival i busca els que t&#8217;agradin. Tria la teva experi\u00e8ncia comprant una entrada de dia o, si no en tens prou, un dels abonaments.\u00a0<\/em><\/p>\n<p style=\"text-align: center;\"><em>Compra aqu\u00ed la teva entrada per al dissabte 14 de juliol o, si prefereixes viure l&#8217;experi\u00e8ncia completa,  fes-te amb un dels abonaments.<\/em><\/p>\n<p><a href=\"https:\/\/www.portalticket.com\/entradas\/entrada-de-dissabte\/3687\/cruilla-barcelona\/web\" target=\"_blank\" rel=\"noopener\"><img loading=\"lazy\" decoding=\"async\" class=\"aligncenter wp-image-15770 size-full\" src=\"https:\/\/www.cruillabarcelona.com\/wp-content\/uploads\/2018\/02\/dissabte-ca.jpg\" alt=\"\" width=\"600\" height=\"122\" srcset=\"https:\/\/www.cruillabarcelona.com\/wp-content\/uploads\/2018\/02\/dissabte-ca.jpg 600w, https:\/\/www.cruillabarcelona.com\/wp-content\/uploads\/2018\/02\/dissabte-ca-300x61.jpg 300w\" sizes=\"auto, (max-width: 600px) 100vw, 600px\" \/><\/a><\/p>\n<p><a href=\"https:\/\/www.portalticket.com\/entradas\/abonament-2-dies--13-i-14-juliol-\/3684\/cruilla-barcelona\/web\" target=\"_blank\" rel=\"noopener\"><img loading=\"lazy\" decoding=\"async\" class=\"aligncenter wp-image-15743 size-full\" src=\"https:\/\/www.cruillabarcelona.com\/wp-content\/uploads\/2018\/02\/abono2-ca.jpg\" alt=\"\" width=\"600\" height=\"122\" srcset=\"https:\/\/www.cruillabarcelona.com\/wp-content\/uploads\/2018\/02\/abono2-ca.jpg 600w, https:\/\/www.cruillabarcelona.com\/wp-content\/uploads\/2018\/02\/abono2-ca-300x61.jpg 300w\" sizes=\"auto, (max-width: 600px) 100vw, 600px\" \/><\/a><\/p>\n<p><a href=\"https:\/\/www.portalticket.com\/entradas\/abonament-cruilla-2018_5498\/1966\/cruilla-barcelona\/web\" target=\"_blank\" rel=\"noopener\"><img loading=\"lazy\" decoding=\"async\" class=\"aligncenter wp-image-15752 size-full\" src=\"https:\/\/www.cruillabarcelona.com\/wp-content\/uploads\/2018\/02\/abono3-ca.jpg\" alt=\"\" width=\"600\" height=\"122\" srcset=\"https:\/\/www.cruillabarcelona.com\/wp-content\/uploads\/2018\/02\/abono3-ca.jpg 600w, https:\/\/www.cruillabarcelona.com\/wp-content\/uploads\/2018\/02\/abono3-ca-300x61.jpg 300w\" sizes=\"auto, (max-width: 600px) 100vw, 600px\" \/><\/a><\/p>\n<p><img loading=\"lazy\" decoding=\"async\" width=\"500\" height=\"705\" class=\"aligncenter size-full wp-image-15322\" src=\"https:\/\/www.cruillabarcelona.com\/wp-content\/uploads\/2018\/06\/Cartell-general-low-ca.jpg\" alt=\"Line-up-cruilla2018\" srcset=\"https:\/\/www.cruillabarcelona.com\/wp-content\/uploads\/2018\/06\/Cartell-general-low-ca.jpg 500w, https:\/\/www.cruillabarcelona.com\/wp-content\/uploads\/2018\/06\/Cartell-general-low-ca-300x423.jpg 300w\" sizes=\"auto, (max-width: 500px) 100vw, 500px\" \/><\/p>\n","protected":false},"excerpt":{"rendered":"Fidels al hip-hop. Fidels al soul. Fidels a les seves arrels. The Roots \u00e9s un dels grups m\u00e9s representatius de la m\u00fasica negra nord-americana. Tant en els seus or\u00edgens com en la seva evoluci\u00f3. Ens agrada tenir-los en el Cru\u00eflla perqu\u00e8 s\u00f3n igual d&#8217;aut\u00e8ntics ara que quan van n\u00e9ixer, en els 90. The Roots no&#8230; <a class=\"view-article\" href=\"https:\/\/www.cruillabarcelona.com\/ca\/the-roots\/\">View Article<\/a>","protected":false},"author":2,"featured_media":10182,"parent":0,"menu_order":0,"comment_status":"closed","ping_status":"closed","template":"page-templates\/page-landing.php","meta":{"_acf_changed":false,"footnotes":""},"class_list":["post-10187","page","type-page","status-publish","has-post-thumbnail","hentry"],"acf":[],"yoast_head":"<!-- This site is optimized with the Yoast SEO plugin v27.3 - https:\/\/yoast.com\/product\/yoast-seo-wordpress\/ -->\n<title>The Roots - Festival Cru\u00eflla<\/title>\n<meta name=\"robots\" content=\"index, follow, max-snippet:-1, max-image-preview:large, max-video-preview:-1\" \/>\n<link rel=\"canonical\" href=\"https:\/\/www.cruillabarcelona.com\/ca\/the-roots\/\" \/>\n<meta property=\"og:locale\" content=\"ca_ES\" \/>\n<meta property=\"og:type\" content=\"article\" \/>\n<meta property=\"og:title\" content=\"The Roots - Festival Cru\u00eflla\" \/>\n<meta property=\"og:description\" content=\"Fidels al hip-hop. Fidels al soul. Fidels a les seves arrels. The Roots \u00e9s un dels grups m\u00e9s representatius de la m\u00fasica negra nord-americana. Tant en els seus or\u00edgens com en la seva evoluci\u00f3. Ens agrada tenir-los en el Cru\u00eflla perqu\u00e8 s\u00f3n igual d&#8217;aut\u00e8ntics ara que quan van n\u00e9ixer, en els 90. The Roots no... View Article\" \/>\n<meta property=\"og:url\" content=\"https:\/\/www.cruillabarcelona.com\/ca\/the-roots\/\" \/>\n<meta property=\"og:site_name\" content=\"Festival Cru\u00eflla\" \/>\n<meta property=\"article:modified_time\" content=\"2018-06-18T13:37:58+00:00\" \/>\n<meta property=\"og:image\" content=\"https:\/\/www.cruillabarcelona.com\/wp-content\/uploads\/2018\/03\/The-Roots_experiencia-1.jpg\" \/>\n\t<meta property=\"og:image:width\" content=\"1500\" \/>\n\t<meta property=\"og:image:height\" content=\"500\" \/>\n\t<meta property=\"og:image:type\" content=\"image\/jpeg\" \/>\n<meta name=\"twitter:card\" content=\"summary_large_image\" \/>\n<meta name=\"twitter:label1\" content=\"Temps estimat de lectura\" \/>\n\t<meta name=\"twitter:data1\" content=\"1 minut\" \/>\n<script type=\"application\/ld+json\" class=\"yoast-schema-graph\">{\"@context\":\"https:\\\/\\\/schema.org\",\"@graph\":[{\"@type\":\"WebPage\",\"@id\":\"https:\\\/\\\/www.cruillabarcelona.com\\\/ca\\\/the-roots\\\/\",\"url\":\"https:\\\/\\\/www.cruillabarcelona.com\\\/ca\\\/the-roots\\\/\",\"name\":\"The Roots - Festival Cru\u00eflla\",\"isPartOf\":{\"@id\":\"https:\\\/\\\/www.cruillabarcelona.com\\\/ca\\\/#website\"},\"primaryImageOfPage\":{\"@id\":\"https:\\\/\\\/www.cruillabarcelona.com\\\/ca\\\/the-roots\\\/#primaryimage\"},\"image\":{\"@id\":\"https:\\\/\\\/www.cruillabarcelona.com\\\/ca\\\/the-roots\\\/#primaryimage\"},\"thumbnailUrl\":\"https:\\\/\\\/www.cruillabarcelona.com\\\/wp-content\\\/uploads\\\/2018\\\/03\\\/The-Roots_experiencia-1.jpg\",\"datePublished\":\"2018-04-03T09:23:19+00:00\",\"dateModified\":\"2018-06-18T13:37:58+00:00\",\"breadcrumb\":{\"@id\":\"https:\\\/\\\/www.cruillabarcelona.com\\\/ca\\\/the-roots\\\/#breadcrumb\"},\"inLanguage\":\"ca\",\"potentialAction\":[{\"@type\":\"ReadAction\",\"target\":[\"https:\\\/\\\/www.cruillabarcelona.com\\\/ca\\\/the-roots\\\/\"]}]},{\"@type\":\"ImageObject\",\"inLanguage\":\"ca\",\"@id\":\"https:\\\/\\\/www.cruillabarcelona.com\\\/ca\\\/the-roots\\\/#primaryimage\",\"url\":\"https:\\\/\\\/www.cruillabarcelona.com\\\/wp-content\\\/uploads\\\/2018\\\/03\\\/The-Roots_experiencia-1.jpg\",\"contentUrl\":\"https:\\\/\\\/www.cruillabarcelona.com\\\/wp-content\\\/uploads\\\/2018\\\/03\\\/The-Roots_experiencia-1.jpg\",\"width\":1500,\"height\":500},{\"@type\":\"BreadcrumbList\",\"@id\":\"https:\\\/\\\/www.cruillabarcelona.com\\\/ca\\\/the-roots\\\/#breadcrumb\",\"itemListElement\":[{\"@type\":\"ListItem\",\"position\":1,\"name\":\"Home\",\"item\":\"https:\\\/\\\/www.cruillabarcelona.com\\\/ca\\\/\"},{\"@type\":\"ListItem\",\"position\":2,\"name\":\"The Roots\"}]},{\"@type\":\"WebSite\",\"@id\":\"https:\\\/\\\/www.cruillabarcelona.com\\\/ca\\\/#website\",\"url\":\"https:\\\/\\\/www.cruillabarcelona.com\\\/ca\\\/\",\"name\":\"Festival Cru\u00eflla\",\"description\":\"\",\"potentialAction\":[{\"@type\":\"SearchAction\",\"target\":{\"@type\":\"EntryPoint\",\"urlTemplate\":\"https:\\\/\\\/www.cruillabarcelona.com\\\/ca\\\/?s={search_term_string}\"},\"query-input\":{\"@type\":\"PropertyValueSpecification\",\"valueRequired\":true,\"valueName\":\"search_term_string\"}}],\"inLanguage\":\"ca\"}]}<\/script>\n<!-- \/ Yoast SEO plugin. -->","yoast_head_json":{"title":"The Roots - Festival Cru\u00eflla","robots":{"index":"index","follow":"follow","max-snippet":"max-snippet:-1","max-image-preview":"max-image-preview:large","max-video-preview":"max-video-preview:-1"},"canonical":"https:\/\/www.cruillabarcelona.com\/ca\/the-roots\/","og_locale":"ca_ES","og_type":"article","og_title":"The Roots - Festival Cru\u00eflla","og_description":"Fidels al hip-hop. Fidels al soul. Fidels a les seves arrels. The Roots \u00e9s un dels grups m\u00e9s representatius de la m\u00fasica negra nord-americana. Tant en els seus or\u00edgens com en la seva evoluci\u00f3. Ens agrada tenir-los en el Cru\u00eflla perqu\u00e8 s\u00f3n igual d&#8217;aut\u00e8ntics ara que quan van n\u00e9ixer, en els 90. The Roots no... View Article","og_url":"https:\/\/www.cruillabarcelona.com\/ca\/the-roots\/","og_site_name":"Festival Cru\u00eflla","article_modified_time":"2018-06-18T13:37:58+00:00","og_image":[{"width":1500,"height":500,"url":"https:\/\/www.cruillabarcelona.com\/wp-content\/uploads\/2018\/03\/The-Roots_experiencia-1.jpg","type":"image\/jpeg"}],"twitter_card":"summary_large_image","twitter_misc":{"Temps estimat de lectura":"1 minut"},"schema":{"@context":"https:\/\/schema.org","@graph":[{"@type":"WebPage","@id":"https:\/\/www.cruillabarcelona.com\/ca\/the-roots\/","url":"https:\/\/www.cruillabarcelona.com\/ca\/the-roots\/","name":"The Roots - Festival Cru\u00eflla","isPartOf":{"@id":"https:\/\/www.cruillabarcelona.com\/ca\/#website"},"primaryImageOfPage":{"@id":"https:\/\/www.cruillabarcelona.com\/ca\/the-roots\/#primaryimage"},"image":{"@id":"https:\/\/www.cruillabarcelona.com\/ca\/the-roots\/#primaryimage"},"thumbnailUrl":"https:\/\/www.cruillabarcelona.com\/wp-content\/uploads\/2018\/03\/The-Roots_experiencia-1.jpg","datePublished":"2018-04-03T09:23:19+00:00","dateModified":"2018-06-18T13:37:58+00:00","breadcrumb":{"@id":"https:\/\/www.cruillabarcelona.com\/ca\/the-roots\/#breadcrumb"},"inLanguage":"ca","potentialAction":[{"@type":"ReadAction","target":["https:\/\/www.cruillabarcelona.com\/ca\/the-roots\/"]}]},{"@type":"ImageObject","inLanguage":"ca","@id":"https:\/\/www.cruillabarcelona.com\/ca\/the-roots\/#primaryimage","url":"https:\/\/www.cruillabarcelona.com\/wp-content\/uploads\/2018\/03\/The-Roots_experiencia-1.jpg","contentUrl":"https:\/\/www.cruillabarcelona.com\/wp-content\/uploads\/2018\/03\/The-Roots_experiencia-1.jpg","width":1500,"height":500},{"@type":"BreadcrumbList","@id":"https:\/\/www.cruillabarcelona.com\/ca\/the-roots\/#breadcrumb","itemListElement":[{"@type":"ListItem","position":1,"name":"Home","item":"https:\/\/www.cruillabarcelona.com\/ca\/"},{"@type":"ListItem","position":2,"name":"The Roots"}]},{"@type":"WebSite","@id":"https:\/\/www.cruillabarcelona.com\/ca\/#website","url":"https:\/\/www.cruillabarcelona.com\/ca\/","name":"Festival Cru\u00eflla","description":"","potentialAction":[{"@type":"SearchAction","target":{"@type":"EntryPoint","urlTemplate":"https:\/\/www.cruillabarcelona.com\/ca\/?s={search_term_string}"},"query-input":{"@type":"PropertyValueSpecification","valueRequired":true,"valueName":"search_term_string"}}],"inLanguage":"ca"}]}},"_links":{"self":[{"href":"https:\/\/www.cruillabarcelona.com\/ca\/wp-json\/wp\/v2\/pages\/10187","targetHints":{"allow":["GET"]}}],"collection":[{"href":"https:\/\/www.cruillabarcelona.com\/ca\/wp-json\/wp\/v2\/pages"}],"about":[{"href":"https:\/\/www.cruillabarcelona.com\/ca\/wp-json\/wp\/v2\/types\/page"}],"author":[{"embeddable":true,"href":"https:\/\/www.cruillabarcelona.com\/ca\/wp-json\/wp\/v2\/users\/2"}],"replies":[{"embeddable":true,"href":"https:\/\/www.cruillabarcelona.com\/ca\/wp-json\/wp\/v2\/comments?post=10187"}],"version-history":[{"count":0,"href":"https:\/\/www.cruillabarcelona.com\/ca\/wp-json\/wp\/v2\/pages\/10187\/revisions"}],"wp:featuredmedia":[{"embeddable":true,"href":"https:\/\/www.cruillabarcelona.com\/ca\/wp-json\/wp\/v2\/media\/10182"}],"wp:attachment":[{"href":"https:\/\/www.cruillabarcelona.com\/ca\/wp-json\/wp\/v2\/media?parent=10187"}],"curies":[{"name":"wp","href":"https:\/\/api.w.org\/{rel}","templated":true}]}}