{"id":10197,"date":"2018-04-03T09:24:17","date_gmt":"2018-04-03T09:24:17","guid":{"rendered":"https:\/\/www.cruillabarcelona.com\/?page_id=10197\/"},"modified":"2018-06-18T15:41:42","modified_gmt":"2018-06-18T13:41:42","slug":"david-byrne","status":"publish","type":"page","link":"https:\/\/www.cruillabarcelona.com\/ca\/david-byrne\/","title":{"rendered":"David Byrne"},"content":{"rendered":"<p>L&#8217;oportunitat d&#8217;escoltar a David\u00a0Byrne\u00a0en directe no es presenta moltes vegades en la vida. Aquest home ve d&#8217;una \u00e8poca en qu\u00e8 la m\u00fasica era una altra cosa. <strong>Contracultura,\u00a0postpunk\u00a0i rebel\u00b7lia<\/strong>. I\u00a0Byrne\u00a0al capdavant de\u00a0Talking Heads, una de les bandes m\u00e9s importants del g\u00e8nere.<\/p>\n<p>Ens agraden els concerts que s\u00f3n \u00fanics i\u00a0Byrne \u00e9s expert en aix\u00f2. Ve al\u00a0Cru\u00eflla\u00a0a muntar un <strong>show d&#8217;art\u00a0rock pur<\/strong>. L\u00ednies de baix matadores, una bateria complexa i ell envoltat d&#8217;una\u00a0performance\u00a0embogida, amb una desena de m\u00fasics i ballarins.<\/p>\n<p>David\u00a0Byrne\u00a0ho fa tot alhora, i estem encantats de tenir-lo.<\/p>\n<p>Amb la teva entrada per Byrne, el <strong>dissabte 14 de juliol<\/strong>, podr\u00e0s veure tamb\u00e9 grups com <a href=\"https:\/\/www.cruillabarcelona.com\/ca\/artists\/justice\/\" target=\"_blank\" rel=\"noopener\"><strong>Justice<\/strong><\/a> i <a href=\"https:\/\/www.cruillabarcelona.com\/ca\/artists\/the-roots\/\" target=\"_blank\" rel=\"noopener\"><strong>The Roots<\/strong><\/a>, entre molts altres, per nom\u00e9s 65\u20ac.<\/p>\n<p><em><strong>Ja coneixes tots els artistes del Cru\u00eflla?<\/strong> Fes un ull al cartell del festival i busca els que t&#8217;agradin. Escull la teva experi\u00e8ncia comprant una entrada de dia o, si no en tens prou, un dels abonaments.\u00a0<\/em><\/p>\n<p><a href=\"https:\/\/www.portalticket.com\/entradas\/entrada-de-dissabte\/3687\/cruilla-barcelona\/web\" target=\"_blank\" rel=\"noopener\"><img loading=\"lazy\" decoding=\"async\" class=\"aligncenter wp-image-15770 size-full\" src=\"https:\/\/www.cruillabarcelona.com\/wp-content\/uploads\/2018\/02\/dissabte-ca.jpg\" alt=\"\" width=\"600\" height=\"122\" srcset=\"https:\/\/www.cruillabarcelona.com\/wp-content\/uploads\/2018\/02\/dissabte-ca.jpg 600w, https:\/\/www.cruillabarcelona.com\/wp-content\/uploads\/2018\/02\/dissabte-ca-300x61.jpg 300w\" sizes=\"auto, (max-width: 600px) 100vw, 600px\" \/><\/a><\/p>\n<p><a href=\"https:\/\/www.portalticket.com\/entradas\/abonament-2-dies--13-i-14-juliol-\/3684\/cruilla-barcelona\/web\" target=\"_blank\" rel=\"noopener\"><img loading=\"lazy\" decoding=\"async\" class=\"aligncenter wp-image-15743 size-full\" src=\"https:\/\/www.cruillabarcelona.com\/wp-content\/uploads\/2018\/02\/abono2-ca.jpg\" alt=\"\" width=\"600\" height=\"122\" srcset=\"https:\/\/www.cruillabarcelona.com\/wp-content\/uploads\/2018\/02\/abono2-ca.jpg 600w, https:\/\/www.cruillabarcelona.com\/wp-content\/uploads\/2018\/02\/abono2-ca-300x61.jpg 300w\" sizes=\"auto, (max-width: 600px) 100vw, 600px\" \/><\/a><\/p>\n<p><a href=\"https:\/\/www.portalticket.com\/entradas\/abonament-cruilla-2018_5498\/1966\/cruilla-barcelona\/web\" target=\"_blank\" rel=\"noopener\"><img loading=\"lazy\" decoding=\"async\" class=\"aligncenter wp-image-15752 size-full\" src=\"https:\/\/www.cruillabarcelona.com\/wp-content\/uploads\/2018\/02\/abono3-ca.jpg\" alt=\"\" width=\"600\" height=\"122\" srcset=\"https:\/\/www.cruillabarcelona.com\/wp-content\/uploads\/2018\/02\/abono3-ca.jpg 600w, https:\/\/www.cruillabarcelona.com\/wp-content\/uploads\/2018\/02\/abono3-ca-300x61.jpg 300w\" sizes=\"auto, (max-width: 600px) 100vw, 600px\" \/><\/a><\/p>\n<p><img loading=\"lazy\" decoding=\"async\" width=\"500\" height=\"705\" class=\"aligncenter size-full wp-image-15322\" src=\"https:\/\/www.cruillabarcelona.com\/wp-content\/uploads\/2018\/06\/Cartell-general-low-ca.jpg\" alt=\"Line-up-cruilla2018\" srcset=\"https:\/\/www.cruillabarcelona.com\/wp-content\/uploads\/2018\/06\/Cartell-general-low-ca.jpg 500w, https:\/\/www.cruillabarcelona.com\/wp-content\/uploads\/2018\/06\/Cartell-general-low-ca-300x423.jpg 300w\" sizes=\"auto, (max-width: 500px) 100vw, 500px\" \/><\/p>\n","protected":false},"excerpt":{"rendered":"L&#8217;oportunitat d&#8217;escoltar a David\u00a0Byrne\u00a0en directe no es presenta moltes vegades en la vida. Aquest home ve d&#8217;una \u00e8poca en qu\u00e8 la m\u00fasica era una altra cosa. Contracultura,\u00a0postpunk\u00a0i rebel\u00b7lia. I\u00a0Byrne\u00a0al capdavant de\u00a0Talking Heads, una de les bandes m\u00e9s importants del g\u00e8nere. Ens agraden els concerts que s\u00f3n \u00fanics i\u00a0Byrne \u00e9s expert en aix\u00f2. Ve al\u00a0Cru\u00eflla\u00a0a muntar&#8230; <a class=\"view-article\" href=\"https:\/\/www.cruillabarcelona.com\/ca\/david-byrne\/\">View Article<\/a>","protected":false},"author":2,"featured_media":10194,"parent":0,"menu_order":0,"comment_status":"closed","ping_status":"closed","template":"page-templates\/page-landing.php","meta":{"_acf_changed":false,"footnotes":""},"class_list":["post-10197","page","type-page","status-publish","has-post-thumbnail","hentry"],"acf":[],"yoast_head":"<!-- This site is optimized with the Yoast SEO plugin v27.3 - https:\/\/yoast.com\/product\/yoast-seo-wordpress\/ -->\n<title>David Byrne - Festival Cru\u00eflla<\/title>\n<meta name=\"robots\" content=\"index, follow, max-snippet:-1, max-image-preview:large, max-video-preview:-1\" \/>\n<link rel=\"canonical\" href=\"https:\/\/www.cruillabarcelona.com\/ca\/david-byrne\/\" \/>\n<meta property=\"og:locale\" content=\"ca_ES\" \/>\n<meta property=\"og:type\" content=\"article\" \/>\n<meta property=\"og:title\" content=\"David Byrne - Festival Cru\u00eflla\" \/>\n<meta property=\"og:description\" content=\"L&#8217;oportunitat d&#8217;escoltar a David\u00a0Byrne\u00a0en directe no es presenta moltes vegades en la vida. Aquest home ve d&#8217;una \u00e8poca en qu\u00e8 la m\u00fasica era una altra cosa. Contracultura,\u00a0postpunk\u00a0i rebel\u00b7lia. I\u00a0Byrne\u00a0al capdavant de\u00a0Talking Heads, una de les bandes m\u00e9s importants del g\u00e8nere. Ens agraden els concerts que s\u00f3n \u00fanics i\u00a0Byrne \u00e9s expert en aix\u00f2. Ve al\u00a0Cru\u00eflla\u00a0a muntar... View Article\" \/>\n<meta property=\"og:url\" content=\"https:\/\/www.cruillabarcelona.com\/ca\/david-byrne\/\" \/>\n<meta property=\"og:site_name\" content=\"Festival Cru\u00eflla\" \/>\n<meta property=\"article:modified_time\" content=\"2018-06-18T13:41:42+00:00\" \/>\n<meta property=\"og:image\" content=\"https:\/\/www.cruillabarcelona.com\/wp-content\/uploads\/2018\/03\/David-Byrne_experiencia-1.jpg\" \/>\n\t<meta property=\"og:image:width\" content=\"1500\" \/>\n\t<meta property=\"og:image:height\" content=\"500\" \/>\n\t<meta property=\"og:image:type\" content=\"image\/jpeg\" \/>\n<meta name=\"twitter:card\" content=\"summary_large_image\" \/>\n<meta name=\"twitter:label1\" content=\"Temps estimat de lectura\" \/>\n\t<meta name=\"twitter:data1\" content=\"1 minut\" \/>\n<script type=\"application\/ld+json\" class=\"yoast-schema-graph\">{\"@context\":\"https:\\\/\\\/schema.org\",\"@graph\":[{\"@type\":\"WebPage\",\"@id\":\"https:\\\/\\\/www.cruillabarcelona.com\\\/ca\\\/david-byrne\\\/\",\"url\":\"https:\\\/\\\/www.cruillabarcelona.com\\\/ca\\\/david-byrne\\\/\",\"name\":\"David Byrne - Festival Cru\u00eflla\",\"isPartOf\":{\"@id\":\"https:\\\/\\\/www.cruillabarcelona.com\\\/ca\\\/#website\"},\"primaryImageOfPage\":{\"@id\":\"https:\\\/\\\/www.cruillabarcelona.com\\\/ca\\\/david-byrne\\\/#primaryimage\"},\"image\":{\"@id\":\"https:\\\/\\\/www.cruillabarcelona.com\\\/ca\\\/david-byrne\\\/#primaryimage\"},\"thumbnailUrl\":\"https:\\\/\\\/www.cruillabarcelona.com\\\/wp-content\\\/uploads\\\/2018\\\/03\\\/David-Byrne_experiencia-1.jpg\",\"datePublished\":\"2018-04-03T09:24:17+00:00\",\"dateModified\":\"2018-06-18T13:41:42+00:00\",\"breadcrumb\":{\"@id\":\"https:\\\/\\\/www.cruillabarcelona.com\\\/ca\\\/david-byrne\\\/#breadcrumb\"},\"inLanguage\":\"ca\",\"potentialAction\":[{\"@type\":\"ReadAction\",\"target\":[\"https:\\\/\\\/www.cruillabarcelona.com\\\/ca\\\/david-byrne\\\/\"]}]},{\"@type\":\"ImageObject\",\"inLanguage\":\"ca\",\"@id\":\"https:\\\/\\\/www.cruillabarcelona.com\\\/ca\\\/david-byrne\\\/#primaryimage\",\"url\":\"https:\\\/\\\/www.cruillabarcelona.com\\\/wp-content\\\/uploads\\\/2018\\\/03\\\/David-Byrne_experiencia-1.jpg\",\"contentUrl\":\"https:\\\/\\\/www.cruillabarcelona.com\\\/wp-content\\\/uploads\\\/2018\\\/03\\\/David-Byrne_experiencia-1.jpg\",\"width\":1500,\"height\":500},{\"@type\":\"BreadcrumbList\",\"@id\":\"https:\\\/\\\/www.cruillabarcelona.com\\\/ca\\\/david-byrne\\\/#breadcrumb\",\"itemListElement\":[{\"@type\":\"ListItem\",\"position\":1,\"name\":\"Home\",\"item\":\"https:\\\/\\\/www.cruillabarcelona.com\\\/ca\\\/\"},{\"@type\":\"ListItem\",\"position\":2,\"name\":\"David Byrne\"}]},{\"@type\":\"WebSite\",\"@id\":\"https:\\\/\\\/www.cruillabarcelona.com\\\/ca\\\/#website\",\"url\":\"https:\\\/\\\/www.cruillabarcelona.com\\\/ca\\\/\",\"name\":\"Festival Cru\u00eflla\",\"description\":\"\",\"potentialAction\":[{\"@type\":\"SearchAction\",\"target\":{\"@type\":\"EntryPoint\",\"urlTemplate\":\"https:\\\/\\\/www.cruillabarcelona.com\\\/ca\\\/?s={search_term_string}\"},\"query-input\":{\"@type\":\"PropertyValueSpecification\",\"valueRequired\":true,\"valueName\":\"search_term_string\"}}],\"inLanguage\":\"ca\"}]}<\/script>\n<!-- \/ Yoast SEO plugin. -->","yoast_head_json":{"title":"David Byrne - Festival Cru\u00eflla","robots":{"index":"index","follow":"follow","max-snippet":"max-snippet:-1","max-image-preview":"max-image-preview:large","max-video-preview":"max-video-preview:-1"},"canonical":"https:\/\/www.cruillabarcelona.com\/ca\/david-byrne\/","og_locale":"ca_ES","og_type":"article","og_title":"David Byrne - Festival Cru\u00eflla","og_description":"L&#8217;oportunitat d&#8217;escoltar a David\u00a0Byrne\u00a0en directe no es presenta moltes vegades en la vida. Aquest home ve d&#8217;una \u00e8poca en qu\u00e8 la m\u00fasica era una altra cosa. Contracultura,\u00a0postpunk\u00a0i rebel\u00b7lia. I\u00a0Byrne\u00a0al capdavant de\u00a0Talking Heads, una de les bandes m\u00e9s importants del g\u00e8nere. Ens agraden els concerts que s\u00f3n \u00fanics i\u00a0Byrne \u00e9s expert en aix\u00f2. Ve al\u00a0Cru\u00eflla\u00a0a muntar... View Article","og_url":"https:\/\/www.cruillabarcelona.com\/ca\/david-byrne\/","og_site_name":"Festival Cru\u00eflla","article_modified_time":"2018-06-18T13:41:42+00:00","og_image":[{"width":1500,"height":500,"url":"https:\/\/www.cruillabarcelona.com\/wp-content\/uploads\/2018\/03\/David-Byrne_experiencia-1.jpg","type":"image\/jpeg"}],"twitter_card":"summary_large_image","twitter_misc":{"Temps estimat de lectura":"1 minut"},"schema":{"@context":"https:\/\/schema.org","@graph":[{"@type":"WebPage","@id":"https:\/\/www.cruillabarcelona.com\/ca\/david-byrne\/","url":"https:\/\/www.cruillabarcelona.com\/ca\/david-byrne\/","name":"David Byrne - Festival Cru\u00eflla","isPartOf":{"@id":"https:\/\/www.cruillabarcelona.com\/ca\/#website"},"primaryImageOfPage":{"@id":"https:\/\/www.cruillabarcelona.com\/ca\/david-byrne\/#primaryimage"},"image":{"@id":"https:\/\/www.cruillabarcelona.com\/ca\/david-byrne\/#primaryimage"},"thumbnailUrl":"https:\/\/www.cruillabarcelona.com\/wp-content\/uploads\/2018\/03\/David-Byrne_experiencia-1.jpg","datePublished":"2018-04-03T09:24:17+00:00","dateModified":"2018-06-18T13:41:42+00:00","breadcrumb":{"@id":"https:\/\/www.cruillabarcelona.com\/ca\/david-byrne\/#breadcrumb"},"inLanguage":"ca","potentialAction":[{"@type":"ReadAction","target":["https:\/\/www.cruillabarcelona.com\/ca\/david-byrne\/"]}]},{"@type":"ImageObject","inLanguage":"ca","@id":"https:\/\/www.cruillabarcelona.com\/ca\/david-byrne\/#primaryimage","url":"https:\/\/www.cruillabarcelona.com\/wp-content\/uploads\/2018\/03\/David-Byrne_experiencia-1.jpg","contentUrl":"https:\/\/www.cruillabarcelona.com\/wp-content\/uploads\/2018\/03\/David-Byrne_experiencia-1.jpg","width":1500,"height":500},{"@type":"BreadcrumbList","@id":"https:\/\/www.cruillabarcelona.com\/ca\/david-byrne\/#breadcrumb","itemListElement":[{"@type":"ListItem","position":1,"name":"Home","item":"https:\/\/www.cruillabarcelona.com\/ca\/"},{"@type":"ListItem","position":2,"name":"David Byrne"}]},{"@type":"WebSite","@id":"https:\/\/www.cruillabarcelona.com\/ca\/#website","url":"https:\/\/www.cruillabarcelona.com\/ca\/","name":"Festival Cru\u00eflla","description":"","potentialAction":[{"@type":"SearchAction","target":{"@type":"EntryPoint","urlTemplate":"https:\/\/www.cruillabarcelona.com\/ca\/?s={search_term_string}"},"query-input":{"@type":"PropertyValueSpecification","valueRequired":true,"valueName":"search_term_string"}}],"inLanguage":"ca"}]}},"_links":{"self":[{"href":"https:\/\/www.cruillabarcelona.com\/ca\/wp-json\/wp\/v2\/pages\/10197","targetHints":{"allow":["GET"]}}],"collection":[{"href":"https:\/\/www.cruillabarcelona.com\/ca\/wp-json\/wp\/v2\/pages"}],"about":[{"href":"https:\/\/www.cruillabarcelona.com\/ca\/wp-json\/wp\/v2\/types\/page"}],"author":[{"embeddable":true,"href":"https:\/\/www.cruillabarcelona.com\/ca\/wp-json\/wp\/v2\/users\/2"}],"replies":[{"embeddable":true,"href":"https:\/\/www.cruillabarcelona.com\/ca\/wp-json\/wp\/v2\/comments?post=10197"}],"version-history":[{"count":0,"href":"https:\/\/www.cruillabarcelona.com\/ca\/wp-json\/wp\/v2\/pages\/10197\/revisions"}],"wp:featuredmedia":[{"embeddable":true,"href":"https:\/\/www.cruillabarcelona.com\/ca\/wp-json\/wp\/v2\/media\/10194"}],"wp:attachment":[{"href":"https:\/\/www.cruillabarcelona.com\/ca\/wp-json\/wp\/v2\/media?parent=10197"}],"curies":[{"name":"wp","href":"https:\/\/api.w.org\/{rel}","templated":true}]}}