{"id":10661,"date":"2018-05-07T09:00:36","date_gmt":"2018-05-07T09:00:36","guid":{"rendered":"https:\/\/www.cruillabarcelona.com\/proximamente\/?page_id=10661"},"modified":"2026-03-22T13:11:30","modified_gmt":"2026-03-22T11:11:30","slug":"divendres-2026","status":"publish","type":"page","link":"https:\/\/www.cruillabarcelona.com\/ca\/divendres-2026\/","title":{"rendered":"Divendres 10 de juliol &#8211; Festival Cru\u00eflla 2026"},"content":{"rendered":"<h2 style=\"text-align: center;\">DE LA RAVE AL ROCK AL FESTIVAL CRU\u00cfLLA 2026!<\/h2>\n<p class=\"monday-block-1\" contenteditable=\"true\" data-monday-block-type=\"1\" data-monday-block-content=\"[{&quot;insert&quot;:&quot;Viure els teus artistes preferits en directe \u00e9s una experi\u00e8ncia \u00fanica, i no es pot fer a qualsevol lloc. El divendres 11 de juliol t'apropem al ritme, al groove i a la dansa d'aquells que realment trenquen barreres. &quot;}]\" data-inline-monday=\"true\">Viure els teus artistes preferits en directe \u00e9s una experi\u00e8ncia \u00fanica, i no es pot fer a qualsevol lloc. El <strong>divendres 11 de juliol<\/strong> t&#8217;apropem al ritme, al groove i a la dansa d&#8217;aquells que realment trenquen barreres.<\/p>\n<p>&nbsp;<\/p>\n<p><img loading=\"lazy\" decoding=\"async\" class=\"aligncenter wp-image-62463\" src=\"https:\/\/www.cruillabarcelona.com\/wp-content\/uploads\/2026\/03\/Divendres_CA.png\" alt=\"Landing Divendres 10 juliol Festival Cru\u00eflla\" width=\"920\" height=\"460\" srcset=\"https:\/\/www.cruillabarcelona.com\/wp-content\/uploads\/2026\/03\/Divendres_CA.png 1200w, https:\/\/www.cruillabarcelona.com\/wp-content\/uploads\/2026\/03\/Divendres_CA-1024x512.png 1024w, https:\/\/www.cruillabarcelona.com\/wp-content\/uploads\/2026\/03\/Divendres_CA-768x384.png 768w, https:\/\/www.cruillabarcelona.com\/wp-content\/uploads\/2026\/03\/Divendres_CA-300x150.png 300w\" sizes=\"auto, (max-width: 920px) 100vw, 920px\" \/><\/p>\n<p style=\"text-align: center;\"><em><b>Compra aqu\u00ed la teva entrada de divendres o el teu abonament!<\/b><\/em><\/p>\n<p style=\"text-align: center;\"><a class=\"button round    large\" href=\"https:\/\/tickets.oneboxtds.com\/cruilla\/select\/2556130?hl=ca-ES\"  target=\"_blank\"><i class=\"glyphicon fi-ticket\"><\/i> ENTRADA divendres<\/a><\/p>\n<p style=\"text-align: center;\"><a class=\"button round    large\" href=\"https:\/\/www.cruillabarcelona.com\/ca\/tickets\/\"  target=\"_blank\"><i class=\"glyphicon fi-ticket\"><\/i> ABONAMENTS<\/a><\/p>\n<p class=\"monday-block-1\" contenteditable=\"true\" data-monday-block-type=\"1\" data-monday-block-content=\"[{&quot;attributes&quot;:{&quot;bold&quot;:true},&quot;insert&quot;:&quot;David Byrne&quot;},{&quot;insert&quot;:&quot;, el geni de &quot;},{&quot;attributes&quot;:{&quot;bold&quot;:true},&quot;insert&quot;:&quot;Talking Heads, &quot;},{&quot;insert&quot;:&quot;torna a Barcelona per presentar un nou \u00e0lbum amb un show revolucionari. Entre el pop i l'avantguarda, ens convida a reflexionar sobre les connexions humanes enmig del caos actual. Una experi\u00e8ncia visual i sonora irrepetible.&quot;}]\" data-inline-monday=\"true\"><strong>David Byrne<\/strong>, el geni de <strong>Talking Heads<\/strong>, torna a Barcelona per presentar un nou \u00e0lbum amb un show revolucionari. Entre el pop i l&#8217;avantguarda, ens convida a reflexionar sobre les connexions humanes enmig del caos actual. Una experi\u00e8ncia visual i sonora irrepetible.<\/p>\n<p style=\"text-align: center;\"><div class=\"flex-video   widescreen\"><iframe loading=\"lazy\" width=\"420\" height=\"315\" src=\"\/\/www.youtube.com\/embed\/YM-BTJKIz0Q\" allowfullscreen=\"true\"><\/iframe><\/div><\/p>\n<p class=\"monday-block-1\" contenteditable=\"true\" data-monday-block-type=\"1\" data-monday-block-content=\"[{&quot;insert&quot;:&quot;Rock&amp;Roll en maj\u00fasucles. Sense filtres ni complexos, &quot;},{&quot;attributes&quot;:{&quot;bold&quot;:true},&quot;insert&quot;:&quot;The Black Crowes&quot;},{&quot;insert&quot;:&quot; arriben al Festival Cru\u00eflla per fer rugir les seves guitarres crues i el seu soul caracter\u00edstic. No perdis l'oportunitat de reviure l'autenticitat d'una de les bandes m\u00e9s ic\u00f2niques dels noranta. &quot;}]\" data-inline-monday=\"true\">Rock&amp;Roll en maj\u00fasucles. Sense filtres ni complexos, <strong>The Black Crowes<\/strong> arriben al Festival Cru\u00eflla per fer rugir les seves guitarres crues i el seu soul caracter\u00edstic. No perdis l&#8217;oportunitat de reviure l&#8217;autenticitat d&#8217;una de les bandes m\u00e9s ic\u00f2niques dels noranta.<\/p>\n<p style=\"text-align: center;\"><div class=\"flex-video   widescreen\"><iframe loading=\"lazy\" width=\"420\" height=\"315\" src=\"\/\/www.youtube.com\/embed\/BYyRLTveFJQ\" allowfullscreen=\"true\"><\/iframe><\/div><\/p>\n<p class=\"monday-block-1\" contenteditable=\"true\" data-monday-block-type=\"1\" data-monday-block-content=\"[{&quot;attributes&quot;:{&quot;bold&quot;:true},&quot;insert&quot;:&quot;Bomba Est\u00e9reo&quot;},{&quot;insert&quot;:&quot; \u00e9s la festa total que uneix Barcelona i Bogot\u00e0: un ritual de ball i energia desbordant on l'electr\u00f2nica i el folklore colombi\u00e0 es fusionen en una experi\u00e8ncia inoblidable. &quot;}]\" data-inline-monday=\"true\"><strong>Bomba Est\u00e9reo<\/strong> \u00e9s la festa total que uneix Barcelona i Bogot\u00e0: un ritual de ball i energia desbordant on l&#8217;electr\u00f2nica i el folklore colombi\u00e0 es fusionen en una experi\u00e8ncia inoblidable.<\/p>\n<p style=\"text-align: center;\"><div class=\"flex-video   widescreen\"><iframe loading=\"lazy\" width=\"420\" height=\"315\" src=\"\/\/www.youtube.com\/embed\/bxWxXncl53U\" allowfullscreen=\"true\"><\/iframe><\/div><\/p>\n<p class=\"monday-block-1\" contenteditable=\"true\" data-monday-block-type=\"1\" data-monday-block-content=\"[{&quot;insert&quot;:&quot;Despr\u00e9s de rec\u00f3rrer mig m\u00f3n,&quot;},{&quot;attributes&quot;:{&quot;bold&quot;:true},&quot;insert&quot;:&quot; Meute, &quot;},{&quot;insert&quot;:&quot;la &quot;},{&quot;attributes&quot;:{&quot;sanitizedSize&quot;:&quot;20px&quot;},&quot;insert&quot;:&quot;Techno Marching Band&quot;},{&quot;insert&quot;:&quot; d'Hamburg, transformar\u00e0 el Parc del F\u00f2rum en una explosi\u00f3 de metalls i electr\u00f2nica. Una festa col\u00b7lectiva i potent dif\u00edcil d'oblidar.&quot;}]\" data-inline-monday=\"true\">Despr\u00e9s de rec\u00f3rrer mig m\u00f3n, <strong>Meute<\/strong>, la Techno Marching Band d&#8217;Hamburg, transformar\u00e0 el Parc del F\u00f2rum en una explosi\u00f3 de metalls i electr\u00f2nica. Una festa col\u00b7lectiva i potent dif\u00edcil d&#8217;oblidar.<\/p>\n<p style=\"text-align: center;\"><div class=\"flex-video   widescreen\"><iframe loading=\"lazy\" width=\"420\" height=\"315\" src=\"\/\/www.youtube.com\/embed\/HmvNo6aUIDo\" allowfullscreen=\"true\"><\/iframe><\/div><\/p>\n<p class=\"monday-block-1\" contenteditable=\"true\" data-monday-block-type=\"1\" data-monday-block-content=\"[{&quot;insert&quot;:&quot;Aqu\u00ed, el jazz tamb\u00e9 es balla amb &quot;},{&quot;attributes&quot;:{&quot;bold&quot;:true},&quot;insert&quot;:&quot;Ezra Collective. &quot;},{&quot;insert&quot;:&quot;Un grup que transforma cada concert en un espectacle \u00fanic i representa la vitalitat d'una generaci\u00f3 que ha posat de moda el jazz als carrers, als clubs i als festivals.&quot;}]\" data-inline-monday=\"true\">Aqu\u00ed, el jazz tamb\u00e9 es balla amb <strong>Ezra Collective<\/strong>. Un grup que transforma cada concert en un espectacle \u00fanic i representa la vitalitat d&#8217;una generaci\u00f3 que ha posat de moda el jazz als carrers, als clubs i als festivals.<\/p>\n<p style=\"text-align: center;\"><div class=\"flex-video   widescreen\"><iframe loading=\"lazy\" width=\"420\" height=\"315\" src=\"\/\/www.youtube.com\/embed\/BOtCBy_FSZE\" allowfullscreen=\"true\"><\/iframe><\/div><\/p>\n<p class=\"monday-block-1\" contenteditable=\"true\" data-monday-block-type=\"1\" data-monday-block-content=\"[{&quot;insert&quot;:&quot;I la festa no s'atura! Amb la teva entrada de divendres tamb\u00e9 podr\u00e0s gaudir d'altres directes imprescindibles: &quot;},{&quot;attributes&quot;:{&quot;bold&quot;:true},&quot;insert&quot;:&quot;Zahara&quot;},{&quot;insert&quot;:&quot; i la seva explosi\u00f3 de llibertat en format rave, &quot;},{&quot;attributes&quot;:{&quot;bold&quot;:true},&quot;insert&quot;:&quot;Alizz, &quot;},{&quot;insert&quot;:&quot;pe\u00e7a clau de l'escena nacional, amb l'\u00faltim concert de la gira, &quot;},{&quot;attributes&quot;:{&quot;bold&quot;:true},&quot;insert&quot;:&quot;Sampa The Great&quot;},{&quot;insert&quot;:&quot;, amb pura energia hip hop soul des d'\u00c0frica, el rock alternatiu i descarat d'&quot;},{&quot;attributes&quot;:{&quot;bold&quot;:true},&quot;insert&quot;:&quot;Ultraligera&quot;},{&quot;insert&quot;:&quot;, i molts m\u00e9s! &quot;}]\" data-inline-monday=\"true\">I la festa no s&#8217;atura! Amb la teva entrada de divendres tamb\u00e9 podr\u00e0s gaudir d&#8217;altres directes imprescindibles: <strong>Zahara<\/strong> i la seva explosi\u00f3 de llibertat en format rave, <strong>Alizz,<\/strong> pe\u00e7a clau de l&#8217;escena nacional, amb l&#8217;\u00faltim concert de la gira, <strong>Sampa The Great<\/strong>, amb pura energia hip hop soul des d&#8217;\u00c0frica, el rock alternatiu i descarat <strong>d&#8217;Ultraligera<\/strong>, el pop-punk imparable de <strong>La La Love You<\/strong> i molts m\u00e9s!<\/p>\n<h3 style=\"text-align: center;\">Ens veiem al Festival Cru\u00eflla 2026!<\/h3>\n","protected":false},"excerpt":{"rendered":"DE LA RAVE AL ROCK AL FESTIVAL CRU\u00cfLLA 2026! Viure els teus artistes preferits en directe \u00e9s una experi\u00e8ncia \u00fanica, i no es pot fer a qualsevol lloc. El divendres 11 de juliol t&#8217;apropem al ritme, al groove i a la dansa d&#8217;aquells que realment trenquen barreres. &nbsp; Compra aqu\u00ed la teva entrada de divendres&#8230; <a class=\"view-article\" href=\"https:\/\/www.cruillabarcelona.com\/ca\/divendres-2026\/\">View Article<\/a>","protected":false},"author":2,"featured_media":61983,"parent":0,"menu_order":0,"comment_status":"closed","ping_status":"closed","template":"page-templates\/page-landing.php","meta":{"_acf_changed":false,"footnotes":""},"class_list":["post-10661","page","type-page","status-publish","has-post-thumbnail","hentry"],"acf":[],"yoast_head":"<!-- This site is optimized with the Yoast SEO plugin v27.3 - https:\/\/yoast.com\/product\/yoast-seo-wordpress\/ -->\n<title>Divendres 10 de juliol - Festival Cru\u00eflla 2026<\/title>\n<meta name=\"description\" content=\"Programaci\u00f3 i venda d&#039;entrades per al divendres 10 de juliol al Festival Cru\u00eflla 2026. David Byrne, The Black Crowes, Bomba Est\u00e9reo i molts m\u00e9s.\" \/>\n<meta name=\"robots\" content=\"index, follow, max-snippet:-1, max-image-preview:large, max-video-preview:-1\" \/>\n<link rel=\"canonical\" href=\"https:\/\/www.cruillabarcelona.com\/ca\/divendres-2026\/\" \/>\n<meta property=\"og:locale\" content=\"ca_ES\" \/>\n<meta property=\"og:type\" content=\"article\" \/>\n<meta property=\"og:title\" content=\"Divendres 10 de juliol - Festival Cru\u00eflla 2026\" \/>\n<meta property=\"og:description\" content=\"Programaci\u00f3 i venda d&#039;entrades per al divendres 10 de juliol al Festival Cru\u00eflla 2026. David Byrne, The Black Crowes, Bomba Est\u00e9reo i molts m\u00e9s.\" \/>\n<meta property=\"og:url\" content=\"https:\/\/www.cruillabarcelona.com\/ca\/divendres-2026\/\" \/>\n<meta property=\"og:site_name\" content=\"Festival Cru\u00eflla\" \/>\n<meta property=\"article:modified_time\" content=\"2026-03-22T11:11:30+00:00\" \/>\n<meta property=\"og:image\" content=\"https:\/\/www.cruillabarcelona.com\/wp-content\/uploads\/2026\/01\/Portada_LandingDivendres.jpg\" \/>\n\t<meta property=\"og:image:width\" content=\"2000\" \/>\n\t<meta property=\"og:image:height\" content=\"500\" \/>\n\t<meta property=\"og:image:type\" content=\"image\/jpeg\" \/>\n<meta name=\"twitter:card\" content=\"summary_large_image\" \/>\n<meta name=\"twitter:label1\" content=\"Temps estimat de lectura\" \/>\n\t<meta name=\"twitter:data1\" content=\"3 minuts\" \/>\n<script type=\"application\/ld+json\" class=\"yoast-schema-graph\">{\"@context\":\"https:\\\/\\\/schema.org\",\"@graph\":[{\"@type\":\"WebPage\",\"@id\":\"https:\\\/\\\/www.cruillabarcelona.com\\\/ca\\\/divendres-2026\\\/\",\"url\":\"https:\\\/\\\/www.cruillabarcelona.com\\\/ca\\\/divendres-2026\\\/\",\"name\":\"Divendres 10 de juliol - Festival Cru\u00eflla 2026\",\"isPartOf\":{\"@id\":\"https:\\\/\\\/www.cruillabarcelona.com\\\/ca\\\/#website\"},\"primaryImageOfPage\":{\"@id\":\"https:\\\/\\\/www.cruillabarcelona.com\\\/ca\\\/divendres-2026\\\/#primaryimage\"},\"image\":{\"@id\":\"https:\\\/\\\/www.cruillabarcelona.com\\\/ca\\\/divendres-2026\\\/#primaryimage\"},\"thumbnailUrl\":\"https:\\\/\\\/www.cruillabarcelona.com\\\/wp-content\\\/uploads\\\/2026\\\/01\\\/Portada_LandingDivendres.jpg\",\"datePublished\":\"2018-05-07T09:00:36+00:00\",\"dateModified\":\"2026-03-22T11:11:30+00:00\",\"description\":\"Programaci\u00f3 i venda d'entrades per al divendres 10 de juliol al Festival Cru\u00eflla 2026. David Byrne, The Black Crowes, Bomba Est\u00e9reo i molts m\u00e9s.\",\"breadcrumb\":{\"@id\":\"https:\\\/\\\/www.cruillabarcelona.com\\\/ca\\\/divendres-2026\\\/#breadcrumb\"},\"inLanguage\":\"ca\",\"potentialAction\":[{\"@type\":\"ReadAction\",\"target\":[\"https:\\\/\\\/www.cruillabarcelona.com\\\/ca\\\/divendres-2026\\\/\"]}]},{\"@type\":\"ImageObject\",\"inLanguage\":\"ca\",\"@id\":\"https:\\\/\\\/www.cruillabarcelona.com\\\/ca\\\/divendres-2026\\\/#primaryimage\",\"url\":\"https:\\\/\\\/www.cruillabarcelona.com\\\/wp-content\\\/uploads\\\/2026\\\/01\\\/Portada_LandingDivendres.jpg\",\"contentUrl\":\"https:\\\/\\\/www.cruillabarcelona.com\\\/wp-content\\\/uploads\\\/2026\\\/01\\\/Portada_LandingDivendres.jpg\",\"width\":2000,\"height\":500},{\"@type\":\"BreadcrumbList\",\"@id\":\"https:\\\/\\\/www.cruillabarcelona.com\\\/ca\\\/divendres-2026\\\/#breadcrumb\",\"itemListElement\":[{\"@type\":\"ListItem\",\"position\":1,\"name\":\"Home\",\"item\":\"https:\\\/\\\/www.cruillabarcelona.com\\\/ca\\\/\"},{\"@type\":\"ListItem\",\"position\":2,\"name\":\"Divendres 10 de juliol &#8211; Festival Cru\u00eflla 2026\"}]},{\"@type\":\"WebSite\",\"@id\":\"https:\\\/\\\/www.cruillabarcelona.com\\\/ca\\\/#website\",\"url\":\"https:\\\/\\\/www.cruillabarcelona.com\\\/ca\\\/\",\"name\":\"Festival Cru\u00eflla\",\"description\":\"\",\"potentialAction\":[{\"@type\":\"SearchAction\",\"target\":{\"@type\":\"EntryPoint\",\"urlTemplate\":\"https:\\\/\\\/www.cruillabarcelona.com\\\/ca\\\/?s={search_term_string}\"},\"query-input\":{\"@type\":\"PropertyValueSpecification\",\"valueRequired\":true,\"valueName\":\"search_term_string\"}}],\"inLanguage\":\"ca\"}]}<\/script>\n<!-- \/ Yoast SEO plugin. -->","yoast_head_json":{"title":"Divendres 10 de juliol - Festival Cru\u00eflla 2026","description":"Programaci\u00f3 i venda d'entrades per al divendres 10 de juliol al Festival Cru\u00eflla 2026. David Byrne, The Black Crowes, Bomba Est\u00e9reo i molts m\u00e9s.","robots":{"index":"index","follow":"follow","max-snippet":"max-snippet:-1","max-image-preview":"max-image-preview:large","max-video-preview":"max-video-preview:-1"},"canonical":"https:\/\/www.cruillabarcelona.com\/ca\/divendres-2026\/","og_locale":"ca_ES","og_type":"article","og_title":"Divendres 10 de juliol - Festival Cru\u00eflla 2026","og_description":"Programaci\u00f3 i venda d'entrades per al divendres 10 de juliol al Festival Cru\u00eflla 2026. David Byrne, The Black Crowes, Bomba Est\u00e9reo i molts m\u00e9s.","og_url":"https:\/\/www.cruillabarcelona.com\/ca\/divendres-2026\/","og_site_name":"Festival Cru\u00eflla","article_modified_time":"2026-03-22T11:11:30+00:00","og_image":[{"width":2000,"height":500,"url":"https:\/\/www.cruillabarcelona.com\/wp-content\/uploads\/2026\/01\/Portada_LandingDivendres.jpg","type":"image\/jpeg"}],"twitter_card":"summary_large_image","twitter_misc":{"Temps estimat de lectura":"3 minuts"},"schema":{"@context":"https:\/\/schema.org","@graph":[{"@type":"WebPage","@id":"https:\/\/www.cruillabarcelona.com\/ca\/divendres-2026\/","url":"https:\/\/www.cruillabarcelona.com\/ca\/divendres-2026\/","name":"Divendres 10 de juliol - Festival Cru\u00eflla 2026","isPartOf":{"@id":"https:\/\/www.cruillabarcelona.com\/ca\/#website"},"primaryImageOfPage":{"@id":"https:\/\/www.cruillabarcelona.com\/ca\/divendres-2026\/#primaryimage"},"image":{"@id":"https:\/\/www.cruillabarcelona.com\/ca\/divendres-2026\/#primaryimage"},"thumbnailUrl":"https:\/\/www.cruillabarcelona.com\/wp-content\/uploads\/2026\/01\/Portada_LandingDivendres.jpg","datePublished":"2018-05-07T09:00:36+00:00","dateModified":"2026-03-22T11:11:30+00:00","description":"Programaci\u00f3 i venda d'entrades per al divendres 10 de juliol al Festival Cru\u00eflla 2026. David Byrne, The Black Crowes, Bomba Est\u00e9reo i molts m\u00e9s.","breadcrumb":{"@id":"https:\/\/www.cruillabarcelona.com\/ca\/divendres-2026\/#breadcrumb"},"inLanguage":"ca","potentialAction":[{"@type":"ReadAction","target":["https:\/\/www.cruillabarcelona.com\/ca\/divendres-2026\/"]}]},{"@type":"ImageObject","inLanguage":"ca","@id":"https:\/\/www.cruillabarcelona.com\/ca\/divendres-2026\/#primaryimage","url":"https:\/\/www.cruillabarcelona.com\/wp-content\/uploads\/2026\/01\/Portada_LandingDivendres.jpg","contentUrl":"https:\/\/www.cruillabarcelona.com\/wp-content\/uploads\/2026\/01\/Portada_LandingDivendres.jpg","width":2000,"height":500},{"@type":"BreadcrumbList","@id":"https:\/\/www.cruillabarcelona.com\/ca\/divendres-2026\/#breadcrumb","itemListElement":[{"@type":"ListItem","position":1,"name":"Home","item":"https:\/\/www.cruillabarcelona.com\/ca\/"},{"@type":"ListItem","position":2,"name":"Divendres 10 de juliol &#8211; Festival Cru\u00eflla 2026"}]},{"@type":"WebSite","@id":"https:\/\/www.cruillabarcelona.com\/ca\/#website","url":"https:\/\/www.cruillabarcelona.com\/ca\/","name":"Festival Cru\u00eflla","description":"","potentialAction":[{"@type":"SearchAction","target":{"@type":"EntryPoint","urlTemplate":"https:\/\/www.cruillabarcelona.com\/ca\/?s={search_term_string}"},"query-input":{"@type":"PropertyValueSpecification","valueRequired":true,"valueName":"search_term_string"}}],"inLanguage":"ca"}]}},"_links":{"self":[{"href":"https:\/\/www.cruillabarcelona.com\/ca\/wp-json\/wp\/v2\/pages\/10661","targetHints":{"allow":["GET"]}}],"collection":[{"href":"https:\/\/www.cruillabarcelona.com\/ca\/wp-json\/wp\/v2\/pages"}],"about":[{"href":"https:\/\/www.cruillabarcelona.com\/ca\/wp-json\/wp\/v2\/types\/page"}],"author":[{"embeddable":true,"href":"https:\/\/www.cruillabarcelona.com\/ca\/wp-json\/wp\/v2\/users\/2"}],"replies":[{"embeddable":true,"href":"https:\/\/www.cruillabarcelona.com\/ca\/wp-json\/wp\/v2\/comments?post=10661"}],"version-history":[{"count":5,"href":"https:\/\/www.cruillabarcelona.com\/ca\/wp-json\/wp\/v2\/pages\/10661\/revisions"}],"predecessor-version":[{"id":62657,"href":"https:\/\/www.cruillabarcelona.com\/ca\/wp-json\/wp\/v2\/pages\/10661\/revisions\/62657"}],"wp:featuredmedia":[{"embeddable":true,"href":"https:\/\/www.cruillabarcelona.com\/ca\/wp-json\/wp\/v2\/media\/61983"}],"wp:attachment":[{"href":"https:\/\/www.cruillabarcelona.com\/ca\/wp-json\/wp\/v2\/media?parent=10661"}],"curies":[{"name":"wp","href":"https:\/\/api.w.org\/{rel}","templated":true}]}}