{"id":10689,"date":"2018-05-07T09:14:30","date_gmt":"2018-05-07T09:14:30","guid":{"rendered":"https:\/\/www.cruillabarcelona.com\/proximamente\/?page_id=10689"},"modified":"2018-06-05T16:09:18","modified_gmt":"2018-06-05T14:09:18","slug":"torna-al-cruilla","status":"publish","type":"page","link":"https:\/\/www.cruillabarcelona.com\/ca\/torna-al-cruilla\/","title":{"rendered":"Torna al Festival Cru\u00eflla!"},"content":{"rendered":"<h2 style=\"text-align: justify;\">T&#8217;esperem al Cru\u00eflla els dies 12, 13 i 14 de juliol<\/h2>\n<p style=\"text-align: justify;\">Has gaudit del Festival Cru\u00eflla en diverses ocasions, i volem agrair-te la teva fidelitat. Per aix\u00f2 hem creat aquest descompte exclusiu per a tu, per tal que aquest 2018 ens tornis a acompanyar!<\/p>\n<p>Aconsegueix les teves entrades:<\/p>\n<p style=\"text-align: center;\"><a class=\"button     \" href=\"https:\/\/www.portalticket.com\/entradas\/cruilla-barcelona\/marketing-directe\"  target=\"_blank\">ENTRADES<\/a><\/p>\n<p style=\"text-align: justify;\">Com gaudir del teu descompte:<\/p>\n<ol style=\"text-align: justify;\">\n<li style=\"text-align: justify;\">Clica en el bot\u00f3 &#8220;Entrades&#8221;.<\/li>\n<li style=\"text-align: justify;\">Selecciona quin tipus d\u2019entrada vols.<\/li>\n<li style=\"text-align: justify;\">Obre el desplegable \u201cPromocions disponibles\u201d i selecciona \u201cDescompte per fidelitat\u201d.<\/li>\n<li style=\"text-align: justify;\">Introdueix el teu codi de descompte a la caixa i clica \u201cAplicar promoci\u00f3\u201d.<\/li>\n<li style=\"text-align: justify;\">Tria si vols 1 o 2 entrades i finalitza el proc\u00e9s de compra!<\/li>\n<\/ol>\n<p style=\"text-align: justify;\">Els descomptes s\u00f3n els seg\u00fcents:<\/p>\n<ul style=\"text-align: justify;\">\n<li style=\"text-align: left;\">Abonament 3 dies: <span style=\"text-decoration: line-through;\">140\u20ac<\/span>\u00a0 &#8211;&gt;\u00a0 <strong>120\u20ac<\/strong><\/li>\n<li style=\"text-align: left;\">Abonament 2 dies: <span style=\"text-decoration: line-through;\">120\u20ac<\/span>\u00a0 &#8211;&gt;\u00a0 <strong>105\u20ac<\/strong><\/li>\n<li style=\"text-align: left;\">Entrada dijous: <span style=\"text-decoration: line-through;\">59\u20ac<\/span>\u00a0 &#8211;&gt;\u00a0 <strong>49\u20ac<\/strong><\/li>\n<li style=\"text-align: left;\">Entrada divendres: <span style=\"text-decoration: line-through;\">69\u20ac<\/span>\u00a0 &#8211;&gt;\u00a0 <strong>62\u20ac<\/strong><\/li>\n<li style=\"text-align: left;\">Entrada dissabte: <span style=\"text-decoration: line-through;\">69\u20ac<\/span>\u00a0 &#8211;&gt;\u00a0 <strong>62\u20ac<\/strong><\/li>\n<\/ul>\n<p style=\"text-align: justify;\">Aquesta <strong>promoci\u00f3 \u00e9s v\u00e0lida fins al pr\u00f2xim canvi de preus<\/strong>.<\/p>\n<p style=\"text-align: justify;\"><strong>Ens veiem al juliol!<\/strong><\/p>\n<p><img loading=\"lazy\" decoding=\"async\" class=\"aligncenter wp-image-11267\" src=\"https:\/\/www.cruillabarcelona.com\/wp-content\/uploads\/2018\/05\/Cartell-general_CAT.jpg\" alt=\"Line-up Cruilla 2108\" width=\"500\" height=\"705\" srcset=\"https:\/\/www.cruillabarcelona.com\/wp-content\/uploads\/2018\/05\/Cartell-general_CAT.jpg 768w, https:\/\/www.cruillabarcelona.com\/wp-content\/uploads\/2018\/05\/Cartell-general_CAT-300x423.jpg 300w, https:\/\/www.cruillabarcelona.com\/wp-content\/uploads\/2018\/05\/Cartell-general_CAT-600x846.jpg 600w\" sizes=\"auto, (max-width: 500px) 100vw, 500px\" \/><\/p>\n","protected":false},"excerpt":{"rendered":"T&#8217;esperem al Cru\u00eflla els dies 12, 13 i 14 de juliol Has gaudit del Festival Cru\u00eflla en diverses ocasions, i volem agrair-te la teva fidelitat. Per aix\u00f2 hem creat aquest descompte exclusiu per a tu, per tal que aquest 2018 ens tornis a acompanyar! Aconsegueix les teves entrades: Com gaudir del teu descompte: Clica en&#8230; <a class=\"view-article\" href=\"https:\/\/www.cruillabarcelona.com\/ca\/torna-al-cruilla\/\">View Article<\/a>","protected":false},"author":2,"featured_media":9843,"parent":0,"menu_order":0,"comment_status":"closed","ping_status":"closed","template":"page-templates\/page-landing.php","meta":{"_acf_changed":false,"footnotes":""},"class_list":["post-10689","page","type-page","status-publish","has-post-thumbnail","hentry"],"acf":[],"yoast_head":"<!-- This site is optimized with the Yoast SEO plugin v27.3 - https:\/\/yoast.com\/product\/yoast-seo-wordpress\/ -->\n<title>Torna al Festival Cru\u00eflla! - Festival Cru\u00eflla<\/title>\n<meta name=\"description\" content=\"Torna al Festival Cru\u00eflla el dijous 12, el divendres 13 i dissabte 14 de juliol al Parc del F\u00f2rum de Barcelona. Amb Jack White, Prophets of Rage, Justice, Pharrell Williams amb N.E.R.D, Kygo, Bunbury, The Roots, David Byrne, Orbital,... i fins a 40 artistes. Entrades a la venda al web del Cru\u00eflla.\" \/>\n<meta name=\"robots\" content=\"index, follow, max-snippet:-1, max-image-preview:large, max-video-preview:-1\" \/>\n<link rel=\"canonical\" href=\"https:\/\/www.cruillabarcelona.com\/ca\/torna-al-cruilla\/\" \/>\n<meta property=\"og:locale\" content=\"ca_ES\" \/>\n<meta property=\"og:type\" content=\"article\" \/>\n<meta property=\"og:title\" content=\"Torna al Festival Cru\u00eflla! - Festival Cru\u00eflla\" \/>\n<meta property=\"og:description\" content=\"Torna al Festival Cru\u00eflla el dijous 12, el divendres 13 i dissabte 14 de juliol al Parc del F\u00f2rum de Barcelona. Amb Jack White, Prophets of Rage, Justice, Pharrell Williams amb N.E.R.D, Kygo, Bunbury, The Roots, David Byrne, Orbital,... i fins a 40 artistes. Entrades a la venda al web del Cru\u00eflla.\" \/>\n<meta property=\"og:url\" content=\"https:\/\/www.cruillabarcelona.com\/ca\/torna-al-cruilla\/\" \/>\n<meta property=\"og:site_name\" content=\"Festival Cru\u00eflla\" \/>\n<meta property=\"article:modified_time\" content=\"2018-06-05T14:09:18+00:00\" \/>\n<meta property=\"og:image\" content=\"https:\/\/www.cruillabarcelona.com\/wp-content\/uploads\/2018\/03\/portada-web-cruillaenamora-dia.jpg\" \/>\n\t<meta property=\"og:image:width\" content=\"1500\" \/>\n\t<meta property=\"og:image:height\" content=\"500\" \/>\n\t<meta property=\"og:image:type\" content=\"image\/jpeg\" \/>\n<meta name=\"twitter:card\" content=\"summary_large_image\" \/>\n<meta name=\"twitter:label1\" content=\"Temps estimat de lectura\" \/>\n\t<meta name=\"twitter:data1\" content=\"1 minut\" \/>\n<script type=\"application\/ld+json\" class=\"yoast-schema-graph\">{\"@context\":\"https:\\\/\\\/schema.org\",\"@graph\":[{\"@type\":\"WebPage\",\"@id\":\"https:\\\/\\\/www.cruillabarcelona.com\\\/ca\\\/torna-al-cruilla\\\/\",\"url\":\"https:\\\/\\\/www.cruillabarcelona.com\\\/ca\\\/torna-al-cruilla\\\/\",\"name\":\"Torna al Festival Cru\u00eflla! - Festival Cru\u00eflla\",\"isPartOf\":{\"@id\":\"https:\\\/\\\/www.cruillabarcelona.com\\\/ca\\\/#website\"},\"primaryImageOfPage\":{\"@id\":\"https:\\\/\\\/www.cruillabarcelona.com\\\/ca\\\/torna-al-cruilla\\\/#primaryimage\"},\"image\":{\"@id\":\"https:\\\/\\\/www.cruillabarcelona.com\\\/ca\\\/torna-al-cruilla\\\/#primaryimage\"},\"thumbnailUrl\":\"https:\\\/\\\/www.cruillabarcelona.com\\\/wp-content\\\/uploads\\\/2018\\\/03\\\/portada-web-cruillaenamora-dia.jpg\",\"datePublished\":\"2018-05-07T09:14:30+00:00\",\"dateModified\":\"2018-06-05T14:09:18+00:00\",\"description\":\"Torna al Festival Cru\u00eflla el dijous 12, el divendres 13 i dissabte 14 de juliol al Parc del F\u00f2rum de Barcelona. Amb Jack White, Prophets of Rage, Justice, Pharrell Williams amb N.E.R.D, Kygo, Bunbury, The Roots, David Byrne, Orbital,... i fins a 40 artistes. Entrades a la venda al web del Cru\u00eflla.\",\"breadcrumb\":{\"@id\":\"https:\\\/\\\/www.cruillabarcelona.com\\\/ca\\\/torna-al-cruilla\\\/#breadcrumb\"},\"inLanguage\":\"ca\",\"potentialAction\":[{\"@type\":\"ReadAction\",\"target\":[\"https:\\\/\\\/www.cruillabarcelona.com\\\/ca\\\/torna-al-cruilla\\\/\"]}]},{\"@type\":\"ImageObject\",\"inLanguage\":\"ca\",\"@id\":\"https:\\\/\\\/www.cruillabarcelona.com\\\/ca\\\/torna-al-cruilla\\\/#primaryimage\",\"url\":\"https:\\\/\\\/www.cruillabarcelona.com\\\/wp-content\\\/uploads\\\/2018\\\/03\\\/portada-web-cruillaenamora-dia.jpg\",\"contentUrl\":\"https:\\\/\\\/www.cruillabarcelona.com\\\/wp-content\\\/uploads\\\/2018\\\/03\\\/portada-web-cruillaenamora-dia.jpg\",\"width\":1500,\"height\":500,\"caption\":\"Festival\"},{\"@type\":\"BreadcrumbList\",\"@id\":\"https:\\\/\\\/www.cruillabarcelona.com\\\/ca\\\/torna-al-cruilla\\\/#breadcrumb\",\"itemListElement\":[{\"@type\":\"ListItem\",\"position\":1,\"name\":\"Home\",\"item\":\"https:\\\/\\\/www.cruillabarcelona.com\\\/ca\\\/\"},{\"@type\":\"ListItem\",\"position\":2,\"name\":\"Torna al Festival Cru\u00eflla!\"}]},{\"@type\":\"WebSite\",\"@id\":\"https:\\\/\\\/www.cruillabarcelona.com\\\/ca\\\/#website\",\"url\":\"https:\\\/\\\/www.cruillabarcelona.com\\\/ca\\\/\",\"name\":\"Festival Cru\u00eflla\",\"description\":\"\",\"potentialAction\":[{\"@type\":\"SearchAction\",\"target\":{\"@type\":\"EntryPoint\",\"urlTemplate\":\"https:\\\/\\\/www.cruillabarcelona.com\\\/ca\\\/?s={search_term_string}\"},\"query-input\":{\"@type\":\"PropertyValueSpecification\",\"valueRequired\":true,\"valueName\":\"search_term_string\"}}],\"inLanguage\":\"ca\"}]}<\/script>\n<!-- \/ Yoast SEO plugin. -->","yoast_head_json":{"title":"Torna al Festival Cru\u00eflla! - Festival Cru\u00eflla","description":"Torna al Festival Cru\u00eflla el dijous 12, el divendres 13 i dissabte 14 de juliol al Parc del F\u00f2rum de Barcelona. Amb Jack White, Prophets of Rage, Justice, Pharrell Williams amb N.E.R.D, Kygo, Bunbury, The Roots, David Byrne, Orbital,... i fins a 40 artistes. Entrades a la venda al web del Cru\u00eflla.","robots":{"index":"index","follow":"follow","max-snippet":"max-snippet:-1","max-image-preview":"max-image-preview:large","max-video-preview":"max-video-preview:-1"},"canonical":"https:\/\/www.cruillabarcelona.com\/ca\/torna-al-cruilla\/","og_locale":"ca_ES","og_type":"article","og_title":"Torna al Festival Cru\u00eflla! - Festival Cru\u00eflla","og_description":"Torna al Festival Cru\u00eflla el dijous 12, el divendres 13 i dissabte 14 de juliol al Parc del F\u00f2rum de Barcelona. Amb Jack White, Prophets of Rage, Justice, Pharrell Williams amb N.E.R.D, Kygo, Bunbury, The Roots, David Byrne, Orbital,... i fins a 40 artistes. Entrades a la venda al web del Cru\u00eflla.","og_url":"https:\/\/www.cruillabarcelona.com\/ca\/torna-al-cruilla\/","og_site_name":"Festival Cru\u00eflla","article_modified_time":"2018-06-05T14:09:18+00:00","og_image":[{"width":1500,"height":500,"url":"https:\/\/www.cruillabarcelona.com\/wp-content\/uploads\/2018\/03\/portada-web-cruillaenamora-dia.jpg","type":"image\/jpeg"}],"twitter_card":"summary_large_image","twitter_misc":{"Temps estimat de lectura":"1 minut"},"schema":{"@context":"https:\/\/schema.org","@graph":[{"@type":"WebPage","@id":"https:\/\/www.cruillabarcelona.com\/ca\/torna-al-cruilla\/","url":"https:\/\/www.cruillabarcelona.com\/ca\/torna-al-cruilla\/","name":"Torna al Festival Cru\u00eflla! - Festival Cru\u00eflla","isPartOf":{"@id":"https:\/\/www.cruillabarcelona.com\/ca\/#website"},"primaryImageOfPage":{"@id":"https:\/\/www.cruillabarcelona.com\/ca\/torna-al-cruilla\/#primaryimage"},"image":{"@id":"https:\/\/www.cruillabarcelona.com\/ca\/torna-al-cruilla\/#primaryimage"},"thumbnailUrl":"https:\/\/www.cruillabarcelona.com\/wp-content\/uploads\/2018\/03\/portada-web-cruillaenamora-dia.jpg","datePublished":"2018-05-07T09:14:30+00:00","dateModified":"2018-06-05T14:09:18+00:00","description":"Torna al Festival Cru\u00eflla el dijous 12, el divendres 13 i dissabte 14 de juliol al Parc del F\u00f2rum de Barcelona. Amb Jack White, Prophets of Rage, Justice, Pharrell Williams amb N.E.R.D, Kygo, Bunbury, The Roots, David Byrne, Orbital,... i fins a 40 artistes. Entrades a la venda al web del Cru\u00eflla.","breadcrumb":{"@id":"https:\/\/www.cruillabarcelona.com\/ca\/torna-al-cruilla\/#breadcrumb"},"inLanguage":"ca","potentialAction":[{"@type":"ReadAction","target":["https:\/\/www.cruillabarcelona.com\/ca\/torna-al-cruilla\/"]}]},{"@type":"ImageObject","inLanguage":"ca","@id":"https:\/\/www.cruillabarcelona.com\/ca\/torna-al-cruilla\/#primaryimage","url":"https:\/\/www.cruillabarcelona.com\/wp-content\/uploads\/2018\/03\/portada-web-cruillaenamora-dia.jpg","contentUrl":"https:\/\/www.cruillabarcelona.com\/wp-content\/uploads\/2018\/03\/portada-web-cruillaenamora-dia.jpg","width":1500,"height":500,"caption":"Festival"},{"@type":"BreadcrumbList","@id":"https:\/\/www.cruillabarcelona.com\/ca\/torna-al-cruilla\/#breadcrumb","itemListElement":[{"@type":"ListItem","position":1,"name":"Home","item":"https:\/\/www.cruillabarcelona.com\/ca\/"},{"@type":"ListItem","position":2,"name":"Torna al Festival Cru\u00eflla!"}]},{"@type":"WebSite","@id":"https:\/\/www.cruillabarcelona.com\/ca\/#website","url":"https:\/\/www.cruillabarcelona.com\/ca\/","name":"Festival Cru\u00eflla","description":"","potentialAction":[{"@type":"SearchAction","target":{"@type":"EntryPoint","urlTemplate":"https:\/\/www.cruillabarcelona.com\/ca\/?s={search_term_string}"},"query-input":{"@type":"PropertyValueSpecification","valueRequired":true,"valueName":"search_term_string"}}],"inLanguage":"ca"}]}},"_links":{"self":[{"href":"https:\/\/www.cruillabarcelona.com\/ca\/wp-json\/wp\/v2\/pages\/10689","targetHints":{"allow":["GET"]}}],"collection":[{"href":"https:\/\/www.cruillabarcelona.com\/ca\/wp-json\/wp\/v2\/pages"}],"about":[{"href":"https:\/\/www.cruillabarcelona.com\/ca\/wp-json\/wp\/v2\/types\/page"}],"author":[{"embeddable":true,"href":"https:\/\/www.cruillabarcelona.com\/ca\/wp-json\/wp\/v2\/users\/2"}],"replies":[{"embeddable":true,"href":"https:\/\/www.cruillabarcelona.com\/ca\/wp-json\/wp\/v2\/comments?post=10689"}],"version-history":[{"count":0,"href":"https:\/\/www.cruillabarcelona.com\/ca\/wp-json\/wp\/v2\/pages\/10689\/revisions"}],"wp:featuredmedia":[{"embeddable":true,"href":"https:\/\/www.cruillabarcelona.com\/ca\/wp-json\/wp\/v2\/media\/9843"}],"wp:attachment":[{"href":"https:\/\/www.cruillabarcelona.com\/ca\/wp-json\/wp\/v2\/media?parent=10689"}],"curies":[{"name":"wp","href":"https:\/\/api.w.org\/{rel}","templated":true}]}}