{"id":10703,"date":"2018-05-07T09:23:55","date_gmt":"2018-05-07T09:23:55","guid":{"rendered":"https:\/\/www.cruillabarcelona.com\/proximamente\/?page_id=10703"},"modified":"2018-05-24T08:36:34","modified_gmt":"2018-05-24T08:36:34","slug":"sant-jordi","status":"publish","type":"page","link":"https:\/\/www.cruillabarcelona.com\/ca\/sant-jordi\/","title":{"rendered":"Feli\u00e7 Sant Jordi!"},"content":{"rendered":"<h2 style=\"text-align: justify;\">Fes-me un pet\u00f3 per Sant Jordi, estima&#8217;m tot l&#8217;estiu!<\/h2>\n<p style=\"text-align: justify;\">Des del Cru\u00eflla,\u00a0volem que aquest Sant Jordi sorprenguis a alg\u00fa molt especial amb un regal que inclou estiu, bon rotllo, una Estrella Damm fresqueta al costat del mar i, \u00e9s clar, la millor m\u00fasica: <strong>un abonament per al Cru\u00eflla 2018! <\/strong><\/p>\n<p style=\"text-align: justify;\">Per aix\u00f2, <strong>t&#8217;oferim\u00a0un descompte<\/strong>\u00a0en el preu dels abonaments. Aquesta promoci\u00f3 et permet adquirir <strong>dos abonaments de 2 o 3 dies<\/strong> per al festival a un preu redu\u00eft.<\/p>\n<p style=\"text-align: justify;\">Els descomptes s\u00f3n els seg\u00fcents:<\/p>\n<ul style=\"text-align: justify;\">\n<li style=\"text-align: left;\">Abonament 3 dies: <span style=\"text-decoration: line-through;\">135\u20ac<\/span>\u00a0 &#8211;&gt;\u00a0 <strong>115\u20ac<\/strong>. Preu total de dues entrades: 230\u20ac. <strong>Estalvies 40\u20ac!<\/strong><\/li>\n<li style=\"text-align: left;\">Abonament 2 dies: <span style=\"text-decoration: line-through;\">115\u20ac<\/span>\u00a0 &#8211;&gt;\u00a0 <strong>105\u20ac<\/strong>. Preu total de dues entrades: 210\u20ac. <strong>Estalvies 20\u20ac!<\/strong><\/li>\n<\/ul>\n<p style=\"text-align: justify;\">Aquesta promoci\u00f3 \u00e9s v\u00e0lida fins al dimarts 24 d&#8217;abril a les 12h del migdia.<\/p>\n<p style=\"text-align: center;\"><strong><em>Aconsegueix les teves entrades aqu\u00ed:<\/em><\/strong><\/p>\n<p style=\"text-align: center;\"><a class=\"button     \" href=\"https:\/\/www.cruillabarcelona.com\/ca\/botiga\/\"  target=\"_blank\">ENTRADES<\/a><\/p>\n<h3 style=\"text-align: center;\">Ens veiem al juliol!<\/h3>\n<p>&nbsp;<\/p>\n","protected":false},"excerpt":{"rendered":"Fes-me un pet\u00f3 per Sant Jordi, estima&#8217;m tot l&#8217;estiu! Des del Cru\u00eflla,\u00a0volem que aquest Sant Jordi sorprenguis a alg\u00fa molt especial amb un regal que inclou estiu, bon rotllo, una Estrella Damm fresqueta al costat del mar i, \u00e9s clar, la millor m\u00fasica: un abonament per al Cru\u00eflla 2018! Per aix\u00f2, t&#8217;oferim\u00a0un descompte\u00a0en el preu&#8230; <a class=\"view-article\" href=\"https:\/\/www.cruillabarcelona.com\/ca\/sant-jordi\/\">View Article<\/a>","protected":false},"author":2,"featured_media":10707,"parent":0,"menu_order":0,"comment_status":"closed","ping_status":"closed","template":"page-templates\/page-landing.php","meta":{"_acf_changed":false,"footnotes":""},"class_list":["post-10703","page","type-page","status-publish","has-post-thumbnail","hentry"],"acf":[],"yoast_head":"<!-- This site is optimized with the Yoast SEO plugin v27.3 - https:\/\/yoast.com\/product\/yoast-seo-wordpress\/ -->\n<title>Feli\u00e7 Sant Jordi! - Festival Cru\u00eflla<\/title>\n<meta name=\"robots\" content=\"index, follow, max-snippet:-1, max-image-preview:large, max-video-preview:-1\" \/>\n<link rel=\"canonical\" href=\"https:\/\/www.cruillabarcelona.com\/ca\/sant-jordi\/\" \/>\n<meta property=\"og:locale\" content=\"ca_ES\" \/>\n<meta property=\"og:type\" content=\"article\" \/>\n<meta property=\"og:title\" content=\"Feli\u00e7 Sant Jordi! - Festival Cru\u00eflla\" \/>\n<meta property=\"og:description\" content=\"Fes-me un pet\u00f3 per Sant Jordi, estima&#8217;m tot l&#8217;estiu! Des del Cru\u00eflla,\u00a0volem que aquest Sant Jordi sorprenguis a alg\u00fa molt especial amb un regal que inclou estiu, bon rotllo, una Estrella Damm fresqueta al costat del mar i, \u00e9s clar, la millor m\u00fasica: un abonament per al Cru\u00eflla 2018! Per aix\u00f2, t&#8217;oferim\u00a0un descompte\u00a0en el preu... View Article\" \/>\n<meta property=\"og:url\" content=\"https:\/\/www.cruillabarcelona.com\/ca\/sant-jordi\/\" \/>\n<meta property=\"og:site_name\" content=\"Festival Cru\u00eflla\" \/>\n<meta property=\"article:modified_time\" content=\"2018-05-24T08:36:34+00:00\" \/>\n<meta property=\"og:image\" content=\"https:\/\/www.cruillabarcelona.com\/wp-content\/uploads\/2018\/05\/lalalanding2.png\" \/>\n\t<meta property=\"og:image:width\" content=\"1500\" \/>\n\t<meta property=\"og:image:height\" content=\"496\" \/>\n\t<meta property=\"og:image:type\" content=\"image\/png\" \/>\n<meta name=\"twitter:card\" content=\"summary_large_image\" \/>\n<meta name=\"twitter:label1\" content=\"Temps estimat de lectura\" \/>\n\t<meta name=\"twitter:data1\" content=\"1 minut\" \/>\n<script type=\"application\/ld+json\" class=\"yoast-schema-graph\">{\"@context\":\"https:\\\/\\\/schema.org\",\"@graph\":[{\"@type\":\"WebPage\",\"@id\":\"https:\\\/\\\/www.cruillabarcelona.com\\\/ca\\\/sant-jordi\\\/\",\"url\":\"https:\\\/\\\/www.cruillabarcelona.com\\\/ca\\\/sant-jordi\\\/\",\"name\":\"Feli\u00e7 Sant Jordi! - Festival Cru\u00eflla\",\"isPartOf\":{\"@id\":\"https:\\\/\\\/www.cruillabarcelona.com\\\/ca\\\/#website\"},\"primaryImageOfPage\":{\"@id\":\"https:\\\/\\\/www.cruillabarcelona.com\\\/ca\\\/sant-jordi\\\/#primaryimage\"},\"image\":{\"@id\":\"https:\\\/\\\/www.cruillabarcelona.com\\\/ca\\\/sant-jordi\\\/#primaryimage\"},\"thumbnailUrl\":\"https:\\\/\\\/www.cruillabarcelona.com\\\/wp-content\\\/uploads\\\/2018\\\/05\\\/lalalanding2.png\",\"datePublished\":\"2018-05-07T09:23:55+00:00\",\"dateModified\":\"2018-05-24T08:36:34+00:00\",\"breadcrumb\":{\"@id\":\"https:\\\/\\\/www.cruillabarcelona.com\\\/ca\\\/sant-jordi\\\/#breadcrumb\"},\"inLanguage\":\"ca\",\"potentialAction\":[{\"@type\":\"ReadAction\",\"target\":[\"https:\\\/\\\/www.cruillabarcelona.com\\\/ca\\\/sant-jordi\\\/\"]}]},{\"@type\":\"ImageObject\",\"inLanguage\":\"ca\",\"@id\":\"https:\\\/\\\/www.cruillabarcelona.com\\\/ca\\\/sant-jordi\\\/#primaryimage\",\"url\":\"https:\\\/\\\/www.cruillabarcelona.com\\\/wp-content\\\/uploads\\\/2018\\\/05\\\/lalalanding2.png\",\"contentUrl\":\"https:\\\/\\\/www.cruillabarcelona.com\\\/wp-content\\\/uploads\\\/2018\\\/05\\\/lalalanding2.png\",\"width\":1500,\"height\":496},{\"@type\":\"BreadcrumbList\",\"@id\":\"https:\\\/\\\/www.cruillabarcelona.com\\\/ca\\\/sant-jordi\\\/#breadcrumb\",\"itemListElement\":[{\"@type\":\"ListItem\",\"position\":1,\"name\":\"Home\",\"item\":\"https:\\\/\\\/www.cruillabarcelona.com\\\/ca\\\/\"},{\"@type\":\"ListItem\",\"position\":2,\"name\":\"Feli\u00e7 Sant Jordi!\"}]},{\"@type\":\"WebSite\",\"@id\":\"https:\\\/\\\/www.cruillabarcelona.com\\\/ca\\\/#website\",\"url\":\"https:\\\/\\\/www.cruillabarcelona.com\\\/ca\\\/\",\"name\":\"Festival Cru\u00eflla\",\"description\":\"\",\"potentialAction\":[{\"@type\":\"SearchAction\",\"target\":{\"@type\":\"EntryPoint\",\"urlTemplate\":\"https:\\\/\\\/www.cruillabarcelona.com\\\/ca\\\/?s={search_term_string}\"},\"query-input\":{\"@type\":\"PropertyValueSpecification\",\"valueRequired\":true,\"valueName\":\"search_term_string\"}}],\"inLanguage\":\"ca\"}]}<\/script>\n<!-- \/ Yoast SEO plugin. -->","yoast_head_json":{"title":"Feli\u00e7 Sant Jordi! - Festival Cru\u00eflla","robots":{"index":"index","follow":"follow","max-snippet":"max-snippet:-1","max-image-preview":"max-image-preview:large","max-video-preview":"max-video-preview:-1"},"canonical":"https:\/\/www.cruillabarcelona.com\/ca\/sant-jordi\/","og_locale":"ca_ES","og_type":"article","og_title":"Feli\u00e7 Sant Jordi! - Festival Cru\u00eflla","og_description":"Fes-me un pet\u00f3 per Sant Jordi, estima&#8217;m tot l&#8217;estiu! Des del Cru\u00eflla,\u00a0volem que aquest Sant Jordi sorprenguis a alg\u00fa molt especial amb un regal que inclou estiu, bon rotllo, una Estrella Damm fresqueta al costat del mar i, \u00e9s clar, la millor m\u00fasica: un abonament per al Cru\u00eflla 2018! Per aix\u00f2, t&#8217;oferim\u00a0un descompte\u00a0en el preu... View Article","og_url":"https:\/\/www.cruillabarcelona.com\/ca\/sant-jordi\/","og_site_name":"Festival Cru\u00eflla","article_modified_time":"2018-05-24T08:36:34+00:00","og_image":[{"width":1500,"height":496,"url":"https:\/\/www.cruillabarcelona.com\/wp-content\/uploads\/2018\/05\/lalalanding2.png","type":"image\/png"}],"twitter_card":"summary_large_image","twitter_misc":{"Temps estimat de lectura":"1 minut"},"schema":{"@context":"https:\/\/schema.org","@graph":[{"@type":"WebPage","@id":"https:\/\/www.cruillabarcelona.com\/ca\/sant-jordi\/","url":"https:\/\/www.cruillabarcelona.com\/ca\/sant-jordi\/","name":"Feli\u00e7 Sant Jordi! - Festival Cru\u00eflla","isPartOf":{"@id":"https:\/\/www.cruillabarcelona.com\/ca\/#website"},"primaryImageOfPage":{"@id":"https:\/\/www.cruillabarcelona.com\/ca\/sant-jordi\/#primaryimage"},"image":{"@id":"https:\/\/www.cruillabarcelona.com\/ca\/sant-jordi\/#primaryimage"},"thumbnailUrl":"https:\/\/www.cruillabarcelona.com\/wp-content\/uploads\/2018\/05\/lalalanding2.png","datePublished":"2018-05-07T09:23:55+00:00","dateModified":"2018-05-24T08:36:34+00:00","breadcrumb":{"@id":"https:\/\/www.cruillabarcelona.com\/ca\/sant-jordi\/#breadcrumb"},"inLanguage":"ca","potentialAction":[{"@type":"ReadAction","target":["https:\/\/www.cruillabarcelona.com\/ca\/sant-jordi\/"]}]},{"@type":"ImageObject","inLanguage":"ca","@id":"https:\/\/www.cruillabarcelona.com\/ca\/sant-jordi\/#primaryimage","url":"https:\/\/www.cruillabarcelona.com\/wp-content\/uploads\/2018\/05\/lalalanding2.png","contentUrl":"https:\/\/www.cruillabarcelona.com\/wp-content\/uploads\/2018\/05\/lalalanding2.png","width":1500,"height":496},{"@type":"BreadcrumbList","@id":"https:\/\/www.cruillabarcelona.com\/ca\/sant-jordi\/#breadcrumb","itemListElement":[{"@type":"ListItem","position":1,"name":"Home","item":"https:\/\/www.cruillabarcelona.com\/ca\/"},{"@type":"ListItem","position":2,"name":"Feli\u00e7 Sant Jordi!"}]},{"@type":"WebSite","@id":"https:\/\/www.cruillabarcelona.com\/ca\/#website","url":"https:\/\/www.cruillabarcelona.com\/ca\/","name":"Festival Cru\u00eflla","description":"","potentialAction":[{"@type":"SearchAction","target":{"@type":"EntryPoint","urlTemplate":"https:\/\/www.cruillabarcelona.com\/ca\/?s={search_term_string}"},"query-input":{"@type":"PropertyValueSpecification","valueRequired":true,"valueName":"search_term_string"}}],"inLanguage":"ca"}]}},"_links":{"self":[{"href":"https:\/\/www.cruillabarcelona.com\/ca\/wp-json\/wp\/v2\/pages\/10703","targetHints":{"allow":["GET"]}}],"collection":[{"href":"https:\/\/www.cruillabarcelona.com\/ca\/wp-json\/wp\/v2\/pages"}],"about":[{"href":"https:\/\/www.cruillabarcelona.com\/ca\/wp-json\/wp\/v2\/types\/page"}],"author":[{"embeddable":true,"href":"https:\/\/www.cruillabarcelona.com\/ca\/wp-json\/wp\/v2\/users\/2"}],"replies":[{"embeddable":true,"href":"https:\/\/www.cruillabarcelona.com\/ca\/wp-json\/wp\/v2\/comments?post=10703"}],"version-history":[{"count":0,"href":"https:\/\/www.cruillabarcelona.com\/ca\/wp-json\/wp\/v2\/pages\/10703\/revisions"}],"wp:featuredmedia":[{"embeddable":true,"href":"https:\/\/www.cruillabarcelona.com\/ca\/wp-json\/wp\/v2\/media\/10707"}],"wp:attachment":[{"href":"https:\/\/www.cruillabarcelona.com\/ca\/wp-json\/wp\/v2\/media?parent=10703"}],"curies":[{"name":"wp","href":"https:\/\/api.w.org\/{rel}","templated":true}]}}