{"id":10722,"date":"2018-05-07T09:33:24","date_gmt":"2018-05-07T09:33:24","guid":{"rendered":"https:\/\/www.cruillabarcelona.com\/proximamente\/?page_id=10722"},"modified":"2019-10-10T17:04:55","modified_gmt":"2019-10-10T15:04:55","slug":"vine-al-cruilla-2018","status":"publish","type":"page","link":"https:\/\/www.cruillabarcelona.com\/ca\/vine-al-cruilla-2018\/","title":{"rendered":"Vine al Cru\u00eflla 2018!"},"content":{"rendered":"<h3>La darrera edici\u00f3 del Festival Cru\u00eflla es va celebrar del 12 al 14 de juliol de 2018. Consulta els artistes de l&#8217;edici\u00f3 del <a href=\"https:\/\/www.cruillabarcelona.com\/ca\/artistes-cruilla-2019\/\">FESTIVAL CRU\u00cfLLA 2019<\/a><\/h3>\n<p>&nbsp;<\/p>\n<p>&nbsp;<\/p>\n<hr \/>\n<p>&nbsp;<\/p>\n<h2 style=\"text-align: justify;\">Anem de festival, per\u00f2 no a qualsevol festival<\/h2>\n<p>Cru\u00eflla \u00e9s una experi\u00e8ncia completa de m\u00fasica, diversi\u00f3 i sensacions. Se celebra a <strong>l&#8217;aire lliure<\/strong>, a l&#8217;estiu i <strong>al costat del mar<\/strong>.\u00a0Per aix\u00f2, quan l&#8217;any passat vam preguntar al p\u00fablic qu\u00e8 \u00e9s el que m\u00e9s els emocionava del festival, molts ho tenien clar: <strong>el millor \u00e9s gaudir de concerts amb la posta de sol<\/strong>.<\/p>\n<p>Cru\u00eflla \u00e9s una petita ciutat dins de la ciutat. All\u00e0 no nom\u00e9s hi ha m\u00fasica, tamb\u00e9 <strong><em>foodtrucks<\/em> <\/strong>amb menjar, <strong>activitats paral\u00b7lele<\/strong><b>s<\/b>, <strong>zones de descans<\/strong>&#8230; Aquesta petita ciutat \u00e9s habitada per gent com\u00fa que vol vibrar amb la m\u00fasica. Per aix\u00f2,\u00a0el moment de passar per la porta del festival\u00a0sempre \u00e9s un una injecci\u00f3 d&#8217;adrenalina.<\/p>\n<h2>Seguim creixent, sense renunciar a l&#8217;ess\u00e8ncia<\/h2>\n<p>Cru\u00eflla \u00e9s un festival obert a tots. Per als que busquen m\u00fasica internacional i pels amants de la m\u00fasica feta a casa.\u00a0Per als nost\u00e0lgics dels 90 i els que escolten un \u00e0lbum la mateixa setmana que es publica. Per a ells i pels que ho s\u00f3n tot alhora, tenim<strong> grans estrelles el rock, cantautors catalans i m\u00fasica ecl\u00e8ctica d&#8217;arreu del m\u00f3n.\u00a0<\/strong><\/p>\n<p>Cru\u00eflla \u00e9s un festival <strong>no massificat<\/strong>. Volem parlar en la barra amb amics a la barra, volem poder cordar-nos les sabates si se&#8217;ns deslliguen. Sense aglomeracions, sense empentes, amb espai per moure&#8217;ns. Per aix\u00f2 <strong>no omplirem tot l&#8217;aforament del recinte del F\u00f2rum.<\/strong><\/p>\n<p>Cru\u00eflla \u00e9s un festival on enamorar-se per primera vegada i on enamorar-se de nou. Per aix\u00f2 diem que <strong>Cru\u00eflla Enamora<\/strong>.<\/p>\n<p><em>Fes una ullada al cartell i busca els artistes que coneixes. Pots comprar l&#8217;entrada del dia que m\u00e9s t&#8217;agradi o comprar l&#8217;abonament i gaudir de dos o tres dies de festival.<\/em><\/p>\n<ul class=\"small-block-grid-1 medium-block-grid-2 large-block-grid-5\">\n<li style=\"text-align: center;\"><\/li>\n<\/ul>\n<p><img loading=\"lazy\" decoding=\"async\" width=\"500\" height=\"705\" class=\"aligncenter size-full wp-image-15322\" src=\"https:\/\/www.cruillabarcelona.com\/wp-content\/uploads\/2018\/06\/Cartell-general-low-ca.jpg\" alt=\"Line-up-cruilla2018\" srcset=\"https:\/\/www.cruillabarcelona.com\/wp-content\/uploads\/2018\/06\/Cartell-general-low-ca.jpg 500w, https:\/\/www.cruillabarcelona.com\/wp-content\/uploads\/2018\/06\/Cartell-general-low-ca-300x423.jpg 300w\" sizes=\"auto, (max-width: 500px) 100vw, 500px\" \/><\/p>\n<p style=\"text-align: center;\"><strong>Escolta la playlist amb els artistes del Cru\u00eflla 2018<\/strong><\/p>\n<p><iframe loading=\"lazy\" src=\"https:\/\/www.youtube.com\/embed\/videoseries?list=PL-Mwy7mnsF-hXeUKz48zrPoKdtvlRgLYM\" width=\"560\" height=\"315\" frameborder=\"0\" allowfullscreen=\"allowfullscreen\"><\/iframe><\/p>\n","protected":false},"excerpt":{"rendered":"La darrera edici\u00f3 del Festival Cru\u00eflla es va celebrar del 12 al 14 de juliol de 2018. Consulta els artistes de l&#8217;edici\u00f3 del FESTIVAL CRU\u00cfLLA 2019 &nbsp; &nbsp; &nbsp; Anem de festival, per\u00f2 no a qualsevol festival Cru\u00eflla \u00e9s una experi\u00e8ncia completa de m\u00fasica, diversi\u00f3 i sensacions. Se celebra a l&#8217;aire lliure, a l&#8217;estiu i&#8230; <a class=\"view-article\" href=\"https:\/\/www.cruillabarcelona.com\/ca\/vine-al-cruilla-2018\/\">View Article<\/a>","protected":false},"author":2,"featured_media":9841,"parent":0,"menu_order":0,"comment_status":"closed","ping_status":"closed","template":"page-templates\/page-landing.php","meta":{"_acf_changed":false,"footnotes":""},"class_list":["post-10722","page","type-page","status-publish","has-post-thumbnail","hentry"],"acf":[],"yoast_head":"<!-- This site is optimized with the Yoast SEO plugin v27.3 - https:\/\/yoast.com\/product\/yoast-seo-wordpress\/ -->\n<title>Gaudeix del Festival Cru\u00eflla 2018, els dies 12, 13 i 14 de juliol<\/title>\n<meta name=\"description\" content=\"Descobreix tots els secrets del Festival Cru\u00eflla 2018, que es celebrar\u00e0 els djous12, divendres 13 i dissabte 14 de juliol al Parc del F\u00f2rum de Barcelona. Jack White, Pharrell Williams &amp; N.E.R.D, Kygo, Orbital, The Roots, David Byrne, Bunbury, IZAl... i fons a m\u00e9s de 40 artistes. Venda d&#039;entrades al web Cru\u00eflla\" \/>\n<meta name=\"robots\" content=\"index, follow, max-snippet:-1, max-image-preview:large, max-video-preview:-1\" \/>\n<link rel=\"canonical\" href=\"https:\/\/www.cruillabarcelona.com\/ca\/vine-al-cruilla-2018\/\" \/>\n<meta property=\"og:locale\" content=\"ca_ES\" \/>\n<meta property=\"og:type\" content=\"article\" \/>\n<meta property=\"og:title\" content=\"Gaudeix del Festival Cru\u00eflla 2018, els dies 12, 13 i 14 de juliol\" \/>\n<meta property=\"og:description\" content=\"Descobreix tots els secrets del Festival Cru\u00eflla 2018, que es celebrar\u00e0 els djous12, divendres 13 i dissabte 14 de juliol al Parc del F\u00f2rum de Barcelona. Jack White, Pharrell Williams &amp; N.E.R.D, Kygo, Orbital, The Roots, David Byrne, Bunbury, IZAl... i fons a m\u00e9s de 40 artistes. Venda d&#039;entrades al web Cru\u00eflla\" \/>\n<meta property=\"og:url\" content=\"https:\/\/www.cruillabarcelona.com\/ca\/vine-al-cruilla-2018\/\" \/>\n<meta property=\"og:site_name\" content=\"Festival Cru\u00eflla\" \/>\n<meta property=\"article:modified_time\" content=\"2019-10-10T15:04:55+00:00\" \/>\n<meta property=\"og:image\" content=\"https:\/\/www.cruillabarcelona.com\/wp-content\/uploads\/2018\/03\/portada-web-cruillaenamora-dia.jpg\" \/>\n\t<meta property=\"og:image:width\" content=\"1500\" \/>\n\t<meta property=\"og:image:height\" content=\"500\" \/>\n\t<meta property=\"og:image:type\" content=\"image\/jpeg\" \/>\n<meta name=\"twitter:card\" content=\"summary_large_image\" \/>\n<meta name=\"twitter:label1\" content=\"Temps estimat de lectura\" \/>\n\t<meta name=\"twitter:data1\" content=\"2 minuts\" \/>\n<script type=\"application\/ld+json\" class=\"yoast-schema-graph\">{\"@context\":\"https:\\\/\\\/schema.org\",\"@graph\":[{\"@type\":\"WebPage\",\"@id\":\"https:\\\/\\\/www.cruillabarcelona.com\\\/ca\\\/vine-al-cruilla-2018\\\/\",\"url\":\"https:\\\/\\\/www.cruillabarcelona.com\\\/ca\\\/vine-al-cruilla-2018\\\/\",\"name\":\"Gaudeix del Festival Cru\u00eflla 2018, els dies 12, 13 i 14 de juliol\",\"isPartOf\":{\"@id\":\"https:\\\/\\\/www.cruillabarcelona.com\\\/ca\\\/#website\"},\"primaryImageOfPage\":{\"@id\":\"https:\\\/\\\/www.cruillabarcelona.com\\\/ca\\\/vine-al-cruilla-2018\\\/#primaryimage\"},\"image\":{\"@id\":\"https:\\\/\\\/www.cruillabarcelona.com\\\/ca\\\/vine-al-cruilla-2018\\\/#primaryimage\"},\"thumbnailUrl\":\"https:\\\/\\\/www.cruillabarcelona.com\\\/wp-content\\\/uploads\\\/2018\\\/03\\\/portada-web-cruillaenamora-dia.jpg\",\"datePublished\":\"2018-05-07T09:33:24+00:00\",\"dateModified\":\"2019-10-10T15:04:55+00:00\",\"description\":\"Descobreix tots els secrets del Festival Cru\u00eflla 2018, que es celebrar\u00e0 els djous12, divendres 13 i dissabte 14 de juliol al Parc del F\u00f2rum de Barcelona. Jack White, Pharrell Williams & N.E.R.D, Kygo, Orbital, The Roots, David Byrne, Bunbury, IZAl... i fons a m\u00e9s de 40 artistes. Venda d'entrades al web Cru\u00eflla\",\"breadcrumb\":{\"@id\":\"https:\\\/\\\/www.cruillabarcelona.com\\\/ca\\\/vine-al-cruilla-2018\\\/#breadcrumb\"},\"inLanguage\":\"ca\",\"potentialAction\":[{\"@type\":\"ReadAction\",\"target\":[\"https:\\\/\\\/www.cruillabarcelona.com\\\/ca\\\/vine-al-cruilla-2018\\\/\"]}]},{\"@type\":\"ImageObject\",\"inLanguage\":\"ca\",\"@id\":\"https:\\\/\\\/www.cruillabarcelona.com\\\/ca\\\/vine-al-cruilla-2018\\\/#primaryimage\",\"url\":\"https:\\\/\\\/www.cruillabarcelona.com\\\/wp-content\\\/uploads\\\/2018\\\/03\\\/portada-web-cruillaenamora-dia.jpg\",\"contentUrl\":\"https:\\\/\\\/www.cruillabarcelona.com\\\/wp-content\\\/uploads\\\/2018\\\/03\\\/portada-web-cruillaenamora-dia.jpg\",\"width\":1500,\"height\":500,\"caption\":\"Portada-cru\u00eflla-2018\"},{\"@type\":\"BreadcrumbList\",\"@id\":\"https:\\\/\\\/www.cruillabarcelona.com\\\/ca\\\/vine-al-cruilla-2018\\\/#breadcrumb\",\"itemListElement\":[{\"@type\":\"ListItem\",\"position\":1,\"name\":\"Home\",\"item\":\"https:\\\/\\\/www.cruillabarcelona.com\\\/ca\\\/\"},{\"@type\":\"ListItem\",\"position\":2,\"name\":\"Vine al Cru\u00eflla 2018!\"}]},{\"@type\":\"WebSite\",\"@id\":\"https:\\\/\\\/www.cruillabarcelona.com\\\/ca\\\/#website\",\"url\":\"https:\\\/\\\/www.cruillabarcelona.com\\\/ca\\\/\",\"name\":\"Festival Cru\u00eflla\",\"description\":\"\",\"potentialAction\":[{\"@type\":\"SearchAction\",\"target\":{\"@type\":\"EntryPoint\",\"urlTemplate\":\"https:\\\/\\\/www.cruillabarcelona.com\\\/ca\\\/?s={search_term_string}\"},\"query-input\":{\"@type\":\"PropertyValueSpecification\",\"valueRequired\":true,\"valueName\":\"search_term_string\"}}],\"inLanguage\":\"ca\"}]}<\/script>\n<!-- \/ Yoast SEO plugin. -->","yoast_head_json":{"title":"Gaudeix del Festival Cru\u00eflla 2018, els dies 12, 13 i 14 de juliol","description":"Descobreix tots els secrets del Festival Cru\u00eflla 2018, que es celebrar\u00e0 els djous12, divendres 13 i dissabte 14 de juliol al Parc del F\u00f2rum de Barcelona. Jack White, Pharrell Williams & N.E.R.D, Kygo, Orbital, The Roots, David Byrne, Bunbury, IZAl... i fons a m\u00e9s de 40 artistes. Venda d'entrades al web Cru\u00eflla","robots":{"index":"index","follow":"follow","max-snippet":"max-snippet:-1","max-image-preview":"max-image-preview:large","max-video-preview":"max-video-preview:-1"},"canonical":"https:\/\/www.cruillabarcelona.com\/ca\/vine-al-cruilla-2018\/","og_locale":"ca_ES","og_type":"article","og_title":"Gaudeix del Festival Cru\u00eflla 2018, els dies 12, 13 i 14 de juliol","og_description":"Descobreix tots els secrets del Festival Cru\u00eflla 2018, que es celebrar\u00e0 els djous12, divendres 13 i dissabte 14 de juliol al Parc del F\u00f2rum de Barcelona. Jack White, Pharrell Williams & N.E.R.D, Kygo, Orbital, The Roots, David Byrne, Bunbury, IZAl... i fons a m\u00e9s de 40 artistes. Venda d'entrades al web Cru\u00eflla","og_url":"https:\/\/www.cruillabarcelona.com\/ca\/vine-al-cruilla-2018\/","og_site_name":"Festival Cru\u00eflla","article_modified_time":"2019-10-10T15:04:55+00:00","og_image":[{"width":1500,"height":500,"url":"https:\/\/www.cruillabarcelona.com\/wp-content\/uploads\/2018\/03\/portada-web-cruillaenamora-dia.jpg","type":"image\/jpeg"}],"twitter_card":"summary_large_image","twitter_misc":{"Temps estimat de lectura":"2 minuts"},"schema":{"@context":"https:\/\/schema.org","@graph":[{"@type":"WebPage","@id":"https:\/\/www.cruillabarcelona.com\/ca\/vine-al-cruilla-2018\/","url":"https:\/\/www.cruillabarcelona.com\/ca\/vine-al-cruilla-2018\/","name":"Gaudeix del Festival Cru\u00eflla 2018, els dies 12, 13 i 14 de juliol","isPartOf":{"@id":"https:\/\/www.cruillabarcelona.com\/ca\/#website"},"primaryImageOfPage":{"@id":"https:\/\/www.cruillabarcelona.com\/ca\/vine-al-cruilla-2018\/#primaryimage"},"image":{"@id":"https:\/\/www.cruillabarcelona.com\/ca\/vine-al-cruilla-2018\/#primaryimage"},"thumbnailUrl":"https:\/\/www.cruillabarcelona.com\/wp-content\/uploads\/2018\/03\/portada-web-cruillaenamora-dia.jpg","datePublished":"2018-05-07T09:33:24+00:00","dateModified":"2019-10-10T15:04:55+00:00","description":"Descobreix tots els secrets del Festival Cru\u00eflla 2018, que es celebrar\u00e0 els djous12, divendres 13 i dissabte 14 de juliol al Parc del F\u00f2rum de Barcelona. Jack White, Pharrell Williams & N.E.R.D, Kygo, Orbital, The Roots, David Byrne, Bunbury, IZAl... i fons a m\u00e9s de 40 artistes. Venda d'entrades al web Cru\u00eflla","breadcrumb":{"@id":"https:\/\/www.cruillabarcelona.com\/ca\/vine-al-cruilla-2018\/#breadcrumb"},"inLanguage":"ca","potentialAction":[{"@type":"ReadAction","target":["https:\/\/www.cruillabarcelona.com\/ca\/vine-al-cruilla-2018\/"]}]},{"@type":"ImageObject","inLanguage":"ca","@id":"https:\/\/www.cruillabarcelona.com\/ca\/vine-al-cruilla-2018\/#primaryimage","url":"https:\/\/www.cruillabarcelona.com\/wp-content\/uploads\/2018\/03\/portada-web-cruillaenamora-dia.jpg","contentUrl":"https:\/\/www.cruillabarcelona.com\/wp-content\/uploads\/2018\/03\/portada-web-cruillaenamora-dia.jpg","width":1500,"height":500,"caption":"Portada-cru\u00eflla-2018"},{"@type":"BreadcrumbList","@id":"https:\/\/www.cruillabarcelona.com\/ca\/vine-al-cruilla-2018\/#breadcrumb","itemListElement":[{"@type":"ListItem","position":1,"name":"Home","item":"https:\/\/www.cruillabarcelona.com\/ca\/"},{"@type":"ListItem","position":2,"name":"Vine al Cru\u00eflla 2018!"}]},{"@type":"WebSite","@id":"https:\/\/www.cruillabarcelona.com\/ca\/#website","url":"https:\/\/www.cruillabarcelona.com\/ca\/","name":"Festival Cru\u00eflla","description":"","potentialAction":[{"@type":"SearchAction","target":{"@type":"EntryPoint","urlTemplate":"https:\/\/www.cruillabarcelona.com\/ca\/?s={search_term_string}"},"query-input":{"@type":"PropertyValueSpecification","valueRequired":true,"valueName":"search_term_string"}}],"inLanguage":"ca"}]}},"_links":{"self":[{"href":"https:\/\/www.cruillabarcelona.com\/ca\/wp-json\/wp\/v2\/pages\/10722","targetHints":{"allow":["GET"]}}],"collection":[{"href":"https:\/\/www.cruillabarcelona.com\/ca\/wp-json\/wp\/v2\/pages"}],"about":[{"href":"https:\/\/www.cruillabarcelona.com\/ca\/wp-json\/wp\/v2\/types\/page"}],"author":[{"embeddable":true,"href":"https:\/\/www.cruillabarcelona.com\/ca\/wp-json\/wp\/v2\/users\/2"}],"replies":[{"embeddable":true,"href":"https:\/\/www.cruillabarcelona.com\/ca\/wp-json\/wp\/v2\/comments?post=10722"}],"version-history":[{"count":0,"href":"https:\/\/www.cruillabarcelona.com\/ca\/wp-json\/wp\/v2\/pages\/10722\/revisions"}],"wp:featuredmedia":[{"embeddable":true,"href":"https:\/\/www.cruillabarcelona.com\/ca\/wp-json\/wp\/v2\/media\/9841"}],"wp:attachment":[{"href":"https:\/\/www.cruillabarcelona.com\/ca\/wp-json\/wp\/v2\/media?parent=10722"}],"curies":[{"name":"wp","href":"https:\/\/api.w.org\/{rel}","templated":true}]}}