{"id":16431,"date":"2018-06-21T15:27:25","date_gmt":"2018-06-21T13:27:25","guid":{"rendered":"https:\/\/www.cruillabarcelona.com\/?page_id=16431"},"modified":"2019-05-06T15:46:22","modified_gmt":"2019-05-06T13:46:22","slug":"bases-legales-concurso-cruilla-microgestio","status":"publish","type":"page","link":"https:\/\/www.cruillabarcelona.com\/ca\/bases-legales-concurso-cruilla-microgestio\/","title":{"rendered":"Bases Legales Concurso Cru\u00eflla y MicroGesti\u00f3"},"content":{"rendered":"<ol>\n<li><strong> Descripci\u00f3n:\u00a0<\/strong>Microgesti\u00f3 S.L., titular de la p\u00e1gina web\u00a0<u>www.microgestio.com<\/u>, con domicilio social en C\/ Valencia 87-89, 08029 Barcelona, y provista de C.I.F. n\u00famero B84627991, en adelante denominada Microgesti\u00f3, organiza un concurso gratuito entre nuestros clientes m\u00e1s fieles.<\/li>\n<li><strong> Fechas del concurso: <\/strong>El concurso se desarrollar\u00e1 entre el 9 de mayo de 2019 hasta el 23 de mayo de 2019 a las 23:59h, hora peninsular espa\u00f1ola.<\/li>\n<li><strong> Premios: 5 pares de AirPods, a distribuir entre 5 ganadores. <\/strong>Una vez efectuado el sorteo, los\u00a0premios se entregar\u00e1n\u00a0a partir del vencimiento de la fecha de cierre.<\/li>\n<li><strong> Participaci\u00f3n: <\/strong>El sorteo se realizar\u00e1 entre todas las personas que respondan a una encuesta enviada a trav\u00e9s de correo electr\u00f3nico. Contactaremos con el ganador y se dar\u00e1 a conocer en nuestras redes sociales a partir del d\u00eda 29 de mayo de 2019. Un mismo usuario s\u00f3lo podr\u00e1 tener opci\u00f3n a un solo regalo.<\/li>\n<li><strong> Datos: <\/strong>La persona premiada autoriza, de antemano y sin limitaci\u00f3n, al organizador del evento, a utilizar de forma gratuita sus respectivos nombres y apellidos con fines publicitarios o de relaciones p\u00fablicas sin que ellos confieran a al premiado, derechos a reclamar una cualquiera contrapartida econ\u00f3mica, un derecho o preferencia de cualquier naturaleza que sea.<\/li>\n<li><strong> Aceptaci\u00f3n de condiciones: <\/strong>La participaci\u00f3n en el sorteo implica la plena aceptaci\u00f3n de las modalidades enunciadas en el presente Reglamento. Todo contraventor a uno o varios de los art\u00edculos del presente Reglamento, se ver\u00e1 privado de la posibilidad de participar en el sorteo, e incluso del premio que haya podido ganar. Cualquier eventual reclamaci\u00f3n sobre su interpretaci\u00f3n ser\u00e1 resuelta por los organizadores del sorteo. Las reclamaciones deber\u00e1n ser dirigidas a la siguiente direcci\u00f3n: Microgesti\u00f3. C\/ Valencia 87-89, 08029 Barcelona.<\/li>\n<li><strong> \u00c1mbito: <\/strong>Este concurso est\u00e1 reservado a toda persona f\u00edsica mayor de 16 a\u00f1os, residente en Espa\u00f1a; a excepci\u00f3n de los empleados de la sociedad organizadora Microgesti\u00f3 y cualquier miembro de su familia (c\u00f3nyuges, ascendientes, descendientes, hermanos). Microgesti\u00f3 se reserva el derecho de efectuar en todo momento las comprobaciones que considere oportunas.<\/li>\n<li><strong> Condiciones adicionales: <\/strong>La participaci\u00f3n en el sorteo se realizar\u00e1 a trav\u00e9s de la aceptaci\u00f3n mediante email a recibir comunicaci\u00f3n electr\u00f3nica de Microgesti\u00f3.<\/li>\n<li><strong> Entrega:\u00a0<\/strong>La entrega se realizar\u00e1 desde cualquiera de nuestras tiendas, Barcelona, Girona o Sant Cugat. A partir de la fecha de publicaci\u00f3n de los ganadores. Se considerar\u00e1 que un ganador renuncia a su premio, en caso de que \u00e9ste no responda al correo electr\u00f3nico donde se le anuncia su dotaci\u00f3n en un plazo de quince (15) d\u00edas a contar desde su env\u00edo. Todo premio que no haya sido atribuido, no podr\u00e1 en ning\u00fan caso ser reclamado posteriormente. Este seguir\u00e1 siendo propiedad de Microgesti\u00f3.<\/li>\n<li><strong> Protecci\u00f3n de datos:\u00a0<\/strong>El sorteo se realizar\u00e1 a trav\u00e9s de la inscripci\u00f3n de la Base de Datos de Microgesti\u00f3, con las respectivas pol\u00edticas de protecci\u00f3n de datos. El usuario podr\u00e1 ejercitar en todo momento los derechos de acceso, rectificaci\u00f3n, cancelaci\u00f3n, instalaci\u00f3n u oposici\u00f3n. A tal efecto, deber\u00e1n hacernos constar el derecho que quieren ejercitar y su motivo a trav\u00e9s de la direcci\u00f3n electr\u00f3nica\u00a0<u>info@microgestio.es<\/u>\u00a0en la que contenga sus datos personales (nombre, apellido y tel\u00e9fono\/m\u00f3vil y su motivo).<\/li>\n<li><strong> Organizaci\u00f3n: <\/strong>Los organizadores se reservan el derecho de modificar, diferir, acortar o anular el concurso sin tener que alegar causa alguna, sin intervenir preaviso, y sin asumir responsabilidad alguna de cualquier naturaleza que fuera.<\/li>\n<li><strong> Reglamento: <\/strong>El presente Reglamento queda depositado en las oficinas de Microgesti\u00f3, en Barcelona. Y permanentemente accesible desde internet en la noticia del sorteo.<\/li>\n<li><strong> Ley vigente: <\/strong>Ser\u00e1 la Ley Espa\u00f1ola la \u00fanica aplicable para la ejecuci\u00f3n y\/o interpretaci\u00f3n del presente Reglamento.<\/li>\n<\/ol>\n<p>&nbsp;<\/p>\n<h3>Aviso legal para la Protecci\u00f3n de Datos de Car\u00e1cter Personal<\/h3>\n<p>De conformidad con lo establecido en la normativa vigente en Protecci\u00f3n de Datos de Car\u00e1cter Personal, le informamos que sus datos ser\u00e1n incorporados al sistema de tratamiento titularidad de MICROGESTIO SL con CIF B58376690 y domicilio social sito en C\/VALENCIA, 87. 08029, BARCELONA, con la finalidad de atender sus consultas y remitirle informaci\u00f3n relacionada que pueda ser de su inter\u00e9s. En cumplimiento con la normativa vigente, MICROGESTIO SL informa que los datos ser\u00e1n conservados durante el plazo estrictamente necesario para cumplir con los preceptos mencionados con anterioridad.<\/p>\n<p>Mientras no nos comunique lo contrario, entenderemos que sus datos no han sido modificados, que usted se compromete a notificarnos cualquier variaci\u00f3n y que tenemos su consentimiento para utilizarlos para las finalidades mencionadas.<\/p>\n<p>MICROGESTIO SL informa que proceder\u00e1 a tratar los datos de manera l\u00edcita, leal, transparente, adecuada, pertinente, limitada, exacta y actualizada. Es por ello que MICROGESTIO SL se compromete a adoptar todas las medidas razonables para que estos se supriman o rectifiquen sin dilaci\u00f3n cuando sean inexactos.<\/p>\n<p>De acuerdo con los derechos que le confiere el la normativa vigente en protecci\u00f3n de datos podr\u00e1 ejercer los derechos de acceso, rectificaci\u00f3n, limitaci\u00f3n de tratamiento, supresi\u00f3n, portabilidad y oposici\u00f3n al tratamiento de sus datos de car\u00e1cter personal as\u00ed como del consentimiento prestado para el tratamiento de los mismos, dirigiendo su petici\u00f3n a la direcci\u00f3n postal indicada m\u00e1s arriba o al correo electr\u00f3nico\u00a0<a href=\"mailto:info@microgestio.es\"><u>info@microgestio.es<\/u><\/a>.<\/p>\n<p>A su vez, le informamos que puede contactar con el Delegado de Protecci\u00f3n de Datos de MICROGESTIO SL, dirigi\u00e9ndose por escrito a la direcci\u00f3n de correo\u00a0<a href=\"mailto:dpo.cliente@conversia.es\"><u>dpo.cliente@conversia.es<\/u><\/a>\u00a0o al tel\u00e9fono 902877192.<\/p>\n<p>Podr\u00e1 dirigirse a la Autoridad de Control competente para presentar la reclamaci\u00f3n que considere oportuna. Con env\u00edo del formulario de recogida de datos usted acepta la pol\u00edtica de privacidad de MICROGESTIO SL.<\/p>\n","protected":false},"excerpt":{"rendered":"Descripci\u00f3n:\u00a0Microgesti\u00f3 S.L., titular de la p\u00e1gina web\u00a0www.microgestio.com, con domicilio social en C\/ Valencia 87-89, 08029 Barcelona, y provista de C.I.F. n\u00famero B84627991, en adelante denominada Microgesti\u00f3, organiza un concurso gratuito entre nuestros clientes m\u00e1s fieles. Fechas del concurso: El concurso se desarrollar\u00e1 entre el 9 de mayo de 2019 hasta el 23 de mayo de&#8230; <a class=\"view-article\" href=\"https:\/\/www.cruillabarcelona.com\/ca\/bases-legales-concurso-cruilla-microgestio\/\">View Article<\/a>","protected":false},"author":2,"featured_media":0,"parent":0,"menu_order":0,"comment_status":"closed","ping_status":"closed","template":"page-templates\/page-full.php","meta":{"_acf_changed":false,"footnotes":""},"class_list":["post-16431","page","type-page","status-publish","hentry"],"acf":[],"yoast_head":"<!-- This site is optimized with the Yoast SEO plugin v27.3 - https:\/\/yoast.com\/product\/yoast-seo-wordpress\/ -->\n<title>Bases Legales Concurso Cru\u00eflla y MicroGesti\u00f3 - Festival Cru\u00eflla<\/title>\n<meta name=\"robots\" content=\"index, follow, max-snippet:-1, max-image-preview:large, max-video-preview:-1\" \/>\n<link rel=\"canonical\" href=\"https:\/\/www.cruillabarcelona.com\/ca\/bases-legales-concurso-cruilla-microgestio\/\" \/>\n<meta property=\"og:locale\" content=\"ca_ES\" \/>\n<meta property=\"og:type\" content=\"article\" \/>\n<meta property=\"og:title\" content=\"Bases Legales Concurso Cru\u00eflla y MicroGesti\u00f3 - Festival Cru\u00eflla\" \/>\n<meta property=\"og:description\" content=\"Descripci\u00f3n:\u00a0Microgesti\u00f3 S.L., titular de la p\u00e1gina web\u00a0www.microgestio.com, con domicilio social en C\/ Valencia 87-89, 08029 Barcelona, y provista de C.I.F. n\u00famero B84627991, en adelante denominada Microgesti\u00f3, organiza un concurso gratuito entre nuestros clientes m\u00e1s fieles. Fechas del concurso: El concurso se desarrollar\u00e1 entre el 9 de mayo de 2019 hasta el 23 de mayo de... View Article\" \/>\n<meta property=\"og:url\" content=\"https:\/\/www.cruillabarcelona.com\/ca\/bases-legales-concurso-cruilla-microgestio\/\" \/>\n<meta property=\"og:site_name\" content=\"Festival Cru\u00eflla\" \/>\n<meta property=\"article:modified_time\" content=\"2019-05-06T13:46:22+00:00\" \/>\n<meta name=\"twitter:card\" content=\"summary_large_image\" \/>\n<meta name=\"twitter:label1\" content=\"Temps estimat de lectura\" \/>\n\t<meta name=\"twitter:data1\" content=\"5 minuts\" \/>\n<script type=\"application\/ld+json\" class=\"yoast-schema-graph\">{\"@context\":\"https:\\\/\\\/schema.org\",\"@graph\":[{\"@type\":\"WebPage\",\"@id\":\"https:\\\/\\\/www.cruillabarcelona.com\\\/ca\\\/bases-legales-concurso-cruilla-microgestio\\\/\",\"url\":\"https:\\\/\\\/www.cruillabarcelona.com\\\/ca\\\/bases-legales-concurso-cruilla-microgestio\\\/\",\"name\":\"Bases Legales Concurso Cru\u00eflla y MicroGesti\u00f3 - Festival Cru\u00eflla\",\"isPartOf\":{\"@id\":\"https:\\\/\\\/www.cruillabarcelona.com\\\/ca\\\/#website\"},\"datePublished\":\"2018-06-21T13:27:25+00:00\",\"dateModified\":\"2019-05-06T13:46:22+00:00\",\"breadcrumb\":{\"@id\":\"https:\\\/\\\/www.cruillabarcelona.com\\\/ca\\\/bases-legales-concurso-cruilla-microgestio\\\/#breadcrumb\"},\"inLanguage\":\"ca\",\"potentialAction\":[{\"@type\":\"ReadAction\",\"target\":[\"https:\\\/\\\/www.cruillabarcelona.com\\\/ca\\\/bases-legales-concurso-cruilla-microgestio\\\/\"]}]},{\"@type\":\"BreadcrumbList\",\"@id\":\"https:\\\/\\\/www.cruillabarcelona.com\\\/ca\\\/bases-legales-concurso-cruilla-microgestio\\\/#breadcrumb\",\"itemListElement\":[{\"@type\":\"ListItem\",\"position\":1,\"name\":\"Home\",\"item\":\"https:\\\/\\\/www.cruillabarcelona.com\\\/ca\\\/\"},{\"@type\":\"ListItem\",\"position\":2,\"name\":\"Bases Legales Concurso Cru\u00eflla y MicroGesti\u00f3\"}]},{\"@type\":\"WebSite\",\"@id\":\"https:\\\/\\\/www.cruillabarcelona.com\\\/ca\\\/#website\",\"url\":\"https:\\\/\\\/www.cruillabarcelona.com\\\/ca\\\/\",\"name\":\"Festival Cru\u00eflla\",\"description\":\"\",\"potentialAction\":[{\"@type\":\"SearchAction\",\"target\":{\"@type\":\"EntryPoint\",\"urlTemplate\":\"https:\\\/\\\/www.cruillabarcelona.com\\\/ca\\\/?s={search_term_string}\"},\"query-input\":{\"@type\":\"PropertyValueSpecification\",\"valueRequired\":true,\"valueName\":\"search_term_string\"}}],\"inLanguage\":\"ca\"}]}<\/script>\n<!-- \/ Yoast SEO plugin. -->","yoast_head_json":{"title":"Bases Legales Concurso Cru\u00eflla y MicroGesti\u00f3 - Festival Cru\u00eflla","robots":{"index":"index","follow":"follow","max-snippet":"max-snippet:-1","max-image-preview":"max-image-preview:large","max-video-preview":"max-video-preview:-1"},"canonical":"https:\/\/www.cruillabarcelona.com\/ca\/bases-legales-concurso-cruilla-microgestio\/","og_locale":"ca_ES","og_type":"article","og_title":"Bases Legales Concurso Cru\u00eflla y MicroGesti\u00f3 - Festival Cru\u00eflla","og_description":"Descripci\u00f3n:\u00a0Microgesti\u00f3 S.L., titular de la p\u00e1gina web\u00a0www.microgestio.com, con domicilio social en C\/ Valencia 87-89, 08029 Barcelona, y provista de C.I.F. n\u00famero B84627991, en adelante denominada Microgesti\u00f3, organiza un concurso gratuito entre nuestros clientes m\u00e1s fieles. Fechas del concurso: El concurso se desarrollar\u00e1 entre el 9 de mayo de 2019 hasta el 23 de mayo de... View Article","og_url":"https:\/\/www.cruillabarcelona.com\/ca\/bases-legales-concurso-cruilla-microgestio\/","og_site_name":"Festival Cru\u00eflla","article_modified_time":"2019-05-06T13:46:22+00:00","twitter_card":"summary_large_image","twitter_misc":{"Temps estimat de lectura":"5 minuts"},"schema":{"@context":"https:\/\/schema.org","@graph":[{"@type":"WebPage","@id":"https:\/\/www.cruillabarcelona.com\/ca\/bases-legales-concurso-cruilla-microgestio\/","url":"https:\/\/www.cruillabarcelona.com\/ca\/bases-legales-concurso-cruilla-microgestio\/","name":"Bases Legales Concurso Cru\u00eflla y MicroGesti\u00f3 - Festival Cru\u00eflla","isPartOf":{"@id":"https:\/\/www.cruillabarcelona.com\/ca\/#website"},"datePublished":"2018-06-21T13:27:25+00:00","dateModified":"2019-05-06T13:46:22+00:00","breadcrumb":{"@id":"https:\/\/www.cruillabarcelona.com\/ca\/bases-legales-concurso-cruilla-microgestio\/#breadcrumb"},"inLanguage":"ca","potentialAction":[{"@type":"ReadAction","target":["https:\/\/www.cruillabarcelona.com\/ca\/bases-legales-concurso-cruilla-microgestio\/"]}]},{"@type":"BreadcrumbList","@id":"https:\/\/www.cruillabarcelona.com\/ca\/bases-legales-concurso-cruilla-microgestio\/#breadcrumb","itemListElement":[{"@type":"ListItem","position":1,"name":"Home","item":"https:\/\/www.cruillabarcelona.com\/ca\/"},{"@type":"ListItem","position":2,"name":"Bases Legales Concurso Cru\u00eflla y MicroGesti\u00f3"}]},{"@type":"WebSite","@id":"https:\/\/www.cruillabarcelona.com\/ca\/#website","url":"https:\/\/www.cruillabarcelona.com\/ca\/","name":"Festival Cru\u00eflla","description":"","potentialAction":[{"@type":"SearchAction","target":{"@type":"EntryPoint","urlTemplate":"https:\/\/www.cruillabarcelona.com\/ca\/?s={search_term_string}"},"query-input":{"@type":"PropertyValueSpecification","valueRequired":true,"valueName":"search_term_string"}}],"inLanguage":"ca"}]}},"_links":{"self":[{"href":"https:\/\/www.cruillabarcelona.com\/ca\/wp-json\/wp\/v2\/pages\/16431","targetHints":{"allow":["GET"]}}],"collection":[{"href":"https:\/\/www.cruillabarcelona.com\/ca\/wp-json\/wp\/v2\/pages"}],"about":[{"href":"https:\/\/www.cruillabarcelona.com\/ca\/wp-json\/wp\/v2\/types\/page"}],"author":[{"embeddable":true,"href":"https:\/\/www.cruillabarcelona.com\/ca\/wp-json\/wp\/v2\/users\/2"}],"replies":[{"embeddable":true,"href":"https:\/\/www.cruillabarcelona.com\/ca\/wp-json\/wp\/v2\/comments?post=16431"}],"version-history":[{"count":0,"href":"https:\/\/www.cruillabarcelona.com\/ca\/wp-json\/wp\/v2\/pages\/16431\/revisions"}],"wp:attachment":[{"href":"https:\/\/www.cruillabarcelona.com\/ca\/wp-json\/wp\/v2\/media?parent=16431"}],"curies":[{"name":"wp","href":"https:\/\/api.w.org\/{rel}","templated":true}]}}