{"id":19710,"date":"2018-11-19T19:16:11","date_gmt":"2018-11-19T17:16:11","guid":{"rendered":"https:\/\/www.cruillabarcelona.com\/?page_id=19710"},"modified":"2019-06-18T09:59:54","modified_gmt":"2019-06-18T07:59:54","slug":"dijous-4-juliol-2019","status":"publish","type":"page","link":"https:\/\/www.cruillabarcelona.com\/ca\/dijous-4-juliol-2019\/","title":{"rendered":"Dijous 4 de juliol"},"content":{"rendered":"<p>&nbsp;<\/p>\n<p><strong>Aquest divendres 12 d&#8217;abril canvia el preu de les entrades de dijous, presentarem els horaris de dijous i us presentarem una gran sorpresa!<\/strong><\/p>\n<p><iframe loading=\"lazy\" src=\"https:\/\/www.youtube.com\/embed\/YYfJN89Ns_o\" width=\"560\" height=\"315\" frameborder=\"0\" allowfullscreen=\"allowfullscreen\"><span data-mce-type=\"bookmark\" style=\"display: inline-block; width: 0px; overflow: hidden; line-height: 0;\" class=\"mce_SELRES_start\">\ufeff<\/span><\/iframe><\/p>\n<p style=\"text-align: center;\">Dijous 4 de juliol \u00e9s un dia especial, el dia de les estrelles del rap i el trap nacional.<\/p>\n<p style=\"text-align: center;\">Amb la teva entrada de dijous podr\u00e0s veure els directes de <a href=\"https:\/\/www.cruillabarcelona.com\/ca\/artists\/natos-y-waor\/\" target=\"_blank\" rel=\"noopener noreferrer\">Natos y Waor<\/a>, <a href=\"https:\/\/www.cruillabarcelona.com\/ca\/artists\/ayax-y-prok\/\" target=\"_blank\" rel=\"noopener noreferrer\">Ayax y Prok<\/a> i <a href=\"https:\/\/www.cruillabarcelona.com\/ca\/artists\/lildami\/\" target=\"_blank\" rel=\"noopener noreferrer\">Lildami<\/a>.<\/p>\n<p style=\"text-align: center;\"><strong>Tres concerts sencers amb la mateixa entrada.<\/strong><\/p>\n<p style=\"text-align: center;\"><em>Compra la teva entrada aqu\u00ed:<\/em><\/p>\n<p style=\"text-align: center;\"><a class=\"button     \" href=\"https:\/\/cruilla.seetickets.com\/event\/entrada-dijous\/parc-del-forum-barcelona\/1282344?lang=ca-ES\"  target=\"_blank\">ENTRADES DIJOUS<\/a><\/p>\n<hr \/>\n<h2 style=\"text-align: center;\">Natos y Waor, dos nois de barri que sonen arreu del m\u00f3n<\/h2>\n<p><iframe loading=\"lazy\" src=\"https:\/\/www.youtube.com\/embed\/qd3Zt6PTuOs\" width=\"560\" height=\"315\" frameborder=\"0\" allowfullscreen=\"allowfullscreen\"><\/iframe><\/p>\n<p>Natos y Waor s\u00f3n probablement <strong>els rapers m\u00e9s escoltats<\/strong> d&#8217;Espanya. Natos y Waor s\u00f3n <strong>el nou hip hop <\/strong>que es mant\u00e9 fidel al barri. Natos y Waor s\u00f3n <strong>les barres m\u00e9s directes<\/strong> i personals del rap en espanyol.<\/p>\n<p>Suor, sinceritat i poques ll\u00e0grimes.\u00a0<strong>Natos y Waor s\u00f3n dos nois de barri que sonen arreu del m\u00f3n<\/strong>. El proper 4 de juliol arriben al Cru\u00eflla per marcar una altra fita en una carrera que ja \u00e9s imparable.<\/p>\n<h2 style=\"text-align: center;\">Ayax y Prok: com l&#8217;enfant terrible per\u00f2 dos cops<\/h2>\n<p><iframe loading=\"lazy\" src=\"https:\/\/www.youtube.com\/embed\/tCe7VFfrh6E\" width=\"560\" height=\"315\" frameborder=\"0\" allowfullscreen=\"allowfullscreen\"><\/iframe><\/p>\n<p>Ayax y Prok s\u00f3n <strong>dos bessons d&#8217;un barri de Granada<\/strong>. Ayax y Prok s\u00f3n la <strong>mescla guanyadora de poesia, pol\u00edtica i barri<\/strong>. S\u00f3n l&#8217;<em>enfant terrible<\/em> per duplicat, amb les barres m\u00e9s afilades del hip hop en espanyol.<\/p>\n<p>Ayax y Prok treuen la llengua i assenyalen amb el dit. La seva \u00fanica arma \u00e9s la paraula i dir el que pensen ja els hi basta per ficar-se en problemes. Per aix\u00f2 <strong>tothom els escolta, els respecta i els estima.\u00a0<\/strong><\/p>\n<p>El 4 de juliol sortiran a ser ells mateixos a l&#8217;escenari del <strong>Cru\u00eflla<\/strong>. Un directe intens i en\u00e8rgic que s&#8217;ha de viure.<\/p>\n<h2 style=\"text-align: center;\">Lildami, el nou orgull del trap catal\u00e0<\/h2>\n<p><iframe loading=\"lazy\" src=\"https:\/\/www.youtube.com\/embed\/c9vBevvGY2g\" width=\"560\" height=\"315\" frameborder=\"0\" allowfullscreen=\"allowfullscreen\"><\/iframe><\/p>\n<p>Lildami \u00e9s la frescor. \u00c9s l&#8217;honestedat i l&#8217;orgull. Lildami \u00e9s la nova revelaci\u00f3 del\u00a0<strong>trap en catal\u00e0<\/strong>.<\/p>\n<p>No para de reivindicar-se i cada cop t\u00e9 m\u00e9s fans que l&#8217;avalen. El concert de <strong>Lildami al Cru\u00eflla 2019 <\/strong>\u00e9s una bona not\u00edcia per a tots els amants de la m\u00fasica en catal\u00e0.\u00a0I, si segueix creixent a aquesta velocitat, no dubtem que s&#8217;omplir\u00e0.<\/p>\n<hr \/>\n<p style=\"text-align: center;\"><em>Vine a veure Natos y Waor, Ayax y Prok i Lildami al Festival Cru\u00eflla:<\/em><\/p>\n<p style=\"text-align: center;\"><a class=\"button     \" href=\"https:\/\/cruilla.seetickets.com\/event\/entrada-dijous\/parc-del-forum-barcelona\/1282344?lang=ca-ES\"  target=\"_blank\">ENTRADES DIJOUS<\/a><\/p>\n<p><img loading=\"lazy\" decoding=\"async\" class=\"wp-image-19381 aligncenter\" src=\"https:\/\/www.cruillabarcelona.com\/wp-content\/uploads\/2018\/11\/5_NatosyWaor_Neta.jpg\" alt=\"Natos y Waor\" width=\"409\" height=\"409\" srcset=\"https:\/\/www.cruillabarcelona.com\/wp-content\/uploads\/2018\/11\/5_NatosyWaor_Neta.jpg 1001w, https:\/\/www.cruillabarcelona.com\/wp-content\/uploads\/2018\/11\/5_NatosyWaor_Neta-150x150.jpg 150w, https:\/\/www.cruillabarcelona.com\/wp-content\/uploads\/2018\/11\/5_NatosyWaor_Neta-768x768.jpg 768w, https:\/\/www.cruillabarcelona.com\/wp-content\/uploads\/2018\/11\/5_NatosyWaor_Neta-300x300.jpg 300w, https:\/\/www.cruillabarcelona.com\/wp-content\/uploads\/2018\/11\/5_NatosyWaor_Neta-600x600.jpg 600w\" sizes=\"auto, (max-width: 409px) 100vw, 409px\" \/><\/p>\n<p><img loading=\"lazy\" decoding=\"async\" class=\"wp-image-19364 aligncenter\" src=\"https:\/\/www.cruillabarcelona.com\/wp-content\/uploads\/2018\/11\/4_AyakyProk_Neta.jpg\" alt=\"Ayak y Prok\" width=\"403\" height=\"403\" srcset=\"https:\/\/www.cruillabarcelona.com\/wp-content\/uploads\/2018\/11\/4_AyakyProk_Neta.jpg 1001w, https:\/\/www.cruillabarcelona.com\/wp-content\/uploads\/2018\/11\/4_AyakyProk_Neta-150x150.jpg 150w, https:\/\/www.cruillabarcelona.com\/wp-content\/uploads\/2018\/11\/4_AyakyProk_Neta-768x768.jpg 768w, https:\/\/www.cruillabarcelona.com\/wp-content\/uploads\/2018\/11\/4_AyakyProk_Neta-300x300.jpg 300w, https:\/\/www.cruillabarcelona.com\/wp-content\/uploads\/2018\/11\/4_AyakyProk_Neta-600x600.jpg 600w\" sizes=\"auto, (max-width: 403px) 100vw, 403px\" \/><\/p>\n<p><img loading=\"lazy\" decoding=\"async\" class=\"wp-image-20087 aligncenter\" src=\"https:\/\/www.cruillabarcelona.com\/wp-content\/uploads\/2018\/12\/2_Neta_Lildami_CruillaPrimavera.jpg\" alt=\"Lildami\" width=\"400\" height=\"400\" srcset=\"https:\/\/www.cruillabarcelona.com\/wp-content\/uploads\/2018\/12\/2_Neta_Lildami_CruillaPrimavera.jpg 540w, https:\/\/www.cruillabarcelona.com\/wp-content\/uploads\/2018\/12\/2_Neta_Lildami_CruillaPrimavera-150x150.jpg 150w, https:\/\/www.cruillabarcelona.com\/wp-content\/uploads\/2018\/12\/2_Neta_Lildami_CruillaPrimavera-300x300.jpg 300w\" sizes=\"auto, (max-width: 400px) 100vw, 400px\" \/><\/p>\n","protected":false},"excerpt":{"rendered":"&nbsp; Aquest divendres 12 d&#8217;abril canvia el preu de les entrades de dijous, presentarem els horaris de dijous i us presentarem una gran sorpresa! \ufeff Dijous 4 de juliol \u00e9s un dia especial, el dia de les estrelles del rap i el trap nacional. Amb la teva entrada de dijous podr\u00e0s veure els directes de&#8230; <a class=\"view-article\" href=\"https:\/\/www.cruillabarcelona.com\/ca\/dijous-4-juliol-2019\/\">View Article<\/a>","protected":false},"author":13,"featured_media":19121,"parent":0,"menu_order":0,"comment_status":"closed","ping_status":"closed","template":"page-templates\/page-landing.php","meta":{"_acf_changed":false,"footnotes":""},"class_list":["post-19710","page","type-page","status-publish","has-post-thumbnail","hentry"],"acf":[],"yoast_head":"<!-- This site is optimized with the Yoast SEO plugin v27.3 - https:\/\/yoast.com\/product\/yoast-seo-wordpress\/ -->\n<title>Natos y Waor, Ayax y Prok i Lildami al Festival Cru\u00eflla 2019<\/title>\n<meta name=\"description\" content=\"Natos y Waor, Ayax y Prok, Lildami i molts m\u00e9s en concert. Entrades per al dijous 4 de juliol al Festival Cru\u00eflla, a l&#039;estiu de 2019 a Barcelona.\" \/>\n<meta name=\"robots\" content=\"index, follow, max-snippet:-1, max-image-preview:large, max-video-preview:-1\" \/>\n<link rel=\"canonical\" href=\"https:\/\/www.cruillabarcelona.com\/ca\/dijous-4-juliol-2019\/\" \/>\n<meta property=\"og:locale\" content=\"ca_ES\" \/>\n<meta property=\"og:type\" content=\"article\" \/>\n<meta property=\"og:title\" content=\"Natos y Waor, Ayax y Prok i Lildami al Festival Cru\u00eflla 2019\" \/>\n<meta property=\"og:description\" content=\"Natos y Waor, Ayax y Prok, Lildami i molts m\u00e9s en concert. Entrades per al dijous 4 de juliol al Festival Cru\u00eflla, a l&#039;estiu de 2019 a Barcelona.\" \/>\n<meta property=\"og:url\" content=\"https:\/\/www.cruillabarcelona.com\/ca\/dijous-4-juliol-2019\/\" \/>\n<meta property=\"og:site_name\" content=\"Festival Cru\u00eflla\" \/>\n<meta property=\"article:modified_time\" content=\"2019-06-18T07:59:54+00:00\" \/>\n<meta property=\"og:image\" content=\"https:\/\/www.cruillabarcelona.com\/wp-content\/uploads\/2018\/10\/landing-primavera-2019.jpg\" \/>\n\t<meta property=\"og:image:width\" content=\"1500\" \/>\n\t<meta property=\"og:image:height\" content=\"500\" \/>\n\t<meta property=\"og:image:type\" content=\"image\/jpeg\" \/>\n<meta name=\"twitter:card\" content=\"summary_large_image\" \/>\n<meta name=\"twitter:label1\" content=\"Temps estimat de lectura\" \/>\n\t<meta name=\"twitter:data1\" content=\"2 minuts\" \/>\n<script type=\"application\/ld+json\" class=\"yoast-schema-graph\">{\"@context\":\"https:\\\/\\\/schema.org\",\"@graph\":[{\"@type\":\"WebPage\",\"@id\":\"https:\\\/\\\/www.cruillabarcelona.com\\\/ca\\\/dijous-4-juliol-2019\\\/\",\"url\":\"https:\\\/\\\/www.cruillabarcelona.com\\\/ca\\\/dijous-4-juliol-2019\\\/\",\"name\":\"Natos y Waor, Ayax y Prok i Lildami al Festival Cru\u00eflla 2019\",\"isPartOf\":{\"@id\":\"https:\\\/\\\/www.cruillabarcelona.com\\\/ca\\\/#website\"},\"primaryImageOfPage\":{\"@id\":\"https:\\\/\\\/www.cruillabarcelona.com\\\/ca\\\/dijous-4-juliol-2019\\\/#primaryimage\"},\"image\":{\"@id\":\"https:\\\/\\\/www.cruillabarcelona.com\\\/ca\\\/dijous-4-juliol-2019\\\/#primaryimage\"},\"thumbnailUrl\":\"https:\\\/\\\/www.cruillabarcelona.com\\\/wp-content\\\/uploads\\\/2018\\\/10\\\/landing-primavera-2019.jpg\",\"datePublished\":\"2018-11-19T17:16:11+00:00\",\"dateModified\":\"2019-06-18T07:59:54+00:00\",\"description\":\"Natos y Waor, Ayax y Prok, Lildami i molts m\u00e9s en concert. Entrades per al dijous 4 de juliol al Festival Cru\u00eflla, a l'estiu de 2019 a Barcelona.\",\"breadcrumb\":{\"@id\":\"https:\\\/\\\/www.cruillabarcelona.com\\\/ca\\\/dijous-4-juliol-2019\\\/#breadcrumb\"},\"inLanguage\":\"ca\",\"potentialAction\":[{\"@type\":\"ReadAction\",\"target\":[\"https:\\\/\\\/www.cruillabarcelona.com\\\/ca\\\/dijous-4-juliol-2019\\\/\"]}]},{\"@type\":\"ImageObject\",\"inLanguage\":\"ca\",\"@id\":\"https:\\\/\\\/www.cruillabarcelona.com\\\/ca\\\/dijous-4-juliol-2019\\\/#primaryimage\",\"url\":\"https:\\\/\\\/www.cruillabarcelona.com\\\/wp-content\\\/uploads\\\/2018\\\/10\\\/landing-primavera-2019.jpg\",\"contentUrl\":\"https:\\\/\\\/www.cruillabarcelona.com\\\/wp-content\\\/uploads\\\/2018\\\/10\\\/landing-primavera-2019.jpg\",\"width\":1500,\"height\":500,\"caption\":\"Dijous 4 de juliol\"},{\"@type\":\"BreadcrumbList\",\"@id\":\"https:\\\/\\\/www.cruillabarcelona.com\\\/ca\\\/dijous-4-juliol-2019\\\/#breadcrumb\",\"itemListElement\":[{\"@type\":\"ListItem\",\"position\":1,\"name\":\"Home\",\"item\":\"https:\\\/\\\/www.cruillabarcelona.com\\\/ca\\\/\"},{\"@type\":\"ListItem\",\"position\":2,\"name\":\"Dijous 4 de juliol\"}]},{\"@type\":\"WebSite\",\"@id\":\"https:\\\/\\\/www.cruillabarcelona.com\\\/ca\\\/#website\",\"url\":\"https:\\\/\\\/www.cruillabarcelona.com\\\/ca\\\/\",\"name\":\"Festival Cru\u00eflla\",\"description\":\"\",\"potentialAction\":[{\"@type\":\"SearchAction\",\"target\":{\"@type\":\"EntryPoint\",\"urlTemplate\":\"https:\\\/\\\/www.cruillabarcelona.com\\\/ca\\\/?s={search_term_string}\"},\"query-input\":{\"@type\":\"PropertyValueSpecification\",\"valueRequired\":true,\"valueName\":\"search_term_string\"}}],\"inLanguage\":\"ca\"}]}<\/script>\n<!-- \/ Yoast SEO plugin. -->","yoast_head_json":{"title":"Natos y Waor, Ayax y Prok i Lildami al Festival Cru\u00eflla 2019","description":"Natos y Waor, Ayax y Prok, Lildami i molts m\u00e9s en concert. Entrades per al dijous 4 de juliol al Festival Cru\u00eflla, a l'estiu de 2019 a Barcelona.","robots":{"index":"index","follow":"follow","max-snippet":"max-snippet:-1","max-image-preview":"max-image-preview:large","max-video-preview":"max-video-preview:-1"},"canonical":"https:\/\/www.cruillabarcelona.com\/ca\/dijous-4-juliol-2019\/","og_locale":"ca_ES","og_type":"article","og_title":"Natos y Waor, Ayax y Prok i Lildami al Festival Cru\u00eflla 2019","og_description":"Natos y Waor, Ayax y Prok, Lildami i molts m\u00e9s en concert. Entrades per al dijous 4 de juliol al Festival Cru\u00eflla, a l'estiu de 2019 a Barcelona.","og_url":"https:\/\/www.cruillabarcelona.com\/ca\/dijous-4-juliol-2019\/","og_site_name":"Festival Cru\u00eflla","article_modified_time":"2019-06-18T07:59:54+00:00","og_image":[{"width":1500,"height":500,"url":"https:\/\/www.cruillabarcelona.com\/wp-content\/uploads\/2018\/10\/landing-primavera-2019.jpg","type":"image\/jpeg"}],"twitter_card":"summary_large_image","twitter_misc":{"Temps estimat de lectura":"2 minuts"},"schema":{"@context":"https:\/\/schema.org","@graph":[{"@type":"WebPage","@id":"https:\/\/www.cruillabarcelona.com\/ca\/dijous-4-juliol-2019\/","url":"https:\/\/www.cruillabarcelona.com\/ca\/dijous-4-juliol-2019\/","name":"Natos y Waor, Ayax y Prok i Lildami al Festival Cru\u00eflla 2019","isPartOf":{"@id":"https:\/\/www.cruillabarcelona.com\/ca\/#website"},"primaryImageOfPage":{"@id":"https:\/\/www.cruillabarcelona.com\/ca\/dijous-4-juliol-2019\/#primaryimage"},"image":{"@id":"https:\/\/www.cruillabarcelona.com\/ca\/dijous-4-juliol-2019\/#primaryimage"},"thumbnailUrl":"https:\/\/www.cruillabarcelona.com\/wp-content\/uploads\/2018\/10\/landing-primavera-2019.jpg","datePublished":"2018-11-19T17:16:11+00:00","dateModified":"2019-06-18T07:59:54+00:00","description":"Natos y Waor, Ayax y Prok, Lildami i molts m\u00e9s en concert. Entrades per al dijous 4 de juliol al Festival Cru\u00eflla, a l'estiu de 2019 a Barcelona.","breadcrumb":{"@id":"https:\/\/www.cruillabarcelona.com\/ca\/dijous-4-juliol-2019\/#breadcrumb"},"inLanguage":"ca","potentialAction":[{"@type":"ReadAction","target":["https:\/\/www.cruillabarcelona.com\/ca\/dijous-4-juliol-2019\/"]}]},{"@type":"ImageObject","inLanguage":"ca","@id":"https:\/\/www.cruillabarcelona.com\/ca\/dijous-4-juliol-2019\/#primaryimage","url":"https:\/\/www.cruillabarcelona.com\/wp-content\/uploads\/2018\/10\/landing-primavera-2019.jpg","contentUrl":"https:\/\/www.cruillabarcelona.com\/wp-content\/uploads\/2018\/10\/landing-primavera-2019.jpg","width":1500,"height":500,"caption":"Dijous 4 de juliol"},{"@type":"BreadcrumbList","@id":"https:\/\/www.cruillabarcelona.com\/ca\/dijous-4-juliol-2019\/#breadcrumb","itemListElement":[{"@type":"ListItem","position":1,"name":"Home","item":"https:\/\/www.cruillabarcelona.com\/ca\/"},{"@type":"ListItem","position":2,"name":"Dijous 4 de juliol"}]},{"@type":"WebSite","@id":"https:\/\/www.cruillabarcelona.com\/ca\/#website","url":"https:\/\/www.cruillabarcelona.com\/ca\/","name":"Festival Cru\u00eflla","description":"","potentialAction":[{"@type":"SearchAction","target":{"@type":"EntryPoint","urlTemplate":"https:\/\/www.cruillabarcelona.com\/ca\/?s={search_term_string}"},"query-input":{"@type":"PropertyValueSpecification","valueRequired":true,"valueName":"search_term_string"}}],"inLanguage":"ca"}]}},"_links":{"self":[{"href":"https:\/\/www.cruillabarcelona.com\/ca\/wp-json\/wp\/v2\/pages\/19710","targetHints":{"allow":["GET"]}}],"collection":[{"href":"https:\/\/www.cruillabarcelona.com\/ca\/wp-json\/wp\/v2\/pages"}],"about":[{"href":"https:\/\/www.cruillabarcelona.com\/ca\/wp-json\/wp\/v2\/types\/page"}],"author":[{"embeddable":true,"href":"https:\/\/www.cruillabarcelona.com\/ca\/wp-json\/wp\/v2\/users\/13"}],"replies":[{"embeddable":true,"href":"https:\/\/www.cruillabarcelona.com\/ca\/wp-json\/wp\/v2\/comments?post=19710"}],"version-history":[{"count":0,"href":"https:\/\/www.cruillabarcelona.com\/ca\/wp-json\/wp\/v2\/pages\/19710\/revisions"}],"wp:featuredmedia":[{"embeddable":true,"href":"https:\/\/www.cruillabarcelona.com\/ca\/wp-json\/wp\/v2\/media\/19121"}],"wp:attachment":[{"href":"https:\/\/www.cruillabarcelona.com\/ca\/wp-json\/wp\/v2\/media?parent=19710"}],"curies":[{"name":"wp","href":"https:\/\/api.w.org\/{rel}","templated":true}]}}