{"id":20331,"date":"2018-12-14T11:35:19","date_gmt":"2018-12-14T09:35:19","guid":{"rendered":"https:\/\/www.cruillabarcelona.com\/?page_id=20331"},"modified":"2021-02-08T18:07:39","modified_gmt":"2021-02-08T16:07:39","slug":"cruilla-tardor-2019","status":"publish","type":"page","link":"https:\/\/www.cruillabarcelona.com\/ca\/cruilla-tardor-2019\/","title":{"rendered":"Cru\u00eflla de Tardor 2019"},"content":{"rendered":"<h2>El Cru\u00eflla no acaba a l&#8217;estiu: 20 concerts a la tardor!<\/h2>\n<p>El <strong>Cru\u00eflla de Tardor<\/strong> torna m\u00e9s fort que mai, amb 20 concerts a Barcelona <strong>entre el 24 d&#8217;octubre i el 29 de novembre<\/strong> de 2019!<\/p>\n<p><strong><a href=\"https:\/\/www.cruillabarcelona.com\/ca\/artists\/sfdk-anier\/\">SFDK<\/a>, <\/strong>Le\u00f3n Benavente, <a href=\"https:\/\/www.cruillabarcelona.com\/ca\/artists\/juanito-makande\/\"><strong>Juanito Makand\u00e9<\/strong><\/a>, <strong>Iseo &amp; Dodosound,<\/strong> Mark Lanegan, <strong>Els Pets<\/strong>&#8230; Tornem a programar <strong>bona m\u00fasica sigui quin sigui l&#8217;estil<\/strong>: reggae, rap, indie, pop o grunge!<\/p>\n<p><a href=\"https:\/\/www.cruillabarcelona.com\/ca\/artists\/buhos\/\" target=\"_blank\" rel=\"noopener noreferrer\">Buhos<\/a> i <a href=\"https:\/\/www.cruillabarcelona.com\/ca\/artists\/catarres-tardor\/\" target=\"_blank\" rel=\"noopener noreferrer\">Els Catarres<\/a> posaran el toc de rumba-pop al Poble Espanyol i al Sant Jordi Club, respectivament. A m\u00e9s, la cita amb <strong>Els Catarres<\/strong> aquest cop \u00e9s doblement especial: ser\u00e0 el seu <strong>concert final de gira<\/strong> i tamb\u00e9 l&#8217;\u00faltim concert del Cru\u00eflla de Tardor!<\/p>\n<p style=\"text-align: center;\"><em>Mira la llista completa d&#8217;artistes del Cru\u00eflla de Tardor <a href=\"https:\/\/www.cruillabarcelona.com\/ca\/artistes-cruilla-de-tardor-2019\/\" target=\"_blank\" rel=\"noopener noreferrer\">AQU\u00cd<\/a><\/em><\/p>\n<p style=\"text-align: center;\"><em>Tria el teu concert i aconsegueix la teva entrada!<\/em><\/p>\n<p style=\"text-align: center;\"><a class=\"button round    large\" href=\"https:\/\/www.cruillabarcelona.com\/ca\/entrades-cruilla-de-tardor-2019\/\"  target=\"_blank\"><i class=\"glyphicon fi-ticket\"><\/i> ENTRADES<\/a><\/p>\n<p><img loading=\"lazy\" decoding=\"async\" class=\" wp-image-27621 aligncenter\" src=\"https:\/\/www.cruillabarcelona.com\/wp-content\/uploads\/2019\/10\/SeeTikcetsCartell_Crui\u0308llaTardor_Cat.jpg\" alt=\"\" width=\"781\" height=\"498\" srcset=\"https:\/\/www.cruillabarcelona.com\/wp-content\/uploads\/2019\/10\/SeeTikcetsCartell_Crui\u0308llaTardor_Cat.jpg 940w, https:\/\/www.cruillabarcelona.com\/wp-content\/uploads\/2019\/10\/SeeTikcetsCartell_Crui\u0308llaTardor_Cat-768x490.jpg 768w, https:\/\/www.cruillabarcelona.com\/wp-content\/uploads\/2019\/10\/SeeTikcetsCartell_Crui\u0308llaTardor_Cat-300x191.jpg 300w\" sizes=\"auto, (max-width: 781px) 100vw, 781px\" \/><\/p>\n","protected":false},"excerpt":{"rendered":"El Cru\u00eflla no acaba a l&#8217;estiu: 20 concerts a la tardor! El Cru\u00eflla de Tardor torna m\u00e9s fort que mai, amb 20 concerts a Barcelona entre el 24 d&#8217;octubre i el 29 de novembre de 2019! SFDK, Le\u00f3n Benavente, Juanito Makand\u00e9, Iseo &amp; Dodosound, Mark Lanegan, Els Pets&#8230; Tornem a programar bona m\u00fasica sigui quin&#8230; <a class=\"view-article\" href=\"https:\/\/www.cruillabarcelona.com\/ca\/cruilla-tardor-2019\/\">View Article<\/a>","protected":false},"author":13,"featured_media":19121,"parent":0,"menu_order":0,"comment_status":"closed","ping_status":"closed","template":"page-templates\/page-landing.php","meta":{"_acf_changed":false,"footnotes":""},"class_list":["post-20331","page","type-page","status-publish","has-post-thumbnail","hentry"],"acf":[],"yoast_head":"<!-- This site is optimized with the Yoast SEO plugin v27.3 - https:\/\/yoast.com\/product\/yoast-seo-wordpress\/ -->\n<title>Cru\u00eflla de Tardor 2019: del 24 d\u2019octubre al 29 de novembre a Barcelona<\/title>\n<meta name=\"description\" content=\"Entrades a la venda del Cru\u00eflla de Tardor 2019, entre el 24 d\u2019octubre i el 29 de novembre a Barcelona. Els Catarres, Buhos, Gluecifer.\" \/>\n<meta name=\"robots\" content=\"index, follow, max-snippet:-1, max-image-preview:large, max-video-preview:-1\" \/>\n<link rel=\"canonical\" href=\"https:\/\/www.cruillabarcelona.com\/ca\/cruilla-tardor-2019\/\" \/>\n<meta property=\"og:locale\" content=\"ca_ES\" \/>\n<meta property=\"og:type\" content=\"article\" \/>\n<meta property=\"og:title\" content=\"Cru\u00eflla de Tardor 2019: del 24 d\u2019octubre al 29 de novembre a Barcelona\" \/>\n<meta property=\"og:description\" content=\"Entrades a la venda del Cru\u00eflla de Tardor 2019, entre el 24 d\u2019octubre i el 29 de novembre a Barcelona. Els Catarres, Buhos, Gluecifer.\" \/>\n<meta property=\"og:url\" content=\"https:\/\/www.cruillabarcelona.com\/ca\/cruilla-tardor-2019\/\" \/>\n<meta property=\"og:site_name\" content=\"Festival Cru\u00eflla\" \/>\n<meta property=\"article:modified_time\" content=\"2021-02-08T16:07:39+00:00\" \/>\n<meta property=\"og:image\" content=\"https:\/\/www.cruillabarcelona.com\/wp-content\/uploads\/2018\/10\/landing-primavera-2019.jpg\" \/>\n\t<meta property=\"og:image:width\" content=\"1500\" \/>\n\t<meta property=\"og:image:height\" content=\"500\" \/>\n\t<meta property=\"og:image:type\" content=\"image\/jpeg\" \/>\n<meta name=\"twitter:card\" content=\"summary_large_image\" \/>\n<meta name=\"twitter:label1\" content=\"Temps estimat de lectura\" \/>\n\t<meta name=\"twitter:data1\" content=\"1 minut\" \/>\n<script type=\"application\/ld+json\" class=\"yoast-schema-graph\">{\"@context\":\"https:\\\/\\\/schema.org\",\"@graph\":[{\"@type\":\"WebPage\",\"@id\":\"https:\\\/\\\/www.cruillabarcelona.com\\\/ca\\\/cruilla-tardor-2019\\\/\",\"url\":\"https:\\\/\\\/www.cruillabarcelona.com\\\/ca\\\/cruilla-tardor-2019\\\/\",\"name\":\"Cru\u00eflla de Tardor 2019: del 24 d\u2019octubre al 29 de novembre a Barcelona\",\"isPartOf\":{\"@id\":\"https:\\\/\\\/www.cruillabarcelona.com\\\/ca\\\/#website\"},\"primaryImageOfPage\":{\"@id\":\"https:\\\/\\\/www.cruillabarcelona.com\\\/ca\\\/cruilla-tardor-2019\\\/#primaryimage\"},\"image\":{\"@id\":\"https:\\\/\\\/www.cruillabarcelona.com\\\/ca\\\/cruilla-tardor-2019\\\/#primaryimage\"},\"thumbnailUrl\":\"https:\\\/\\\/www.cruillabarcelona.com\\\/wp-content\\\/uploads\\\/2018\\\/10\\\/landing-primavera-2019.jpg\",\"datePublished\":\"2018-12-14T09:35:19+00:00\",\"dateModified\":\"2021-02-08T16:07:39+00:00\",\"description\":\"Entrades a la venda del Cru\u00eflla de Tardor 2019, entre el 24 d\u2019octubre i el 29 de novembre a Barcelona. Els Catarres, Buhos, Gluecifer.\",\"breadcrumb\":{\"@id\":\"https:\\\/\\\/www.cruillabarcelona.com\\\/ca\\\/cruilla-tardor-2019\\\/#breadcrumb\"},\"inLanguage\":\"ca\",\"potentialAction\":[{\"@type\":\"ReadAction\",\"target\":[\"https:\\\/\\\/www.cruillabarcelona.com\\\/ca\\\/cruilla-tardor-2019\\\/\"]}]},{\"@type\":\"ImageObject\",\"inLanguage\":\"ca\",\"@id\":\"https:\\\/\\\/www.cruillabarcelona.com\\\/ca\\\/cruilla-tardor-2019\\\/#primaryimage\",\"url\":\"https:\\\/\\\/www.cruillabarcelona.com\\\/wp-content\\\/uploads\\\/2018\\\/10\\\/landing-primavera-2019.jpg\",\"contentUrl\":\"https:\\\/\\\/www.cruillabarcelona.com\\\/wp-content\\\/uploads\\\/2018\\\/10\\\/landing-primavera-2019.jpg\",\"width\":1500,\"height\":500,\"caption\":\"Dijous 4 de juliol\"},{\"@type\":\"BreadcrumbList\",\"@id\":\"https:\\\/\\\/www.cruillabarcelona.com\\\/ca\\\/cruilla-tardor-2019\\\/#breadcrumb\",\"itemListElement\":[{\"@type\":\"ListItem\",\"position\":1,\"name\":\"Home\",\"item\":\"https:\\\/\\\/www.cruillabarcelona.com\\\/ca\\\/\"},{\"@type\":\"ListItem\",\"position\":2,\"name\":\"Cru\u00eflla de Tardor 2019\"}]},{\"@type\":\"WebSite\",\"@id\":\"https:\\\/\\\/www.cruillabarcelona.com\\\/ca\\\/#website\",\"url\":\"https:\\\/\\\/www.cruillabarcelona.com\\\/ca\\\/\",\"name\":\"Festival Cru\u00eflla\",\"description\":\"\",\"potentialAction\":[{\"@type\":\"SearchAction\",\"target\":{\"@type\":\"EntryPoint\",\"urlTemplate\":\"https:\\\/\\\/www.cruillabarcelona.com\\\/ca\\\/?s={search_term_string}\"},\"query-input\":{\"@type\":\"PropertyValueSpecification\",\"valueRequired\":true,\"valueName\":\"search_term_string\"}}],\"inLanguage\":\"ca\"}]}<\/script>\n<!-- \/ Yoast SEO plugin. -->","yoast_head_json":{"title":"Cru\u00eflla de Tardor 2019: del 24 d\u2019octubre al 29 de novembre a Barcelona","description":"Entrades a la venda del Cru\u00eflla de Tardor 2019, entre el 24 d\u2019octubre i el 29 de novembre a Barcelona. Els Catarres, Buhos, Gluecifer.","robots":{"index":"index","follow":"follow","max-snippet":"max-snippet:-1","max-image-preview":"max-image-preview:large","max-video-preview":"max-video-preview:-1"},"canonical":"https:\/\/www.cruillabarcelona.com\/ca\/cruilla-tardor-2019\/","og_locale":"ca_ES","og_type":"article","og_title":"Cru\u00eflla de Tardor 2019: del 24 d\u2019octubre al 29 de novembre a Barcelona","og_description":"Entrades a la venda del Cru\u00eflla de Tardor 2019, entre el 24 d\u2019octubre i el 29 de novembre a Barcelona. Els Catarres, Buhos, Gluecifer.","og_url":"https:\/\/www.cruillabarcelona.com\/ca\/cruilla-tardor-2019\/","og_site_name":"Festival Cru\u00eflla","article_modified_time":"2021-02-08T16:07:39+00:00","og_image":[{"width":1500,"height":500,"url":"https:\/\/www.cruillabarcelona.com\/wp-content\/uploads\/2018\/10\/landing-primavera-2019.jpg","type":"image\/jpeg"}],"twitter_card":"summary_large_image","twitter_misc":{"Temps estimat de lectura":"1 minut"},"schema":{"@context":"https:\/\/schema.org","@graph":[{"@type":"WebPage","@id":"https:\/\/www.cruillabarcelona.com\/ca\/cruilla-tardor-2019\/","url":"https:\/\/www.cruillabarcelona.com\/ca\/cruilla-tardor-2019\/","name":"Cru\u00eflla de Tardor 2019: del 24 d\u2019octubre al 29 de novembre a Barcelona","isPartOf":{"@id":"https:\/\/www.cruillabarcelona.com\/ca\/#website"},"primaryImageOfPage":{"@id":"https:\/\/www.cruillabarcelona.com\/ca\/cruilla-tardor-2019\/#primaryimage"},"image":{"@id":"https:\/\/www.cruillabarcelona.com\/ca\/cruilla-tardor-2019\/#primaryimage"},"thumbnailUrl":"https:\/\/www.cruillabarcelona.com\/wp-content\/uploads\/2018\/10\/landing-primavera-2019.jpg","datePublished":"2018-12-14T09:35:19+00:00","dateModified":"2021-02-08T16:07:39+00:00","description":"Entrades a la venda del Cru\u00eflla de Tardor 2019, entre el 24 d\u2019octubre i el 29 de novembre a Barcelona. Els Catarres, Buhos, Gluecifer.","breadcrumb":{"@id":"https:\/\/www.cruillabarcelona.com\/ca\/cruilla-tardor-2019\/#breadcrumb"},"inLanguage":"ca","potentialAction":[{"@type":"ReadAction","target":["https:\/\/www.cruillabarcelona.com\/ca\/cruilla-tardor-2019\/"]}]},{"@type":"ImageObject","inLanguage":"ca","@id":"https:\/\/www.cruillabarcelona.com\/ca\/cruilla-tardor-2019\/#primaryimage","url":"https:\/\/www.cruillabarcelona.com\/wp-content\/uploads\/2018\/10\/landing-primavera-2019.jpg","contentUrl":"https:\/\/www.cruillabarcelona.com\/wp-content\/uploads\/2018\/10\/landing-primavera-2019.jpg","width":1500,"height":500,"caption":"Dijous 4 de juliol"},{"@type":"BreadcrumbList","@id":"https:\/\/www.cruillabarcelona.com\/ca\/cruilla-tardor-2019\/#breadcrumb","itemListElement":[{"@type":"ListItem","position":1,"name":"Home","item":"https:\/\/www.cruillabarcelona.com\/ca\/"},{"@type":"ListItem","position":2,"name":"Cru\u00eflla de Tardor 2019"}]},{"@type":"WebSite","@id":"https:\/\/www.cruillabarcelona.com\/ca\/#website","url":"https:\/\/www.cruillabarcelona.com\/ca\/","name":"Festival Cru\u00eflla","description":"","potentialAction":[{"@type":"SearchAction","target":{"@type":"EntryPoint","urlTemplate":"https:\/\/www.cruillabarcelona.com\/ca\/?s={search_term_string}"},"query-input":{"@type":"PropertyValueSpecification","valueRequired":true,"valueName":"search_term_string"}}],"inLanguage":"ca"}]}},"_links":{"self":[{"href":"https:\/\/www.cruillabarcelona.com\/ca\/wp-json\/wp\/v2\/pages\/20331","targetHints":{"allow":["GET"]}}],"collection":[{"href":"https:\/\/www.cruillabarcelona.com\/ca\/wp-json\/wp\/v2\/pages"}],"about":[{"href":"https:\/\/www.cruillabarcelona.com\/ca\/wp-json\/wp\/v2\/types\/page"}],"author":[{"embeddable":true,"href":"https:\/\/www.cruillabarcelona.com\/ca\/wp-json\/wp\/v2\/users\/13"}],"replies":[{"embeddable":true,"href":"https:\/\/www.cruillabarcelona.com\/ca\/wp-json\/wp\/v2\/comments?post=20331"}],"version-history":[{"count":0,"href":"https:\/\/www.cruillabarcelona.com\/ca\/wp-json\/wp\/v2\/pages\/20331\/revisions"}],"wp:featuredmedia":[{"embeddable":true,"href":"https:\/\/www.cruillabarcelona.com\/ca\/wp-json\/wp\/v2\/media\/19121"}],"wp:attachment":[{"href":"https:\/\/www.cruillabarcelona.com\/ca\/wp-json\/wp\/v2\/media?parent=20331"}],"curies":[{"name":"wp","href":"https:\/\/api.w.org\/{rel}","templated":true}]}}