{"id":20806,"date":"2019-01-10T17:28:32","date_gmt":"2019-01-10T15:28:32","guid":{"rendered":"https:\/\/www.cruillabarcelona.com\/?page_id=20806"},"modified":"2019-06-18T10:04:45","modified_gmt":"2019-06-18T08:04:45","slug":"dissabte-6-juliol-2019","status":"publish","type":"page","link":"https:\/\/www.cruillabarcelona.com\/ca\/dissabte-6-juliol-2019\/","title":{"rendered":"Dissabte 6 de juliol"},"content":{"rendered":"<p>Un dissabte d&#8217;estiu, al costat del mar, amb amigues i amics, com a nosaltres ens agrada. <strong>Kylie Minogue, Love of Lesbian, Dorian<\/strong>&#8230; El dissabte 6 de juliol \u00e9s la nit del ball i la diversi\u00f3 sense complexes del <strong>Cru\u00eflla 2019<\/strong>!<\/p>\n<p>Amb la teva entrada de dissabte, podr\u00e0s veure <a href=\"https:\/\/www.cruillabarcelona.com\/ca\/artists\/kylie-minogue\/\" target=\"_blank\" rel=\"noopener noreferrer\">Kylie Minogue<\/a>, <a href=\"https:\/\/www.cruillabarcelona.com\/ca\/artists\/years-years\/\" target=\"_blank\" rel=\"noopener noreferrer\">Years &amp; Years<\/a>,\u00a0<a href=\"https:\/\/www.cruillabarcelona.com\/ca\/artists\/love-of-lesbian\/\" target=\"_blank\" rel=\"noopener noreferrer\">Love of Lesbian<\/a>, <a href=\"https:\/\/www.cruillabarcelona.com\/ca\/artists\/dorian-cruilla-2019\/\" target=\"_blank\" rel=\"noopener noreferrer\">Dorian<\/a> i tots els artistes que queden per confirmar!<\/p>\n<p style=\"text-align: center;\"><em>Compra la teva entrada aqu\u00ed:<\/em><\/p>\n<p style=\"text-align: center;\"><a class=\"button     \" href=\"https:\/\/cruilla.seetickets.com\/event\/entrada-dissabte\/parc-del-forum-barcelona\/1278180?lang=ca-ES\"  target=\"_blank\">ENTRADES DISSABTE<\/a><\/p>\n<hr \/>\n<h2 style=\"text-align: center;\">Kylie Minogue, un bitllet de tornada als 90<\/h2>\n<p><iframe loading=\"lazy\" src=\"https:\/\/www.youtube.com\/embed\/npflSSnOCvs\" width=\"560\" height=\"315\" frameborder=\"0\" allowfullscreen=\"allowfullscreen\"><\/iframe><\/p>\n<p>Dissabte 6 de juliol \u00e9s el dia de la gran estrella del Cru\u00eflla 2019: <strong>Kylie Minogue<\/strong> la diva, l&#8217;estrella del pop, el nostre bitllet de tornada al dance i el disco dels 90.<\/p>\n<p>El tren Kylie Minogue <strong>nom\u00e9s far\u00e0 una parada a Espanya<\/strong> al 2019 i estem molt contents que aquesta parada sigui el Festival Cru\u00eflla. <strong>Crearem un ambient perfecte<\/strong> per ballar\u00a0<em>Can&#8217;t get you out of my head<\/em> i tota la resta de hits de la cantant. Ballarem sense parar i volem que tu tamb\u00e9 ho donis tot.<\/p>\n<h2 style=\"text-align: center;\">Years &amp; Years trenca el term\u00f2metre<\/h2>\n<p><iframe loading=\"lazy\" src=\"https:\/\/www.youtube.com\/embed\/g_uoH6hJilc\" width=\"560\" height=\"315\" frameborder=\"0\" allowfullscreen=\"allowfullscreen\"><\/iframe><\/p>\n<p>El grup synthpop de moda actuar\u00e0 <strong>per primer cop a Barcelona<\/strong>\u00a0aquest estiu, i ser\u00e0 al Cru\u00eflla 2019. <strong>Years &amp; Years<\/strong> ens porta un espectacle sense precedents, amb <strong>Olly Alexander<\/strong> com a capit\u00e0 del vaixell i tot tipus de\u00a0ballarins i performers a sobre de l&#8217;escenari.<\/p>\n<p>Escoltarem les can\u00e7ons del seu \u00faltim \u00e0lbum,\u00a0<strong><em>Palo Santo<\/em><\/strong>, i els hits que van fer que el grup pug\u00e9s com l&#8217;escuma.<\/p>\n<h2 style=\"text-align: center;\">Love of Lesbian + Dorian, dos incombustibles<\/h2>\n<p><iframe loading=\"lazy\" src=\"https:\/\/www.youtube.com\/embed\/A3f7DaT5PE4\" width=\"560\" height=\"315\" frameborder=\"0\" allowfullscreen=\"allowfullscreen\"><\/iframe><\/p>\n<p><strong>Love of Lesbian<\/strong> torna al Cru\u00eflla perqu\u00e8 ens encanta i sabem que a vosaltres tamb\u00e9. Aquest cop vindran acompanyats d&#8217;un trio de <strong>vents, percussi\u00f3, vibr\u00e0fon i steel guitar<\/strong> per construir un show \u00fanic.<\/p>\n<p><strong>Dorian<\/strong>, per la seva banda, presentar\u00e0 el seu <strong>darrer \u00e0lbum\u00a0<\/strong><em><strong>Justicia Universal<\/strong>\u00a0<\/em>i l&#8217;acompanyar\u00e0\u00a0de can\u00e7ons com <em>Cualquier otra parte<\/em> i la resta de hits que els van portar a la primera l\u00ednia de l&#8217;indie.<\/p>\n<hr \/>\n<p style=\"text-align: center;\"><em>Vine a veure Kylie Minogue, Love of Lesbian i Dorian al Festival Cru\u00eflla:<\/em><\/p>\n<p style=\"text-align: center;\"><a class=\"button     \" href=\"https:\/\/cruilla.seetickets.com\/event\/entrada-dissabte\/parc-del-forum-barcelona\/1278180?lang=ca-ES\"  target=\"_blank\">ENTRADES DISSABTE<\/a><\/p>\n<p><img loading=\"lazy\" decoding=\"async\" class=\"wp-image-19438 aligncenter\" src=\"https:\/\/www.cruillabarcelona.com\/wp-content\/uploads\/2018\/11\/7_KylieMinogue_Neta.jpg\" alt=\"Kylie Minogue\" width=\"402\" height=\"402\" srcset=\"https:\/\/www.cruillabarcelona.com\/wp-content\/uploads\/2018\/11\/7_KylieMinogue_Neta.jpg 1001w, https:\/\/www.cruillabarcelona.com\/wp-content\/uploads\/2018\/11\/7_KylieMinogue_Neta-150x150.jpg 150w, https:\/\/www.cruillabarcelona.com\/wp-content\/uploads\/2018\/11\/7_KylieMinogue_Neta-768x768.jpg 768w, https:\/\/www.cruillabarcelona.com\/wp-content\/uploads\/2018\/11\/7_KylieMinogue_Neta-300x300.jpg 300w, https:\/\/www.cruillabarcelona.com\/wp-content\/uploads\/2018\/11\/7_KylieMinogue_Neta-600x600.jpg 600w\" sizes=\"auto, (max-width: 402px) 100vw, 402px\" \/><\/p>\n<p><img loading=\"lazy\" decoding=\"async\" class=\"aligncenter wp-image-21074 \" src=\"https:\/\/www.cruillabarcelona.com\/wp-content\/uploads\/2019\/01\/21_2_YearsYears_Neta.jpg\" alt=\"Years &amp; Years\" width=\"401\" height=\"401\" srcset=\"https:\/\/www.cruillabarcelona.com\/wp-content\/uploads\/2019\/01\/21_2_YearsYears_Neta.jpg 1200w, https:\/\/www.cruillabarcelona.com\/wp-content\/uploads\/2019\/01\/21_2_YearsYears_Neta-150x150.jpg 150w, https:\/\/www.cruillabarcelona.com\/wp-content\/uploads\/2019\/01\/21_2_YearsYears_Neta-768x768.jpg 768w, https:\/\/www.cruillabarcelona.com\/wp-content\/uploads\/2019\/01\/21_2_YearsYears_Neta-1024x1024.jpg 1024w, https:\/\/www.cruillabarcelona.com\/wp-content\/uploads\/2019\/01\/21_2_YearsYears_Neta-300x300.jpg 300w, https:\/\/www.cruillabarcelona.com\/wp-content\/uploads\/2019\/01\/21_2_YearsYears_Neta-600x600.jpg 600w\" sizes=\"auto, (max-width: 401px) 100vw, 401px\" \/><\/p>\n<p><img loading=\"lazy\" decoding=\"async\" class=\"wp-image-20153 aligncenter\" src=\"https:\/\/www.cruillabarcelona.com\/wp-content\/uploads\/2018\/12\/16_LoveOfLesbian_Neta.jpg\" alt=\"Love of Lesbian\" width=\"400\" height=\"400\" srcset=\"https:\/\/www.cruillabarcelona.com\/wp-content\/uploads\/2018\/12\/16_LoveOfLesbian_Neta.jpg 1080w, https:\/\/www.cruillabarcelona.com\/wp-content\/uploads\/2018\/12\/16_LoveOfLesbian_Neta-150x150.jpg 150w, https:\/\/www.cruillabarcelona.com\/wp-content\/uploads\/2018\/12\/16_LoveOfLesbian_Neta-768x768.jpg 768w, https:\/\/www.cruillabarcelona.com\/wp-content\/uploads\/2018\/12\/16_LoveOfLesbian_Neta-1024x1024.jpg 1024w, https:\/\/www.cruillabarcelona.com\/wp-content\/uploads\/2018\/12\/16_LoveOfLesbian_Neta-300x300.jpg 300w, https:\/\/www.cruillabarcelona.com\/wp-content\/uploads\/2018\/12\/16_LoveOfLesbian_Neta-600x600.jpg 600w\" sizes=\"auto, (max-width: 400px) 100vw, 400px\" \/><\/p>\n<p><img loading=\"lazy\" decoding=\"async\" class=\"aligncenter wp-image-20159 \" src=\"https:\/\/www.cruillabarcelona.com\/wp-content\/uploads\/2018\/12\/18_Dorian_Neta.jpg\" alt=\"Dorian\" width=\"400\" height=\"400\" srcset=\"https:\/\/www.cruillabarcelona.com\/wp-content\/uploads\/2018\/12\/18_Dorian_Neta.jpg 1080w, https:\/\/www.cruillabarcelona.com\/wp-content\/uploads\/2018\/12\/18_Dorian_Neta-150x150.jpg 150w, https:\/\/www.cruillabarcelona.com\/wp-content\/uploads\/2018\/12\/18_Dorian_Neta-768x768.jpg 768w, https:\/\/www.cruillabarcelona.com\/wp-content\/uploads\/2018\/12\/18_Dorian_Neta-1024x1024.jpg 1024w, https:\/\/www.cruillabarcelona.com\/wp-content\/uploads\/2018\/12\/18_Dorian_Neta-300x300.jpg 300w, https:\/\/www.cruillabarcelona.com\/wp-content\/uploads\/2018\/12\/18_Dorian_Neta-600x600.jpg 600w\" sizes=\"auto, (max-width: 400px) 100vw, 400px\" \/><\/p>\n","protected":false},"excerpt":{"rendered":"Un dissabte d&#8217;estiu, al costat del mar, amb amigues i amics, com a nosaltres ens agrada. Kylie Minogue, Love of Lesbian, Dorian&#8230; El dissabte 6 de juliol \u00e9s la nit del ball i la diversi\u00f3 sense complexes del Cru\u00eflla 2019! Amb la teva entrada de dissabte, podr\u00e0s veure Kylie Minogue, Years &amp; Years,\u00a0Love of Lesbian,&#8230; <a class=\"view-article\" href=\"https:\/\/www.cruillabarcelona.com\/ca\/dissabte-6-juliol-2019\/\">View Article<\/a>","protected":false},"author":2,"featured_media":20866,"parent":0,"menu_order":0,"comment_status":"closed","ping_status":"closed","template":"page-templates\/page-landing.php","meta":{"_acf_changed":false,"footnotes":""},"class_list":["post-20806","page","type-page","status-publish","has-post-thumbnail","hentry"],"acf":[],"yoast_head":"<!-- This site is optimized with the Yoast SEO plugin v27.3 - https:\/\/yoast.com\/product\/yoast-seo-wordpress\/ -->\n<title>Kylie Minogue, Love of Lesbian, Dorian al Festival Cru\u00eflla 2019<\/title>\n<meta name=\"description\" content=\"Kylie Minogue, Love of Lesbian, Dorian i molts m\u00e9s en concert. Entrades per al dissabte 6 de juliol al Festival Cru\u00eflla, a l&#039;estiu de 2019 a Barcelona.\" \/>\n<meta name=\"robots\" content=\"index, follow, max-snippet:-1, max-image-preview:large, max-video-preview:-1\" \/>\n<link rel=\"canonical\" href=\"https:\/\/www.cruillabarcelona.com\/ca\/dissabte-6-juliol-2019\/\" \/>\n<meta property=\"og:locale\" content=\"ca_ES\" \/>\n<meta property=\"og:type\" content=\"article\" \/>\n<meta property=\"og:title\" content=\"Kylie Minogue, Love of Lesbian, Dorian al Festival Cru\u00eflla 2019\" \/>\n<meta property=\"og:description\" content=\"Kylie Minogue, Love of Lesbian, Dorian i molts m\u00e9s en concert. Entrades per al dissabte 6 de juliol al Festival Cru\u00eflla, a l&#039;estiu de 2019 a Barcelona.\" \/>\n<meta property=\"og:url\" content=\"https:\/\/www.cruillabarcelona.com\/ca\/dissabte-6-juliol-2019\/\" \/>\n<meta property=\"og:site_name\" content=\"Festival Cru\u00eflla\" \/>\n<meta property=\"article:modified_time\" content=\"2019-06-18T08:04:45+00:00\" \/>\n<meta property=\"og:image\" content=\"https:\/\/www.cruillabarcelona.com\/wp-content\/uploads\/2019\/01\/1_ExperienciaKylie.jpg\" \/>\n\t<meta property=\"og:image:width\" content=\"1500\" \/>\n\t<meta property=\"og:image:height\" content=\"500\" \/>\n\t<meta property=\"og:image:type\" content=\"image\/jpeg\" \/>\n<meta name=\"twitter:card\" content=\"summary_large_image\" \/>\n<meta name=\"twitter:label1\" content=\"Temps estimat de lectura\" \/>\n\t<meta name=\"twitter:data1\" content=\"2 minuts\" \/>\n<script type=\"application\/ld+json\" class=\"yoast-schema-graph\">{\"@context\":\"https:\\\/\\\/schema.org\",\"@graph\":[{\"@type\":\"WebPage\",\"@id\":\"https:\\\/\\\/www.cruillabarcelona.com\\\/ca\\\/dissabte-6-juliol-2019\\\/\",\"url\":\"https:\\\/\\\/www.cruillabarcelona.com\\\/ca\\\/dissabte-6-juliol-2019\\\/\",\"name\":\"Kylie Minogue, Love of Lesbian, Dorian al Festival Cru\u00eflla 2019\",\"isPartOf\":{\"@id\":\"https:\\\/\\\/www.cruillabarcelona.com\\\/ca\\\/#website\"},\"primaryImageOfPage\":{\"@id\":\"https:\\\/\\\/www.cruillabarcelona.com\\\/ca\\\/dissabte-6-juliol-2019\\\/#primaryimage\"},\"image\":{\"@id\":\"https:\\\/\\\/www.cruillabarcelona.com\\\/ca\\\/dissabte-6-juliol-2019\\\/#primaryimage\"},\"thumbnailUrl\":\"https:\\\/\\\/www.cruillabarcelona.com\\\/wp-content\\\/uploads\\\/2019\\\/01\\\/1_ExperienciaKylie.jpg\",\"datePublished\":\"2019-01-10T15:28:32+00:00\",\"dateModified\":\"2019-06-18T08:04:45+00:00\",\"description\":\"Kylie Minogue, Love of Lesbian, Dorian i molts m\u00e9s en concert. Entrades per al dissabte 6 de juliol al Festival Cru\u00eflla, a l'estiu de 2019 a Barcelona.\",\"breadcrumb\":{\"@id\":\"https:\\\/\\\/www.cruillabarcelona.com\\\/ca\\\/dissabte-6-juliol-2019\\\/#breadcrumb\"},\"inLanguage\":\"ca\",\"potentialAction\":[{\"@type\":\"ReadAction\",\"target\":[\"https:\\\/\\\/www.cruillabarcelona.com\\\/ca\\\/dissabte-6-juliol-2019\\\/\"]}]},{\"@type\":\"ImageObject\",\"inLanguage\":\"ca\",\"@id\":\"https:\\\/\\\/www.cruillabarcelona.com\\\/ca\\\/dissabte-6-juliol-2019\\\/#primaryimage\",\"url\":\"https:\\\/\\\/www.cruillabarcelona.com\\\/wp-content\\\/uploads\\\/2019\\\/01\\\/1_ExperienciaKylie.jpg\",\"contentUrl\":\"https:\\\/\\\/www.cruillabarcelona.com\\\/wp-content\\\/uploads\\\/2019\\\/01\\\/1_ExperienciaKylie.jpg\",\"width\":1500,\"height\":500},{\"@type\":\"BreadcrumbList\",\"@id\":\"https:\\\/\\\/www.cruillabarcelona.com\\\/ca\\\/dissabte-6-juliol-2019\\\/#breadcrumb\",\"itemListElement\":[{\"@type\":\"ListItem\",\"position\":1,\"name\":\"Home\",\"item\":\"https:\\\/\\\/www.cruillabarcelona.com\\\/ca\\\/\"},{\"@type\":\"ListItem\",\"position\":2,\"name\":\"Dissabte 6 de juliol\"}]},{\"@type\":\"WebSite\",\"@id\":\"https:\\\/\\\/www.cruillabarcelona.com\\\/ca\\\/#website\",\"url\":\"https:\\\/\\\/www.cruillabarcelona.com\\\/ca\\\/\",\"name\":\"Festival Cru\u00eflla\",\"description\":\"\",\"potentialAction\":[{\"@type\":\"SearchAction\",\"target\":{\"@type\":\"EntryPoint\",\"urlTemplate\":\"https:\\\/\\\/www.cruillabarcelona.com\\\/ca\\\/?s={search_term_string}\"},\"query-input\":{\"@type\":\"PropertyValueSpecification\",\"valueRequired\":true,\"valueName\":\"search_term_string\"}}],\"inLanguage\":\"ca\"}]}<\/script>\n<!-- \/ Yoast SEO plugin. -->","yoast_head_json":{"title":"Kylie Minogue, Love of Lesbian, Dorian al Festival Cru\u00eflla 2019","description":"Kylie Minogue, Love of Lesbian, Dorian i molts m\u00e9s en concert. Entrades per al dissabte 6 de juliol al Festival Cru\u00eflla, a l'estiu de 2019 a Barcelona.","robots":{"index":"index","follow":"follow","max-snippet":"max-snippet:-1","max-image-preview":"max-image-preview:large","max-video-preview":"max-video-preview:-1"},"canonical":"https:\/\/www.cruillabarcelona.com\/ca\/dissabte-6-juliol-2019\/","og_locale":"ca_ES","og_type":"article","og_title":"Kylie Minogue, Love of Lesbian, Dorian al Festival Cru\u00eflla 2019","og_description":"Kylie Minogue, Love of Lesbian, Dorian i molts m\u00e9s en concert. Entrades per al dissabte 6 de juliol al Festival Cru\u00eflla, a l'estiu de 2019 a Barcelona.","og_url":"https:\/\/www.cruillabarcelona.com\/ca\/dissabte-6-juliol-2019\/","og_site_name":"Festival Cru\u00eflla","article_modified_time":"2019-06-18T08:04:45+00:00","og_image":[{"width":1500,"height":500,"url":"https:\/\/www.cruillabarcelona.com\/wp-content\/uploads\/2019\/01\/1_ExperienciaKylie.jpg","type":"image\/jpeg"}],"twitter_card":"summary_large_image","twitter_misc":{"Temps estimat de lectura":"2 minuts"},"schema":{"@context":"https:\/\/schema.org","@graph":[{"@type":"WebPage","@id":"https:\/\/www.cruillabarcelona.com\/ca\/dissabte-6-juliol-2019\/","url":"https:\/\/www.cruillabarcelona.com\/ca\/dissabte-6-juliol-2019\/","name":"Kylie Minogue, Love of Lesbian, Dorian al Festival Cru\u00eflla 2019","isPartOf":{"@id":"https:\/\/www.cruillabarcelona.com\/ca\/#website"},"primaryImageOfPage":{"@id":"https:\/\/www.cruillabarcelona.com\/ca\/dissabte-6-juliol-2019\/#primaryimage"},"image":{"@id":"https:\/\/www.cruillabarcelona.com\/ca\/dissabte-6-juliol-2019\/#primaryimage"},"thumbnailUrl":"https:\/\/www.cruillabarcelona.com\/wp-content\/uploads\/2019\/01\/1_ExperienciaKylie.jpg","datePublished":"2019-01-10T15:28:32+00:00","dateModified":"2019-06-18T08:04:45+00:00","description":"Kylie Minogue, Love of Lesbian, Dorian i molts m\u00e9s en concert. Entrades per al dissabte 6 de juliol al Festival Cru\u00eflla, a l'estiu de 2019 a Barcelona.","breadcrumb":{"@id":"https:\/\/www.cruillabarcelona.com\/ca\/dissabte-6-juliol-2019\/#breadcrumb"},"inLanguage":"ca","potentialAction":[{"@type":"ReadAction","target":["https:\/\/www.cruillabarcelona.com\/ca\/dissabte-6-juliol-2019\/"]}]},{"@type":"ImageObject","inLanguage":"ca","@id":"https:\/\/www.cruillabarcelona.com\/ca\/dissabte-6-juliol-2019\/#primaryimage","url":"https:\/\/www.cruillabarcelona.com\/wp-content\/uploads\/2019\/01\/1_ExperienciaKylie.jpg","contentUrl":"https:\/\/www.cruillabarcelona.com\/wp-content\/uploads\/2019\/01\/1_ExperienciaKylie.jpg","width":1500,"height":500},{"@type":"BreadcrumbList","@id":"https:\/\/www.cruillabarcelona.com\/ca\/dissabte-6-juliol-2019\/#breadcrumb","itemListElement":[{"@type":"ListItem","position":1,"name":"Home","item":"https:\/\/www.cruillabarcelona.com\/ca\/"},{"@type":"ListItem","position":2,"name":"Dissabte 6 de juliol"}]},{"@type":"WebSite","@id":"https:\/\/www.cruillabarcelona.com\/ca\/#website","url":"https:\/\/www.cruillabarcelona.com\/ca\/","name":"Festival Cru\u00eflla","description":"","potentialAction":[{"@type":"SearchAction","target":{"@type":"EntryPoint","urlTemplate":"https:\/\/www.cruillabarcelona.com\/ca\/?s={search_term_string}"},"query-input":{"@type":"PropertyValueSpecification","valueRequired":true,"valueName":"search_term_string"}}],"inLanguage":"ca"}]}},"_links":{"self":[{"href":"https:\/\/www.cruillabarcelona.com\/ca\/wp-json\/wp\/v2\/pages\/20806","targetHints":{"allow":["GET"]}}],"collection":[{"href":"https:\/\/www.cruillabarcelona.com\/ca\/wp-json\/wp\/v2\/pages"}],"about":[{"href":"https:\/\/www.cruillabarcelona.com\/ca\/wp-json\/wp\/v2\/types\/page"}],"author":[{"embeddable":true,"href":"https:\/\/www.cruillabarcelona.com\/ca\/wp-json\/wp\/v2\/users\/2"}],"replies":[{"embeddable":true,"href":"https:\/\/www.cruillabarcelona.com\/ca\/wp-json\/wp\/v2\/comments?post=20806"}],"version-history":[{"count":0,"href":"https:\/\/www.cruillabarcelona.com\/ca\/wp-json\/wp\/v2\/pages\/20806\/revisions"}],"wp:featuredmedia":[{"embeddable":true,"href":"https:\/\/www.cruillabarcelona.com\/ca\/wp-json\/wp\/v2\/media\/20866"}],"wp:attachment":[{"href":"https:\/\/www.cruillabarcelona.com\/ca\/wp-json\/wp\/v2\/media?parent=20806"}],"curies":[{"name":"wp","href":"https:\/\/api.w.org\/{rel}","templated":true}]}}