{"id":28844,"date":"2019-12-04T12:20:57","date_gmt":"2019-12-04T10:20:57","guid":{"rendered":"https:\/\/www.cruillabarcelona.com\/?page_id=28844"},"modified":"2020-03-03T11:39:34","modified_gmt":"2020-03-03T09:39:34","slug":"qui-som","status":"publish","type":"page","link":"https:\/\/www.cruillabarcelona.com\/ca\/qui-som\/","title":{"rendered":"Qui som?"},"content":{"rendered":"<div class=\"row \">\n<p><div class=\"columns large-12 small-12 medium-12   \">\n<h2>Hola!<\/h2>\n<p>Som<strong>\u00a0Cru\u00eflla<\/strong>, el <strong>festival<\/strong> on la <strong>m\u00fasica<\/strong> es creua amb la <strong>performance<\/strong>, la <strong>cultura popular<\/strong>, la <strong>tecnologia <\/strong>i la <strong>gastronomia.<\/strong><\/p>\n<p>Som el <strong>festival <\/strong>on el <strong>pop<\/strong> es troba amb el <strong>hip hop<\/strong>;\u00a0on\u00a0l&#8217;<strong>electr\u00f2nica<\/strong>, el <strong>reggae<\/strong> i el <strong>funk<\/strong> conviuen en harmonia. On pots trobar un mon\u00f2leg i una performance, un correfoc popular i una gran diva del pop, unes ulleres de realitat virtual i l&#8217;escultura d&#8217;una ballarina gegant.<\/p>\n<p>Convertim un festival de m\u00fasica en una <strong>multiexperi\u00e8ncia<\/strong>\u00a0per a gent que t\u00e9 ganes de gaudir i tamb\u00e9 de descobrir. <strong>Gent inquieta<\/strong>, amb inter\u00e8s per l&#8217;art. Gent que t\u00e9 molt clar tot all\u00f2 que li agrada i que vol <strong>viure-ho tot<\/strong>.<\/p>\n<p class=\"p1\">A m\u00e9s, el Cru\u00eflla \u00e9s l&#8217;espai on les <strong>iniciatives socials<\/strong> tenen el seu micr\u00f2fon. Un festival que camina <strong>cap a l&#8217;eliminaci\u00f3 total del pl\u00e0stic<\/strong>. Un sin\u00f2nim de <strong>llibertat i respecte,<\/strong> totalment lliure d&#8217;agressions sexuals.<\/p>\n<p><\/p><\/div>\n<\/p><\/div>\n<div class=\"row \">\n<div class=\"columns large-12 small-12 medium-12   \">\n<p><img loading=\"lazy\" decoding=\"async\" class=\"alignnone wp-image-30943\" src=\"https:\/\/www.cruillabarcelona.com\/wp-content\/uploads\/2020\/03\/Premis_FestivalCruilla_cat_wide-800x259.jpg\" alt=\"\" width=\"1202\" height=\"108\" srcset=\"https:\/\/www.cruillabarcelona.com\/wp-content\/uploads\/2020\/03\/Premis_FestivalCruilla_cat_wide-1024x92.jpg 1024w, https:\/\/www.cruillabarcelona.com\/wp-content\/uploads\/2020\/03\/Premis_FestivalCruilla_cat_wide-768x69.jpg 768w, https:\/\/www.cruillabarcelona.com\/wp-content\/uploads\/2020\/03\/Premis_FestivalCruilla_cat_wide-1536x138.jpg 1536w, https:\/\/www.cruillabarcelona.com\/wp-content\/uploads\/2020\/03\/Premis_FestivalCruilla_cat_wide-2048x184.jpg 2048w, https:\/\/www.cruillabarcelona.com\/wp-content\/uploads\/2020\/03\/Premis_FestivalCruilla_cat_wide-300x27.jpg 300w, https:\/\/www.cruillabarcelona.com\/wp-content\/uploads\/2020\/03\/Premis_FestivalCruilla_cat_wide-1500x135.jpg 1500w\" sizes=\"auto, (max-width: 1202px) 100vw, 1202px\" \/><\/p>\n<p><\/p><\/div>\n<\/div>\n<div class=\"row \">\n<div class=\"columns large-4 small-12 medium-4   \">\n<p style=\"text-align: center;\"><img loading=\"lazy\" decoding=\"async\" class=\"alignnone wp-image-29569\" src=\"https:\/\/www.cruillabarcelona.com\/wp-content\/uploads\/2020\/01\/M6I4423_Photo_XaviTorrent-3-1.jpg\" alt=\"\" width=\"401\" height=\"267\" srcset=\"https:\/\/www.cruillabarcelona.com\/wp-content\/uploads\/2020\/01\/M6I4423_Photo_XaviTorrent-3-1.jpg 1071w, https:\/\/www.cruillabarcelona.com\/wp-content\/uploads\/2020\/01\/M6I4423_Photo_XaviTorrent-3-1-1024x683.jpg 1024w, https:\/\/www.cruillabarcelona.com\/wp-content\/uploads\/2020\/01\/M6I4423_Photo_XaviTorrent-3-1-768x512.jpg 768w, https:\/\/www.cruillabarcelona.com\/wp-content\/uploads\/2020\/01\/M6I4423_Photo_XaviTorrent-3-1-300x200.jpg 300w\" sizes=\"auto, (max-width: 401px) 100vw, 401px\" \/><br \/>\nSom caps de cartell internacionals i tamb\u00e9 m\u00fasics locals<\/p>\n<p><\/p><\/div>\n<div class=\"columns large-4 small-12 medium-4   \">\n<p style=\"text-align: center;\"><img loading=\"lazy\" decoding=\"async\" class=\"alignnone wp-image-29572 aligncenter\" src=\"https:\/\/www.cruillabarcelona.com\/wp-content\/uploads\/2020\/01\/M6I6890_Photo_XaviTorrent-2-1.jpg\" alt=\"\" width=\"400\" height=\"267\" srcset=\"https:\/\/www.cruillabarcelona.com\/wp-content\/uploads\/2020\/01\/M6I6890_Photo_XaviTorrent-2-1.jpg 799w, https:\/\/www.cruillabarcelona.com\/wp-content\/uploads\/2020\/01\/M6I6890_Photo_XaviTorrent-2-1-768x512.jpg 768w, https:\/\/www.cruillabarcelona.com\/wp-content\/uploads\/2020\/01\/M6I6890_Photo_XaviTorrent-2-1-300x200.jpg 300w\" sizes=\"auto, (max-width: 400px) 100vw, 400px\" \/>Som el festival on tens espai per ballar i seure a la gespa<\/p>\n<p><\/p><\/div>\n<div class=\"columns large-4 small-12 medium-4   \">\n<p style=\"text-align: center;\"><img loading=\"lazy\" decoding=\"async\" class=\"wp-image-29575 aligncenter\" src=\"https:\/\/www.cruillabarcelona.com\/wp-content\/uploads\/2020\/01\/ESPAIS_ACCIONS_LA-FURA-DELS-BAUS_K1A9458_Photo_XaviTorrent-1.jpg\" alt=\"\" width=\"400\" height=\"267\" srcset=\"https:\/\/www.cruillabarcelona.com\/wp-content\/uploads\/2020\/01\/ESPAIS_ACCIONS_LA-FURA-DELS-BAUS_K1A9458_Photo_XaviTorrent-1.jpg 1170w, https:\/\/www.cruillabarcelona.com\/wp-content\/uploads\/2020\/01\/ESPAIS_ACCIONS_LA-FURA-DELS-BAUS_K1A9458_Photo_XaviTorrent-1-1024x683.jpg 1024w, https:\/\/www.cruillabarcelona.com\/wp-content\/uploads\/2020\/01\/ESPAIS_ACCIONS_LA-FURA-DELS-BAUS_K1A9458_Photo_XaviTorrent-1-768x512.jpg 768w, https:\/\/www.cruillabarcelona.com\/wp-content\/uploads\/2020\/01\/ESPAIS_ACCIONS_LA-FURA-DELS-BAUS_K1A9458_Photo_XaviTorrent-1-300x200.jpg 300w\" sizes=\"auto, (max-width: 400px) 100vw, 400px\" \/>Som Arts &amp; Performance<\/p>\n<p><\/p><\/div>\n<\/div>\n<div class=\"row \">\n<div class=\"columns large-4 small-12 medium-4   \">\n<p style=\"text-align: center;\"><img loading=\"lazy\" decoding=\"async\" class=\"wp-image-29578 aligncenter\" src=\"https:\/\/www.cruillabarcelona.com\/wp-content\/uploads\/2020\/01\/190705_CRUILLA_akelarre-3-1.jpg\" alt=\"\" width=\"399\" height=\"266\" srcset=\"https:\/\/www.cruillabarcelona.com\/wp-content\/uploads\/2020\/01\/190705_CRUILLA_akelarre-3-1.jpg 1020w, https:\/\/www.cruillabarcelona.com\/wp-content\/uploads\/2020\/01\/190705_CRUILLA_akelarre-3-1-768x512.jpg 768w, https:\/\/www.cruillabarcelona.com\/wp-content\/uploads\/2020\/01\/190705_CRUILLA_akelarre-3-1-300x200.jpg 300w\" sizes=\"auto, (max-width: 399px) 100vw, 399px\" \/>Som cultura popular<\/p>\n<p><\/p><\/div>\n<div class=\"columns large-4 small-12 medium-4   \">\n<p style=\"text-align: center;\"><img loading=\"lazy\" decoding=\"async\" class=\"wp-image-29581 aligncenter\" src=\"https:\/\/www.cruillabarcelona.com\/wp-content\/uploads\/2020\/01\/IMG_2947-1.jpg\" alt=\"\" width=\"400\" height=\"267\" srcset=\"https:\/\/www.cruillabarcelona.com\/wp-content\/uploads\/2020\/01\/IMG_2947-1.jpg 1087w, https:\/\/www.cruillabarcelona.com\/wp-content\/uploads\/2020\/01\/IMG_2947-1-1024x683.jpg 1024w, https:\/\/www.cruillabarcelona.com\/wp-content\/uploads\/2020\/01\/IMG_2947-1-768x512.jpg 768w, https:\/\/www.cruillabarcelona.com\/wp-content\/uploads\/2020\/01\/IMG_2947-1-300x200.jpg 300w\" sizes=\"auto, (max-width: 400px) 100vw, 400px\" \/>Som el primer festival europeu amb una experi\u00e8ncia 5G<\/p>\n<p><\/p><\/div>\n<div class=\"columns large-4 small-12 medium-4   \">\n<p style=\"text-align: center;\"><img loading=\"lazy\" decoding=\"async\" class=\"alignnone wp-image-29585 aligncenter\" src=\"https:\/\/www.cruillabarcelona.com\/wp-content\/uploads\/2020\/01\/20190705_CRUILLA_Comedy_giselajane-9-1.jpg\" alt=\"\" width=\"399\" height=\"266\" srcset=\"https:\/\/www.cruillabarcelona.com\/wp-content\/uploads\/2020\/01\/20190705_CRUILLA_Comedy_giselajane-9-1.jpg 1040w, https:\/\/www.cruillabarcelona.com\/wp-content\/uploads\/2020\/01\/20190705_CRUILLA_Comedy_giselajane-9-1-1024x682.jpg 1024w, https:\/\/www.cruillabarcelona.com\/wp-content\/uploads\/2020\/01\/20190705_CRUILLA_Comedy_giselajane-9-1-768x512.jpg 768w, https:\/\/www.cruillabarcelona.com\/wp-content\/uploads\/2020\/01\/20190705_CRUILLA_Comedy_giselajane-9-1-300x200.jpg 300w\" sizes=\"auto, (max-width: 399px) 100vw, 399px\" \/>Som com\u00e8dia i arts esc\u00e8niques<\/p>\n<p><\/p><\/div>\n<div class=\"columns large-4 small-12 medium-4   \">\n<p style=\"text-align: center;\"><img loading=\"lazy\" decoding=\"async\" class=\"wp-image-29588 aligncenter\" src=\"https:\/\/www.cruillabarcelona.com\/wp-content\/uploads\/2020\/01\/A54A6038-1.jpg\" alt=\"\" width=\"400\" height=\"266\" srcset=\"https:\/\/www.cruillabarcelona.com\/wp-content\/uploads\/2020\/01\/A54A6038-1.jpg 1423w, https:\/\/www.cruillabarcelona.com\/wp-content\/uploads\/2020\/01\/A54A6038-1-1024x682.jpg 1024w, https:\/\/www.cruillabarcelona.com\/wp-content\/uploads\/2020\/01\/A54A6038-1-768x512.jpg 768w, https:\/\/www.cruillabarcelona.com\/wp-content\/uploads\/2020\/01\/A54A6038-1-300x200.jpg 300w\" sizes=\"auto, (max-width: 400px) 100vw, 400px\" \/>Som idees, debats i nous punts de vista<\/p>\n<p><\/p><\/div>\n<\/div>\n","protected":false},"excerpt":{"rendered":"","protected":false},"author":2,"featured_media":30149,"parent":0,"menu_order":0,"comment_status":"closed","ping_status":"closed","template":"page-templates\/page-landing.php","meta":{"_acf_changed":false,"footnotes":""},"class_list":["post-28844","page","type-page","status-publish","has-post-thumbnail","hentry"],"acf":[],"yoast_head":"<!-- This site is optimized with the Yoast SEO plugin v27.3 - https:\/\/yoast.com\/product\/yoast-seo-wordpress\/ -->\n<title>Qui som? - Festival Cru\u00eflla<\/title>\n<meta name=\"robots\" content=\"index, follow, max-snippet:-1, max-image-preview:large, max-video-preview:-1\" \/>\n<link rel=\"canonical\" href=\"https:\/\/www.cruillabarcelona.com\/ca\/qui-som\/\" \/>\n<meta property=\"og:locale\" content=\"ca_ES\" \/>\n<meta property=\"og:type\" content=\"article\" \/>\n<meta property=\"og:title\" content=\"Qui som? - Festival Cru\u00eflla\" \/>\n<meta property=\"og:url\" content=\"https:\/\/www.cruillabarcelona.com\/ca\/qui-som\/\" \/>\n<meta property=\"og:site_name\" content=\"Festival Cru\u00eflla\" \/>\n<meta property=\"article:modified_time\" content=\"2020-03-03T09:39:34+00:00\" \/>\n<meta property=\"og:image\" content=\"https:\/\/www.cruillabarcelona.com\/wp-content\/uploads\/2020\/02\/BIKUS_CRUILLA2019_IMG-1193-1.jpg\" \/>\n\t<meta property=\"og:image:width\" content=\"1500\" \/>\n\t<meta property=\"og:image:height\" content=\"500\" \/>\n\t<meta property=\"og:image:type\" content=\"image\/jpeg\" \/>\n<meta name=\"twitter:card\" content=\"summary_large_image\" \/>\n<meta name=\"twitter:label1\" content=\"Temps estimat de lectura\" \/>\n\t<meta name=\"twitter:data1\" content=\"1 minut\" \/>\n<script type=\"application\/ld+json\" class=\"yoast-schema-graph\">{\"@context\":\"https:\\\/\\\/schema.org\",\"@graph\":[{\"@type\":\"WebPage\",\"@id\":\"https:\\\/\\\/www.cruillabarcelona.com\\\/ca\\\/qui-som\\\/\",\"url\":\"https:\\\/\\\/www.cruillabarcelona.com\\\/ca\\\/qui-som\\\/\",\"name\":\"Qui som? - Festival Cru\u00eflla\",\"isPartOf\":{\"@id\":\"https:\\\/\\\/www.cruillabarcelona.com\\\/ca\\\/#website\"},\"primaryImageOfPage\":{\"@id\":\"https:\\\/\\\/www.cruillabarcelona.com\\\/ca\\\/qui-som\\\/#primaryimage\"},\"image\":{\"@id\":\"https:\\\/\\\/www.cruillabarcelona.com\\\/ca\\\/qui-som\\\/#primaryimage\"},\"thumbnailUrl\":\"https:\\\/\\\/www.cruillabarcelona.com\\\/wp-content\\\/uploads\\\/2020\\\/02\\\/BIKUS_CRUILLA2019_IMG-1193-1.jpg\",\"datePublished\":\"2019-12-04T10:20:57+00:00\",\"dateModified\":\"2020-03-03T09:39:34+00:00\",\"breadcrumb\":{\"@id\":\"https:\\\/\\\/www.cruillabarcelona.com\\\/ca\\\/qui-som\\\/#breadcrumb\"},\"inLanguage\":\"ca\",\"potentialAction\":[{\"@type\":\"ReadAction\",\"target\":[\"https:\\\/\\\/www.cruillabarcelona.com\\\/ca\\\/qui-som\\\/\"]}]},{\"@type\":\"ImageObject\",\"inLanguage\":\"ca\",\"@id\":\"https:\\\/\\\/www.cruillabarcelona.com\\\/ca\\\/qui-som\\\/#primaryimage\",\"url\":\"https:\\\/\\\/www.cruillabarcelona.com\\\/wp-content\\\/uploads\\\/2020\\\/02\\\/BIKUS_CRUILLA2019_IMG-1193-1.jpg\",\"contentUrl\":\"https:\\\/\\\/www.cruillabarcelona.com\\\/wp-content\\\/uploads\\\/2020\\\/02\\\/BIKUS_CRUILLA2019_IMG-1193-1.jpg\",\"width\":1500,\"height\":500},{\"@type\":\"BreadcrumbList\",\"@id\":\"https:\\\/\\\/www.cruillabarcelona.com\\\/ca\\\/qui-som\\\/#breadcrumb\",\"itemListElement\":[{\"@type\":\"ListItem\",\"position\":1,\"name\":\"Home\",\"item\":\"https:\\\/\\\/www.cruillabarcelona.com\\\/ca\\\/\"},{\"@type\":\"ListItem\",\"position\":2,\"name\":\"Qui som?\"}]},{\"@type\":\"WebSite\",\"@id\":\"https:\\\/\\\/www.cruillabarcelona.com\\\/ca\\\/#website\",\"url\":\"https:\\\/\\\/www.cruillabarcelona.com\\\/ca\\\/\",\"name\":\"Festival Cru\u00eflla\",\"description\":\"\",\"potentialAction\":[{\"@type\":\"SearchAction\",\"target\":{\"@type\":\"EntryPoint\",\"urlTemplate\":\"https:\\\/\\\/www.cruillabarcelona.com\\\/ca\\\/?s={search_term_string}\"},\"query-input\":{\"@type\":\"PropertyValueSpecification\",\"valueRequired\":true,\"valueName\":\"search_term_string\"}}],\"inLanguage\":\"ca\"}]}<\/script>\n<!-- \/ Yoast SEO plugin. -->","yoast_head_json":{"title":"Qui som? - Festival Cru\u00eflla","robots":{"index":"index","follow":"follow","max-snippet":"max-snippet:-1","max-image-preview":"max-image-preview:large","max-video-preview":"max-video-preview:-1"},"canonical":"https:\/\/www.cruillabarcelona.com\/ca\/qui-som\/","og_locale":"ca_ES","og_type":"article","og_title":"Qui som? - Festival Cru\u00eflla","og_url":"https:\/\/www.cruillabarcelona.com\/ca\/qui-som\/","og_site_name":"Festival Cru\u00eflla","article_modified_time":"2020-03-03T09:39:34+00:00","og_image":[{"width":1500,"height":500,"url":"https:\/\/www.cruillabarcelona.com\/wp-content\/uploads\/2020\/02\/BIKUS_CRUILLA2019_IMG-1193-1.jpg","type":"image\/jpeg"}],"twitter_card":"summary_large_image","twitter_misc":{"Temps estimat de lectura":"1 minut"},"schema":{"@context":"https:\/\/schema.org","@graph":[{"@type":"WebPage","@id":"https:\/\/www.cruillabarcelona.com\/ca\/qui-som\/","url":"https:\/\/www.cruillabarcelona.com\/ca\/qui-som\/","name":"Qui som? - Festival Cru\u00eflla","isPartOf":{"@id":"https:\/\/www.cruillabarcelona.com\/ca\/#website"},"primaryImageOfPage":{"@id":"https:\/\/www.cruillabarcelona.com\/ca\/qui-som\/#primaryimage"},"image":{"@id":"https:\/\/www.cruillabarcelona.com\/ca\/qui-som\/#primaryimage"},"thumbnailUrl":"https:\/\/www.cruillabarcelona.com\/wp-content\/uploads\/2020\/02\/BIKUS_CRUILLA2019_IMG-1193-1.jpg","datePublished":"2019-12-04T10:20:57+00:00","dateModified":"2020-03-03T09:39:34+00:00","breadcrumb":{"@id":"https:\/\/www.cruillabarcelona.com\/ca\/qui-som\/#breadcrumb"},"inLanguage":"ca","potentialAction":[{"@type":"ReadAction","target":["https:\/\/www.cruillabarcelona.com\/ca\/qui-som\/"]}]},{"@type":"ImageObject","inLanguage":"ca","@id":"https:\/\/www.cruillabarcelona.com\/ca\/qui-som\/#primaryimage","url":"https:\/\/www.cruillabarcelona.com\/wp-content\/uploads\/2020\/02\/BIKUS_CRUILLA2019_IMG-1193-1.jpg","contentUrl":"https:\/\/www.cruillabarcelona.com\/wp-content\/uploads\/2020\/02\/BIKUS_CRUILLA2019_IMG-1193-1.jpg","width":1500,"height":500},{"@type":"BreadcrumbList","@id":"https:\/\/www.cruillabarcelona.com\/ca\/qui-som\/#breadcrumb","itemListElement":[{"@type":"ListItem","position":1,"name":"Home","item":"https:\/\/www.cruillabarcelona.com\/ca\/"},{"@type":"ListItem","position":2,"name":"Qui som?"}]},{"@type":"WebSite","@id":"https:\/\/www.cruillabarcelona.com\/ca\/#website","url":"https:\/\/www.cruillabarcelona.com\/ca\/","name":"Festival Cru\u00eflla","description":"","potentialAction":[{"@type":"SearchAction","target":{"@type":"EntryPoint","urlTemplate":"https:\/\/www.cruillabarcelona.com\/ca\/?s={search_term_string}"},"query-input":{"@type":"PropertyValueSpecification","valueRequired":true,"valueName":"search_term_string"}}],"inLanguage":"ca"}]}},"_links":{"self":[{"href":"https:\/\/www.cruillabarcelona.com\/ca\/wp-json\/wp\/v2\/pages\/28844","targetHints":{"allow":["GET"]}}],"collection":[{"href":"https:\/\/www.cruillabarcelona.com\/ca\/wp-json\/wp\/v2\/pages"}],"about":[{"href":"https:\/\/www.cruillabarcelona.com\/ca\/wp-json\/wp\/v2\/types\/page"}],"author":[{"embeddable":true,"href":"https:\/\/www.cruillabarcelona.com\/ca\/wp-json\/wp\/v2\/users\/2"}],"replies":[{"embeddable":true,"href":"https:\/\/www.cruillabarcelona.com\/ca\/wp-json\/wp\/v2\/comments?post=28844"}],"version-history":[{"count":0,"href":"https:\/\/www.cruillabarcelona.com\/ca\/wp-json\/wp\/v2\/pages\/28844\/revisions"}],"wp:featuredmedia":[{"embeddable":true,"href":"https:\/\/www.cruillabarcelona.com\/ca\/wp-json\/wp\/v2\/media\/30149"}],"wp:attachment":[{"href":"https:\/\/www.cruillabarcelona.com\/ca\/wp-json\/wp\/v2\/media?parent=28844"}],"curies":[{"name":"wp","href":"https:\/\/api.w.org\/{rel}","templated":true}]}}