{"id":3544,"date":"2024-02-22T13:40:17","date_gmt":"2024-02-22T11:40:17","guid":{"rendered":"https:\/\/www.cruillabarcelona.com\/?page_id=3544\/"},"modified":"2024-02-22T18:30:47","modified_gmt":"2024-02-22T16:30:47","slug":"pet-shop-boys","status":"publish","type":"page","link":"https:\/\/www.cruillabarcelona.com\/ca\/pet-shop-boys\/","title":{"rendered":"Pet Shop Boys"},"content":{"rendered":"<h2>PET SHOP BOYS EN CONCERT AL FESTIVAL CRU\u00cfLLA 2024!<\/h2>\n<h3>PER SEMPRE DINS LA MENT<\/h3>\n<p>Han passat quaranta anys des que van publicar les seves primeres can\u00e7ons per\u00f2 el seu llegat segueix tant viu com el primer dia. \u00c9s per aix\u00f2 que aquest duet brit\u00e0nic s\u2019ha convertit en tota una llegenda, no nom\u00e9s a Regne Unit sin\u00f3 a tot el m\u00f3n, i que per a qualsevol festival poder comptar amb ells al seu cartell \u00e9s tot un somni fet realitat.<\/p>\n<p>El pr\u00f2xim 13 de juliol Pet Shop Boys aterraran al Festival Cru\u00eflla 2024 per portar-nos el seu directe \u00fanic sota el nom de \u2018DREAMWORLD\u2019, el seu espectacle de greatest hits!<\/p>\n<hr \/>\n<p style=\"text-align: center;\"><em><b>Compra aqu\u00ed les teves entrades o abonaments pel Cru\u00eflla 2024<\/b><\/em><\/p>\n<p style=\"text-align: center;\"><a class=\"button round large\" href=\"https:\/\/www.cruillabarcelona.com\/ca\/tickets\/\" target=\"_blank\" rel=\"noopener\"><i class=\"glyphicon fi-ticket\"><\/i>\u00a0ENTRADES<\/a><\/p>\n<hr \/>\n<p>Encara que la seva m\u00fasica pot emmarcar-se dins del pop, aquest grup londinenc no ha deixat mai d\u2019investigar el g\u00e8nere creant noves tend\u00e8ncies, proposant noves est\u00e8tiques i donant forma a la m\u00fasica contempor\u00e0nia a trav\u00e9s dels 14 discos que han publicat. El pr\u00f2xim abril, Pet Shop Boys estrenaran el seu quinz\u00e8 \u00e0lbum d\u2019estudi, \u2018Nonetheless\u2019, amb el que volen seguir trencant r\u00e8cords i devorant les llistes d\u2019\u00e8xits del seu pa\u00eds.<\/p>\n<p>Reconeguts tamb\u00e9 per la seva tasca com a compositors, productors i mescladors d\u2019artistes com Lady Gaga, Madonna, David Bowie o The Killers, Neil Tennant i Chris Love s\u2019uneixen al cartell del Festival Cru\u00eflla 2024 per regalar-nos un concert que durem per sempre dins la ment.<\/p>\n<hr \/>\n<p class=\"p1\">L\u2019entrada et dona dret a gaudir de tots els concerts programats aquell dia, a part de Pet Shop Boys, podr\u00e0s veure a:<\/p>\n<p><strong>The Smashing Pumpkins<\/strong>, <strong>Aurora<\/strong>, <strong>!!!<\/strong> <strong>(Chk Chk CHk)<\/strong> , <strong>Johnny Marr<\/strong>, <strong>Oques Grasses<\/strong>, <strong>La La Love You<\/strong>, <strong>Calexico<\/strong>, \u00a0<strong>The Tyets<\/strong>, <strong>Peter Fox <\/strong>i molts m\u00e9s!<\/p>\n<p class=\"p1\">Trobar\u00e0s <strong>tota la programaci\u00f3 dels 4 dies<\/strong> del Festival Cru\u00eflla 2024, <a href=\"https:\/\/www.cruillabarcelona.com\/ca\/artistes-festival-cruilla-2024\/\">AQU\u00cd<\/a><\/p>\n","protected":false},"excerpt":{"rendered":"PET SHOP BOYS EN CONCERT AL FESTIVAL CRU\u00cfLLA 2024! PER SEMPRE DINS LA MENT Han passat quaranta anys des que van publicar les seves primeres can\u00e7ons per\u00f2 el seu llegat segueix tant viu com el primer dia. \u00c9s per aix\u00f2 que aquest duet brit\u00e0nic s\u2019ha convertit en tota una llegenda, no nom\u00e9s a Regne Unit&#8230; <a class=\"view-article\" href=\"https:\/\/www.cruillabarcelona.com\/ca\/pet-shop-boys\/\">View Article<\/a>","protected":false},"author":7,"featured_media":3550,"parent":0,"menu_order":0,"comment_status":"closed","ping_status":"closed","template":"page-templates\/page-landing.php","meta":{"_acf_changed":false,"footnotes":""},"class_list":["post-3544","page","type-page","status-publish","has-post-thumbnail","hentry"],"acf":[],"yoast_head":"<!-- This site is optimized with the Yoast SEO plugin v27.3 - https:\/\/yoast.com\/product\/yoast-seo-wordpress\/ -->\n<title>Pet Shop Boys en concert al Festival Cru\u00eflla 2024<\/title>\n<meta name=\"description\" content=\"Compra la teva entrada o abonament al web oficial del festival. Pet Shop Boys, i molts artistes m\u00e9s, actuaran el dissabte 13 de juliol.\" \/>\n<meta name=\"robots\" content=\"index, follow, max-snippet:-1, max-image-preview:large, max-video-preview:-1\" \/>\n<link rel=\"canonical\" href=\"https:\/\/www.cruillabarcelona.com\/ca\/pet-shop-boys\/\" \/>\n<meta property=\"og:locale\" content=\"ca_ES\" \/>\n<meta property=\"og:type\" content=\"article\" \/>\n<meta property=\"og:title\" content=\"Pet Shop Boys en concert al Festival Cru\u00eflla 2024\" \/>\n<meta property=\"og:description\" content=\"Compra la teva entrada o abonament al web oficial del festival. Pet Shop Boys, i molts artistes m\u00e9s, actuaran el dissabte 13 de juliol.\" \/>\n<meta property=\"og:url\" content=\"https:\/\/www.cruillabarcelona.com\/ca\/pet-shop-boys\/\" \/>\n<meta property=\"og:site_name\" content=\"Festival Cru\u00eflla\" \/>\n<meta property=\"article:modified_time\" content=\"2024-02-22T16:30:47+00:00\" \/>\n<meta property=\"og:image\" content=\"https:\/\/www.cruillabarcelona.com\/wp-content\/uploads\/2017\/03\/PSB-1200x628px-IMAGEN.jpg\" \/>\n\t<meta property=\"og:image:width\" content=\"1200\" \/>\n\t<meta property=\"og:image:height\" content=\"628\" \/>\n\t<meta property=\"og:image:type\" content=\"image\/jpeg\" \/>\n<meta name=\"twitter:card\" content=\"summary_large_image\" \/>\n<meta name=\"twitter:label1\" content=\"Temps estimat de lectura\" \/>\n\t<meta name=\"twitter:data1\" content=\"2 minuts\" \/>\n<script type=\"application\/ld+json\" class=\"yoast-schema-graph\">{\"@context\":\"https:\\\/\\\/schema.org\",\"@graph\":[{\"@type\":\"WebPage\",\"@id\":\"https:\\\/\\\/www.cruillabarcelona.com\\\/ca\\\/pet-shop-boys\\\/\",\"url\":\"https:\\\/\\\/www.cruillabarcelona.com\\\/ca\\\/pet-shop-boys\\\/\",\"name\":\"Pet Shop Boys en concert al Festival Cru\u00eflla 2024\",\"isPartOf\":{\"@id\":\"https:\\\/\\\/www.cruillabarcelona.com\\\/ca\\\/#website\"},\"primaryImageOfPage\":{\"@id\":\"https:\\\/\\\/www.cruillabarcelona.com\\\/ca\\\/pet-shop-boys\\\/#primaryimage\"},\"image\":{\"@id\":\"https:\\\/\\\/www.cruillabarcelona.com\\\/ca\\\/pet-shop-boys\\\/#primaryimage\"},\"thumbnailUrl\":\"https:\\\/\\\/www.cruillabarcelona.com\\\/wp-content\\\/uploads\\\/2017\\\/03\\\/PSB-1200x628px-IMAGEN.jpg\",\"datePublished\":\"2024-02-22T11:40:17+00:00\",\"dateModified\":\"2024-02-22T16:30:47+00:00\",\"description\":\"Compra la teva entrada o abonament al web oficial del festival. Pet Shop Boys, i molts artistes m\u00e9s, actuaran el dissabte 13 de juliol.\",\"breadcrumb\":{\"@id\":\"https:\\\/\\\/www.cruillabarcelona.com\\\/ca\\\/pet-shop-boys\\\/#breadcrumb\"},\"inLanguage\":\"ca\",\"potentialAction\":[{\"@type\":\"ReadAction\",\"target\":[\"https:\\\/\\\/www.cruillabarcelona.com\\\/ca\\\/pet-shop-boys\\\/\"]}]},{\"@type\":\"ImageObject\",\"inLanguage\":\"ca\",\"@id\":\"https:\\\/\\\/www.cruillabarcelona.com\\\/ca\\\/pet-shop-boys\\\/#primaryimage\",\"url\":\"https:\\\/\\\/www.cruillabarcelona.com\\\/wp-content\\\/uploads\\\/2017\\\/03\\\/PSB-1200x628px-IMAGEN.jpg\",\"contentUrl\":\"https:\\\/\\\/www.cruillabarcelona.com\\\/wp-content\\\/uploads\\\/2017\\\/03\\\/PSB-1200x628px-IMAGEN.jpg\",\"width\":1200,\"height\":628},{\"@type\":\"BreadcrumbList\",\"@id\":\"https:\\\/\\\/www.cruillabarcelona.com\\\/ca\\\/pet-shop-boys\\\/#breadcrumb\",\"itemListElement\":[{\"@type\":\"ListItem\",\"position\":1,\"name\":\"Home\",\"item\":\"https:\\\/\\\/www.cruillabarcelona.com\\\/ca\\\/\"},{\"@type\":\"ListItem\",\"position\":2,\"name\":\"Pet Shop Boys\"}]},{\"@type\":\"WebSite\",\"@id\":\"https:\\\/\\\/www.cruillabarcelona.com\\\/ca\\\/#website\",\"url\":\"https:\\\/\\\/www.cruillabarcelona.com\\\/ca\\\/\",\"name\":\"Festival Cru\u00eflla\",\"description\":\"\",\"potentialAction\":[{\"@type\":\"SearchAction\",\"target\":{\"@type\":\"EntryPoint\",\"urlTemplate\":\"https:\\\/\\\/www.cruillabarcelona.com\\\/ca\\\/?s={search_term_string}\"},\"query-input\":{\"@type\":\"PropertyValueSpecification\",\"valueRequired\":true,\"valueName\":\"search_term_string\"}}],\"inLanguage\":\"ca\"}]}<\/script>\n<!-- \/ Yoast SEO plugin. -->","yoast_head_json":{"title":"Pet Shop Boys en concert al Festival Cru\u00eflla 2024","description":"Compra la teva entrada o abonament al web oficial del festival. Pet Shop Boys, i molts artistes m\u00e9s, actuaran el dissabte 13 de juliol.","robots":{"index":"index","follow":"follow","max-snippet":"max-snippet:-1","max-image-preview":"max-image-preview:large","max-video-preview":"max-video-preview:-1"},"canonical":"https:\/\/www.cruillabarcelona.com\/ca\/pet-shop-boys\/","og_locale":"ca_ES","og_type":"article","og_title":"Pet Shop Boys en concert al Festival Cru\u00eflla 2024","og_description":"Compra la teva entrada o abonament al web oficial del festival. Pet Shop Boys, i molts artistes m\u00e9s, actuaran el dissabte 13 de juliol.","og_url":"https:\/\/www.cruillabarcelona.com\/ca\/pet-shop-boys\/","og_site_name":"Festival Cru\u00eflla","article_modified_time":"2024-02-22T16:30:47+00:00","og_image":[{"width":1200,"height":628,"url":"https:\/\/www.cruillabarcelona.com\/wp-content\/uploads\/2017\/03\/PSB-1200x628px-IMAGEN.jpg","type":"image\/jpeg"}],"twitter_card":"summary_large_image","twitter_misc":{"Temps estimat de lectura":"2 minuts"},"schema":{"@context":"https:\/\/schema.org","@graph":[{"@type":"WebPage","@id":"https:\/\/www.cruillabarcelona.com\/ca\/pet-shop-boys\/","url":"https:\/\/www.cruillabarcelona.com\/ca\/pet-shop-boys\/","name":"Pet Shop Boys en concert al Festival Cru\u00eflla 2024","isPartOf":{"@id":"https:\/\/www.cruillabarcelona.com\/ca\/#website"},"primaryImageOfPage":{"@id":"https:\/\/www.cruillabarcelona.com\/ca\/pet-shop-boys\/#primaryimage"},"image":{"@id":"https:\/\/www.cruillabarcelona.com\/ca\/pet-shop-boys\/#primaryimage"},"thumbnailUrl":"https:\/\/www.cruillabarcelona.com\/wp-content\/uploads\/2017\/03\/PSB-1200x628px-IMAGEN.jpg","datePublished":"2024-02-22T11:40:17+00:00","dateModified":"2024-02-22T16:30:47+00:00","description":"Compra la teva entrada o abonament al web oficial del festival. Pet Shop Boys, i molts artistes m\u00e9s, actuaran el dissabte 13 de juliol.","breadcrumb":{"@id":"https:\/\/www.cruillabarcelona.com\/ca\/pet-shop-boys\/#breadcrumb"},"inLanguage":"ca","potentialAction":[{"@type":"ReadAction","target":["https:\/\/www.cruillabarcelona.com\/ca\/pet-shop-boys\/"]}]},{"@type":"ImageObject","inLanguage":"ca","@id":"https:\/\/www.cruillabarcelona.com\/ca\/pet-shop-boys\/#primaryimage","url":"https:\/\/www.cruillabarcelona.com\/wp-content\/uploads\/2017\/03\/PSB-1200x628px-IMAGEN.jpg","contentUrl":"https:\/\/www.cruillabarcelona.com\/wp-content\/uploads\/2017\/03\/PSB-1200x628px-IMAGEN.jpg","width":1200,"height":628},{"@type":"BreadcrumbList","@id":"https:\/\/www.cruillabarcelona.com\/ca\/pet-shop-boys\/#breadcrumb","itemListElement":[{"@type":"ListItem","position":1,"name":"Home","item":"https:\/\/www.cruillabarcelona.com\/ca\/"},{"@type":"ListItem","position":2,"name":"Pet Shop Boys"}]},{"@type":"WebSite","@id":"https:\/\/www.cruillabarcelona.com\/ca\/#website","url":"https:\/\/www.cruillabarcelona.com\/ca\/","name":"Festival Cru\u00eflla","description":"","potentialAction":[{"@type":"SearchAction","target":{"@type":"EntryPoint","urlTemplate":"https:\/\/www.cruillabarcelona.com\/ca\/?s={search_term_string}"},"query-input":{"@type":"PropertyValueSpecification","valueRequired":true,"valueName":"search_term_string"}}],"inLanguage":"ca"}]}},"_links":{"self":[{"href":"https:\/\/www.cruillabarcelona.com\/ca\/wp-json\/wp\/v2\/pages\/3544","targetHints":{"allow":["GET"]}}],"collection":[{"href":"https:\/\/www.cruillabarcelona.com\/ca\/wp-json\/wp\/v2\/pages"}],"about":[{"href":"https:\/\/www.cruillabarcelona.com\/ca\/wp-json\/wp\/v2\/types\/page"}],"author":[{"embeddable":true,"href":"https:\/\/www.cruillabarcelona.com\/ca\/wp-json\/wp\/v2\/users\/7"}],"replies":[{"embeddable":true,"href":"https:\/\/www.cruillabarcelona.com\/ca\/wp-json\/wp\/v2\/comments?post=3544"}],"version-history":[{"count":2,"href":"https:\/\/www.cruillabarcelona.com\/ca\/wp-json\/wp\/v2\/pages\/3544\/revisions"}],"predecessor-version":[{"id":51676,"href":"https:\/\/www.cruillabarcelona.com\/ca\/wp-json\/wp\/v2\/pages\/3544\/revisions\/51676"}],"wp:featuredmedia":[{"embeddable":true,"href":"https:\/\/www.cruillabarcelona.com\/ca\/wp-json\/wp\/v2\/media\/3550"}],"wp:attachment":[{"href":"https:\/\/www.cruillabarcelona.com\/ca\/wp-json\/wp\/v2\/media?parent=3544"}],"curies":[{"name":"wp","href":"https:\/\/api.w.org\/{rel}","templated":true}]}}