{"id":39256,"date":"2021-10-14T17:32:17","date_gmt":"2021-10-14T15:32:17","guid":{"rendered":"https:\/\/www.cruillabarcelona.com\/?page_id=39256"},"modified":"2021-10-14T18:35:05","modified_gmt":"2021-10-14T16:35:05","slug":"menors-concerts","status":"publish","type":"page","link":"https:\/\/www.cruillabarcelona.com\/ca\/menors-concerts\/","title":{"rendered":"Menors d&#8217;edat als concerts"},"content":{"rendered":"<p><strong>MENORS D\u2019EDAT<\/strong><\/p>\n<p>L\u2019acc\u00e9s dels menors d\u2019edat als <strong>concerts celebrats en altres espais com sales de concerts, pavellons o auditoris<\/strong>, requerir\u00e0 el pagament de l\u2019entrada a preu normal i els menors fins a 15 anys inclosos, hauran d\u2019anar acompanyats del pare, mare o tutor legal d\u2019acord amb els criteris indicats anteriorment per a cada edat.<\/p>\n<p>L\u2019acc\u00e9s dels menors d\u2019edat a qualsevol dels esdeveniments de CRU\u00cfLLA BARCELONA requerir\u00e0 mostrar l\u2019entrada en el control d\u2019acc\u00e9s al recinte. En cas que l\u2019acompanyament del menor sigui requisit per a accedir als recintes, el pare, la mare o tutor legal hauran de presentar el DNI i llibre de fam\u00edlia o document legal equivalent que acrediti la relaci\u00f3 de l\u2019acompanyant amb el menor. El menor i l\u2019acompanyant en cas que procedeixi hauran de portar en tot moment el DNI o document d\u2019identificaci\u00f3 equivalent per si l\u2019Organitzaci\u00f3 requer\u00eds l\u2019acreditaci\u00f3 de la seva identitat. Aix\u00ed mateix, els menors fins a 15 anys (inclosos) seran identificats amb una polsera que hauran de portar visible en tot moment.<\/p>\n<p>En cas que l\u2019acompanyant del menor no sigui ni el pare, ni la mare, ni el tutor legal, far\u00e0 falta que l\u2019acompanyant present una autoritzaci\u00f3 signada pel pare, la mare o el tutor legal del menor, juntament amb fotoc\u00f2pia del DNI del pare, mare o tutor legal i el llibre de fam\u00edlia o document legal equivalent que acrediti la relaci\u00f3 de l\u2019autoritzant amb el menor.<\/p>\n<p>En tot cas el responsable del menor haur\u00e0 de signar un document d\u2019exoneraci\u00f3 de responsabilitat del Festival, que es facilitar\u00e0 a aquest efecte en l\u2019entrada dels recintes i que es pot descarregar directament des d\u2019aquest <a href=\"https:\/\/www.cruillabarcelona.com\/arxius\/cat-document-menors-tutor2021.pdf\">enlla\u00e7<\/a>. L\u2019acompanyant ser\u00e0 responsable de qualsevol acci\u00f3 o omissi\u00f3 del menor durant l\u2019estada als recintes.<\/p>\n<p>L\u2019Organitzaci\u00f3 lliurar\u00e0, en cas que els acompanyants dels menors ho sol\u00b7licitin, taps per a les orelles o auriculars per a reduir els efectes del volum del so.<\/p>\n<p><a href=\"https:\/\/www.cruillabarcelona.com\/arxius\/cat-document-menors-tutor2021.pdf\"><em><strong>Document exoneraci\u00f3 de responsabilitat<\/strong><\/em><\/a><\/p>\n","protected":false},"excerpt":{"rendered":"MENORS D\u2019EDAT L\u2019acc\u00e9s dels menors d\u2019edat als concerts celebrats en altres espais com sales de concerts, pavellons o auditoris, requerir\u00e0 el pagament de l\u2019entrada a preu normal i els menors fins a 15 anys inclosos, hauran d\u2019anar acompanyats del pare, mare o tutor legal d\u2019acord amb els criteris indicats anteriorment per a cada edat. L\u2019acc\u00e9s&#8230; <a class=\"view-article\" href=\"https:\/\/www.cruillabarcelona.com\/ca\/menors-concerts\/\">View Article<\/a>","protected":false},"author":2,"featured_media":0,"parent":0,"menu_order":0,"comment_status":"closed","ping_status":"closed","template":"","meta":{"_acf_changed":false,"footnotes":""},"class_list":["post-39256","page","type-page","status-publish","hentry"],"acf":[],"yoast_head":"<!-- This site is optimized with the Yoast SEO plugin v27.3 - https:\/\/yoast.com\/product\/yoast-seo-wordpress\/ -->\n<title>Menors d&#039;edat als concerts - Festival Cru\u00eflla<\/title>\n<meta name=\"robots\" content=\"index, follow, max-snippet:-1, max-image-preview:large, max-video-preview:-1\" \/>\n<link rel=\"canonical\" href=\"https:\/\/www.cruillabarcelona.com\/ca\/menors-concerts\/\" \/>\n<meta property=\"og:locale\" content=\"ca_ES\" \/>\n<meta property=\"og:type\" content=\"article\" \/>\n<meta property=\"og:title\" content=\"Menors d&#039;edat als concerts - Festival Cru\u00eflla\" \/>\n<meta property=\"og:description\" content=\"MENORS D\u2019EDAT L\u2019acc\u00e9s dels menors d\u2019edat als concerts celebrats en altres espais com sales de concerts, pavellons o auditoris, requerir\u00e0 el pagament de l\u2019entrada a preu normal i els menors fins a 15 anys inclosos, hauran d\u2019anar acompanyats del pare, mare o tutor legal d\u2019acord amb els criteris indicats anteriorment per a cada edat. L\u2019acc\u00e9s... View Article\" \/>\n<meta property=\"og:url\" content=\"https:\/\/www.cruillabarcelona.com\/ca\/menors-concerts\/\" \/>\n<meta property=\"og:site_name\" content=\"Festival Cru\u00eflla\" \/>\n<meta property=\"article:modified_time\" content=\"2021-10-14T16:35:05+00:00\" \/>\n<meta name=\"twitter:card\" content=\"summary_large_image\" \/>\n<meta name=\"twitter:label1\" content=\"Temps estimat de lectura\" \/>\n\t<meta name=\"twitter:data1\" content=\"2 minuts\" \/>\n<script type=\"application\/ld+json\" class=\"yoast-schema-graph\">{\"@context\":\"https:\\\/\\\/schema.org\",\"@graph\":[{\"@type\":\"WebPage\",\"@id\":\"https:\\\/\\\/www.cruillabarcelona.com\\\/ca\\\/menors-concerts\\\/\",\"url\":\"https:\\\/\\\/www.cruillabarcelona.com\\\/ca\\\/menors-concerts\\\/\",\"name\":\"Menors d'edat als concerts - Festival Cru\u00eflla\",\"isPartOf\":{\"@id\":\"https:\\\/\\\/www.cruillabarcelona.com\\\/ca\\\/#website\"},\"datePublished\":\"2021-10-14T15:32:17+00:00\",\"dateModified\":\"2021-10-14T16:35:05+00:00\",\"breadcrumb\":{\"@id\":\"https:\\\/\\\/www.cruillabarcelona.com\\\/ca\\\/menors-concerts\\\/#breadcrumb\"},\"inLanguage\":\"ca\",\"potentialAction\":[{\"@type\":\"ReadAction\",\"target\":[\"https:\\\/\\\/www.cruillabarcelona.com\\\/ca\\\/menors-concerts\\\/\"]}]},{\"@type\":\"BreadcrumbList\",\"@id\":\"https:\\\/\\\/www.cruillabarcelona.com\\\/ca\\\/menors-concerts\\\/#breadcrumb\",\"itemListElement\":[{\"@type\":\"ListItem\",\"position\":1,\"name\":\"Home\",\"item\":\"https:\\\/\\\/www.cruillabarcelona.com\\\/ca\\\/\"},{\"@type\":\"ListItem\",\"position\":2,\"name\":\"Menors d&#8217;edat als concerts\"}]},{\"@type\":\"WebSite\",\"@id\":\"https:\\\/\\\/www.cruillabarcelona.com\\\/ca\\\/#website\",\"url\":\"https:\\\/\\\/www.cruillabarcelona.com\\\/ca\\\/\",\"name\":\"Festival Cru\u00eflla\",\"description\":\"\",\"potentialAction\":[{\"@type\":\"SearchAction\",\"target\":{\"@type\":\"EntryPoint\",\"urlTemplate\":\"https:\\\/\\\/www.cruillabarcelona.com\\\/ca\\\/?s={search_term_string}\"},\"query-input\":{\"@type\":\"PropertyValueSpecification\",\"valueRequired\":true,\"valueName\":\"search_term_string\"}}],\"inLanguage\":\"ca\"}]}<\/script>\n<!-- \/ Yoast SEO plugin. -->","yoast_head_json":{"title":"Menors d'edat als concerts - Festival Cru\u00eflla","robots":{"index":"index","follow":"follow","max-snippet":"max-snippet:-1","max-image-preview":"max-image-preview:large","max-video-preview":"max-video-preview:-1"},"canonical":"https:\/\/www.cruillabarcelona.com\/ca\/menors-concerts\/","og_locale":"ca_ES","og_type":"article","og_title":"Menors d'edat als concerts - Festival Cru\u00eflla","og_description":"MENORS D\u2019EDAT L\u2019acc\u00e9s dels menors d\u2019edat als concerts celebrats en altres espais com sales de concerts, pavellons o auditoris, requerir\u00e0 el pagament de l\u2019entrada a preu normal i els menors fins a 15 anys inclosos, hauran d\u2019anar acompanyats del pare, mare o tutor legal d\u2019acord amb els criteris indicats anteriorment per a cada edat. L\u2019acc\u00e9s... View Article","og_url":"https:\/\/www.cruillabarcelona.com\/ca\/menors-concerts\/","og_site_name":"Festival Cru\u00eflla","article_modified_time":"2021-10-14T16:35:05+00:00","twitter_card":"summary_large_image","twitter_misc":{"Temps estimat de lectura":"2 minuts"},"schema":{"@context":"https:\/\/schema.org","@graph":[{"@type":"WebPage","@id":"https:\/\/www.cruillabarcelona.com\/ca\/menors-concerts\/","url":"https:\/\/www.cruillabarcelona.com\/ca\/menors-concerts\/","name":"Menors d'edat als concerts - Festival Cru\u00eflla","isPartOf":{"@id":"https:\/\/www.cruillabarcelona.com\/ca\/#website"},"datePublished":"2021-10-14T15:32:17+00:00","dateModified":"2021-10-14T16:35:05+00:00","breadcrumb":{"@id":"https:\/\/www.cruillabarcelona.com\/ca\/menors-concerts\/#breadcrumb"},"inLanguage":"ca","potentialAction":[{"@type":"ReadAction","target":["https:\/\/www.cruillabarcelona.com\/ca\/menors-concerts\/"]}]},{"@type":"BreadcrumbList","@id":"https:\/\/www.cruillabarcelona.com\/ca\/menors-concerts\/#breadcrumb","itemListElement":[{"@type":"ListItem","position":1,"name":"Home","item":"https:\/\/www.cruillabarcelona.com\/ca\/"},{"@type":"ListItem","position":2,"name":"Menors d&#8217;edat als concerts"}]},{"@type":"WebSite","@id":"https:\/\/www.cruillabarcelona.com\/ca\/#website","url":"https:\/\/www.cruillabarcelona.com\/ca\/","name":"Festival Cru\u00eflla","description":"","potentialAction":[{"@type":"SearchAction","target":{"@type":"EntryPoint","urlTemplate":"https:\/\/www.cruillabarcelona.com\/ca\/?s={search_term_string}"},"query-input":{"@type":"PropertyValueSpecification","valueRequired":true,"valueName":"search_term_string"}}],"inLanguage":"ca"}]}},"_links":{"self":[{"href":"https:\/\/www.cruillabarcelona.com\/ca\/wp-json\/wp\/v2\/pages\/39256","targetHints":{"allow":["GET"]}}],"collection":[{"href":"https:\/\/www.cruillabarcelona.com\/ca\/wp-json\/wp\/v2\/pages"}],"about":[{"href":"https:\/\/www.cruillabarcelona.com\/ca\/wp-json\/wp\/v2\/types\/page"}],"author":[{"embeddable":true,"href":"https:\/\/www.cruillabarcelona.com\/ca\/wp-json\/wp\/v2\/users\/2"}],"replies":[{"embeddable":true,"href":"https:\/\/www.cruillabarcelona.com\/ca\/wp-json\/wp\/v2\/comments?post=39256"}],"version-history":[{"count":0,"href":"https:\/\/www.cruillabarcelona.com\/ca\/wp-json\/wp\/v2\/pages\/39256\/revisions"}],"wp:attachment":[{"href":"https:\/\/www.cruillabarcelona.com\/ca\/wp-json\/wp\/v2\/media?parent=39256"}],"curies":[{"name":"wp","href":"https:\/\/api.w.org\/{rel}","templated":true}]}}