{"id":4290,"date":"2017-03-09T11:06:12","date_gmt":"2017-03-09T11:06:12","guid":{"rendered":"https:\/\/www.cruillabarcelona.com\/?page_id=4290\/"},"modified":"2017-06-13T13:27:27","modified_gmt":"2017-06-13T13:27:27","slug":"ryan-adams","status":"publish","type":"page","link":"https:\/\/www.cruillabarcelona.com\/ca\/ryan-adams\/","title":{"rendered":"Ryan Adams"},"content":{"rendered":"<p style=\"text-align: center;\"><strong>L\u2019esperat retorn a Catalunya d\u2019una de les grans figures del rock modern.<\/strong><\/p>\n<p>Semblava que mai arribaria el dia en qu\u00e8 el tornar\u00edem a veure a Ryan Adams, per\u00f2 ara ja podem dir que el prodigi del rock\u2019n\u2019roll estatunidenc ser\u00e0 un dels noms destacats del Cru\u00eflla.<\/p>\n<p>El cantant i guitarrista no ha deixat de tocar i publicar discs excitants, sempre amb un peu a la tradici\u00f3 i l\u2019altre en l\u2019actitud desafiant, exemplificada perfectament a <em>1989<\/em>, on versionava fil per randa i duia al seu terreny el disc del mateix nom de l\u2019estrella del pop Taylor Swift. Al festival, Adams ens presentar\u00e0 el nou disc <em>Prisoners<\/em>, un dels seus treballs m\u00e9s personals que promet posar-nos la pell de gallina.<\/p>\n<p class=\"p1\">Compra l&#8217;entrada del dissabte 8 de juliol al Festival Cru\u00eflla aqu\u00ed:<\/p>\n<p class=\"p1\"><a href=\"https:\/\/cruillafestival.stubhubtickets.com\/entradas\/es\/entradas-musica-entrada-sabado-8-de-julio\"><img loading=\"lazy\" decoding=\"async\" class=\"aligncenter wp-image-3516 size-full\" src=\"https:\/\/www.cruillabarcelona.com\/wp-content\/uploads\/2017\/03\/BOTON-CAT.png\" alt=\"\" width=\"250\" height=\"74\" \/><\/a><\/p>\n<p class=\"p1\">L\u2019entrada et dona dret a gaudir de tots els concerts programats aquell dia, a part de Ryan Adams, podr\u00e0s veure a:<\/p>\n<p class=\"p1\"><strong>Pet Shop Boys, The Prodigy,\u00a0 Little Steven &amp; The Disciples of Soul, Residente, Parov Stelar, Txarango, La Ra\u00edz,\u00a0AronChupa, Enric Montefusco, Exquirla (El Ni\u00f1o de Elche + Toundra), Dell\u00e9, Oques Grasses, Viva Suecia, Cala Vento i Tremenda Trementina.<\/strong><\/p>\n<p class=\"p1\">Trobar\u00e0s <strong>tota la programaci\u00f3 dels 3 dies<\/strong> del Festival Cru\u00eflla, <a href=\"https:\/\/www.cruillabarcelona.com\/ca\/artistes-2017\/\">AQU\u00cd<\/a><\/p>\n<p>&nbsp;<\/p>\n","protected":false},"excerpt":{"rendered":"L\u2019esperat retorn a Catalunya d\u2019una de les grans figures del rock modern. Semblava que mai arribaria el dia en qu\u00e8 el tornar\u00edem a veure a Ryan Adams, per\u00f2 ara ja podem dir que el prodigi del rock\u2019n\u2019roll estatunidenc ser\u00e0 un dels noms destacats del Cru\u00eflla. El cantant i guitarrista no ha deixat de tocar i&#8230; <a class=\"view-article\" href=\"https:\/\/www.cruillabarcelona.com\/ca\/ryan-adams\/\">View Article<\/a>","protected":false},"author":7,"featured_media":4291,"parent":0,"menu_order":0,"comment_status":"closed","ping_status":"closed","template":"page-templates\/page-landing.php","meta":{"_acf_changed":false,"footnotes":""},"class_list":["post-4290","page","type-page","status-publish","has-post-thumbnail","hentry"],"acf":[],"yoast_head":"<!-- This site is optimized with the Yoast SEO plugin v27.3 - https:\/\/yoast.com\/product\/yoast-seo-wordpress\/ -->\n<title>Ryan Adams - Festival Cru\u00eflla<\/title>\n<meta name=\"robots\" content=\"index, follow, max-snippet:-1, max-image-preview:large, max-video-preview:-1\" \/>\n<link rel=\"canonical\" href=\"https:\/\/www.cruillabarcelona.com\/ca\/ryan-adams\/\" \/>\n<meta property=\"og:locale\" content=\"ca_ES\" \/>\n<meta property=\"og:type\" content=\"article\" \/>\n<meta property=\"og:title\" content=\"Ryan Adams - Festival Cru\u00eflla\" \/>\n<meta property=\"og:description\" content=\"L\u2019esperat retorn a Catalunya d\u2019una de les grans figures del rock modern. Semblava que mai arribaria el dia en qu\u00e8 el tornar\u00edem a veure a Ryan Adams, per\u00f2 ara ja podem dir que el prodigi del rock\u2019n\u2019roll estatunidenc ser\u00e0 un dels noms destacats del Cru\u00eflla. El cantant i guitarrista no ha deixat de tocar i... View Article\" \/>\n<meta property=\"og:url\" content=\"https:\/\/www.cruillabarcelona.com\/ca\/ryan-adams\/\" \/>\n<meta property=\"og:site_name\" content=\"Festival Cru\u00eflla\" \/>\n<meta property=\"article:modified_time\" content=\"2017-06-13T13:27:27+00:00\" \/>\n<meta property=\"og:image\" content=\"https:\/\/www.cruillabarcelona.com\/wp-content\/uploads\/2017\/03\/RYAN-1200x628px-IMAGEN-e1489055575494.jpg\" \/>\n\t<meta property=\"og:image:width\" content=\"1197\" \/>\n\t<meta property=\"og:image:height\" content=\"504\" \/>\n\t<meta property=\"og:image:type\" content=\"image\/jpeg\" \/>\n<meta name=\"twitter:card\" content=\"summary_large_image\" \/>\n<meta name=\"twitter:label1\" content=\"Temps estimat de lectura\" \/>\n\t<meta name=\"twitter:data1\" content=\"1 minut\" \/>\n<script type=\"application\/ld+json\" class=\"yoast-schema-graph\">{\"@context\":\"https:\\\/\\\/schema.org\",\"@graph\":[{\"@type\":\"WebPage\",\"@id\":\"https:\\\/\\\/www.cruillabarcelona.com\\\/ca\\\/ryan-adams\\\/\",\"url\":\"https:\\\/\\\/www.cruillabarcelona.com\\\/ca\\\/ryan-adams\\\/\",\"name\":\"Ryan Adams - Festival Cru\u00eflla\",\"isPartOf\":{\"@id\":\"https:\\\/\\\/www.cruillabarcelona.com\\\/ca\\\/#website\"},\"primaryImageOfPage\":{\"@id\":\"https:\\\/\\\/www.cruillabarcelona.com\\\/ca\\\/ryan-adams\\\/#primaryimage\"},\"image\":{\"@id\":\"https:\\\/\\\/www.cruillabarcelona.com\\\/ca\\\/ryan-adams\\\/#primaryimage\"},\"thumbnailUrl\":\"https:\\\/\\\/www.cruillabarcelona.com\\\/wp-content\\\/uploads\\\/2017\\\/03\\\/RYAN-1200x628px-IMAGEN-e1489055575494.jpg\",\"datePublished\":\"2017-03-09T11:06:12+00:00\",\"dateModified\":\"2017-06-13T13:27:27+00:00\",\"breadcrumb\":{\"@id\":\"https:\\\/\\\/www.cruillabarcelona.com\\\/ca\\\/ryan-adams\\\/#breadcrumb\"},\"inLanguage\":\"ca\",\"potentialAction\":[{\"@type\":\"ReadAction\",\"target\":[\"https:\\\/\\\/www.cruillabarcelona.com\\\/ca\\\/ryan-adams\\\/\"]}]},{\"@type\":\"ImageObject\",\"inLanguage\":\"ca\",\"@id\":\"https:\\\/\\\/www.cruillabarcelona.com\\\/ca\\\/ryan-adams\\\/#primaryimage\",\"url\":\"https:\\\/\\\/www.cruillabarcelona.com\\\/wp-content\\\/uploads\\\/2017\\\/03\\\/RYAN-1200x628px-IMAGEN-e1489055575494.jpg\",\"contentUrl\":\"https:\\\/\\\/www.cruillabarcelona.com\\\/wp-content\\\/uploads\\\/2017\\\/03\\\/RYAN-1200x628px-IMAGEN-e1489055575494.jpg\",\"width\":1197,\"height\":504},{\"@type\":\"BreadcrumbList\",\"@id\":\"https:\\\/\\\/www.cruillabarcelona.com\\\/ca\\\/ryan-adams\\\/#breadcrumb\",\"itemListElement\":[{\"@type\":\"ListItem\",\"position\":1,\"name\":\"Home\",\"item\":\"https:\\\/\\\/www.cruillabarcelona.com\\\/ca\\\/\"},{\"@type\":\"ListItem\",\"position\":2,\"name\":\"Ryan Adams\"}]},{\"@type\":\"WebSite\",\"@id\":\"https:\\\/\\\/www.cruillabarcelona.com\\\/ca\\\/#website\",\"url\":\"https:\\\/\\\/www.cruillabarcelona.com\\\/ca\\\/\",\"name\":\"Festival Cru\u00eflla\",\"description\":\"\",\"potentialAction\":[{\"@type\":\"SearchAction\",\"target\":{\"@type\":\"EntryPoint\",\"urlTemplate\":\"https:\\\/\\\/www.cruillabarcelona.com\\\/ca\\\/?s={search_term_string}\"},\"query-input\":{\"@type\":\"PropertyValueSpecification\",\"valueRequired\":true,\"valueName\":\"search_term_string\"}}],\"inLanguage\":\"ca\"}]}<\/script>\n<!-- \/ Yoast SEO plugin. -->","yoast_head_json":{"title":"Ryan Adams - Festival Cru\u00eflla","robots":{"index":"index","follow":"follow","max-snippet":"max-snippet:-1","max-image-preview":"max-image-preview:large","max-video-preview":"max-video-preview:-1"},"canonical":"https:\/\/www.cruillabarcelona.com\/ca\/ryan-adams\/","og_locale":"ca_ES","og_type":"article","og_title":"Ryan Adams - Festival Cru\u00eflla","og_description":"L\u2019esperat retorn a Catalunya d\u2019una de les grans figures del rock modern. Semblava que mai arribaria el dia en qu\u00e8 el tornar\u00edem a veure a Ryan Adams, per\u00f2 ara ja podem dir que el prodigi del rock\u2019n\u2019roll estatunidenc ser\u00e0 un dels noms destacats del Cru\u00eflla. El cantant i guitarrista no ha deixat de tocar i... View Article","og_url":"https:\/\/www.cruillabarcelona.com\/ca\/ryan-adams\/","og_site_name":"Festival Cru\u00eflla","article_modified_time":"2017-06-13T13:27:27+00:00","og_image":[{"width":1197,"height":504,"url":"https:\/\/www.cruillabarcelona.com\/wp-content\/uploads\/2017\/03\/RYAN-1200x628px-IMAGEN-e1489055575494.jpg","type":"image\/jpeg"}],"twitter_card":"summary_large_image","twitter_misc":{"Temps estimat de lectura":"1 minut"},"schema":{"@context":"https:\/\/schema.org","@graph":[{"@type":"WebPage","@id":"https:\/\/www.cruillabarcelona.com\/ca\/ryan-adams\/","url":"https:\/\/www.cruillabarcelona.com\/ca\/ryan-adams\/","name":"Ryan Adams - Festival Cru\u00eflla","isPartOf":{"@id":"https:\/\/www.cruillabarcelona.com\/ca\/#website"},"primaryImageOfPage":{"@id":"https:\/\/www.cruillabarcelona.com\/ca\/ryan-adams\/#primaryimage"},"image":{"@id":"https:\/\/www.cruillabarcelona.com\/ca\/ryan-adams\/#primaryimage"},"thumbnailUrl":"https:\/\/www.cruillabarcelona.com\/wp-content\/uploads\/2017\/03\/RYAN-1200x628px-IMAGEN-e1489055575494.jpg","datePublished":"2017-03-09T11:06:12+00:00","dateModified":"2017-06-13T13:27:27+00:00","breadcrumb":{"@id":"https:\/\/www.cruillabarcelona.com\/ca\/ryan-adams\/#breadcrumb"},"inLanguage":"ca","potentialAction":[{"@type":"ReadAction","target":["https:\/\/www.cruillabarcelona.com\/ca\/ryan-adams\/"]}]},{"@type":"ImageObject","inLanguage":"ca","@id":"https:\/\/www.cruillabarcelona.com\/ca\/ryan-adams\/#primaryimage","url":"https:\/\/www.cruillabarcelona.com\/wp-content\/uploads\/2017\/03\/RYAN-1200x628px-IMAGEN-e1489055575494.jpg","contentUrl":"https:\/\/www.cruillabarcelona.com\/wp-content\/uploads\/2017\/03\/RYAN-1200x628px-IMAGEN-e1489055575494.jpg","width":1197,"height":504},{"@type":"BreadcrumbList","@id":"https:\/\/www.cruillabarcelona.com\/ca\/ryan-adams\/#breadcrumb","itemListElement":[{"@type":"ListItem","position":1,"name":"Home","item":"https:\/\/www.cruillabarcelona.com\/ca\/"},{"@type":"ListItem","position":2,"name":"Ryan Adams"}]},{"@type":"WebSite","@id":"https:\/\/www.cruillabarcelona.com\/ca\/#website","url":"https:\/\/www.cruillabarcelona.com\/ca\/","name":"Festival Cru\u00eflla","description":"","potentialAction":[{"@type":"SearchAction","target":{"@type":"EntryPoint","urlTemplate":"https:\/\/www.cruillabarcelona.com\/ca\/?s={search_term_string}"},"query-input":{"@type":"PropertyValueSpecification","valueRequired":true,"valueName":"search_term_string"}}],"inLanguage":"ca"}]}},"_links":{"self":[{"href":"https:\/\/www.cruillabarcelona.com\/ca\/wp-json\/wp\/v2\/pages\/4290","targetHints":{"allow":["GET"]}}],"collection":[{"href":"https:\/\/www.cruillabarcelona.com\/ca\/wp-json\/wp\/v2\/pages"}],"about":[{"href":"https:\/\/www.cruillabarcelona.com\/ca\/wp-json\/wp\/v2\/types\/page"}],"author":[{"embeddable":true,"href":"https:\/\/www.cruillabarcelona.com\/ca\/wp-json\/wp\/v2\/users\/7"}],"replies":[{"embeddable":true,"href":"https:\/\/www.cruillabarcelona.com\/ca\/wp-json\/wp\/v2\/comments?post=4290"}],"version-history":[{"count":0,"href":"https:\/\/www.cruillabarcelona.com\/ca\/wp-json\/wp\/v2\/pages\/4290\/revisions"}],"wp:featuredmedia":[{"embeddable":true,"href":"https:\/\/www.cruillabarcelona.com\/ca\/wp-json\/wp\/v2\/media\/4291"}],"wp:attachment":[{"href":"https:\/\/www.cruillabarcelona.com\/ca\/wp-json\/wp\/v2\/media?parent=4290"}],"curies":[{"name":"wp","href":"https:\/\/api.w.org\/{rel}","templated":true}]}}