{"id":4303,"date":"2017-03-09T12:57:52","date_gmt":"2017-03-09T12:57:52","guid":{"rendered":"https:\/\/www.cruillabarcelona.com\/?page_id=4303\/"},"modified":"2020-01-27T17:00:53","modified_gmt":"2020-01-27T15:00:53","slug":"die-antwoord","status":"publish","type":"page","link":"https:\/\/www.cruillabarcelona.com\/ca\/die-antwoord\/","title":{"rendered":"Die Antwoord"},"content":{"rendered":"<p style=\"text-align: center;\"><strong>El grup de rap-rave sud-afric\u00e0 actuar\u00e0 al\u00a0Festival Cru\u00eflla, en la que ser\u00e0\u00a0\u00a0la \u00faltima gira del grup.<\/strong><\/p>\n<p>Die Antwoord assaltaran el Cru\u00eflla per presentar-nos el seu darrer treball, The Book of Zef, on han portat m\u00e9s lluny que mai la seva est\u00e8tica de ne\u00f3, deixalles i escatologia sat\u00edrica. Segur que ens tenen preparada alguna de grossa, perqu\u00e8 mentre ells siguin damunt l\u2019escenari, no hi haur\u00e0 manera d\u2019escapar de la seva contagiosa desc\u00e0rrega d\u2019adrenalina.<\/p>\n<p>&nbsp;<\/p>\n<p><strong>Compra l&#8217;entrada del divendres 7 de juliol al Festival Cru\u00eflla aqu\u00ed:<\/strong><\/p>\n<p><a href=\"https:\/\/cruillafestival.stubhubtickets.com\/entradas\/es\/entradas-musica-entrada-viernes-7-de-julio\"><img loading=\"lazy\" decoding=\"async\" class=\"aligncenter wp-image-3514 size-full\" src=\"https:\/\/www.cruillabarcelona.com\/wp-content\/uploads\/2017\/03\/BOTON-CAT.png\" alt=\"\" width=\"250\" height=\"74\" \/><\/a><\/p>\n<p>L&#8217;entrada et dona dret a gaudir de tots els concerts programats aquell dia, a part de Die Antwoord, podr\u00e0s veure a:<\/p>\n<p><strong>Jamiroquai, Two Door Cinema Club, The Lumineers, Ani Difranco, KAse.O, Youssou NDOUR, Los Fabulosos Cadillacs, Carlos Sadness, Dorian, Neuman, Patrice, Nicola Cruz, Aspencat, Dorian Wood, Pau Vallv\u00e9, El Petit de Cal Eril i Luthea Salom.<\/strong><\/p>\n<p>Trobar\u00e0s\u00a0tota la\u00a0<strong>programaci\u00f3 dels 3 dies del Festival Cru\u00eflla,\u00a0<a href=\"https:\/\/www.cruillabarcelona.com\/ca\/artistes-2017\/\">AQU\u00cd<\/a><\/strong><\/p>\n","protected":false},"excerpt":{"rendered":"El grup de rap-rave sud-afric\u00e0 actuar\u00e0 al\u00a0Festival Cru\u00eflla, en la que ser\u00e0\u00a0\u00a0la \u00faltima gira del grup. Die Antwoord assaltaran el Cru\u00eflla per presentar-nos el seu darrer treball, The Book of Zef, on han portat m\u00e9s lluny que mai la seva est\u00e8tica de ne\u00f3, deixalles i escatologia sat\u00edrica. Segur que ens tenen preparada alguna de grossa,&#8230; <a class=\"view-article\" href=\"https:\/\/www.cruillabarcelona.com\/ca\/die-antwoord\/\">View Article<\/a>","protected":false},"author":7,"featured_media":4307,"parent":0,"menu_order":0,"comment_status":"closed","ping_status":"closed","template":"","meta":{"_acf_changed":false,"footnotes":""},"class_list":["post-4303","page","type-page","status-publish","has-post-thumbnail","hentry"],"acf":[],"yoast_head":"<!-- This site is optimized with the Yoast SEO plugin v27.3 - https:\/\/yoast.com\/product\/yoast-seo-wordpress\/ -->\n<title>Die Antwoord - Festival Cru\u00eflla<\/title>\n<meta name=\"robots\" content=\"index, follow, max-snippet:-1, max-image-preview:large, max-video-preview:-1\" \/>\n<link rel=\"canonical\" href=\"https:\/\/www.cruillabarcelona.com\/ca\/die-antwoord\/\" \/>\n<meta property=\"og:locale\" content=\"ca_ES\" \/>\n<meta property=\"og:type\" content=\"article\" \/>\n<meta property=\"og:title\" content=\"Die Antwoord - Festival Cru\u00eflla\" \/>\n<meta property=\"og:description\" content=\"El grup de rap-rave sud-afric\u00e0 actuar\u00e0 al\u00a0Festival Cru\u00eflla, en la que ser\u00e0\u00a0\u00a0la \u00faltima gira del grup. Die Antwoord assaltaran el Cru\u00eflla per presentar-nos el seu darrer treball, The Book of Zef, on han portat m\u00e9s lluny que mai la seva est\u00e8tica de ne\u00f3, deixalles i escatologia sat\u00edrica. Segur que ens tenen preparada alguna de grossa,... View Article\" \/>\n<meta property=\"og:url\" content=\"https:\/\/www.cruillabarcelona.com\/ca\/die-antwoord\/\" \/>\n<meta property=\"og:site_name\" content=\"Festival Cru\u00eflla\" \/>\n<meta property=\"article:modified_time\" content=\"2020-01-27T15:00:53+00:00\" \/>\n<meta property=\"og:image\" content=\"https:\/\/www.cruillabarcelona.com\/wp-content\/uploads\/2017\/03\/DIE-1200x628px-IMAGEN-e1489061197893.jpg\" \/>\n\t<meta property=\"og:image:width\" content=\"1200\" \/>\n\t<meta property=\"og:image:height\" content=\"351\" \/>\n\t<meta property=\"og:image:type\" content=\"image\/jpeg\" \/>\n<meta name=\"twitter:card\" content=\"summary_large_image\" \/>\n<meta name=\"twitter:label1\" content=\"Temps estimat de lectura\" \/>\n\t<meta name=\"twitter:data1\" content=\"1 minut\" \/>\n<script type=\"application\/ld+json\" class=\"yoast-schema-graph\">{\"@context\":\"https:\\\/\\\/schema.org\",\"@graph\":[{\"@type\":\"WebPage\",\"@id\":\"https:\\\/\\\/www.cruillabarcelona.com\\\/ca\\\/die-antwoord\\\/\",\"url\":\"https:\\\/\\\/www.cruillabarcelona.com\\\/ca\\\/die-antwoord\\\/\",\"name\":\"Die Antwoord - Festival Cru\u00eflla\",\"isPartOf\":{\"@id\":\"https:\\\/\\\/www.cruillabarcelona.com\\\/ca\\\/#website\"},\"primaryImageOfPage\":{\"@id\":\"https:\\\/\\\/www.cruillabarcelona.com\\\/ca\\\/die-antwoord\\\/#primaryimage\"},\"image\":{\"@id\":\"https:\\\/\\\/www.cruillabarcelona.com\\\/ca\\\/die-antwoord\\\/#primaryimage\"},\"thumbnailUrl\":\"https:\\\/\\\/www.cruillabarcelona.com\\\/wp-content\\\/uploads\\\/2017\\\/03\\\/DIE-1200x628px-IMAGEN-e1489061197893.jpg\",\"datePublished\":\"2017-03-09T12:57:52+00:00\",\"dateModified\":\"2020-01-27T15:00:53+00:00\",\"breadcrumb\":{\"@id\":\"https:\\\/\\\/www.cruillabarcelona.com\\\/ca\\\/die-antwoord\\\/#breadcrumb\"},\"inLanguage\":\"ca\",\"potentialAction\":[{\"@type\":\"ReadAction\",\"target\":[\"https:\\\/\\\/www.cruillabarcelona.com\\\/ca\\\/die-antwoord\\\/\"]}]},{\"@type\":\"ImageObject\",\"inLanguage\":\"ca\",\"@id\":\"https:\\\/\\\/www.cruillabarcelona.com\\\/ca\\\/die-antwoord\\\/#primaryimage\",\"url\":\"https:\\\/\\\/www.cruillabarcelona.com\\\/wp-content\\\/uploads\\\/2017\\\/03\\\/DIE-1200x628px-IMAGEN-e1489061197893.jpg\",\"contentUrl\":\"https:\\\/\\\/www.cruillabarcelona.com\\\/wp-content\\\/uploads\\\/2017\\\/03\\\/DIE-1200x628px-IMAGEN-e1489061197893.jpg\",\"width\":1200,\"height\":351},{\"@type\":\"BreadcrumbList\",\"@id\":\"https:\\\/\\\/www.cruillabarcelona.com\\\/ca\\\/die-antwoord\\\/#breadcrumb\",\"itemListElement\":[{\"@type\":\"ListItem\",\"position\":1,\"name\":\"Home\",\"item\":\"https:\\\/\\\/www.cruillabarcelona.com\\\/ca\\\/\"},{\"@type\":\"ListItem\",\"position\":2,\"name\":\"Die Antwoord\"}]},{\"@type\":\"WebSite\",\"@id\":\"https:\\\/\\\/www.cruillabarcelona.com\\\/ca\\\/#website\",\"url\":\"https:\\\/\\\/www.cruillabarcelona.com\\\/ca\\\/\",\"name\":\"Festival Cru\u00eflla\",\"description\":\"\",\"potentialAction\":[{\"@type\":\"SearchAction\",\"target\":{\"@type\":\"EntryPoint\",\"urlTemplate\":\"https:\\\/\\\/www.cruillabarcelona.com\\\/ca\\\/?s={search_term_string}\"},\"query-input\":{\"@type\":\"PropertyValueSpecification\",\"valueRequired\":true,\"valueName\":\"search_term_string\"}}],\"inLanguage\":\"ca\"}]}<\/script>\n<!-- \/ Yoast SEO plugin. -->","yoast_head_json":{"title":"Die Antwoord - Festival Cru\u00eflla","robots":{"index":"index","follow":"follow","max-snippet":"max-snippet:-1","max-image-preview":"max-image-preview:large","max-video-preview":"max-video-preview:-1"},"canonical":"https:\/\/www.cruillabarcelona.com\/ca\/die-antwoord\/","og_locale":"ca_ES","og_type":"article","og_title":"Die Antwoord - Festival Cru\u00eflla","og_description":"El grup de rap-rave sud-afric\u00e0 actuar\u00e0 al\u00a0Festival Cru\u00eflla, en la que ser\u00e0\u00a0\u00a0la \u00faltima gira del grup. Die Antwoord assaltaran el Cru\u00eflla per presentar-nos el seu darrer treball, The Book of Zef, on han portat m\u00e9s lluny que mai la seva est\u00e8tica de ne\u00f3, deixalles i escatologia sat\u00edrica. Segur que ens tenen preparada alguna de grossa,... View Article","og_url":"https:\/\/www.cruillabarcelona.com\/ca\/die-antwoord\/","og_site_name":"Festival Cru\u00eflla","article_modified_time":"2020-01-27T15:00:53+00:00","og_image":[{"width":1200,"height":351,"url":"https:\/\/www.cruillabarcelona.com\/wp-content\/uploads\/2017\/03\/DIE-1200x628px-IMAGEN-e1489061197893.jpg","type":"image\/jpeg"}],"twitter_card":"summary_large_image","twitter_misc":{"Temps estimat de lectura":"1 minut"},"schema":{"@context":"https:\/\/schema.org","@graph":[{"@type":"WebPage","@id":"https:\/\/www.cruillabarcelona.com\/ca\/die-antwoord\/","url":"https:\/\/www.cruillabarcelona.com\/ca\/die-antwoord\/","name":"Die Antwoord - Festival Cru\u00eflla","isPartOf":{"@id":"https:\/\/www.cruillabarcelona.com\/ca\/#website"},"primaryImageOfPage":{"@id":"https:\/\/www.cruillabarcelona.com\/ca\/die-antwoord\/#primaryimage"},"image":{"@id":"https:\/\/www.cruillabarcelona.com\/ca\/die-antwoord\/#primaryimage"},"thumbnailUrl":"https:\/\/www.cruillabarcelona.com\/wp-content\/uploads\/2017\/03\/DIE-1200x628px-IMAGEN-e1489061197893.jpg","datePublished":"2017-03-09T12:57:52+00:00","dateModified":"2020-01-27T15:00:53+00:00","breadcrumb":{"@id":"https:\/\/www.cruillabarcelona.com\/ca\/die-antwoord\/#breadcrumb"},"inLanguage":"ca","potentialAction":[{"@type":"ReadAction","target":["https:\/\/www.cruillabarcelona.com\/ca\/die-antwoord\/"]}]},{"@type":"ImageObject","inLanguage":"ca","@id":"https:\/\/www.cruillabarcelona.com\/ca\/die-antwoord\/#primaryimage","url":"https:\/\/www.cruillabarcelona.com\/wp-content\/uploads\/2017\/03\/DIE-1200x628px-IMAGEN-e1489061197893.jpg","contentUrl":"https:\/\/www.cruillabarcelona.com\/wp-content\/uploads\/2017\/03\/DIE-1200x628px-IMAGEN-e1489061197893.jpg","width":1200,"height":351},{"@type":"BreadcrumbList","@id":"https:\/\/www.cruillabarcelona.com\/ca\/die-antwoord\/#breadcrumb","itemListElement":[{"@type":"ListItem","position":1,"name":"Home","item":"https:\/\/www.cruillabarcelona.com\/ca\/"},{"@type":"ListItem","position":2,"name":"Die Antwoord"}]},{"@type":"WebSite","@id":"https:\/\/www.cruillabarcelona.com\/ca\/#website","url":"https:\/\/www.cruillabarcelona.com\/ca\/","name":"Festival Cru\u00eflla","description":"","potentialAction":[{"@type":"SearchAction","target":{"@type":"EntryPoint","urlTemplate":"https:\/\/www.cruillabarcelona.com\/ca\/?s={search_term_string}"},"query-input":{"@type":"PropertyValueSpecification","valueRequired":true,"valueName":"search_term_string"}}],"inLanguage":"ca"}]}},"_links":{"self":[{"href":"https:\/\/www.cruillabarcelona.com\/ca\/wp-json\/wp\/v2\/pages\/4303","targetHints":{"allow":["GET"]}}],"collection":[{"href":"https:\/\/www.cruillabarcelona.com\/ca\/wp-json\/wp\/v2\/pages"}],"about":[{"href":"https:\/\/www.cruillabarcelona.com\/ca\/wp-json\/wp\/v2\/types\/page"}],"author":[{"embeddable":true,"href":"https:\/\/www.cruillabarcelona.com\/ca\/wp-json\/wp\/v2\/users\/7"}],"replies":[{"embeddable":true,"href":"https:\/\/www.cruillabarcelona.com\/ca\/wp-json\/wp\/v2\/comments?post=4303"}],"version-history":[{"count":0,"href":"https:\/\/www.cruillabarcelona.com\/ca\/wp-json\/wp\/v2\/pages\/4303\/revisions"}],"wp:featuredmedia":[{"embeddable":true,"href":"https:\/\/www.cruillabarcelona.com\/ca\/wp-json\/wp\/v2\/media\/4307"}],"wp:attachment":[{"href":"https:\/\/www.cruillabarcelona.com\/ca\/wp-json\/wp\/v2\/media?parent=4303"}],"curies":[{"name":"wp","href":"https:\/\/api.w.org\/{rel}","templated":true}]}}