{"id":4336,"date":"2017-04-12T09:48:09","date_gmt":"2017-04-12T09:48:09","guid":{"rendered":"https:\/\/www.cruillabarcelona.com\/?page_id=4336\/"},"modified":"2017-06-13T13:23:14","modified_gmt":"2017-06-13T13:23:14","slug":"the-lumineers","status":"publish","type":"page","link":"https:\/\/www.cruillabarcelona.com\/ca\/the-lumineers\/","title":{"rendered":"The Lumineers"},"content":{"rendered":"<p style=\"text-align: center;\"><strong>Els grans \u00e8xits de The Lumineers en directe al Cru\u00eflla, t&#8217;ho perdr\u00e0s?<\/strong><\/p>\n<p>The Lumineers s\u00f3n un dels casos d\u2019\u00e8xit m\u00e9s inversemblants dels \u00faltims anys. Varen convertir la\u00a0can\u00e7\u00f3 \u201cHo Hey\u201d en un himne internacional el 2012. Aquest \u00e8xit va tenir continu\u00eftat amb un altre single #1 \u201cStubbon Love\u201d i posteriorment \u201cSubmarines\u201d. Tres can\u00e7ons que els van fer emprendre un viatge que els porta dels Grammys a l\u2019Ipod del president Obama, passant per la banda sonora de Hunger Games. El seu disc hom\u00f2nim de debut va vendre milions de c\u00f2pies, els va fer girar per tot el m\u00f3n i va crear una enorme base de fans enamorada de les seves emocionants i riques lletres. Ara, tornen als escenaris amb el seu segon disc \u201cCleopatra\u201d una col\u00b7lecci\u00f3 de temes que tornen a demostrar la profunditat d\u2019una banda que no t\u00e9 res a envejar als millors artistes de la tradici\u00f3 Americana.<\/p>\n<p><strong>Compra la teva entrada pel divendres 7 de juliol al Festival Cru\u00eflla<\/strong><\/p>\n<p><a href=\"https:\/\/cruillafestival.stubhubtickets.com\/entradas\/es\/entradas-musica-entrada-viernes-7-de-julio\"><img loading=\"lazy\" decoding=\"async\" class=\"aligncenter wp-image-3514 size-full\" src=\"https:\/\/www.cruillabarcelona.com\/wp-content\/uploads\/2017\/03\/BOTON-CAT.png\" alt=\"\" width=\"250\" height=\"74\" \/><\/a><\/p>\n<p>&nbsp;<\/p>\n<p>L&#8217;entrada del divendres et dona dret a gaudir de tots els concerts programats per aquell dia, a part de The Lumineers, podr\u00e0s veure:<\/p>\n<p><strong>Jamiroquai, Die Antwoord, Two Door Cinema Club, Kase.O, Carlos Sadness, Ani Difranco, Youssou NDOUR, Los Fabulosos Cadillacs, Dorian, Neuman, Patrice, Nicola Cruz, Aspencat, Dorian Wood, Pau Vallv\u00e9, El Petit de Cal Eril i Luthea Salom.<\/strong><\/p>\n<p>Trobar\u00e0s tota la <strong>programaci\u00f3 dels 3 dies<\/strong> del festival Cru\u00eflla, <a href=\"https:\/\/www.cruillabarcelona.com\/ca\/artistes-2017\/\">AQU\u00cd<\/a><\/p>\n<p>&nbsp;<\/p>\n<p>&nbsp;<\/p>\n<p>&nbsp;<\/p>\n<p>&nbsp;<\/p>\n<p>&nbsp;<\/p>\n<p>&nbsp;<\/p>\n<p>&nbsp;<\/p>\n","protected":false},"excerpt":{"rendered":"Els grans \u00e8xits de The Lumineers en directe al Cru\u00eflla, t&#8217;ho perdr\u00e0s? The Lumineers s\u00f3n un dels casos d\u2019\u00e8xit m\u00e9s inversemblants dels \u00faltims anys. Varen convertir la\u00a0can\u00e7\u00f3 \u201cHo Hey\u201d en un himne internacional el 2012. Aquest \u00e8xit va tenir continu\u00eftat amb un altre single #1 \u201cStubbon Love\u201d i posteriorment \u201cSubmarines\u201d. Tres can\u00e7ons que els van&#8230; <a class=\"view-article\" href=\"https:\/\/www.cruillabarcelona.com\/ca\/the-lumineers\/\">View Article<\/a>","protected":false},"author":7,"featured_media":4648,"parent":0,"menu_order":0,"comment_status":"closed","ping_status":"closed","template":"page-templates\/page-landing.php","meta":{"_acf_changed":false,"footnotes":""},"class_list":["post-4336","page","type-page","status-publish","has-post-thumbnail","hentry"],"acf":[],"yoast_head":"<!-- This site is optimized with the Yoast SEO plugin v27.3 - https:\/\/yoast.com\/product\/yoast-seo-wordpress\/ -->\n<title>The Lumineers - Festival Cru\u00eflla<\/title>\n<meta name=\"robots\" content=\"index, follow, max-snippet:-1, max-image-preview:large, max-video-preview:-1\" \/>\n<link rel=\"canonical\" href=\"https:\/\/www.cruillabarcelona.com\/ca\/the-lumineers\/\" \/>\n<meta property=\"og:locale\" content=\"ca_ES\" \/>\n<meta property=\"og:type\" content=\"article\" \/>\n<meta property=\"og:title\" content=\"The Lumineers - Festival Cru\u00eflla\" \/>\n<meta property=\"og:description\" content=\"Els grans \u00e8xits de The Lumineers en directe al Cru\u00eflla, t&#8217;ho perdr\u00e0s? The Lumineers s\u00f3n un dels casos d\u2019\u00e8xit m\u00e9s inversemblants dels \u00faltims anys. Varen convertir la\u00a0can\u00e7\u00f3 \u201cHo Hey\u201d en un himne internacional el 2012. Aquest \u00e8xit va tenir continu\u00eftat amb un altre single #1 \u201cStubbon Love\u201d i posteriorment \u201cSubmarines\u201d. Tres can\u00e7ons que els van... View Article\" \/>\n<meta property=\"og:url\" content=\"https:\/\/www.cruillabarcelona.com\/ca\/the-lumineers\/\" \/>\n<meta property=\"og:site_name\" content=\"Festival Cru\u00eflla\" \/>\n<meta property=\"article:modified_time\" content=\"2017-06-13T13:23:14+00:00\" \/>\n<meta property=\"og:image\" content=\"https:\/\/www.cruillabarcelona.com\/wp-content\/uploads\/2017\/04\/Captura-de-pantalla-2017-04-12-a-las-11.28.39.png\" \/>\n\t<meta property=\"og:image:width\" content=\"1199\" \/>\n\t<meta property=\"og:image:height\" content=\"457\" \/>\n\t<meta property=\"og:image:type\" content=\"image\/png\" \/>\n<meta name=\"twitter:card\" content=\"summary_large_image\" \/>\n<meta name=\"twitter:label1\" content=\"Temps estimat de lectura\" \/>\n\t<meta name=\"twitter:data1\" content=\"1 minut\" \/>\n<script type=\"application\/ld+json\" class=\"yoast-schema-graph\">{\"@context\":\"https:\\\/\\\/schema.org\",\"@graph\":[{\"@type\":\"WebPage\",\"@id\":\"https:\\\/\\\/www.cruillabarcelona.com\\\/ca\\\/the-lumineers\\\/\",\"url\":\"https:\\\/\\\/www.cruillabarcelona.com\\\/ca\\\/the-lumineers\\\/\",\"name\":\"The Lumineers - Festival Cru\u00eflla\",\"isPartOf\":{\"@id\":\"https:\\\/\\\/www.cruillabarcelona.com\\\/ca\\\/#website\"},\"primaryImageOfPage\":{\"@id\":\"https:\\\/\\\/www.cruillabarcelona.com\\\/ca\\\/the-lumineers\\\/#primaryimage\"},\"image\":{\"@id\":\"https:\\\/\\\/www.cruillabarcelona.com\\\/ca\\\/the-lumineers\\\/#primaryimage\"},\"thumbnailUrl\":\"https:\\\/\\\/www.cruillabarcelona.com\\\/wp-content\\\/uploads\\\/2017\\\/04\\\/Captura-de-pantalla-2017-04-12-a-las-11.28.39.png\",\"datePublished\":\"2017-04-12T09:48:09+00:00\",\"dateModified\":\"2017-06-13T13:23:14+00:00\",\"breadcrumb\":{\"@id\":\"https:\\\/\\\/www.cruillabarcelona.com\\\/ca\\\/the-lumineers\\\/#breadcrumb\"},\"inLanguage\":\"ca\",\"potentialAction\":[{\"@type\":\"ReadAction\",\"target\":[\"https:\\\/\\\/www.cruillabarcelona.com\\\/ca\\\/the-lumineers\\\/\"]}]},{\"@type\":\"ImageObject\",\"inLanguage\":\"ca\",\"@id\":\"https:\\\/\\\/www.cruillabarcelona.com\\\/ca\\\/the-lumineers\\\/#primaryimage\",\"url\":\"https:\\\/\\\/www.cruillabarcelona.com\\\/wp-content\\\/uploads\\\/2017\\\/04\\\/Captura-de-pantalla-2017-04-12-a-las-11.28.39.png\",\"contentUrl\":\"https:\\\/\\\/www.cruillabarcelona.com\\\/wp-content\\\/uploads\\\/2017\\\/04\\\/Captura-de-pantalla-2017-04-12-a-las-11.28.39.png\",\"width\":1199,\"height\":457},{\"@type\":\"BreadcrumbList\",\"@id\":\"https:\\\/\\\/www.cruillabarcelona.com\\\/ca\\\/the-lumineers\\\/#breadcrumb\",\"itemListElement\":[{\"@type\":\"ListItem\",\"position\":1,\"name\":\"Home\",\"item\":\"https:\\\/\\\/www.cruillabarcelona.com\\\/ca\\\/\"},{\"@type\":\"ListItem\",\"position\":2,\"name\":\"The Lumineers\"}]},{\"@type\":\"WebSite\",\"@id\":\"https:\\\/\\\/www.cruillabarcelona.com\\\/ca\\\/#website\",\"url\":\"https:\\\/\\\/www.cruillabarcelona.com\\\/ca\\\/\",\"name\":\"Festival Cru\u00eflla\",\"description\":\"\",\"potentialAction\":[{\"@type\":\"SearchAction\",\"target\":{\"@type\":\"EntryPoint\",\"urlTemplate\":\"https:\\\/\\\/www.cruillabarcelona.com\\\/ca\\\/?s={search_term_string}\"},\"query-input\":{\"@type\":\"PropertyValueSpecification\",\"valueRequired\":true,\"valueName\":\"search_term_string\"}}],\"inLanguage\":\"ca\"}]}<\/script>\n<!-- \/ Yoast SEO plugin. -->","yoast_head_json":{"title":"The Lumineers - Festival Cru\u00eflla","robots":{"index":"index","follow":"follow","max-snippet":"max-snippet:-1","max-image-preview":"max-image-preview:large","max-video-preview":"max-video-preview:-1"},"canonical":"https:\/\/www.cruillabarcelona.com\/ca\/the-lumineers\/","og_locale":"ca_ES","og_type":"article","og_title":"The Lumineers - Festival Cru\u00eflla","og_description":"Els grans \u00e8xits de The Lumineers en directe al Cru\u00eflla, t&#8217;ho perdr\u00e0s? The Lumineers s\u00f3n un dels casos d\u2019\u00e8xit m\u00e9s inversemblants dels \u00faltims anys. Varen convertir la\u00a0can\u00e7\u00f3 \u201cHo Hey\u201d en un himne internacional el 2012. Aquest \u00e8xit va tenir continu\u00eftat amb un altre single #1 \u201cStubbon Love\u201d i posteriorment \u201cSubmarines\u201d. Tres can\u00e7ons que els van... View Article","og_url":"https:\/\/www.cruillabarcelona.com\/ca\/the-lumineers\/","og_site_name":"Festival Cru\u00eflla","article_modified_time":"2017-06-13T13:23:14+00:00","og_image":[{"width":1199,"height":457,"url":"https:\/\/www.cruillabarcelona.com\/wp-content\/uploads\/2017\/04\/Captura-de-pantalla-2017-04-12-a-las-11.28.39.png","type":"image\/png"}],"twitter_card":"summary_large_image","twitter_misc":{"Temps estimat de lectura":"1 minut"},"schema":{"@context":"https:\/\/schema.org","@graph":[{"@type":"WebPage","@id":"https:\/\/www.cruillabarcelona.com\/ca\/the-lumineers\/","url":"https:\/\/www.cruillabarcelona.com\/ca\/the-lumineers\/","name":"The Lumineers - Festival Cru\u00eflla","isPartOf":{"@id":"https:\/\/www.cruillabarcelona.com\/ca\/#website"},"primaryImageOfPage":{"@id":"https:\/\/www.cruillabarcelona.com\/ca\/the-lumineers\/#primaryimage"},"image":{"@id":"https:\/\/www.cruillabarcelona.com\/ca\/the-lumineers\/#primaryimage"},"thumbnailUrl":"https:\/\/www.cruillabarcelona.com\/wp-content\/uploads\/2017\/04\/Captura-de-pantalla-2017-04-12-a-las-11.28.39.png","datePublished":"2017-04-12T09:48:09+00:00","dateModified":"2017-06-13T13:23:14+00:00","breadcrumb":{"@id":"https:\/\/www.cruillabarcelona.com\/ca\/the-lumineers\/#breadcrumb"},"inLanguage":"ca","potentialAction":[{"@type":"ReadAction","target":["https:\/\/www.cruillabarcelona.com\/ca\/the-lumineers\/"]}]},{"@type":"ImageObject","inLanguage":"ca","@id":"https:\/\/www.cruillabarcelona.com\/ca\/the-lumineers\/#primaryimage","url":"https:\/\/www.cruillabarcelona.com\/wp-content\/uploads\/2017\/04\/Captura-de-pantalla-2017-04-12-a-las-11.28.39.png","contentUrl":"https:\/\/www.cruillabarcelona.com\/wp-content\/uploads\/2017\/04\/Captura-de-pantalla-2017-04-12-a-las-11.28.39.png","width":1199,"height":457},{"@type":"BreadcrumbList","@id":"https:\/\/www.cruillabarcelona.com\/ca\/the-lumineers\/#breadcrumb","itemListElement":[{"@type":"ListItem","position":1,"name":"Home","item":"https:\/\/www.cruillabarcelona.com\/ca\/"},{"@type":"ListItem","position":2,"name":"The Lumineers"}]},{"@type":"WebSite","@id":"https:\/\/www.cruillabarcelona.com\/ca\/#website","url":"https:\/\/www.cruillabarcelona.com\/ca\/","name":"Festival Cru\u00eflla","description":"","potentialAction":[{"@type":"SearchAction","target":{"@type":"EntryPoint","urlTemplate":"https:\/\/www.cruillabarcelona.com\/ca\/?s={search_term_string}"},"query-input":{"@type":"PropertyValueSpecification","valueRequired":true,"valueName":"search_term_string"}}],"inLanguage":"ca"}]}},"_links":{"self":[{"href":"https:\/\/www.cruillabarcelona.com\/ca\/wp-json\/wp\/v2\/pages\/4336","targetHints":{"allow":["GET"]}}],"collection":[{"href":"https:\/\/www.cruillabarcelona.com\/ca\/wp-json\/wp\/v2\/pages"}],"about":[{"href":"https:\/\/www.cruillabarcelona.com\/ca\/wp-json\/wp\/v2\/types\/page"}],"author":[{"embeddable":true,"href":"https:\/\/www.cruillabarcelona.com\/ca\/wp-json\/wp\/v2\/users\/7"}],"replies":[{"embeddable":true,"href":"https:\/\/www.cruillabarcelona.com\/ca\/wp-json\/wp\/v2\/comments?post=4336"}],"version-history":[{"count":0,"href":"https:\/\/www.cruillabarcelona.com\/ca\/wp-json\/wp\/v2\/pages\/4336\/revisions"}],"wp:featuredmedia":[{"embeddable":true,"href":"https:\/\/www.cruillabarcelona.com\/ca\/wp-json\/wp\/v2\/media\/4648"}],"wp:attachment":[{"href":"https:\/\/www.cruillabarcelona.com\/ca\/wp-json\/wp\/v2\/media?parent=4336"}],"curies":[{"name":"wp","href":"https:\/\/api.w.org\/{rel}","templated":true}]}}