{"id":49586,"date":"2023-06-27T16:58:00","date_gmt":"2023-06-27T14:58:00","guid":{"rendered":"https:\/\/www.cruillabarcelona.com\/?page_id=49586"},"modified":"2025-10-09T11:21:38","modified_gmt":"2025-10-09T09:21:38","slug":"espai-transformat","status":"publish","type":"page","link":"https:\/\/www.cruillabarcelona.com\/ca\/espai-transformat\/","title":{"rendered":"Espai Transforma&#8217;t"},"content":{"rendered":"<h1 style=\"text-align: center;\"><span style=\"color: #a969b2;\">Un punt de trobada per al canvi social!<\/span><\/h1>\n<p>El Festival Cru\u00eflla \u00e9s molt m\u00e9s que un festival de m\u00fasica: des de fa molts anys altres disciplines com la com\u00e8dia, l&#8217;art, la gastronomia o la innovaci\u00f3 tecnol\u00f2gica formen part de la seva programaci\u00f3. Una programaci\u00f3 cultural que pret\u00e9n fer-nos descobrir coses noves i gaudir com mai, per\u00f2 tamb\u00e9\u00a0<strong>alimentar el nostre esperit cr\u00edtic i contribuir a millorar el present i el futur de la nostra societat.<\/strong><\/p>\n<p data-start=\"35\" data-end=\"413\">Despr\u00e9s de formar part del Festival Cru\u00eflla per primera vegada el 2023, vam tornar a comptar amb <strong>l\u2019Espai Transforma\u2019t<\/strong>, una zona dins del recinte del festival que es va convertir en un punt de trobada per a diverses entitats i ONGs compromeses amb el canvi social i que volia despertar consci\u00e8ncies i motivar el canvi per caminar conjuntament cap a un m\u00f3n m\u00e9s just.<\/p>\n<p data-start=\"415\" data-end=\"735\" data-is-last-node=\"\" data-is-only-node=\"\">La quinzena de col\u00b7lectius que hi van participar van estar coordinats per l\u2019<a href=\"https:\/\/cooperaciocatalana.gencat.cat\/ca\/qui-som\/agencia_catalana_de_cooperacio_al_desenvolupament\/\"><strong>Ag\u00e8ncia Catalana de Cooperaci\u00f3 al Desenvolupament<\/strong><\/a>, un organisme de la\u00a0<strong>Generalitat de Catalunya<\/strong>\u00a0adscrit al\u00a0<strong>Departament d\u2019Acci\u00f3 Exterior i Uni\u00f3 Europea<\/strong>\u00a0responsable de gestionar les pol\u00edtiques de cooperaci\u00f3 al desenvolupament i acci\u00f3 humanit\u00e0ria.<\/p>\n<p><img loading=\"lazy\" decoding=\"async\" class=\"aligncenter wp-image-51989 size-large\" src=\"https:\/\/www.cruillabarcelona.com\/wp-content\/uploads\/2024\/03\/AMBIENT_230707_PhotoGiselaJane_GISJ6234-1-1024x682.jpg\" alt=\"\" width=\"900\" height=\"599\" srcset=\"https:\/\/www.cruillabarcelona.com\/wp-content\/uploads\/2024\/03\/AMBIENT_230707_PhotoGiselaJane_GISJ6234-1-1024x682.jpg 1024w, https:\/\/www.cruillabarcelona.com\/wp-content\/uploads\/2024\/03\/AMBIENT_230707_PhotoGiselaJane_GISJ6234-1-768x512.jpg 768w, https:\/\/www.cruillabarcelona.com\/wp-content\/uploads\/2024\/03\/AMBIENT_230707_PhotoGiselaJane_GISJ6234-1-1536x1024.jpg 1536w, https:\/\/www.cruillabarcelona.com\/wp-content\/uploads\/2024\/03\/AMBIENT_230707_PhotoGiselaJane_GISJ6234-1-300x200.jpg 300w, https:\/\/www.cruillabarcelona.com\/wp-content\/uploads\/2024\/03\/AMBIENT_230707_PhotoGiselaJane_GISJ6234-1-1500x1000.jpg 1500w, https:\/\/www.cruillabarcelona.com\/wp-content\/uploads\/2024\/03\/AMBIENT_230707_PhotoGiselaJane_GISJ6234-1.jpg 2030w\" sizes=\"auto, (max-width: 900px) 100vw, 900px\" \/><\/p>\n<h3>L&#8217;ESPAI TRANSFORMA&#8217;T AL FESTIVAL CRU\u00cfLLA 2025<\/h3>\n<p data-start=\"35\" data-end=\"380\">L\u2019Espai Transforma\u2019t va ser un espai de reflexi\u00f3 sobre les principals desigualtats i injust\u00edcies que sacsegen el m\u00f3n actualment i sobre les causes estructurals que les provoquen.<\/p>\n<p data-start=\"382\" data-end=\"650\">Van ser 15 les organitzacions que, a trav\u00e9s d\u2019una programaci\u00f3 din\u00e0mica i diversa, van convidar el p\u00fablic del festival a reflexionar i assumir rols actius en la construcci\u00f3 de societats pac\u00edfiques, equitatives i sostenibles, tant en l\u2019\u00e0mbit local com global.<\/p>\n<p data-start=\"652\" data-end=\"1105\" data-is-last-node=\"\" data-is-only-node=\"\">L\u2019Espai Transforma\u2019t va estar dividit en cinc seccions: \u201cCompr\u00e8n El M\u00f3n\u201d, \u201cMobilitza\u2019t\u201d, \u201cSuma\u2019t Al Comer\u00e7 Just\u201d, \u201cSolidaritza\u2019t Amb Les Crisis Humanit\u00e0ries\u201d i \u201cCuidem-Nos Per Transformar\u201d, i va comptar amb una programaci\u00f3 cultural din\u00e0mica amb diverses activacions organitzades per les entitats col\u00b7laboradores, on es va poder jugar, reflexionar i despertar l\u2019esperit cr\u00edtic sobre q\u00fcestions com el g\u00e8nere, la pau, els drets humans o la crisi clim\u00e0tica.<\/p>\n<p><img loading=\"lazy\" decoding=\"async\" class=\"aligncenter wp-image-51995 size-large\" src=\"https:\/\/www.cruillabarcelona.com\/wp-content\/uploads\/2024\/03\/AMBIENT_230707_PhotoGiselaJane_GISJ6269-1-1-1024x683.jpg\" alt=\"\" width=\"900\" height=\"600\" srcset=\"https:\/\/www.cruillabarcelona.com\/wp-content\/uploads\/2024\/03\/AMBIENT_230707_PhotoGiselaJane_GISJ6269-1-1-1024x683.jpg 1024w, https:\/\/www.cruillabarcelona.com\/wp-content\/uploads\/2024\/03\/AMBIENT_230707_PhotoGiselaJane_GISJ6269-1-1-768x512.jpg 768w, https:\/\/www.cruillabarcelona.com\/wp-content\/uploads\/2024\/03\/AMBIENT_230707_PhotoGiselaJane_GISJ6269-1-1-1536x1024.jpg 1536w, https:\/\/www.cruillabarcelona.com\/wp-content\/uploads\/2024\/03\/AMBIENT_230707_PhotoGiselaJane_GISJ6269-1-1-300x200.jpg 300w, https:\/\/www.cruillabarcelona.com\/wp-content\/uploads\/2024\/03\/AMBIENT_230707_PhotoGiselaJane_GISJ6269-1-1-1500x1000.jpg 1500w, https:\/\/www.cruillabarcelona.com\/wp-content\/uploads\/2024\/03\/AMBIENT_230707_PhotoGiselaJane_GISJ6269-1-1.jpg 1785w\" sizes=\"auto, (max-width: 900px) 100vw, 900px\" \/><\/p>\n<h3>DUES EXPOSICIONS FOTOGR\u00c0FIQUES<\/h3>\n<p data-start=\"35\" data-end=\"380\">A m\u00e9s, en aquesta zona tamb\u00e9 hi va haver dues exhibicions de fotografia inspiradores i impactants. Per una banda, es va poder gaudir de <em data-start=\"171\" data-end=\"186\">Primary Ocean<\/em>, un projecte d&#8217;investigaci\u00f3, conscienciaci\u00f3 i defensa sobre la just\u00edcia ambiental i la crisi clim\u00e0tica a l&#8217;oce\u00e0, presentat per <a href=\"https:\/\/www.ruidophoto.com\/es\/\"><strong>Ruido Photo<\/strong><\/a>\u00a0en col\u00b7laboraci\u00f3 amb l&#8217;Institut de Ci\u00e8ncies del Mar.<\/p>\n<p data-start=\"382\" data-end=\"689\" data-is-last-node=\"\" data-is-only-node=\"\">Per altra banda, tamb\u00e9 es va poder veure <em data-start=\"423\" data-end=\"447\">Activistes per la vida<\/em>, una proposta executada pel fot\u00f2graf Gervasio S\u00e1nchez i l\u2019associaci\u00f3\u00a0<a href=\"https:\/\/www.entrepobles.org\/\"><strong>Entrepobles<\/strong><\/a>, que va buscar donar visibilitat a defensors i defensores dels drets humans i la naturalesa, aix\u00ed com les seves lluites, focalitzant-se en Guatemala i Hondures.<\/p>\n<p><img loading=\"lazy\" decoding=\"async\" class=\"aligncenter wp-image-51992 size-large\" src=\"https:\/\/www.cruillabarcelona.com\/wp-content\/uploads\/2024\/03\/AMBIENT_230707_PhotoGiselaJane_GISJ6276-1-1024x683.jpg\" alt=\"\" width=\"900\" height=\"600\" srcset=\"https:\/\/www.cruillabarcelona.com\/wp-content\/uploads\/2024\/03\/AMBIENT_230707_PhotoGiselaJane_GISJ6276-1-1024x683.jpg 1024w, https:\/\/www.cruillabarcelona.com\/wp-content\/uploads\/2024\/03\/AMBIENT_230707_PhotoGiselaJane_GISJ6276-1-768x512.jpg 768w, https:\/\/www.cruillabarcelona.com\/wp-content\/uploads\/2024\/03\/AMBIENT_230707_PhotoGiselaJane_GISJ6276-1-1536x1024.jpg 1536w, https:\/\/www.cruillabarcelona.com\/wp-content\/uploads\/2024\/03\/AMBIENT_230707_PhotoGiselaJane_GISJ6276-1-300x200.jpg 300w, https:\/\/www.cruillabarcelona.com\/wp-content\/uploads\/2024\/03\/AMBIENT_230707_PhotoGiselaJane_GISJ6276-1-1500x1000.jpg 1500w, https:\/\/www.cruillabarcelona.com\/wp-content\/uploads\/2024\/03\/AMBIENT_230707_PhotoGiselaJane_GISJ6276-1.jpg 1764w\" sizes=\"auto, (max-width: 900px) 100vw, 900px\" \/><\/p>\n<h3>M\u00c9S D&#8217;UNA DESENA D&#8217;ENTITATS<\/h3>\n<p>Algunes de les entitats que van formar part de l&#8217;dici\u00f3 d&#8217;enguany s\u00f3n l\u2019<a href=\"https:\/\/lassociacio.org\/\"><strong>Associaci\u00f3 pels Drets Sexuals i Reproductius<\/strong><\/a>, que vetlla per la promoci\u00f3, defensa, reivindicaci\u00f3 i garantia real dels Drets Sexuals i Reproductius, o la\u00a0<strong><a href=\"https:\/\/www.violenciadegenere.org\/\">Plataforma Unit\u00e0ria Contra les viol\u00e8ncies de g\u00e8nere<\/a>,\u00a0<\/strong>que impulsa i dona suport al conjunt del moviment social que lluita pels drets i la llibertat de les dones, dues organitzacions que lluiten per erradicar les viol\u00e8ncies masclistes.<\/p>\n<p>Tamb\u00e9 vam comptar amb l\u2019ONGD <a href=\"https:\/\/boscoglobal.org\/\"><strong>Bosco Global\u00a0<\/strong><\/a>que vetlla per un m\u00f3n m\u00e9s just, equitatiu i sostenible mitjan\u00e7ant l\u2019educaci\u00f3 i que va repetir un any m\u00e9s dins l\u2019Espai Transforma\u2019t aix\u00ed com <a href=\"https:\/\/lacoordi.cat\/\"><strong>LaCoordi<\/strong><\/a>, entitat de segon grau que t\u00e9 com a principal objectiu articular el Comer\u00e7 Just a Catalunya en el marc de l\u2019Economia Solid\u00e0ria.<\/p>\n<p>Les organitzacions humanit\u00e0ries<strong> <a href=\"https:\/\/www.msf.es\/\">Metges Sense Fronteres<\/a><\/strong>,<strong>\u00a0<\/strong>que aporta la seva ajuda a les v\u00edctimes de desastres naturals o humans i de conflictes armats, i <a href=\"https:\/\/www.cruzroja.es\/principal\/web\/barcelona\"><strong>Creu Roja Espanyola a Catalunya<\/strong><\/a>, instituci\u00f3 de car\u00e0cter i inter\u00e8s p\u00fablic que treballa pel desenvolupament hum\u00e0 i comunitari, van ser altres de les organitzacions que es van implicar en la dinamitzaci\u00f3 de l\u2019espai.<\/p>\n<p>Vam tenir activacions de les entitats <strong><a href=\"https:\/\/www.mpdl.org\/\">Moviment per la Pau (MPDL)<\/a><\/strong><strong>,\u00a0<\/strong>que lluita per la pau i la cura de les\u00a0 persones i del planeta, o la <a href=\"https:\/\/www.ccoo.cat\/cooperacio\/\"><strong>Fundaci\u00f3 Pau i Solidaritat<\/strong><\/a>, que treballa tamb\u00e9 per la defensa dels drets humans Laborals arreu del m\u00f3n.<\/p>\n<p>Tamb\u00e9 hi van ser el <a href=\"https:\/\/www.bancsang.net\/ca\/\"><strong>Banc de Sang i Teixits<\/strong><\/a>, que va tornar <span style=\"font-weight: 400;\">al festival despr\u00e9s de l\u2019\u00e8xit de l\u2019any passat \u2014amb un r\u00e8cord de 116 donants de medul\u00b7la en nom\u00e9s dos dies\u2014, amb un espai dedicat a sumar nous donants, i el <a href=\"https:\/\/www.pssjd.org\/\"><strong>Parc Sanitari de Sant Joan de D\u00e9u<\/strong><\/a>, que va donar a con\u00e8ixer algunes ter\u00e0pies pensades per generar canvis en les percepcions negatives que les persones amb trastorns mentals tenen d\u2019elles mateixes i de les seves relacions amb els altres.<\/span><\/p>\n<p>La <a href=\"https:\/\/www.ccar.cat\/\"><strong>Comissi\u00f3 Catalana d\u2019Acci\u00f3 pel Refugi<\/strong><\/a>, que vetlla per la defensa del dret d\u2019asil i els drets de les persones refugiades i\/o migrades que es troben en una situaci\u00f3 d\u2019especial vulnerabilitat, i l\u2019<strong><a href=\"https:\/\/www.recercasantpau.cat\/\">Institut de Recerca Sant Pau<\/a>, <\/strong>que treballa per contribuir en la millora de la salut i la qualitat de vida de les persones, mitjan\u00e7ant la producci\u00f3 i divulgaci\u00f3 de coneixement cient\u00edfic, entre altres coses, tampoc hi van faltar.<\/p>\n<p>Finalment, tamb\u00e9 vam tenir a <a href=\"https:\/\/pallapupas.org\/es\/\"><strong>Pallapupas<\/strong><\/a>, l&#8217;entitat que s&#8217;encarrega <span style=\"font-weight: 400;\">d\u2019humanitzar els hospitals i acompanyar, amb humor i alegria, infants i adults que viuen processos de malaltia i el <a href=\"https:\/\/www.pssjd.org\/\">Parc Sanitari de Sant Joan de D\u00e9u<\/a> amb el seu projecte Somrise.<\/span><\/p>\n","protected":false},"excerpt":{"rendered":"Un punt de trobada per al canvi social! El Festival Cru\u00eflla \u00e9s molt m\u00e9s que un festival de m\u00fasica: des de fa molts anys altres disciplines com la com\u00e8dia, l&#8217;art, la gastronomia o la innovaci\u00f3 tecnol\u00f2gica formen part de la seva programaci\u00f3. Una programaci\u00f3 cultural que pret\u00e9n fer-nos descobrir coses noves i gaudir com mai,&#8230; <a class=\"view-article\" href=\"https:\/\/www.cruillabarcelona.com\/ca\/espai-transformat\/\">View Article<\/a>","protected":false},"author":7,"featured_media":49679,"parent":0,"menu_order":0,"comment_status":"closed","ping_status":"closed","template":"page-templates\/page-landing.php","meta":{"_acf_changed":false,"footnotes":""},"class_list":["post-49586","page","type-page","status-publish","has-post-thumbnail","hentry"],"acf":[],"yoast_head":"<!-- This site is optimized with the Yoast SEO plugin v27.3 - https:\/\/yoast.com\/product\/yoast-seo-wordpress\/ -->\n<title>Espai Transforma&#039;t - Festival Cru\u00eflla<\/title>\n<meta name=\"robots\" content=\"index, follow, max-snippet:-1, max-image-preview:large, max-video-preview:-1\" \/>\n<link rel=\"canonical\" href=\"https:\/\/www.cruillabarcelona.com\/ca\/espai-transformat\/\" \/>\n<meta property=\"og:locale\" content=\"ca_ES\" \/>\n<meta property=\"og:type\" content=\"article\" \/>\n<meta property=\"og:title\" content=\"Espai Transforma&#039;t - Festival Cru\u00eflla\" \/>\n<meta property=\"og:description\" content=\"Un punt de trobada per al canvi social! El Festival Cru\u00eflla \u00e9s molt m\u00e9s que un festival de m\u00fasica: des de fa molts anys altres disciplines com la com\u00e8dia, l&#8217;art, la gastronomia o la innovaci\u00f3 tecnol\u00f2gica formen part de la seva programaci\u00f3. Una programaci\u00f3 cultural que pret\u00e9n fer-nos descobrir coses noves i gaudir com mai,... View Article\" \/>\n<meta property=\"og:url\" content=\"https:\/\/www.cruillabarcelona.com\/ca\/espai-transformat\/\" \/>\n<meta property=\"og:site_name\" content=\"Festival Cru\u00eflla\" \/>\n<meta property=\"article:modified_time\" content=\"2025-10-09T09:21:38+00:00\" \/>\n<meta property=\"og:image\" content=\"https:\/\/www.cruillabarcelona.com\/wp-content\/uploads\/2023\/06\/Copia-de-2022-07-09-AMBIENT__DSC0513_Foto\u00a9VictorParreno-scaled.jpg\" \/>\n\t<meta property=\"og:image:width\" content=\"2560\" \/>\n\t<meta property=\"og:image:height\" content=\"1709\" \/>\n\t<meta property=\"og:image:type\" content=\"image\/jpeg\" \/>\n<meta name=\"twitter:card\" content=\"summary_large_image\" \/>\n<meta name=\"twitter:label1\" content=\"Temps estimat de lectura\" \/>\n\t<meta name=\"twitter:data1\" content=\"6 minuts\" \/>\n<script type=\"application\/ld+json\" class=\"yoast-schema-graph\">{\"@context\":\"https:\\\/\\\/schema.org\",\"@graph\":[{\"@type\":\"WebPage\",\"@id\":\"https:\\\/\\\/www.cruillabarcelona.com\\\/ca\\\/espai-transformat\\\/\",\"url\":\"https:\\\/\\\/www.cruillabarcelona.com\\\/ca\\\/espai-transformat\\\/\",\"name\":\"Espai Transforma't - Festival Cru\u00eflla\",\"isPartOf\":{\"@id\":\"https:\\\/\\\/www.cruillabarcelona.com\\\/ca\\\/#website\"},\"primaryImageOfPage\":{\"@id\":\"https:\\\/\\\/www.cruillabarcelona.com\\\/ca\\\/espai-transformat\\\/#primaryimage\"},\"image\":{\"@id\":\"https:\\\/\\\/www.cruillabarcelona.com\\\/ca\\\/espai-transformat\\\/#primaryimage\"},\"thumbnailUrl\":\"https:\\\/\\\/www.cruillabarcelona.com\\\/wp-content\\\/uploads\\\/2023\\\/06\\\/Copia-de-2022-07-09-AMBIENT__DSC0513_Foto\u00a9VictorParreno-scaled.jpg\",\"datePublished\":\"2023-06-27T14:58:00+00:00\",\"dateModified\":\"2025-10-09T09:21:38+00:00\",\"breadcrumb\":{\"@id\":\"https:\\\/\\\/www.cruillabarcelona.com\\\/ca\\\/espai-transformat\\\/#breadcrumb\"},\"inLanguage\":\"ca\",\"potentialAction\":[{\"@type\":\"ReadAction\",\"target\":[\"https:\\\/\\\/www.cruillabarcelona.com\\\/ca\\\/espai-transformat\\\/\"]}]},{\"@type\":\"ImageObject\",\"inLanguage\":\"ca\",\"@id\":\"https:\\\/\\\/www.cruillabarcelona.com\\\/ca\\\/espai-transformat\\\/#primaryimage\",\"url\":\"https:\\\/\\\/www.cruillabarcelona.com\\\/wp-content\\\/uploads\\\/2023\\\/06\\\/Copia-de-2022-07-09-AMBIENT__DSC0513_Foto\u00a9VictorParreno-scaled.jpg\",\"contentUrl\":\"https:\\\/\\\/www.cruillabarcelona.com\\\/wp-content\\\/uploads\\\/2023\\\/06\\\/Copia-de-2022-07-09-AMBIENT__DSC0513_Foto\u00a9VictorParreno-scaled.jpg\",\"width\":2560,\"height\":1709},{\"@type\":\"BreadcrumbList\",\"@id\":\"https:\\\/\\\/www.cruillabarcelona.com\\\/ca\\\/espai-transformat\\\/#breadcrumb\",\"itemListElement\":[{\"@type\":\"ListItem\",\"position\":1,\"name\":\"Home\",\"item\":\"https:\\\/\\\/www.cruillabarcelona.com\\\/ca\\\/\"},{\"@type\":\"ListItem\",\"position\":2,\"name\":\"Espai Transforma&#8217;t\"}]},{\"@type\":\"WebSite\",\"@id\":\"https:\\\/\\\/www.cruillabarcelona.com\\\/ca\\\/#website\",\"url\":\"https:\\\/\\\/www.cruillabarcelona.com\\\/ca\\\/\",\"name\":\"Festival Cru\u00eflla\",\"description\":\"\",\"potentialAction\":[{\"@type\":\"SearchAction\",\"target\":{\"@type\":\"EntryPoint\",\"urlTemplate\":\"https:\\\/\\\/www.cruillabarcelona.com\\\/ca\\\/?s={search_term_string}\"},\"query-input\":{\"@type\":\"PropertyValueSpecification\",\"valueRequired\":true,\"valueName\":\"search_term_string\"}}],\"inLanguage\":\"ca\"}]}<\/script>\n<!-- \/ Yoast SEO plugin. -->","yoast_head_json":{"title":"Espai Transforma't - Festival Cru\u00eflla","robots":{"index":"index","follow":"follow","max-snippet":"max-snippet:-1","max-image-preview":"max-image-preview:large","max-video-preview":"max-video-preview:-1"},"canonical":"https:\/\/www.cruillabarcelona.com\/ca\/espai-transformat\/","og_locale":"ca_ES","og_type":"article","og_title":"Espai Transforma't - Festival Cru\u00eflla","og_description":"Un punt de trobada per al canvi social! El Festival Cru\u00eflla \u00e9s molt m\u00e9s que un festival de m\u00fasica: des de fa molts anys altres disciplines com la com\u00e8dia, l&#8217;art, la gastronomia o la innovaci\u00f3 tecnol\u00f2gica formen part de la seva programaci\u00f3. Una programaci\u00f3 cultural que pret\u00e9n fer-nos descobrir coses noves i gaudir com mai,... View Article","og_url":"https:\/\/www.cruillabarcelona.com\/ca\/espai-transformat\/","og_site_name":"Festival Cru\u00eflla","article_modified_time":"2025-10-09T09:21:38+00:00","og_image":[{"width":2560,"height":1709,"url":"https:\/\/www.cruillabarcelona.com\/wp-content\/uploads\/2023\/06\/Copia-de-2022-07-09-AMBIENT__DSC0513_Foto\u00a9VictorParreno-scaled.jpg","type":"image\/jpeg"}],"twitter_card":"summary_large_image","twitter_misc":{"Temps estimat de lectura":"6 minuts"},"schema":{"@context":"https:\/\/schema.org","@graph":[{"@type":"WebPage","@id":"https:\/\/www.cruillabarcelona.com\/ca\/espai-transformat\/","url":"https:\/\/www.cruillabarcelona.com\/ca\/espai-transformat\/","name":"Espai Transforma't - Festival Cru\u00eflla","isPartOf":{"@id":"https:\/\/www.cruillabarcelona.com\/ca\/#website"},"primaryImageOfPage":{"@id":"https:\/\/www.cruillabarcelona.com\/ca\/espai-transformat\/#primaryimage"},"image":{"@id":"https:\/\/www.cruillabarcelona.com\/ca\/espai-transformat\/#primaryimage"},"thumbnailUrl":"https:\/\/www.cruillabarcelona.com\/wp-content\/uploads\/2023\/06\/Copia-de-2022-07-09-AMBIENT__DSC0513_Foto\u00a9VictorParreno-scaled.jpg","datePublished":"2023-06-27T14:58:00+00:00","dateModified":"2025-10-09T09:21:38+00:00","breadcrumb":{"@id":"https:\/\/www.cruillabarcelona.com\/ca\/espai-transformat\/#breadcrumb"},"inLanguage":"ca","potentialAction":[{"@type":"ReadAction","target":["https:\/\/www.cruillabarcelona.com\/ca\/espai-transformat\/"]}]},{"@type":"ImageObject","inLanguage":"ca","@id":"https:\/\/www.cruillabarcelona.com\/ca\/espai-transformat\/#primaryimage","url":"https:\/\/www.cruillabarcelona.com\/wp-content\/uploads\/2023\/06\/Copia-de-2022-07-09-AMBIENT__DSC0513_Foto\u00a9VictorParreno-scaled.jpg","contentUrl":"https:\/\/www.cruillabarcelona.com\/wp-content\/uploads\/2023\/06\/Copia-de-2022-07-09-AMBIENT__DSC0513_Foto\u00a9VictorParreno-scaled.jpg","width":2560,"height":1709},{"@type":"BreadcrumbList","@id":"https:\/\/www.cruillabarcelona.com\/ca\/espai-transformat\/#breadcrumb","itemListElement":[{"@type":"ListItem","position":1,"name":"Home","item":"https:\/\/www.cruillabarcelona.com\/ca\/"},{"@type":"ListItem","position":2,"name":"Espai Transforma&#8217;t"}]},{"@type":"WebSite","@id":"https:\/\/www.cruillabarcelona.com\/ca\/#website","url":"https:\/\/www.cruillabarcelona.com\/ca\/","name":"Festival Cru\u00eflla","description":"","potentialAction":[{"@type":"SearchAction","target":{"@type":"EntryPoint","urlTemplate":"https:\/\/www.cruillabarcelona.com\/ca\/?s={search_term_string}"},"query-input":{"@type":"PropertyValueSpecification","valueRequired":true,"valueName":"search_term_string"}}],"inLanguage":"ca"}]}},"_links":{"self":[{"href":"https:\/\/www.cruillabarcelona.com\/ca\/wp-json\/wp\/v2\/pages\/49586","targetHints":{"allow":["GET"]}}],"collection":[{"href":"https:\/\/www.cruillabarcelona.com\/ca\/wp-json\/wp\/v2\/pages"}],"about":[{"href":"https:\/\/www.cruillabarcelona.com\/ca\/wp-json\/wp\/v2\/types\/page"}],"author":[{"embeddable":true,"href":"https:\/\/www.cruillabarcelona.com\/ca\/wp-json\/wp\/v2\/users\/7"}],"replies":[{"embeddable":true,"href":"https:\/\/www.cruillabarcelona.com\/ca\/wp-json\/wp\/v2\/comments?post=49586"}],"version-history":[{"count":5,"href":"https:\/\/www.cruillabarcelona.com\/ca\/wp-json\/wp\/v2\/pages\/49586\/revisions"}],"predecessor-version":[{"id":60649,"href":"https:\/\/www.cruillabarcelona.com\/ca\/wp-json\/wp\/v2\/pages\/49586\/revisions\/60649"}],"wp:featuredmedia":[{"embeddable":true,"href":"https:\/\/www.cruillabarcelona.com\/ca\/wp-json\/wp\/v2\/media\/49679"}],"wp:attachment":[{"href":"https:\/\/www.cruillabarcelona.com\/ca\/wp-json\/wp\/v2\/media?parent=49586"}],"curies":[{"name":"wp","href":"https:\/\/api.w.org\/{rel}","templated":true}]}}