{"id":52253,"date":"2026-01-27T12:00:51","date_gmt":"2026-01-27T10:00:51","guid":{"rendered":"https:\/\/www.cruillabarcelona.com\/?page_id=52253"},"modified":"2026-03-10T14:18:27","modified_gmt":"2026-03-10T12:18:27","slug":"dijous-2026","status":"publish","type":"page","link":"https:\/\/www.cruillabarcelona.com\/ca\/dijous-2026\/","title":{"rendered":"Dijous 9 de juliol &#8211; Festival Cru\u00eflla 2026"},"content":{"rendered":"<h2 style=\"text-align: center;\">Tornen els cl\u00e0ssics al Cru\u00eflla 2026!<\/h2>\n<p class=\"monday-block-1\" contenteditable=\"true\" data-monday-block-type=\"1\" data-monday-block-content=\"[{&quot;attributes&quot;:{&quot;bold&quot;:true},&quot;insert&quot;:&quot;Dijous 9 de juliol &quot;},{&quot;insert&quot;:&quot;el Festival Cru\u00eflla arriba carregat de &quot;},{&quot;attributes&quot;:{&quot;bold&quot;:true},&quot;insert&quot;:&quot;cl\u00e0ssics internacionals&quot;},{&quot;insert&quot;:&quot; i &quot;},{&quot;attributes&quot;:{&quot;bold&quot;:true},&quot;insert&quot;:&quot;referents de casa nostra&quot;},{&quot;insert&quot;:&quot;. Una jornada per celebrar traject\u00f2ries m\u00edtiques i l'energia de les noves generacions. &quot;}]\" data-inline-monday=\"true\"><strong>Dijous 9 de juliol <\/strong>el Festival Cru\u00eflla arriba carregat de <strong>cl\u00e0ssics internacionals<\/strong> i <strong>referents de casa nostra<\/strong>. Una jornada per celebrar traject\u00f2ries m\u00edtiques i l&#8217;energia de les noves generacions.<\/p>\n<p style=\"text-align: center;\"><img loading=\"lazy\" decoding=\"async\" class=\"aligncenter wp-image-62449 \" src=\"https:\/\/www.cruillabarcelona.com\/wp-content\/uploads\/2026\/03\/Dijous_CA.png\" alt=\"\" width=\"886\" height=\"443\" srcset=\"https:\/\/www.cruillabarcelona.com\/wp-content\/uploads\/2026\/03\/Dijous_CA.png 1200w, https:\/\/www.cruillabarcelona.com\/wp-content\/uploads\/2026\/03\/Dijous_CA-1024x512.png 1024w, https:\/\/www.cruillabarcelona.com\/wp-content\/uploads\/2026\/03\/Dijous_CA-768x384.png 768w, https:\/\/www.cruillabarcelona.com\/wp-content\/uploads\/2026\/03\/Dijous_CA-300x150.png 300w\" sizes=\"auto, (max-width: 886px) 100vw, 886px\" \/><\/p>\n<p style=\"text-align: center;\"><em><b>Compra aqu\u00ed la teva entrada de dijous o el teu abonament de 3 o 4 dies!<\/b><\/em><\/p>\n<p style=\"text-align: center;\"><a class=\"button round    large\" href=\"https:\/\/tickets.oneboxtds.com\/cruilla\/select\/2556129?hl=ca-ES\"  target=\"_blank\"><i class=\"glyphicon fi-ticket\"><\/i> ENTRADA DIJOUS<\/a><\/p>\n<p style=\"text-align: center;\"><a class=\"button round    large\" href=\"https:\/\/www.cruillabarcelona.com\/ca\/tickets\/\"  target=\"_blank\"><i class=\"glyphicon fi-ticket\"><\/i> ABONAMENTS<\/a><\/p>\n<p><strong>Pixies,<\/strong> un dels grups m\u00e9s influents dels noranta, arriben al festival per celebrar el seu <strong>40\u00e8 aniversari<\/strong>. Amb himnes generacionals com <em>Where is my Mind <\/em>i amb el seu darrer treball The Night Zombies Came (2024), ens oferiran una de les <strong>\u00faniques actuacions a Espanya el 2026.<\/strong><\/p>\n<p style=\"text-align: center;\"><div class=\"flex-video   widescreen\"><iframe loading=\"lazy\" width=\"420\" height=\"315\" src=\"\/\/www.youtube.com\/embed\/ag0rVNlvQQg\" allowfullscreen=\"true\"><\/iframe><\/div><\/p>\n<p>Despr\u00e9s d&#8217;una pausa for\u00e7ada el 2024, <strong>Garbage <\/strong>torna amb <em>Let All That We Imagine Be The Light. <\/em>El seu vuit\u00e8 \u00e0lbum, m\u00e9s reflexiu, per\u00f2 fidel al seu so: rock alternatiu amb distorsi\u00f3 electr\u00f2nica i melodies fosques. Barcelona i Shirley Manson tenen una connexi\u00f3 molt especial; no et perdis aquest retrobament!<\/p>\n<p style=\"text-align: center;\"><div class=\"flex-video   widescreen\"><iframe loading=\"lazy\" width=\"420\" height=\"315\" src=\"\/\/www.youtube.com\/embed\/GpBFOJ3R0M4\" allowfullscreen=\"true\"><\/iframe><\/div><\/p>\n<p>Els brit\u00e0nics <strong>Suede<\/strong>, icones del noranta i guanyadors del Premi Mercury, presenten el seu des\u00e8 \u00e0lbum <em>Antidepressants. <\/em>Amb un directe explosiu i el carisma de Brett Anderson, aterren al Parc del F\u00f2rum per demostrar-nos que tornen amb m\u00e9s for\u00e7a que mai.<\/p>\n<p style=\"text-align: center;\"><div class=\"flex-video   widescreen\"><iframe loading=\"lazy\" width=\"420\" height=\"315\" src=\"\/\/www.youtube.com\/embed\/xqovGKdgAXY\" allowfullscreen=\"true\"><\/iframe><\/div><\/p>\n<p>I de l&#8217;escena internacional a la de casa. <strong>Mishima <\/strong>debutaran per primera vegada al Festival Cru\u00eflla amb un concert que repassar\u00e0 un repertori que ja \u00e9s hist\u00f2ria de la m\u00fasica en catal\u00e0. Els acompanyar\u00e0 l&#8217;autenticitat pop de <strong>Mazoni <\/strong>i la irrever\u00e8ncia d&#8217;<strong>Ypnosi<\/strong>, la proposta m\u00e9s jove de la nit que arriba amb lletres tragi-c\u00f2miques per actuar com un aut\u00e8ntic desfibril\u00b7lador per a la nostra cultura.<\/p>\n<p class=\"monday-block-1\" contenteditable=\"true\" data-monday-block-type=\"1\" data-monday-block-content=\"[{&quot;insert&quot;:&quot;No t'ho pensis m\u00e9s i viu una jornada hist\u00f2rica al Parc del F\u00f2rum. Retroba't amb els cl\u00e0ssics que t'han acompanyat sempre i deixa't sorprendre per l'energia del nou rock catal\u00e0. &quot;}]\" data-inline-monday=\"true\">No t&#8217;ho pensis m\u00e9s i viu una jornada hist\u00f2rica al Parc del F\u00f2rum. Retroba&#8217;t amb els cl\u00e0ssics que t&#8217;han acompanyat sempre i deixa&#8217;t sorprendre per l&#8217;energia del nou rock catal\u00e0.<\/p>\n<h3 style=\"text-align: center;\">Ens veiem al Festival Cru\u00eflla 2026!<\/h3>\n","protected":false},"excerpt":{"rendered":"Tornen els cl\u00e0ssics al Cru\u00eflla 2026! Dijous 9 de juliol el Festival Cru\u00eflla arriba carregat de cl\u00e0ssics internacionals i referents de casa nostra. Una jornada per celebrar traject\u00f2ries m\u00edtiques i l&#8217;energia de les noves generacions. Compra aqu\u00ed la teva entrada de dijous o el teu abonament de 3 o 4 dies! Pixies, un dels grups&#8230; <a class=\"view-article\" href=\"https:\/\/www.cruillabarcelona.com\/ca\/dijous-2026\/\">View Article<\/a>","protected":false},"author":7,"featured_media":61954,"parent":0,"menu_order":0,"comment_status":"closed","ping_status":"closed","template":"page-templates\/page-landing.php","meta":{"_acf_changed":false,"footnotes":""},"class_list":["post-52253","page","type-page","status-publish","has-post-thumbnail","hentry"],"acf":[],"yoast_head":"<!-- This site is optimized with the Yoast SEO plugin v27.3 - https:\/\/yoast.com\/product\/yoast-seo-wordpress\/ -->\n<title>Jornada dijous 9 de juliol de 2026 - Festival Cru\u00eflla<\/title>\n<meta name=\"description\" content=\"Programaci\u00f3 i venda d&#039;entrades per al dijous 9 de juliol de 2026 al Festival Cru\u00eflla. Pixies, Garbage, Suede, Mishima i molts m\u00e9s.\" \/>\n<meta name=\"robots\" content=\"index, follow, max-snippet:-1, max-image-preview:large, max-video-preview:-1\" \/>\n<link rel=\"canonical\" href=\"https:\/\/www.cruillabarcelona.com\/ca\/dijous-2026\/\" \/>\n<meta property=\"og:locale\" content=\"ca_ES\" \/>\n<meta property=\"og:type\" content=\"article\" \/>\n<meta property=\"og:title\" content=\"Jornada dijous 9 de juliol de 2026 - Festival Cru\u00eflla\" \/>\n<meta property=\"og:description\" content=\"Programaci\u00f3 i venda d&#039;entrades per al dijous 9 de juliol de 2026 al Festival Cru\u00eflla. Pixies, Garbage, Suede, Mishima i molts m\u00e9s.\" \/>\n<meta property=\"og:url\" content=\"https:\/\/www.cruillabarcelona.com\/ca\/dijous-2026\/\" \/>\n<meta property=\"og:site_name\" content=\"Festival Cru\u00eflla\" \/>\n<meta property=\"article:modified_time\" content=\"2026-03-10T12:18:27+00:00\" \/>\n<meta property=\"og:image\" content=\"https:\/\/www.cruillabarcelona.com\/wp-content\/uploads\/2026\/01\/Portada_LandingDijous_Desktop.jpg\" \/>\n\t<meta property=\"og:image:width\" content=\"2000\" \/>\n\t<meta property=\"og:image:height\" content=\"500\" \/>\n\t<meta property=\"og:image:type\" content=\"image\/jpeg\" \/>\n<meta name=\"twitter:card\" content=\"summary_large_image\" \/>\n<meta name=\"twitter:label1\" content=\"Temps estimat de lectura\" \/>\n\t<meta name=\"twitter:data1\" content=\"3 minuts\" \/>\n<script type=\"application\/ld+json\" class=\"yoast-schema-graph\">{\"@context\":\"https:\\\/\\\/schema.org\",\"@graph\":[{\"@type\":\"WebPage\",\"@id\":\"https:\\\/\\\/www.cruillabarcelona.com\\\/ca\\\/dijous-2026\\\/\",\"url\":\"https:\\\/\\\/www.cruillabarcelona.com\\\/ca\\\/dijous-2026\\\/\",\"name\":\"Jornada dijous 9 de juliol de 2026 - Festival Cru\u00eflla\",\"isPartOf\":{\"@id\":\"https:\\\/\\\/www.cruillabarcelona.com\\\/ca\\\/#website\"},\"primaryImageOfPage\":{\"@id\":\"https:\\\/\\\/www.cruillabarcelona.com\\\/ca\\\/dijous-2026\\\/#primaryimage\"},\"image\":{\"@id\":\"https:\\\/\\\/www.cruillabarcelona.com\\\/ca\\\/dijous-2026\\\/#primaryimage\"},\"thumbnailUrl\":\"https:\\\/\\\/www.cruillabarcelona.com\\\/wp-content\\\/uploads\\\/2026\\\/01\\\/Portada_LandingDijous_Desktop.jpg\",\"datePublished\":\"2026-01-27T10:00:51+00:00\",\"dateModified\":\"2026-03-10T12:18:27+00:00\",\"description\":\"Programaci\u00f3 i venda d'entrades per al dijous 9 de juliol de 2026 al Festival Cru\u00eflla. Pixies, Garbage, Suede, Mishima i molts m\u00e9s.\",\"breadcrumb\":{\"@id\":\"https:\\\/\\\/www.cruillabarcelona.com\\\/ca\\\/dijous-2026\\\/#breadcrumb\"},\"inLanguage\":\"ca\",\"potentialAction\":[{\"@type\":\"ReadAction\",\"target\":[\"https:\\\/\\\/www.cruillabarcelona.com\\\/ca\\\/dijous-2026\\\/\"]}]},{\"@type\":\"ImageObject\",\"inLanguage\":\"ca\",\"@id\":\"https:\\\/\\\/www.cruillabarcelona.com\\\/ca\\\/dijous-2026\\\/#primaryimage\",\"url\":\"https:\\\/\\\/www.cruillabarcelona.com\\\/wp-content\\\/uploads\\\/2026\\\/01\\\/Portada_LandingDijous_Desktop.jpg\",\"contentUrl\":\"https:\\\/\\\/www.cruillabarcelona.com\\\/wp-content\\\/uploads\\\/2026\\\/01\\\/Portada_LandingDijous_Desktop.jpg\",\"width\":2000,\"height\":500},{\"@type\":\"BreadcrumbList\",\"@id\":\"https:\\\/\\\/www.cruillabarcelona.com\\\/ca\\\/dijous-2026\\\/#breadcrumb\",\"itemListElement\":[{\"@type\":\"ListItem\",\"position\":1,\"name\":\"Home\",\"item\":\"https:\\\/\\\/www.cruillabarcelona.com\\\/ca\\\/\"},{\"@type\":\"ListItem\",\"position\":2,\"name\":\"Dijous 9 de juliol &#8211; Festival Cru\u00eflla 2026\"}]},{\"@type\":\"WebSite\",\"@id\":\"https:\\\/\\\/www.cruillabarcelona.com\\\/ca\\\/#website\",\"url\":\"https:\\\/\\\/www.cruillabarcelona.com\\\/ca\\\/\",\"name\":\"Festival Cru\u00eflla\",\"description\":\"\",\"potentialAction\":[{\"@type\":\"SearchAction\",\"target\":{\"@type\":\"EntryPoint\",\"urlTemplate\":\"https:\\\/\\\/www.cruillabarcelona.com\\\/ca\\\/?s={search_term_string}\"},\"query-input\":{\"@type\":\"PropertyValueSpecification\",\"valueRequired\":true,\"valueName\":\"search_term_string\"}}],\"inLanguage\":\"ca\"}]}<\/script>\n<!-- \/ Yoast SEO plugin. -->","yoast_head_json":{"title":"Jornada dijous 9 de juliol de 2026 - Festival Cru\u00eflla","description":"Programaci\u00f3 i venda d'entrades per al dijous 9 de juliol de 2026 al Festival Cru\u00eflla. Pixies, Garbage, Suede, Mishima i molts m\u00e9s.","robots":{"index":"index","follow":"follow","max-snippet":"max-snippet:-1","max-image-preview":"max-image-preview:large","max-video-preview":"max-video-preview:-1"},"canonical":"https:\/\/www.cruillabarcelona.com\/ca\/dijous-2026\/","og_locale":"ca_ES","og_type":"article","og_title":"Jornada dijous 9 de juliol de 2026 - Festival Cru\u00eflla","og_description":"Programaci\u00f3 i venda d'entrades per al dijous 9 de juliol de 2026 al Festival Cru\u00eflla. Pixies, Garbage, Suede, Mishima i molts m\u00e9s.","og_url":"https:\/\/www.cruillabarcelona.com\/ca\/dijous-2026\/","og_site_name":"Festival Cru\u00eflla","article_modified_time":"2026-03-10T12:18:27+00:00","og_image":[{"width":2000,"height":500,"url":"https:\/\/www.cruillabarcelona.com\/wp-content\/uploads\/2026\/01\/Portada_LandingDijous_Desktop.jpg","type":"image\/jpeg"}],"twitter_card":"summary_large_image","twitter_misc":{"Temps estimat de lectura":"3 minuts"},"schema":{"@context":"https:\/\/schema.org","@graph":[{"@type":"WebPage","@id":"https:\/\/www.cruillabarcelona.com\/ca\/dijous-2026\/","url":"https:\/\/www.cruillabarcelona.com\/ca\/dijous-2026\/","name":"Jornada dijous 9 de juliol de 2026 - Festival Cru\u00eflla","isPartOf":{"@id":"https:\/\/www.cruillabarcelona.com\/ca\/#website"},"primaryImageOfPage":{"@id":"https:\/\/www.cruillabarcelona.com\/ca\/dijous-2026\/#primaryimage"},"image":{"@id":"https:\/\/www.cruillabarcelona.com\/ca\/dijous-2026\/#primaryimage"},"thumbnailUrl":"https:\/\/www.cruillabarcelona.com\/wp-content\/uploads\/2026\/01\/Portada_LandingDijous_Desktop.jpg","datePublished":"2026-01-27T10:00:51+00:00","dateModified":"2026-03-10T12:18:27+00:00","description":"Programaci\u00f3 i venda d'entrades per al dijous 9 de juliol de 2026 al Festival Cru\u00eflla. Pixies, Garbage, Suede, Mishima i molts m\u00e9s.","breadcrumb":{"@id":"https:\/\/www.cruillabarcelona.com\/ca\/dijous-2026\/#breadcrumb"},"inLanguage":"ca","potentialAction":[{"@type":"ReadAction","target":["https:\/\/www.cruillabarcelona.com\/ca\/dijous-2026\/"]}]},{"@type":"ImageObject","inLanguage":"ca","@id":"https:\/\/www.cruillabarcelona.com\/ca\/dijous-2026\/#primaryimage","url":"https:\/\/www.cruillabarcelona.com\/wp-content\/uploads\/2026\/01\/Portada_LandingDijous_Desktop.jpg","contentUrl":"https:\/\/www.cruillabarcelona.com\/wp-content\/uploads\/2026\/01\/Portada_LandingDijous_Desktop.jpg","width":2000,"height":500},{"@type":"BreadcrumbList","@id":"https:\/\/www.cruillabarcelona.com\/ca\/dijous-2026\/#breadcrumb","itemListElement":[{"@type":"ListItem","position":1,"name":"Home","item":"https:\/\/www.cruillabarcelona.com\/ca\/"},{"@type":"ListItem","position":2,"name":"Dijous 9 de juliol &#8211; Festival Cru\u00eflla 2026"}]},{"@type":"WebSite","@id":"https:\/\/www.cruillabarcelona.com\/ca\/#website","url":"https:\/\/www.cruillabarcelona.com\/ca\/","name":"Festival Cru\u00eflla","description":"","potentialAction":[{"@type":"SearchAction","target":{"@type":"EntryPoint","urlTemplate":"https:\/\/www.cruillabarcelona.com\/ca\/?s={search_term_string}"},"query-input":{"@type":"PropertyValueSpecification","valueRequired":true,"valueName":"search_term_string"}}],"inLanguage":"ca"}]}},"_links":{"self":[{"href":"https:\/\/www.cruillabarcelona.com\/ca\/wp-json\/wp\/v2\/pages\/52253","targetHints":{"allow":["GET"]}}],"collection":[{"href":"https:\/\/www.cruillabarcelona.com\/ca\/wp-json\/wp\/v2\/pages"}],"about":[{"href":"https:\/\/www.cruillabarcelona.com\/ca\/wp-json\/wp\/v2\/types\/page"}],"author":[{"embeddable":true,"href":"https:\/\/www.cruillabarcelona.com\/ca\/wp-json\/wp\/v2\/users\/7"}],"replies":[{"embeddable":true,"href":"https:\/\/www.cruillabarcelona.com\/ca\/wp-json\/wp\/v2\/comments?post=52253"}],"version-history":[{"count":5,"href":"https:\/\/www.cruillabarcelona.com\/ca\/wp-json\/wp\/v2\/pages\/52253\/revisions"}],"predecessor-version":[{"id":62452,"href":"https:\/\/www.cruillabarcelona.com\/ca\/wp-json\/wp\/v2\/pages\/52253\/revisions\/62452"}],"wp:featuredmedia":[{"embeddable":true,"href":"https:\/\/www.cruillabarcelona.com\/ca\/wp-json\/wp\/v2\/media\/61954"}],"wp:attachment":[{"href":"https:\/\/www.cruillabarcelona.com\/ca\/wp-json\/wp\/v2\/media?parent=52253"}],"curies":[{"name":"wp","href":"https:\/\/api.w.org\/{rel}","templated":true}]}}