{"id":56189,"date":"2025-02-06T14:08:31","date_gmt":"2025-02-06T12:08:31","guid":{"rendered":"https:\/\/www.cruillabarcelona.com\/?page_id=56189"},"modified":"2026-03-10T14:10:37","modified_gmt":"2026-03-10T12:10:37","slug":"dimecres-2026","status":"publish","type":"page","link":"https:\/\/www.cruillabarcelona.com\/ca\/dimecres-2026\/","title":{"rendered":"Dimecres 8 de juliol &#8211; Festival Cru\u00eflla 2026"},"content":{"rendered":"<h2 style=\"text-align: center;\">EL POP EST\u00c0 DE MODA AL FESTIVAL CRU\u00cfLLA 2026<\/h2>\n<p>La jornada inaugural del <strong>Festival Cru\u00eflla 2026<\/strong> arriba carregada de talent internacional imprescindible. <strong>Dimecres 8 de juliol <\/strong>el Parc del F\u00f2rum es convertir\u00e0 en l&#8217;epicentre del pop.<\/p>\n<p><img loading=\"lazy\" decoding=\"async\" class=\"aligncenter wp-image-62435 \" src=\"https:\/\/www.cruillabarcelona.com\/wp-content\/uploads\/2026\/03\/Dimecres_CA.png\" alt=\"Landing dimecres Festival Cru\u00eflla\" width=\"912\" height=\"456\" srcset=\"https:\/\/www.cruillabarcelona.com\/wp-content\/uploads\/2026\/03\/Dimecres_CA.png 1200w, https:\/\/www.cruillabarcelona.com\/wp-content\/uploads\/2026\/03\/Dimecres_CA-1024x512.png 1024w, https:\/\/www.cruillabarcelona.com\/wp-content\/uploads\/2026\/03\/Dimecres_CA-768x384.png 768w, https:\/\/www.cruillabarcelona.com\/wp-content\/uploads\/2026\/03\/Dimecres_CA-300x150.png 300w\" sizes=\"auto, (max-width: 912px) 100vw, 912px\" \/><\/p>\n<p>&nbsp;<\/p>\n<p style=\"text-align: center;\"><em><b>Compra aqu\u00ed la teva entrada de dimecres o el teu abonament de 4 dies!<\/b><\/em><\/p>\n<p style=\"text-align: center;\"><a class=\"button round    large\" href=\"https:\/\/tickets.oneboxtds.com\/cruilla\/select\/2556128?hl=ca-ES\"  target=\"_blank\"><i class=\"glyphicon fi-ticket\"><\/i> ENTRADA DIMECRES<\/a><\/p>\n<p style=\"text-align: center;\"><a class=\"button round    large\" href=\"https:\/\/tickets.oneboxtds.com\/cruilla\/select\/2556132?hl=ca-ES\"  target=\"_blank\"><i class=\"glyphicon fi-ticket\"><\/i> ABONAMENT 4 DIES<\/a><\/p>\n<p style=\"text-align: center;\">Si sou un grup de 10 o m\u00e9s persones, podeu beneficiar-vos del <a href=\"https:\/\/www.cruillabarcelona.com\/ca\/tiquet-grups\/\">Tiquet Grup<\/a> per aconseguir un descompte del 15%.<\/p>\n<p class=\"monday-block-1\" contenteditable=\"true\" data-monday-block-type=\"1\" data-monday-block-content=\"[{&quot;insert&quot;:&quot;Deu anys despr\u00e9s de l'ic\u00f2nic &quot;},{&quot;attributes&quot;:{&quot;bold&quot;:true},&quot;insert&quot;:&quot;'Badlands'&quot;},{&quot;insert&quot;:&quot; (2015), &quot;},{&quot;attributes&quot;:{&quot;bold&quot;:true},&quot;insert&quot;:&quot;Halsey &quot;},{&quot;insert&quot;:&quot;torna a Barcelona en el seu moment m\u00e9s trencador. Amb m\u00e9s de &quot;},{&quot;attributes&quot;:{&quot;bold&quot;:true},&quot;insert&quot;:&quot;50.000 milions&quot;},{&quot;insert&quot;:&quot; de reproduccions i un so que va redefinir l'alternative pop, l'artista estrena nova etapa musical al &quot;},{&quot;attributes&quot;:{&quot;bold&quot;:true},&quot;insert&quot;:&quot;Festival Cru\u00eflla&quot;},{&quot;insert&quot;:&quot; sense oblidar \u00e8xits com \\&quot;&quot;},{&quot;attributes&quot;:{&quot;bold&quot;:true},&quot;insert&quot;:&quot;Colors&quot;},{&quot;insert&quot;:&quot;\\&quot; o \\&quot;&quot;},{&quot;attributes&quot;:{&quot;bold&quot;:true},&quot;insert&quot;:&quot;Without me\\&quot;&quot;},{&quot;insert&quot;:&quot;. &quot;}]\" data-inline-monday=\"true\">Deu anys despr\u00e9s de l&#8217;ic\u00f2nic <strong>&#8216;Badlands&#8217;<\/strong> (2015), <strong>Halsey <\/strong>torna a Barcelona en el seu moment m\u00e9s trencador. Amb m\u00e9s de <strong>50.000 milions<\/strong> de reproduccions i un so que va redefinir l&#8217;alternative pop, l&#8217;artista estrena nova etapa musical al <strong>Festival Cru\u00eflla<\/strong> sense oblidar \u00e8xits com &#8220;<strong>Colors<\/strong>&#8221; o &#8220;<strong>Without me&#8221;<\/strong>.<\/p>\n<p style=\"text-align: center;\"><div class=\"flex-video   widescreen\"><iframe loading=\"lazy\" width=\"420\" height=\"315\" src=\"\/\/www.youtube.com\/embed\/ZAfAud_M_mg\" allowfullscreen=\"true\"><\/iframe><\/div><\/p>\n<p class=\"monday-block-1\" contenteditable=\"true\" data-monday-block-type=\"1\" data-monday-block-content=\"[{&quot;insert&quot;:&quot;L'estrella de Broadway i protagonista del musical &quot;},{&quot;attributes&quot;:{&quot;italic&quot;:true},&quot;insert&quot;:&quot;Mean Girls &quot;},{&quot;insert&quot;:&quot;arriba per primer cop a Espanya i ho fa per la porta gran. &quot;},{&quot;attributes&quot;:{&quot;bold&quot;:true},&quot;insert&quot;:&quot;Rene\u00e9 Rapp&quot;},{&quot;insert&quot;:&quot; deixa enrere la pantalla per oferir-nos un concert \u00fanic amb una actitud arrassadora i can\u00e7ons que ja funcionen com a himnes. Viu el fenomen en directe!&quot;}]\" data-inline-monday=\"true\">L&#8217;estrella de Broadway i protagonista del musical <em>Mean Girls <\/em>arriba per primer cop a Espanya i ho fa per la porta gran. <strong>Rene\u00e9 Rapp<\/strong> deixa enrere la pantalla per oferir-nos un concert \u00fanic amb una actitud arrassadora i can\u00e7ons que ja funcionen com a himnes. Viu el fenomen en directe!<\/p>\n<p style=\"text-align: center;\"><div class=\"flex-video   widescreen\"><iframe loading=\"lazy\" width=\"420\" height=\"315\" src=\"\/\/www.youtube.com\/embed\/YxChYZwOPK0\" allowfullscreen=\"true\"><\/iframe><\/div><\/p>\n<p class=\"monday-block-1\" contenteditable=\"true\" data-monday-block-type=\"1\" data-monday-block-content=\"[{&quot;insert&quot;:&quot;L'univers de &quot;},{&quot;attributes&quot;:{&quot;bold&quot;:true},&quot;insert&quot;:&quot;Sen Senra &quot;},{&quot;insert&quot;:&quot;aterra al Cru\u00eflla per demostrar per qu\u00e8 s'ha convertit en un dels artistes m\u00e9s hipn\u00f2tics del panorama actual. Amb un so contemporani ple de car\u00e0cter i una identitat \u00fanica que atrapa des de la primera nota, el gallec oferir\u00e0 un dels directes m\u00e9s magn\u00e8tics d'aquesta edici\u00f3. &quot;}]\" data-inline-monday=\"true\">L&#8217;univers de <strong>Sen Senra <\/strong>aterra al Cru\u00eflla per demostrar per qu\u00e8 s&#8217;ha convertit en un dels artistes m\u00e9s hipn\u00f2tics del panorama actual. Amb un so contemporani ple de car\u00e0cter i una identitat \u00fanica que atrapa des de la primera nota, el gallec oferir\u00e0 un dels directes m\u00e9s magn\u00e8tics d&#8217;aquesta edici\u00f3.<\/p>\n<p style=\"text-align: center;\"><div class=\"flex-video   widescreen\"><iframe loading=\"lazy\" width=\"420\" height=\"315\" src=\"\/\/www.youtube.com\/embed\/7qNrl7Zxs54\" allowfullscreen=\"true\"><\/iframe><\/div><\/p>\n<p>A m\u00e9s, amb la teva entrada de <strong>dimecres<\/strong> o l&#8217;<strong>abonament 4 dies <\/strong>tamb\u00e9 podr\u00e0s veure a <strong>Sigrid,<\/strong> una de les veus m\u00e9s prometedores del pop actual; <strong>Yami Safdie<\/strong>, la cantautora argentina que s&#8217;ha posicionat amb temes com \u201c<strong>Querida Yo<\/strong><strong>&#8220;; Sadie Jean <\/strong>amb el seu bedroom pop, i tamb\u00e9 <strong>Joaquina<\/strong>,<strong> Bacilos, Xicu<\/strong>, <strong>Greta<\/strong>.<\/p>\n<h3 style=\"text-align: center;\">Ens veiem al Festival Cru\u00eflla 2026!<\/h3>\n","protected":false},"excerpt":{"rendered":"EL POP EST\u00c0 DE MODA AL FESTIVAL CRU\u00cfLLA 2026 La jornada inaugural del Festival Cru\u00eflla 2026 arriba carregada de talent internacional imprescindible. Dimecres 8 de juliol el Parc del F\u00f2rum es convertir\u00e0 en l&#8217;epicentre del pop. &nbsp; Compra aqu\u00ed la teva entrada de dimecres o el teu abonament de 4 dies! Si sou un grup&#8230; <a class=\"view-article\" href=\"https:\/\/www.cruillabarcelona.com\/ca\/dimecres-2026\/\">View Article<\/a>","protected":false},"author":25,"featured_media":61893,"parent":0,"menu_order":0,"comment_status":"closed","ping_status":"closed","template":"page-templates\/page-landing.php","meta":{"_acf_changed":false,"footnotes":""},"class_list":["post-56189","page","type-page","status-publish","has-post-thumbnail","hentry"],"acf":[],"yoast_head":"<!-- This site is optimized with the Yoast SEO plugin v27.3 - https:\/\/yoast.com\/product\/yoast-seo-wordpress\/ -->\n<title>Dimecres 8 de juliol de 2026 - Festival Cru\u00eflla<\/title>\n<meta name=\"description\" content=\"Programaci\u00f3 i venda d&#039;entrades per al dimecres 8 de juliol de 2026 al Festival Cru\u00eflla. Halsey, Rene\u00e9 Rapp, Sen Senra i molts artistesm\u00e9s.\" \/>\n<meta name=\"robots\" content=\"index, follow, max-snippet:-1, max-image-preview:large, max-video-preview:-1\" \/>\n<link rel=\"canonical\" href=\"https:\/\/www.cruillabarcelona.com\/ca\/dimecres-2026\/\" \/>\n<meta property=\"og:locale\" content=\"ca_ES\" \/>\n<meta property=\"og:type\" content=\"article\" \/>\n<meta property=\"og:title\" content=\"Dimecres 8 de juliol de 2026 - Festival Cru\u00eflla\" \/>\n<meta property=\"og:description\" content=\"Programaci\u00f3 i venda d&#039;entrades per al dimecres 8 de juliol de 2026 al Festival Cru\u00eflla. Halsey, Rene\u00e9 Rapp, Sen Senra i molts artistesm\u00e9s.\" \/>\n<meta property=\"og:url\" content=\"https:\/\/www.cruillabarcelona.com\/ca\/dimecres-2026\/\" \/>\n<meta property=\"og:site_name\" content=\"Festival Cru\u00eflla\" \/>\n<meta property=\"article:modified_time\" content=\"2026-03-10T12:10:37+00:00\" \/>\n<meta property=\"og:image\" content=\"https:\/\/www.cruillabarcelona.com\/wp-content\/uploads\/2026\/01\/Portada_LandingDimecres.png\" \/>\n\t<meta property=\"og:image:width\" content=\"2000\" \/>\n\t<meta property=\"og:image:height\" content=\"500\" \/>\n\t<meta property=\"og:image:type\" content=\"image\/png\" \/>\n<meta name=\"twitter:card\" content=\"summary_large_image\" \/>\n<meta name=\"twitter:label1\" content=\"Temps estimat de lectura\" \/>\n\t<meta name=\"twitter:data1\" content=\"3 minuts\" \/>\n<script type=\"application\/ld+json\" class=\"yoast-schema-graph\">{\"@context\":\"https:\\\/\\\/schema.org\",\"@graph\":[{\"@type\":\"WebPage\",\"@id\":\"https:\\\/\\\/www.cruillabarcelona.com\\\/ca\\\/dimecres-2026\\\/\",\"url\":\"https:\\\/\\\/www.cruillabarcelona.com\\\/ca\\\/dimecres-2026\\\/\",\"name\":\"Dimecres 8 de juliol de 2026 - Festival Cru\u00eflla\",\"isPartOf\":{\"@id\":\"https:\\\/\\\/www.cruillabarcelona.com\\\/ca\\\/#website\"},\"primaryImageOfPage\":{\"@id\":\"https:\\\/\\\/www.cruillabarcelona.com\\\/ca\\\/dimecres-2026\\\/#primaryimage\"},\"image\":{\"@id\":\"https:\\\/\\\/www.cruillabarcelona.com\\\/ca\\\/dimecres-2026\\\/#primaryimage\"},\"thumbnailUrl\":\"https:\\\/\\\/www.cruillabarcelona.com\\\/wp-content\\\/uploads\\\/2026\\\/01\\\/Portada_LandingDimecres.png\",\"datePublished\":\"2025-02-06T12:08:31+00:00\",\"dateModified\":\"2026-03-10T12:10:37+00:00\",\"description\":\"Programaci\u00f3 i venda d'entrades per al dimecres 8 de juliol de 2026 al Festival Cru\u00eflla. Halsey, Rene\u00e9 Rapp, Sen Senra i molts artistesm\u00e9s.\",\"breadcrumb\":{\"@id\":\"https:\\\/\\\/www.cruillabarcelona.com\\\/ca\\\/dimecres-2026\\\/#breadcrumb\"},\"inLanguage\":\"ca\",\"potentialAction\":[{\"@type\":\"ReadAction\",\"target\":[\"https:\\\/\\\/www.cruillabarcelona.com\\\/ca\\\/dimecres-2026\\\/\"]}]},{\"@type\":\"ImageObject\",\"inLanguage\":\"ca\",\"@id\":\"https:\\\/\\\/www.cruillabarcelona.com\\\/ca\\\/dimecres-2026\\\/#primaryimage\",\"url\":\"https:\\\/\\\/www.cruillabarcelona.com\\\/wp-content\\\/uploads\\\/2026\\\/01\\\/Portada_LandingDimecres.png\",\"contentUrl\":\"https:\\\/\\\/www.cruillabarcelona.com\\\/wp-content\\\/uploads\\\/2026\\\/01\\\/Portada_LandingDimecres.png\",\"width\":2000,\"height\":500},{\"@type\":\"BreadcrumbList\",\"@id\":\"https:\\\/\\\/www.cruillabarcelona.com\\\/ca\\\/dimecres-2026\\\/#breadcrumb\",\"itemListElement\":[{\"@type\":\"ListItem\",\"position\":1,\"name\":\"Home\",\"item\":\"https:\\\/\\\/www.cruillabarcelona.com\\\/ca\\\/\"},{\"@type\":\"ListItem\",\"position\":2,\"name\":\"Dimecres 8 de juliol &#8211; Festival Cru\u00eflla 2026\"}]},{\"@type\":\"WebSite\",\"@id\":\"https:\\\/\\\/www.cruillabarcelona.com\\\/ca\\\/#website\",\"url\":\"https:\\\/\\\/www.cruillabarcelona.com\\\/ca\\\/\",\"name\":\"Festival Cru\u00eflla\",\"description\":\"\",\"potentialAction\":[{\"@type\":\"SearchAction\",\"target\":{\"@type\":\"EntryPoint\",\"urlTemplate\":\"https:\\\/\\\/www.cruillabarcelona.com\\\/ca\\\/?s={search_term_string}\"},\"query-input\":{\"@type\":\"PropertyValueSpecification\",\"valueRequired\":true,\"valueName\":\"search_term_string\"}}],\"inLanguage\":\"ca\"}]}<\/script>\n<!-- \/ Yoast SEO plugin. -->","yoast_head_json":{"title":"Dimecres 8 de juliol de 2026 - Festival Cru\u00eflla","description":"Programaci\u00f3 i venda d'entrades per al dimecres 8 de juliol de 2026 al Festival Cru\u00eflla. Halsey, Rene\u00e9 Rapp, Sen Senra i molts artistesm\u00e9s.","robots":{"index":"index","follow":"follow","max-snippet":"max-snippet:-1","max-image-preview":"max-image-preview:large","max-video-preview":"max-video-preview:-1"},"canonical":"https:\/\/www.cruillabarcelona.com\/ca\/dimecres-2026\/","og_locale":"ca_ES","og_type":"article","og_title":"Dimecres 8 de juliol de 2026 - Festival Cru\u00eflla","og_description":"Programaci\u00f3 i venda d'entrades per al dimecres 8 de juliol de 2026 al Festival Cru\u00eflla. Halsey, Rene\u00e9 Rapp, Sen Senra i molts artistesm\u00e9s.","og_url":"https:\/\/www.cruillabarcelona.com\/ca\/dimecres-2026\/","og_site_name":"Festival Cru\u00eflla","article_modified_time":"2026-03-10T12:10:37+00:00","og_image":[{"width":2000,"height":500,"url":"https:\/\/www.cruillabarcelona.com\/wp-content\/uploads\/2026\/01\/Portada_LandingDimecres.png","type":"image\/png"}],"twitter_card":"summary_large_image","twitter_misc":{"Temps estimat de lectura":"3 minuts"},"schema":{"@context":"https:\/\/schema.org","@graph":[{"@type":"WebPage","@id":"https:\/\/www.cruillabarcelona.com\/ca\/dimecres-2026\/","url":"https:\/\/www.cruillabarcelona.com\/ca\/dimecres-2026\/","name":"Dimecres 8 de juliol de 2026 - Festival Cru\u00eflla","isPartOf":{"@id":"https:\/\/www.cruillabarcelona.com\/ca\/#website"},"primaryImageOfPage":{"@id":"https:\/\/www.cruillabarcelona.com\/ca\/dimecres-2026\/#primaryimage"},"image":{"@id":"https:\/\/www.cruillabarcelona.com\/ca\/dimecres-2026\/#primaryimage"},"thumbnailUrl":"https:\/\/www.cruillabarcelona.com\/wp-content\/uploads\/2026\/01\/Portada_LandingDimecres.png","datePublished":"2025-02-06T12:08:31+00:00","dateModified":"2026-03-10T12:10:37+00:00","description":"Programaci\u00f3 i venda d'entrades per al dimecres 8 de juliol de 2026 al Festival Cru\u00eflla. Halsey, Rene\u00e9 Rapp, Sen Senra i molts artistesm\u00e9s.","breadcrumb":{"@id":"https:\/\/www.cruillabarcelona.com\/ca\/dimecres-2026\/#breadcrumb"},"inLanguage":"ca","potentialAction":[{"@type":"ReadAction","target":["https:\/\/www.cruillabarcelona.com\/ca\/dimecres-2026\/"]}]},{"@type":"ImageObject","inLanguage":"ca","@id":"https:\/\/www.cruillabarcelona.com\/ca\/dimecres-2026\/#primaryimage","url":"https:\/\/www.cruillabarcelona.com\/wp-content\/uploads\/2026\/01\/Portada_LandingDimecres.png","contentUrl":"https:\/\/www.cruillabarcelona.com\/wp-content\/uploads\/2026\/01\/Portada_LandingDimecres.png","width":2000,"height":500},{"@type":"BreadcrumbList","@id":"https:\/\/www.cruillabarcelona.com\/ca\/dimecres-2026\/#breadcrumb","itemListElement":[{"@type":"ListItem","position":1,"name":"Home","item":"https:\/\/www.cruillabarcelona.com\/ca\/"},{"@type":"ListItem","position":2,"name":"Dimecres 8 de juliol &#8211; Festival Cru\u00eflla 2026"}]},{"@type":"WebSite","@id":"https:\/\/www.cruillabarcelona.com\/ca\/#website","url":"https:\/\/www.cruillabarcelona.com\/ca\/","name":"Festival Cru\u00eflla","description":"","potentialAction":[{"@type":"SearchAction","target":{"@type":"EntryPoint","urlTemplate":"https:\/\/www.cruillabarcelona.com\/ca\/?s={search_term_string}"},"query-input":{"@type":"PropertyValueSpecification","valueRequired":true,"valueName":"search_term_string"}}],"inLanguage":"ca"}]}},"_links":{"self":[{"href":"https:\/\/www.cruillabarcelona.com\/ca\/wp-json\/wp\/v2\/pages\/56189","targetHints":{"allow":["GET"]}}],"collection":[{"href":"https:\/\/www.cruillabarcelona.com\/ca\/wp-json\/wp\/v2\/pages"}],"about":[{"href":"https:\/\/www.cruillabarcelona.com\/ca\/wp-json\/wp\/v2\/types\/page"}],"author":[{"embeddable":true,"href":"https:\/\/www.cruillabarcelona.com\/ca\/wp-json\/wp\/v2\/users\/25"}],"replies":[{"embeddable":true,"href":"https:\/\/www.cruillabarcelona.com\/ca\/wp-json\/wp\/v2\/comments?post=56189"}],"version-history":[{"count":5,"href":"https:\/\/www.cruillabarcelona.com\/ca\/wp-json\/wp\/v2\/pages\/56189\/revisions"}],"predecessor-version":[{"id":62438,"href":"https:\/\/www.cruillabarcelona.com\/ca\/wp-json\/wp\/v2\/pages\/56189\/revisions\/62438"}],"wp:featuredmedia":[{"embeddable":true,"href":"https:\/\/www.cruillabarcelona.com\/ca\/wp-json\/wp\/v2\/media\/61893"}],"wp:attachment":[{"href":"https:\/\/www.cruillabarcelona.com\/ca\/wp-json\/wp\/v2\/media?parent=56189"}],"curies":[{"name":"wp","href":"https:\/\/api.w.org\/{rel}","templated":true}]}}