{"id":61204,"date":"2025-11-07T12:18:52","date_gmt":"2025-11-07T10:18:52","guid":{"rendered":"https:\/\/www.cruillabarcelona.com\/?page_id=61204"},"modified":"2025-11-07T14:04:20","modified_gmt":"2025-11-07T12:04:20","slug":"tiquet-grups","status":"publish","type":"page","link":"https:\/\/www.cruillabarcelona.com\/ca\/tiquet-grups\/","title":{"rendered":"Tiquet Grups"},"content":{"rendered":"<p>Si sou un grup de <strong>10 persones o m\u00e9s<\/strong> i tots voleu venir al festival, us oferim un\u00a0<strong>15% de descompte\u00a0<\/strong>a\u00a0qualsevol tipus d\u2019entrada del\u00a0<strong>Festival Cru\u00eflla!<\/strong><\/p>\n<p>Per aplicar-lo:<\/p>\n<ol>\n<li>Primer aneu a la p\u00e0gina de compra de l&#8217;entrada de dia o abonament que us interessi i seleccioneu el n\u00famero d&#8217;entrades que voleu (han de ser 10 o m\u00e9s).<\/li>\n<\/ol>\n<p><img loading=\"lazy\" decoding=\"async\" width=\"1600\" height=\"802\" class=\"size-full wp-image-61210 aligncenter\" src=\"https:\/\/www.cruillabarcelona.com\/wp-content\/uploads\/2025\/11\/WhatsApp-Image-2025-11-06-at-17.19.23.jpeg\" alt=\"\" srcset=\"https:\/\/www.cruillabarcelona.com\/wp-content\/uploads\/2025\/11\/WhatsApp-Image-2025-11-06-at-17.19.23.jpeg 1600w, https:\/\/www.cruillabarcelona.com\/wp-content\/uploads\/2025\/11\/WhatsApp-Image-2025-11-06-at-17.19.23-1024x513.jpeg 1024w, https:\/\/www.cruillabarcelona.com\/wp-content\/uploads\/2025\/11\/WhatsApp-Image-2025-11-06-at-17.19.23-768x385.jpeg 768w, https:\/\/www.cruillabarcelona.com\/wp-content\/uploads\/2025\/11\/WhatsApp-Image-2025-11-06-at-17.19.23-1536x770.jpeg 1536w, https:\/\/www.cruillabarcelona.com\/wp-content\/uploads\/2025\/11\/WhatsApp-Image-2025-11-06-at-17.19.23-300x150.jpeg 300w, https:\/\/www.cruillabarcelona.com\/wp-content\/uploads\/2025\/11\/WhatsApp-Image-2025-11-06-at-17.19.23-1500x752.jpeg 1500w\" sizes=\"auto, (max-width: 1600px) 100vw, 1600px\" \/><\/p>\n<p>2. Seleccionant 10 o + entrades, podeu apretar al bot\u00f3 &#8220;<strong>aplicar<\/strong>&#8221; de &#8220;tens alguna promoci\u00f3?&#8221;.<\/p>\n<p><img loading=\"lazy\" decoding=\"async\" width=\"616\" height=\"118\" class=\"alignnone size-full wp-image-61213\" src=\"https:\/\/www.cruillabarcelona.com\/wp-content\/uploads\/2025\/11\/WhatsApp-Image-2025-11-06-at-17.20.05.jpeg\" alt=\"\" srcset=\"https:\/\/www.cruillabarcelona.com\/wp-content\/uploads\/2025\/11\/WhatsApp-Image-2025-11-06-at-17.20.05.jpeg 616w, https:\/\/www.cruillabarcelona.com\/wp-content\/uploads\/2025\/11\/WhatsApp-Image-2025-11-06-at-17.20.05-300x57.jpeg 300w\" sizes=\"auto, (max-width: 616px) 100vw, 616px\" \/><\/p>\n<p>3. Apareixer\u00e0 aquest missatge que indica que teniu disponible un descompte per tenir 10 o m\u00e9s entrades a la cistella.<\/p>\n<p><img loading=\"lazy\" decoding=\"async\" width=\"1600\" height=\"845\" class=\"alignnone size-full wp-image-61216\" src=\"https:\/\/www.cruillabarcelona.com\/wp-content\/uploads\/2025\/11\/WhatsApp-Image-2025-11-06-at-17.20.35.jpeg\" alt=\"\" srcset=\"https:\/\/www.cruillabarcelona.com\/wp-content\/uploads\/2025\/11\/WhatsApp-Image-2025-11-06-at-17.20.35.jpeg 1600w, https:\/\/www.cruillabarcelona.com\/wp-content\/uploads\/2025\/11\/WhatsApp-Image-2025-11-06-at-17.20.35-1024x541.jpeg 1024w, https:\/\/www.cruillabarcelona.com\/wp-content\/uploads\/2025\/11\/WhatsApp-Image-2025-11-06-at-17.20.35-768x406.jpeg 768w, https:\/\/www.cruillabarcelona.com\/wp-content\/uploads\/2025\/11\/WhatsApp-Image-2025-11-06-at-17.20.35-1536x811.jpeg 1536w, https:\/\/www.cruillabarcelona.com\/wp-content\/uploads\/2025\/11\/WhatsApp-Image-2025-11-06-at-17.20.35-300x158.jpeg 300w, https:\/\/www.cruillabarcelona.com\/wp-content\/uploads\/2025\/11\/WhatsApp-Image-2025-11-06-at-17.20.35-1500x792.jpeg 1500w\" sizes=\"auto, (max-width: 1600px) 100vw, 1600px\" \/><\/p>\n<p>4. Apreteu al bot\u00f3 &#8220;<strong>aplicar<\/strong>&#8221; i la promoci\u00f3 apareixer\u00e0 reflectida en la vostra cistella.<\/p>\n<p><img loading=\"lazy\" decoding=\"async\" width=\"1600\" height=\"828\" class=\"alignnone size-full wp-image-61219\" src=\"https:\/\/www.cruillabarcelona.com\/wp-content\/uploads\/2025\/11\/WhatsApp-Image-2025-11-06-at-17.21.08.jpeg\" alt=\"\" srcset=\"https:\/\/www.cruillabarcelona.com\/wp-content\/uploads\/2025\/11\/WhatsApp-Image-2025-11-06-at-17.21.08.jpeg 1600w, https:\/\/www.cruillabarcelona.com\/wp-content\/uploads\/2025\/11\/WhatsApp-Image-2025-11-06-at-17.21.08-1024x530.jpeg 1024w, https:\/\/www.cruillabarcelona.com\/wp-content\/uploads\/2025\/11\/WhatsApp-Image-2025-11-06-at-17.21.08-768x397.jpeg 768w, https:\/\/www.cruillabarcelona.com\/wp-content\/uploads\/2025\/11\/WhatsApp-Image-2025-11-06-at-17.21.08-1536x795.jpeg 1536w, https:\/\/www.cruillabarcelona.com\/wp-content\/uploads\/2025\/11\/WhatsApp-Image-2025-11-06-at-17.21.08-300x155.jpeg 300w, https:\/\/www.cruillabarcelona.com\/wp-content\/uploads\/2025\/11\/WhatsApp-Image-2025-11-06-at-17.21.08-1500x776.jpeg 1500w\" sizes=\"auto, (max-width: 1600px) 100vw, 1600px\" \/><\/p>\n<p>5. Un cop us assegureu que \u00e9s aix\u00ed i que el descompte s&#8217;ha aplicat, simplement <strong>finalitzeu la compra<\/strong> i ja tindreu les vostres entrades o abonaments per venir a gaudir del Festival Cru\u00eflla amb la vostra colla!<\/p>\n<p>&nbsp;<\/p>\n","protected":false},"excerpt":{"rendered":"Si sou un grup de 10 persones o m\u00e9s i tots voleu venir al festival, us oferim un\u00a015% de descompte\u00a0a\u00a0qualsevol tipus d\u2019entrada del\u00a0Festival Cru\u00eflla! Per aplicar-lo: Primer aneu a la p\u00e0gina de compra de l&#8217;entrada de dia o abonament que us interessi i seleccioneu el n\u00famero d&#8217;entrades que voleu (han de ser 10 o m\u00e9s)&#8230;. <a class=\"view-article\" href=\"https:\/\/www.cruillabarcelona.com\/ca\/tiquet-grups\/\">View Article<\/a>","protected":false},"author":25,"featured_media":0,"parent":0,"menu_order":0,"comment_status":"closed","ping_status":"closed","template":"page-templates\/page-landing.php","meta":{"_acf_changed":false,"footnotes":""},"class_list":["post-61204","page","type-page","status-publish","hentry"],"acf":[],"yoast_head":"<!-- This site is optimized with the Yoast SEO plugin v27.3 - https:\/\/yoast.com\/product\/yoast-seo-wordpress\/ -->\n<title>Tiquet Grups - Festival Cru\u00eflla<\/title>\n<meta name=\"robots\" content=\"index, follow, max-snippet:-1, max-image-preview:large, max-video-preview:-1\" \/>\n<link rel=\"canonical\" href=\"https:\/\/www.cruillabarcelona.com\/ca\/tiquet-grups\/\" \/>\n<meta property=\"og:locale\" content=\"ca_ES\" \/>\n<meta property=\"og:type\" content=\"article\" \/>\n<meta property=\"og:title\" content=\"Tiquet Grups - Festival Cru\u00eflla\" \/>\n<meta property=\"og:description\" content=\"Si sou un grup de 10 persones o m\u00e9s i tots voleu venir al festival, us oferim un\u00a015% de descompte\u00a0a\u00a0qualsevol tipus d\u2019entrada del\u00a0Festival Cru\u00eflla! Per aplicar-lo: Primer aneu a la p\u00e0gina de compra de l&#8217;entrada de dia o abonament que us interessi i seleccioneu el n\u00famero d&#8217;entrades que voleu (han de ser 10 o m\u00e9s).... View Article\" \/>\n<meta property=\"og:url\" content=\"https:\/\/www.cruillabarcelona.com\/ca\/tiquet-grups\/\" \/>\n<meta property=\"og:site_name\" content=\"Festival Cru\u00eflla\" \/>\n<meta property=\"article:modified_time\" content=\"2025-11-07T12:04:20+00:00\" \/>\n<meta property=\"og:image\" content=\"https:\/\/www.cruillabarcelona.com\/wp-content\/uploads\/2025\/11\/WhatsApp-Image-2025-11-06-at-17.19.23.jpeg\" \/>\n\t<meta property=\"og:image:width\" content=\"1600\" \/>\n\t<meta property=\"og:image:height\" content=\"802\" \/>\n\t<meta property=\"og:image:type\" content=\"image\/jpeg\" \/>\n<meta name=\"twitter:card\" content=\"summary_large_image\" \/>\n<meta name=\"twitter:label1\" content=\"Temps estimat de lectura\" \/>\n\t<meta name=\"twitter:data1\" content=\"2 minuts\" \/>\n<script type=\"application\/ld+json\" class=\"yoast-schema-graph\">{\"@context\":\"https:\\\/\\\/schema.org\",\"@graph\":[{\"@type\":\"WebPage\",\"@id\":\"https:\\\/\\\/www.cruillabarcelona.com\\\/ca\\\/tiquet-grups\\\/\",\"url\":\"https:\\\/\\\/www.cruillabarcelona.com\\\/ca\\\/tiquet-grups\\\/\",\"name\":\"Tiquet Grups - Festival Cru\u00eflla\",\"isPartOf\":{\"@id\":\"https:\\\/\\\/www.cruillabarcelona.com\\\/ca\\\/#website\"},\"primaryImageOfPage\":{\"@id\":\"https:\\\/\\\/www.cruillabarcelona.com\\\/ca\\\/tiquet-grups\\\/#primaryimage\"},\"image\":{\"@id\":\"https:\\\/\\\/www.cruillabarcelona.com\\\/ca\\\/tiquet-grups\\\/#primaryimage\"},\"thumbnailUrl\":\"https:\\\/\\\/www.cruillabarcelona.com\\\/wp-content\\\/uploads\\\/2025\\\/11\\\/WhatsApp-Image-2025-11-06-at-17.19.23.jpeg\",\"datePublished\":\"2025-11-07T10:18:52+00:00\",\"dateModified\":\"2025-11-07T12:04:20+00:00\",\"breadcrumb\":{\"@id\":\"https:\\\/\\\/www.cruillabarcelona.com\\\/ca\\\/tiquet-grups\\\/#breadcrumb\"},\"inLanguage\":\"ca\",\"potentialAction\":[{\"@type\":\"ReadAction\",\"target\":[\"https:\\\/\\\/www.cruillabarcelona.com\\\/ca\\\/tiquet-grups\\\/\"]}]},{\"@type\":\"ImageObject\",\"inLanguage\":\"ca\",\"@id\":\"https:\\\/\\\/www.cruillabarcelona.com\\\/ca\\\/tiquet-grups\\\/#primaryimage\",\"url\":\"https:\\\/\\\/www.cruillabarcelona.com\\\/wp-content\\\/uploads\\\/2025\\\/11\\\/WhatsApp-Image-2025-11-06-at-17.19.23.jpeg\",\"contentUrl\":\"https:\\\/\\\/www.cruillabarcelona.com\\\/wp-content\\\/uploads\\\/2025\\\/11\\\/WhatsApp-Image-2025-11-06-at-17.19.23.jpeg\"},{\"@type\":\"BreadcrumbList\",\"@id\":\"https:\\\/\\\/www.cruillabarcelona.com\\\/ca\\\/tiquet-grups\\\/#breadcrumb\",\"itemListElement\":[{\"@type\":\"ListItem\",\"position\":1,\"name\":\"Home\",\"item\":\"https:\\\/\\\/www.cruillabarcelona.com\\\/ca\\\/\"},{\"@type\":\"ListItem\",\"position\":2,\"name\":\"Tiquet Grups\"}]},{\"@type\":\"WebSite\",\"@id\":\"https:\\\/\\\/www.cruillabarcelona.com\\\/ca\\\/#website\",\"url\":\"https:\\\/\\\/www.cruillabarcelona.com\\\/ca\\\/\",\"name\":\"Festival Cru\u00eflla\",\"description\":\"\",\"potentialAction\":[{\"@type\":\"SearchAction\",\"target\":{\"@type\":\"EntryPoint\",\"urlTemplate\":\"https:\\\/\\\/www.cruillabarcelona.com\\\/ca\\\/?s={search_term_string}\"},\"query-input\":{\"@type\":\"PropertyValueSpecification\",\"valueRequired\":true,\"valueName\":\"search_term_string\"}}],\"inLanguage\":\"ca\"}]}<\/script>\n<!-- \/ Yoast SEO plugin. -->","yoast_head_json":{"title":"Tiquet Grups - Festival Cru\u00eflla","robots":{"index":"index","follow":"follow","max-snippet":"max-snippet:-1","max-image-preview":"max-image-preview:large","max-video-preview":"max-video-preview:-1"},"canonical":"https:\/\/www.cruillabarcelona.com\/ca\/tiquet-grups\/","og_locale":"ca_ES","og_type":"article","og_title":"Tiquet Grups - Festival Cru\u00eflla","og_description":"Si sou un grup de 10 persones o m\u00e9s i tots voleu venir al festival, us oferim un\u00a015% de descompte\u00a0a\u00a0qualsevol tipus d\u2019entrada del\u00a0Festival Cru\u00eflla! Per aplicar-lo: Primer aneu a la p\u00e0gina de compra de l&#8217;entrada de dia o abonament que us interessi i seleccioneu el n\u00famero d&#8217;entrades que voleu (han de ser 10 o m\u00e9s).... View Article","og_url":"https:\/\/www.cruillabarcelona.com\/ca\/tiquet-grups\/","og_site_name":"Festival Cru\u00eflla","article_modified_time":"2025-11-07T12:04:20+00:00","og_image":[{"width":1600,"height":802,"url":"https:\/\/www.cruillabarcelona.com\/wp-content\/uploads\/2025\/11\/WhatsApp-Image-2025-11-06-at-17.19.23.jpeg","type":"image\/jpeg"}],"twitter_card":"summary_large_image","twitter_misc":{"Temps estimat de lectura":"2 minuts"},"schema":{"@context":"https:\/\/schema.org","@graph":[{"@type":"WebPage","@id":"https:\/\/www.cruillabarcelona.com\/ca\/tiquet-grups\/","url":"https:\/\/www.cruillabarcelona.com\/ca\/tiquet-grups\/","name":"Tiquet Grups - Festival Cru\u00eflla","isPartOf":{"@id":"https:\/\/www.cruillabarcelona.com\/ca\/#website"},"primaryImageOfPage":{"@id":"https:\/\/www.cruillabarcelona.com\/ca\/tiquet-grups\/#primaryimage"},"image":{"@id":"https:\/\/www.cruillabarcelona.com\/ca\/tiquet-grups\/#primaryimage"},"thumbnailUrl":"https:\/\/www.cruillabarcelona.com\/wp-content\/uploads\/2025\/11\/WhatsApp-Image-2025-11-06-at-17.19.23.jpeg","datePublished":"2025-11-07T10:18:52+00:00","dateModified":"2025-11-07T12:04:20+00:00","breadcrumb":{"@id":"https:\/\/www.cruillabarcelona.com\/ca\/tiquet-grups\/#breadcrumb"},"inLanguage":"ca","potentialAction":[{"@type":"ReadAction","target":["https:\/\/www.cruillabarcelona.com\/ca\/tiquet-grups\/"]}]},{"@type":"ImageObject","inLanguage":"ca","@id":"https:\/\/www.cruillabarcelona.com\/ca\/tiquet-grups\/#primaryimage","url":"https:\/\/www.cruillabarcelona.com\/wp-content\/uploads\/2025\/11\/WhatsApp-Image-2025-11-06-at-17.19.23.jpeg","contentUrl":"https:\/\/www.cruillabarcelona.com\/wp-content\/uploads\/2025\/11\/WhatsApp-Image-2025-11-06-at-17.19.23.jpeg"},{"@type":"BreadcrumbList","@id":"https:\/\/www.cruillabarcelona.com\/ca\/tiquet-grups\/#breadcrumb","itemListElement":[{"@type":"ListItem","position":1,"name":"Home","item":"https:\/\/www.cruillabarcelona.com\/ca\/"},{"@type":"ListItem","position":2,"name":"Tiquet Grups"}]},{"@type":"WebSite","@id":"https:\/\/www.cruillabarcelona.com\/ca\/#website","url":"https:\/\/www.cruillabarcelona.com\/ca\/","name":"Festival Cru\u00eflla","description":"","potentialAction":[{"@type":"SearchAction","target":{"@type":"EntryPoint","urlTemplate":"https:\/\/www.cruillabarcelona.com\/ca\/?s={search_term_string}"},"query-input":{"@type":"PropertyValueSpecification","valueRequired":true,"valueName":"search_term_string"}}],"inLanguage":"ca"}]}},"_links":{"self":[{"href":"https:\/\/www.cruillabarcelona.com\/ca\/wp-json\/wp\/v2\/pages\/61204","targetHints":{"allow":["GET"]}}],"collection":[{"href":"https:\/\/www.cruillabarcelona.com\/ca\/wp-json\/wp\/v2\/pages"}],"about":[{"href":"https:\/\/www.cruillabarcelona.com\/ca\/wp-json\/wp\/v2\/types\/page"}],"author":[{"embeddable":true,"href":"https:\/\/www.cruillabarcelona.com\/ca\/wp-json\/wp\/v2\/users\/25"}],"replies":[{"embeddable":true,"href":"https:\/\/www.cruillabarcelona.com\/ca\/wp-json\/wp\/v2\/comments?post=61204"}],"version-history":[{"count":4,"href":"https:\/\/www.cruillabarcelona.com\/ca\/wp-json\/wp\/v2\/pages\/61204\/revisions"}],"predecessor-version":[{"id":61227,"href":"https:\/\/www.cruillabarcelona.com\/ca\/wp-json\/wp\/v2\/pages\/61204\/revisions\/61227"}],"wp:attachment":[{"href":"https:\/\/www.cruillabarcelona.com\/ca\/wp-json\/wp\/v2\/media?parent=61204"}],"curies":[{"name":"wp","href":"https:\/\/api.w.org\/{rel}","templated":true}]}}