{"id":62827,"date":"2026-04-08T17:39:31","date_gmt":"2026-04-08T15:39:31","guid":{"rendered":"https:\/\/www.cruillabarcelona.com\/?page_id=62827"},"modified":"2026-04-08T17:40:40","modified_gmt":"2026-04-08T15:40:40","slug":"comics-cruilla-comedia","status":"publish","type":"page","link":"https:\/\/www.cruillabarcelona.com\/ca\/comics-cruilla-comedia\/","title":{"rendered":"C\u00f2mics Cru\u00eflla Com\u00e8dia 2026"},"content":{"rendered":"","protected":false},"excerpt":{"rendered":"","protected":false},"author":25,"featured_media":0,"parent":0,"menu_order":0,"comment_status":"closed","ping_status":"closed","template":"page-templates\/page-artists.php","meta":{"_acf_changed":false,"footnotes":""},"class_list":["post-62827","page","type-page","status-publish","hentry"],"acf":[],"yoast_head":"<!-- This site is optimized with the Yoast SEO plugin v27.3 - https:\/\/yoast.com\/product\/yoast-seo-wordpress\/ -->\n<title>Artistes del Festival Cru\u00eflla - 8, 9, 10 i 11 de juliol del 2026<\/title>\n<meta name=\"description\" content=\"Consulta els artistes, programaci\u00f3 per dies i compra entrades per al Festival Cru\u00eflla 2026. 8, 9, 10 i 11 de juliol al Parc del F\u00f2rum\" \/>\n<meta name=\"robots\" content=\"index, follow, max-snippet:-1, max-image-preview:large, max-video-preview:-1\" \/>\n<link rel=\"canonical\" href=\"https:\/\/www.cruillabarcelona.com\/ca\/comics-cruilla-comedia\/\" \/>\n<meta property=\"og:locale\" content=\"ca_ES\" \/>\n<meta property=\"og:type\" content=\"article\" \/>\n<meta property=\"og:title\" content=\"Artistes del Festival Cru\u00eflla - 8, 9, 10 i 11 de juliol del 2026\" \/>\n<meta property=\"og:description\" content=\"Consulta els artistes, programaci\u00f3 per dies i compra entrades per al Festival Cru\u00eflla 2026. 8, 9, 10 i 11 de juliol al Parc del F\u00f2rum\" \/>\n<meta property=\"og:url\" content=\"https:\/\/www.cruillabarcelona.com\/ca\/comics-cruilla-comedia\/\" \/>\n<meta property=\"og:site_name\" content=\"Festival Cru\u00eflla\" \/>\n<meta property=\"article:modified_time\" content=\"2026-04-08T15:40:40+00:00\" \/>\n<meta name=\"twitter:card\" content=\"summary_large_image\" \/>\n<script type=\"application\/ld+json\" class=\"yoast-schema-graph\">{\"@context\":\"https:\\\/\\\/schema.org\",\"@graph\":[{\"@type\":\"WebPage\",\"@id\":\"https:\\\/\\\/www.cruillabarcelona.com\\\/ca\\\/comics-cruilla-comedia\\\/\",\"url\":\"https:\\\/\\\/www.cruillabarcelona.com\\\/ca\\\/comics-cruilla-comedia\\\/\",\"name\":\"Artistes del Festival Cru\u00eflla - 8, 9, 10 i 11 de juliol del 2026\",\"isPartOf\":{\"@id\":\"https:\\\/\\\/www.cruillabarcelona.com\\\/ca\\\/#website\"},\"datePublished\":\"2026-04-08T15:39:31+00:00\",\"dateModified\":\"2026-04-08T15:40:40+00:00\",\"description\":\"Consulta els artistes, programaci\u00f3 per dies i compra entrades per al Festival Cru\u00eflla 2026. 8, 9, 10 i 11 de juliol al Parc del F\u00f2rum\",\"breadcrumb\":{\"@id\":\"https:\\\/\\\/www.cruillabarcelona.com\\\/ca\\\/comics-cruilla-comedia\\\/#breadcrumb\"},\"inLanguage\":\"ca\",\"potentialAction\":[{\"@type\":\"ReadAction\",\"target\":[\"https:\\\/\\\/www.cruillabarcelona.com\\\/ca\\\/comics-cruilla-comedia\\\/\"]}]},{\"@type\":\"BreadcrumbList\",\"@id\":\"https:\\\/\\\/www.cruillabarcelona.com\\\/ca\\\/comics-cruilla-comedia\\\/#breadcrumb\",\"itemListElement\":[{\"@type\":\"ListItem\",\"position\":1,\"name\":\"Home\",\"item\":\"https:\\\/\\\/www.cruillabarcelona.com\\\/ca\\\/\"},{\"@type\":\"ListItem\",\"position\":2,\"name\":\"C\u00f2mics Cru\u00eflla Com\u00e8dia 2026\"}]},{\"@type\":\"WebSite\",\"@id\":\"https:\\\/\\\/www.cruillabarcelona.com\\\/ca\\\/#website\",\"url\":\"https:\\\/\\\/www.cruillabarcelona.com\\\/ca\\\/\",\"name\":\"Festival Cru\u00eflla\",\"description\":\"\",\"potentialAction\":[{\"@type\":\"SearchAction\",\"target\":{\"@type\":\"EntryPoint\",\"urlTemplate\":\"https:\\\/\\\/www.cruillabarcelona.com\\\/ca\\\/?s={search_term_string}\"},\"query-input\":{\"@type\":\"PropertyValueSpecification\",\"valueRequired\":true,\"valueName\":\"search_term_string\"}}],\"inLanguage\":\"ca\"}]}<\/script>\n<!-- \/ Yoast SEO plugin. -->","yoast_head_json":{"title":"Artistes del Festival Cru\u00eflla - 8, 9, 10 i 11 de juliol del 2026","description":"Consulta els artistes, programaci\u00f3 per dies i compra entrades per al Festival Cru\u00eflla 2026. 8, 9, 10 i 11 de juliol al Parc del F\u00f2rum","robots":{"index":"index","follow":"follow","max-snippet":"max-snippet:-1","max-image-preview":"max-image-preview:large","max-video-preview":"max-video-preview:-1"},"canonical":"https:\/\/www.cruillabarcelona.com\/ca\/comics-cruilla-comedia\/","og_locale":"ca_ES","og_type":"article","og_title":"Artistes del Festival Cru\u00eflla - 8, 9, 10 i 11 de juliol del 2026","og_description":"Consulta els artistes, programaci\u00f3 per dies i compra entrades per al Festival Cru\u00eflla 2026. 8, 9, 10 i 11 de juliol al Parc del F\u00f2rum","og_url":"https:\/\/www.cruillabarcelona.com\/ca\/comics-cruilla-comedia\/","og_site_name":"Festival Cru\u00eflla","article_modified_time":"2026-04-08T15:40:40+00:00","twitter_card":"summary_large_image","schema":{"@context":"https:\/\/schema.org","@graph":[{"@type":"WebPage","@id":"https:\/\/www.cruillabarcelona.com\/ca\/comics-cruilla-comedia\/","url":"https:\/\/www.cruillabarcelona.com\/ca\/comics-cruilla-comedia\/","name":"Artistes del Festival Cru\u00eflla - 8, 9, 10 i 11 de juliol del 2026","isPartOf":{"@id":"https:\/\/www.cruillabarcelona.com\/ca\/#website"},"datePublished":"2026-04-08T15:39:31+00:00","dateModified":"2026-04-08T15:40:40+00:00","description":"Consulta els artistes, programaci\u00f3 per dies i compra entrades per al Festival Cru\u00eflla 2026. 8, 9, 10 i 11 de juliol al Parc del F\u00f2rum","breadcrumb":{"@id":"https:\/\/www.cruillabarcelona.com\/ca\/comics-cruilla-comedia\/#breadcrumb"},"inLanguage":"ca","potentialAction":[{"@type":"ReadAction","target":["https:\/\/www.cruillabarcelona.com\/ca\/comics-cruilla-comedia\/"]}]},{"@type":"BreadcrumbList","@id":"https:\/\/www.cruillabarcelona.com\/ca\/comics-cruilla-comedia\/#breadcrumb","itemListElement":[{"@type":"ListItem","position":1,"name":"Home","item":"https:\/\/www.cruillabarcelona.com\/ca\/"},{"@type":"ListItem","position":2,"name":"C\u00f2mics Cru\u00eflla Com\u00e8dia 2026"}]},{"@type":"WebSite","@id":"https:\/\/www.cruillabarcelona.com\/ca\/#website","url":"https:\/\/www.cruillabarcelona.com\/ca\/","name":"Festival Cru\u00eflla","description":"","potentialAction":[{"@type":"SearchAction","target":{"@type":"EntryPoint","urlTemplate":"https:\/\/www.cruillabarcelona.com\/ca\/?s={search_term_string}"},"query-input":{"@type":"PropertyValueSpecification","valueRequired":true,"valueName":"search_term_string"}}],"inLanguage":"ca"}]}},"_links":{"self":[{"href":"https:\/\/www.cruillabarcelona.com\/ca\/wp-json\/wp\/v2\/pages\/62827","targetHints":{"allow":["GET"]}}],"collection":[{"href":"https:\/\/www.cruillabarcelona.com\/ca\/wp-json\/wp\/v2\/pages"}],"about":[{"href":"https:\/\/www.cruillabarcelona.com\/ca\/wp-json\/wp\/v2\/types\/page"}],"author":[{"embeddable":true,"href":"https:\/\/www.cruillabarcelona.com\/ca\/wp-json\/wp\/v2\/users\/25"}],"replies":[{"embeddable":true,"href":"https:\/\/www.cruillabarcelona.com\/ca\/wp-json\/wp\/v2\/comments?post=62827"}],"version-history":[{"count":2,"href":"https:\/\/www.cruillabarcelona.com\/ca\/wp-json\/wp\/v2\/pages\/62827\/revisions"}],"predecessor-version":[{"id":62831,"href":"https:\/\/www.cruillabarcelona.com\/ca\/wp-json\/wp\/v2\/pages\/62827\/revisions\/62831"}],"wp:attachment":[{"href":"https:\/\/www.cruillabarcelona.com\/ca\/wp-json\/wp\/v2\/media?parent=62827"}],"curies":[{"name":"wp","href":"https:\/\/api.w.org\/{rel}","templated":true}]}}