{"id":10663,"date":"2018-05-07T09:01:05","date_gmt":"2018-05-07T09:01:05","guid":{"rendered":"https:\/\/www.cruillabarcelona.com\/proximamente\/?page_id=10663"},"modified":"2026-03-22T13:13:21","modified_gmt":"2026-03-22T11:13:21","slug":"divendres-2026","status":"publish","type":"page","link":"https:\/\/www.cruillabarcelona.com\/en\/divendres-2026\/","title":{"rendered":"Friday, July 10th &#8211; Festival Cru\u00eflla 2026"},"content":{"rendered":"<h2 style=\"text-align: center;\">FROM RAVE TO ROCK AT FESTIVAL CRU\u00cfLLA 2026!<\/h2>\n<p class=\"monday-block-1\" contenteditable=\"true\" data-monday-block-type=\"1\" data-monday-block-content=\"[{&quot;insert&quot;:&quot;La jornada inaugural del &quot;},{&quot;attributes&quot;:{&quot;bold&quot;:true},&quot;insert&quot;:&quot;Festival Cru\u00eflla 2026&quot;},{&quot;insert&quot;:&quot; arriba carregada de talent internacional imprescindible. &quot;},{&quot;attributes&quot;:{&quot;bold&quot;:true},&quot;insert&quot;:&quot;Dimecres 8 de juliol &quot;},{&quot;insert&quot;:&quot;el Parc del F\u00f2rum es convertir\u00e0 en l'epicentre del pop. &quot;}]\" data-inline-monday=\"true\">Experiencing your favorite artists live is a one-of-a-kind feeling, and it can\u2019t happen just anywhere. On <strong>Friday, July 11<\/strong>, we bring you the rhythm, the groove, and the dance of those who truly break boundaries.<\/p>\n<p><img loading=\"lazy\" decoding=\"async\" class=\"aligncenter wp-image-62474 \" src=\"https:\/\/www.cruillabarcelona.com\/wp-content\/uploads\/2026\/03\/Divendres_EN.png\" alt=\"\" width=\"876\" height=\"438\" srcset=\"https:\/\/www.cruillabarcelona.com\/wp-content\/uploads\/2026\/03\/Divendres_EN.png 1200w, https:\/\/www.cruillabarcelona.com\/wp-content\/uploads\/2026\/03\/Divendres_EN-1024x512.png 1024w, https:\/\/www.cruillabarcelona.com\/wp-content\/uploads\/2026\/03\/Divendres_EN-768x384.png 768w, https:\/\/www.cruillabarcelona.com\/wp-content\/uploads\/2026\/03\/Divendres_EN-300x150.png 300w\" sizes=\"auto, (max-width: 876px) 100vw, 876px\" \/><\/p>\n<p style=\"text-align: center;\"><em><strong>Get your Friday ticket or your pass here!\u00a0<\/strong><\/em><\/p>\n<p style=\"text-align: center;\"><a class=\"button round    large\" href=\"https:\/\/tickets.oneboxtds.com\/cruilla\/select\/2556130?hl=ca-ES\"  target=\"_blank\"><i class=\"glyphicon fi-ticket\"><\/i> Friday ticket<\/a><\/p>\n<p style=\"text-align: center;\"><a class=\"button round    large\" href=\"https:\/\/www.cruillabarcelona.com\/en\/tickets\/\"  target=\"_blank\"><i class=\"glyphicon fi-ticket\"><\/i> passes<\/a><\/p>\n<p class=\"monday-block-1\" contenteditable=\"true\" data-monday-block-type=\"1\" data-monday-block-content=\"[{&quot;insert&quot;:&quot;Deu anys despr\u00e9s de l'ic\u00f2nic &quot;},{&quot;attributes&quot;:{&quot;bold&quot;:true},&quot;insert&quot;:&quot;'Badlands'&quot;},{&quot;insert&quot;:&quot; (2015), &quot;},{&quot;attributes&quot;:{&quot;bold&quot;:true},&quot;insert&quot;:&quot;Halsey &quot;},{&quot;insert&quot;:&quot;torna a Barcelona en el seu moment m\u00e9s trencador. Amb m\u00e9s de &quot;},{&quot;attributes&quot;:{&quot;bold&quot;:true},&quot;insert&quot;:&quot;50.000 milions&quot;},{&quot;insert&quot;:&quot; de reproduccions i un so que va redefinir l'alternative pop, l'artista estrena nova etapa musical al &quot;},{&quot;attributes&quot;:{&quot;bold&quot;:true},&quot;insert&quot;:&quot;Festival Cru\u00eflla&quot;},{&quot;insert&quot;:&quot; sense oblidar \u00e8xits com \\&quot;&quot;},{&quot;attributes&quot;:{&quot;bold&quot;:true},&quot;insert&quot;:&quot;Colors&quot;},{&quot;insert&quot;:&quot;\\&quot; o \\&quot;&quot;},{&quot;attributes&quot;:{&quot;bold&quot;:true},&quot;insert&quot;:&quot;Without me\\&quot;&quot;},{&quot;insert&quot;:&quot;. &quot;}]\" data-inline-monday=\"true\"><strong>David Byrne<\/strong>, the genius behind <strong>Talking Heads<\/strong>, returns to Barcelona to present a new album with a revolutionary show. Somewhere between pop and avant-garde, he invites us to reflect on human connections amid today\u2019s chaos. A visual and sonic experience you won\u2019t see twice.<\/p>\n<p style=\"text-align: center;\"><div class=\"flex-video   widescreen\"><iframe loading=\"lazy\" width=\"420\" height=\"315\" src=\"\/\/www.youtube.com\/embed\/YM-BTJKIz0Q\" allowfullscreen=\"true\"><\/iframe><\/div><\/p>\n<p class=\"monday-block-1\" contenteditable=\"true\" data-monday-block-type=\"1\" data-monday-block-content=\"[{&quot;insert&quot;:&quot;L'estrella de Broadway i protagonista del musical &quot;},{&quot;attributes&quot;:{&quot;italic&quot;:true},&quot;insert&quot;:&quot;Mean Girls &quot;},{&quot;insert&quot;:&quot;arriba per primer cop a Espanya i ho fa per la porta gran. &quot;},{&quot;attributes&quot;:{&quot;bold&quot;:true},&quot;insert&quot;:&quot;Rene\u00e9 Rapp&quot;},{&quot;insert&quot;:&quot; deixa enrere la pantalla per oferir-nos un concert \u00fanic amb una actitud arrassadora i can\u00e7ons que ja funcionen com a himnes. Viu el fenomen en directe!&quot;}]\" data-inline-monday=\"true\">Rock &amp; Roll in capital letters. With no filters or inhibitions, <strong>The Black Crowes<\/strong> land at Festival Cru\u00eflla to make their raw guitars roar and unleash their unmistakable soul. Don\u2019t miss the chance to relive the authenticity of one of the most iconic bands of the \u201990s.<\/p>\n<p style=\"text-align: center;\"><div class=\"flex-video   widescreen\"><iframe loading=\"lazy\" width=\"420\" height=\"315\" src=\"\/\/www.youtube.com\/embed\/BYyRLTveFJQ\" allowfullscreen=\"true\"><\/iframe><\/div><\/p>\n<p class=\"monday-block-1\" contenteditable=\"true\" data-monday-block-type=\"1\" data-monday-block-content=\"[{&quot;insert&quot;:&quot;L'univers de &quot;},{&quot;attributes&quot;:{&quot;bold&quot;:true},&quot;insert&quot;:&quot;Sen Senra &quot;},{&quot;insert&quot;:&quot;aterra al Cru\u00eflla per demostrar per qu\u00e8 s'ha convertit en un dels artistes m\u00e9s hipn\u00f2tics del panorama actual. Amb un so contemporani ple de car\u00e0cter i una identitat \u00fanica que atrapa des de la primera nota, el gallec oferir\u00e0 un dels directes m\u00e9s magn\u00e8tics d'aquesta edici\u00f3. &quot;}]\" data-inline-monday=\"true\"><strong>Bomba Est\u00e9reo<\/strong> is the ultimate party connecting Barcelona and Bogot\u00e1: a ritual of dance and overflowing energy where electronic music and Colombian folklore merge into an unforgettable experience.<\/p>\n<p style=\"text-align: center;\"><div class=\"flex-video   widescreen\"><iframe loading=\"lazy\" width=\"420\" height=\"315\" src=\"\/\/www.youtube.com\/embed\/bxWxXncl53U\" allowfullscreen=\"true\"><\/iframe><\/div><\/p>\n<p>After touring half the world, <strong>Meute<\/strong>, the Techno Marching Band from Hamburg, will turn <strong>Parc del F\u00f2rum<\/strong> into an explosion of brass and electronics. A powerful collective celebration that\u2019s hard to forget.<\/p>\n<p style=\"text-align: center;\"><div class=\"flex-video   widescreen\"><iframe loading=\"lazy\" width=\"420\" height=\"315\" src=\"\/\/www.youtube.com\/embed\/HmvNo6aUIDo\" allowfullscreen=\"true\"><\/iframe><\/div><\/p>\n<p>Jazz is also meant to be danced to with<strong> Ezra Collective<\/strong>. A band that turns every concert into a unique show and embodies the vitality of a generation that has brought jazz back to the streets, clubs, and festivals.<\/p>\n<p style=\"text-align: center;\"><div class=\"flex-video   widescreen\"><iframe loading=\"lazy\" width=\"420\" height=\"315\" src=\"\/\/www.youtube.com\/embed\/BOtCBy_FSZE\" allowfullscreen=\"true\"><\/iframe><\/div><\/p>\n<p>And the party doesn\u2019t stop! With your Friday ticket you\u2019ll also get to enjoy other must-see live acts: <strong>Zahara<\/strong> and her explosion of freedom in rave format, <strong>Alizz,<\/strong> a key figure on the national scene, with the final concert of his tour, <strong>Sampa The Great<\/strong>, delivering pure hip-hop and soul energy from Africa, the bold, alternative rock of <strong>Ultraligera, <\/strong>the unstoppabble pop-punk of <strong>La La Love You <\/strong>and many more!<\/p>\n<h3 style=\"text-align: center;\">Ens veiem al Festival Cru\u00eflla 2026!<\/h3>\n","protected":false},"excerpt":{"rendered":"FROM RAVE TO ROCK AT FESTIVAL CRU\u00cfLLA 2026! Experiencing your favorite artists live is a one-of-a-kind feeling, and it can\u2019t happen just anywhere. On Friday, July 11, we bring you the rhythm, the groove, and the dance of those who truly break boundaries. Get your Friday ticket or your pass here!\u00a0 David Byrne, the genius&#8230; <a class=\"view-article\" href=\"https:\/\/www.cruillabarcelona.com\/en\/divendres-2026\/\">View Article<\/a>","protected":false},"author":2,"featured_media":61984,"parent":0,"menu_order":0,"comment_status":"closed","ping_status":"closed","template":"page-templates\/page-landing.php","meta":{"_acf_changed":false,"footnotes":""},"class_list":["post-10663","page","type-page","status-publish","has-post-thumbnail","hentry"],"acf":[],"yoast_head":"<!-- This site is optimized with the Yoast SEO plugin v27.3 - https:\/\/yoast.com\/product\/yoast-seo-wordpress\/ -->\n<title>Friday, July 10th - Festival Cru\u00eflla 2026<\/title>\n<meta name=\"description\" content=\"Lineup and ticket sales for Friday, July 10th at the Festival Cru\u00eflla 2026. David Byrne, The Black Crowes, Bomba Est\u00e9reo and many more.\" \/>\n<meta name=\"robots\" content=\"index, follow, max-snippet:-1, max-image-preview:large, max-video-preview:-1\" \/>\n<link rel=\"canonical\" href=\"https:\/\/www.cruillabarcelona.com\/en\/divendres-2026\/\" \/>\n<meta property=\"og:locale\" content=\"en_US\" \/>\n<meta property=\"og:type\" content=\"article\" \/>\n<meta property=\"og:title\" content=\"Friday, July 10th - Festival Cru\u00eflla 2026\" \/>\n<meta property=\"og:description\" content=\"Lineup and ticket sales for Friday, July 10th at the Festival Cru\u00eflla 2026. David Byrne, The Black Crowes, Bomba Est\u00e9reo and many more.\" \/>\n<meta property=\"og:url\" content=\"https:\/\/www.cruillabarcelona.com\/en\/divendres-2026\/\" \/>\n<meta property=\"og:site_name\" content=\"Festival Cru\u00eflla\" \/>\n<meta property=\"article:modified_time\" content=\"2026-03-22T11:13:21+00:00\" \/>\n<meta property=\"og:image\" content=\"https:\/\/www.cruillabarcelona.com\/wp-content\/uploads\/2026\/01\/Portada_LandingDivendres.jpg\" \/>\n\t<meta property=\"og:image:width\" content=\"2000\" \/>\n\t<meta property=\"og:image:height\" content=\"500\" \/>\n\t<meta property=\"og:image:type\" content=\"image\/jpeg\" \/>\n<meta name=\"twitter:card\" content=\"summary_large_image\" \/>\n<meta name=\"twitter:label1\" content=\"Est. reading time\" \/>\n\t<meta name=\"twitter:data1\" content=\"3 minutes\" \/>\n<script type=\"application\/ld+json\" class=\"yoast-schema-graph\">{\"@context\":\"https:\\\/\\\/schema.org\",\"@graph\":[{\"@type\":\"WebPage\",\"@id\":\"https:\\\/\\\/www.cruillabarcelona.com\\\/en\\\/divendres-2026\\\/\",\"url\":\"https:\\\/\\\/www.cruillabarcelona.com\\\/en\\\/divendres-2026\\\/\",\"name\":\"Friday, July 10th - Festival Cru\u00eflla 2026\",\"isPartOf\":{\"@id\":\"https:\\\/\\\/www.cruillabarcelona.com\\\/en\\\/#website\"},\"primaryImageOfPage\":{\"@id\":\"https:\\\/\\\/www.cruillabarcelona.com\\\/en\\\/divendres-2026\\\/#primaryimage\"},\"image\":{\"@id\":\"https:\\\/\\\/www.cruillabarcelona.com\\\/en\\\/divendres-2026\\\/#primaryimage\"},\"thumbnailUrl\":\"https:\\\/\\\/www.cruillabarcelona.com\\\/wp-content\\\/uploads\\\/2026\\\/01\\\/Portada_LandingDivendres.jpg\",\"datePublished\":\"2018-05-07T09:01:05+00:00\",\"dateModified\":\"2026-03-22T11:13:21+00:00\",\"description\":\"Lineup and ticket sales for Friday, July 10th at the Festival Cru\u00eflla 2026. David Byrne, The Black Crowes, Bomba Est\u00e9reo and many more.\",\"breadcrumb\":{\"@id\":\"https:\\\/\\\/www.cruillabarcelona.com\\\/en\\\/divendres-2026\\\/#breadcrumb\"},\"inLanguage\":\"en-US\",\"potentialAction\":[{\"@type\":\"ReadAction\",\"target\":[\"https:\\\/\\\/www.cruillabarcelona.com\\\/en\\\/divendres-2026\\\/\"]}]},{\"@type\":\"ImageObject\",\"inLanguage\":\"en-US\",\"@id\":\"https:\\\/\\\/www.cruillabarcelona.com\\\/en\\\/divendres-2026\\\/#primaryimage\",\"url\":\"https:\\\/\\\/www.cruillabarcelona.com\\\/wp-content\\\/uploads\\\/2026\\\/01\\\/Portada_LandingDivendres.jpg\",\"contentUrl\":\"https:\\\/\\\/www.cruillabarcelona.com\\\/wp-content\\\/uploads\\\/2026\\\/01\\\/Portada_LandingDivendres.jpg\",\"width\":2000,\"height\":500},{\"@type\":\"BreadcrumbList\",\"@id\":\"https:\\\/\\\/www.cruillabarcelona.com\\\/en\\\/divendres-2026\\\/#breadcrumb\",\"itemListElement\":[{\"@type\":\"ListItem\",\"position\":1,\"name\":\"Home\",\"item\":\"https:\\\/\\\/www.cruillabarcelona.com\\\/en\\\/\"},{\"@type\":\"ListItem\",\"position\":2,\"name\":\"Friday, July 10th &#8211; Festival Cru\u00eflla 2026\"}]},{\"@type\":\"WebSite\",\"@id\":\"https:\\\/\\\/www.cruillabarcelona.com\\\/en\\\/#website\",\"url\":\"https:\\\/\\\/www.cruillabarcelona.com\\\/en\\\/\",\"name\":\"Festival Cru\u00eflla\",\"description\":\"\",\"potentialAction\":[{\"@type\":\"SearchAction\",\"target\":{\"@type\":\"EntryPoint\",\"urlTemplate\":\"https:\\\/\\\/www.cruillabarcelona.com\\\/en\\\/?s={search_term_string}\"},\"query-input\":{\"@type\":\"PropertyValueSpecification\",\"valueRequired\":true,\"valueName\":\"search_term_string\"}}],\"inLanguage\":\"en-US\"}]}<\/script>\n<!-- \/ Yoast SEO plugin. -->","yoast_head_json":{"title":"Friday, July 10th - Festival Cru\u00eflla 2026","description":"Lineup and ticket sales for Friday, July 10th at the Festival Cru\u00eflla 2026. David Byrne, The Black Crowes, Bomba Est\u00e9reo and many more.","robots":{"index":"index","follow":"follow","max-snippet":"max-snippet:-1","max-image-preview":"max-image-preview:large","max-video-preview":"max-video-preview:-1"},"canonical":"https:\/\/www.cruillabarcelona.com\/en\/divendres-2026\/","og_locale":"en_US","og_type":"article","og_title":"Friday, July 10th - Festival Cru\u00eflla 2026","og_description":"Lineup and ticket sales for Friday, July 10th at the Festival Cru\u00eflla 2026. David Byrne, The Black Crowes, Bomba Est\u00e9reo and many more.","og_url":"https:\/\/www.cruillabarcelona.com\/en\/divendres-2026\/","og_site_name":"Festival Cru\u00eflla","article_modified_time":"2026-03-22T11:13:21+00:00","og_image":[{"width":2000,"height":500,"url":"https:\/\/www.cruillabarcelona.com\/wp-content\/uploads\/2026\/01\/Portada_LandingDivendres.jpg","type":"image\/jpeg"}],"twitter_card":"summary_large_image","twitter_misc":{"Est. reading time":"3 minutes"},"schema":{"@context":"https:\/\/schema.org","@graph":[{"@type":"WebPage","@id":"https:\/\/www.cruillabarcelona.com\/en\/divendres-2026\/","url":"https:\/\/www.cruillabarcelona.com\/en\/divendres-2026\/","name":"Friday, July 10th - Festival Cru\u00eflla 2026","isPartOf":{"@id":"https:\/\/www.cruillabarcelona.com\/en\/#website"},"primaryImageOfPage":{"@id":"https:\/\/www.cruillabarcelona.com\/en\/divendres-2026\/#primaryimage"},"image":{"@id":"https:\/\/www.cruillabarcelona.com\/en\/divendres-2026\/#primaryimage"},"thumbnailUrl":"https:\/\/www.cruillabarcelona.com\/wp-content\/uploads\/2026\/01\/Portada_LandingDivendres.jpg","datePublished":"2018-05-07T09:01:05+00:00","dateModified":"2026-03-22T11:13:21+00:00","description":"Lineup and ticket sales for Friday, July 10th at the Festival Cru\u00eflla 2026. David Byrne, The Black Crowes, Bomba Est\u00e9reo and many more.","breadcrumb":{"@id":"https:\/\/www.cruillabarcelona.com\/en\/divendres-2026\/#breadcrumb"},"inLanguage":"en-US","potentialAction":[{"@type":"ReadAction","target":["https:\/\/www.cruillabarcelona.com\/en\/divendres-2026\/"]}]},{"@type":"ImageObject","inLanguage":"en-US","@id":"https:\/\/www.cruillabarcelona.com\/en\/divendres-2026\/#primaryimage","url":"https:\/\/www.cruillabarcelona.com\/wp-content\/uploads\/2026\/01\/Portada_LandingDivendres.jpg","contentUrl":"https:\/\/www.cruillabarcelona.com\/wp-content\/uploads\/2026\/01\/Portada_LandingDivendres.jpg","width":2000,"height":500},{"@type":"BreadcrumbList","@id":"https:\/\/www.cruillabarcelona.com\/en\/divendres-2026\/#breadcrumb","itemListElement":[{"@type":"ListItem","position":1,"name":"Home","item":"https:\/\/www.cruillabarcelona.com\/en\/"},{"@type":"ListItem","position":2,"name":"Friday, July 10th &#8211; Festival Cru\u00eflla 2026"}]},{"@type":"WebSite","@id":"https:\/\/www.cruillabarcelona.com\/en\/#website","url":"https:\/\/www.cruillabarcelona.com\/en\/","name":"Festival Cru\u00eflla","description":"","potentialAction":[{"@type":"SearchAction","target":{"@type":"EntryPoint","urlTemplate":"https:\/\/www.cruillabarcelona.com\/en\/?s={search_term_string}"},"query-input":{"@type":"PropertyValueSpecification","valueRequired":true,"valueName":"search_term_string"}}],"inLanguage":"en-US"}]}},"_links":{"self":[{"href":"https:\/\/www.cruillabarcelona.com\/en\/wp-json\/wp\/v2\/pages\/10663","targetHints":{"allow":["GET"]}}],"collection":[{"href":"https:\/\/www.cruillabarcelona.com\/en\/wp-json\/wp\/v2\/pages"}],"about":[{"href":"https:\/\/www.cruillabarcelona.com\/en\/wp-json\/wp\/v2\/types\/page"}],"author":[{"embeddable":true,"href":"https:\/\/www.cruillabarcelona.com\/en\/wp-json\/wp\/v2\/users\/2"}],"replies":[{"embeddable":true,"href":"https:\/\/www.cruillabarcelona.com\/en\/wp-json\/wp\/v2\/comments?post=10663"}],"version-history":[{"count":5,"href":"https:\/\/www.cruillabarcelona.com\/en\/wp-json\/wp\/v2\/pages\/10663\/revisions"}],"predecessor-version":[{"id":62659,"href":"https:\/\/www.cruillabarcelona.com\/en\/wp-json\/wp\/v2\/pages\/10663\/revisions\/62659"}],"wp:featuredmedia":[{"embeddable":true,"href":"https:\/\/www.cruillabarcelona.com\/en\/wp-json\/wp\/v2\/media\/61984"}],"wp:attachment":[{"href":"https:\/\/www.cruillabarcelona.com\/en\/wp-json\/wp\/v2\/media?parent=10663"}],"curies":[{"name":"wp","href":"https:\/\/api.w.org\/{rel}","templated":true}]}}