{"id":10699,"date":"2018-05-07T09:19:47","date_gmt":"2018-05-07T09:19:47","guid":{"rendered":"https:\/\/www.cruillabarcelona.com\/proximamente\/?page_id=10699"},"modified":"2018-06-05T16:10:55","modified_gmt":"2018-06-05T14:10:55","slug":"come-back-to-cruilla","status":"publish","type":"page","link":"https:\/\/www.cruillabarcelona.com\/en\/come-back-to-cruilla\/","title":{"rendered":"Come back to Festival Cru\u00eflla"},"content":{"rendered":"<h2 style=\"text-align: justify;\">See you at Parc del F\u00f2rum in July 12th, 13th and 14th!<\/h2>\n<p>You have enjoyed Festival Cru\u00eflla in several occasions, and we want to thank you for always coming back. That&#8217;s why we have created this exclusive discount for you, to see you again in 2018!<\/p>\n<p>Get your tickets now:<\/p>\n<p style=\"text-align: center;\"><a class=\"button     \" href=\"https:\/\/www.portalticket.com\/entradas\/cruilla-barcelona\/marketing-directe\"  target=\"_blank\">TICKETS<\/a><\/p>\n<p style=\"text-align: justify;\">How to use your discount:<\/p>\n<ol>\n<li>Click on &#8220;Tickets&#8221;.<\/li>\n<li>Choose the type of ticket you prefer.<\/li>\n<li>Open the drop-down \u201cPromotions available\u201d and select \u201cDescompte per fidelitat\u201d.<\/li>\n<li>Insert your discount code on the box and click \u201cApply promotion\u201d.<\/li>\n<li>Choose 1 or 2 tickets and finish the purchase!<\/li>\n<\/ol>\n<p style=\"text-align: justify;\">The discounts are as follows:<\/p>\n<ul style=\"text-align: justify;\">\n<li style=\"text-align: left;\">Full Pass Ticket:\u00a0<span style=\"text-decoration: line-through;\">140\u20ac<\/span>\u00a0 &#8211;&gt;\u00a0\u00a0<strong>120\u20ac<\/strong><\/li>\n<li style=\"text-align: left;\">2-Day Pass:\u00a0<span style=\"text-decoration: line-through;\">120\u20ac<\/span>\u00a0 &#8211;&gt;\u00a0\u00a0<strong>105\u20ac<\/strong><\/li>\n<li style=\"text-align: left;\">Thursday Ticket:\u00a0<span style=\"text-decoration: line-through;\">59\u20ac<\/span>\u00a0 &#8211;&gt;\u00a0\u00a0<strong>49\u20ac<\/strong><\/li>\n<li style=\"text-align: left;\">Friday Ticket:\u00a0<span style=\"text-decoration: line-through;\">69\u20ac<\/span>\u00a0 &#8211;&gt;\u00a0\u00a0<strong>62\u20ac<\/strong><\/li>\n<li style=\"text-align: left;\">Saturday Ticket:\u00a0<span style=\"text-decoration: line-through;\">69\u20ac<\/span>\u00a0 &#8211;&gt;\u00a0\u00a0<strong>62\u20ac<\/strong><\/li>\n<\/ul>\n<p style=\"text-align: justify;\">This <strong>promotion is valid until the next price change<\/strong> of the tickets.<\/p>\n<p style=\"text-align: justify;\"><strong>See you in July!<\/strong><\/p>\n<p><img loading=\"lazy\" decoding=\"async\" class=\"aligncenter wp-image-11262\" src=\"https:\/\/www.cruillabarcelona.com\/wp-content\/uploads\/2018\/05\/Cartell-general_ANG.jpg\" alt=\"\" width=\"500\" height=\"705\" srcset=\"https:\/\/www.cruillabarcelona.com\/wp-content\/uploads\/2018\/05\/Cartell-general_ANG.jpg 768w, https:\/\/www.cruillabarcelona.com\/wp-content\/uploads\/2018\/05\/Cartell-general_ANG-300x423.jpg 300w, https:\/\/www.cruillabarcelona.com\/wp-content\/uploads\/2018\/05\/Cartell-general_ANG-600x846.jpg 600w\" sizes=\"auto, (max-width: 500px) 100vw, 500px\" \/><\/p>\n","protected":false},"excerpt":{"rendered":"See you at Parc del F\u00f2rum in July 12th, 13th and 14th! You have enjoyed Festival Cru\u00eflla in several occasions, and we want to thank you for always coming back. That&#8217;s why we have created this exclusive discount for you, to see you again in 2018! Get your tickets now: How to use your discount:&#8230; <a class=\"view-article\" href=\"https:\/\/www.cruillabarcelona.com\/en\/come-back-to-cruilla\/\">View Article<\/a>","protected":false},"author":2,"featured_media":9870,"parent":0,"menu_order":0,"comment_status":"closed","ping_status":"closed","template":"page-templates\/page-landing.php","meta":{"_acf_changed":false,"footnotes":""},"class_list":["post-10699","page","type-page","status-publish","has-post-thumbnail","hentry"],"acf":[],"yoast_head":"<!-- This site is optimized with the Yoast SEO plugin v27.3 - https:\/\/yoast.com\/product\/yoast-seo-wordpress\/ -->\n<title>Come back to Festival Cru\u00eflla - Festival Cru\u00eflla<\/title>\n<meta name=\"robots\" content=\"index, follow, max-snippet:-1, max-image-preview:large, max-video-preview:-1\" \/>\n<link rel=\"canonical\" href=\"https:\/\/www.cruillabarcelona.com\/en\/come-back-to-cruilla\/\" \/>\n<meta property=\"og:locale\" content=\"en_US\" \/>\n<meta property=\"og:type\" content=\"article\" \/>\n<meta property=\"og:title\" content=\"Come back to Festival Cru\u00eflla - Festival Cru\u00eflla\" \/>\n<meta property=\"og:description\" content=\"See you at Parc del F\u00f2rum in July 12th, 13th and 14th! You have enjoyed Festival Cru\u00eflla in several occasions, and we want to thank you for always coming back. That&#8217;s why we have created this exclusive discount for you, to see you again in 2018! Get your tickets now: How to use your discount:... View Article\" \/>\n<meta property=\"og:url\" content=\"https:\/\/www.cruillabarcelona.com\/en\/come-back-to-cruilla\/\" \/>\n<meta property=\"og:site_name\" content=\"Festival Cru\u00eflla\" \/>\n<meta property=\"article:modified_time\" content=\"2018-06-05T14:10:55+00:00\" \/>\n<meta property=\"og:image\" content=\"https:\/\/www.cruillabarcelona.com\/wp-content\/uploads\/2018\/03\/portada-web-landing-cruillaenamora2.jpg\" \/>\n\t<meta property=\"og:image:width\" content=\"1500\" \/>\n\t<meta property=\"og:image:height\" content=\"500\" \/>\n\t<meta property=\"og:image:type\" content=\"image\/jpeg\" \/>\n<meta name=\"twitter:card\" content=\"summary_large_image\" \/>\n<meta name=\"twitter:label1\" content=\"Est. reading time\" \/>\n\t<meta name=\"twitter:data1\" content=\"1 minute\" \/>\n<script type=\"application\/ld+json\" class=\"yoast-schema-graph\">{\"@context\":\"https:\\\/\\\/schema.org\",\"@graph\":[{\"@type\":\"WebPage\",\"@id\":\"https:\\\/\\\/www.cruillabarcelona.com\\\/en\\\/come-back-to-cruilla\\\/\",\"url\":\"https:\\\/\\\/www.cruillabarcelona.com\\\/en\\\/come-back-to-cruilla\\\/\",\"name\":\"Come back to Festival Cru\u00eflla - Festival Cru\u00eflla\",\"isPartOf\":{\"@id\":\"https:\\\/\\\/www.cruillabarcelona.com\\\/en\\\/#website\"},\"primaryImageOfPage\":{\"@id\":\"https:\\\/\\\/www.cruillabarcelona.com\\\/en\\\/come-back-to-cruilla\\\/#primaryimage\"},\"image\":{\"@id\":\"https:\\\/\\\/www.cruillabarcelona.com\\\/en\\\/come-back-to-cruilla\\\/#primaryimage\"},\"thumbnailUrl\":\"https:\\\/\\\/www.cruillabarcelona.com\\\/wp-content\\\/uploads\\\/2018\\\/03\\\/portada-web-landing-cruillaenamora2.jpg\",\"datePublished\":\"2018-05-07T09:19:47+00:00\",\"dateModified\":\"2018-06-05T14:10:55+00:00\",\"breadcrumb\":{\"@id\":\"https:\\\/\\\/www.cruillabarcelona.com\\\/en\\\/come-back-to-cruilla\\\/#breadcrumb\"},\"inLanguage\":\"en-US\",\"potentialAction\":[{\"@type\":\"ReadAction\",\"target\":[\"https:\\\/\\\/www.cruillabarcelona.com\\\/en\\\/come-back-to-cruilla\\\/\"]}]},{\"@type\":\"ImageObject\",\"inLanguage\":\"en-US\",\"@id\":\"https:\\\/\\\/www.cruillabarcelona.com\\\/en\\\/come-back-to-cruilla\\\/#primaryimage\",\"url\":\"https:\\\/\\\/www.cruillabarcelona.com\\\/wp-content\\\/uploads\\\/2018\\\/03\\\/portada-web-landing-cruillaenamora2.jpg\",\"contentUrl\":\"https:\\\/\\\/www.cruillabarcelona.com\\\/wp-content\\\/uploads\\\/2018\\\/03\\\/portada-web-landing-cruillaenamora2.jpg\",\"width\":1500,\"height\":500},{\"@type\":\"BreadcrumbList\",\"@id\":\"https:\\\/\\\/www.cruillabarcelona.com\\\/en\\\/come-back-to-cruilla\\\/#breadcrumb\",\"itemListElement\":[{\"@type\":\"ListItem\",\"position\":1,\"name\":\"Home\",\"item\":\"https:\\\/\\\/www.cruillabarcelona.com\\\/en\\\/\"},{\"@type\":\"ListItem\",\"position\":2,\"name\":\"Come back to Festival Cru\u00eflla\"}]},{\"@type\":\"WebSite\",\"@id\":\"https:\\\/\\\/www.cruillabarcelona.com\\\/en\\\/#website\",\"url\":\"https:\\\/\\\/www.cruillabarcelona.com\\\/en\\\/\",\"name\":\"Festival Cru\u00eflla\",\"description\":\"\",\"potentialAction\":[{\"@type\":\"SearchAction\",\"target\":{\"@type\":\"EntryPoint\",\"urlTemplate\":\"https:\\\/\\\/www.cruillabarcelona.com\\\/en\\\/?s={search_term_string}\"},\"query-input\":{\"@type\":\"PropertyValueSpecification\",\"valueRequired\":true,\"valueName\":\"search_term_string\"}}],\"inLanguage\":\"en-US\"}]}<\/script>\n<!-- \/ Yoast SEO plugin. -->","yoast_head_json":{"title":"Come back to Festival Cru\u00eflla - Festival Cru\u00eflla","robots":{"index":"index","follow":"follow","max-snippet":"max-snippet:-1","max-image-preview":"max-image-preview:large","max-video-preview":"max-video-preview:-1"},"canonical":"https:\/\/www.cruillabarcelona.com\/en\/come-back-to-cruilla\/","og_locale":"en_US","og_type":"article","og_title":"Come back to Festival Cru\u00eflla - Festival Cru\u00eflla","og_description":"See you at Parc del F\u00f2rum in July 12th, 13th and 14th! You have enjoyed Festival Cru\u00eflla in several occasions, and we want to thank you for always coming back. That&#8217;s why we have created this exclusive discount for you, to see you again in 2018! Get your tickets now: How to use your discount:... View Article","og_url":"https:\/\/www.cruillabarcelona.com\/en\/come-back-to-cruilla\/","og_site_name":"Festival Cru\u00eflla","article_modified_time":"2018-06-05T14:10:55+00:00","og_image":[{"width":1500,"height":500,"url":"https:\/\/www.cruillabarcelona.com\/wp-content\/uploads\/2018\/03\/portada-web-landing-cruillaenamora2.jpg","type":"image\/jpeg"}],"twitter_card":"summary_large_image","twitter_misc":{"Est. reading time":"1 minute"},"schema":{"@context":"https:\/\/schema.org","@graph":[{"@type":"WebPage","@id":"https:\/\/www.cruillabarcelona.com\/en\/come-back-to-cruilla\/","url":"https:\/\/www.cruillabarcelona.com\/en\/come-back-to-cruilla\/","name":"Come back to Festival Cru\u00eflla - Festival Cru\u00eflla","isPartOf":{"@id":"https:\/\/www.cruillabarcelona.com\/en\/#website"},"primaryImageOfPage":{"@id":"https:\/\/www.cruillabarcelona.com\/en\/come-back-to-cruilla\/#primaryimage"},"image":{"@id":"https:\/\/www.cruillabarcelona.com\/en\/come-back-to-cruilla\/#primaryimage"},"thumbnailUrl":"https:\/\/www.cruillabarcelona.com\/wp-content\/uploads\/2018\/03\/portada-web-landing-cruillaenamora2.jpg","datePublished":"2018-05-07T09:19:47+00:00","dateModified":"2018-06-05T14:10:55+00:00","breadcrumb":{"@id":"https:\/\/www.cruillabarcelona.com\/en\/come-back-to-cruilla\/#breadcrumb"},"inLanguage":"en-US","potentialAction":[{"@type":"ReadAction","target":["https:\/\/www.cruillabarcelona.com\/en\/come-back-to-cruilla\/"]}]},{"@type":"ImageObject","inLanguage":"en-US","@id":"https:\/\/www.cruillabarcelona.com\/en\/come-back-to-cruilla\/#primaryimage","url":"https:\/\/www.cruillabarcelona.com\/wp-content\/uploads\/2018\/03\/portada-web-landing-cruillaenamora2.jpg","contentUrl":"https:\/\/www.cruillabarcelona.com\/wp-content\/uploads\/2018\/03\/portada-web-landing-cruillaenamora2.jpg","width":1500,"height":500},{"@type":"BreadcrumbList","@id":"https:\/\/www.cruillabarcelona.com\/en\/come-back-to-cruilla\/#breadcrumb","itemListElement":[{"@type":"ListItem","position":1,"name":"Home","item":"https:\/\/www.cruillabarcelona.com\/en\/"},{"@type":"ListItem","position":2,"name":"Come back to Festival Cru\u00eflla"}]},{"@type":"WebSite","@id":"https:\/\/www.cruillabarcelona.com\/en\/#website","url":"https:\/\/www.cruillabarcelona.com\/en\/","name":"Festival Cru\u00eflla","description":"","potentialAction":[{"@type":"SearchAction","target":{"@type":"EntryPoint","urlTemplate":"https:\/\/www.cruillabarcelona.com\/en\/?s={search_term_string}"},"query-input":{"@type":"PropertyValueSpecification","valueRequired":true,"valueName":"search_term_string"}}],"inLanguage":"en-US"}]}},"_links":{"self":[{"href":"https:\/\/www.cruillabarcelona.com\/en\/wp-json\/wp\/v2\/pages\/10699","targetHints":{"allow":["GET"]}}],"collection":[{"href":"https:\/\/www.cruillabarcelona.com\/en\/wp-json\/wp\/v2\/pages"}],"about":[{"href":"https:\/\/www.cruillabarcelona.com\/en\/wp-json\/wp\/v2\/types\/page"}],"author":[{"embeddable":true,"href":"https:\/\/www.cruillabarcelona.com\/en\/wp-json\/wp\/v2\/users\/2"}],"replies":[{"embeddable":true,"href":"https:\/\/www.cruillabarcelona.com\/en\/wp-json\/wp\/v2\/comments?post=10699"}],"version-history":[{"count":0,"href":"https:\/\/www.cruillabarcelona.com\/en\/wp-json\/wp\/v2\/pages\/10699\/revisions"}],"wp:featuredmedia":[{"embeddable":true,"href":"https:\/\/www.cruillabarcelona.com\/en\/wp-json\/wp\/v2\/media\/9870"}],"wp:attachment":[{"href":"https:\/\/www.cruillabarcelona.com\/en\/wp-json\/wp\/v2\/media?parent=10699"}],"curies":[{"name":"wp","href":"https:\/\/api.w.org\/{rel}","templated":true}]}}