{"id":15847,"date":"2018-06-18T15:38:55","date_gmt":"2018-06-18T13:38:55","guid":{"rendered":"https:\/\/www.cruillabarcelona.com\/?page_id=15847"},"modified":"2018-06-18T15:38:55","modified_gmt":"2018-06-18T13:38:55","slug":"the-roots","status":"publish","type":"page","link":"https:\/\/www.cruillabarcelona.com\/en\/the-roots\/","title":{"rendered":"The Roots"},"content":{"rendered":"<p>Fieles al hip hop. Fieles al soul. <strong>Fieles a sus ra\u00edces<\/strong>. The Roots es uno de los grupos m\u00e1s representativos de la m\u00fasica negra norteamericana. Tanto en sus or\u00edgenes como en su evoluci\u00f3n.<\/p>\n<p>Nos gusta tenerlos en el Cru\u00eflla porque son igual de aut\u00e9nticos ahora que cuando nacieron, en los 90. The Roots no cantan sobre una base, sino sobre una banda. Si te gusta el <strong>soul<\/strong>, el <strong>funk<\/strong> y el <strong>hip hop <\/strong>old school, ellos son las tres cosas a la vez.<\/p>\n<p>Ven a ver a The Roots en directo. Con tu entrada para el <strong>s\u00e1bado 14 de julio<\/strong>, de 65\u20ac, tambi\u00e9n podr\u00e1s estar en los conciertos de <a href=\"https:\/\/www.cruillabarcelona.com\/es\/artists\/david-byrne\/\" target=\"_blank\" rel=\"noopener\"><strong>David Byrne<\/strong><\/a>, <a href=\"https:\/\/www.cruillabarcelona.com\/es\/artists\/justice\/\" target=\"_blank\" rel=\"noopener\"><strong>Justice<\/strong><\/a> y <a href=\"https:\/\/www.cruillabarcelona.com\/es\/artists\/soja\/\" target=\"_blank\" rel=\"noopener\"><strong>SOJA<\/strong><\/a>, entre otros.<\/p>\n<p><em><strong>\u00bfYa conoces todos los artistas del Cru\u00eflla?<\/strong> \u00c9chale un ojo al cartel del festival y busca los que te gusten. Escoge tu experiencia comprando una entrada de d\u00eda o, si no tienes suficiente, uno de los abonos.<\/em><\/p>\n<p><a href=\"https:\/\/www.cruillabarcelona.com\/es\/producto\/entrada-14-de-julio\/\" target=\"_blank\" rel=\"noopener\"><img decoding=\"async\" class=\"size-full wp-image-11061 aligncenter\" src=\"https:\/\/www.cruillabarcelona.com\/wp-content\/uploads\/2018\/05\/Mesa-de-trabajo-1-copia-33@600x-100.jpg\" alt=\"\" \/><\/a><\/p>\n<p><a href=\"https:\/\/www.cruillabarcelona.com\/es\/producto\/abono-2-dias-cruilla-2018\/\" target=\"_blank\" rel=\"noopener\"><img decoding=\"async\" class=\"size-full wp-image-11052 aligncenter\" src=\"https:\/\/www.cruillabarcelona.com\/wp-content\/uploads\/2018\/05\/Mesa-de-trabajo-1-copia-24@600x-100.jpg\" alt=\"\" \/><\/a><\/p>\n<p><a href=\"https:\/\/www.cruillabarcelona.com\/es\/producto\/abono-3-dias-cruilla-2018\/\" target=\"_blank\" rel=\"noopener\"><img decoding=\"async\" class=\"size-full wp-image-11049 aligncenter\" src=\"https:\/\/www.cruillabarcelona.com\/wp-content\/uploads\/2018\/05\/Mesa-de-trabajo-1-copia-21@600x-100.jpg\" alt=\"\" \/><\/a><\/p>\n<p><img loading=\"lazy\" decoding=\"async\" class=\"wp-image-10926 aligncenter\" src=\"https:\/\/www.cruillabarcelona.com\/wp-content\/uploads\/2018\/05\/Cartell-dies-CastVertNOU.jpg\" alt=\"\" width=\"530\" height=\"748\" \/><\/p>\n","protected":false},"excerpt":{"rendered":"Fieles al hip hop. Fieles al soul. Fieles a sus ra\u00edces. The Roots es uno de los grupos m\u00e1s representativos de la m\u00fasica negra norteamericana. Tanto en sus or\u00edgenes como en su evoluci\u00f3n. Nos gusta tenerlos en el Cru\u00eflla porque son igual de aut\u00e9nticos ahora que cuando nacieron, en los 90. The Roots no cantan&#8230; <a class=\"view-article\" href=\"https:\/\/www.cruillabarcelona.com\/en\/the-roots\/\">View Article<\/a>","protected":false},"author":2,"featured_media":0,"parent":0,"menu_order":0,"comment_status":"closed","ping_status":"closed","template":"page-templates\/page-landing.php","meta":{"_acf_changed":false,"footnotes":""},"class_list":["post-15847","page","type-page","status-publish","hentry"],"acf":[],"yoast_head":"<!-- This site is optimized with the Yoast SEO plugin v27.3 - https:\/\/yoast.com\/product\/yoast-seo-wordpress\/ -->\n<title>The Roots - Festival Cru\u00eflla<\/title>\n<meta name=\"robots\" content=\"index, follow, max-snippet:-1, max-image-preview:large, max-video-preview:-1\" \/>\n<link rel=\"canonical\" href=\"https:\/\/www.cruillabarcelona.com\/en\/the-roots\/\" \/>\n<meta property=\"og:locale\" content=\"en_US\" \/>\n<meta property=\"og:type\" content=\"article\" \/>\n<meta property=\"og:title\" content=\"The Roots - Festival Cru\u00eflla\" \/>\n<meta property=\"og:description\" content=\"Fieles al hip hop. Fieles al soul. Fieles a sus ra\u00edces. The Roots es uno de los grupos m\u00e1s representativos de la m\u00fasica negra norteamericana. Tanto en sus or\u00edgenes como en su evoluci\u00f3n. Nos gusta tenerlos en el Cru\u00eflla porque son igual de aut\u00e9nticos ahora que cuando nacieron, en los 90. The Roots no cantan... View Article\" \/>\n<meta property=\"og:url\" content=\"https:\/\/www.cruillabarcelona.com\/en\/the-roots\/\" \/>\n<meta property=\"og:site_name\" content=\"Festival Cru\u00eflla\" \/>\n<meta property=\"og:image\" content=\"https:\/\/www.cruillabarcelona.com\/wp-content\/uploads\/2018\/05\/Mesa-de-trabajo-1-copia-33@600x-100.jpg\" \/>\n<meta name=\"twitter:card\" content=\"summary_large_image\" \/>\n<meta name=\"twitter:label1\" content=\"Est. reading time\" \/>\n\t<meta name=\"twitter:data1\" content=\"1 minute\" \/>\n<script type=\"application\/ld+json\" class=\"yoast-schema-graph\">{\"@context\":\"https:\\\/\\\/schema.org\",\"@graph\":[{\"@type\":\"WebPage\",\"@id\":\"https:\\\/\\\/www.cruillabarcelona.com\\\/en\\\/the-roots\\\/\",\"url\":\"https:\\\/\\\/www.cruillabarcelona.com\\\/en\\\/the-roots\\\/\",\"name\":\"The Roots - Festival Cru\u00eflla\",\"isPartOf\":{\"@id\":\"https:\\\/\\\/www.cruillabarcelona.com\\\/en\\\/#website\"},\"primaryImageOfPage\":{\"@id\":\"https:\\\/\\\/www.cruillabarcelona.com\\\/en\\\/the-roots\\\/#primaryimage\"},\"image\":{\"@id\":\"https:\\\/\\\/www.cruillabarcelona.com\\\/en\\\/the-roots\\\/#primaryimage\"},\"thumbnailUrl\":\"https:\\\/\\\/www.cruillabarcelona.com\\\/wp-content\\\/uploads\\\/2018\\\/05\\\/Mesa-de-trabajo-1-copia-33@600x-100.jpg\",\"datePublished\":\"2018-06-18T13:38:55+00:00\",\"breadcrumb\":{\"@id\":\"https:\\\/\\\/www.cruillabarcelona.com\\\/en\\\/the-roots\\\/#breadcrumb\"},\"inLanguage\":\"en-US\",\"potentialAction\":[{\"@type\":\"ReadAction\",\"target\":[\"https:\\\/\\\/www.cruillabarcelona.com\\\/en\\\/the-roots\\\/\"]}]},{\"@type\":\"ImageObject\",\"inLanguage\":\"en-US\",\"@id\":\"https:\\\/\\\/www.cruillabarcelona.com\\\/en\\\/the-roots\\\/#primaryimage\",\"url\":\"https:\\\/\\\/www.cruillabarcelona.com\\\/wp-content\\\/uploads\\\/2018\\\/05\\\/Mesa-de-trabajo-1-copia-33@600x-100.jpg\",\"contentUrl\":\"https:\\\/\\\/www.cruillabarcelona.com\\\/wp-content\\\/uploads\\\/2018\\\/05\\\/Mesa-de-trabajo-1-copia-33@600x-100.jpg\"},{\"@type\":\"BreadcrumbList\",\"@id\":\"https:\\\/\\\/www.cruillabarcelona.com\\\/en\\\/the-roots\\\/#breadcrumb\",\"itemListElement\":[{\"@type\":\"ListItem\",\"position\":1,\"name\":\"Home\",\"item\":\"https:\\\/\\\/www.cruillabarcelona.com\\\/en\\\/\"},{\"@type\":\"ListItem\",\"position\":2,\"name\":\"The Roots\"}]},{\"@type\":\"WebSite\",\"@id\":\"https:\\\/\\\/www.cruillabarcelona.com\\\/en\\\/#website\",\"url\":\"https:\\\/\\\/www.cruillabarcelona.com\\\/en\\\/\",\"name\":\"Festival Cru\u00eflla\",\"description\":\"\",\"potentialAction\":[{\"@type\":\"SearchAction\",\"target\":{\"@type\":\"EntryPoint\",\"urlTemplate\":\"https:\\\/\\\/www.cruillabarcelona.com\\\/en\\\/?s={search_term_string}\"},\"query-input\":{\"@type\":\"PropertyValueSpecification\",\"valueRequired\":true,\"valueName\":\"search_term_string\"}}],\"inLanguage\":\"en-US\"}]}<\/script>\n<!-- \/ Yoast SEO plugin. -->","yoast_head_json":{"title":"The Roots - Festival Cru\u00eflla","robots":{"index":"index","follow":"follow","max-snippet":"max-snippet:-1","max-image-preview":"max-image-preview:large","max-video-preview":"max-video-preview:-1"},"canonical":"https:\/\/www.cruillabarcelona.com\/en\/the-roots\/","og_locale":"en_US","og_type":"article","og_title":"The Roots - Festival Cru\u00eflla","og_description":"Fieles al hip hop. Fieles al soul. Fieles a sus ra\u00edces. The Roots es uno de los grupos m\u00e1s representativos de la m\u00fasica negra norteamericana. Tanto en sus or\u00edgenes como en su evoluci\u00f3n. Nos gusta tenerlos en el Cru\u00eflla porque son igual de aut\u00e9nticos ahora que cuando nacieron, en los 90. The Roots no cantan... View Article","og_url":"https:\/\/www.cruillabarcelona.com\/en\/the-roots\/","og_site_name":"Festival Cru\u00eflla","og_image":[{"url":"https:\/\/www.cruillabarcelona.com\/wp-content\/uploads\/2018\/05\/Mesa-de-trabajo-1-copia-33@600x-100.jpg","type":"","width":"","height":""}],"twitter_card":"summary_large_image","twitter_misc":{"Est. reading time":"1 minute"},"schema":{"@context":"https:\/\/schema.org","@graph":[{"@type":"WebPage","@id":"https:\/\/www.cruillabarcelona.com\/en\/the-roots\/","url":"https:\/\/www.cruillabarcelona.com\/en\/the-roots\/","name":"The Roots - Festival Cru\u00eflla","isPartOf":{"@id":"https:\/\/www.cruillabarcelona.com\/en\/#website"},"primaryImageOfPage":{"@id":"https:\/\/www.cruillabarcelona.com\/en\/the-roots\/#primaryimage"},"image":{"@id":"https:\/\/www.cruillabarcelona.com\/en\/the-roots\/#primaryimage"},"thumbnailUrl":"https:\/\/www.cruillabarcelona.com\/wp-content\/uploads\/2018\/05\/Mesa-de-trabajo-1-copia-33@600x-100.jpg","datePublished":"2018-06-18T13:38:55+00:00","breadcrumb":{"@id":"https:\/\/www.cruillabarcelona.com\/en\/the-roots\/#breadcrumb"},"inLanguage":"en-US","potentialAction":[{"@type":"ReadAction","target":["https:\/\/www.cruillabarcelona.com\/en\/the-roots\/"]}]},{"@type":"ImageObject","inLanguage":"en-US","@id":"https:\/\/www.cruillabarcelona.com\/en\/the-roots\/#primaryimage","url":"https:\/\/www.cruillabarcelona.com\/wp-content\/uploads\/2018\/05\/Mesa-de-trabajo-1-copia-33@600x-100.jpg","contentUrl":"https:\/\/www.cruillabarcelona.com\/wp-content\/uploads\/2018\/05\/Mesa-de-trabajo-1-copia-33@600x-100.jpg"},{"@type":"BreadcrumbList","@id":"https:\/\/www.cruillabarcelona.com\/en\/the-roots\/#breadcrumb","itemListElement":[{"@type":"ListItem","position":1,"name":"Home","item":"https:\/\/www.cruillabarcelona.com\/en\/"},{"@type":"ListItem","position":2,"name":"The Roots"}]},{"@type":"WebSite","@id":"https:\/\/www.cruillabarcelona.com\/en\/#website","url":"https:\/\/www.cruillabarcelona.com\/en\/","name":"Festival Cru\u00eflla","description":"","potentialAction":[{"@type":"SearchAction","target":{"@type":"EntryPoint","urlTemplate":"https:\/\/www.cruillabarcelona.com\/en\/?s={search_term_string}"},"query-input":{"@type":"PropertyValueSpecification","valueRequired":true,"valueName":"search_term_string"}}],"inLanguage":"en-US"}]}},"_links":{"self":[{"href":"https:\/\/www.cruillabarcelona.com\/en\/wp-json\/wp\/v2\/pages\/15847","targetHints":{"allow":["GET"]}}],"collection":[{"href":"https:\/\/www.cruillabarcelona.com\/en\/wp-json\/wp\/v2\/pages"}],"about":[{"href":"https:\/\/www.cruillabarcelona.com\/en\/wp-json\/wp\/v2\/types\/page"}],"author":[{"embeddable":true,"href":"https:\/\/www.cruillabarcelona.com\/en\/wp-json\/wp\/v2\/users\/2"}],"replies":[{"embeddable":true,"href":"https:\/\/www.cruillabarcelona.com\/en\/wp-json\/wp\/v2\/comments?post=15847"}],"version-history":[{"count":0,"href":"https:\/\/www.cruillabarcelona.com\/en\/wp-json\/wp\/v2\/pages\/15847\/revisions"}],"wp:attachment":[{"href":"https:\/\/www.cruillabarcelona.com\/en\/wp-json\/wp\/v2\/media?parent=15847"}],"curies":[{"name":"wp","href":"https:\/\/api.w.org\/{rel}","templated":true}]}}