{"id":49232,"date":"2023-06-27T13:58:09","date_gmt":"2023-06-27T11:58:09","guid":{"rendered":"https:\/\/www.cruillabarcelona.com\/?page_id=49232"},"modified":"2024-06-27T11:18:58","modified_gmt":"2024-06-27T09:18:58","slug":"compromis-social","status":"publish","type":"page","link":"https:\/\/www.cruillabarcelona.com\/en\/compromis-social\/","title":{"rendered":"Comprom\u00eds Social"},"content":{"rendered":"<p>Cru\u00eflla\u2019s audience is as diverse as its line-up, that\u2019s why we are committed to respond to all their needs and\u00a0<strong>make it accessible<\/strong>\u00a0to all kinds of realities.<\/p>\n<p>Here we tell you about all the actions we carried out as a festival to make it a space that<strong>\u00a0invites reflection, nourishes the critical spirit, is open to everyone<\/strong>\u00a0and makes everyone who is part of it feel at home.<\/p>\n<h2 style=\"text-align: center;\">THE FIGHT FOR ACCESS TO WATER<\/h2>\n<p>Water is life, we make it flow and reach the Gaza Strip.<\/p>\n<p>The\u00a0<strong>water scarcity<\/strong>\u00a0we are facing, here and globally, aggravated by the<strong>\u00a0climate crisis<\/strong>\u00a0is an issue of concern. One in four people do not have access to clean water, leading to disease, hunger, conflict over resources and forced displacement. We want to do our bit to remedy this situation together with\u00a0<a class=\"ql-link\" href=\"https:\/\/www.oxfamintermon.org\/es?_gl=1*1nqx4oy*_up*MQ..&amp;gclid=Cj0KCQjwjLGyBhCYARIsAPqTz1-JMFDw1BZ0c4My9XaUIIiPB0hylTdj_y0MDnVIfF4DZek8r4plE2oaAuWJEALw_wcB\" target=\"_blank\" rel=\"noopener noreferrer\">Oxfam Interm\u00f3n<\/a>, in order to provide immediate and long-term solutions to bring water to where it is most needed.<\/p>\n<p>As in the case of the Gaza Strip, where the shortage of drinking water has become an\u00a0<strong>urgent problem<\/strong>\u00a0that cannot be ignored. Oxfam Interm\u00f3n has already reached 120,000 people with water and hygiene products, but many more are needed. Therefore, this year the\u00a0<strong>donations<\/strong>\u00a0collected from ticket sales and cashless wristbands will be used to contribute to the installation of solar-powered water desalination plants that provide clean, uncontaminated water.<\/p>\n<p>Poverty has a solution and access to water is a crucial step to fight it.<strong>\u00a0It is necessary. It is vital.<\/strong>\u00a0More clear, water.<\/p>\n<p><img loading=\"lazy\" decoding=\"async\" class=\"aligncenter wp-image-49590 size-large\" src=\"https:\/\/www.cruillabarcelona.com\/wp-content\/uploads\/2023\/06\/2022-07-06-AMBIENT-_41A7076_PhotoXaviTorrent-4-1-1024x683.jpg\" alt=\"\" width=\"900\" height=\"600\" srcset=\"https:\/\/www.cruillabarcelona.com\/wp-content\/uploads\/2023\/06\/2022-07-06-AMBIENT-_41A7076_PhotoXaviTorrent-4-1-1024x683.jpg 1024w, https:\/\/www.cruillabarcelona.com\/wp-content\/uploads\/2023\/06\/2022-07-06-AMBIENT-_41A7076_PhotoXaviTorrent-4-1-768x512.jpg 768w, https:\/\/www.cruillabarcelona.com\/wp-content\/uploads\/2023\/06\/2022-07-06-AMBIENT-_41A7076_PhotoXaviTorrent-4-1-1536x1024.jpg 1536w, https:\/\/www.cruillabarcelona.com\/wp-content\/uploads\/2023\/06\/2022-07-06-AMBIENT-_41A7076_PhotoXaviTorrent-4-1-2048x1366.jpg 2048w, https:\/\/www.cruillabarcelona.com\/wp-content\/uploads\/2023\/06\/2022-07-06-AMBIENT-_41A7076_PhotoXaviTorrent-4-1-300x200.jpg 300w, https:\/\/www.cruillabarcelona.com\/wp-content\/uploads\/2023\/06\/2022-07-06-AMBIENT-_41A7076_PhotoXaviTorrent-4-1-1500x1000.jpg 1500w\" sizes=\"auto, (max-width: 900px) 100vw, 900px\" \/><\/p>\n<h2 style=\"text-align: center;\">ESPAI TRANSFORMA\u2019T<\/h2>\n<p>For the second consecutive year, the\u00a0<strong>Espai Transforma\u2019t<\/strong>, coordinated by the\u00a0<strong>Ag\u00e8ncia Catalana de Cooperaci\u00f3 al Desenvolupament<\/strong>\u00a0of the\u00a0<strong>Government of Catalonia<\/strong>, returns to the Festival Cru\u00eflla. A space that aims to be a meeting point for different entities and NGOs that are committed to social change. It aims to be a place for reflection on the situation in the world, inequalities, injustices and the structural causes that provoke them, and to generate critical awareness in the festival audience, in a playful and positive way.<\/p>\n<p><img loading=\"lazy\" decoding=\"async\" class=\"aligncenter wp-image-51989 size-large\" src=\"https:\/\/www.cruillabarcelona.com\/wp-content\/uploads\/2024\/03\/AMBIENT_230707_PhotoGiselaJane_GISJ6234-1-1024x682.jpg\" alt=\"\" width=\"900\" height=\"599\" srcset=\"https:\/\/www.cruillabarcelona.com\/wp-content\/uploads\/2024\/03\/AMBIENT_230707_PhotoGiselaJane_GISJ6234-1-1024x682.jpg 1024w, https:\/\/www.cruillabarcelona.com\/wp-content\/uploads\/2024\/03\/AMBIENT_230707_PhotoGiselaJane_GISJ6234-1-768x512.jpg 768w, https:\/\/www.cruillabarcelona.com\/wp-content\/uploads\/2024\/03\/AMBIENT_230707_PhotoGiselaJane_GISJ6234-1-1536x1024.jpg 1536w, https:\/\/www.cruillabarcelona.com\/wp-content\/uploads\/2024\/03\/AMBIENT_230707_PhotoGiselaJane_GISJ6234-1-300x200.jpg 300w, https:\/\/www.cruillabarcelona.com\/wp-content\/uploads\/2024\/03\/AMBIENT_230707_PhotoGiselaJane_GISJ6234-1-1500x1000.jpg 1500w, https:\/\/www.cruillabarcelona.com\/wp-content\/uploads\/2024\/03\/AMBIENT_230707_PhotoGiselaJane_GISJ6234-1.jpg 2030w\" sizes=\"auto, (max-width: 900px) 100vw, 900px\" \/><\/p>\n<h2 style=\"text-align: center;\">A CRU\u00cfLLA FOR EVERYONE<\/h2>\n<p>We want to create a\u00a0<strong>comfortable, safe, civic and respectful space<\/strong>\u00a0for the attendees. And a space is not safe if half of the attendees do not feel safe.<\/p>\n<p>To\u00a0<strong>prevent and deal with any aggression or sexist behaviour<\/strong>, year after year we have a Violet Point present in a visible space inside the venue and also qualified itinerant professionals during the four days of the festival.<\/p>\n<p>This year we are collaborating with\u00a0<strong>ARANA Feminista<\/strong>, a collaborative feminist project made up of professionals specialized in gender, psychopedagogy and social intervention. The professionals work by distributing informative material, encouraging debate and critical thinking through participatory dynamics, and detecting and attending to situations of violence, providing psychological support and activating the relevant protocols. In addition, we are still added to Barcelona City Council&#8217;s No Callem protocol.<\/p>\n<p>Nor will we tolerate any LGTBIQphobic, racist, ableist or any other attitude that threatens the safety, well-being and rights of those attending the festival.<\/p>\n<p><img loading=\"lazy\" decoding=\"async\" class=\"aligncenter wp-image-53726 size-large\" src=\"https:\/\/www.cruillabarcelona.com\/wp-content\/uploads\/2024\/06\/2022-07-06_AMBIENT_PhotoChristianBertrand-100-1-1024x683.jpg\" alt=\"\" width=\"900\" height=\"600\" srcset=\"https:\/\/www.cruillabarcelona.com\/wp-content\/uploads\/2024\/06\/2022-07-06_AMBIENT_PhotoChristianBertrand-100-1-1024x683.jpg 1024w, https:\/\/www.cruillabarcelona.com\/wp-content\/uploads\/2024\/06\/2022-07-06_AMBIENT_PhotoChristianBertrand-100-1-768x512.jpg 768w, https:\/\/www.cruillabarcelona.com\/wp-content\/uploads\/2024\/06\/2022-07-06_AMBIENT_PhotoChristianBertrand-100-1-1536x1024.jpg 1536w, https:\/\/www.cruillabarcelona.com\/wp-content\/uploads\/2024\/06\/2022-07-06_AMBIENT_PhotoChristianBertrand-100-1-2048x1365.jpg 2048w, https:\/\/www.cruillabarcelona.com\/wp-content\/uploads\/2024\/06\/2022-07-06_AMBIENT_PhotoChristianBertrand-100-1-300x200.jpg 300w, https:\/\/www.cruillabarcelona.com\/wp-content\/uploads\/2024\/06\/2022-07-06_AMBIENT_PhotoChristianBertrand-100-1-1500x1000.jpg 1500w\" sizes=\"auto, (max-width: 900px) 100vw, 900px\" \/><\/p>\n<p>This year we are collaborating with\u00a0<strong>EnBucle<\/strong>\u00a0to facilitate access to live music for people with different degrees of deafness. During the concerts of\u00a0<strong>Malm\u00f6 040, Shinova and Selah Sue<\/strong>\u00a0on Friday 12 July and\u00a0<strong>Ginest\u00e0, Marala and Peter Fox\u00a0<\/strong>on Saturday 13 July, all held at the Vueling Stage, 15 magnetic loops and 15 vibrating backpacks will be offered.<\/p>\n<p>The\u00a0<strong>magnetic loop<\/strong>\u00a0allows sound to be delivered directly to the wearer&#8217;s cochlear implant or T-position hearing aid by eliminating ambient noise, while the\u00a0<strong>vibrating backpacks<\/strong>\u00a0connect to an audio transmission system and, as the name suggests, they vibrate to the rhythm of the music allowing the person to experience it in a more tangible and sensory way.<\/p>\n<p>In addition, we will have<strong>\u00a0plugs for hearing protection<\/strong>\u00a0for all people who need it. They can be obtained at the ticket offices before access.<\/p>\n<p>On the other hand, the festival venue also has\u00a0<strong>areas adapted for people with reduced mobility<\/strong>\u00a0on all stages, with good visibility over the artists, and a fast access lane so that they can access the festival comfortably.<\/p>\n<p><img loading=\"lazy\" decoding=\"async\" class=\"aligncenter wp-image-53729 size-large\" src=\"https:\/\/www.cruillabarcelona.com\/wp-content\/uploads\/2024\/06\/AMBIENT_230706_PhotoChristianBertrand-171-1-1024x682.jpg\" alt=\"\" width=\"900\" height=\"599\" srcset=\"https:\/\/www.cruillabarcelona.com\/wp-content\/uploads\/2024\/06\/AMBIENT_230706_PhotoChristianBertrand-171-1-1024x682.jpg 1024w, https:\/\/www.cruillabarcelona.com\/wp-content\/uploads\/2024\/06\/AMBIENT_230706_PhotoChristianBertrand-171-1-768x512.jpg 768w, https:\/\/www.cruillabarcelona.com\/wp-content\/uploads\/2024\/06\/AMBIENT_230706_PhotoChristianBertrand-171-1-1536x1024.jpg 1536w, https:\/\/www.cruillabarcelona.com\/wp-content\/uploads\/2024\/06\/AMBIENT_230706_PhotoChristianBertrand-171-1-300x200.jpg 300w, https:\/\/www.cruillabarcelona.com\/wp-content\/uploads\/2024\/06\/AMBIENT_230706_PhotoChristianBertrand-171-1-1500x1000.jpg 1500w, https:\/\/www.cruillabarcelona.com\/wp-content\/uploads\/2024\/06\/AMBIENT_230706_PhotoChristianBertrand-171-1.jpg 1922w\" sizes=\"auto, (max-width: 900px) 100vw, 900px\" \/><\/p>\n<p>This year we will collaborate again with\u00a0<strong>Catering Social Mesclad\u00eds<\/strong>, a non-profit organization that wants to contribute to a horizon of social cohesion in Barcelona, \u200b\u200bfor an enriching coexistence between cultures, with guaranteed rights and opportunities for all and all. Thus, it promotes opportunities for people who find it difficult to access a job, many of them migrants who see their citizenship rights, such as the right to work, denied.<\/p>\n<p>The organization will offer its\u00a0<strong>catering services<\/strong>\u00a0to festival workers during the days of its assembly and celebration. The catering will be based on a model of social and environmental sustainability.<\/p>\n<p>We want music to reach everyone and be for everyone. For this reason, all Cru\u00eflla projects are accessible to groups at risk of vulnerability and social exclusion with the collaboration of\u00a0<strong>Apropa Cultura<\/strong>, and the\u00a0Festival\u00a0Cru\u00eflla 2024 will not be an exception: this year we are offering up to 900 tickets to a reduced price for members of these groups.<\/p>\n<p>Also we offer\u00a0<strong>discounts<\/strong>\u00a0for\u00a0<strong>people with disabilities<\/strong>\u00a0and for their companion if the certificate specifies it and for\u00a0<strong>unemployed people<\/strong>, facilitating access to culture as an essential good and not as a luxury.<\/p>\n<p style=\"text-align: center;\"><strong>For us, social commitment is not just another branch of the festival: it is its root.<\/strong><\/p>\n<p style=\"text-align: center;\"><strong>We believe that big events have to tend towards the Cru\u00eflla model. A model of medium-sized festivals, aimed at local audiences, committed to the territory, citizens and the environment.<\/strong><\/p>\n","protected":false},"excerpt":{"rendered":"Cru\u00eflla\u2019s audience is as diverse as its line-up, that\u2019s why we are committed to respond to all their needs and\u00a0make it accessible\u00a0to all kinds of realities. Here we tell you about all the actions we carried out as a festival to make it a space that\u00a0invites reflection, nourishes the critical spirit, is open to everyone\u00a0and&#8230; <a class=\"view-article\" href=\"https:\/\/www.cruillabarcelona.com\/en\/compromis-social\/\">View Article<\/a>","protected":false},"author":7,"featured_media":53734,"parent":0,"menu_order":0,"comment_status":"closed","ping_status":"closed","template":"page-templates\/page-landing.php","meta":{"_acf_changed":false,"footnotes":""},"class_list":["post-49232","page","type-page","status-publish","has-post-thumbnail","hentry"],"acf":[],"yoast_head":"<!-- This site is optimized with the Yoast SEO plugin v27.3 - https:\/\/yoast.com\/product\/yoast-seo-wordpress\/ -->\n<title>Comprom\u00eds Social - Festival Cru\u00eflla<\/title>\n<meta name=\"robots\" content=\"index, follow, max-snippet:-1, max-image-preview:large, max-video-preview:-1\" \/>\n<link rel=\"canonical\" href=\"https:\/\/www.cruillabarcelona.com\/en\/compromis-social\/\" \/>\n<meta property=\"og:locale\" content=\"en_US\" \/>\n<meta property=\"og:type\" content=\"article\" \/>\n<meta property=\"og:title\" content=\"Comprom\u00eds Social - Festival Cru\u00eflla\" \/>\n<meta property=\"og:description\" content=\"Cru\u00eflla\u2019s audience is as diverse as its line-up, that\u2019s why we are committed to respond to all their needs and\u00a0make it accessible\u00a0to all kinds of realities. Here we tell you about all the actions we carried out as a festival to make it a space that\u00a0invites reflection, nourishes the critical spirit, is open to everyone\u00a0and... View Article\" \/>\n<meta property=\"og:url\" content=\"https:\/\/www.cruillabarcelona.com\/en\/compromis-social\/\" \/>\n<meta property=\"og:site_name\" content=\"Festival Cru\u00eflla\" \/>\n<meta property=\"article:modified_time\" content=\"2024-06-27T09:18:58+00:00\" \/>\n<meta property=\"og:image\" content=\"https:\/\/www.cruillabarcelona.com\/wp-content\/uploads\/2024\/06\/WebLanding_CE24_CompromisSocial_EN.jpg\" \/>\n\t<meta property=\"og:image:width\" content=\"1500\" \/>\n\t<meta property=\"og:image:height\" content=\"500\" \/>\n\t<meta property=\"og:image:type\" content=\"image\/jpeg\" \/>\n<meta name=\"twitter:card\" content=\"summary_large_image\" \/>\n<meta name=\"twitter:label1\" content=\"Est. reading time\" \/>\n\t<meta name=\"twitter:data1\" content=\"7 minutes\" \/>\n<script type=\"application\/ld+json\" class=\"yoast-schema-graph\">{\"@context\":\"https:\\\/\\\/schema.org\",\"@graph\":[{\"@type\":\"WebPage\",\"@id\":\"https:\\\/\\\/www.cruillabarcelona.com\\\/en\\\/compromis-social\\\/\",\"url\":\"https:\\\/\\\/www.cruillabarcelona.com\\\/en\\\/compromis-social\\\/\",\"name\":\"Comprom\u00eds Social - Festival Cru\u00eflla\",\"isPartOf\":{\"@id\":\"https:\\\/\\\/www.cruillabarcelona.com\\\/en\\\/#website\"},\"primaryImageOfPage\":{\"@id\":\"https:\\\/\\\/www.cruillabarcelona.com\\\/en\\\/compromis-social\\\/#primaryimage\"},\"image\":{\"@id\":\"https:\\\/\\\/www.cruillabarcelona.com\\\/en\\\/compromis-social\\\/#primaryimage\"},\"thumbnailUrl\":\"https:\\\/\\\/www.cruillabarcelona.com\\\/wp-content\\\/uploads\\\/2024\\\/06\\\/WebLanding_CE24_CompromisSocial_EN.jpg\",\"datePublished\":\"2023-06-27T11:58:09+00:00\",\"dateModified\":\"2024-06-27T09:18:58+00:00\",\"breadcrumb\":{\"@id\":\"https:\\\/\\\/www.cruillabarcelona.com\\\/en\\\/compromis-social\\\/#breadcrumb\"},\"inLanguage\":\"en-US\",\"potentialAction\":[{\"@type\":\"ReadAction\",\"target\":[\"https:\\\/\\\/www.cruillabarcelona.com\\\/en\\\/compromis-social\\\/\"]}]},{\"@type\":\"ImageObject\",\"inLanguage\":\"en-US\",\"@id\":\"https:\\\/\\\/www.cruillabarcelona.com\\\/en\\\/compromis-social\\\/#primaryimage\",\"url\":\"https:\\\/\\\/www.cruillabarcelona.com\\\/wp-content\\\/uploads\\\/2024\\\/06\\\/WebLanding_CE24_CompromisSocial_EN.jpg\",\"contentUrl\":\"https:\\\/\\\/www.cruillabarcelona.com\\\/wp-content\\\/uploads\\\/2024\\\/06\\\/WebLanding_CE24_CompromisSocial_EN.jpg\",\"width\":1500,\"height\":500},{\"@type\":\"BreadcrumbList\",\"@id\":\"https:\\\/\\\/www.cruillabarcelona.com\\\/en\\\/compromis-social\\\/#breadcrumb\",\"itemListElement\":[{\"@type\":\"ListItem\",\"position\":1,\"name\":\"Home\",\"item\":\"https:\\\/\\\/www.cruillabarcelona.com\\\/en\\\/\"},{\"@type\":\"ListItem\",\"position\":2,\"name\":\"Comprom\u00eds Social\"}]},{\"@type\":\"WebSite\",\"@id\":\"https:\\\/\\\/www.cruillabarcelona.com\\\/en\\\/#website\",\"url\":\"https:\\\/\\\/www.cruillabarcelona.com\\\/en\\\/\",\"name\":\"Festival Cru\u00eflla\",\"description\":\"\",\"potentialAction\":[{\"@type\":\"SearchAction\",\"target\":{\"@type\":\"EntryPoint\",\"urlTemplate\":\"https:\\\/\\\/www.cruillabarcelona.com\\\/en\\\/?s={search_term_string}\"},\"query-input\":{\"@type\":\"PropertyValueSpecification\",\"valueRequired\":true,\"valueName\":\"search_term_string\"}}],\"inLanguage\":\"en-US\"}]}<\/script>\n<!-- \/ Yoast SEO plugin. -->","yoast_head_json":{"title":"Comprom\u00eds Social - Festival Cru\u00eflla","robots":{"index":"index","follow":"follow","max-snippet":"max-snippet:-1","max-image-preview":"max-image-preview:large","max-video-preview":"max-video-preview:-1"},"canonical":"https:\/\/www.cruillabarcelona.com\/en\/compromis-social\/","og_locale":"en_US","og_type":"article","og_title":"Comprom\u00eds Social - Festival Cru\u00eflla","og_description":"Cru\u00eflla\u2019s audience is as diverse as its line-up, that\u2019s why we are committed to respond to all their needs and\u00a0make it accessible\u00a0to all kinds of realities. Here we tell you about all the actions we carried out as a festival to make it a space that\u00a0invites reflection, nourishes the critical spirit, is open to everyone\u00a0and... View Article","og_url":"https:\/\/www.cruillabarcelona.com\/en\/compromis-social\/","og_site_name":"Festival Cru\u00eflla","article_modified_time":"2024-06-27T09:18:58+00:00","og_image":[{"width":1500,"height":500,"url":"https:\/\/www.cruillabarcelona.com\/wp-content\/uploads\/2024\/06\/WebLanding_CE24_CompromisSocial_EN.jpg","type":"image\/jpeg"}],"twitter_card":"summary_large_image","twitter_misc":{"Est. reading time":"7 minutes"},"schema":{"@context":"https:\/\/schema.org","@graph":[{"@type":"WebPage","@id":"https:\/\/www.cruillabarcelona.com\/en\/compromis-social\/","url":"https:\/\/www.cruillabarcelona.com\/en\/compromis-social\/","name":"Comprom\u00eds Social - Festival Cru\u00eflla","isPartOf":{"@id":"https:\/\/www.cruillabarcelona.com\/en\/#website"},"primaryImageOfPage":{"@id":"https:\/\/www.cruillabarcelona.com\/en\/compromis-social\/#primaryimage"},"image":{"@id":"https:\/\/www.cruillabarcelona.com\/en\/compromis-social\/#primaryimage"},"thumbnailUrl":"https:\/\/www.cruillabarcelona.com\/wp-content\/uploads\/2024\/06\/WebLanding_CE24_CompromisSocial_EN.jpg","datePublished":"2023-06-27T11:58:09+00:00","dateModified":"2024-06-27T09:18:58+00:00","breadcrumb":{"@id":"https:\/\/www.cruillabarcelona.com\/en\/compromis-social\/#breadcrumb"},"inLanguage":"en-US","potentialAction":[{"@type":"ReadAction","target":["https:\/\/www.cruillabarcelona.com\/en\/compromis-social\/"]}]},{"@type":"ImageObject","inLanguage":"en-US","@id":"https:\/\/www.cruillabarcelona.com\/en\/compromis-social\/#primaryimage","url":"https:\/\/www.cruillabarcelona.com\/wp-content\/uploads\/2024\/06\/WebLanding_CE24_CompromisSocial_EN.jpg","contentUrl":"https:\/\/www.cruillabarcelona.com\/wp-content\/uploads\/2024\/06\/WebLanding_CE24_CompromisSocial_EN.jpg","width":1500,"height":500},{"@type":"BreadcrumbList","@id":"https:\/\/www.cruillabarcelona.com\/en\/compromis-social\/#breadcrumb","itemListElement":[{"@type":"ListItem","position":1,"name":"Home","item":"https:\/\/www.cruillabarcelona.com\/en\/"},{"@type":"ListItem","position":2,"name":"Comprom\u00eds Social"}]},{"@type":"WebSite","@id":"https:\/\/www.cruillabarcelona.com\/en\/#website","url":"https:\/\/www.cruillabarcelona.com\/en\/","name":"Festival Cru\u00eflla","description":"","potentialAction":[{"@type":"SearchAction","target":{"@type":"EntryPoint","urlTemplate":"https:\/\/www.cruillabarcelona.com\/en\/?s={search_term_string}"},"query-input":{"@type":"PropertyValueSpecification","valueRequired":true,"valueName":"search_term_string"}}],"inLanguage":"en-US"}]}},"_links":{"self":[{"href":"https:\/\/www.cruillabarcelona.com\/en\/wp-json\/wp\/v2\/pages\/49232","targetHints":{"allow":["GET"]}}],"collection":[{"href":"https:\/\/www.cruillabarcelona.com\/en\/wp-json\/wp\/v2\/pages"}],"about":[{"href":"https:\/\/www.cruillabarcelona.com\/en\/wp-json\/wp\/v2\/types\/page"}],"author":[{"embeddable":true,"href":"https:\/\/www.cruillabarcelona.com\/en\/wp-json\/wp\/v2\/users\/7"}],"replies":[{"embeddable":true,"href":"https:\/\/www.cruillabarcelona.com\/en\/wp-json\/wp\/v2\/comments?post=49232"}],"version-history":[{"count":5,"href":"https:\/\/www.cruillabarcelona.com\/en\/wp-json\/wp\/v2\/pages\/49232\/revisions"}],"predecessor-version":[{"id":54223,"href":"https:\/\/www.cruillabarcelona.com\/en\/wp-json\/wp\/v2\/pages\/49232\/revisions\/54223"}],"wp:featuredmedia":[{"embeddable":true,"href":"https:\/\/www.cruillabarcelona.com\/en\/wp-json\/wp\/v2\/media\/53734"}],"wp:attachment":[{"href":"https:\/\/www.cruillabarcelona.com\/en\/wp-json\/wp\/v2\/media?parent=49232"}],"curies":[{"name":"wp","href":"https:\/\/api.w.org\/{rel}","templated":true}]}}