{"id":5348,"date":"2017-06-01T09:47:21","date_gmt":"2017-06-01T09:47:21","guid":{"rendered":"https:\/\/www.cruillabarcelona.com\/?page_id=5348\/"},"modified":"2025-12-04T11:23:46","modified_gmt":"2025-12-04T09:23:46","slug":"premsa","status":"publish","type":"page","link":"https:\/\/www.cruillabarcelona.com\/en\/premsa\/","title":{"rendered":"Press"},"content":{"rendered":"<h2>Press accreditation forms<\/h2>\n<ul>\n<li><a href=\"https:\/\/forms.monday.com\/forms\/931da207e3a9795a15af1efe6884dddb?r=use1\">Acreditacions Cru\u00eflla Hivern 2026 form<\/a><\/li>\n<li><a href=\"https:\/\/forms.monday.com\/forms\/0091c8612f1f0668e436667c578cdce9?r=use1\">Acreditations other Cru\u00eflla Concerts 2025-2026 form<\/a><\/li>\n<\/ul>\n<div class=\"textarea-desti col-xs-12 col-sm-6\">\n<div class=\"form-control second-textarea\">For any doubts about the press accreditations you can contact to <a href=\"mailto:acreditacions.premsa@cruillabarcelona.com\" target=\"_blank\" rel=\"noopener\">acreditacions.premsa@<wbr \/>cruillabarcelona.com<\/a><\/div>\n<\/div>\n<p>&nbsp;<\/p>\n<p>&nbsp;<\/p>\n","protected":false},"excerpt":{"rendered":"Press accreditation forms Acreditacions Cru\u00eflla Hivern 2026 form Acreditations other Cru\u00eflla Concerts 2025-2026 form For any doubts about the press accreditations you can contact to acreditacions.premsa@cruillabarcelona.com &nbsp; &nbsp;","protected":false},"author":2,"featured_media":0,"parent":0,"menu_order":0,"comment_status":"closed","ping_status":"closed","template":"","meta":{"_acf_changed":false,"footnotes":""},"class_list":["post-5348","page","type-page","status-publish","hentry"],"acf":[],"yoast_head":"<!-- This site is optimized with the Yoast SEO plugin v27.3 - https:\/\/yoast.com\/product\/yoast-seo-wordpress\/ -->\n<title>Press - Festival Cru\u00eflla<\/title>\n<meta name=\"robots\" content=\"index, follow, max-snippet:-1, max-image-preview:large, max-video-preview:-1\" \/>\n<link rel=\"canonical\" href=\"https:\/\/www.cruillabarcelona.com\/en\/premsa\/\" \/>\n<meta property=\"og:locale\" content=\"en_US\" \/>\n<meta property=\"og:type\" content=\"article\" \/>\n<meta property=\"og:title\" content=\"Press - Festival Cru\u00eflla\" \/>\n<meta property=\"og:description\" content=\"Press accreditation forms Acreditacions Cru\u00eflla Hivern 2026 form Acreditations other Cru\u00eflla Concerts 2025-2026 form For any doubts about the press accreditations you can contact to acreditacions.premsa@cruillabarcelona.com &nbsp; &nbsp;\" \/>\n<meta property=\"og:url\" content=\"https:\/\/www.cruillabarcelona.com\/en\/premsa\/\" \/>\n<meta property=\"og:site_name\" content=\"Festival Cru\u00eflla\" \/>\n<meta property=\"article:modified_time\" content=\"2025-12-04T09:23:46+00:00\" \/>\n<meta name=\"twitter:card\" content=\"summary_large_image\" \/>\n<meta name=\"twitter:label1\" content=\"Est. reading time\" \/>\n\t<meta name=\"twitter:data1\" content=\"1 minute\" \/>\n<script type=\"application\/ld+json\" class=\"yoast-schema-graph\">{\"@context\":\"https:\\\/\\\/schema.org\",\"@graph\":[{\"@type\":\"WebPage\",\"@id\":\"https:\\\/\\\/www.cruillabarcelona.com\\\/en\\\/premsa\\\/\",\"url\":\"https:\\\/\\\/www.cruillabarcelona.com\\\/en\\\/premsa\\\/\",\"name\":\"Press - Festival Cru\u00eflla\",\"isPartOf\":{\"@id\":\"https:\\\/\\\/www.cruillabarcelona.com\\\/en\\\/#website\"},\"datePublished\":\"2017-06-01T09:47:21+00:00\",\"dateModified\":\"2025-12-04T09:23:46+00:00\",\"breadcrumb\":{\"@id\":\"https:\\\/\\\/www.cruillabarcelona.com\\\/en\\\/premsa\\\/#breadcrumb\"},\"inLanguage\":\"en-US\",\"potentialAction\":[{\"@type\":\"ReadAction\",\"target\":[\"https:\\\/\\\/www.cruillabarcelona.com\\\/en\\\/premsa\\\/\"]}]},{\"@type\":\"BreadcrumbList\",\"@id\":\"https:\\\/\\\/www.cruillabarcelona.com\\\/en\\\/premsa\\\/#breadcrumb\",\"itemListElement\":[{\"@type\":\"ListItem\",\"position\":1,\"name\":\"Home\",\"item\":\"https:\\\/\\\/www.cruillabarcelona.com\\\/en\\\/\"},{\"@type\":\"ListItem\",\"position\":2,\"name\":\"Press\"}]},{\"@type\":\"WebSite\",\"@id\":\"https:\\\/\\\/www.cruillabarcelona.com\\\/en\\\/#website\",\"url\":\"https:\\\/\\\/www.cruillabarcelona.com\\\/en\\\/\",\"name\":\"Festival Cru\u00eflla\",\"description\":\"\",\"potentialAction\":[{\"@type\":\"SearchAction\",\"target\":{\"@type\":\"EntryPoint\",\"urlTemplate\":\"https:\\\/\\\/www.cruillabarcelona.com\\\/en\\\/?s={search_term_string}\"},\"query-input\":{\"@type\":\"PropertyValueSpecification\",\"valueRequired\":true,\"valueName\":\"search_term_string\"}}],\"inLanguage\":\"en-US\"}]}<\/script>\n<!-- \/ Yoast SEO plugin. -->","yoast_head_json":{"title":"Press - Festival Cru\u00eflla","robots":{"index":"index","follow":"follow","max-snippet":"max-snippet:-1","max-image-preview":"max-image-preview:large","max-video-preview":"max-video-preview:-1"},"canonical":"https:\/\/www.cruillabarcelona.com\/en\/premsa\/","og_locale":"en_US","og_type":"article","og_title":"Press - Festival Cru\u00eflla","og_description":"Press accreditation forms Acreditacions Cru\u00eflla Hivern 2026 form Acreditations other Cru\u00eflla Concerts 2025-2026 form For any doubts about the press accreditations you can contact to acreditacions.premsa@cruillabarcelona.com &nbsp; &nbsp;","og_url":"https:\/\/www.cruillabarcelona.com\/en\/premsa\/","og_site_name":"Festival Cru\u00eflla","article_modified_time":"2025-12-04T09:23:46+00:00","twitter_card":"summary_large_image","twitter_misc":{"Est. reading time":"1 minute"},"schema":{"@context":"https:\/\/schema.org","@graph":[{"@type":"WebPage","@id":"https:\/\/www.cruillabarcelona.com\/en\/premsa\/","url":"https:\/\/www.cruillabarcelona.com\/en\/premsa\/","name":"Press - Festival Cru\u00eflla","isPartOf":{"@id":"https:\/\/www.cruillabarcelona.com\/en\/#website"},"datePublished":"2017-06-01T09:47:21+00:00","dateModified":"2025-12-04T09:23:46+00:00","breadcrumb":{"@id":"https:\/\/www.cruillabarcelona.com\/en\/premsa\/#breadcrumb"},"inLanguage":"en-US","potentialAction":[{"@type":"ReadAction","target":["https:\/\/www.cruillabarcelona.com\/en\/premsa\/"]}]},{"@type":"BreadcrumbList","@id":"https:\/\/www.cruillabarcelona.com\/en\/premsa\/#breadcrumb","itemListElement":[{"@type":"ListItem","position":1,"name":"Home","item":"https:\/\/www.cruillabarcelona.com\/en\/"},{"@type":"ListItem","position":2,"name":"Press"}]},{"@type":"WebSite","@id":"https:\/\/www.cruillabarcelona.com\/en\/#website","url":"https:\/\/www.cruillabarcelona.com\/en\/","name":"Festival Cru\u00eflla","description":"","potentialAction":[{"@type":"SearchAction","target":{"@type":"EntryPoint","urlTemplate":"https:\/\/www.cruillabarcelona.com\/en\/?s={search_term_string}"},"query-input":{"@type":"PropertyValueSpecification","valueRequired":true,"valueName":"search_term_string"}}],"inLanguage":"en-US"}]}},"_links":{"self":[{"href":"https:\/\/www.cruillabarcelona.com\/en\/wp-json\/wp\/v2\/pages\/5348","targetHints":{"allow":["GET"]}}],"collection":[{"href":"https:\/\/www.cruillabarcelona.com\/en\/wp-json\/wp\/v2\/pages"}],"about":[{"href":"https:\/\/www.cruillabarcelona.com\/en\/wp-json\/wp\/v2\/types\/page"}],"author":[{"embeddable":true,"href":"https:\/\/www.cruillabarcelona.com\/en\/wp-json\/wp\/v2\/users\/2"}],"replies":[{"embeddable":true,"href":"https:\/\/www.cruillabarcelona.com\/en\/wp-json\/wp\/v2\/comments?post=5348"}],"version-history":[{"count":5,"href":"https:\/\/www.cruillabarcelona.com\/en\/wp-json\/wp\/v2\/pages\/5348\/revisions"}],"predecessor-version":[{"id":61364,"href":"https:\/\/www.cruillabarcelona.com\/en\/wp-json\/wp\/v2\/pages\/5348\/revisions\/61364"}],"wp:attachment":[{"href":"https:\/\/www.cruillabarcelona.com\/en\/wp-json\/wp\/v2\/media?parent=5348"}],"curies":[{"name":"wp","href":"https:\/\/api.w.org\/{rel}","templated":true}]}}