{"id":56195,"date":"2025-02-06T14:09:16","date_gmt":"2025-02-06T12:09:16","guid":{"rendered":"https:\/\/www.cruillabarcelona.com\/?page_id=56195"},"modified":"2026-03-10T14:15:39","modified_gmt":"2026-03-10T12:15:39","slug":"dimecres-2026","status":"publish","type":"page","link":"https:\/\/www.cruillabarcelona.com\/en\/dimecres-2026\/","title":{"rendered":"Wednesday, July 9th &#8211; Festival Cru\u00eflla 2025"},"content":{"rendered":"<h2 style=\"text-align: center;\">POP TAKES OVER FESTIVAL CRU\u00cfLLA 2026<\/h2>\n<p class=\"monday-block-1\" contenteditable=\"true\" data-monday-block-type=\"1\" data-monday-block-content=\"[{&quot;attributes&quot;:{&quot;sanitizedSize&quot;:&quot;32px&quot;,&quot;color&quot;:&quot;#000000&quot;},&quot;insert&quot;:&quot;The opening day of &quot;},{&quot;attributes&quot;:{&quot;sanitizedSize&quot;:&quot;32px&quot;,&quot;color&quot;:&quot;#000000&quot;,&quot;bold&quot;:true},&quot;insert&quot;:&quot;Festival Cru\u00eflla 2026&quot;},{&quot;attributes&quot;:{&quot;sanitizedSize&quot;:&quot;32px&quot;,&quot;color&quot;:&quot;#000000&quot;},&quot;insert&quot;:&quot; arrives packed with must-see international talent. On\u00a0&quot;},{&quot;attributes&quot;:{&quot;color&quot;:&quot;#000000&quot;,&quot;bold&quot;:true},&quot;insert&quot;:&quot;Wednesday, July 8th&quot;},{&quot;attributes&quot;:{&quot;color&quot;:&quot;#000000&quot;,&quot;sanitizedSize&quot;:&quot;32px&quot;},&quot;insert&quot;:&quot;, Parc del F\u00f2rum will become the epicenter of pop.&quot;}]\" data-inline-monday=\"true\">The opening day of <strong>Festival Cru\u00eflla 2026<\/strong> arrives packed with must-see international talent. On\u00a0<strong>Wednesday, July 8th<\/strong>, Parc del F\u00f2rum will become the epicenter of pop.<\/p>\n<p><img loading=\"lazy\" decoding=\"async\" class=\"aligncenter wp-image-62444 \" src=\"https:\/\/www.cruillabarcelona.com\/wp-content\/uploads\/2026\/03\/Dimecres_EN.png\" alt=\"Landing wednesday 8th Cru\u00eflla Festival\" width=\"904\" height=\"452\" srcset=\"https:\/\/www.cruillabarcelona.com\/wp-content\/uploads\/2026\/03\/Dimecres_EN.png 1200w, https:\/\/www.cruillabarcelona.com\/wp-content\/uploads\/2026\/03\/Dimecres_EN-1024x512.png 1024w, https:\/\/www.cruillabarcelona.com\/wp-content\/uploads\/2026\/03\/Dimecres_EN-768x384.png 768w, https:\/\/www.cruillabarcelona.com\/wp-content\/uploads\/2026\/03\/Dimecres_EN-300x150.png 300w\" sizes=\"auto, (max-width: 904px) 100vw, 904px\" \/><\/p>\n<p style=\"text-align: center;\"><em><strong>Get your Wednesday ticket or your 4-day pass here!\u00a0<\/strong><\/em><\/p>\n<p style=\"text-align: center;\"><a class=\"button round    large\" href=\"https:\/\/tickets.oneboxtds.com\/cruilla\/select\/2556128?hl=ca-ES\"  target=\"_blank\"><i class=\"glyphicon fi-ticket\"><\/i> Wednesday ticket<\/a><\/p>\n<p style=\"text-align: center;\"><a class=\"button round    large\" href=\"https:\/\/tickets.oneboxtds.com\/cruilla\/select\/2556132?hl=ca-ES\"  target=\"_blank\"><i class=\"glyphicon fi-ticket\"><\/i> 4-day pass<\/a><\/p>\n<p style=\"text-align: center;\">If you are a group of 10 or more people, you can benefit from the <a href=\"https:\/\/www.cruillabarcelona.com\/en\/group-ticket\/\">Group Ticket<\/a> to get a 15% discount.<\/p>\n<p class=\"monday-block-1\" contenteditable=\"true\" data-monday-block-type=\"1\" data-monday-block-content=\"[{&quot;attributes&quot;:{&quot;sanitizedSize&quot;:&quot;32px&quot;,&quot;color&quot;:&quot;#000000&quot;},&quot;insert&quot;:&quot;Ten years after the iconic\u00a0&quot;},{&quot;attributes&quot;:{&quot;color&quot;:&quot;#000000&quot;,&quot;italic&quot;:true},&quot;insert&quot;:&quot;'Badlands'&quot;},{&quot;attributes&quot;:{&quot;color&quot;:&quot;#000000&quot;,&quot;sanitizedSize&quot;:&quot;32px&quot;},&quot;insert&quot;:&quot;\u00a0(2015),\u00a0&quot;},{&quot;attributes&quot;:{&quot;color&quot;:&quot;#000000&quot;,&quot;bold&quot;:true},&quot;insert&quot;:&quot;Halsey&quot;},{&quot;attributes&quot;:{&quot;color&quot;:&quot;#000000&quot;,&quot;sanitizedSize&quot;:&quot;32px&quot;},&quot;insert&quot;:&quot;\u00a0returns to Barcelona at her most groundbreaking moment. With over &quot;},{&quot;attributes&quot;:{&quot;color&quot;:&quot;#000000&quot;,&quot;sanitizedSize&quot;:&quot;32px&quot;,&quot;bold&quot;:true},&quot;insert&quot;:&quot;50 billion&quot;},{&quot;attributes&quot;:{&quot;color&quot;:&quot;#000000&quot;,&quot;sanitizedSize&quot;:&quot;32px&quot;},&quot;insert&quot;:&quot; streams and a sound that redefined alternative pop, the artist debuts a new musical era at &quot;},{&quot;attributes&quot;:{&quot;color&quot;:&quot;#000000&quot;,&quot;sanitizedSize&quot;:&quot;32px&quot;,&quot;bold&quot;:true},&quot;insert&quot;:&quot;Festival Cru\u00eflla&quot;},{&quot;attributes&quot;:{&quot;color&quot;:&quot;#000000&quot;,&quot;sanitizedSize&quot;:&quot;32px&quot;},&quot;insert&quot;:&quot;, &quot;},{&quot;attributes&quot;:{&quot;color&quot;:&quot;#000000&quot;},&quot;insert&quot;:&quot;while&quot;},{&quot;attributes&quot;:{&quot;color&quot;:&quot;#000000&quot;,&quot;sanitizedSize&quot;:&quot;32px&quot;},&quot;insert&quot;:&quot; &quot;},{&quot;attributes&quot;:{&quot;color&quot;:&quot;#000000&quot;},&quot;insert&quot;:&quot;still performing &quot;},{&quot;attributes&quot;:{&quot;color&quot;:&quot;#000000&quot;,&quot;sanitizedSize&quot;:&quot;32px&quot;},&quot;insert&quot;:&quot;hits like \\&quot;&quot;},{&quot;attributes&quot;:{&quot;color&quot;:&quot;#000000&quot;,&quot;sanitizedSize&quot;:&quot;32px&quot;,&quot;bold&quot;:true},&quot;insert&quot;:&quot;Colors&quot;},{&quot;attributes&quot;:{&quot;color&quot;:&quot;#000000&quot;,&quot;sanitizedSize&quot;:&quot;32px&quot;},&quot;insert&quot;:&quot;\\&quot; and \\&quot;&quot;},{&quot;attributes&quot;:{&quot;color&quot;:&quot;#000000&quot;,&quot;sanitizedSize&quot;:&quot;32px&quot;,&quot;bold&quot;:true},&quot;insert&quot;:&quot;Without Me.&quot;},{&quot;attributes&quot;:{&quot;color&quot;:&quot;#000000&quot;,&quot;sanitizedSize&quot;:&quot;32px&quot;},&quot;insert&quot;:&quot;\\&quot;&quot;}]\" data-inline-monday=\"true\">Ten years after the iconic\u00a0<em>&#8216;Badlands&#8217;<\/em>\u00a0(2015),\u00a0<strong>Halsey<\/strong>\u00a0returns to Barcelona at her most groundbreaking moment. With over <strong>50 billion<\/strong> streams and a sound that redefined alternative pop, the artist debuts a new musical era at <strong>Festival Cru\u00eflla<\/strong>, while still performing hits like &#8220;<strong>Colors<\/strong>&#8221; and &#8220;<strong>Without Me.<\/strong>&#8220;<\/p>\n<p style=\"text-align: center;\"><div class=\"flex-video   widescreen\"><iframe loading=\"lazy\" width=\"420\" height=\"315\" src=\"\/\/www.youtube.com\/embed\/ZAfAud_M_mg\" allowfullscreen=\"true\"><\/iframe><\/div><\/p>\n<p class=\"monday-block-1\" contenteditable=\"true\" data-monday-block-type=\"1\" data-monday-block-content=\"[{&quot;attributes&quot;:{&quot;sanitizedSize&quot;:&quot;32px&quot;,&quot;color&quot;:&quot;#000000&quot;},&quot;insert&quot;:&quot;The Broadway star and lead of the\u00a0&quot;},{&quot;attributes&quot;:{&quot;color&quot;:&quot;#000000&quot;,&quot;italic&quot;:true},&quot;insert&quot;:&quot;Mean Girls&quot;},{&quot;attributes&quot;:{&quot;color&quot;:&quot;#000000&quot;,&quot;sanitizedSize&quot;:&quot;32px&quot;},&quot;insert&quot;:&quot;\u00a0musical arrives in Spain for the first time&quot;},{&quot;attributes&quot;:{&quot;color&quot;:&quot;#000000&quot;},&quot;insert&quot;:&quot;,&quot;},{&quot;attributes&quot;:{&quot;color&quot;:&quot;#000000&quot;,&quot;sanitizedSize&quot;:&quot;32px&quot;},&quot;insert&quot;:&quot; and she\u2019s making a grand entrance.\u00a0&quot;},{&quot;attributes&quot;:{&quot;color&quot;:&quot;#000000&quot;,&quot;bold&quot;:true},&quot;insert&quot;:&quot;Rene\u00e9 Rapp&quot;},{&quot;attributes&quot;:{&quot;color&quot;:&quot;#000000&quot;,&quot;sanitizedSize&quot;:&quot;32px&quot;},&quot;insert&quot;:&quot;\u00a0leaves the screen behind to &quot;},{&quot;attributes&quot;:{&quot;color&quot;:&quot;#000000&quot;},&quot;insert&quot;:&quot;deliver&quot;},{&quot;attributes&quot;:{&quot;color&quot;:&quot;#000000&quot;,&quot;sanitizedSize&quot;:&quot;32px&quot;},&quot;insert&quot;:&quot; a unique concert with a powerful attitude and songs that have already become anthems. Experience the phenomenon live!&quot;}]\" data-inline-monday=\"true\">The Broadway star and lead of the\u00a0<em>Mean Girls<\/em>\u00a0musical arrives in Spain for the first time, and she\u2019s making a grand entrance.\u00a0<strong>Rene\u00e9 Rapp<\/strong>\u00a0leaves the screen behind to deliver a unique concert with a powerful attitude and songs that have already become anthems. Experience the phenomenon live!<\/p>\n<p style=\"text-align: center;\"><div class=\"flex-video   widescreen\"><iframe loading=\"lazy\" width=\"420\" height=\"315\" src=\"\/\/www.youtube.com\/embed\/YxChYZwOPK0\" allowfullscreen=\"true\"><\/iframe><\/div><\/p>\n<p class=\"monday-block-1\" contenteditable=\"true\" data-monday-block-type=\"1\" data-monday-block-content=\"[{&quot;attributes&quot;:{&quot;bold&quot;:true,&quot;color&quot;:&quot;#000000&quot;},&quot;insert&quot;:&quot;Sen Senra\u2019s&quot;},{&quot;attributes&quot;:{&quot;color&quot;:&quot;#000000&quot;,&quot;sanitizedSize&quot;:&quot;32px&quot;},&quot;insert&quot;:&quot;\u00a0universe lands at Cru\u00eflla to show why he has become one of the most hypnotic artists on the current scene. With a contemporary sound full of character and a unique identity that captivates from the very first note, the Galician artist will deliver one of the most magnetic performances of this edition.&quot;}]\" data-inline-monday=\"true\"><strong>Sen Senra\u2019s<\/strong>\u00a0universe lands at Cru\u00eflla to show why he has become one of the most hypnotic artists on the current scene. With a contemporary sound full of character and a unique identity that captivates from the very first note, the Galician artist will deliver one of the most magnetic performances of this edition.<\/p>\n<p style=\"text-align: center;\"><div class=\"flex-video   widescreen\"><iframe loading=\"lazy\" width=\"420\" height=\"315\" src=\"\/\/www.youtube.com\/embed\/7qNrl7Zxs54\" allowfullscreen=\"true\"><\/iframe><\/div><\/p>\n<p class=\"monday-block-1\" contenteditable=\"true\" data-monday-block-type=\"1\" data-monday-block-content=\"[{&quot;insert&quot;:&quot;Additionally, with your\u00a0&quot;},{&quot;attributes&quot;:{&quot;bold&quot;:true},&quot;insert&quot;:&quot;Wednesday ticket or 4-day pass&quot;},{&quot;insert&quot;:&quot;, you can also see\u00a0&quot;},{&quot;attributes&quot;:{&quot;bold&quot;:true},&quot;insert&quot;:&quot;Sigrid&quot;},{&quot;insert&quot;:&quot;, one of the most promising voices in pop today;\u00a0&quot;},{&quot;attributes&quot;:{&quot;bold&quot;:true},&quot;insert&quot;:&quot;Yami Safdie&quot;},{&quot;insert&quot;:&quot;, the Argentine singer-songwriter who has made a name for herself with tracks like \u201c&quot;},{&quot;attributes&quot;:{&quot;bold&quot;:true},&quot;insert&quot;:&quot;Querida Yo&quot;},{&quot;insert&quot;:&quot;\\&quot;;\u00a0&quot;},{&quot;attributes&quot;:{&quot;bold&quot;:true},&quot;insert&quot;:&quot;Sadie Jean&quot;},{&quot;insert&quot;:&quot;\u00a0with her bedroom pop; and also\u00a0&quot;},{&quot;attributes&quot;:{&quot;bold&quot;:true},&quot;insert&quot;:&quot;Joaquina, Bacilos, Xicu, and Greta&quot;},{&quot;insert&quot;:&quot;.&quot;}]\" data-inline-monday=\"true\">Additionally, with your\u00a0<strong>Wednesday ticket or 4-day pass<\/strong>, you can also see\u00a0<strong>Sigrid<\/strong>, one of the most promising voices in pop today;\u00a0<strong>Yami Safdie<\/strong>, the Argentine singer-songwriter who has made a name for herself with tracks like \u201c<strong>Querida Yo<\/strong>&#8220;;\u00a0<strong>Sadie Jean<\/strong>\u00a0with her bedroom pop; and also\u00a0<strong>Joaquina, Bacilos, Xicu, and Greta<\/strong>.<\/p>\n<h3 style=\"text-align: center;\">See you at Festival Cru\u00eflla 2026!<\/h3>\n","protected":false},"excerpt":{"rendered":"POP TAKES OVER FESTIVAL CRU\u00cfLLA 2026 The opening day of Festival Cru\u00eflla 2026 arrives packed with must-see international talent. On\u00a0Wednesday, July 8th, Parc del F\u00f2rum will become the epicenter of pop. Get your Wednesday ticket or your 4-day pass here!\u00a0 If you are a group of 10 or more people, you can benefit from the&#8230; <a class=\"view-article\" href=\"https:\/\/www.cruillabarcelona.com\/en\/dimecres-2026\/\">View Article<\/a>","protected":false},"author":25,"featured_media":61894,"parent":0,"menu_order":0,"comment_status":"closed","ping_status":"closed","template":"page-templates\/page-landing.php","meta":{"_acf_changed":false,"footnotes":""},"class_list":["post-56195","page","type-page","status-publish","has-post-thumbnail","hentry"],"acf":[],"yoast_head":"<!-- This site is optimized with the Yoast SEO plugin v27.3 - https:\/\/yoast.com\/product\/yoast-seo-wordpress\/ -->\n<title>Wednesday, July 8th - Festival Cru\u00eflla 2026<\/title>\n<meta name=\"description\" content=\"Lineup and ticket sales for Wednesday, July 8th, 2026 at Festival Cru\u00eflla. Halsey, Rene\u00e9 Rapp, Sen Senra and many more.\" \/>\n<meta name=\"robots\" content=\"index, follow, max-snippet:-1, max-image-preview:large, max-video-preview:-1\" \/>\n<link rel=\"canonical\" href=\"https:\/\/www.cruillabarcelona.com\/en\/dimecres-2026\/\" \/>\n<meta property=\"og:locale\" content=\"en_US\" \/>\n<meta property=\"og:type\" content=\"article\" \/>\n<meta property=\"og:title\" content=\"Wednesday, July 8th - Festival Cru\u00eflla 2026\" \/>\n<meta property=\"og:description\" content=\"Lineup and ticket sales for Wednesday, July 8th, 2026 at Festival Cru\u00eflla. Halsey, Rene\u00e9 Rapp, Sen Senra and many more.\" \/>\n<meta property=\"og:url\" content=\"https:\/\/www.cruillabarcelona.com\/en\/dimecres-2026\/\" \/>\n<meta property=\"og:site_name\" content=\"Festival Cru\u00eflla\" \/>\n<meta property=\"article:modified_time\" content=\"2026-03-10T12:15:39+00:00\" \/>\n<meta property=\"og:image\" content=\"https:\/\/www.cruillabarcelona.com\/wp-content\/uploads\/2026\/01\/Portada_LandingDimecres.png\" \/>\n\t<meta property=\"og:image:width\" content=\"2000\" \/>\n\t<meta property=\"og:image:height\" content=\"500\" \/>\n\t<meta property=\"og:image:type\" content=\"image\/png\" \/>\n<meta name=\"twitter:card\" content=\"summary_large_image\" \/>\n<meta name=\"twitter:label1\" content=\"Est. reading time\" \/>\n\t<meta name=\"twitter:data1\" content=\"3 minutes\" \/>\n<script type=\"application\/ld+json\" class=\"yoast-schema-graph\">{\"@context\":\"https:\\\/\\\/schema.org\",\"@graph\":[{\"@type\":\"WebPage\",\"@id\":\"https:\\\/\\\/www.cruillabarcelona.com\\\/en\\\/dimecres-2026\\\/\",\"url\":\"https:\\\/\\\/www.cruillabarcelona.com\\\/en\\\/dimecres-2026\\\/\",\"name\":\"Wednesday, July 8th - Festival Cru\u00eflla 2026\",\"isPartOf\":{\"@id\":\"https:\\\/\\\/www.cruillabarcelona.com\\\/en\\\/#website\"},\"primaryImageOfPage\":{\"@id\":\"https:\\\/\\\/www.cruillabarcelona.com\\\/en\\\/dimecres-2026\\\/#primaryimage\"},\"image\":{\"@id\":\"https:\\\/\\\/www.cruillabarcelona.com\\\/en\\\/dimecres-2026\\\/#primaryimage\"},\"thumbnailUrl\":\"https:\\\/\\\/www.cruillabarcelona.com\\\/wp-content\\\/uploads\\\/2026\\\/01\\\/Portada_LandingDimecres.png\",\"datePublished\":\"2025-02-06T12:09:16+00:00\",\"dateModified\":\"2026-03-10T12:15:39+00:00\",\"description\":\"Lineup and ticket sales for Wednesday, July 8th, 2026 at Festival Cru\u00eflla. Halsey, Rene\u00e9 Rapp, Sen Senra and many more.\",\"breadcrumb\":{\"@id\":\"https:\\\/\\\/www.cruillabarcelona.com\\\/en\\\/dimecres-2026\\\/#breadcrumb\"},\"inLanguage\":\"en-US\",\"potentialAction\":[{\"@type\":\"ReadAction\",\"target\":[\"https:\\\/\\\/www.cruillabarcelona.com\\\/en\\\/dimecres-2026\\\/\"]}]},{\"@type\":\"ImageObject\",\"inLanguage\":\"en-US\",\"@id\":\"https:\\\/\\\/www.cruillabarcelona.com\\\/en\\\/dimecres-2026\\\/#primaryimage\",\"url\":\"https:\\\/\\\/www.cruillabarcelona.com\\\/wp-content\\\/uploads\\\/2026\\\/01\\\/Portada_LandingDimecres.png\",\"contentUrl\":\"https:\\\/\\\/www.cruillabarcelona.com\\\/wp-content\\\/uploads\\\/2026\\\/01\\\/Portada_LandingDimecres.png\",\"width\":2000,\"height\":500},{\"@type\":\"BreadcrumbList\",\"@id\":\"https:\\\/\\\/www.cruillabarcelona.com\\\/en\\\/dimecres-2026\\\/#breadcrumb\",\"itemListElement\":[{\"@type\":\"ListItem\",\"position\":1,\"name\":\"Home\",\"item\":\"https:\\\/\\\/www.cruillabarcelona.com\\\/en\\\/\"},{\"@type\":\"ListItem\",\"position\":2,\"name\":\"Wednesday, July 9th &#8211; Festival Cru\u00eflla 2025\"}]},{\"@type\":\"WebSite\",\"@id\":\"https:\\\/\\\/www.cruillabarcelona.com\\\/en\\\/#website\",\"url\":\"https:\\\/\\\/www.cruillabarcelona.com\\\/en\\\/\",\"name\":\"Festival Cru\u00eflla\",\"description\":\"\",\"potentialAction\":[{\"@type\":\"SearchAction\",\"target\":{\"@type\":\"EntryPoint\",\"urlTemplate\":\"https:\\\/\\\/www.cruillabarcelona.com\\\/en\\\/?s={search_term_string}\"},\"query-input\":{\"@type\":\"PropertyValueSpecification\",\"valueRequired\":true,\"valueName\":\"search_term_string\"}}],\"inLanguage\":\"en-US\"}]}<\/script>\n<!-- \/ Yoast SEO plugin. -->","yoast_head_json":{"title":"Wednesday, July 8th - Festival Cru\u00eflla 2026","description":"Lineup and ticket sales for Wednesday, July 8th, 2026 at Festival Cru\u00eflla. Halsey, Rene\u00e9 Rapp, Sen Senra and many more.","robots":{"index":"index","follow":"follow","max-snippet":"max-snippet:-1","max-image-preview":"max-image-preview:large","max-video-preview":"max-video-preview:-1"},"canonical":"https:\/\/www.cruillabarcelona.com\/en\/dimecres-2026\/","og_locale":"en_US","og_type":"article","og_title":"Wednesday, July 8th - Festival Cru\u00eflla 2026","og_description":"Lineup and ticket sales for Wednesday, July 8th, 2026 at Festival Cru\u00eflla. Halsey, Rene\u00e9 Rapp, Sen Senra and many more.","og_url":"https:\/\/www.cruillabarcelona.com\/en\/dimecres-2026\/","og_site_name":"Festival Cru\u00eflla","article_modified_time":"2026-03-10T12:15:39+00:00","og_image":[{"width":2000,"height":500,"url":"https:\/\/www.cruillabarcelona.com\/wp-content\/uploads\/2026\/01\/Portada_LandingDimecres.png","type":"image\/png"}],"twitter_card":"summary_large_image","twitter_misc":{"Est. reading time":"3 minutes"},"schema":{"@context":"https:\/\/schema.org","@graph":[{"@type":"WebPage","@id":"https:\/\/www.cruillabarcelona.com\/en\/dimecres-2026\/","url":"https:\/\/www.cruillabarcelona.com\/en\/dimecres-2026\/","name":"Wednesday, July 8th - Festival Cru\u00eflla 2026","isPartOf":{"@id":"https:\/\/www.cruillabarcelona.com\/en\/#website"},"primaryImageOfPage":{"@id":"https:\/\/www.cruillabarcelona.com\/en\/dimecres-2026\/#primaryimage"},"image":{"@id":"https:\/\/www.cruillabarcelona.com\/en\/dimecres-2026\/#primaryimage"},"thumbnailUrl":"https:\/\/www.cruillabarcelona.com\/wp-content\/uploads\/2026\/01\/Portada_LandingDimecres.png","datePublished":"2025-02-06T12:09:16+00:00","dateModified":"2026-03-10T12:15:39+00:00","description":"Lineup and ticket sales for Wednesday, July 8th, 2026 at Festival Cru\u00eflla. Halsey, Rene\u00e9 Rapp, Sen Senra and many more.","breadcrumb":{"@id":"https:\/\/www.cruillabarcelona.com\/en\/dimecres-2026\/#breadcrumb"},"inLanguage":"en-US","potentialAction":[{"@type":"ReadAction","target":["https:\/\/www.cruillabarcelona.com\/en\/dimecres-2026\/"]}]},{"@type":"ImageObject","inLanguage":"en-US","@id":"https:\/\/www.cruillabarcelona.com\/en\/dimecres-2026\/#primaryimage","url":"https:\/\/www.cruillabarcelona.com\/wp-content\/uploads\/2026\/01\/Portada_LandingDimecres.png","contentUrl":"https:\/\/www.cruillabarcelona.com\/wp-content\/uploads\/2026\/01\/Portada_LandingDimecres.png","width":2000,"height":500},{"@type":"BreadcrumbList","@id":"https:\/\/www.cruillabarcelona.com\/en\/dimecres-2026\/#breadcrumb","itemListElement":[{"@type":"ListItem","position":1,"name":"Home","item":"https:\/\/www.cruillabarcelona.com\/en\/"},{"@type":"ListItem","position":2,"name":"Wednesday, July 9th &#8211; Festival Cru\u00eflla 2025"}]},{"@type":"WebSite","@id":"https:\/\/www.cruillabarcelona.com\/en\/#website","url":"https:\/\/www.cruillabarcelona.com\/en\/","name":"Festival Cru\u00eflla","description":"","potentialAction":[{"@type":"SearchAction","target":{"@type":"EntryPoint","urlTemplate":"https:\/\/www.cruillabarcelona.com\/en\/?s={search_term_string}"},"query-input":{"@type":"PropertyValueSpecification","valueRequired":true,"valueName":"search_term_string"}}],"inLanguage":"en-US"}]}},"_links":{"self":[{"href":"https:\/\/www.cruillabarcelona.com\/en\/wp-json\/wp\/v2\/pages\/56195","targetHints":{"allow":["GET"]}}],"collection":[{"href":"https:\/\/www.cruillabarcelona.com\/en\/wp-json\/wp\/v2\/pages"}],"about":[{"href":"https:\/\/www.cruillabarcelona.com\/en\/wp-json\/wp\/v2\/types\/page"}],"author":[{"embeddable":true,"href":"https:\/\/www.cruillabarcelona.com\/en\/wp-json\/wp\/v2\/users\/25"}],"replies":[{"embeddable":true,"href":"https:\/\/www.cruillabarcelona.com\/en\/wp-json\/wp\/v2\/comments?post=56195"}],"version-history":[{"count":5,"href":"https:\/\/www.cruillabarcelona.com\/en\/wp-json\/wp\/v2\/pages\/56195\/revisions"}],"predecessor-version":[{"id":62448,"href":"https:\/\/www.cruillabarcelona.com\/en\/wp-json\/wp\/v2\/pages\/56195\/revisions\/62448"}],"wp:featuredmedia":[{"embeddable":true,"href":"https:\/\/www.cruillabarcelona.com\/en\/wp-json\/wp\/v2\/media\/61894"}],"wp:attachment":[{"href":"https:\/\/www.cruillabarcelona.com\/en\/wp-json\/wp\/v2\/media?parent=56195"}],"curies":[{"name":"wp","href":"https:\/\/api.w.org\/{rel}","templated":true}]}}