{"id":62828,"date":"2026-04-08T17:45:11","date_gmt":"2026-04-08T15:45:11","guid":{"rendered":"https:\/\/www.cruillabarcelona.com\/?page_id=62828"},"modified":"2026-04-08T17:45:11","modified_gmt":"2026-04-08T15:45:11","slug":"artists-cruilla-festival-2","status":"publish","type":"page","link":"https:\/\/www.cruillabarcelona.com\/en\/artists-cruilla-festival-2\/","title":{"rendered":"Comedians at Cru\u00eflla Com\u00e8dia Festival!"},"content":{"rendered":"","protected":false},"excerpt":{"rendered":"","protected":false},"author":25,"featured_media":0,"parent":0,"menu_order":0,"comment_status":"closed","ping_status":"closed","template":"page-templates\/page-artists.php","meta":{"_acf_changed":false,"footnotes":""},"class_list":["post-62828","page","type-page","status-publish","hentry"],"acf":[],"yoast_head":"<!-- This site is optimized with the Yoast SEO plugin v27.3 - https:\/\/yoast.com\/product\/yoast-seo-wordpress\/ -->\n<title>Artists Cru\u00eflla Festival 2026 - July 8, 9, 10 and 11 in Barcelona<\/title>\n<meta name=\"description\" content=\"See all the artists and buy tickets for Cru\u00eflla Festival 2026, from the 8th to the 11th July at Parc del F\u00f2rum, Barcelona\" \/>\n<meta name=\"robots\" content=\"index, follow, max-snippet:-1, max-image-preview:large, max-video-preview:-1\" \/>\n<link rel=\"canonical\" href=\"https:\/\/www.cruillabarcelona.com\/en\/artists-cruilla-festival-2\/\" \/>\n<meta property=\"og:locale\" content=\"en_US\" \/>\n<meta property=\"og:type\" content=\"article\" \/>\n<meta property=\"og:title\" content=\"Artists Cru\u00eflla Festival 2026 - July 8, 9, 10 and 11 in Barcelona\" \/>\n<meta property=\"og:description\" content=\"See all the artists and buy tickets for Cru\u00eflla Festival 2026, from the 8th to the 11th July at Parc del F\u00f2rum, Barcelona\" \/>\n<meta property=\"og:url\" content=\"https:\/\/www.cruillabarcelona.com\/en\/artists-cruilla-festival-2\/\" \/>\n<meta property=\"og:site_name\" content=\"Festival Cru\u00eflla\" \/>\n<meta name=\"twitter:card\" content=\"summary_large_image\" \/>\n<script type=\"application\/ld+json\" class=\"yoast-schema-graph\">{\"@context\":\"https:\\\/\\\/schema.org\",\"@graph\":[{\"@type\":\"WebPage\",\"@id\":\"https:\\\/\\\/www.cruillabarcelona.com\\\/en\\\/artists-cruilla-festival-2\\\/\",\"url\":\"https:\\\/\\\/www.cruillabarcelona.com\\\/en\\\/artists-cruilla-festival-2\\\/\",\"name\":\"Artists Cru\u00eflla Festival 2026 - July 8, 9, 10 and 11 in Barcelona\",\"isPartOf\":{\"@id\":\"https:\\\/\\\/www.cruillabarcelona.com\\\/en\\\/#website\"},\"datePublished\":\"2026-04-08T15:45:11+00:00\",\"description\":\"See all the artists and buy tickets for Cru\u00eflla Festival 2026, from the 8th to the 11th July at Parc del F\u00f2rum, Barcelona\",\"breadcrumb\":{\"@id\":\"https:\\\/\\\/www.cruillabarcelona.com\\\/en\\\/artists-cruilla-festival-2\\\/#breadcrumb\"},\"inLanguage\":\"en-US\",\"potentialAction\":[{\"@type\":\"ReadAction\",\"target\":[\"https:\\\/\\\/www.cruillabarcelona.com\\\/en\\\/artists-cruilla-festival-2\\\/\"]}]},{\"@type\":\"BreadcrumbList\",\"@id\":\"https:\\\/\\\/www.cruillabarcelona.com\\\/en\\\/artists-cruilla-festival-2\\\/#breadcrumb\",\"itemListElement\":[{\"@type\":\"ListItem\",\"position\":1,\"name\":\"Home\",\"item\":\"https:\\\/\\\/www.cruillabarcelona.com\\\/en\\\/\"},{\"@type\":\"ListItem\",\"position\":2,\"name\":\"Comedians at Cru\u00eflla Com\u00e8dia Festival!\"}]},{\"@type\":\"WebSite\",\"@id\":\"https:\\\/\\\/www.cruillabarcelona.com\\\/en\\\/#website\",\"url\":\"https:\\\/\\\/www.cruillabarcelona.com\\\/en\\\/\",\"name\":\"Festival Cru\u00eflla\",\"description\":\"\",\"potentialAction\":[{\"@type\":\"SearchAction\",\"target\":{\"@type\":\"EntryPoint\",\"urlTemplate\":\"https:\\\/\\\/www.cruillabarcelona.com\\\/en\\\/?s={search_term_string}\"},\"query-input\":{\"@type\":\"PropertyValueSpecification\",\"valueRequired\":true,\"valueName\":\"search_term_string\"}}],\"inLanguage\":\"en-US\"}]}<\/script>\n<!-- \/ Yoast SEO plugin. -->","yoast_head_json":{"title":"Artists Cru\u00eflla Festival 2026 - July 8, 9, 10 and 11 in Barcelona","description":"See all the artists and buy tickets for Cru\u00eflla Festival 2026, from the 8th to the 11th July at Parc del F\u00f2rum, Barcelona","robots":{"index":"index","follow":"follow","max-snippet":"max-snippet:-1","max-image-preview":"max-image-preview:large","max-video-preview":"max-video-preview:-1"},"canonical":"https:\/\/www.cruillabarcelona.com\/en\/artists-cruilla-festival-2\/","og_locale":"en_US","og_type":"article","og_title":"Artists Cru\u00eflla Festival 2026 - July 8, 9, 10 and 11 in Barcelona","og_description":"See all the artists and buy tickets for Cru\u00eflla Festival 2026, from the 8th to the 11th July at Parc del F\u00f2rum, Barcelona","og_url":"https:\/\/www.cruillabarcelona.com\/en\/artists-cruilla-festival-2\/","og_site_name":"Festival Cru\u00eflla","twitter_card":"summary_large_image","schema":{"@context":"https:\/\/schema.org","@graph":[{"@type":"WebPage","@id":"https:\/\/www.cruillabarcelona.com\/en\/artists-cruilla-festival-2\/","url":"https:\/\/www.cruillabarcelona.com\/en\/artists-cruilla-festival-2\/","name":"Artists Cru\u00eflla Festival 2026 - July 8, 9, 10 and 11 in Barcelona","isPartOf":{"@id":"https:\/\/www.cruillabarcelona.com\/en\/#website"},"datePublished":"2026-04-08T15:45:11+00:00","description":"See all the artists and buy tickets for Cru\u00eflla Festival 2026, from the 8th to the 11th July at Parc del F\u00f2rum, Barcelona","breadcrumb":{"@id":"https:\/\/www.cruillabarcelona.com\/en\/artists-cruilla-festival-2\/#breadcrumb"},"inLanguage":"en-US","potentialAction":[{"@type":"ReadAction","target":["https:\/\/www.cruillabarcelona.com\/en\/artists-cruilla-festival-2\/"]}]},{"@type":"BreadcrumbList","@id":"https:\/\/www.cruillabarcelona.com\/en\/artists-cruilla-festival-2\/#breadcrumb","itemListElement":[{"@type":"ListItem","position":1,"name":"Home","item":"https:\/\/www.cruillabarcelona.com\/en\/"},{"@type":"ListItem","position":2,"name":"Comedians at Cru\u00eflla Com\u00e8dia Festival!"}]},{"@type":"WebSite","@id":"https:\/\/www.cruillabarcelona.com\/en\/#website","url":"https:\/\/www.cruillabarcelona.com\/en\/","name":"Festival Cru\u00eflla","description":"","potentialAction":[{"@type":"SearchAction","target":{"@type":"EntryPoint","urlTemplate":"https:\/\/www.cruillabarcelona.com\/en\/?s={search_term_string}"},"query-input":{"@type":"PropertyValueSpecification","valueRequired":true,"valueName":"search_term_string"}}],"inLanguage":"en-US"}]}},"_links":{"self":[{"href":"https:\/\/www.cruillabarcelona.com\/en\/wp-json\/wp\/v2\/pages\/62828","targetHints":{"allow":["GET"]}}],"collection":[{"href":"https:\/\/www.cruillabarcelona.com\/en\/wp-json\/wp\/v2\/pages"}],"about":[{"href":"https:\/\/www.cruillabarcelona.com\/en\/wp-json\/wp\/v2\/types\/page"}],"author":[{"embeddable":true,"href":"https:\/\/www.cruillabarcelona.com\/en\/wp-json\/wp\/v2\/users\/25"}],"replies":[{"embeddable":true,"href":"https:\/\/www.cruillabarcelona.com\/en\/wp-json\/wp\/v2\/comments?post=62828"}],"version-history":[{"count":1,"href":"https:\/\/www.cruillabarcelona.com\/en\/wp-json\/wp\/v2\/pages\/62828\/revisions"}],"predecessor-version":[{"id":62834,"href":"https:\/\/www.cruillabarcelona.com\/en\/wp-json\/wp\/v2\/pages\/62828\/revisions\/62834"}],"wp:attachment":[{"href":"https:\/\/www.cruillabarcelona.com\/en\/wp-json\/wp\/v2\/media?parent=62828"}],"curies":[{"name":"wp","href":"https:\/\/api.w.org\/{rel}","templated":true}]}}