{"id":10192,"date":"2018-04-03T09:24:29","date_gmt":"2018-04-03T09:24:29","guid":{"rendered":"https:\/\/www.cruillabarcelona.com\/?page_id=10192\/"},"modified":"2018-06-18T15:42:10","modified_gmt":"2018-06-18T13:42:10","slug":"david-byrne","status":"publish","type":"page","link":"https:\/\/www.cruillabarcelona.com\/es\/david-byrne\/","title":{"rendered":"David Byrne"},"content":{"rendered":"<p>La oportunidad de escuchar a David Byrne en directo no se presenta muchas veces en la vida. Este hombre viene de una \u00e9poca en la que la m\u00fasica era otra cosa. <strong>Contracultura, post punk y rebeld\u00eda<\/strong>. Y Byrne al frente de <strong>Talking Heads<\/strong>, una de las bandas m\u00e1s importantes del g\u00e9nero.<\/p>\n<p>Nos gustan los conciertos que son \u00fanicos y Byrne es experto en eso. Viene al Cru\u00eflla a montar un <strong>show de art rock puro<\/strong>. L\u00edneas de bajo matadoras, una bater\u00eda compleja y \u00e9l rodeado de una performance enloquecida, con una decena de m\u00fasicos y bailarines.<\/p>\n<p>David Byrne lo hace todo a la vez, y estamos encantados de tenerle.<\/p>\n<p>Con tu entrada para Byrne, el <strong>s\u00e1bado 14 de julio<\/strong>, podr\u00e1s ver tambi\u00e9n grupos como <a href=\"https:\/\/www.cruillabarcelona.com\/es\/artists\/justice\/\" target=\"_blank\" rel=\"noopener\"><strong>Justice<\/strong><\/a> y <a href=\"https:\/\/www.cruillabarcelona.com\/es\/artists\/the-roots\/\" target=\"_blank\" rel=\"noopener\"><strong>The Roots<\/strong><\/a>, entre muchos otros, por solo 65\u20ac.<\/p>\n<p><em><strong>\u00bfYa conoces todos los artistas del Cru\u00eflla?<\/strong> \u00c9chale un ojo al cartel del festival y busca los que te gusten. Escoge tu experiencia comprando una entrada de d\u00eda o, si no tienes suficiente, uno de los abonos.<\/em><\/p>\n<p><a href=\"https:\/\/www.portalticket.com\/entradas\/entrada-de-dissabte\/3687\/cruilla-barcelona\/web\" target=\"_blank\" rel=\"noopener\"><img loading=\"lazy\" decoding=\"async\" class=\"aligncenter wp-image-15770 size-full\" src=\"https:\/\/www.cruillabarcelona.com\/wp-content\/uploads\/2018\/02\/dissabte-es.jpg\" alt=\"\" width=\"600\" height=\"122\" \/><\/a><\/p>\n<p><a href=\"https:\/\/www.portalticket.com\/entradas\/abonament-2-dies--13-i-14-juliol-\/3684\/cruilla-barcelona\/web\" target=\"_blank\" rel=\"noopener\"><img loading=\"lazy\" decoding=\"async\" class=\"aligncenter wp-image-15743 size-full\" src=\"https:\/\/www.cruillabarcelona.com\/wp-content\/uploads\/2018\/02\/abono2-es.jpg\" alt=\"\" width=\"600\" height=\"122\" \/><\/a><\/p>\n<p><a href=\"https:\/\/www.portalticket.com\/entradas\/abonament-cruilla-2018_5498\/1966\/cruilla-barcelona\/web\" target=\"_blank\" rel=\"noopener\"><img loading=\"lazy\" decoding=\"async\" class=\"aligncenter wp-image-15752 size-full\" src=\"https:\/\/www.cruillabarcelona.com\/wp-content\/uploads\/2018\/02\/abono3-es.jpg\" alt=\"\" width=\"600\" height=\"122\" \/><\/a><\/p>\n<p><img loading=\"lazy\" decoding=\"async\" class=\"aligncenter wp-image-15328 size-full\" src=\"https:\/\/www.cruillabarcelona.com\/wp-content\/uploads\/2018\/06\/Cartell-general_low-es.jpg\" alt=\"Cruilla dias\" width=\"500\" height=\"705\" srcset=\"https:\/\/www.cruillabarcelona.com\/wp-content\/uploads\/2018\/06\/Cartell-general_low-es.jpg 500w, https:\/\/www.cruillabarcelona.com\/wp-content\/uploads\/2018\/06\/Cartell-general_low-es-300x423.jpg 300w\" sizes=\"auto, (max-width: 500px) 100vw, 500px\" \/><\/p>\n","protected":false},"excerpt":{"rendered":"La oportunidad de escuchar a David Byrne en directo no se presenta muchas veces en la vida. Este hombre viene de una \u00e9poca en la que la m\u00fasica era otra cosa. Contracultura, post punk y rebeld\u00eda. Y Byrne al frente de Talking Heads, una de las bandas m\u00e1s importantes del g\u00e9nero. Nos gustan los conciertos&#8230; <a class=\"view-article\" href=\"https:\/\/www.cruillabarcelona.com\/es\/david-byrne\/\">Ver art\u00edculo<\/a>","protected":false},"author":2,"featured_media":10193,"parent":0,"menu_order":0,"comment_status":"closed","ping_status":"closed","template":"page-templates\/page-landing.php","meta":{"_acf_changed":false,"footnotes":""},"class_list":["post-10192","page","type-page","status-publish","has-post-thumbnail","hentry"],"acf":[],"yoast_head":"<!-- This site is optimized with the Yoast SEO plugin v27.3 - https:\/\/yoast.com\/product\/yoast-seo-wordpress\/ -->\n<title>David Byrne - Festival Cru\u00eflla<\/title>\n<meta name=\"robots\" content=\"index, follow, max-snippet:-1, max-image-preview:large, max-video-preview:-1\" \/>\n<link rel=\"canonical\" href=\"https:\/\/www.cruillabarcelona.com\/es\/david-byrne\/\" \/>\n<meta property=\"og:locale\" content=\"es_ES\" \/>\n<meta property=\"og:type\" content=\"article\" \/>\n<meta property=\"og:title\" content=\"David Byrne - Festival Cru\u00eflla\" \/>\n<meta property=\"og:description\" content=\"La oportunidad de escuchar a David Byrne en directo no se presenta muchas veces en la vida. Este hombre viene de una \u00e9poca en la que la m\u00fasica era otra cosa. Contracultura, post punk y rebeld\u00eda. Y Byrne al frente de Talking Heads, una de las bandas m\u00e1s importantes del g\u00e9nero. Nos gustan los conciertos... Ver art\u00edculo\" \/>\n<meta property=\"og:url\" content=\"https:\/\/www.cruillabarcelona.com\/es\/david-byrne\/\" \/>\n<meta property=\"og:site_name\" content=\"Festival Cru\u00eflla\" \/>\n<meta property=\"article:modified_time\" content=\"2018-06-18T13:42:10+00:00\" \/>\n<meta property=\"og:image\" content=\"https:\/\/www.cruillabarcelona.com\/wp-content\/uploads\/2018\/03\/David-Byrne_experiencia-1.jpg\" \/>\n\t<meta property=\"og:image:width\" content=\"1500\" \/>\n\t<meta property=\"og:image:height\" content=\"500\" \/>\n\t<meta property=\"og:image:type\" content=\"image\/jpeg\" \/>\n<meta name=\"twitter:card\" content=\"summary_large_image\" \/>\n<meta name=\"twitter:label1\" content=\"Tiempo de lectura\" \/>\n\t<meta name=\"twitter:data1\" content=\"1 minuto\" \/>\n<script type=\"application\/ld+json\" class=\"yoast-schema-graph\">{\"@context\":\"https:\\\/\\\/schema.org\",\"@graph\":[{\"@type\":\"WebPage\",\"@id\":\"https:\\\/\\\/www.cruillabarcelona.com\\\/es\\\/david-byrne\\\/\",\"url\":\"https:\\\/\\\/www.cruillabarcelona.com\\\/es\\\/david-byrne\\\/\",\"name\":\"David Byrne - Festival Cru\u00eflla\",\"isPartOf\":{\"@id\":\"https:\\\/\\\/www.cruillabarcelona.com\\\/es\\\/#website\"},\"primaryImageOfPage\":{\"@id\":\"https:\\\/\\\/www.cruillabarcelona.com\\\/es\\\/david-byrne\\\/#primaryimage\"},\"image\":{\"@id\":\"https:\\\/\\\/www.cruillabarcelona.com\\\/es\\\/david-byrne\\\/#primaryimage\"},\"thumbnailUrl\":\"https:\\\/\\\/www.cruillabarcelona.com\\\/wp-content\\\/uploads\\\/2018\\\/03\\\/David-Byrne_experiencia-1.jpg\",\"datePublished\":\"2018-04-03T09:24:29+00:00\",\"dateModified\":\"2018-06-18T13:42:10+00:00\",\"breadcrumb\":{\"@id\":\"https:\\\/\\\/www.cruillabarcelona.com\\\/es\\\/david-byrne\\\/#breadcrumb\"},\"inLanguage\":\"es\",\"potentialAction\":[{\"@type\":\"ReadAction\",\"target\":[\"https:\\\/\\\/www.cruillabarcelona.com\\\/es\\\/david-byrne\\\/\"]}]},{\"@type\":\"ImageObject\",\"inLanguage\":\"es\",\"@id\":\"https:\\\/\\\/www.cruillabarcelona.com\\\/es\\\/david-byrne\\\/#primaryimage\",\"url\":\"https:\\\/\\\/www.cruillabarcelona.com\\\/wp-content\\\/uploads\\\/2018\\\/03\\\/David-Byrne_experiencia-1.jpg\",\"contentUrl\":\"https:\\\/\\\/www.cruillabarcelona.com\\\/wp-content\\\/uploads\\\/2018\\\/03\\\/David-Byrne_experiencia-1.jpg\",\"width\":1500,\"height\":500},{\"@type\":\"BreadcrumbList\",\"@id\":\"https:\\\/\\\/www.cruillabarcelona.com\\\/es\\\/david-byrne\\\/#breadcrumb\",\"itemListElement\":[{\"@type\":\"ListItem\",\"position\":1,\"name\":\"Home\",\"item\":\"https:\\\/\\\/www.cruillabarcelona.com\\\/es\\\/\"},{\"@type\":\"ListItem\",\"position\":2,\"name\":\"David Byrne\"}]},{\"@type\":\"WebSite\",\"@id\":\"https:\\\/\\\/www.cruillabarcelona.com\\\/es\\\/#website\",\"url\":\"https:\\\/\\\/www.cruillabarcelona.com\\\/es\\\/\",\"name\":\"Festival Cru\u00eflla\",\"description\":\"\",\"potentialAction\":[{\"@type\":\"SearchAction\",\"target\":{\"@type\":\"EntryPoint\",\"urlTemplate\":\"https:\\\/\\\/www.cruillabarcelona.com\\\/es\\\/?s={search_term_string}\"},\"query-input\":{\"@type\":\"PropertyValueSpecification\",\"valueRequired\":true,\"valueName\":\"search_term_string\"}}],\"inLanguage\":\"es\"}]}<\/script>\n<!-- \/ Yoast SEO plugin. -->","yoast_head_json":{"title":"David Byrne - Festival Cru\u00eflla","robots":{"index":"index","follow":"follow","max-snippet":"max-snippet:-1","max-image-preview":"max-image-preview:large","max-video-preview":"max-video-preview:-1"},"canonical":"https:\/\/www.cruillabarcelona.com\/es\/david-byrne\/","og_locale":"es_ES","og_type":"article","og_title":"David Byrne - Festival Cru\u00eflla","og_description":"La oportunidad de escuchar a David Byrne en directo no se presenta muchas veces en la vida. Este hombre viene de una \u00e9poca en la que la m\u00fasica era otra cosa. Contracultura, post punk y rebeld\u00eda. Y Byrne al frente de Talking Heads, una de las bandas m\u00e1s importantes del g\u00e9nero. Nos gustan los conciertos... Ver art\u00edculo","og_url":"https:\/\/www.cruillabarcelona.com\/es\/david-byrne\/","og_site_name":"Festival Cru\u00eflla","article_modified_time":"2018-06-18T13:42:10+00:00","og_image":[{"width":1500,"height":500,"url":"https:\/\/www.cruillabarcelona.com\/wp-content\/uploads\/2018\/03\/David-Byrne_experiencia-1.jpg","type":"image\/jpeg"}],"twitter_card":"summary_large_image","twitter_misc":{"Tiempo de lectura":"1 minuto"},"schema":{"@context":"https:\/\/schema.org","@graph":[{"@type":"WebPage","@id":"https:\/\/www.cruillabarcelona.com\/es\/david-byrne\/","url":"https:\/\/www.cruillabarcelona.com\/es\/david-byrne\/","name":"David Byrne - Festival Cru\u00eflla","isPartOf":{"@id":"https:\/\/www.cruillabarcelona.com\/es\/#website"},"primaryImageOfPage":{"@id":"https:\/\/www.cruillabarcelona.com\/es\/david-byrne\/#primaryimage"},"image":{"@id":"https:\/\/www.cruillabarcelona.com\/es\/david-byrne\/#primaryimage"},"thumbnailUrl":"https:\/\/www.cruillabarcelona.com\/wp-content\/uploads\/2018\/03\/David-Byrne_experiencia-1.jpg","datePublished":"2018-04-03T09:24:29+00:00","dateModified":"2018-06-18T13:42:10+00:00","breadcrumb":{"@id":"https:\/\/www.cruillabarcelona.com\/es\/david-byrne\/#breadcrumb"},"inLanguage":"es","potentialAction":[{"@type":"ReadAction","target":["https:\/\/www.cruillabarcelona.com\/es\/david-byrne\/"]}]},{"@type":"ImageObject","inLanguage":"es","@id":"https:\/\/www.cruillabarcelona.com\/es\/david-byrne\/#primaryimage","url":"https:\/\/www.cruillabarcelona.com\/wp-content\/uploads\/2018\/03\/David-Byrne_experiencia-1.jpg","contentUrl":"https:\/\/www.cruillabarcelona.com\/wp-content\/uploads\/2018\/03\/David-Byrne_experiencia-1.jpg","width":1500,"height":500},{"@type":"BreadcrumbList","@id":"https:\/\/www.cruillabarcelona.com\/es\/david-byrne\/#breadcrumb","itemListElement":[{"@type":"ListItem","position":1,"name":"Home","item":"https:\/\/www.cruillabarcelona.com\/es\/"},{"@type":"ListItem","position":2,"name":"David Byrne"}]},{"@type":"WebSite","@id":"https:\/\/www.cruillabarcelona.com\/es\/#website","url":"https:\/\/www.cruillabarcelona.com\/es\/","name":"Festival Cru\u00eflla","description":"","potentialAction":[{"@type":"SearchAction","target":{"@type":"EntryPoint","urlTemplate":"https:\/\/www.cruillabarcelona.com\/es\/?s={search_term_string}"},"query-input":{"@type":"PropertyValueSpecification","valueRequired":true,"valueName":"search_term_string"}}],"inLanguage":"es"}]}},"_links":{"self":[{"href":"https:\/\/www.cruillabarcelona.com\/es\/wp-json\/wp\/v2\/pages\/10192","targetHints":{"allow":["GET"]}}],"collection":[{"href":"https:\/\/www.cruillabarcelona.com\/es\/wp-json\/wp\/v2\/pages"}],"about":[{"href":"https:\/\/www.cruillabarcelona.com\/es\/wp-json\/wp\/v2\/types\/page"}],"author":[{"embeddable":true,"href":"https:\/\/www.cruillabarcelona.com\/es\/wp-json\/wp\/v2\/users\/2"}],"replies":[{"embeddable":true,"href":"https:\/\/www.cruillabarcelona.com\/es\/wp-json\/wp\/v2\/comments?post=10192"}],"version-history":[{"count":0,"href":"https:\/\/www.cruillabarcelona.com\/es\/wp-json\/wp\/v2\/pages\/10192\/revisions"}],"wp:featuredmedia":[{"embeddable":true,"href":"https:\/\/www.cruillabarcelona.com\/es\/wp-json\/wp\/v2\/media\/10193"}],"wp:attachment":[{"href":"https:\/\/www.cruillabarcelona.com\/es\/wp-json\/wp\/v2\/media?parent=10192"}],"curies":[{"name":"wp","href":"https:\/\/api.w.org\/{rel}","templated":true}]}}