{"id":10666,"date":"2018-05-07T09:02:08","date_gmt":"2018-05-07T09:02:08","guid":{"rendered":"https:\/\/www.cruillabarcelona.com\/proximamente\/?page_id=10666"},"modified":"2026-03-22T13:12:10","modified_gmt":"2026-03-22T11:12:10","slug":"divendres-2026","status":"publish","type":"page","link":"https:\/\/www.cruillabarcelona.com\/es\/divendres-2026\/","title":{"rendered":"Viernes 10 de julio &#8211; Festival Cru\u00eflla 2026"},"content":{"rendered":"<h2 style=\"text-align: center;\">\u00a1DE LA RAVE AL ROCK EN EL FESTIVAL CRU\u00cfLLA 2026!<\/h2>\n<p class=\"monday-block-1\" contenteditable=\"true\" data-monday-block-type=\"1\" data-monday-block-content=\"[{&quot;insert&quot;:&quot;La jornada inaugural del &quot;},{&quot;attributes&quot;:{&quot;bold&quot;:true},&quot;insert&quot;:&quot;Festival Cru\u00eflla 2026&quot;},{&quot;insert&quot;:&quot; arriba carregada de talent internacional imprescindible. &quot;},{&quot;attributes&quot;:{&quot;bold&quot;:true},&quot;insert&quot;:&quot;Dimecres 8 de juliol &quot;},{&quot;insert&quot;:&quot;el Parc del F\u00f2rum es convertir\u00e0 en l'epicentre del pop. &quot;}]\" data-inline-monday=\"true\">Vivir a tus artistas favoritos en directo es una experiencia \u00fanica, y no se puede hacer en cualquier lugar. El <strong>viernes 11 de julio<\/strong> te acercamos al ritmo, al groove y al baile de quienes realmente rompen barreras.<\/p>\n<p>&nbsp;<\/p>\n<p><img loading=\"lazy\" decoding=\"async\" class=\"aligncenter wp-image-62469 \" src=\"https:\/\/www.cruillabarcelona.com\/wp-content\/uploads\/2026\/03\/Divendres_ES.png\" alt=\"Landing viernes 10 julio 2026 Cru\u00eflla\" width=\"952\" height=\"476\" srcset=\"https:\/\/www.cruillabarcelona.com\/wp-content\/uploads\/2026\/03\/Divendres_ES.png 1200w, https:\/\/www.cruillabarcelona.com\/wp-content\/uploads\/2026\/03\/Divendres_ES-1024x512.png 1024w, https:\/\/www.cruillabarcelona.com\/wp-content\/uploads\/2026\/03\/Divendres_ES-768x384.png 768w, https:\/\/www.cruillabarcelona.com\/wp-content\/uploads\/2026\/03\/Divendres_ES-300x150.png 300w\" sizes=\"auto, (max-width: 952px) 100vw, 952px\" \/><\/p>\n<p style=\"text-align: center;\"><em><b>\u00a1Compra aqu\u00ed tu entrada para el viernes o tu abono!<\/b><\/em><\/p>\n<p style=\"text-align: center;\"><a class=\"button round    large\" href=\"https:\/\/tickets.oneboxtds.com\/cruilla\/select\/2556130?hl=ca-ES\"  target=\"_blank\"><i class=\"glyphicon fi-ticket\"><\/i> ENTRADA viernes<\/a><\/p>\n<p style=\"text-align: center;\"><a class=\"button round    large\" href=\"https:\/\/www.cruillabarcelona.com\/es\/tickets\/\"  target=\"_blank\"><i class=\"glyphicon fi-ticket\"><\/i> abonos<\/a><\/p>\n<p class=\"monday-block-1\" contenteditable=\"true\" data-monday-block-type=\"1\" data-monday-block-content=\"[{&quot;insert&quot;:&quot;Deu anys despr\u00e9s de l'ic\u00f2nic &quot;},{&quot;attributes&quot;:{&quot;bold&quot;:true},&quot;insert&quot;:&quot;'Badlands'&quot;},{&quot;insert&quot;:&quot; (2015), &quot;},{&quot;attributes&quot;:{&quot;bold&quot;:true},&quot;insert&quot;:&quot;Halsey &quot;},{&quot;insert&quot;:&quot;torna a Barcelona en el seu moment m\u00e9s trencador. Amb m\u00e9s de &quot;},{&quot;attributes&quot;:{&quot;bold&quot;:true},&quot;insert&quot;:&quot;50.000 milions&quot;},{&quot;insert&quot;:&quot; de reproduccions i un so que va redefinir l'alternative pop, l'artista estrena nova etapa musical al &quot;},{&quot;attributes&quot;:{&quot;bold&quot;:true},&quot;insert&quot;:&quot;Festival Cru\u00eflla&quot;},{&quot;insert&quot;:&quot; sense oblidar \u00e8xits com \\&quot;&quot;},{&quot;attributes&quot;:{&quot;bold&quot;:true},&quot;insert&quot;:&quot;Colors&quot;},{&quot;insert&quot;:&quot;\\&quot; o \\&quot;&quot;},{&quot;attributes&quot;:{&quot;bold&quot;:true},&quot;insert&quot;:&quot;Without me\\&quot;&quot;},{&quot;insert&quot;:&quot;. &quot;}]\" data-inline-monday=\"true\"><strong>David Byrne<\/strong>, el genio de<strong> Talking Heads<\/strong>, vuelve a Barcelona para presentar un nuevo \u00e1lbum con un show revolucionario. Entre el pop y la vanguardia, nos invita a reflexionar sobre las conexiones humanas en medio del caos actual. Una experiencia visual y sonora irrepetible.<\/p>\n<p style=\"text-align: center;\"><div class=\"flex-video   widescreen\"><iframe loading=\"lazy\" width=\"420\" height=\"315\" src=\"\/\/www.youtube.com\/embed\/YM-BTJKIz0Q\" allowfullscreen=\"true\"><\/iframe><\/div><\/p>\n<p class=\"monday-block-1\" contenteditable=\"true\" data-monday-block-type=\"1\" data-monday-block-content=\"[{&quot;insert&quot;:&quot;L'estrella de Broadway i protagonista del musical &quot;},{&quot;attributes&quot;:{&quot;italic&quot;:true},&quot;insert&quot;:&quot;Mean Girls &quot;},{&quot;insert&quot;:&quot;arriba per primer cop a Espanya i ho fa per la porta gran. &quot;},{&quot;attributes&quot;:{&quot;bold&quot;:true},&quot;insert&quot;:&quot;Rene\u00e9 Rapp&quot;},{&quot;insert&quot;:&quot; deixa enrere la pantalla per oferir-nos un concert \u00fanic amb una actitud arrassadora i can\u00e7ons que ja funcionen com a himnes. Viu el fenomen en directe!&quot;}]\" data-inline-monday=\"true\">Rock &amp; Roll en may\u00fasculas. Sin filtros ni complejos, <strong>The Black Crowes<\/strong> llegan al Festival Cru\u00eflla para hacer rugir sus guitarras crudas y su soul caracter\u00edstico. No pierdas la oportunidad de revivir la autenticidad de una de las bandas m\u00e1s ic\u00f3nicas de los noventa.<\/p>\n<p style=\"text-align: center;\"><div class=\"flex-video   widescreen\"><iframe loading=\"lazy\" width=\"420\" height=\"315\" src=\"\/\/www.youtube.com\/embed\/BYyRLTveFJQ\" allowfullscreen=\"true\"><\/iframe><\/div><\/p>\n<p class=\"monday-block-1\" contenteditable=\"true\" data-monday-block-type=\"1\" data-monday-block-content=\"[{&quot;insert&quot;:&quot;L'univers de &quot;},{&quot;attributes&quot;:{&quot;bold&quot;:true},&quot;insert&quot;:&quot;Sen Senra &quot;},{&quot;insert&quot;:&quot;aterra al Cru\u00eflla per demostrar per qu\u00e8 s'ha convertit en un dels artistes m\u00e9s hipn\u00f2tics del panorama actual. Amb un so contemporani ple de car\u00e0cter i una identitat \u00fanica que atrapa des de la primera nota, el gallec oferir\u00e0 un dels directes m\u00e9s magn\u00e8tics d'aquesta edici\u00f3. &quot;}]\" data-inline-monday=\"true\"><strong>Bomba Est\u00e9reo<\/strong> es la fiesta total que une Barcelona y Bogot\u00e1: un ritual de baile y energ\u00eda desbordante donde la electr\u00f3nica y el folclore colombiano se fusionan en una experiencia inolvidable.<\/p>\n<p style=\"text-align: center;\"><div class=\"flex-video   widescreen\"><iframe loading=\"lazy\" width=\"420\" height=\"315\" src=\"\/\/www.youtube.com\/embed\/bxWxXncl53U\" allowfullscreen=\"true\"><\/iframe><\/div><\/p>\n<p>Despu\u00e9s de recorrer medio mundo, <strong>Meute<\/strong>, la Techno Marching Band de Hamburgo, transformar\u00e1 el Parc del F\u00f2rum en una explosi\u00f3n de metales y electr\u00f3nica. Una fiesta colectiva y potente dif\u00edcil de olvidar.<\/p>\n<p style=\"text-align: center;\"><div class=\"flex-video   widescreen\"><iframe loading=\"lazy\" width=\"420\" height=\"315\" src=\"\/\/www.youtube.com\/embed\/HmvNo6aUIDo\" allowfullscreen=\"true\"><\/iframe><\/div><\/p>\n<p>Aqu\u00ed, el jazz tambi\u00e9n se baila con <strong>Ezra Collective<\/strong>. Un grupo que transforma cada concierto en un espect\u00e1culo \u00fanico y representa la vitalidad de una generaci\u00f3n que ha puesto de moda el jazz en las calles, los clubes y los festivales.<\/p>\n<p style=\"text-align: center;\"><div class=\"flex-video   widescreen\"><iframe loading=\"lazy\" width=\"420\" height=\"315\" src=\"\/\/www.youtube.com\/embed\/BOtCBy_FSZE\" allowfullscreen=\"true\"><\/iframe><\/div><\/p>\n<p>\u00a1Y la fiesta no se detiene! Con tu entrada del viernes tambi\u00e9n podr\u00e1s disfrutar de otros directos imprescindibles: <strong>Zahara<\/strong> y su explosi\u00f3n de libertad en formato rave, <strong>Alizz,<\/strong> pieza clave de la escena nacional, con el \u00faltimo concierto de la gira, <strong>Sampa The Great<\/strong>, con pura energ\u00eda hip hop soul desde \u00c1frica, el rock alternativo y descarado de <strong>Ultraligera, <\/strong>el pop-punk imparable de<strong> La La Love You <\/strong>\u00a1y muchos m\u00e1s!<\/p>\n<h3 style=\"text-align: center;\">Ens veiem al Festival Cru\u00eflla 2026!<\/h3>\n","protected":false},"excerpt":{"rendered":"\u00a1DE LA RAVE AL ROCK EN EL FESTIVAL CRU\u00cfLLA 2026! Vivir a tus artistas favoritos en directo es una experiencia \u00fanica, y no se puede hacer en cualquier lugar. El viernes 11 de julio te acercamos al ritmo, al groove y al baile de quienes realmente rompen barreras. &nbsp; \u00a1Compra aqu\u00ed tu entrada para el&#8230; <a class=\"view-article\" href=\"https:\/\/www.cruillabarcelona.com\/es\/divendres-2026\/\">Ver art\u00edculo<\/a>","protected":false},"author":2,"featured_media":61985,"parent":0,"menu_order":0,"comment_status":"closed","ping_status":"closed","template":"page-templates\/page-landing.php","meta":{"_acf_changed":false,"footnotes":""},"class_list":["post-10666","page","type-page","status-publish","has-post-thumbnail","hentry"],"acf":[],"yoast_head":"<!-- This site is optimized with the Yoast SEO plugin v27.3 - https:\/\/yoast.com\/product\/yoast-seo-wordpress\/ -->\n<title>Viernes 10 de julio - Festival Cru\u00eflla 2026<\/title>\n<meta name=\"description\" content=\"Programaci\u00f3n y venta de entradas para el viernes 10 de julio en el Festival Cru\u00eflla 2026. David Byrne, The Black Crowes, Bomba Est\u00e9reo y muchos m\u00e1s.\" \/>\n<meta name=\"robots\" content=\"index, follow, max-snippet:-1, max-image-preview:large, max-video-preview:-1\" \/>\n<link rel=\"canonical\" href=\"https:\/\/www.cruillabarcelona.com\/es\/divendres-2026\/\" \/>\n<meta property=\"og:locale\" content=\"es_ES\" \/>\n<meta property=\"og:type\" content=\"article\" \/>\n<meta property=\"og:title\" content=\"Viernes 10 de julio - Festival Cru\u00eflla 2026\" \/>\n<meta property=\"og:description\" content=\"Programaci\u00f3n y venta de entradas para el viernes 10 de julio en el Festival Cru\u00eflla 2026. David Byrne, The Black Crowes, Bomba Est\u00e9reo y muchos m\u00e1s.\" \/>\n<meta property=\"og:url\" content=\"https:\/\/www.cruillabarcelona.com\/es\/divendres-2026\/\" \/>\n<meta property=\"og:site_name\" content=\"Festival Cru\u00eflla\" \/>\n<meta property=\"article:modified_time\" content=\"2026-03-22T11:12:10+00:00\" \/>\n<meta property=\"og:image\" content=\"https:\/\/www.cruillabarcelona.com\/wp-content\/uploads\/2026\/01\/Portada_LandingDivendres.jpg\" \/>\n\t<meta property=\"og:image:width\" content=\"2000\" \/>\n\t<meta property=\"og:image:height\" content=\"500\" \/>\n\t<meta property=\"og:image:type\" content=\"image\/jpeg\" \/>\n<meta name=\"twitter:card\" content=\"summary_large_image\" \/>\n<meta name=\"twitter:label1\" content=\"Tiempo de lectura\" \/>\n\t<meta name=\"twitter:data1\" content=\"3 minutos\" \/>\n<script type=\"application\/ld+json\" class=\"yoast-schema-graph\">{\"@context\":\"https:\\\/\\\/schema.org\",\"@graph\":[{\"@type\":\"WebPage\",\"@id\":\"https:\\\/\\\/www.cruillabarcelona.com\\\/es\\\/divendres-2026\\\/\",\"url\":\"https:\\\/\\\/www.cruillabarcelona.com\\\/es\\\/divendres-2026\\\/\",\"name\":\"Viernes 10 de julio - Festival Cru\u00eflla 2026\",\"isPartOf\":{\"@id\":\"https:\\\/\\\/www.cruillabarcelona.com\\\/es\\\/#website\"},\"primaryImageOfPage\":{\"@id\":\"https:\\\/\\\/www.cruillabarcelona.com\\\/es\\\/divendres-2026\\\/#primaryimage\"},\"image\":{\"@id\":\"https:\\\/\\\/www.cruillabarcelona.com\\\/es\\\/divendres-2026\\\/#primaryimage\"},\"thumbnailUrl\":\"https:\\\/\\\/www.cruillabarcelona.com\\\/wp-content\\\/uploads\\\/2026\\\/01\\\/Portada_LandingDivendres.jpg\",\"datePublished\":\"2018-05-07T09:02:08+00:00\",\"dateModified\":\"2026-03-22T11:12:10+00:00\",\"description\":\"Programaci\u00f3n y venta de entradas para el viernes 10 de julio en el Festival Cru\u00eflla 2026. David Byrne, The Black Crowes, Bomba Est\u00e9reo y muchos m\u00e1s.\",\"breadcrumb\":{\"@id\":\"https:\\\/\\\/www.cruillabarcelona.com\\\/es\\\/divendres-2026\\\/#breadcrumb\"},\"inLanguage\":\"es\",\"potentialAction\":[{\"@type\":\"ReadAction\",\"target\":[\"https:\\\/\\\/www.cruillabarcelona.com\\\/es\\\/divendres-2026\\\/\"]}]},{\"@type\":\"ImageObject\",\"inLanguage\":\"es\",\"@id\":\"https:\\\/\\\/www.cruillabarcelona.com\\\/es\\\/divendres-2026\\\/#primaryimage\",\"url\":\"https:\\\/\\\/www.cruillabarcelona.com\\\/wp-content\\\/uploads\\\/2026\\\/01\\\/Portada_LandingDivendres.jpg\",\"contentUrl\":\"https:\\\/\\\/www.cruillabarcelona.com\\\/wp-content\\\/uploads\\\/2026\\\/01\\\/Portada_LandingDivendres.jpg\",\"width\":2000,\"height\":500},{\"@type\":\"BreadcrumbList\",\"@id\":\"https:\\\/\\\/www.cruillabarcelona.com\\\/es\\\/divendres-2026\\\/#breadcrumb\",\"itemListElement\":[{\"@type\":\"ListItem\",\"position\":1,\"name\":\"Home\",\"item\":\"https:\\\/\\\/www.cruillabarcelona.com\\\/es\\\/\"},{\"@type\":\"ListItem\",\"position\":2,\"name\":\"Viernes 10 de julio &#8211; Festival Cru\u00eflla 2026\"}]},{\"@type\":\"WebSite\",\"@id\":\"https:\\\/\\\/www.cruillabarcelona.com\\\/es\\\/#website\",\"url\":\"https:\\\/\\\/www.cruillabarcelona.com\\\/es\\\/\",\"name\":\"Festival Cru\u00eflla\",\"description\":\"\",\"potentialAction\":[{\"@type\":\"SearchAction\",\"target\":{\"@type\":\"EntryPoint\",\"urlTemplate\":\"https:\\\/\\\/www.cruillabarcelona.com\\\/es\\\/?s={search_term_string}\"},\"query-input\":{\"@type\":\"PropertyValueSpecification\",\"valueRequired\":true,\"valueName\":\"search_term_string\"}}],\"inLanguage\":\"es\"}]}<\/script>\n<!-- \/ Yoast SEO plugin. -->","yoast_head_json":{"title":"Viernes 10 de julio - Festival Cru\u00eflla 2026","description":"Programaci\u00f3n y venta de entradas para el viernes 10 de julio en el Festival Cru\u00eflla 2026. David Byrne, The Black Crowes, Bomba Est\u00e9reo y muchos m\u00e1s.","robots":{"index":"index","follow":"follow","max-snippet":"max-snippet:-1","max-image-preview":"max-image-preview:large","max-video-preview":"max-video-preview:-1"},"canonical":"https:\/\/www.cruillabarcelona.com\/es\/divendres-2026\/","og_locale":"es_ES","og_type":"article","og_title":"Viernes 10 de julio - Festival Cru\u00eflla 2026","og_description":"Programaci\u00f3n y venta de entradas para el viernes 10 de julio en el Festival Cru\u00eflla 2026. David Byrne, The Black Crowes, Bomba Est\u00e9reo y muchos m\u00e1s.","og_url":"https:\/\/www.cruillabarcelona.com\/es\/divendres-2026\/","og_site_name":"Festival Cru\u00eflla","article_modified_time":"2026-03-22T11:12:10+00:00","og_image":[{"width":2000,"height":500,"url":"https:\/\/www.cruillabarcelona.com\/wp-content\/uploads\/2026\/01\/Portada_LandingDivendres.jpg","type":"image\/jpeg"}],"twitter_card":"summary_large_image","twitter_misc":{"Tiempo de lectura":"3 minutos"},"schema":{"@context":"https:\/\/schema.org","@graph":[{"@type":"WebPage","@id":"https:\/\/www.cruillabarcelona.com\/es\/divendres-2026\/","url":"https:\/\/www.cruillabarcelona.com\/es\/divendres-2026\/","name":"Viernes 10 de julio - Festival Cru\u00eflla 2026","isPartOf":{"@id":"https:\/\/www.cruillabarcelona.com\/es\/#website"},"primaryImageOfPage":{"@id":"https:\/\/www.cruillabarcelona.com\/es\/divendres-2026\/#primaryimage"},"image":{"@id":"https:\/\/www.cruillabarcelona.com\/es\/divendres-2026\/#primaryimage"},"thumbnailUrl":"https:\/\/www.cruillabarcelona.com\/wp-content\/uploads\/2026\/01\/Portada_LandingDivendres.jpg","datePublished":"2018-05-07T09:02:08+00:00","dateModified":"2026-03-22T11:12:10+00:00","description":"Programaci\u00f3n y venta de entradas para el viernes 10 de julio en el Festival Cru\u00eflla 2026. David Byrne, The Black Crowes, Bomba Est\u00e9reo y muchos m\u00e1s.","breadcrumb":{"@id":"https:\/\/www.cruillabarcelona.com\/es\/divendres-2026\/#breadcrumb"},"inLanguage":"es","potentialAction":[{"@type":"ReadAction","target":["https:\/\/www.cruillabarcelona.com\/es\/divendres-2026\/"]}]},{"@type":"ImageObject","inLanguage":"es","@id":"https:\/\/www.cruillabarcelona.com\/es\/divendres-2026\/#primaryimage","url":"https:\/\/www.cruillabarcelona.com\/wp-content\/uploads\/2026\/01\/Portada_LandingDivendres.jpg","contentUrl":"https:\/\/www.cruillabarcelona.com\/wp-content\/uploads\/2026\/01\/Portada_LandingDivendres.jpg","width":2000,"height":500},{"@type":"BreadcrumbList","@id":"https:\/\/www.cruillabarcelona.com\/es\/divendres-2026\/#breadcrumb","itemListElement":[{"@type":"ListItem","position":1,"name":"Home","item":"https:\/\/www.cruillabarcelona.com\/es\/"},{"@type":"ListItem","position":2,"name":"Viernes 10 de julio &#8211; Festival Cru\u00eflla 2026"}]},{"@type":"WebSite","@id":"https:\/\/www.cruillabarcelona.com\/es\/#website","url":"https:\/\/www.cruillabarcelona.com\/es\/","name":"Festival Cru\u00eflla","description":"","potentialAction":[{"@type":"SearchAction","target":{"@type":"EntryPoint","urlTemplate":"https:\/\/www.cruillabarcelona.com\/es\/?s={search_term_string}"},"query-input":{"@type":"PropertyValueSpecification","valueRequired":true,"valueName":"search_term_string"}}],"inLanguage":"es"}]}},"_links":{"self":[{"href":"https:\/\/www.cruillabarcelona.com\/es\/wp-json\/wp\/v2\/pages\/10666","targetHints":{"allow":["GET"]}}],"collection":[{"href":"https:\/\/www.cruillabarcelona.com\/es\/wp-json\/wp\/v2\/pages"}],"about":[{"href":"https:\/\/www.cruillabarcelona.com\/es\/wp-json\/wp\/v2\/types\/page"}],"author":[{"embeddable":true,"href":"https:\/\/www.cruillabarcelona.com\/es\/wp-json\/wp\/v2\/users\/2"}],"replies":[{"embeddable":true,"href":"https:\/\/www.cruillabarcelona.com\/es\/wp-json\/wp\/v2\/comments?post=10666"}],"version-history":[{"count":5,"href":"https:\/\/www.cruillabarcelona.com\/es\/wp-json\/wp\/v2\/pages\/10666\/revisions"}],"predecessor-version":[{"id":62658,"href":"https:\/\/www.cruillabarcelona.com\/es\/wp-json\/wp\/v2\/pages\/10666\/revisions\/62658"}],"wp:featuredmedia":[{"embeddable":true,"href":"https:\/\/www.cruillabarcelona.com\/es\/wp-json\/wp\/v2\/media\/61985"}],"wp:attachment":[{"href":"https:\/\/www.cruillabarcelona.com\/es\/wp-json\/wp\/v2\/media?parent=10666"}],"curies":[{"name":"wp","href":"https:\/\/api.w.org\/{rel}","templated":true}]}}