{"id":10674,"date":"2018-05-07T09:04:56","date_gmt":"2018-05-07T09:04:56","guid":{"rendered":"https:\/\/www.cruillabarcelona.com\/proximamente\/?page_id=10674"},"modified":"2026-03-10T14:37:33","modified_gmt":"2026-03-10T12:37:33","slug":"dissabte-2026","status":"publish","type":"page","link":"https:\/\/www.cruillabarcelona.com\/es\/dissabte-2026\/","title":{"rendered":"S\u00e1bado 11 de julio &#8211; Festival Cru\u00eflla 2026"},"content":{"rendered":"<h2 style=\"text-align: center;\">\u00a1Leyendas e iconos en el Festival Cru\u00eflla 2026!<\/h2>\n<p class=\"monday-block-1\" contenteditable=\"true\" data-monday-block-type=\"1\" data-monday-block-content=\"[{&quot;insert&quot;:&quot;Hay artistas que no solo hacen m\u00fasica, sino que imponen una actitud que marca generaciones. El s\u00e1bado 11 de julio, todos los estilos y tus grupos favoritos se re\u00fanen&quot;},{&quot;attributes&quot;:{&quot;bold&quot;:true},&quot;insert&quot;:&quot; en un solo d\u00eda en el Parc del F\u00f2rum&quot;},{&quot;insert&quot;:&quot;.&quot;}]\" data-inline-monday=\"true\">Hay artistas que no solo hacen m\u00fasica, sino que imponen una actitud que marca generaciones. El s\u00e1bado 11 de julio, todos los estilos y tus grupos favoritos se re\u00fanen<strong> en un solo d\u00eda en el Parc del F\u00f2rum<\/strong>.<\/p>\n<p>&nbsp;<\/p>\n<p><img loading=\"lazy\" decoding=\"async\" class=\"aligncenter wp-image-62483 \" src=\"https:\/\/www.cruillabarcelona.com\/wp-content\/uploads\/2026\/03\/Dissabte_ES.png\" alt=\"Landing dissabte 11 juliol 2026 Cru\u00eflla\" width=\"922\" height=\"461\" srcset=\"https:\/\/www.cruillabarcelona.com\/wp-content\/uploads\/2026\/03\/Dissabte_ES.png 1200w, https:\/\/www.cruillabarcelona.com\/wp-content\/uploads\/2026\/03\/Dissabte_ES-1024x512.png 1024w, https:\/\/www.cruillabarcelona.com\/wp-content\/uploads\/2026\/03\/Dissabte_ES-768x384.png 768w, https:\/\/www.cruillabarcelona.com\/wp-content\/uploads\/2026\/03\/Dissabte_ES-300x150.png 300w\" sizes=\"auto, (max-width: 922px) 100vw, 922px\" \/><\/p>\n<p style=\"text-align: center;\"><em><b>\u00a1Compra aqu\u00ed tu entrada para el s\u00e1bado o tu abono!<\/b><\/em><\/p>\n<p style=\"text-align: center;\"><a class=\"button round    large\" href=\"https:\/\/tickets.oneboxtds.com\/cruilla\/select\/2556131?hl=ca-ES\"  target=\"_blank\"><i class=\"glyphicon fi-ticket\"><\/i> ENTRADA s\u00e1bado<\/a><\/p>\n<p style=\"text-align: center;\"><a class=\"button round    large\" href=\"https:\/\/www.cruillabarcelona.com\/es\/tickets\/\"  target=\"_blank\"><i class=\"glyphicon fi-ticket\"><\/i> abonos<\/a><\/p>\n<p class=\"monday-block-1\" contenteditable=\"true\" data-monday-block-type=\"1\" data-monday-block-content=\"[{&quot;insert&quot;:&quot;\u00bfQui\u00e9n no ha bailado al ritmo de &quot;},{&quot;attributes&quot;:{&quot;italic&quot;:true},&quot;insert&quot;:&quot;Insomnia&quot;},{&quot;insert&quot;:&quot; o &quot;},{&quot;attributes&quot;:{&quot;italic&quot;:true},&quot;insert&quot;:&quot;God is a DJ&quot;},{&quot;insert&quot;:&quot;? Para &quot;},{&quot;attributes&quot;:{&quot;bold&quot;:true},&quot;insert&quot;:&quot;Faithless&quot;},{&quot;insert&quot;:&quot;, la m\u00fasica es sagrada. Revive el m\u00edtico &quot;},{&quot;attributes&quot;:{&quot;italic&quot;:true},&quot;insert&quot;:&quot;\u201cThis is my church\u201d&quot;},{&quot;insert&quot;:&quot; en una noche en la que la electr\u00f3nica se convertir\u00e1 en un ritual colectivo.&quot;}]\" data-inline-monday=\"true\">\u00bfQui\u00e9n no ha bailado al ritmo de <em>Insomnia<\/em> o <em>God is a DJ<\/em>? Para <strong>Faithless<\/strong>, la m\u00fasica es sagrada. Revive el m\u00edtico <em>\u201cThis is my church\u201d<\/em> en una noche en la que la electr\u00f3nica se convertir\u00e1 en un ritual colectivo.<\/p>\n<p style=\"text-align: center;\"><div class=\"flex-video   widescreen\"><iframe loading=\"lazy\" width=\"420\" height=\"315\" src=\"\/\/www.youtube.com\/embed\/P8JEm4d6Wu4\" allowfullscreen=\"true\"><\/iframe><\/div><\/p>\n<p class=\"monday-block-1\" contenteditable=\"true\" data-monday-block-type=\"1\" data-monday-block-content=\"[{&quot;insert&quot;:&quot;Directamente desde los grandes estadios y tras girar con leyendas como los Rolling Stones, &quot;},{&quot;attributes&quot;:{&quot;bold&quot;:true},&quot;insert&quot;:&quot;The Hives&quot;},{&quot;insert&quot;:&quot; llegan para hacer temblar Barcelona con su energ\u00eda salvaje. Actitud y rock en estado puro.&quot;}]\" data-inline-monday=\"true\">Directamente desde los grandes estadios y tras girar con leyendas como los Rolling Stones, <strong>The Hives<\/strong> llegan para hacer temblar Barcelona con su energ\u00eda salvaje. Actitud y rock en estado puro.<\/p>\n<p style=\"text-align: center;\"><div class=\"flex-video   widescreen\"><iframe loading=\"lazy\" width=\"420\" height=\"315\" src=\"\/\/www.youtube.com\/embed\/Uz1Jwyxd4tE\" allowfullscreen=\"true\"><\/iframe><\/div><\/p>\n<p class=\"monday-block-1\" contenteditable=\"true\" data-monday-block-type=\"1\" data-monday-block-content=\"[{&quot;insert&quot;:&quot;Y de los grandes nombres internacionales, a casa: vuelve &quot;},{&quot;attributes&quot;:{&quot;bold&quot;:true},&quot;insert&quot;:&quot;Rigoberta Bandini&quot;},{&quot;insert&quot;:&quot; con una propuesta disruptiva y con himnos que han roto todas las convenciones. No hay nadie como ella, \u00a1y no pod\u00eda faltar en el Festival Cru\u00eflla 2026!&quot;}]\" data-inline-monday=\"true\">Y de los grandes nombres internacionales, a casa: vuelve <strong>Rigoberta Bandini<\/strong> con una propuesta disruptiva y con himnos que han roto todas las convenciones. No hay nadie como ella, \u00a1y no pod\u00eda faltar en el Festival Cru\u00eflla 2026!<\/p>\n<p style=\"text-align: center;\"><div class=\"flex-video   widescreen\"><iframe loading=\"lazy\" width=\"420\" height=\"315\" src=\"\/\/www.youtube.com\/embed\/KaDzaKYgAjY\" allowfullscreen=\"true\"><\/iframe><\/div><\/p>\n<p class=\"monday-block-1\" contenteditable=\"true\" data-monday-block-type=\"1\" data-monday-block-content=\"[{&quot;attributes&quot;:{&quot;bold&quot;:true},&quot;insert&quot;:&quot;Two Door Cinema Club&quot;},{&quot;insert&quot;:&quot; han sido la banda sonora de nuestros momentos m\u00e1s felices y, cada vez que nos visitan, demuestran tener una conexi\u00f3n \u00fanica con el p\u00fablico. Volveremos a montar una aut\u00e9ntica fiesta con una banda que pr\u00e1cticamente ya consideramos amiga.&quot;}]\" data-inline-monday=\"true\"><strong>Two Door Cinema Club<\/strong> han sido la banda sonora de nuestros momentos m\u00e1s felices y, cada vez que nos visitan, demuestran tener una conexi\u00f3n \u00fanica con el p\u00fablico. Volveremos a montar una aut\u00e9ntica fiesta con una banda que pr\u00e1cticamente ya consideramos amiga.<\/p>\n<p style=\"text-align: center;\"><div class=\"flex-video   widescreen\"><iframe loading=\"lazy\" width=\"420\" height=\"315\" src=\"\/\/www.youtube.com\/embed\/YXwYJyrKK5A\" allowfullscreen=\"true\"><\/iframe><\/div><\/p>\n<p class=\"monday-block-1\" contenteditable=\"true\" data-monday-block-type=\"1\" data-monday-block-content=\"[{&quot;insert&quot;:&quot;Despu\u00e9s de a\u00f1os intent\u00e1ndolo, por fin llega la fiesta inagotable de &quot;},{&quot;attributes&quot;:{&quot;bold&quot;:true},&quot;insert&quot;:&quot;Jovanotti&quot;},{&quot;insert&quot;:&quot;. Fen\u00f3meno indescriptible y figura identitaria clave de la cultura italiana, nos ofrecer\u00e1 un show \u00fanico que no te puedes perder.&quot;}]\" data-inline-monday=\"true\">Despu\u00e9s de a\u00f1os intent\u00e1ndolo, por fin llega la fiesta inagotable de <strong>Jovanotti<\/strong>. Fen\u00f3meno indescriptible y figura identitaria clave de la cultura italiana, nos ofrecer\u00e1 un show \u00fanico que no te puedes perder.<\/p>\n<p style=\"text-align: center;\"><div class=\"flex-video   widescreen\"><iframe loading=\"lazy\" width=\"420\" height=\"315\" src=\"\/\/www.youtube.com\/embed\/pM1nOC_equc\" allowfullscreen=\"true\"><\/iframe><\/div><\/p>\n<p class=\"monday-block-1\" contenteditable=\"true\" data-monday-block-type=\"1\" data-monday-block-content=\"[{&quot;insert&quot;:&quot;Pero la fiesta no se detiene aqu\u00ed. Completan el cartel grandes nombres que convertir\u00e1n el Parc del F\u00f2rum en un escenario inolvidable: el genio y el virtuosismo de &quot;},{&quot;attributes&quot;:{&quot;bold&quot;:true},&quot;insert&quot;:&quot;Jon Batiste&quot;},{&quot;insert&quot;:&quot;, la electr\u00f3nica de &quot;},{&quot;attributes&quot;:{&quot;bold&quot;:true},&quot;insert&quot;:&quot;Polo &amp; Pan&quot;},{&quot;insert&quot;:&quot; y &quot;},{&quot;attributes&quot;:{&quot;bold&quot;:true},&quot;insert&quot;:&quot;Chico Blanco&quot;},{&quot;insert&quot;:&quot;, el legado hist\u00f3rico de &quot;},{&quot;attributes&quot;:{&quot;bold&quot;:true},&quot;insert&quot;:&quot;Els Pets&quot;},{&quot;insert&quot;:&quot;, lo mejor del nuevo panorama musical con &quot;},{&quot;attributes&quot;:{&quot;bold&quot;:true},&quot;insert&quot;:&quot;Ludwig Band&quot;},{&quot;insert&quot;:&quot; y &quot;},{&quot;attributes&quot;:{&quot;bold&quot;:true},&quot;insert&quot;:&quot;Svetlana&quot;},{&quot;insert&quot;:&quot;, \u00a1y muchos m\u00e1s!&quot;}]\" data-inline-monday=\"true\">Pero la fiesta no se detiene aqu\u00ed. Completan el cartel grandes nombres que convertir\u00e1n el Parc del F\u00f2rum en un escenario inolvidable: el genio y el virtuosismo de <strong>Jon Batiste<\/strong>, la electr\u00f3nica de <strong>Polo &amp; Pan<\/strong> y <strong>Chico Blanco<\/strong>, el legado hist\u00f3rico de <strong>Els Pets<\/strong>, lo mejor del nuevo panorama musical con <strong>Ludwig Band<\/strong> y <strong>Svetlana<\/strong>, \u00a1y muchos m\u00e1s!<\/p>\n<h3 style=\"text-align: center;\">\u00a1Nos vemos en el Festival Cru\u00eflla 2026!<\/h3>\n","protected":false},"excerpt":{"rendered":"\u00a1Leyendas e iconos en el Festival Cru\u00eflla 2026! Hay artistas que no solo hacen m\u00fasica, sino que imponen una actitud que marca generaciones. El s\u00e1bado 11 de julio, todos los estilos y tus grupos favoritos se re\u00fanen en un solo d\u00eda en el Parc del F\u00f2rum. &nbsp; \u00a1Compra aqu\u00ed tu entrada para el s\u00e1bado o&#8230; <a class=\"view-article\" href=\"https:\/\/www.cruillabarcelona.com\/es\/dissabte-2026\/\">Ver art\u00edculo<\/a>","protected":false},"author":2,"featured_media":62002,"parent":0,"menu_order":0,"comment_status":"closed","ping_status":"closed","template":"page-templates\/page-landing.php","meta":{"_acf_changed":false,"footnotes":""},"class_list":["post-10674","page","type-page","status-publish","has-post-thumbnail","hentry"],"acf":[],"yoast_head":"<!-- This site is optimized with the Yoast SEO plugin v27.3 - https:\/\/yoast.com\/product\/yoast-seo-wordpress\/ -->\n<title>S\u00e1bado 11 de julio - Festival Cru\u00eflla 2026<\/title>\n<meta name=\"description\" content=\"Programaci\u00f3n y venta de entradas para el s\u00e1bado 11 de julio en el Festival Cru\u00eflla 2026. Faithless, The Hives, Rigoberta Bandini y muchos m\u00e1s\" \/>\n<meta name=\"robots\" content=\"index, follow, max-snippet:-1, max-image-preview:large, max-video-preview:-1\" \/>\n<link rel=\"canonical\" href=\"https:\/\/www.cruillabarcelona.com\/es\/dissabte-2026\/\" \/>\n<meta property=\"og:locale\" content=\"es_ES\" \/>\n<meta property=\"og:type\" content=\"article\" \/>\n<meta property=\"og:title\" content=\"S\u00e1bado 11 de julio - Festival Cru\u00eflla 2026\" \/>\n<meta property=\"og:description\" content=\"Programaci\u00f3n y venta de entradas para el s\u00e1bado 11 de julio en el Festival Cru\u00eflla 2026. Faithless, The Hives, Rigoberta Bandini y muchos m\u00e1s\" \/>\n<meta property=\"og:url\" content=\"https:\/\/www.cruillabarcelona.com\/es\/dissabte-2026\/\" \/>\n<meta property=\"og:site_name\" content=\"Festival Cru\u00eflla\" \/>\n<meta property=\"article:modified_time\" content=\"2026-03-10T12:37:33+00:00\" \/>\n<meta property=\"og:image\" content=\"https:\/\/www.cruillabarcelona.com\/wp-content\/uploads\/2026\/01\/Portada_LandingDissabte.jpg\" \/>\n\t<meta property=\"og:image:width\" content=\"2000\" \/>\n\t<meta property=\"og:image:height\" content=\"500\" \/>\n\t<meta property=\"og:image:type\" content=\"image\/jpeg\" \/>\n<meta name=\"twitter:card\" content=\"summary_large_image\" \/>\n<meta name=\"twitter:label1\" content=\"Tiempo de lectura\" \/>\n\t<meta name=\"twitter:data1\" content=\"3 minutos\" \/>\n<script type=\"application\/ld+json\" class=\"yoast-schema-graph\">{\"@context\":\"https:\\\/\\\/schema.org\",\"@graph\":[{\"@type\":\"WebPage\",\"@id\":\"https:\\\/\\\/www.cruillabarcelona.com\\\/es\\\/dissabte-2026\\\/\",\"url\":\"https:\\\/\\\/www.cruillabarcelona.com\\\/es\\\/dissabte-2026\\\/\",\"name\":\"S\u00e1bado 11 de julio - Festival Cru\u00eflla 2026\",\"isPartOf\":{\"@id\":\"https:\\\/\\\/www.cruillabarcelona.com\\\/es\\\/#website\"},\"primaryImageOfPage\":{\"@id\":\"https:\\\/\\\/www.cruillabarcelona.com\\\/es\\\/dissabte-2026\\\/#primaryimage\"},\"image\":{\"@id\":\"https:\\\/\\\/www.cruillabarcelona.com\\\/es\\\/dissabte-2026\\\/#primaryimage\"},\"thumbnailUrl\":\"https:\\\/\\\/www.cruillabarcelona.com\\\/wp-content\\\/uploads\\\/2026\\\/01\\\/Portada_LandingDissabte.jpg\",\"datePublished\":\"2018-05-07T09:04:56+00:00\",\"dateModified\":\"2026-03-10T12:37:33+00:00\",\"description\":\"Programaci\u00f3n y venta de entradas para el s\u00e1bado 11 de julio en el Festival Cru\u00eflla 2026. Faithless, The Hives, Rigoberta Bandini y muchos m\u00e1s\",\"breadcrumb\":{\"@id\":\"https:\\\/\\\/www.cruillabarcelona.com\\\/es\\\/dissabte-2026\\\/#breadcrumb\"},\"inLanguage\":\"es\",\"potentialAction\":[{\"@type\":\"ReadAction\",\"target\":[\"https:\\\/\\\/www.cruillabarcelona.com\\\/es\\\/dissabte-2026\\\/\"]}]},{\"@type\":\"ImageObject\",\"inLanguage\":\"es\",\"@id\":\"https:\\\/\\\/www.cruillabarcelona.com\\\/es\\\/dissabte-2026\\\/#primaryimage\",\"url\":\"https:\\\/\\\/www.cruillabarcelona.com\\\/wp-content\\\/uploads\\\/2026\\\/01\\\/Portada_LandingDissabte.jpg\",\"contentUrl\":\"https:\\\/\\\/www.cruillabarcelona.com\\\/wp-content\\\/uploads\\\/2026\\\/01\\\/Portada_LandingDissabte.jpg\",\"width\":2000,\"height\":500},{\"@type\":\"BreadcrumbList\",\"@id\":\"https:\\\/\\\/www.cruillabarcelona.com\\\/es\\\/dissabte-2026\\\/#breadcrumb\",\"itemListElement\":[{\"@type\":\"ListItem\",\"position\":1,\"name\":\"Home\",\"item\":\"https:\\\/\\\/www.cruillabarcelona.com\\\/es\\\/\"},{\"@type\":\"ListItem\",\"position\":2,\"name\":\"S\u00e1bado 11 de julio &#8211; Festival Cru\u00eflla 2026\"}]},{\"@type\":\"WebSite\",\"@id\":\"https:\\\/\\\/www.cruillabarcelona.com\\\/es\\\/#website\",\"url\":\"https:\\\/\\\/www.cruillabarcelona.com\\\/es\\\/\",\"name\":\"Festival Cru\u00eflla\",\"description\":\"\",\"potentialAction\":[{\"@type\":\"SearchAction\",\"target\":{\"@type\":\"EntryPoint\",\"urlTemplate\":\"https:\\\/\\\/www.cruillabarcelona.com\\\/es\\\/?s={search_term_string}\"},\"query-input\":{\"@type\":\"PropertyValueSpecification\",\"valueRequired\":true,\"valueName\":\"search_term_string\"}}],\"inLanguage\":\"es\"}]}<\/script>\n<!-- \/ Yoast SEO plugin. -->","yoast_head_json":{"title":"S\u00e1bado 11 de julio - Festival Cru\u00eflla 2026","description":"Programaci\u00f3n y venta de entradas para el s\u00e1bado 11 de julio en el Festival Cru\u00eflla 2026. Faithless, The Hives, Rigoberta Bandini y muchos m\u00e1s","robots":{"index":"index","follow":"follow","max-snippet":"max-snippet:-1","max-image-preview":"max-image-preview:large","max-video-preview":"max-video-preview:-1"},"canonical":"https:\/\/www.cruillabarcelona.com\/es\/dissabte-2026\/","og_locale":"es_ES","og_type":"article","og_title":"S\u00e1bado 11 de julio - Festival Cru\u00eflla 2026","og_description":"Programaci\u00f3n y venta de entradas para el s\u00e1bado 11 de julio en el Festival Cru\u00eflla 2026. Faithless, The Hives, Rigoberta Bandini y muchos m\u00e1s","og_url":"https:\/\/www.cruillabarcelona.com\/es\/dissabte-2026\/","og_site_name":"Festival Cru\u00eflla","article_modified_time":"2026-03-10T12:37:33+00:00","og_image":[{"width":2000,"height":500,"url":"https:\/\/www.cruillabarcelona.com\/wp-content\/uploads\/2026\/01\/Portada_LandingDissabte.jpg","type":"image\/jpeg"}],"twitter_card":"summary_large_image","twitter_misc":{"Tiempo de lectura":"3 minutos"},"schema":{"@context":"https:\/\/schema.org","@graph":[{"@type":"WebPage","@id":"https:\/\/www.cruillabarcelona.com\/es\/dissabte-2026\/","url":"https:\/\/www.cruillabarcelona.com\/es\/dissabte-2026\/","name":"S\u00e1bado 11 de julio - Festival Cru\u00eflla 2026","isPartOf":{"@id":"https:\/\/www.cruillabarcelona.com\/es\/#website"},"primaryImageOfPage":{"@id":"https:\/\/www.cruillabarcelona.com\/es\/dissabte-2026\/#primaryimage"},"image":{"@id":"https:\/\/www.cruillabarcelona.com\/es\/dissabte-2026\/#primaryimage"},"thumbnailUrl":"https:\/\/www.cruillabarcelona.com\/wp-content\/uploads\/2026\/01\/Portada_LandingDissabte.jpg","datePublished":"2018-05-07T09:04:56+00:00","dateModified":"2026-03-10T12:37:33+00:00","description":"Programaci\u00f3n y venta de entradas para el s\u00e1bado 11 de julio en el Festival Cru\u00eflla 2026. Faithless, The Hives, Rigoberta Bandini y muchos m\u00e1s","breadcrumb":{"@id":"https:\/\/www.cruillabarcelona.com\/es\/dissabte-2026\/#breadcrumb"},"inLanguage":"es","potentialAction":[{"@type":"ReadAction","target":["https:\/\/www.cruillabarcelona.com\/es\/dissabte-2026\/"]}]},{"@type":"ImageObject","inLanguage":"es","@id":"https:\/\/www.cruillabarcelona.com\/es\/dissabte-2026\/#primaryimage","url":"https:\/\/www.cruillabarcelona.com\/wp-content\/uploads\/2026\/01\/Portada_LandingDissabte.jpg","contentUrl":"https:\/\/www.cruillabarcelona.com\/wp-content\/uploads\/2026\/01\/Portada_LandingDissabte.jpg","width":2000,"height":500},{"@type":"BreadcrumbList","@id":"https:\/\/www.cruillabarcelona.com\/es\/dissabte-2026\/#breadcrumb","itemListElement":[{"@type":"ListItem","position":1,"name":"Home","item":"https:\/\/www.cruillabarcelona.com\/es\/"},{"@type":"ListItem","position":2,"name":"S\u00e1bado 11 de julio &#8211; Festival Cru\u00eflla 2026"}]},{"@type":"WebSite","@id":"https:\/\/www.cruillabarcelona.com\/es\/#website","url":"https:\/\/www.cruillabarcelona.com\/es\/","name":"Festival Cru\u00eflla","description":"","potentialAction":[{"@type":"SearchAction","target":{"@type":"EntryPoint","urlTemplate":"https:\/\/www.cruillabarcelona.com\/es\/?s={search_term_string}"},"query-input":{"@type":"PropertyValueSpecification","valueRequired":true,"valueName":"search_term_string"}}],"inLanguage":"es"}]}},"_links":{"self":[{"href":"https:\/\/www.cruillabarcelona.com\/es\/wp-json\/wp\/v2\/pages\/10674","targetHints":{"allow":["GET"]}}],"collection":[{"href":"https:\/\/www.cruillabarcelona.com\/es\/wp-json\/wp\/v2\/pages"}],"about":[{"href":"https:\/\/www.cruillabarcelona.com\/es\/wp-json\/wp\/v2\/types\/page"}],"author":[{"embeddable":true,"href":"https:\/\/www.cruillabarcelona.com\/es\/wp-json\/wp\/v2\/users\/2"}],"replies":[{"embeddable":true,"href":"https:\/\/www.cruillabarcelona.com\/es\/wp-json\/wp\/v2\/comments?post=10674"}],"version-history":[{"count":5,"href":"https:\/\/www.cruillabarcelona.com\/es\/wp-json\/wp\/v2\/pages\/10674\/revisions"}],"predecessor-version":[{"id":62487,"href":"https:\/\/www.cruillabarcelona.com\/es\/wp-json\/wp\/v2\/pages\/10674\/revisions\/62487"}],"wp:featuredmedia":[{"embeddable":true,"href":"https:\/\/www.cruillabarcelona.com\/es\/wp-json\/wp\/v2\/media\/62002"}],"wp:attachment":[{"href":"https:\/\/www.cruillabarcelona.com\/es\/wp-json\/wp\/v2\/media?parent=10674"}],"curies":[{"name":"wp","href":"https:\/\/api.w.org\/{rel}","templated":true}]}}