{"id":10695,"date":"2018-05-07T09:16:09","date_gmt":"2018-05-07T09:16:09","guid":{"rendered":"https:\/\/www.cruillabarcelona.com\/proximamente\/?page_id=10695"},"modified":"2018-06-05T16:10:08","modified_gmt":"2018-06-05T14:10:08","slug":"vuelve-al-cruilla","status":"publish","type":"page","link":"https:\/\/www.cruillabarcelona.com\/es\/vuelve-al-cruilla\/","title":{"rendered":"\u00a1Vuelve al Festival Cru\u00eflla!"},"content":{"rendered":"<h2 style=\"text-align: justify;\">Te esperamos en el Parc del F\u00f2rum los d\u00edas 12, 13 y 14 de julio<\/h2>\n<p style=\"text-align: justify;\">Has disfrutado del Festival Cru\u00eflla en diversas ocasiones, y queremos agradecerte tu fidelidad. Por eso hemos creado este descuento exclusivo para ti, \u00a1para que este 2018 nos vuelvas a acompa\u00f1ar!<\/p>\n<p>Consigue tus entradas:<\/p>\n<p style=\"text-align: center;\"><a class=\"button     \" href=\"https:\/\/www.portalticket.com\/entradas\/cruilla-barcelona\/marketing-directe\"  target=\"_blank\">ENTRADAS<\/a><\/p>\n<p style=\"text-align: justify;\">C\u00f3mo disfrutar de tu descuento:<\/p>\n<ol style=\"text-align: justify;\">\n<li>Pulsa en el bot\u00f3n \u00abEntradas\u00bb.<\/li>\n<li>Selecciona qu\u00e9 tipo de entrada quieres.<\/li>\n<li>Abre el desplegable \u201cPromociones disponibles\u201d y selecciona \u201cDescompte per fidelitat\u201d.<\/li>\n<li>Introduce tu c\u00f3digo de descuento en la caja y pulsa en \u201cAplicar promoci\u00f3n\u201d.<\/li>\n<li>Elige si quieres 1 o 2 entradas y finaliza el proceso de compra.<\/li>\n<\/ol>\n<p style=\"text-align: justify;\">Los descuentos son los siguientes:<\/p>\n<ul style=\"text-align: justify;\">\n<li>Abono 3 d\u00edas:\u00a0<span style=\"text-decoration: line-through;\">140\u20ac<\/span>\u00a0 &#8211;&gt;\u00a0\u00a0<strong>120\u20ac<\/strong><\/li>\n<li>Abono 2 d\u00edas:\u00a0<span style=\"text-decoration: line-through;\">120\u20ac<\/span>\u00a0 &#8211;&gt;\u00a0\u00a0<strong>105\u20ac<\/strong><\/li>\n<li>Entrada jueves:\u00a0<span style=\"text-decoration: line-through;\">59\u20ac<\/span>\u00a0 &#8211;&gt;\u00a0\u00a0<strong>49\u20ac<\/strong><\/li>\n<li>Entrada viernes:\u00a0<span style=\"text-decoration: line-through;\">69\u20ac<\/span>\u00a0 &#8211;&gt;\u00a0\u00a0<strong>62\u20ac<\/strong><\/li>\n<li>Entrada s\u00e1bado:\u00a0<span style=\"text-decoration: line-through;\">69\u20ac<\/span>\u00a0 &#8211;&gt;\u00a0\u00a0<strong>62\u20ac<\/strong><\/li>\n<\/ul>\n<p style=\"text-align: justify;\">Esta <strong>promoci\u00f3n es v\u00e1lida hasta el pr\u00f3ximo cambio de precio<\/strong> de las entradas.<\/p>\n<p style=\"text-align: justify;\"><strong>\u00a1Nos vemos en julio!<\/strong><\/p>\n<p><img loading=\"lazy\" decoding=\"async\" class=\"aligncenter wp-image-11263\" src=\"https:\/\/www.cruillabarcelona.com\/wp-content\/uploads\/2018\/05\/Cartell-general_CAST.jpg\" alt=\"\" width=\"500\" height=\"705\" srcset=\"https:\/\/www.cruillabarcelona.com\/wp-content\/uploads\/2018\/05\/Cartell-general_CAST.jpg 768w, https:\/\/www.cruillabarcelona.com\/wp-content\/uploads\/2018\/05\/Cartell-general_CAST-300x423.jpg 300w, https:\/\/www.cruillabarcelona.com\/wp-content\/uploads\/2018\/05\/Cartell-general_CAST-600x846.jpg 600w\" sizes=\"auto, (max-width: 500px) 100vw, 500px\" \/><\/p>\n","protected":false},"excerpt":{"rendered":"Te esperamos en el Parc del F\u00f2rum los d\u00edas 12, 13 y 14 de julio Has disfrutado del Festival Cru\u00eflla en diversas ocasiones, y queremos agradecerte tu fidelidad. Por eso hemos creado este descuento exclusivo para ti, \u00a1para que este 2018 nos vuelvas a acompa\u00f1ar! Consigue tus entradas: C\u00f3mo disfrutar de tu descuento: Pulsa en&#8230; <a class=\"view-article\" href=\"https:\/\/www.cruillabarcelona.com\/es\/vuelve-al-cruilla\/\">Ver art\u00edculo<\/a>","protected":false},"author":2,"featured_media":9843,"parent":0,"menu_order":0,"comment_status":"closed","ping_status":"closed","template":"page-templates\/page-landing.php","meta":{"_acf_changed":false,"footnotes":""},"class_list":["post-10695","page","type-page","status-publish","has-post-thumbnail","hentry"],"acf":[],"yoast_head":"<!-- This site is optimized with the Yoast SEO plugin v27.3 - https:\/\/yoast.com\/product\/yoast-seo-wordpress\/ -->\n<title>\u00a1Vuelve al Festival Cru\u00eflla! - Festival Cru\u00eflla<\/title>\n<meta name=\"robots\" content=\"index, follow, max-snippet:-1, max-image-preview:large, max-video-preview:-1\" \/>\n<link rel=\"canonical\" href=\"https:\/\/www.cruillabarcelona.com\/es\/vuelve-al-cruilla\/\" \/>\n<meta property=\"og:locale\" content=\"es_ES\" \/>\n<meta property=\"og:type\" content=\"article\" \/>\n<meta property=\"og:title\" content=\"\u00a1Vuelve al Festival Cru\u00eflla! - Festival Cru\u00eflla\" \/>\n<meta property=\"og:description\" content=\"Te esperamos en el Parc del F\u00f2rum los d\u00edas 12, 13 y 14 de julio Has disfrutado del Festival Cru\u00eflla en diversas ocasiones, y queremos agradecerte tu fidelidad. Por eso hemos creado este descuento exclusivo para ti, \u00a1para que este 2018 nos vuelvas a acompa\u00f1ar! Consigue tus entradas: C\u00f3mo disfrutar de tu descuento: Pulsa en... Ver art\u00edculo\" \/>\n<meta property=\"og:url\" content=\"https:\/\/www.cruillabarcelona.com\/es\/vuelve-al-cruilla\/\" \/>\n<meta property=\"og:site_name\" content=\"Festival Cru\u00eflla\" \/>\n<meta property=\"article:modified_time\" content=\"2018-06-05T14:10:08+00:00\" \/>\n<meta property=\"og:image\" content=\"https:\/\/www.cruillabarcelona.com\/wp-content\/uploads\/2018\/03\/portada-web-cruillaenamora-dia.jpg\" \/>\n\t<meta property=\"og:image:width\" content=\"1500\" \/>\n\t<meta property=\"og:image:height\" content=\"500\" \/>\n\t<meta property=\"og:image:type\" content=\"image\/jpeg\" \/>\n<meta name=\"twitter:card\" content=\"summary_large_image\" \/>\n<meta name=\"twitter:label1\" content=\"Tiempo de lectura\" \/>\n\t<meta name=\"twitter:data1\" content=\"1 minuto\" \/>\n<script type=\"application\/ld+json\" class=\"yoast-schema-graph\">{\"@context\":\"https:\\\/\\\/schema.org\",\"@graph\":[{\"@type\":\"WebPage\",\"@id\":\"https:\\\/\\\/www.cruillabarcelona.com\\\/es\\\/vuelve-al-cruilla\\\/\",\"url\":\"https:\\\/\\\/www.cruillabarcelona.com\\\/es\\\/vuelve-al-cruilla\\\/\",\"name\":\"\u00a1Vuelve al Festival Cru\u00eflla! - Festival Cru\u00eflla\",\"isPartOf\":{\"@id\":\"https:\\\/\\\/www.cruillabarcelona.com\\\/es\\\/#website\"},\"primaryImageOfPage\":{\"@id\":\"https:\\\/\\\/www.cruillabarcelona.com\\\/es\\\/vuelve-al-cruilla\\\/#primaryimage\"},\"image\":{\"@id\":\"https:\\\/\\\/www.cruillabarcelona.com\\\/es\\\/vuelve-al-cruilla\\\/#primaryimage\"},\"thumbnailUrl\":\"https:\\\/\\\/www.cruillabarcelona.com\\\/wp-content\\\/uploads\\\/2018\\\/03\\\/portada-web-cruillaenamora-dia.jpg\",\"datePublished\":\"2018-05-07T09:16:09+00:00\",\"dateModified\":\"2018-06-05T14:10:08+00:00\",\"breadcrumb\":{\"@id\":\"https:\\\/\\\/www.cruillabarcelona.com\\\/es\\\/vuelve-al-cruilla\\\/#breadcrumb\"},\"inLanguage\":\"es\",\"potentialAction\":[{\"@type\":\"ReadAction\",\"target\":[\"https:\\\/\\\/www.cruillabarcelona.com\\\/es\\\/vuelve-al-cruilla\\\/\"]}]},{\"@type\":\"ImageObject\",\"inLanguage\":\"es\",\"@id\":\"https:\\\/\\\/www.cruillabarcelona.com\\\/es\\\/vuelve-al-cruilla\\\/#primaryimage\",\"url\":\"https:\\\/\\\/www.cruillabarcelona.com\\\/wp-content\\\/uploads\\\/2018\\\/03\\\/portada-web-cruillaenamora-dia.jpg\",\"contentUrl\":\"https:\\\/\\\/www.cruillabarcelona.com\\\/wp-content\\\/uploads\\\/2018\\\/03\\\/portada-web-cruillaenamora-dia.jpg\",\"width\":1500,\"height\":500,\"caption\":\"Festival\"},{\"@type\":\"BreadcrumbList\",\"@id\":\"https:\\\/\\\/www.cruillabarcelona.com\\\/es\\\/vuelve-al-cruilla\\\/#breadcrumb\",\"itemListElement\":[{\"@type\":\"ListItem\",\"position\":1,\"name\":\"Home\",\"item\":\"https:\\\/\\\/www.cruillabarcelona.com\\\/es\\\/\"},{\"@type\":\"ListItem\",\"position\":2,\"name\":\"\u00a1Vuelve al Festival Cru\u00eflla!\"}]},{\"@type\":\"WebSite\",\"@id\":\"https:\\\/\\\/www.cruillabarcelona.com\\\/es\\\/#website\",\"url\":\"https:\\\/\\\/www.cruillabarcelona.com\\\/es\\\/\",\"name\":\"Festival Cru\u00eflla\",\"description\":\"\",\"potentialAction\":[{\"@type\":\"SearchAction\",\"target\":{\"@type\":\"EntryPoint\",\"urlTemplate\":\"https:\\\/\\\/www.cruillabarcelona.com\\\/es\\\/?s={search_term_string}\"},\"query-input\":{\"@type\":\"PropertyValueSpecification\",\"valueRequired\":true,\"valueName\":\"search_term_string\"}}],\"inLanguage\":\"es\"}]}<\/script>\n<!-- \/ Yoast SEO plugin. -->","yoast_head_json":{"title":"\u00a1Vuelve al Festival Cru\u00eflla! - Festival Cru\u00eflla","robots":{"index":"index","follow":"follow","max-snippet":"max-snippet:-1","max-image-preview":"max-image-preview:large","max-video-preview":"max-video-preview:-1"},"canonical":"https:\/\/www.cruillabarcelona.com\/es\/vuelve-al-cruilla\/","og_locale":"es_ES","og_type":"article","og_title":"\u00a1Vuelve al Festival Cru\u00eflla! - Festival Cru\u00eflla","og_description":"Te esperamos en el Parc del F\u00f2rum los d\u00edas 12, 13 y 14 de julio Has disfrutado del Festival Cru\u00eflla en diversas ocasiones, y queremos agradecerte tu fidelidad. Por eso hemos creado este descuento exclusivo para ti, \u00a1para que este 2018 nos vuelvas a acompa\u00f1ar! Consigue tus entradas: C\u00f3mo disfrutar de tu descuento: Pulsa en... Ver art\u00edculo","og_url":"https:\/\/www.cruillabarcelona.com\/es\/vuelve-al-cruilla\/","og_site_name":"Festival Cru\u00eflla","article_modified_time":"2018-06-05T14:10:08+00:00","og_image":[{"width":1500,"height":500,"url":"https:\/\/www.cruillabarcelona.com\/wp-content\/uploads\/2018\/03\/portada-web-cruillaenamora-dia.jpg","type":"image\/jpeg"}],"twitter_card":"summary_large_image","twitter_misc":{"Tiempo de lectura":"1 minuto"},"schema":{"@context":"https:\/\/schema.org","@graph":[{"@type":"WebPage","@id":"https:\/\/www.cruillabarcelona.com\/es\/vuelve-al-cruilla\/","url":"https:\/\/www.cruillabarcelona.com\/es\/vuelve-al-cruilla\/","name":"\u00a1Vuelve al Festival Cru\u00eflla! - Festival Cru\u00eflla","isPartOf":{"@id":"https:\/\/www.cruillabarcelona.com\/es\/#website"},"primaryImageOfPage":{"@id":"https:\/\/www.cruillabarcelona.com\/es\/vuelve-al-cruilla\/#primaryimage"},"image":{"@id":"https:\/\/www.cruillabarcelona.com\/es\/vuelve-al-cruilla\/#primaryimage"},"thumbnailUrl":"https:\/\/www.cruillabarcelona.com\/wp-content\/uploads\/2018\/03\/portada-web-cruillaenamora-dia.jpg","datePublished":"2018-05-07T09:16:09+00:00","dateModified":"2018-06-05T14:10:08+00:00","breadcrumb":{"@id":"https:\/\/www.cruillabarcelona.com\/es\/vuelve-al-cruilla\/#breadcrumb"},"inLanguage":"es","potentialAction":[{"@type":"ReadAction","target":["https:\/\/www.cruillabarcelona.com\/es\/vuelve-al-cruilla\/"]}]},{"@type":"ImageObject","inLanguage":"es","@id":"https:\/\/www.cruillabarcelona.com\/es\/vuelve-al-cruilla\/#primaryimage","url":"https:\/\/www.cruillabarcelona.com\/wp-content\/uploads\/2018\/03\/portada-web-cruillaenamora-dia.jpg","contentUrl":"https:\/\/www.cruillabarcelona.com\/wp-content\/uploads\/2018\/03\/portada-web-cruillaenamora-dia.jpg","width":1500,"height":500,"caption":"Festival"},{"@type":"BreadcrumbList","@id":"https:\/\/www.cruillabarcelona.com\/es\/vuelve-al-cruilla\/#breadcrumb","itemListElement":[{"@type":"ListItem","position":1,"name":"Home","item":"https:\/\/www.cruillabarcelona.com\/es\/"},{"@type":"ListItem","position":2,"name":"\u00a1Vuelve al Festival Cru\u00eflla!"}]},{"@type":"WebSite","@id":"https:\/\/www.cruillabarcelona.com\/es\/#website","url":"https:\/\/www.cruillabarcelona.com\/es\/","name":"Festival Cru\u00eflla","description":"","potentialAction":[{"@type":"SearchAction","target":{"@type":"EntryPoint","urlTemplate":"https:\/\/www.cruillabarcelona.com\/es\/?s={search_term_string}"},"query-input":{"@type":"PropertyValueSpecification","valueRequired":true,"valueName":"search_term_string"}}],"inLanguage":"es"}]}},"_links":{"self":[{"href":"https:\/\/www.cruillabarcelona.com\/es\/wp-json\/wp\/v2\/pages\/10695","targetHints":{"allow":["GET"]}}],"collection":[{"href":"https:\/\/www.cruillabarcelona.com\/es\/wp-json\/wp\/v2\/pages"}],"about":[{"href":"https:\/\/www.cruillabarcelona.com\/es\/wp-json\/wp\/v2\/types\/page"}],"author":[{"embeddable":true,"href":"https:\/\/www.cruillabarcelona.com\/es\/wp-json\/wp\/v2\/users\/2"}],"replies":[{"embeddable":true,"href":"https:\/\/www.cruillabarcelona.com\/es\/wp-json\/wp\/v2\/comments?post=10695"}],"version-history":[{"count":0,"href":"https:\/\/www.cruillabarcelona.com\/es\/wp-json\/wp\/v2\/pages\/10695\/revisions"}],"wp:featuredmedia":[{"embeddable":true,"href":"https:\/\/www.cruillabarcelona.com\/es\/wp-json\/wp\/v2\/media\/9843"}],"wp:attachment":[{"href":"https:\/\/www.cruillabarcelona.com\/es\/wp-json\/wp\/v2\/media?parent=10695"}],"curies":[{"name":"wp","href":"https:\/\/api.w.org\/{rel}","templated":true}]}}