{"id":10716,"date":"2018-05-07T09:30:00","date_gmt":"2018-05-07T09:30:00","guid":{"rendered":"https:\/\/www.cruillabarcelona.com\/proximamente\/?page_id=10716"},"modified":"2018-05-24T08:36:52","modified_gmt":"2018-05-24T08:36:52","slug":"sant-jordi","status":"publish","type":"page","link":"https:\/\/www.cruillabarcelona.com\/es\/sant-jordi\/","title":{"rendered":"\u00a1Feliz Sant Jordi!"},"content":{"rendered":"<h2 style=\"text-align: justify;\">B\u00e9same en Sant Jordi, \u00a1qui\u00e9reme todo el verano!<\/h2>\n<p style=\"text-align: justify;\">Desde el Cru\u00eflla queremos que este d\u00eda de Sant Jordi sorprendas a alguien muy especial con un regalo que incluye verano, buen rollo, una Estrella Damm bien fresquita al lado del mar y, claro, la mejor m\u00fasica: \u00a1<strong>un abono para el Cru\u00eflla 2018<\/strong>!<\/p>\n<p>Por eso,\u00a0<strong>te ofrecemos un descuento<\/strong> en el precio de los abonos. Esta promoci\u00f3n te permite adquirir\u00a0<strong>dos abonos de 2 o 3 d\u00edas<\/strong> para el festival a un precio reducido.<\/p>\n<p style=\"text-align: justify;\">Los descuentos son los siguientes:<\/p>\n<ul style=\"text-align: justify;\">\n<li style=\"text-align: justify;\">Abono 3 d\u00edas: <span style=\"text-decoration: line-through;\">135\u20ac<\/span>\u00a0 &#8211;&gt;\u00a0 <strong>115\u20ac<\/strong>. Precio total de dos entradas: 230\u20ac. \u00a1Ahorra 40\u20ac!<\/li>\n<li style=\"text-align: left;\">Abono 2 d\u00edas: <span style=\"text-decoration: line-through;\">115\u20ac<\/span>\u00a0 &#8211;&gt;\u00a0 <strong>105\u20ac<\/strong>. Precio total de dos entradas: 210\u20ac. \u00a1Ahorra 20\u20ac!<\/li>\n<\/ul>\n<p style=\"text-align: justify;\">Ten en cuenta que esta promoci\u00f3n es v\u00e1lida hasta el martes 24 de abril a las 12h del mediod\u00eda.<\/p>\n<p>Consigue tus entradas aqu\u00ed:<\/p>\n<p style=\"text-align: center;\"><a class=\"button     \" href=\"https:\/\/www.cruillabarcelona.com\/es\/tienda\/\"  target=\"_blank\">ENTRADAS<\/a><\/p>\n<h3 style=\"text-align: center;\"><strong>\u00a1Nos vemos en julio!<\/strong><\/h3>\n<p>&nbsp;<\/p>\n","protected":false},"excerpt":{"rendered":"B\u00e9same en Sant Jordi, \u00a1qui\u00e9reme todo el verano! Desde el Cru\u00eflla queremos que este d\u00eda de Sant Jordi sorprendas a alguien muy especial con un regalo que incluye verano, buen rollo, una Estrella Damm bien fresquita al lado del mar y, claro, la mejor m\u00fasica: \u00a1un abono para el Cru\u00eflla 2018! Por eso,\u00a0te ofrecemos un&#8230; <a class=\"view-article\" href=\"https:\/\/www.cruillabarcelona.com\/es\/sant-jordi\/\">Ver art\u00edculo<\/a>","protected":false},"author":2,"featured_media":10707,"parent":0,"menu_order":0,"comment_status":"closed","ping_status":"closed","template":"page-templates\/page-landing.php","meta":{"_acf_changed":false,"footnotes":""},"class_list":["post-10716","page","type-page","status-publish","has-post-thumbnail","hentry"],"acf":[],"yoast_head":"<!-- This site is optimized with the Yoast SEO plugin v27.3 - https:\/\/yoast.com\/product\/yoast-seo-wordpress\/ -->\n<title>\u00a1Feliz Sant Jordi! - Festival Cru\u00eflla<\/title>\n<meta name=\"robots\" content=\"index, follow, max-snippet:-1, max-image-preview:large, max-video-preview:-1\" \/>\n<link rel=\"canonical\" href=\"https:\/\/www.cruillabarcelona.com\/es\/sant-jordi\/\" \/>\n<meta property=\"og:locale\" content=\"es_ES\" \/>\n<meta property=\"og:type\" content=\"article\" \/>\n<meta property=\"og:title\" content=\"\u00a1Feliz Sant Jordi! - Festival Cru\u00eflla\" \/>\n<meta property=\"og:description\" content=\"B\u00e9same en Sant Jordi, \u00a1qui\u00e9reme todo el verano! Desde el Cru\u00eflla queremos que este d\u00eda de Sant Jordi sorprendas a alguien muy especial con un regalo que incluye verano, buen rollo, una Estrella Damm bien fresquita al lado del mar y, claro, la mejor m\u00fasica: \u00a1un abono para el Cru\u00eflla 2018! Por eso,\u00a0te ofrecemos un... Ver art\u00edculo\" \/>\n<meta property=\"og:url\" content=\"https:\/\/www.cruillabarcelona.com\/es\/sant-jordi\/\" \/>\n<meta property=\"og:site_name\" content=\"Festival Cru\u00eflla\" \/>\n<meta property=\"article:modified_time\" content=\"2018-05-24T08:36:52+00:00\" \/>\n<meta property=\"og:image\" content=\"https:\/\/www.cruillabarcelona.com\/wp-content\/uploads\/2018\/05\/lalalanding2.png\" \/>\n\t<meta property=\"og:image:width\" content=\"1500\" \/>\n\t<meta property=\"og:image:height\" content=\"496\" \/>\n\t<meta property=\"og:image:type\" content=\"image\/png\" \/>\n<meta name=\"twitter:card\" content=\"summary_large_image\" \/>\n<meta name=\"twitter:label1\" content=\"Tiempo de lectura\" \/>\n\t<meta name=\"twitter:data1\" content=\"1 minuto\" \/>\n<script type=\"application\/ld+json\" class=\"yoast-schema-graph\">{\"@context\":\"https:\\\/\\\/schema.org\",\"@graph\":[{\"@type\":\"WebPage\",\"@id\":\"https:\\\/\\\/www.cruillabarcelona.com\\\/es\\\/sant-jordi\\\/\",\"url\":\"https:\\\/\\\/www.cruillabarcelona.com\\\/es\\\/sant-jordi\\\/\",\"name\":\"\u00a1Feliz Sant Jordi! - Festival Cru\u00eflla\",\"isPartOf\":{\"@id\":\"https:\\\/\\\/www.cruillabarcelona.com\\\/es\\\/#website\"},\"primaryImageOfPage\":{\"@id\":\"https:\\\/\\\/www.cruillabarcelona.com\\\/es\\\/sant-jordi\\\/#primaryimage\"},\"image\":{\"@id\":\"https:\\\/\\\/www.cruillabarcelona.com\\\/es\\\/sant-jordi\\\/#primaryimage\"},\"thumbnailUrl\":\"https:\\\/\\\/www.cruillabarcelona.com\\\/wp-content\\\/uploads\\\/2018\\\/05\\\/lalalanding2.png\",\"datePublished\":\"2018-05-07T09:30:00+00:00\",\"dateModified\":\"2018-05-24T08:36:52+00:00\",\"breadcrumb\":{\"@id\":\"https:\\\/\\\/www.cruillabarcelona.com\\\/es\\\/sant-jordi\\\/#breadcrumb\"},\"inLanguage\":\"es\",\"potentialAction\":[{\"@type\":\"ReadAction\",\"target\":[\"https:\\\/\\\/www.cruillabarcelona.com\\\/es\\\/sant-jordi\\\/\"]}]},{\"@type\":\"ImageObject\",\"inLanguage\":\"es\",\"@id\":\"https:\\\/\\\/www.cruillabarcelona.com\\\/es\\\/sant-jordi\\\/#primaryimage\",\"url\":\"https:\\\/\\\/www.cruillabarcelona.com\\\/wp-content\\\/uploads\\\/2018\\\/05\\\/lalalanding2.png\",\"contentUrl\":\"https:\\\/\\\/www.cruillabarcelona.com\\\/wp-content\\\/uploads\\\/2018\\\/05\\\/lalalanding2.png\",\"width\":1500,\"height\":496},{\"@type\":\"BreadcrumbList\",\"@id\":\"https:\\\/\\\/www.cruillabarcelona.com\\\/es\\\/sant-jordi\\\/#breadcrumb\",\"itemListElement\":[{\"@type\":\"ListItem\",\"position\":1,\"name\":\"Home\",\"item\":\"https:\\\/\\\/www.cruillabarcelona.com\\\/es\\\/\"},{\"@type\":\"ListItem\",\"position\":2,\"name\":\"\u00a1Feliz Sant Jordi!\"}]},{\"@type\":\"WebSite\",\"@id\":\"https:\\\/\\\/www.cruillabarcelona.com\\\/es\\\/#website\",\"url\":\"https:\\\/\\\/www.cruillabarcelona.com\\\/es\\\/\",\"name\":\"Festival Cru\u00eflla\",\"description\":\"\",\"potentialAction\":[{\"@type\":\"SearchAction\",\"target\":{\"@type\":\"EntryPoint\",\"urlTemplate\":\"https:\\\/\\\/www.cruillabarcelona.com\\\/es\\\/?s={search_term_string}\"},\"query-input\":{\"@type\":\"PropertyValueSpecification\",\"valueRequired\":true,\"valueName\":\"search_term_string\"}}],\"inLanguage\":\"es\"}]}<\/script>\n<!-- \/ Yoast SEO plugin. -->","yoast_head_json":{"title":"\u00a1Feliz Sant Jordi! - Festival Cru\u00eflla","robots":{"index":"index","follow":"follow","max-snippet":"max-snippet:-1","max-image-preview":"max-image-preview:large","max-video-preview":"max-video-preview:-1"},"canonical":"https:\/\/www.cruillabarcelona.com\/es\/sant-jordi\/","og_locale":"es_ES","og_type":"article","og_title":"\u00a1Feliz Sant Jordi! - Festival Cru\u00eflla","og_description":"B\u00e9same en Sant Jordi, \u00a1qui\u00e9reme todo el verano! Desde el Cru\u00eflla queremos que este d\u00eda de Sant Jordi sorprendas a alguien muy especial con un regalo que incluye verano, buen rollo, una Estrella Damm bien fresquita al lado del mar y, claro, la mejor m\u00fasica: \u00a1un abono para el Cru\u00eflla 2018! Por eso,\u00a0te ofrecemos un... Ver art\u00edculo","og_url":"https:\/\/www.cruillabarcelona.com\/es\/sant-jordi\/","og_site_name":"Festival Cru\u00eflla","article_modified_time":"2018-05-24T08:36:52+00:00","og_image":[{"width":1500,"height":496,"url":"https:\/\/www.cruillabarcelona.com\/wp-content\/uploads\/2018\/05\/lalalanding2.png","type":"image\/png"}],"twitter_card":"summary_large_image","twitter_misc":{"Tiempo de lectura":"1 minuto"},"schema":{"@context":"https:\/\/schema.org","@graph":[{"@type":"WebPage","@id":"https:\/\/www.cruillabarcelona.com\/es\/sant-jordi\/","url":"https:\/\/www.cruillabarcelona.com\/es\/sant-jordi\/","name":"\u00a1Feliz Sant Jordi! - Festival Cru\u00eflla","isPartOf":{"@id":"https:\/\/www.cruillabarcelona.com\/es\/#website"},"primaryImageOfPage":{"@id":"https:\/\/www.cruillabarcelona.com\/es\/sant-jordi\/#primaryimage"},"image":{"@id":"https:\/\/www.cruillabarcelona.com\/es\/sant-jordi\/#primaryimage"},"thumbnailUrl":"https:\/\/www.cruillabarcelona.com\/wp-content\/uploads\/2018\/05\/lalalanding2.png","datePublished":"2018-05-07T09:30:00+00:00","dateModified":"2018-05-24T08:36:52+00:00","breadcrumb":{"@id":"https:\/\/www.cruillabarcelona.com\/es\/sant-jordi\/#breadcrumb"},"inLanguage":"es","potentialAction":[{"@type":"ReadAction","target":["https:\/\/www.cruillabarcelona.com\/es\/sant-jordi\/"]}]},{"@type":"ImageObject","inLanguage":"es","@id":"https:\/\/www.cruillabarcelona.com\/es\/sant-jordi\/#primaryimage","url":"https:\/\/www.cruillabarcelona.com\/wp-content\/uploads\/2018\/05\/lalalanding2.png","contentUrl":"https:\/\/www.cruillabarcelona.com\/wp-content\/uploads\/2018\/05\/lalalanding2.png","width":1500,"height":496},{"@type":"BreadcrumbList","@id":"https:\/\/www.cruillabarcelona.com\/es\/sant-jordi\/#breadcrumb","itemListElement":[{"@type":"ListItem","position":1,"name":"Home","item":"https:\/\/www.cruillabarcelona.com\/es\/"},{"@type":"ListItem","position":2,"name":"\u00a1Feliz Sant Jordi!"}]},{"@type":"WebSite","@id":"https:\/\/www.cruillabarcelona.com\/es\/#website","url":"https:\/\/www.cruillabarcelona.com\/es\/","name":"Festival Cru\u00eflla","description":"","potentialAction":[{"@type":"SearchAction","target":{"@type":"EntryPoint","urlTemplate":"https:\/\/www.cruillabarcelona.com\/es\/?s={search_term_string}"},"query-input":{"@type":"PropertyValueSpecification","valueRequired":true,"valueName":"search_term_string"}}],"inLanguage":"es"}]}},"_links":{"self":[{"href":"https:\/\/www.cruillabarcelona.com\/es\/wp-json\/wp\/v2\/pages\/10716","targetHints":{"allow":["GET"]}}],"collection":[{"href":"https:\/\/www.cruillabarcelona.com\/es\/wp-json\/wp\/v2\/pages"}],"about":[{"href":"https:\/\/www.cruillabarcelona.com\/es\/wp-json\/wp\/v2\/types\/page"}],"author":[{"embeddable":true,"href":"https:\/\/www.cruillabarcelona.com\/es\/wp-json\/wp\/v2\/users\/2"}],"replies":[{"embeddable":true,"href":"https:\/\/www.cruillabarcelona.com\/es\/wp-json\/wp\/v2\/comments?post=10716"}],"version-history":[{"count":0,"href":"https:\/\/www.cruillabarcelona.com\/es\/wp-json\/wp\/v2\/pages\/10716\/revisions"}],"wp:featuredmedia":[{"embeddable":true,"href":"https:\/\/www.cruillabarcelona.com\/es\/wp-json\/wp\/v2\/media\/10707"}],"wp:attachment":[{"href":"https:\/\/www.cruillabarcelona.com\/es\/wp-json\/wp\/v2\/media?parent=10716"}],"curies":[{"name":"wp","href":"https:\/\/api.w.org\/{rel}","templated":true}]}}