{"id":10724,"date":"2018-05-07T09:33:55","date_gmt":"2018-05-07T09:33:55","guid":{"rendered":"https:\/\/www.cruillabarcelona.com\/proximamente\/?page_id=10724"},"modified":"2018-12-27T17:36:49","modified_gmt":"2018-12-27T15:36:49","slug":"vine-al-cruilla-2018","status":"publish","type":"page","link":"https:\/\/www.cruillabarcelona.com\/es\/vine-al-cruilla-2018\/","title":{"rendered":"\u00a1Ven al Cru\u00eflla 2018!"},"content":{"rendered":"<h3>La \u00faltima edici\u00f3n del Festival Cru\u00eflla se celebr\u00f3 del 12 al 14 de julio de 2018. Consulta los artistas de la edici\u00f3n del <a href=\"https:\/\/www.cruillabarcelona.com\/es\/artistas-cruilla-2019\/\">FESTIVAL CRU\u00cfLLA 2019<\/a><\/h3>\n<p>&nbsp;<\/p>\n<hr \/>\n<p>&nbsp;<\/p>\n<h2>Vamos de festival, pero no a cualquier festival<\/h2>\n<p>Cru\u00eflla es una experiencia completa de m\u00fasica, diversi\u00f3n y sensaciones. Se celebra al <strong>aire libre,<\/strong> en verano y junto del mar. Por eso, cuando el a\u00f1o pasado preguntamos al p\u00fablico qu\u00e9 es lo que m\u00e1s les emocionaba del festival, muchos lo ten\u00edan claro: <strong>lo mejor es ver un concierto con la puesta de sol<\/strong>.<\/p>\n<p>Cru\u00eflla es una peque\u00f1a ciudad dentro de la ciudad. All\u00ed no s\u00f3lo hay m\u00fasica, tambi\u00e9n <strong>foodtrucks<\/strong> con comida, <strong>actividades paralelas<\/strong>, <strong>zonas de descanso<\/strong> &#8230; Esta peque\u00f1a ciudad es habitada por gente com\u00fan que quiere vibrar con la m\u00fasica. Por ello, el momento de pasar por la puerta del festival siempre es un una inyecci\u00f3n de adrenalina.<\/p>\n<h2>Seguimos creciendo, sin renunciar a la esencia<\/h2>\n<p>Cru\u00eflla es un festival abierto a todos. Para los que buscan m\u00fasica internacional y los amantes de la m\u00fasica hecha en casa. Para los nost\u00e1lgicos de los 90 y los que escuchan un \u00e1lbum la misma semana que se publica. Para ellos y para los que lo son todo a la vez, tenemos <strong>grandes estrellas el rock<\/strong>, <strong>cantautores catalanes<\/strong> y <strong>m\u00fasica ecl\u00e9ctica de todo el mundo<\/strong>.<\/p>\n<p>Cru\u00eflla es un festival <strong>no masificado<\/strong>. Queremos hablar en la barra con amigos en la barra, queremos poder abrocharse los zapatos si se nos desatan. Sin aglomeraciones, sin empujones, con espacio para movernos. Por eso <strong>no llenaremos todo el aforo del recinto del F\u00f3rum<\/strong>.<\/p>\n<p>Cru\u00eflla es un festival donde enamorarse por primera vez y donde enamorarse de nuevo. Por eso decimos que <strong>Cru\u00eflla Enamora<\/strong>.<\/p>\n<p>Consulta el cartel y busca los artistas que conoces. Puedes comprar la entrada del d\u00eda que m\u00e1s te guste o comprar el abono y disfrutar de dos o tres d\u00edas de festival.<\/p>\n<h4>\u00bfY tu? \u00bfQu\u00e9 Cru\u00eflla prefieres?<\/h4>\n<p><img loading=\"lazy\" decoding=\"async\" width=\"500\" height=\"705\" class=\"aligncenter size-full wp-image-15328\" src=\"https:\/\/www.cruillabarcelona.com\/wp-content\/uploads\/2018\/06\/Cartell-general_low-es.jpg\" alt=\"Cruilla dia\" srcset=\"https:\/\/www.cruillabarcelona.com\/wp-content\/uploads\/2018\/06\/Cartell-general_low-es.jpg 500w, https:\/\/www.cruillabarcelona.com\/wp-content\/uploads\/2018\/06\/Cartell-general_low-es-300x423.jpg 300w\" sizes=\"auto, (max-width: 500px) 100vw, 500px\" \/><\/p>\n<p>&nbsp;<\/p>\n","protected":false},"excerpt":{"rendered":"La \u00faltima edici\u00f3n del Festival Cru\u00eflla se celebr\u00f3 del 12 al 14 de julio de 2018. Consulta los artistas de la edici\u00f3n del FESTIVAL CRU\u00cfLLA 2019 &nbsp; &nbsp; Vamos de festival, pero no a cualquier festival Cru\u00eflla es una experiencia completa de m\u00fasica, diversi\u00f3n y sensaciones. Se celebra al aire libre, en verano y junto&#8230; <a class=\"view-article\" href=\"https:\/\/www.cruillabarcelona.com\/es\/vine-al-cruilla-2018\/\">Ver art\u00edculo<\/a>","protected":false},"author":2,"featured_media":9843,"parent":0,"menu_order":0,"comment_status":"closed","ping_status":"closed","template":"page-templates\/page-landing.php","meta":{"_acf_changed":false,"footnotes":""},"class_list":["post-10724","page","type-page","status-publish","has-post-thumbnail","hentry"],"acf":[],"yoast_head":"<!-- This site is optimized with the Yoast SEO plugin v27.3 - https:\/\/yoast.com\/product\/yoast-seo-wordpress\/ -->\n<title>\u00a1Ven al Cru\u00eflla 2018! - Festival Cru\u00eflla<\/title>\n<meta name=\"robots\" content=\"index, follow, max-snippet:-1, max-image-preview:large, max-video-preview:-1\" \/>\n<link rel=\"canonical\" href=\"https:\/\/www.cruillabarcelona.com\/es\/vine-al-cruilla-2018\/\" \/>\n<meta property=\"og:locale\" content=\"es_ES\" \/>\n<meta property=\"og:type\" content=\"article\" \/>\n<meta property=\"og:title\" content=\"\u00a1Ven al Cru\u00eflla 2018! - Festival Cru\u00eflla\" \/>\n<meta property=\"og:description\" content=\"La \u00faltima edici\u00f3n del Festival Cru\u00eflla se celebr\u00f3 del 12 al 14 de julio de 2018. Consulta los artistas de la edici\u00f3n del FESTIVAL CRU\u00cfLLA 2019 &nbsp; &nbsp; Vamos de festival, pero no a cualquier festival Cru\u00eflla es una experiencia completa de m\u00fasica, diversi\u00f3n y sensaciones. Se celebra al aire libre, en verano y junto... Ver art\u00edculo\" \/>\n<meta property=\"og:url\" content=\"https:\/\/www.cruillabarcelona.com\/es\/vine-al-cruilla-2018\/\" \/>\n<meta property=\"og:site_name\" content=\"Festival Cru\u00eflla\" \/>\n<meta property=\"article:modified_time\" content=\"2018-12-27T15:36:49+00:00\" \/>\n<meta property=\"og:image\" content=\"https:\/\/www.cruillabarcelona.com\/wp-content\/uploads\/2018\/03\/portada-web-cruillaenamora-dia.jpg\" \/>\n\t<meta property=\"og:image:width\" content=\"1500\" \/>\n\t<meta property=\"og:image:height\" content=\"500\" \/>\n\t<meta property=\"og:image:type\" content=\"image\/jpeg\" \/>\n<meta name=\"twitter:card\" content=\"summary_large_image\" \/>\n<meta name=\"twitter:label1\" content=\"Tiempo de lectura\" \/>\n\t<meta name=\"twitter:data1\" content=\"2 minutos\" \/>\n<script type=\"application\/ld+json\" class=\"yoast-schema-graph\">{\"@context\":\"https:\\\/\\\/schema.org\",\"@graph\":[{\"@type\":\"WebPage\",\"@id\":\"https:\\\/\\\/www.cruillabarcelona.com\\\/es\\\/vine-al-cruilla-2018\\\/\",\"url\":\"https:\\\/\\\/www.cruillabarcelona.com\\\/es\\\/vine-al-cruilla-2018\\\/\",\"name\":\"\u00a1Ven al Cru\u00eflla 2018! - Festival Cru\u00eflla\",\"isPartOf\":{\"@id\":\"https:\\\/\\\/www.cruillabarcelona.com\\\/es\\\/#website\"},\"primaryImageOfPage\":{\"@id\":\"https:\\\/\\\/www.cruillabarcelona.com\\\/es\\\/vine-al-cruilla-2018\\\/#primaryimage\"},\"image\":{\"@id\":\"https:\\\/\\\/www.cruillabarcelona.com\\\/es\\\/vine-al-cruilla-2018\\\/#primaryimage\"},\"thumbnailUrl\":\"https:\\\/\\\/www.cruillabarcelona.com\\\/wp-content\\\/uploads\\\/2018\\\/03\\\/portada-web-cruillaenamora-dia.jpg\",\"datePublished\":\"2018-05-07T09:33:55+00:00\",\"dateModified\":\"2018-12-27T15:36:49+00:00\",\"breadcrumb\":{\"@id\":\"https:\\\/\\\/www.cruillabarcelona.com\\\/es\\\/vine-al-cruilla-2018\\\/#breadcrumb\"},\"inLanguage\":\"es\",\"potentialAction\":[{\"@type\":\"ReadAction\",\"target\":[\"https:\\\/\\\/www.cruillabarcelona.com\\\/es\\\/vine-al-cruilla-2018\\\/\"]}]},{\"@type\":\"ImageObject\",\"inLanguage\":\"es\",\"@id\":\"https:\\\/\\\/www.cruillabarcelona.com\\\/es\\\/vine-al-cruilla-2018\\\/#primaryimage\",\"url\":\"https:\\\/\\\/www.cruillabarcelona.com\\\/wp-content\\\/uploads\\\/2018\\\/03\\\/portada-web-cruillaenamora-dia.jpg\",\"contentUrl\":\"https:\\\/\\\/www.cruillabarcelona.com\\\/wp-content\\\/uploads\\\/2018\\\/03\\\/portada-web-cruillaenamora-dia.jpg\",\"width\":1500,\"height\":500,\"caption\":\"Festival\"},{\"@type\":\"BreadcrumbList\",\"@id\":\"https:\\\/\\\/www.cruillabarcelona.com\\\/es\\\/vine-al-cruilla-2018\\\/#breadcrumb\",\"itemListElement\":[{\"@type\":\"ListItem\",\"position\":1,\"name\":\"Home\",\"item\":\"https:\\\/\\\/www.cruillabarcelona.com\\\/es\\\/\"},{\"@type\":\"ListItem\",\"position\":2,\"name\":\"\u00a1Ven al Cru\u00eflla 2018!\"}]},{\"@type\":\"WebSite\",\"@id\":\"https:\\\/\\\/www.cruillabarcelona.com\\\/es\\\/#website\",\"url\":\"https:\\\/\\\/www.cruillabarcelona.com\\\/es\\\/\",\"name\":\"Festival Cru\u00eflla\",\"description\":\"\",\"potentialAction\":[{\"@type\":\"SearchAction\",\"target\":{\"@type\":\"EntryPoint\",\"urlTemplate\":\"https:\\\/\\\/www.cruillabarcelona.com\\\/es\\\/?s={search_term_string}\"},\"query-input\":{\"@type\":\"PropertyValueSpecification\",\"valueRequired\":true,\"valueName\":\"search_term_string\"}}],\"inLanguage\":\"es\"}]}<\/script>\n<!-- \/ Yoast SEO plugin. -->","yoast_head_json":{"title":"\u00a1Ven al Cru\u00eflla 2018! - Festival Cru\u00eflla","robots":{"index":"index","follow":"follow","max-snippet":"max-snippet:-1","max-image-preview":"max-image-preview:large","max-video-preview":"max-video-preview:-1"},"canonical":"https:\/\/www.cruillabarcelona.com\/es\/vine-al-cruilla-2018\/","og_locale":"es_ES","og_type":"article","og_title":"\u00a1Ven al Cru\u00eflla 2018! - Festival Cru\u00eflla","og_description":"La \u00faltima edici\u00f3n del Festival Cru\u00eflla se celebr\u00f3 del 12 al 14 de julio de 2018. Consulta los artistas de la edici\u00f3n del FESTIVAL CRU\u00cfLLA 2019 &nbsp; &nbsp; Vamos de festival, pero no a cualquier festival Cru\u00eflla es una experiencia completa de m\u00fasica, diversi\u00f3n y sensaciones. Se celebra al aire libre, en verano y junto... Ver art\u00edculo","og_url":"https:\/\/www.cruillabarcelona.com\/es\/vine-al-cruilla-2018\/","og_site_name":"Festival Cru\u00eflla","article_modified_time":"2018-12-27T15:36:49+00:00","og_image":[{"width":1500,"height":500,"url":"https:\/\/www.cruillabarcelona.com\/wp-content\/uploads\/2018\/03\/portada-web-cruillaenamora-dia.jpg","type":"image\/jpeg"}],"twitter_card":"summary_large_image","twitter_misc":{"Tiempo de lectura":"2 minutos"},"schema":{"@context":"https:\/\/schema.org","@graph":[{"@type":"WebPage","@id":"https:\/\/www.cruillabarcelona.com\/es\/vine-al-cruilla-2018\/","url":"https:\/\/www.cruillabarcelona.com\/es\/vine-al-cruilla-2018\/","name":"\u00a1Ven al Cru\u00eflla 2018! - Festival Cru\u00eflla","isPartOf":{"@id":"https:\/\/www.cruillabarcelona.com\/es\/#website"},"primaryImageOfPage":{"@id":"https:\/\/www.cruillabarcelona.com\/es\/vine-al-cruilla-2018\/#primaryimage"},"image":{"@id":"https:\/\/www.cruillabarcelona.com\/es\/vine-al-cruilla-2018\/#primaryimage"},"thumbnailUrl":"https:\/\/www.cruillabarcelona.com\/wp-content\/uploads\/2018\/03\/portada-web-cruillaenamora-dia.jpg","datePublished":"2018-05-07T09:33:55+00:00","dateModified":"2018-12-27T15:36:49+00:00","breadcrumb":{"@id":"https:\/\/www.cruillabarcelona.com\/es\/vine-al-cruilla-2018\/#breadcrumb"},"inLanguage":"es","potentialAction":[{"@type":"ReadAction","target":["https:\/\/www.cruillabarcelona.com\/es\/vine-al-cruilla-2018\/"]}]},{"@type":"ImageObject","inLanguage":"es","@id":"https:\/\/www.cruillabarcelona.com\/es\/vine-al-cruilla-2018\/#primaryimage","url":"https:\/\/www.cruillabarcelona.com\/wp-content\/uploads\/2018\/03\/portada-web-cruillaenamora-dia.jpg","contentUrl":"https:\/\/www.cruillabarcelona.com\/wp-content\/uploads\/2018\/03\/portada-web-cruillaenamora-dia.jpg","width":1500,"height":500,"caption":"Festival"},{"@type":"BreadcrumbList","@id":"https:\/\/www.cruillabarcelona.com\/es\/vine-al-cruilla-2018\/#breadcrumb","itemListElement":[{"@type":"ListItem","position":1,"name":"Home","item":"https:\/\/www.cruillabarcelona.com\/es\/"},{"@type":"ListItem","position":2,"name":"\u00a1Ven al Cru\u00eflla 2018!"}]},{"@type":"WebSite","@id":"https:\/\/www.cruillabarcelona.com\/es\/#website","url":"https:\/\/www.cruillabarcelona.com\/es\/","name":"Festival Cru\u00eflla","description":"","potentialAction":[{"@type":"SearchAction","target":{"@type":"EntryPoint","urlTemplate":"https:\/\/www.cruillabarcelona.com\/es\/?s={search_term_string}"},"query-input":{"@type":"PropertyValueSpecification","valueRequired":true,"valueName":"search_term_string"}}],"inLanguage":"es"}]}},"_links":{"self":[{"href":"https:\/\/www.cruillabarcelona.com\/es\/wp-json\/wp\/v2\/pages\/10724","targetHints":{"allow":["GET"]}}],"collection":[{"href":"https:\/\/www.cruillabarcelona.com\/es\/wp-json\/wp\/v2\/pages"}],"about":[{"href":"https:\/\/www.cruillabarcelona.com\/es\/wp-json\/wp\/v2\/types\/page"}],"author":[{"embeddable":true,"href":"https:\/\/www.cruillabarcelona.com\/es\/wp-json\/wp\/v2\/users\/2"}],"replies":[{"embeddable":true,"href":"https:\/\/www.cruillabarcelona.com\/es\/wp-json\/wp\/v2\/comments?post=10724"}],"version-history":[{"count":0,"href":"https:\/\/www.cruillabarcelona.com\/es\/wp-json\/wp\/v2\/pages\/10724\/revisions"}],"wp:featuredmedia":[{"embeddable":true,"href":"https:\/\/www.cruillabarcelona.com\/es\/wp-json\/wp\/v2\/media\/9843"}],"wp:attachment":[{"href":"https:\/\/www.cruillabarcelona.com\/es\/wp-json\/wp\/v2\/media?parent=10724"}],"curies":[{"name":"wp","href":"https:\/\/api.w.org\/{rel}","templated":true}]}}