{"id":19506,"date":"2018-11-12T18:53:14","date_gmt":"2018-11-12T16:53:14","guid":{"rendered":"https:\/\/www.cruillabarcelona.com\/?page_id=19506"},"modified":"2021-03-15T12:33:11","modified_gmt":"2021-03-15T10:33:11","slug":"entradas-cruilla-de-primavera","status":"publish","type":"page","link":"https:\/\/www.cruillabarcelona.com\/es\/entradas-cruilla-de-primavera\/","title":{"rendered":"Compra entradas del Cru\u00eflla de Primavera y de Tardor"},"content":{"rendered":"","protected":false},"excerpt":{"rendered":"","protected":false},"author":7,"featured_media":0,"parent":0,"menu_order":0,"comment_status":"closed","ping_status":"closed","template":"page-templates\/page-entrades.php","meta":{"_acf_changed":false,"footnotes":""},"class_list":["post-19506","page","type-page","status-publish","hentry"],"acf":[],"yoast_head":"<!-- This site is optimized with the Yoast SEO plugin v27.3 - https:\/\/yoast.com\/product\/yoast-seo-wordpress\/ -->\n<title>Compra entradas de conciertos en Barcelona: Cru\u00eflla Primavera y Tardor<\/title>\n<meta name=\"description\" content=\"Consigue entradas para los conciertos del Cru\u00eflla de Primavera y el Cru\u00eflla de Tardor 2020 en la web oficial del festival\" \/>\n<meta name=\"robots\" content=\"index, follow, max-snippet:-1, max-image-preview:large, max-video-preview:-1\" \/>\n<link rel=\"canonical\" href=\"https:\/\/www.cruillabarcelona.com\/es\/entradas-cruilla-de-primavera\/\" \/>\n<meta property=\"og:locale\" content=\"es_ES\" \/>\n<meta property=\"og:type\" content=\"article\" \/>\n<meta property=\"og:title\" content=\"Compra entradas de conciertos en Barcelona: Cru\u00eflla Primavera y Tardor\" \/>\n<meta property=\"og:description\" content=\"Consigue entradas para los conciertos del Cru\u00eflla de Primavera y el Cru\u00eflla de Tardor 2020 en la web oficial del festival\" \/>\n<meta property=\"og:url\" content=\"https:\/\/www.cruillabarcelona.com\/es\/entradas-cruilla-de-primavera\/\" \/>\n<meta property=\"og:site_name\" content=\"Festival Cru\u00eflla\" \/>\n<meta property=\"article:modified_time\" content=\"2021-03-15T10:33:11+00:00\" \/>\n<meta name=\"twitter:card\" content=\"summary_large_image\" \/>\n<script type=\"application\/ld+json\" class=\"yoast-schema-graph\">{\"@context\":\"https:\\\/\\\/schema.org\",\"@graph\":[{\"@type\":\"WebPage\",\"@id\":\"https:\\\/\\\/www.cruillabarcelona.com\\\/es\\\/entradas-cruilla-de-primavera\\\/\",\"url\":\"https:\\\/\\\/www.cruillabarcelona.com\\\/es\\\/entradas-cruilla-de-primavera\\\/\",\"name\":\"Compra entradas de conciertos en Barcelona: Cru\u00eflla Primavera y Tardor\",\"isPartOf\":{\"@id\":\"https:\\\/\\\/www.cruillabarcelona.com\\\/es\\\/#website\"},\"datePublished\":\"2018-11-12T16:53:14+00:00\",\"dateModified\":\"2021-03-15T10:33:11+00:00\",\"description\":\"Consigue entradas para los conciertos del Cru\u00eflla de Primavera y el Cru\u00eflla de Tardor 2020 en la web oficial del festival\",\"breadcrumb\":{\"@id\":\"https:\\\/\\\/www.cruillabarcelona.com\\\/es\\\/entradas-cruilla-de-primavera\\\/#breadcrumb\"},\"inLanguage\":\"es\",\"potentialAction\":[{\"@type\":\"ReadAction\",\"target\":[\"https:\\\/\\\/www.cruillabarcelona.com\\\/es\\\/entradas-cruilla-de-primavera\\\/\"]}]},{\"@type\":\"BreadcrumbList\",\"@id\":\"https:\\\/\\\/www.cruillabarcelona.com\\\/es\\\/entradas-cruilla-de-primavera\\\/#breadcrumb\",\"itemListElement\":[{\"@type\":\"ListItem\",\"position\":1,\"name\":\"Home\",\"item\":\"https:\\\/\\\/www.cruillabarcelona.com\\\/es\\\/\"},{\"@type\":\"ListItem\",\"position\":2,\"name\":\"Compra entradas del Cru\u00eflla de Primavera y de Tardor\"}]},{\"@type\":\"WebSite\",\"@id\":\"https:\\\/\\\/www.cruillabarcelona.com\\\/es\\\/#website\",\"url\":\"https:\\\/\\\/www.cruillabarcelona.com\\\/es\\\/\",\"name\":\"Festival Cru\u00eflla\",\"description\":\"\",\"potentialAction\":[{\"@type\":\"SearchAction\",\"target\":{\"@type\":\"EntryPoint\",\"urlTemplate\":\"https:\\\/\\\/www.cruillabarcelona.com\\\/es\\\/?s={search_term_string}\"},\"query-input\":{\"@type\":\"PropertyValueSpecification\",\"valueRequired\":true,\"valueName\":\"search_term_string\"}}],\"inLanguage\":\"es\"}]}<\/script>\n<!-- \/ Yoast SEO plugin. -->","yoast_head_json":{"title":"Compra entradas de conciertos en Barcelona: Cru\u00eflla Primavera y Tardor","description":"Consigue entradas para los conciertos del Cru\u00eflla de Primavera y el Cru\u00eflla de Tardor 2020 en la web oficial del festival","robots":{"index":"index","follow":"follow","max-snippet":"max-snippet:-1","max-image-preview":"max-image-preview:large","max-video-preview":"max-video-preview:-1"},"canonical":"https:\/\/www.cruillabarcelona.com\/es\/entradas-cruilla-de-primavera\/","og_locale":"es_ES","og_type":"article","og_title":"Compra entradas de conciertos en Barcelona: Cru\u00eflla Primavera y Tardor","og_description":"Consigue entradas para los conciertos del Cru\u00eflla de Primavera y el Cru\u00eflla de Tardor 2020 en la web oficial del festival","og_url":"https:\/\/www.cruillabarcelona.com\/es\/entradas-cruilla-de-primavera\/","og_site_name":"Festival Cru\u00eflla","article_modified_time":"2021-03-15T10:33:11+00:00","twitter_card":"summary_large_image","schema":{"@context":"https:\/\/schema.org","@graph":[{"@type":"WebPage","@id":"https:\/\/www.cruillabarcelona.com\/es\/entradas-cruilla-de-primavera\/","url":"https:\/\/www.cruillabarcelona.com\/es\/entradas-cruilla-de-primavera\/","name":"Compra entradas de conciertos en Barcelona: Cru\u00eflla Primavera y Tardor","isPartOf":{"@id":"https:\/\/www.cruillabarcelona.com\/es\/#website"},"datePublished":"2018-11-12T16:53:14+00:00","dateModified":"2021-03-15T10:33:11+00:00","description":"Consigue entradas para los conciertos del Cru\u00eflla de Primavera y el Cru\u00eflla de Tardor 2020 en la web oficial del festival","breadcrumb":{"@id":"https:\/\/www.cruillabarcelona.com\/es\/entradas-cruilla-de-primavera\/#breadcrumb"},"inLanguage":"es","potentialAction":[{"@type":"ReadAction","target":["https:\/\/www.cruillabarcelona.com\/es\/entradas-cruilla-de-primavera\/"]}]},{"@type":"BreadcrumbList","@id":"https:\/\/www.cruillabarcelona.com\/es\/entradas-cruilla-de-primavera\/#breadcrumb","itemListElement":[{"@type":"ListItem","position":1,"name":"Home","item":"https:\/\/www.cruillabarcelona.com\/es\/"},{"@type":"ListItem","position":2,"name":"Compra entradas del Cru\u00eflla de Primavera y de Tardor"}]},{"@type":"WebSite","@id":"https:\/\/www.cruillabarcelona.com\/es\/#website","url":"https:\/\/www.cruillabarcelona.com\/es\/","name":"Festival Cru\u00eflla","description":"","potentialAction":[{"@type":"SearchAction","target":{"@type":"EntryPoint","urlTemplate":"https:\/\/www.cruillabarcelona.com\/es\/?s={search_term_string}"},"query-input":{"@type":"PropertyValueSpecification","valueRequired":true,"valueName":"search_term_string"}}],"inLanguage":"es"}]}},"_links":{"self":[{"href":"https:\/\/www.cruillabarcelona.com\/es\/wp-json\/wp\/v2\/pages\/19506","targetHints":{"allow":["GET"]}}],"collection":[{"href":"https:\/\/www.cruillabarcelona.com\/es\/wp-json\/wp\/v2\/pages"}],"about":[{"href":"https:\/\/www.cruillabarcelona.com\/es\/wp-json\/wp\/v2\/types\/page"}],"author":[{"embeddable":true,"href":"https:\/\/www.cruillabarcelona.com\/es\/wp-json\/wp\/v2\/users\/7"}],"replies":[{"embeddable":true,"href":"https:\/\/www.cruillabarcelona.com\/es\/wp-json\/wp\/v2\/comments?post=19506"}],"version-history":[{"count":0,"href":"https:\/\/www.cruillabarcelona.com\/es\/wp-json\/wp\/v2\/pages\/19506\/revisions"}],"wp:attachment":[{"href":"https:\/\/www.cruillabarcelona.com\/es\/wp-json\/wp\/v2\/media?parent=19506"}],"curies":[{"name":"wp","href":"https:\/\/api.w.org\/{rel}","templated":true}]}}