{"id":19742,"date":"2018-11-19T19:27:57","date_gmt":"2018-11-19T17:27:57","guid":{"rendered":"https:\/\/www.cruillabarcelona.com\/?page_id=19742"},"modified":"2019-06-18T10:00:36","modified_gmt":"2019-06-18T08:00:36","slug":"jueves-4-julio-2019","status":"publish","type":"page","link":"https:\/\/www.cruillabarcelona.com\/es\/jueves-4-julio-2019\/","title":{"rendered":"Jueves 4 de julio"},"content":{"rendered":"<p><iframe loading=\"lazy\" src=\"https:\/\/www.youtube.com\/embed\/YYfJN89Ns_o\" width=\"560\" height=\"315\" frameborder=\"0\" allowfullscreen=\"allowfullscreen\"><\/iframe><\/p>\n<p style=\"text-align: center;\">El jueves 4 de julio es un d\u00eda especial, el d\u00eda de las estrellas del rap y el trap nacional.<\/p>\n<p style=\"text-align: center;\">Con tu entrada del jueves podr\u00e1s ver los directos de <a href=\"https:\/\/www.cruillabarcelona.com\/es\/artists\/natos-y-waor\/\" target=\"_blank\" rel=\"noopener noreferrer\">Natos y Waor<\/a>, <a href=\"https:\/\/www.cruillabarcelona.com\/es\/artists\/ayax-y-prok\/\" target=\"_blank\" rel=\"noopener noreferrer\">Ayax y Prok<\/a> y <a href=\"https:\/\/www.cruillabarcelona.com\/es\/artists\/lildami\/\" target=\"_blank\" rel=\"noopener noreferrer\">Lildami<\/a>. <strong>Tres conciertos competos con la misma entrada<\/strong>.<\/p>\n<p style=\"text-align: center;\"><em>Compra tu entrada aqu\u00ed:<\/em><\/p>\n<p style=\"text-align: center;\"><a class=\"button     \" href=\"https:\/\/cruilla.seetickets.com\/event\/entrada-dijous\/parc-del-forum-barcelona\/1282344?lang=es-ES&amp;_ga=2.31722749.2127279371.1546854107-1637695056.1472717994\"  target=\"_blank\">ENTRADAS JUEVES<\/a><\/p>\n<hr \/>\n<h2 style=\"text-align: center;\">Natos y Waor, dos chicos de barrio que suenan por todo el mundo<\/h2>\n<p><iframe loading=\"lazy\" src=\"https:\/\/www.youtube.com\/embed\/qd3Zt6PTuOs\" width=\"560\" height=\"315\" frameborder=\"0\" allowfullscreen=\"allowfullscreen\"><\/iframe><\/p>\n<p>Natos y Waor son probablemente <strong>los raperos m\u00e1s escuchados<\/strong> de Espa\u00f1a. Natos y Waor son <strong>el nuevo hip hop<\/strong> que se mantiene fiel al barrio. Natos y Waor son las barras m\u00e1s directas y personales del rap en espa\u00f1ol.<\/p>\n<p>Sudor, sinceridad y pocas l\u00e1grimas. <strong>Natos y Waor son dos chicos de barrio que suenan en todo el mundo<\/strong>. El pr\u00f3ximo 4 de julio llegan al Cru\u00eflla para marcar otro hito en una carrera que ya es imparable.<\/p>\n<h2 style=\"text-align: center;\">Ayax y Prok: como el enfant terrible pero dos veces<\/h2>\n<p><iframe loading=\"lazy\" src=\"https:\/\/www.youtube.com\/embed\/tCe7VFfrh6E\" width=\"560\" height=\"315\" frameborder=\"0\" allowfullscreen=\"allowfullscreen\"><\/iframe><\/p>\n<p>Ayax y Prok son <strong>dos gemelos de un barrio de Granada<\/strong>. Ayax y Prok son la <strong>mezcla ganadora de poes\u00eda, pol\u00edtica y barrio<\/strong>. Son el <em>enfant terrible<\/em> por duplicado y tienen las barras m\u00e1s afiladas del hip hop en espa\u00f1ol.<\/p>\n<p>Ayax y Prok sacan la lengua y se\u00f1alan con el dedo. Su \u00fanica arma es la palabra y decir lo que piensan ya les basta para meterse en problemas. Por eso <strong>todo el mundo los escucha, los respeta y les quiere.<\/strong><\/p>\n<p>El 4 de julio saldr\u00e1n a ser ellos mismos al escenario del <strong>Cru\u00eflla<\/strong>. Un directo tan intenso hay que vivirlo.<\/p>\n<h2 style=\"text-align: center;\">Lildami, el nuevo orgullo del trap catal\u00e1n<\/h2>\n<p><iframe loading=\"lazy\" src=\"https:\/\/www.youtube.com\/embed\/c9vBevvGY2g\" width=\"560\" height=\"315\" frameborder=\"0\" allowfullscreen=\"allowfullscreen\"><\/iframe><\/p>\n<p>Lildami es la frescura. Es la honestidad y el orgullo. Lildami es la nueva revelaci\u00f3n del <strong>trap en catal\u00e1n<\/strong>.<\/p>\n<p>No para de reivindicarse y cada vez tiene m\u00e1s fans que lo avalan. El concierto de <strong>Lildami en el Cru\u00eflla 2019 es una buena noticia para todos los amantes de la m\u00fasica en catal\u00e1n<\/strong>. Y, si sigue creciendo a esta velocidad, no dudamos que se llenar\u00e1.<\/p>\n<p>Si no puedes esperar para verlo en el Festival Cru\u00eflla, te recordamos que <strong>Lildami presentar\u00e1 su nuevo disco el pr\u00f3ximo 5 de abril en el Cru\u00eflla de Primavera<\/strong>. Haz click <a href=\"https:\/\/www.cruillabarcelona.com\/es\/artists\/lildami-cruilla-primavera\/\" target=\"_blank\" rel=\"noopener noreferrer\">AQU\u00cd<\/a> para saber m\u00e1s.<\/p>\n<hr \/>\n<p style=\"text-align: center;\"><em>Ven a ver a Natos y Waor, Ayax y Prok y Lildami al Festival Cru\u00eflla:<\/em><\/p>\n<p style=\"text-align: center;\"><a class=\"button     \" href=\"https:\/\/cruilla.seetickets.com\/event\/entrada-dijous\/parc-del-forum-barcelona\/1282344?lang=es-ES&amp;_ga=2.31722749.2127279371.1546854107-1637695056.1472717994\"  target=\"_blank\">ENTRADAS JUEVES<\/a><\/p>\n<p><img loading=\"lazy\" decoding=\"async\" class=\"wp-image-19381 aligncenter\" src=\"https:\/\/www.cruillabarcelona.com\/wp-content\/uploads\/2018\/11\/5_NatosyWaor_Neta.jpg\" alt=\"Natos y Waor\" width=\"409\" height=\"409\" srcset=\"https:\/\/www.cruillabarcelona.com\/wp-content\/uploads\/2018\/11\/5_NatosyWaor_Neta.jpg 1001w, https:\/\/www.cruillabarcelona.com\/wp-content\/uploads\/2018\/11\/5_NatosyWaor_Neta-150x150.jpg 150w, https:\/\/www.cruillabarcelona.com\/wp-content\/uploads\/2018\/11\/5_NatosyWaor_Neta-768x768.jpg 768w, https:\/\/www.cruillabarcelona.com\/wp-content\/uploads\/2018\/11\/5_NatosyWaor_Neta-300x300.jpg 300w, https:\/\/www.cruillabarcelona.com\/wp-content\/uploads\/2018\/11\/5_NatosyWaor_Neta-600x600.jpg 600w\" sizes=\"auto, (max-width: 409px) 100vw, 409px\" \/><\/p>\n<p><img loading=\"lazy\" decoding=\"async\" class=\"wp-image-19364 aligncenter\" src=\"https:\/\/www.cruillabarcelona.com\/wp-content\/uploads\/2018\/11\/4_AyakyProk_Neta.jpg\" alt=\"Ayak y Prok\" width=\"403\" height=\"403\" srcset=\"https:\/\/www.cruillabarcelona.com\/wp-content\/uploads\/2018\/11\/4_AyakyProk_Neta.jpg 1001w, https:\/\/www.cruillabarcelona.com\/wp-content\/uploads\/2018\/11\/4_AyakyProk_Neta-150x150.jpg 150w, https:\/\/www.cruillabarcelona.com\/wp-content\/uploads\/2018\/11\/4_AyakyProk_Neta-768x768.jpg 768w, https:\/\/www.cruillabarcelona.com\/wp-content\/uploads\/2018\/11\/4_AyakyProk_Neta-300x300.jpg 300w, https:\/\/www.cruillabarcelona.com\/wp-content\/uploads\/2018\/11\/4_AyakyProk_Neta-600x600.jpg 600w\" sizes=\"auto, (max-width: 403px) 100vw, 403px\" \/><\/p>\n<p><img loading=\"lazy\" decoding=\"async\" class=\"wp-image-20087 aligncenter\" src=\"https:\/\/www.cruillabarcelona.com\/wp-content\/uploads\/2018\/12\/2_Neta_Lildami_CruillaPrimavera.jpg\" alt=\"Lildami\" width=\"400\" height=\"400\" srcset=\"https:\/\/www.cruillabarcelona.com\/wp-content\/uploads\/2018\/12\/2_Neta_Lildami_CruillaPrimavera.jpg 540w, https:\/\/www.cruillabarcelona.com\/wp-content\/uploads\/2018\/12\/2_Neta_Lildami_CruillaPrimavera-150x150.jpg 150w, https:\/\/www.cruillabarcelona.com\/wp-content\/uploads\/2018\/12\/2_Neta_Lildami_CruillaPrimavera-300x300.jpg 300w\" sizes=\"auto, (max-width: 400px) 100vw, 400px\" \/><\/p>\n","protected":false},"excerpt":{"rendered":"El jueves 4 de julio es un d\u00eda especial, el d\u00eda de las estrellas del rap y el trap nacional. Con tu entrada del jueves podr\u00e1s ver los directos de Natos y Waor, Ayax y Prok y Lildami. Tres conciertos competos con la misma entrada. Compra tu entrada aqu\u00ed: Natos y Waor, dos chicos de&#8230; <a class=\"view-article\" href=\"https:\/\/www.cruillabarcelona.com\/es\/jueves-4-julio-2019\/\">Ver art\u00edculo<\/a>","protected":false},"author":13,"featured_media":19123,"parent":0,"menu_order":0,"comment_status":"closed","ping_status":"closed","template":"page-templates\/page-landing.php","meta":{"_acf_changed":false,"footnotes":""},"class_list":["post-19742","page","type-page","status-publish","has-post-thumbnail","hentry"],"acf":[],"yoast_head":"<!-- This site is optimized with the Yoast SEO plugin v27.3 - https:\/\/yoast.com\/product\/yoast-seo-wordpress\/ -->\n<title>Natos y Waor, Ayax y Prok y Lildami en el Festival Cru\u00eflla 2019<\/title>\n<meta name=\"description\" content=\"Natos y Waor, Ayax y Prok, Lildami y muchos m\u00e1s en concierto. Entradas para el jueves 4 de julio en el Festival Cru\u00eflla, en verano de 2019 en Barcelona.\" \/>\n<meta name=\"robots\" content=\"index, follow, max-snippet:-1, max-image-preview:large, max-video-preview:-1\" \/>\n<link rel=\"canonical\" href=\"https:\/\/www.cruillabarcelona.com\/es\/jueves-4-julio-2019\/\" \/>\n<meta property=\"og:locale\" content=\"es_ES\" \/>\n<meta property=\"og:type\" content=\"article\" \/>\n<meta property=\"og:title\" content=\"Natos y Waor, Ayax y Prok y Lildami en el Festival Cru\u00eflla 2019\" \/>\n<meta property=\"og:description\" content=\"Natos y Waor, Ayax y Prok, Lildami y muchos m\u00e1s en concierto. Entradas para el jueves 4 de julio en el Festival Cru\u00eflla, en verano de 2019 en Barcelona.\" \/>\n<meta property=\"og:url\" content=\"https:\/\/www.cruillabarcelona.com\/es\/jueves-4-julio-2019\/\" \/>\n<meta property=\"og:site_name\" content=\"Festival Cru\u00eflla\" \/>\n<meta property=\"article:modified_time\" content=\"2019-06-18T08:00:36+00:00\" \/>\n<meta property=\"og:image\" content=\"https:\/\/www.cruillabarcelona.com\/wp-content\/uploads\/2018\/10\/landing-primavera-2019.jpg\" \/>\n\t<meta property=\"og:image:width\" content=\"1500\" \/>\n\t<meta property=\"og:image:height\" content=\"500\" \/>\n\t<meta property=\"og:image:type\" content=\"image\/jpeg\" \/>\n<meta name=\"twitter:card\" content=\"summary_large_image\" \/>\n<meta name=\"twitter:label1\" content=\"Tiempo de lectura\" \/>\n\t<meta name=\"twitter:data1\" content=\"2 minutos\" \/>\n<script type=\"application\/ld+json\" class=\"yoast-schema-graph\">{\"@context\":\"https:\\\/\\\/schema.org\",\"@graph\":[{\"@type\":\"WebPage\",\"@id\":\"https:\\\/\\\/www.cruillabarcelona.com\\\/es\\\/jueves-4-julio-2019\\\/\",\"url\":\"https:\\\/\\\/www.cruillabarcelona.com\\\/es\\\/jueves-4-julio-2019\\\/\",\"name\":\"Natos y Waor, Ayax y Prok y Lildami en el Festival Cru\u00eflla 2019\",\"isPartOf\":{\"@id\":\"https:\\\/\\\/www.cruillabarcelona.com\\\/es\\\/#website\"},\"primaryImageOfPage\":{\"@id\":\"https:\\\/\\\/www.cruillabarcelona.com\\\/es\\\/jueves-4-julio-2019\\\/#primaryimage\"},\"image\":{\"@id\":\"https:\\\/\\\/www.cruillabarcelona.com\\\/es\\\/jueves-4-julio-2019\\\/#primaryimage\"},\"thumbnailUrl\":\"https:\\\/\\\/www.cruillabarcelona.com\\\/wp-content\\\/uploads\\\/2018\\\/10\\\/landing-primavera-2019.jpg\",\"datePublished\":\"2018-11-19T17:27:57+00:00\",\"dateModified\":\"2019-06-18T08:00:36+00:00\",\"description\":\"Natos y Waor, Ayax y Prok, Lildami y muchos m\u00e1s en concierto. Entradas para el jueves 4 de julio en el Festival Cru\u00eflla, en verano de 2019 en Barcelona.\",\"breadcrumb\":{\"@id\":\"https:\\\/\\\/www.cruillabarcelona.com\\\/es\\\/jueves-4-julio-2019\\\/#breadcrumb\"},\"inLanguage\":\"es\",\"potentialAction\":[{\"@type\":\"ReadAction\",\"target\":[\"https:\\\/\\\/www.cruillabarcelona.com\\\/es\\\/jueves-4-julio-2019\\\/\"]}]},{\"@type\":\"ImageObject\",\"inLanguage\":\"es\",\"@id\":\"https:\\\/\\\/www.cruillabarcelona.com\\\/es\\\/jueves-4-julio-2019\\\/#primaryimage\",\"url\":\"https:\\\/\\\/www.cruillabarcelona.com\\\/wp-content\\\/uploads\\\/2018\\\/10\\\/landing-primavera-2019.jpg\",\"contentUrl\":\"https:\\\/\\\/www.cruillabarcelona.com\\\/wp-content\\\/uploads\\\/2018\\\/10\\\/landing-primavera-2019.jpg\",\"width\":1500,\"height\":500,\"caption\":\"Jueves 4 de julio\"},{\"@type\":\"BreadcrumbList\",\"@id\":\"https:\\\/\\\/www.cruillabarcelona.com\\\/es\\\/jueves-4-julio-2019\\\/#breadcrumb\",\"itemListElement\":[{\"@type\":\"ListItem\",\"position\":1,\"name\":\"Home\",\"item\":\"https:\\\/\\\/www.cruillabarcelona.com\\\/es\\\/\"},{\"@type\":\"ListItem\",\"position\":2,\"name\":\"Jueves 4 de julio\"}]},{\"@type\":\"WebSite\",\"@id\":\"https:\\\/\\\/www.cruillabarcelona.com\\\/es\\\/#website\",\"url\":\"https:\\\/\\\/www.cruillabarcelona.com\\\/es\\\/\",\"name\":\"Festival Cru\u00eflla\",\"description\":\"\",\"potentialAction\":[{\"@type\":\"SearchAction\",\"target\":{\"@type\":\"EntryPoint\",\"urlTemplate\":\"https:\\\/\\\/www.cruillabarcelona.com\\\/es\\\/?s={search_term_string}\"},\"query-input\":{\"@type\":\"PropertyValueSpecification\",\"valueRequired\":true,\"valueName\":\"search_term_string\"}}],\"inLanguage\":\"es\"}]}<\/script>\n<!-- \/ Yoast SEO plugin. -->","yoast_head_json":{"title":"Natos y Waor, Ayax y Prok y Lildami en el Festival Cru\u00eflla 2019","description":"Natos y Waor, Ayax y Prok, Lildami y muchos m\u00e1s en concierto. Entradas para el jueves 4 de julio en el Festival Cru\u00eflla, en verano de 2019 en Barcelona.","robots":{"index":"index","follow":"follow","max-snippet":"max-snippet:-1","max-image-preview":"max-image-preview:large","max-video-preview":"max-video-preview:-1"},"canonical":"https:\/\/www.cruillabarcelona.com\/es\/jueves-4-julio-2019\/","og_locale":"es_ES","og_type":"article","og_title":"Natos y Waor, Ayax y Prok y Lildami en el Festival Cru\u00eflla 2019","og_description":"Natos y Waor, Ayax y Prok, Lildami y muchos m\u00e1s en concierto. Entradas para el jueves 4 de julio en el Festival Cru\u00eflla, en verano de 2019 en Barcelona.","og_url":"https:\/\/www.cruillabarcelona.com\/es\/jueves-4-julio-2019\/","og_site_name":"Festival Cru\u00eflla","article_modified_time":"2019-06-18T08:00:36+00:00","og_image":[{"width":1500,"height":500,"url":"https:\/\/www.cruillabarcelona.com\/wp-content\/uploads\/2018\/10\/landing-primavera-2019.jpg","type":"image\/jpeg"}],"twitter_card":"summary_large_image","twitter_misc":{"Tiempo de lectura":"2 minutos"},"schema":{"@context":"https:\/\/schema.org","@graph":[{"@type":"WebPage","@id":"https:\/\/www.cruillabarcelona.com\/es\/jueves-4-julio-2019\/","url":"https:\/\/www.cruillabarcelona.com\/es\/jueves-4-julio-2019\/","name":"Natos y Waor, Ayax y Prok y Lildami en el Festival Cru\u00eflla 2019","isPartOf":{"@id":"https:\/\/www.cruillabarcelona.com\/es\/#website"},"primaryImageOfPage":{"@id":"https:\/\/www.cruillabarcelona.com\/es\/jueves-4-julio-2019\/#primaryimage"},"image":{"@id":"https:\/\/www.cruillabarcelona.com\/es\/jueves-4-julio-2019\/#primaryimage"},"thumbnailUrl":"https:\/\/www.cruillabarcelona.com\/wp-content\/uploads\/2018\/10\/landing-primavera-2019.jpg","datePublished":"2018-11-19T17:27:57+00:00","dateModified":"2019-06-18T08:00:36+00:00","description":"Natos y Waor, Ayax y Prok, Lildami y muchos m\u00e1s en concierto. Entradas para el jueves 4 de julio en el Festival Cru\u00eflla, en verano de 2019 en Barcelona.","breadcrumb":{"@id":"https:\/\/www.cruillabarcelona.com\/es\/jueves-4-julio-2019\/#breadcrumb"},"inLanguage":"es","potentialAction":[{"@type":"ReadAction","target":["https:\/\/www.cruillabarcelona.com\/es\/jueves-4-julio-2019\/"]}]},{"@type":"ImageObject","inLanguage":"es","@id":"https:\/\/www.cruillabarcelona.com\/es\/jueves-4-julio-2019\/#primaryimage","url":"https:\/\/www.cruillabarcelona.com\/wp-content\/uploads\/2018\/10\/landing-primavera-2019.jpg","contentUrl":"https:\/\/www.cruillabarcelona.com\/wp-content\/uploads\/2018\/10\/landing-primavera-2019.jpg","width":1500,"height":500,"caption":"Jueves 4 de julio"},{"@type":"BreadcrumbList","@id":"https:\/\/www.cruillabarcelona.com\/es\/jueves-4-julio-2019\/#breadcrumb","itemListElement":[{"@type":"ListItem","position":1,"name":"Home","item":"https:\/\/www.cruillabarcelona.com\/es\/"},{"@type":"ListItem","position":2,"name":"Jueves 4 de julio"}]},{"@type":"WebSite","@id":"https:\/\/www.cruillabarcelona.com\/es\/#website","url":"https:\/\/www.cruillabarcelona.com\/es\/","name":"Festival Cru\u00eflla","description":"","potentialAction":[{"@type":"SearchAction","target":{"@type":"EntryPoint","urlTemplate":"https:\/\/www.cruillabarcelona.com\/es\/?s={search_term_string}"},"query-input":{"@type":"PropertyValueSpecification","valueRequired":true,"valueName":"search_term_string"}}],"inLanguage":"es"}]}},"_links":{"self":[{"href":"https:\/\/www.cruillabarcelona.com\/es\/wp-json\/wp\/v2\/pages\/19742","targetHints":{"allow":["GET"]}}],"collection":[{"href":"https:\/\/www.cruillabarcelona.com\/es\/wp-json\/wp\/v2\/pages"}],"about":[{"href":"https:\/\/www.cruillabarcelona.com\/es\/wp-json\/wp\/v2\/types\/page"}],"author":[{"embeddable":true,"href":"https:\/\/www.cruillabarcelona.com\/es\/wp-json\/wp\/v2\/users\/13"}],"replies":[{"embeddable":true,"href":"https:\/\/www.cruillabarcelona.com\/es\/wp-json\/wp\/v2\/comments?post=19742"}],"version-history":[{"count":0,"href":"https:\/\/www.cruillabarcelona.com\/es\/wp-json\/wp\/v2\/pages\/19742\/revisions"}],"wp:featuredmedia":[{"embeddable":true,"href":"https:\/\/www.cruillabarcelona.com\/es\/wp-json\/wp\/v2\/media\/19123"}],"wp:attachment":[{"href":"https:\/\/www.cruillabarcelona.com\/es\/wp-json\/wp\/v2\/media?parent=19742"}],"curies":[{"name":"wp","href":"https:\/\/api.w.org\/{rel}","templated":true}]}}