{"id":20814,"date":"2019-01-10T17:28:43","date_gmt":"2019-01-10T15:28:43","guid":{"rendered":"https:\/\/www.cruillabarcelona.com\/?page_id=20814"},"modified":"2019-06-18T10:05:38","modified_gmt":"2019-06-18T08:05:38","slug":"sabado-6-julio-2019","status":"publish","type":"page","link":"https:\/\/www.cruillabarcelona.com\/es\/sabado-6-julio-2019\/","title":{"rendered":"S\u00e1bado 6 de julio"},"content":{"rendered":"<p>Un s\u00e1bado de verano, junto al mar, con amigas y amigos, como nosotros nos gusta. <strong>Kylie Minogue, Love of Lesbian, Dorian&#8230;<\/strong>\u00a0\u00a1El s\u00e1bado 6 de julio es la noche del baile y la diversi\u00f3n sin complejos del <strong>Cru\u00eflla 2019<\/strong>!<\/p>\n<p>Con tu entrada del s\u00e1bado podr\u00e1s ver a\u00a0<a href=\"https:\/\/www.cruillabarcelona.com\/es\/artists\/kylie-minogue\/\" target=\"_blank\" rel=\"noopener noreferrer\">Kylie Minogue<\/a>, <a href=\"https:\/\/www.cruillabarcelona.com\/es\/artists\/years-years\/\" target=\"_blank\" rel=\"noopener noreferrer\">Years &amp; Years<\/a>,\u00a0<a href=\"https:\/\/www.cruillabarcelona.com\/es\/artists\/love-of-lesbian\/\" target=\"_blank\" rel=\"noopener noreferrer\">Love of Lesbian<\/a>,\u00a0<a href=\"https:\/\/www.cruillabarcelona.com\/es\/artists\/dorian-cruilla-2019\/\" target=\"_blank\" rel=\"noopener noreferrer\">Dorian<\/a> \u00a1y todos los artistas que quedan para confirmar!<\/p>\n<p style=\"text-align: center;\"><em>Compra tu entrada aqu\u00ed:<\/em><\/p>\n<p style=\"text-align: center;\"><a class=\"button     \" href=\"https:\/\/cruilla.seetickets.com\/event\/entrada-dissabte\/parc-del-forum-barcelona\/1278180?lang=es-ES\"  target=\"_blank\">ENTRADAS S\u00c1BADO<\/a><\/p>\n<hr \/>\n<h2 style=\"text-align: center;\">Kylie Minogue, un billete de vuelta a los 90<\/h2>\n<p><iframe loading=\"lazy\" src=\"https:\/\/www.youtube.com\/embed\/npflSSnOCvs\" width=\"560\" height=\"315\" frameborder=\"0\" allowfullscreen=\"allowfullscreen\" data-mce-fragment=\"1\"><\/iframe><\/p>\n<p>El s\u00e1bado 6 de julio es el d\u00eda de la gran estrella del Cru\u00eflla 2019: <strong>Kylie Minogue<\/strong> la diva, la estrella del pop, nuestro billete del vuelta al dance y el disco de los 90.<\/p>\n<p>El tren Kylie Minogue solo har\u00e1 una parada en Espa\u00f1a en 2019 y estamos muy contentos de que esta parada sea el Festival Cru\u00eflla. <strong>Crearemos un ambiente perfecto<\/strong> para bailar <em>Can&#8217;t get you out of my head<\/em> y todo el resto de hits de la cantante. Bailaremos sin parar y queremos que t\u00fa tambi\u00e9n lo des todo.<\/p>\n<h2 style=\"text-align: center;\">Years &amp; Years rompe el term\u00f3metro<\/h2>\n<p><iframe loading=\"lazy\" src=\"https:\/\/www.youtube.com\/embed\/g_uoH6hJilc\" width=\"560\" height=\"315\" frameborder=\"0\" allowfullscreen=\"allowfullscreen\"><\/iframe><\/p>\n<p>El grupo synthpop de moda actuar\u00e1 <strong>por primera vez en Barcelona<\/strong> este verano, y ser\u00e1 en el Cru\u00eflla 2019. <strong>Years &amp; Years<\/strong> nos trae un espect\u00e1culo sin precedentes, con <strong>Olly Alexander<\/strong> como capit\u00e1n del barco y todo tipo de bailarines y performers encima del escenario.<\/p>\n<p>Escucharemos las canciones de su \u00faltimo \u00e1lbum, <strong><em>Palo Santo<\/em><\/strong>, y los hits que hicieron que el grupo subiera como la espuma.<\/p>\n<h2 style=\"text-align: center;\">Love of Lesbian + Dorian, dos incombustibles<\/h2>\n<p><iframe loading=\"lazy\" src=\"https:\/\/www.youtube.com\/embed\/A3f7DaT5PE4\" width=\"560\" height=\"315\" frameborder=\"0\" allowfullscreen=\"allowfullscreen\" data-mce-fragment=\"1\"><\/iframe><\/p>\n<p><strong>Love of Lesbian<\/strong> vuelve al Cru\u00eflla porque nos encanta y sabemos que a vosotros tambi\u00e9n. Esta vez vendr\u00e1n acompa\u00f1ados de un <strong>tr\u00edo de vientos, percusi\u00f3n, vibr\u00e1fono y steel guitar<\/strong> para construir un show \u00fanico.<\/p>\n<p><strong>Dorian<\/strong>, por su parte, presentar\u00e1 su \u00faltimo \u00e1lbum <em>Justicia Universal<\/em> y lo acompa\u00f1ar\u00e1 de canciones como <em>Cualquier otra parte<\/em> y el resto de hits que los llevaron a la primera l\u00ednea de la m\u00fasica indie.<\/p>\n<hr \/>\n<p style=\"text-align: center;\"><em>Ven a ver Kylie Minogue, Love of Lesbian y Dorian al Festival Cru\u00eflla:<\/em><\/p>\n<p style=\"text-align: center;\"><a class=\"button     \" href=\"https:\/\/cruilla.seetickets.com\/event\/entrada-dissabte\/parc-del-forum-barcelona\/1278180?lang=es-ES\"  target=\"_blank\">ENTRADAS S\u00c1BADO<\/a><\/p>\n<p><img loading=\"lazy\" decoding=\"async\" class=\"wp-image-19438 aligncenter\" src=\"https:\/\/www.cruillabarcelona.com\/wp-content\/uploads\/2018\/11\/7_KylieMinogue_Neta.jpg\" alt=\"Kylie Minogue\" width=\"401\" height=\"401\" srcset=\"https:\/\/www.cruillabarcelona.com\/wp-content\/uploads\/2018\/11\/7_KylieMinogue_Neta.jpg 1001w, https:\/\/www.cruillabarcelona.com\/wp-content\/uploads\/2018\/11\/7_KylieMinogue_Neta-150x150.jpg 150w, https:\/\/www.cruillabarcelona.com\/wp-content\/uploads\/2018\/11\/7_KylieMinogue_Neta-768x768.jpg 768w, https:\/\/www.cruillabarcelona.com\/wp-content\/uploads\/2018\/11\/7_KylieMinogue_Neta-300x300.jpg 300w, https:\/\/www.cruillabarcelona.com\/wp-content\/uploads\/2018\/11\/7_KylieMinogue_Neta-600x600.jpg 600w\" sizes=\"auto, (max-width: 401px) 100vw, 401px\" \/><\/p>\n<p><img loading=\"lazy\" decoding=\"async\" class=\"aligncenter wp-image-21074 \" src=\"https:\/\/www.cruillabarcelona.com\/wp-content\/uploads\/2019\/01\/21_2_YearsYears_Neta.jpg\" alt=\"Years &amp; Years\" width=\"401\" height=\"401\" srcset=\"https:\/\/www.cruillabarcelona.com\/wp-content\/uploads\/2019\/01\/21_2_YearsYears_Neta.jpg 1200w, https:\/\/www.cruillabarcelona.com\/wp-content\/uploads\/2019\/01\/21_2_YearsYears_Neta-150x150.jpg 150w, https:\/\/www.cruillabarcelona.com\/wp-content\/uploads\/2019\/01\/21_2_YearsYears_Neta-768x768.jpg 768w, https:\/\/www.cruillabarcelona.com\/wp-content\/uploads\/2019\/01\/21_2_YearsYears_Neta-1024x1024.jpg 1024w, https:\/\/www.cruillabarcelona.com\/wp-content\/uploads\/2019\/01\/21_2_YearsYears_Neta-300x300.jpg 300w, https:\/\/www.cruillabarcelona.com\/wp-content\/uploads\/2019\/01\/21_2_YearsYears_Neta-600x600.jpg 600w\" sizes=\"auto, (max-width: 401px) 100vw, 401px\" \/><\/p>\n<p><img loading=\"lazy\" decoding=\"async\" class=\"wp-image-20153 aligncenter\" src=\"https:\/\/www.cruillabarcelona.com\/wp-content\/uploads\/2018\/12\/16_LoveOfLesbian_Neta.jpg\" alt=\"Love of Lesbian\" width=\"400\" height=\"400\" srcset=\"https:\/\/www.cruillabarcelona.com\/wp-content\/uploads\/2018\/12\/16_LoveOfLesbian_Neta.jpg 1080w, https:\/\/www.cruillabarcelona.com\/wp-content\/uploads\/2018\/12\/16_LoveOfLesbian_Neta-150x150.jpg 150w, https:\/\/www.cruillabarcelona.com\/wp-content\/uploads\/2018\/12\/16_LoveOfLesbian_Neta-768x768.jpg 768w, https:\/\/www.cruillabarcelona.com\/wp-content\/uploads\/2018\/12\/16_LoveOfLesbian_Neta-1024x1024.jpg 1024w, https:\/\/www.cruillabarcelona.com\/wp-content\/uploads\/2018\/12\/16_LoveOfLesbian_Neta-300x300.jpg 300w, https:\/\/www.cruillabarcelona.com\/wp-content\/uploads\/2018\/12\/16_LoveOfLesbian_Neta-600x600.jpg 600w\" sizes=\"auto, (max-width: 400px) 100vw, 400px\" \/><\/p>\n<p><img loading=\"lazy\" decoding=\"async\" class=\"aligncenter wp-image-20159 \" src=\"https:\/\/www.cruillabarcelona.com\/wp-content\/uploads\/2018\/12\/18_Dorian_Neta.jpg\" alt=\"Dorian\" width=\"400\" height=\"400\" srcset=\"https:\/\/www.cruillabarcelona.com\/wp-content\/uploads\/2018\/12\/18_Dorian_Neta.jpg 1080w, https:\/\/www.cruillabarcelona.com\/wp-content\/uploads\/2018\/12\/18_Dorian_Neta-150x150.jpg 150w, https:\/\/www.cruillabarcelona.com\/wp-content\/uploads\/2018\/12\/18_Dorian_Neta-768x768.jpg 768w, https:\/\/www.cruillabarcelona.com\/wp-content\/uploads\/2018\/12\/18_Dorian_Neta-1024x1024.jpg 1024w, https:\/\/www.cruillabarcelona.com\/wp-content\/uploads\/2018\/12\/18_Dorian_Neta-300x300.jpg 300w, https:\/\/www.cruillabarcelona.com\/wp-content\/uploads\/2018\/12\/18_Dorian_Neta-600x600.jpg 600w\" sizes=\"auto, (max-width: 400px) 100vw, 400px\" \/><\/p>\n","protected":false},"excerpt":{"rendered":"Un s\u00e1bado de verano, junto al mar, con amigas y amigos, como nosotros nos gusta. Kylie Minogue, Love of Lesbian, Dorian&#8230;\u00a0\u00a1El s\u00e1bado 6 de julio es la noche del baile y la diversi\u00f3n sin complejos del Cru\u00eflla 2019! Con tu entrada del s\u00e1bado podr\u00e1s ver a\u00a0Kylie Minogue, Years &amp; Years,\u00a0Love of Lesbian,\u00a0Dorian \u00a1y todos los&#8230; <a class=\"view-article\" href=\"https:\/\/www.cruillabarcelona.com\/es\/sabado-6-julio-2019\/\">Ver art\u00edculo<\/a>","protected":false},"author":2,"featured_media":20868,"parent":0,"menu_order":0,"comment_status":"closed","ping_status":"closed","template":"page-templates\/page-landing.php","meta":{"_acf_changed":false,"footnotes":""},"class_list":["post-20814","page","type-page","status-publish","has-post-thumbnail","hentry"],"acf":[],"yoast_head":"<!-- This site is optimized with the Yoast SEO plugin v27.3 - https:\/\/yoast.com\/product\/yoast-seo-wordpress\/ -->\n<title>Kylie Minogue, Love of Lesbian, Dorian en el Festival Cru\u00eflla 2019<\/title>\n<meta name=\"description\" content=\"Kylie Minogue, Love of Lesbian, Dorian y muchos m\u00e1s en concierto. Entradas para el s\u00e1bado 6 de julio en el Festival Cru\u00eflla, en verano de 2019 en Barcelona.\" \/>\n<meta name=\"robots\" content=\"index, follow, max-snippet:-1, max-image-preview:large, max-video-preview:-1\" \/>\n<link rel=\"canonical\" href=\"https:\/\/www.cruillabarcelona.com\/es\/sabado-6-julio-2019\/\" \/>\n<meta property=\"og:locale\" content=\"es_ES\" \/>\n<meta property=\"og:type\" content=\"article\" \/>\n<meta property=\"og:title\" content=\"Kylie Minogue, Love of Lesbian, Dorian en el Festival Cru\u00eflla 2019\" \/>\n<meta property=\"og:description\" content=\"Kylie Minogue, Love of Lesbian, Dorian y muchos m\u00e1s en concierto. Entradas para el s\u00e1bado 6 de julio en el Festival Cru\u00eflla, en verano de 2019 en Barcelona.\" \/>\n<meta property=\"og:url\" content=\"https:\/\/www.cruillabarcelona.com\/es\/sabado-6-julio-2019\/\" \/>\n<meta property=\"og:site_name\" content=\"Festival Cru\u00eflla\" \/>\n<meta property=\"article:modified_time\" content=\"2019-06-18T08:05:38+00:00\" \/>\n<meta property=\"og:image\" content=\"https:\/\/www.cruillabarcelona.com\/wp-content\/uploads\/2019\/01\/1_ExperienciaKylie.jpg\" \/>\n\t<meta property=\"og:image:width\" content=\"1500\" \/>\n\t<meta property=\"og:image:height\" content=\"500\" \/>\n\t<meta property=\"og:image:type\" content=\"image\/jpeg\" \/>\n<meta name=\"twitter:card\" content=\"summary_large_image\" \/>\n<meta name=\"twitter:label1\" content=\"Tiempo de lectura\" \/>\n\t<meta name=\"twitter:data1\" content=\"2 minutos\" \/>\n<script type=\"application\/ld+json\" class=\"yoast-schema-graph\">{\"@context\":\"https:\\\/\\\/schema.org\",\"@graph\":[{\"@type\":\"WebPage\",\"@id\":\"https:\\\/\\\/www.cruillabarcelona.com\\\/es\\\/sabado-6-julio-2019\\\/\",\"url\":\"https:\\\/\\\/www.cruillabarcelona.com\\\/es\\\/sabado-6-julio-2019\\\/\",\"name\":\"Kylie Minogue, Love of Lesbian, Dorian en el Festival Cru\u00eflla 2019\",\"isPartOf\":{\"@id\":\"https:\\\/\\\/www.cruillabarcelona.com\\\/es\\\/#website\"},\"primaryImageOfPage\":{\"@id\":\"https:\\\/\\\/www.cruillabarcelona.com\\\/es\\\/sabado-6-julio-2019\\\/#primaryimage\"},\"image\":{\"@id\":\"https:\\\/\\\/www.cruillabarcelona.com\\\/es\\\/sabado-6-julio-2019\\\/#primaryimage\"},\"thumbnailUrl\":\"https:\\\/\\\/www.cruillabarcelona.com\\\/wp-content\\\/uploads\\\/2019\\\/01\\\/1_ExperienciaKylie.jpg\",\"datePublished\":\"2019-01-10T15:28:43+00:00\",\"dateModified\":\"2019-06-18T08:05:38+00:00\",\"description\":\"Kylie Minogue, Love of Lesbian, Dorian y muchos m\u00e1s en concierto. Entradas para el s\u00e1bado 6 de julio en el Festival Cru\u00eflla, en verano de 2019 en Barcelona.\",\"breadcrumb\":{\"@id\":\"https:\\\/\\\/www.cruillabarcelona.com\\\/es\\\/sabado-6-julio-2019\\\/#breadcrumb\"},\"inLanguage\":\"es\",\"potentialAction\":[{\"@type\":\"ReadAction\",\"target\":[\"https:\\\/\\\/www.cruillabarcelona.com\\\/es\\\/sabado-6-julio-2019\\\/\"]}]},{\"@type\":\"ImageObject\",\"inLanguage\":\"es\",\"@id\":\"https:\\\/\\\/www.cruillabarcelona.com\\\/es\\\/sabado-6-julio-2019\\\/#primaryimage\",\"url\":\"https:\\\/\\\/www.cruillabarcelona.com\\\/wp-content\\\/uploads\\\/2019\\\/01\\\/1_ExperienciaKylie.jpg\",\"contentUrl\":\"https:\\\/\\\/www.cruillabarcelona.com\\\/wp-content\\\/uploads\\\/2019\\\/01\\\/1_ExperienciaKylie.jpg\",\"width\":1500,\"height\":500},{\"@type\":\"BreadcrumbList\",\"@id\":\"https:\\\/\\\/www.cruillabarcelona.com\\\/es\\\/sabado-6-julio-2019\\\/#breadcrumb\",\"itemListElement\":[{\"@type\":\"ListItem\",\"position\":1,\"name\":\"Home\",\"item\":\"https:\\\/\\\/www.cruillabarcelona.com\\\/es\\\/\"},{\"@type\":\"ListItem\",\"position\":2,\"name\":\"S\u00e1bado 6 de julio\"}]},{\"@type\":\"WebSite\",\"@id\":\"https:\\\/\\\/www.cruillabarcelona.com\\\/es\\\/#website\",\"url\":\"https:\\\/\\\/www.cruillabarcelona.com\\\/es\\\/\",\"name\":\"Festival Cru\u00eflla\",\"description\":\"\",\"potentialAction\":[{\"@type\":\"SearchAction\",\"target\":{\"@type\":\"EntryPoint\",\"urlTemplate\":\"https:\\\/\\\/www.cruillabarcelona.com\\\/es\\\/?s={search_term_string}\"},\"query-input\":{\"@type\":\"PropertyValueSpecification\",\"valueRequired\":true,\"valueName\":\"search_term_string\"}}],\"inLanguage\":\"es\"}]}<\/script>\n<!-- \/ Yoast SEO plugin. -->","yoast_head_json":{"title":"Kylie Minogue, Love of Lesbian, Dorian en el Festival Cru\u00eflla 2019","description":"Kylie Minogue, Love of Lesbian, Dorian y muchos m\u00e1s en concierto. Entradas para el s\u00e1bado 6 de julio en el Festival Cru\u00eflla, en verano de 2019 en Barcelona.","robots":{"index":"index","follow":"follow","max-snippet":"max-snippet:-1","max-image-preview":"max-image-preview:large","max-video-preview":"max-video-preview:-1"},"canonical":"https:\/\/www.cruillabarcelona.com\/es\/sabado-6-julio-2019\/","og_locale":"es_ES","og_type":"article","og_title":"Kylie Minogue, Love of Lesbian, Dorian en el Festival Cru\u00eflla 2019","og_description":"Kylie Minogue, Love of Lesbian, Dorian y muchos m\u00e1s en concierto. Entradas para el s\u00e1bado 6 de julio en el Festival Cru\u00eflla, en verano de 2019 en Barcelona.","og_url":"https:\/\/www.cruillabarcelona.com\/es\/sabado-6-julio-2019\/","og_site_name":"Festival Cru\u00eflla","article_modified_time":"2019-06-18T08:05:38+00:00","og_image":[{"width":1500,"height":500,"url":"https:\/\/www.cruillabarcelona.com\/wp-content\/uploads\/2019\/01\/1_ExperienciaKylie.jpg","type":"image\/jpeg"}],"twitter_card":"summary_large_image","twitter_misc":{"Tiempo de lectura":"2 minutos"},"schema":{"@context":"https:\/\/schema.org","@graph":[{"@type":"WebPage","@id":"https:\/\/www.cruillabarcelona.com\/es\/sabado-6-julio-2019\/","url":"https:\/\/www.cruillabarcelona.com\/es\/sabado-6-julio-2019\/","name":"Kylie Minogue, Love of Lesbian, Dorian en el Festival Cru\u00eflla 2019","isPartOf":{"@id":"https:\/\/www.cruillabarcelona.com\/es\/#website"},"primaryImageOfPage":{"@id":"https:\/\/www.cruillabarcelona.com\/es\/sabado-6-julio-2019\/#primaryimage"},"image":{"@id":"https:\/\/www.cruillabarcelona.com\/es\/sabado-6-julio-2019\/#primaryimage"},"thumbnailUrl":"https:\/\/www.cruillabarcelona.com\/wp-content\/uploads\/2019\/01\/1_ExperienciaKylie.jpg","datePublished":"2019-01-10T15:28:43+00:00","dateModified":"2019-06-18T08:05:38+00:00","description":"Kylie Minogue, Love of Lesbian, Dorian y muchos m\u00e1s en concierto. Entradas para el s\u00e1bado 6 de julio en el Festival Cru\u00eflla, en verano de 2019 en Barcelona.","breadcrumb":{"@id":"https:\/\/www.cruillabarcelona.com\/es\/sabado-6-julio-2019\/#breadcrumb"},"inLanguage":"es","potentialAction":[{"@type":"ReadAction","target":["https:\/\/www.cruillabarcelona.com\/es\/sabado-6-julio-2019\/"]}]},{"@type":"ImageObject","inLanguage":"es","@id":"https:\/\/www.cruillabarcelona.com\/es\/sabado-6-julio-2019\/#primaryimage","url":"https:\/\/www.cruillabarcelona.com\/wp-content\/uploads\/2019\/01\/1_ExperienciaKylie.jpg","contentUrl":"https:\/\/www.cruillabarcelona.com\/wp-content\/uploads\/2019\/01\/1_ExperienciaKylie.jpg","width":1500,"height":500},{"@type":"BreadcrumbList","@id":"https:\/\/www.cruillabarcelona.com\/es\/sabado-6-julio-2019\/#breadcrumb","itemListElement":[{"@type":"ListItem","position":1,"name":"Home","item":"https:\/\/www.cruillabarcelona.com\/es\/"},{"@type":"ListItem","position":2,"name":"S\u00e1bado 6 de julio"}]},{"@type":"WebSite","@id":"https:\/\/www.cruillabarcelona.com\/es\/#website","url":"https:\/\/www.cruillabarcelona.com\/es\/","name":"Festival Cru\u00eflla","description":"","potentialAction":[{"@type":"SearchAction","target":{"@type":"EntryPoint","urlTemplate":"https:\/\/www.cruillabarcelona.com\/es\/?s={search_term_string}"},"query-input":{"@type":"PropertyValueSpecification","valueRequired":true,"valueName":"search_term_string"}}],"inLanguage":"es"}]}},"_links":{"self":[{"href":"https:\/\/www.cruillabarcelona.com\/es\/wp-json\/wp\/v2\/pages\/20814","targetHints":{"allow":["GET"]}}],"collection":[{"href":"https:\/\/www.cruillabarcelona.com\/es\/wp-json\/wp\/v2\/pages"}],"about":[{"href":"https:\/\/www.cruillabarcelona.com\/es\/wp-json\/wp\/v2\/types\/page"}],"author":[{"embeddable":true,"href":"https:\/\/www.cruillabarcelona.com\/es\/wp-json\/wp\/v2\/users\/2"}],"replies":[{"embeddable":true,"href":"https:\/\/www.cruillabarcelona.com\/es\/wp-json\/wp\/v2\/comments?post=20814"}],"version-history":[{"count":0,"href":"https:\/\/www.cruillabarcelona.com\/es\/wp-json\/wp\/v2\/pages\/20814\/revisions"}],"wp:featuredmedia":[{"embeddable":true,"href":"https:\/\/www.cruillabarcelona.com\/es\/wp-json\/wp\/v2\/media\/20868"}],"wp:attachment":[{"href":"https:\/\/www.cruillabarcelona.com\/es\/wp-json\/wp\/v2\/media?parent=20814"}],"curies":[{"name":"wp","href":"https:\/\/api.w.org\/{rel}","templated":true}]}}