{"id":30208,"date":"2020-02-13T14:56:39","date_gmt":"2020-02-13T12:56:39","guid":{"rendered":"https:\/\/www.cruillabarcelona.com\/?page_id=30208"},"modified":"2020-02-13T14:57:35","modified_gmt":"2020-02-13T12:57:35","slug":"descuentos","status":"publish","type":"page","link":"https:\/\/www.cruillabarcelona.com\/es\/descuentos\/","title":{"rendered":"Descuentos Festival Cru\u00eflla 2020"},"content":{"rendered":"","protected":false},"excerpt":{"rendered":"","protected":false},"author":2,"featured_media":0,"parent":0,"menu_order":5,"comment_status":"closed","ping_status":"closed","template":"page-templates\/page-side-nav.php","meta":{"_acf_changed":false,"footnotes":""},"class_list":["post-30208","page","type-page","status-publish","hentry"],"acf":[],"yoast_head":"<!-- This site is optimized with the Yoast SEO plugin v27.3 - https:\/\/yoast.com\/product\/yoast-seo-wordpress\/ -->\n<title>Informaciones pr\u00e1cticas del Festival Cru\u00eflla 2020 - 2, 3 y 4 de julio<\/title>\n<meta name=\"description\" content=\"Preguntas frecuentes e informaciones pr\u00e1cticas del Festival Cru\u00eflla 2020. 2, 3 y 4 de julio en el Parc del F\u00f2rum de Barcelona.\" \/>\n<meta name=\"robots\" content=\"index, follow, max-snippet:-1, max-image-preview:large, max-video-preview:-1\" \/>\n<link rel=\"canonical\" href=\"https:\/\/www.cruillabarcelona.com\/es\/descuentos\/\" \/>\n<meta property=\"og:locale\" content=\"es_ES\" \/>\n<meta property=\"og:type\" content=\"article\" \/>\n<meta property=\"og:title\" content=\"Informaciones pr\u00e1cticas del Festival Cru\u00eflla 2020 - 2, 3 y 4 de julio\" \/>\n<meta property=\"og:description\" content=\"Preguntas frecuentes e informaciones pr\u00e1cticas del Festival Cru\u00eflla 2020. 2, 3 y 4 de julio en el Parc del F\u00f2rum de Barcelona.\" \/>\n<meta property=\"og:url\" content=\"https:\/\/www.cruillabarcelona.com\/es\/descuentos\/\" \/>\n<meta property=\"og:site_name\" content=\"Festival Cru\u00eflla\" \/>\n<meta property=\"article:modified_time\" content=\"2020-02-13T12:57:35+00:00\" \/>\n<meta name=\"twitter:card\" content=\"summary_large_image\" \/>\n<script type=\"application\/ld+json\" class=\"yoast-schema-graph\">{\"@context\":\"https:\\\/\\\/schema.org\",\"@graph\":[{\"@type\":\"WebPage\",\"@id\":\"https:\\\/\\\/www.cruillabarcelona.com\\\/es\\\/descuentos\\\/\",\"url\":\"https:\\\/\\\/www.cruillabarcelona.com\\\/es\\\/descuentos\\\/\",\"name\":\"Informaciones pr\u00e1cticas del Festival Cru\u00eflla 2020 - 2, 3 y 4 de julio\",\"isPartOf\":{\"@id\":\"https:\\\/\\\/www.cruillabarcelona.com\\\/es\\\/#website\"},\"datePublished\":\"2020-02-13T12:56:39+00:00\",\"dateModified\":\"2020-02-13T12:57:35+00:00\",\"description\":\"Preguntas frecuentes e informaciones pr\u00e1cticas del Festival Cru\u00eflla 2020. 2, 3 y 4 de julio en el Parc del F\u00f2rum de Barcelona.\",\"breadcrumb\":{\"@id\":\"https:\\\/\\\/www.cruillabarcelona.com\\\/es\\\/descuentos\\\/#breadcrumb\"},\"inLanguage\":\"es\",\"potentialAction\":[{\"@type\":\"ReadAction\",\"target\":[\"https:\\\/\\\/www.cruillabarcelona.com\\\/es\\\/descuentos\\\/\"]}]},{\"@type\":\"BreadcrumbList\",\"@id\":\"https:\\\/\\\/www.cruillabarcelona.com\\\/es\\\/descuentos\\\/#breadcrumb\",\"itemListElement\":[{\"@type\":\"ListItem\",\"position\":1,\"name\":\"Home\",\"item\":\"https:\\\/\\\/www.cruillabarcelona.com\\\/es\\\/\"},{\"@type\":\"ListItem\",\"position\":2,\"name\":\"Descuentos Festival Cru\u00eflla 2020\"}]},{\"@type\":\"WebSite\",\"@id\":\"https:\\\/\\\/www.cruillabarcelona.com\\\/es\\\/#website\",\"url\":\"https:\\\/\\\/www.cruillabarcelona.com\\\/es\\\/\",\"name\":\"Festival Cru\u00eflla\",\"description\":\"\",\"potentialAction\":[{\"@type\":\"SearchAction\",\"target\":{\"@type\":\"EntryPoint\",\"urlTemplate\":\"https:\\\/\\\/www.cruillabarcelona.com\\\/es\\\/?s={search_term_string}\"},\"query-input\":{\"@type\":\"PropertyValueSpecification\",\"valueRequired\":true,\"valueName\":\"search_term_string\"}}],\"inLanguage\":\"es\"}]}<\/script>\n<!-- \/ Yoast SEO plugin. -->","yoast_head_json":{"title":"Informaciones pr\u00e1cticas del Festival Cru\u00eflla 2020 - 2, 3 y 4 de julio","description":"Preguntas frecuentes e informaciones pr\u00e1cticas del Festival Cru\u00eflla 2020. 2, 3 y 4 de julio en el Parc del F\u00f2rum de Barcelona.","robots":{"index":"index","follow":"follow","max-snippet":"max-snippet:-1","max-image-preview":"max-image-preview:large","max-video-preview":"max-video-preview:-1"},"canonical":"https:\/\/www.cruillabarcelona.com\/es\/descuentos\/","og_locale":"es_ES","og_type":"article","og_title":"Informaciones pr\u00e1cticas del Festival Cru\u00eflla 2020 - 2, 3 y 4 de julio","og_description":"Preguntas frecuentes e informaciones pr\u00e1cticas del Festival Cru\u00eflla 2020. 2, 3 y 4 de julio en el Parc del F\u00f2rum de Barcelona.","og_url":"https:\/\/www.cruillabarcelona.com\/es\/descuentos\/","og_site_name":"Festival Cru\u00eflla","article_modified_time":"2020-02-13T12:57:35+00:00","twitter_card":"summary_large_image","schema":{"@context":"https:\/\/schema.org","@graph":[{"@type":"WebPage","@id":"https:\/\/www.cruillabarcelona.com\/es\/descuentos\/","url":"https:\/\/www.cruillabarcelona.com\/es\/descuentos\/","name":"Informaciones pr\u00e1cticas del Festival Cru\u00eflla 2020 - 2, 3 y 4 de julio","isPartOf":{"@id":"https:\/\/www.cruillabarcelona.com\/es\/#website"},"datePublished":"2020-02-13T12:56:39+00:00","dateModified":"2020-02-13T12:57:35+00:00","description":"Preguntas frecuentes e informaciones pr\u00e1cticas del Festival Cru\u00eflla 2020. 2, 3 y 4 de julio en el Parc del F\u00f2rum de Barcelona.","breadcrumb":{"@id":"https:\/\/www.cruillabarcelona.com\/es\/descuentos\/#breadcrumb"},"inLanguage":"es","potentialAction":[{"@type":"ReadAction","target":["https:\/\/www.cruillabarcelona.com\/es\/descuentos\/"]}]},{"@type":"BreadcrumbList","@id":"https:\/\/www.cruillabarcelona.com\/es\/descuentos\/#breadcrumb","itemListElement":[{"@type":"ListItem","position":1,"name":"Home","item":"https:\/\/www.cruillabarcelona.com\/es\/"},{"@type":"ListItem","position":2,"name":"Descuentos Festival Cru\u00eflla 2020"}]},{"@type":"WebSite","@id":"https:\/\/www.cruillabarcelona.com\/es\/#website","url":"https:\/\/www.cruillabarcelona.com\/es\/","name":"Festival Cru\u00eflla","description":"","potentialAction":[{"@type":"SearchAction","target":{"@type":"EntryPoint","urlTemplate":"https:\/\/www.cruillabarcelona.com\/es\/?s={search_term_string}"},"query-input":{"@type":"PropertyValueSpecification","valueRequired":true,"valueName":"search_term_string"}}],"inLanguage":"es"}]}},"_links":{"self":[{"href":"https:\/\/www.cruillabarcelona.com\/es\/wp-json\/wp\/v2\/pages\/30208","targetHints":{"allow":["GET"]}}],"collection":[{"href":"https:\/\/www.cruillabarcelona.com\/es\/wp-json\/wp\/v2\/pages"}],"about":[{"href":"https:\/\/www.cruillabarcelona.com\/es\/wp-json\/wp\/v2\/types\/page"}],"author":[{"embeddable":true,"href":"https:\/\/www.cruillabarcelona.com\/es\/wp-json\/wp\/v2\/users\/2"}],"replies":[{"embeddable":true,"href":"https:\/\/www.cruillabarcelona.com\/es\/wp-json\/wp\/v2\/comments?post=30208"}],"version-history":[{"count":0,"href":"https:\/\/www.cruillabarcelona.com\/es\/wp-json\/wp\/v2\/pages\/30208\/revisions"}],"wp:attachment":[{"href":"https:\/\/www.cruillabarcelona.com\/es\/wp-json\/wp\/v2\/media?parent=30208"}],"curies":[{"name":"wp","href":"https:\/\/api.w.org\/{rel}","templated":true}]}}