{"id":3557,"date":"2017-03-07T13:42:36","date_gmt":"2017-03-07T13:42:36","guid":{"rendered":"https:\/\/www.cruillabarcelona.com\/?page_id=3557\/"},"modified":"2022-12-15T15:05:33","modified_gmt":"2022-12-15T13:05:33","slug":"pet-shop-boys","status":"publish","type":"page","link":"https:\/\/www.cruillabarcelona.com\/es\/pet-shop-boys\/","title":{"rendered":"Pet Shop Boys"},"content":{"rendered":"<p style=\"text-align: left;\"><span title=\"Els genis de l\u2019art pop electr\u00f2nic pujaranen a l\u2019escenari del Cru\u00eflla amb el seu gran espectacle! \"><strong>\u00a1Los genios del art pop electr\u00f3nico subir\u00e1n al escenario del Cru\u00eflla 2017 con su gran espect\u00e1culo!<\/strong><\/span><\/p>\n<p><span title=\"It\u2019s a Sin, West End Girls, Suburbia, Rent, Left to My Own Devices, Being Boring, Love etc.\u2026 Seguim? \"><em>It&#8217;s a Sin, West End Girls, Suburbia, Rent, Left to My Own Devices, Being Boring, Love etc.<\/em> &#8230; \u00bfSeguimos?<\/span><\/p>\n<p><span title=\"Pet Shop Boys no han parat de crear discs memorables i himnes immortals.\">Pet Shop Boys no han parado de crear discos memorables e himnos inmortales.\u00a0<\/span><span title=\"Neil Tennant i Chris Lowe han sacsejat les pistes de ball i han posat banda sonora als nostres moments m\u00e9s \u00edntims. \">Neil Tennant y Chris Lowe han sacudido las pistas de baile y han puesto banda sonora a nuestros momentos m\u00e1s \u00edntimos.<\/span><\/p>\n<p><span title=\"El 8 de juliol ens demostraran, al Festival Cru\u00eflla, per qu\u00e8 s\u00f3n patrimoni cultural de la hist\u00f2ria (viva)del pop. \">El 8 de julio nos demostrar\u00e1n, en el Festival Cru\u00eflla 2017, por qu\u00e9 son patrimonio cultural de la historia (viva) del pop.<\/span><\/p>\n<hr \/>\n<p><span title=\"L\u2019entrada et dona dret a gaudir de tots els concerts programats aquell dia, a part de Pet Shop Boys, podr\u00e0s veure a: \">La entrada te da derecho a disfrutar de todos los conciertos programados ese d\u00eda, aparte de Pet Shop Boys, podr\u00e1s ver a:<\/span><\/p>\n<p><strong><span title=\"The Prodigy, Ryan Adams, Little Steven &amp; The Disciples of Soul, Residente, Parov Stelar, Txarango, La Ra\u00edz, AronChupa, Enric Montefusco, Exquirla (El Ni\u00f1o de Elche + Toundra), Dell\u00e9, Oques Grasses, Viva Suecia, Cala vento i\">The Prodigy, Ryan Adams, Little Steven &amp; The Disciples of Soul, Residente, Parov Stelar, Txarango, La Ra\u00edz, AronChupa, Enric Montefusco, Exquirla (El Ni\u00f1o de Elche + Toundra), Dell\u00e9, Gansos Grasas, Viva Suecia, Cala Vento y T<\/span><span title=\"Tremenda Trementina. \">remenda Trementina.<\/span><\/strong><\/p>\n<p><span title=\"Trobar\u00e0s tota la programaci\u00f3 dels 3 dies del Festival Cru\u00eflla, AQU\u00cd\">Encontrar\u00e1s <strong>toda la programaci\u00f3n de los 3 d\u00edas<\/strong> del Festival Cru\u00eflla 2017, <a href=\"https:\/\/www.cruillabarcelona.com\/es\/artistas-2017\/\">AQU\u00cd<\/a><\/span><\/p>\n","protected":false},"excerpt":{"rendered":"\u00a1Los genios del art pop electr\u00f3nico subir\u00e1n al escenario del Cru\u00eflla 2017 con su gran espect\u00e1culo! It&#8217;s a Sin, West End Girls, Suburbia, Rent, Left to My Own Devices, Being Boring, Love etc. &#8230; \u00bfSeguimos? Pet Shop Boys no han parado de crear discos memorables e himnos inmortales.\u00a0Neil Tennant y Chris Lowe han sacudido las&#8230; <a class=\"view-article\" href=\"https:\/\/www.cruillabarcelona.com\/es\/pet-shop-boys\/\">Ver art\u00edculo<\/a>","protected":false},"author":7,"featured_media":3549,"parent":0,"menu_order":0,"comment_status":"closed","ping_status":"closed","template":"page-templates\/page-landing.php","meta":{"_acf_changed":false,"footnotes":""},"class_list":["post-3557","page","type-page","status-publish","has-post-thumbnail","hentry"],"acf":[],"yoast_head":"<!-- This site is optimized with the Yoast SEO plugin v27.3 - https:\/\/yoast.com\/product\/yoast-seo-wordpress\/ -->\n<title>Pet Shop Boys - Festival Cru\u00eflla<\/title>\n<meta name=\"robots\" content=\"index, follow, max-snippet:-1, max-image-preview:large, max-video-preview:-1\" \/>\n<link rel=\"canonical\" href=\"https:\/\/www.cruillabarcelona.com\/es\/pet-shop-boys\/\" \/>\n<meta property=\"og:locale\" content=\"es_ES\" \/>\n<meta property=\"og:type\" content=\"article\" \/>\n<meta property=\"og:title\" content=\"Pet Shop Boys - Festival Cru\u00eflla\" \/>\n<meta property=\"og:description\" content=\"\u00a1Los genios del art pop electr\u00f3nico subir\u00e1n al escenario del Cru\u00eflla 2017 con su gran espect\u00e1culo! It&#8217;s a Sin, West End Girls, Suburbia, Rent, Left to My Own Devices, Being Boring, Love etc. &#8230; \u00bfSeguimos? Pet Shop Boys no han parado de crear discos memorables e himnos inmortales.\u00a0Neil Tennant y Chris Lowe han sacudido las... Ver art\u00edculo\" \/>\n<meta property=\"og:url\" content=\"https:\/\/www.cruillabarcelona.com\/es\/pet-shop-boys\/\" \/>\n<meta property=\"og:site_name\" content=\"Festival Cru\u00eflla\" \/>\n<meta property=\"article:modified_time\" content=\"2022-12-15T13:05:33+00:00\" \/>\n<meta property=\"og:image\" content=\"https:\/\/www.cruillabarcelona.com\/wp-content\/uploads\/2017\/03\/PSB-1200x628px-IMAGEN.jpg\" \/>\n\t<meta property=\"og:image:width\" content=\"1200\" \/>\n\t<meta property=\"og:image:height\" content=\"628\" \/>\n\t<meta property=\"og:image:type\" content=\"image\/jpeg\" \/>\n<meta name=\"twitter:card\" content=\"summary_large_image\" \/>\n<meta name=\"twitter:label1\" content=\"Tiempo de lectura\" \/>\n\t<meta name=\"twitter:data1\" content=\"1 minuto\" \/>\n<script type=\"application\/ld+json\" class=\"yoast-schema-graph\">{\"@context\":\"https:\\\/\\\/schema.org\",\"@graph\":[{\"@type\":\"WebPage\",\"@id\":\"https:\\\/\\\/www.cruillabarcelona.com\\\/es\\\/pet-shop-boys\\\/\",\"url\":\"https:\\\/\\\/www.cruillabarcelona.com\\\/es\\\/pet-shop-boys\\\/\",\"name\":\"Pet Shop Boys - Festival Cru\u00eflla\",\"isPartOf\":{\"@id\":\"https:\\\/\\\/www.cruillabarcelona.com\\\/es\\\/#website\"},\"primaryImageOfPage\":{\"@id\":\"https:\\\/\\\/www.cruillabarcelona.com\\\/es\\\/pet-shop-boys\\\/#primaryimage\"},\"image\":{\"@id\":\"https:\\\/\\\/www.cruillabarcelona.com\\\/es\\\/pet-shop-boys\\\/#primaryimage\"},\"thumbnailUrl\":\"https:\\\/\\\/www.cruillabarcelona.com\\\/wp-content\\\/uploads\\\/2017\\\/03\\\/PSB-1200x628px-IMAGEN.jpg\",\"datePublished\":\"2017-03-07T13:42:36+00:00\",\"dateModified\":\"2022-12-15T13:05:33+00:00\",\"breadcrumb\":{\"@id\":\"https:\\\/\\\/www.cruillabarcelona.com\\\/es\\\/pet-shop-boys\\\/#breadcrumb\"},\"inLanguage\":\"es\",\"potentialAction\":[{\"@type\":\"ReadAction\",\"target\":[\"https:\\\/\\\/www.cruillabarcelona.com\\\/es\\\/pet-shop-boys\\\/\"]}]},{\"@type\":\"ImageObject\",\"inLanguage\":\"es\",\"@id\":\"https:\\\/\\\/www.cruillabarcelona.com\\\/es\\\/pet-shop-boys\\\/#primaryimage\",\"url\":\"https:\\\/\\\/www.cruillabarcelona.com\\\/wp-content\\\/uploads\\\/2017\\\/03\\\/PSB-1200x628px-IMAGEN.jpg\",\"contentUrl\":\"https:\\\/\\\/www.cruillabarcelona.com\\\/wp-content\\\/uploads\\\/2017\\\/03\\\/PSB-1200x628px-IMAGEN.jpg\",\"width\":1200,\"height\":628},{\"@type\":\"BreadcrumbList\",\"@id\":\"https:\\\/\\\/www.cruillabarcelona.com\\\/es\\\/pet-shop-boys\\\/#breadcrumb\",\"itemListElement\":[{\"@type\":\"ListItem\",\"position\":1,\"name\":\"Home\",\"item\":\"https:\\\/\\\/www.cruillabarcelona.com\\\/es\\\/\"},{\"@type\":\"ListItem\",\"position\":2,\"name\":\"Pet Shop Boys\"}]},{\"@type\":\"WebSite\",\"@id\":\"https:\\\/\\\/www.cruillabarcelona.com\\\/es\\\/#website\",\"url\":\"https:\\\/\\\/www.cruillabarcelona.com\\\/es\\\/\",\"name\":\"Festival Cru\u00eflla\",\"description\":\"\",\"potentialAction\":[{\"@type\":\"SearchAction\",\"target\":{\"@type\":\"EntryPoint\",\"urlTemplate\":\"https:\\\/\\\/www.cruillabarcelona.com\\\/es\\\/?s={search_term_string}\"},\"query-input\":{\"@type\":\"PropertyValueSpecification\",\"valueRequired\":true,\"valueName\":\"search_term_string\"}}],\"inLanguage\":\"es\"}]}<\/script>\n<!-- \/ Yoast SEO plugin. -->","yoast_head_json":{"title":"Pet Shop Boys - Festival Cru\u00eflla","robots":{"index":"index","follow":"follow","max-snippet":"max-snippet:-1","max-image-preview":"max-image-preview:large","max-video-preview":"max-video-preview:-1"},"canonical":"https:\/\/www.cruillabarcelona.com\/es\/pet-shop-boys\/","og_locale":"es_ES","og_type":"article","og_title":"Pet Shop Boys - Festival Cru\u00eflla","og_description":"\u00a1Los genios del art pop electr\u00f3nico subir\u00e1n al escenario del Cru\u00eflla 2017 con su gran espect\u00e1culo! It&#8217;s a Sin, West End Girls, Suburbia, Rent, Left to My Own Devices, Being Boring, Love etc. &#8230; \u00bfSeguimos? Pet Shop Boys no han parado de crear discos memorables e himnos inmortales.\u00a0Neil Tennant y Chris Lowe han sacudido las... Ver art\u00edculo","og_url":"https:\/\/www.cruillabarcelona.com\/es\/pet-shop-boys\/","og_site_name":"Festival Cru\u00eflla","article_modified_time":"2022-12-15T13:05:33+00:00","og_image":[{"width":1200,"height":628,"url":"https:\/\/www.cruillabarcelona.com\/wp-content\/uploads\/2017\/03\/PSB-1200x628px-IMAGEN.jpg","type":"image\/jpeg"}],"twitter_card":"summary_large_image","twitter_misc":{"Tiempo de lectura":"1 minuto"},"schema":{"@context":"https:\/\/schema.org","@graph":[{"@type":"WebPage","@id":"https:\/\/www.cruillabarcelona.com\/es\/pet-shop-boys\/","url":"https:\/\/www.cruillabarcelona.com\/es\/pet-shop-boys\/","name":"Pet Shop Boys - Festival Cru\u00eflla","isPartOf":{"@id":"https:\/\/www.cruillabarcelona.com\/es\/#website"},"primaryImageOfPage":{"@id":"https:\/\/www.cruillabarcelona.com\/es\/pet-shop-boys\/#primaryimage"},"image":{"@id":"https:\/\/www.cruillabarcelona.com\/es\/pet-shop-boys\/#primaryimage"},"thumbnailUrl":"https:\/\/www.cruillabarcelona.com\/wp-content\/uploads\/2017\/03\/PSB-1200x628px-IMAGEN.jpg","datePublished":"2017-03-07T13:42:36+00:00","dateModified":"2022-12-15T13:05:33+00:00","breadcrumb":{"@id":"https:\/\/www.cruillabarcelona.com\/es\/pet-shop-boys\/#breadcrumb"},"inLanguage":"es","potentialAction":[{"@type":"ReadAction","target":["https:\/\/www.cruillabarcelona.com\/es\/pet-shop-boys\/"]}]},{"@type":"ImageObject","inLanguage":"es","@id":"https:\/\/www.cruillabarcelona.com\/es\/pet-shop-boys\/#primaryimage","url":"https:\/\/www.cruillabarcelona.com\/wp-content\/uploads\/2017\/03\/PSB-1200x628px-IMAGEN.jpg","contentUrl":"https:\/\/www.cruillabarcelona.com\/wp-content\/uploads\/2017\/03\/PSB-1200x628px-IMAGEN.jpg","width":1200,"height":628},{"@type":"BreadcrumbList","@id":"https:\/\/www.cruillabarcelona.com\/es\/pet-shop-boys\/#breadcrumb","itemListElement":[{"@type":"ListItem","position":1,"name":"Home","item":"https:\/\/www.cruillabarcelona.com\/es\/"},{"@type":"ListItem","position":2,"name":"Pet Shop Boys"}]},{"@type":"WebSite","@id":"https:\/\/www.cruillabarcelona.com\/es\/#website","url":"https:\/\/www.cruillabarcelona.com\/es\/","name":"Festival Cru\u00eflla","description":"","potentialAction":[{"@type":"SearchAction","target":{"@type":"EntryPoint","urlTemplate":"https:\/\/www.cruillabarcelona.com\/es\/?s={search_term_string}"},"query-input":{"@type":"PropertyValueSpecification","valueRequired":true,"valueName":"search_term_string"}}],"inLanguage":"es"}]}},"_links":{"self":[{"href":"https:\/\/www.cruillabarcelona.com\/es\/wp-json\/wp\/v2\/pages\/3557","targetHints":{"allow":["GET"]}}],"collection":[{"href":"https:\/\/www.cruillabarcelona.com\/es\/wp-json\/wp\/v2\/pages"}],"about":[{"href":"https:\/\/www.cruillabarcelona.com\/es\/wp-json\/wp\/v2\/types\/page"}],"author":[{"embeddable":true,"href":"https:\/\/www.cruillabarcelona.com\/es\/wp-json\/wp\/v2\/users\/7"}],"replies":[{"embeddable":true,"href":"https:\/\/www.cruillabarcelona.com\/es\/wp-json\/wp\/v2\/comments?post=3557"}],"version-history":[{"count":0,"href":"https:\/\/www.cruillabarcelona.com\/es\/wp-json\/wp\/v2\/pages\/3557\/revisions"}],"wp:featuredmedia":[{"embeddable":true,"href":"https:\/\/www.cruillabarcelona.com\/es\/wp-json\/wp\/v2\/media\/3549"}],"wp:attachment":[{"href":"https:\/\/www.cruillabarcelona.com\/es\/wp-json\/wp\/v2\/media?parent=3557"}],"curies":[{"name":"wp","href":"https:\/\/api.w.org\/{rel}","templated":true}]}}