{"id":4259,"date":"2017-03-08T14:14:23","date_gmt":"2017-03-08T14:14:23","guid":{"rendered":"https:\/\/www.cruillabarcelona.com\/?page_id=4259\/"},"modified":"2017-06-13T13:28:51","modified_gmt":"2017-06-13T13:28:51","slug":"the-prodigy","status":"publish","type":"page","link":"https:\/\/www.cruillabarcelona.com\/es\/the-prodigy\/","title":{"rendered":"The Prodigy"},"content":{"rendered":"<p style=\"text-align: center;\"><strong>\u00a1The Prodigy llega al Cru\u00eflla con su furioso y transgresor directo!<\/strong><\/p>\n<p style=\"text-align: left;\">The Prodigy <span class=\"\">se han convertido en<\/span> <span class=\"\">la voz<\/span> de la conciencia de la Inglaterra m\u00e1s furiosa <span class=\"\">e inconformista<\/span>, creando himnos ya inmortales como <strong><em>Firestarter<\/em> <\/strong>o <strong><em>Smack MyBitch Up<\/em><\/strong>. Tienen la <span class=\"\">reputaci\u00f3n de tener<\/span> <span class=\"\">un directo<\/span> alucinante y transgresor. Este verano, lo comprobaremos de primera mano <span class=\"\">en el escenario del<\/span> Festival Cru\u00eflla. \u00a1La fiesta est\u00e1 asegurada!<\/p>\n<p><strong>Compra la entrada del s\u00e1bado 8 de julio en el Festival <span class=\"\">Cru\u00eflla<\/span> <span class=\"\">aqu\u00ed:<\/span><\/strong><\/p>\n<p class=\"p1\"><a href=\"https:\/\/cruillafestival.stubhubtickets.com\/entradas\/es\/entradas-musica-entrada-sabado-8-de-julio\"><img loading=\"lazy\" decoding=\"async\" class=\"aligncenter wp-image-3530 size-full\" src=\"https:\/\/www.cruillabarcelona.com\/wp-content\/uploads\/2017\/03\/BOTON-CAST.png\" alt=\"\" width=\"250\" height=\"74\" \/><\/a><\/p>\n<p class=\"p1\">La entrada <span class=\"\">te da<\/span> derecho a disfrutar de todos los conciertos programados ese d\u00eda, aparte de <span class=\"\">The Prodigy<\/span><span class=\"\">, podr\u00e1s<\/span> <span class=\"\">ver:<\/span><\/p>\n<p class=\"p1\"><strong>Pet Shop Boys, Ryan Adams, , Residente, Parov Stelar, Txarango, La Ra\u00edz,\u00a0AronChupa, Enric Montefusco, Little Steven &amp; The Disciples of Soul, Exquirla (El Ni\u00f1o de Elche + Toundra), Dell\u00e9, Oques Grasses, Viva Suecia, Cala Vento i Tremenda Trementina.<\/strong><\/p>\n<p class=\"p1\">Encontr\u00e1s <strong>toda la programaci\u00f3n de los 3 d\u00edas<\/strong> del Festival Cru\u00eflla, <a href=\"https:\/\/www.cruillabarcelona.com\/ca\/artistes-2017\/\">AQU\u00cd<\/a><\/p>\n<p>&nbsp;<\/p>\n<p>&nbsp;<\/p>\n","protected":false},"excerpt":{"rendered":"\u00a1The Prodigy llega al Cru\u00eflla con su furioso y transgresor directo! The Prodigy se han convertido en la voz de la conciencia de la Inglaterra m\u00e1s furiosa e inconformista, creando himnos ya inmortales como Firestarter o Smack MyBitch Up. Tienen la reputaci\u00f3n de tener un directo alucinante y transgresor. Este verano, lo comprobaremos de primera&#8230; <a class=\"view-article\" href=\"https:\/\/www.cruillabarcelona.com\/es\/the-prodigy\/\">Ver art\u00edculo<\/a>","protected":false},"author":7,"featured_media":4252,"parent":0,"menu_order":0,"comment_status":"closed","ping_status":"closed","template":"page-templates\/page-landing.php","meta":{"_acf_changed":false,"footnotes":""},"class_list":["post-4259","page","type-page","status-publish","has-post-thumbnail","hentry"],"acf":[],"yoast_head":"<!-- This site is optimized with the Yoast SEO plugin v27.3 - https:\/\/yoast.com\/product\/yoast-seo-wordpress\/ -->\n<title>The Prodigy - Festival Cru\u00eflla<\/title>\n<meta name=\"robots\" content=\"index, follow, max-snippet:-1, max-image-preview:large, max-video-preview:-1\" \/>\n<link rel=\"canonical\" href=\"https:\/\/www.cruillabarcelona.com\/es\/the-prodigy\/\" \/>\n<meta property=\"og:locale\" content=\"es_ES\" \/>\n<meta property=\"og:type\" content=\"article\" \/>\n<meta property=\"og:title\" content=\"The Prodigy - Festival Cru\u00eflla\" \/>\n<meta property=\"og:description\" content=\"\u00a1The Prodigy llega al Cru\u00eflla con su furioso y transgresor directo! The Prodigy se han convertido en la voz de la conciencia de la Inglaterra m\u00e1s furiosa e inconformista, creando himnos ya inmortales como Firestarter o Smack MyBitch Up. Tienen la reputaci\u00f3n de tener un directo alucinante y transgresor. Este verano, lo comprobaremos de primera... Ver art\u00edculo\" \/>\n<meta property=\"og:url\" content=\"https:\/\/www.cruillabarcelona.com\/es\/the-prodigy\/\" \/>\n<meta property=\"og:site_name\" content=\"Festival Cru\u00eflla\" \/>\n<meta property=\"article:modified_time\" content=\"2017-06-13T13:28:51+00:00\" \/>\n<meta property=\"og:image\" content=\"https:\/\/www.cruillabarcelona.com\/wp-content\/uploads\/2017\/03\/the-prodigy-1200x628px-IMAGEN-e1488982317702.jpg\" \/>\n\t<meta property=\"og:image:width\" content=\"1191\" \/>\n\t<meta property=\"og:image:height\" content=\"483\" \/>\n\t<meta property=\"og:image:type\" content=\"image\/jpeg\" \/>\n<meta name=\"twitter:card\" content=\"summary_large_image\" \/>\n<meta name=\"twitter:label1\" content=\"Tiempo de lectura\" \/>\n\t<meta name=\"twitter:data1\" content=\"1 minuto\" \/>\n<script type=\"application\/ld+json\" class=\"yoast-schema-graph\">{\"@context\":\"https:\\\/\\\/schema.org\",\"@graph\":[{\"@type\":\"WebPage\",\"@id\":\"https:\\\/\\\/www.cruillabarcelona.com\\\/es\\\/the-prodigy\\\/\",\"url\":\"https:\\\/\\\/www.cruillabarcelona.com\\\/es\\\/the-prodigy\\\/\",\"name\":\"The Prodigy - Festival Cru\u00eflla\",\"isPartOf\":{\"@id\":\"https:\\\/\\\/www.cruillabarcelona.com\\\/es\\\/#website\"},\"primaryImageOfPage\":{\"@id\":\"https:\\\/\\\/www.cruillabarcelona.com\\\/es\\\/the-prodigy\\\/#primaryimage\"},\"image\":{\"@id\":\"https:\\\/\\\/www.cruillabarcelona.com\\\/es\\\/the-prodigy\\\/#primaryimage\"},\"thumbnailUrl\":\"https:\\\/\\\/www.cruillabarcelona.com\\\/wp-content\\\/uploads\\\/2017\\\/03\\\/the-prodigy-1200x628px-IMAGEN-e1488982317702.jpg\",\"datePublished\":\"2017-03-08T14:14:23+00:00\",\"dateModified\":\"2017-06-13T13:28:51+00:00\",\"breadcrumb\":{\"@id\":\"https:\\\/\\\/www.cruillabarcelona.com\\\/es\\\/the-prodigy\\\/#breadcrumb\"},\"inLanguage\":\"es\",\"potentialAction\":[{\"@type\":\"ReadAction\",\"target\":[\"https:\\\/\\\/www.cruillabarcelona.com\\\/es\\\/the-prodigy\\\/\"]}]},{\"@type\":\"ImageObject\",\"inLanguage\":\"es\",\"@id\":\"https:\\\/\\\/www.cruillabarcelona.com\\\/es\\\/the-prodigy\\\/#primaryimage\",\"url\":\"https:\\\/\\\/www.cruillabarcelona.com\\\/wp-content\\\/uploads\\\/2017\\\/03\\\/the-prodigy-1200x628px-IMAGEN-e1488982317702.jpg\",\"contentUrl\":\"https:\\\/\\\/www.cruillabarcelona.com\\\/wp-content\\\/uploads\\\/2017\\\/03\\\/the-prodigy-1200x628px-IMAGEN-e1488982317702.jpg\",\"width\":1191,\"height\":483},{\"@type\":\"BreadcrumbList\",\"@id\":\"https:\\\/\\\/www.cruillabarcelona.com\\\/es\\\/the-prodigy\\\/#breadcrumb\",\"itemListElement\":[{\"@type\":\"ListItem\",\"position\":1,\"name\":\"Home\",\"item\":\"https:\\\/\\\/www.cruillabarcelona.com\\\/es\\\/\"},{\"@type\":\"ListItem\",\"position\":2,\"name\":\"The Prodigy\"}]},{\"@type\":\"WebSite\",\"@id\":\"https:\\\/\\\/www.cruillabarcelona.com\\\/es\\\/#website\",\"url\":\"https:\\\/\\\/www.cruillabarcelona.com\\\/es\\\/\",\"name\":\"Festival Cru\u00eflla\",\"description\":\"\",\"potentialAction\":[{\"@type\":\"SearchAction\",\"target\":{\"@type\":\"EntryPoint\",\"urlTemplate\":\"https:\\\/\\\/www.cruillabarcelona.com\\\/es\\\/?s={search_term_string}\"},\"query-input\":{\"@type\":\"PropertyValueSpecification\",\"valueRequired\":true,\"valueName\":\"search_term_string\"}}],\"inLanguage\":\"es\"}]}<\/script>\n<!-- \/ Yoast SEO plugin. -->","yoast_head_json":{"title":"The Prodigy - Festival Cru\u00eflla","robots":{"index":"index","follow":"follow","max-snippet":"max-snippet:-1","max-image-preview":"max-image-preview:large","max-video-preview":"max-video-preview:-1"},"canonical":"https:\/\/www.cruillabarcelona.com\/es\/the-prodigy\/","og_locale":"es_ES","og_type":"article","og_title":"The Prodigy - Festival Cru\u00eflla","og_description":"\u00a1The Prodigy llega al Cru\u00eflla con su furioso y transgresor directo! The Prodigy se han convertido en la voz de la conciencia de la Inglaterra m\u00e1s furiosa e inconformista, creando himnos ya inmortales como Firestarter o Smack MyBitch Up. Tienen la reputaci\u00f3n de tener un directo alucinante y transgresor. Este verano, lo comprobaremos de primera... Ver art\u00edculo","og_url":"https:\/\/www.cruillabarcelona.com\/es\/the-prodigy\/","og_site_name":"Festival Cru\u00eflla","article_modified_time":"2017-06-13T13:28:51+00:00","og_image":[{"width":1191,"height":483,"url":"https:\/\/www.cruillabarcelona.com\/wp-content\/uploads\/2017\/03\/the-prodigy-1200x628px-IMAGEN-e1488982317702.jpg","type":"image\/jpeg"}],"twitter_card":"summary_large_image","twitter_misc":{"Tiempo de lectura":"1 minuto"},"schema":{"@context":"https:\/\/schema.org","@graph":[{"@type":"WebPage","@id":"https:\/\/www.cruillabarcelona.com\/es\/the-prodigy\/","url":"https:\/\/www.cruillabarcelona.com\/es\/the-prodigy\/","name":"The Prodigy - Festival Cru\u00eflla","isPartOf":{"@id":"https:\/\/www.cruillabarcelona.com\/es\/#website"},"primaryImageOfPage":{"@id":"https:\/\/www.cruillabarcelona.com\/es\/the-prodigy\/#primaryimage"},"image":{"@id":"https:\/\/www.cruillabarcelona.com\/es\/the-prodigy\/#primaryimage"},"thumbnailUrl":"https:\/\/www.cruillabarcelona.com\/wp-content\/uploads\/2017\/03\/the-prodigy-1200x628px-IMAGEN-e1488982317702.jpg","datePublished":"2017-03-08T14:14:23+00:00","dateModified":"2017-06-13T13:28:51+00:00","breadcrumb":{"@id":"https:\/\/www.cruillabarcelona.com\/es\/the-prodigy\/#breadcrumb"},"inLanguage":"es","potentialAction":[{"@type":"ReadAction","target":["https:\/\/www.cruillabarcelona.com\/es\/the-prodigy\/"]}]},{"@type":"ImageObject","inLanguage":"es","@id":"https:\/\/www.cruillabarcelona.com\/es\/the-prodigy\/#primaryimage","url":"https:\/\/www.cruillabarcelona.com\/wp-content\/uploads\/2017\/03\/the-prodigy-1200x628px-IMAGEN-e1488982317702.jpg","contentUrl":"https:\/\/www.cruillabarcelona.com\/wp-content\/uploads\/2017\/03\/the-prodigy-1200x628px-IMAGEN-e1488982317702.jpg","width":1191,"height":483},{"@type":"BreadcrumbList","@id":"https:\/\/www.cruillabarcelona.com\/es\/the-prodigy\/#breadcrumb","itemListElement":[{"@type":"ListItem","position":1,"name":"Home","item":"https:\/\/www.cruillabarcelona.com\/es\/"},{"@type":"ListItem","position":2,"name":"The Prodigy"}]},{"@type":"WebSite","@id":"https:\/\/www.cruillabarcelona.com\/es\/#website","url":"https:\/\/www.cruillabarcelona.com\/es\/","name":"Festival Cru\u00eflla","description":"","potentialAction":[{"@type":"SearchAction","target":{"@type":"EntryPoint","urlTemplate":"https:\/\/www.cruillabarcelona.com\/es\/?s={search_term_string}"},"query-input":{"@type":"PropertyValueSpecification","valueRequired":true,"valueName":"search_term_string"}}],"inLanguage":"es"}]}},"_links":{"self":[{"href":"https:\/\/www.cruillabarcelona.com\/es\/wp-json\/wp\/v2\/pages\/4259","targetHints":{"allow":["GET"]}}],"collection":[{"href":"https:\/\/www.cruillabarcelona.com\/es\/wp-json\/wp\/v2\/pages"}],"about":[{"href":"https:\/\/www.cruillabarcelona.com\/es\/wp-json\/wp\/v2\/types\/page"}],"author":[{"embeddable":true,"href":"https:\/\/www.cruillabarcelona.com\/es\/wp-json\/wp\/v2\/users\/7"}],"replies":[{"embeddable":true,"href":"https:\/\/www.cruillabarcelona.com\/es\/wp-json\/wp\/v2\/comments?post=4259"}],"version-history":[{"count":0,"href":"https:\/\/www.cruillabarcelona.com\/es\/wp-json\/wp\/v2\/pages\/4259\/revisions"}],"wp:featuredmedia":[{"embeddable":true,"href":"https:\/\/www.cruillabarcelona.com\/es\/wp-json\/wp\/v2\/media\/4252"}],"wp:attachment":[{"href":"https:\/\/www.cruillabarcelona.com\/es\/wp-json\/wp\/v2\/media?parent=4259"}],"curies":[{"name":"wp","href":"https:\/\/api.w.org\/{rel}","templated":true}]}}