{"id":4299,"date":"2017-03-09T11:05:39","date_gmt":"2017-03-09T11:05:39","guid":{"rendered":"https:\/\/www.cruillabarcelona.com\/?page_id=4299\/"},"modified":"2017-06-13T13:27:57","modified_gmt":"2017-06-13T13:27:57","slug":"ryan-adams","status":"publish","type":"page","link":"https:\/\/www.cruillabarcelona.com\/es\/ryan-adams\/","title":{"rendered":"Ryan Adams"},"content":{"rendered":"<p style=\"text-align: center;\"><span id=\"result_box\" class=\"\" lang=\"es\"><strong><span class=\"\">El esperado<\/span> retorno a Catalu\u00f1a de una de las grandes figuras del rock moderno.<\/strong><\/span><\/p>\n<p>\u00a0<span id=\"result_box\" class=\"\" lang=\"es\"><span class=\"\">Parec\u00eda que<\/span> nunca llegar\u00eda el d\u00eda en que el volver\u00edamos a ver a Ryan Adams, pero ahora <span class=\"\">ya podemos decir que<\/span> el prodigio del rock&#8217;n&#8217;roll estadounidense ser\u00e1 uno de los nombres <span class=\"\">destacados del<\/span> Cru\u00eflla.<\/span><\/p>\n<p><span id=\"result_box\" class=\"\" lang=\"es\">El cantante y <span class=\"\">guitarrista<\/span> no ha dejado de tocar y publicar discos excitantes, siempre con un pie en la <span class=\"\">tradici\u00f3n<\/span> <span class=\"\">y el otro<\/span> en la actitud desafiante, ejemplificada perfectamente a 1989, donde <span class=\"\">versionaba<\/span> <span class=\"\">punto por punto<\/span> y llevaba a su terreno el disco del mismo nombre de la estrella del <span class=\"\">pop<\/span> <span class=\"\">Taylor<\/span> Swift. En el festival, Adams nos presentar\u00e1 el nuevo disco <em>Prisoners<\/em><span class=\"\">, uno de sus<\/span> <span class=\"\">trabajos<\/span> m\u00e1s personales que promete ponernos la piel de gallina.<\/span><\/p>\n<p><strong>Compra la entrada del s\u00e1bado 8 de julio <span class=\"\">en el Festival<\/span> <span class=\"\">Cru\u00eflla<\/span> <span class=\"\">aqu\u00ed:<\/span><\/strong><\/p>\n<p>&nbsp;<\/p>\n<p class=\"p1\"><a href=\"https:\/\/cruillafestival.stubhubtickets.com\/entradas\/es\/entradas-musica-entrada-sabado-8-de-julio\"><img loading=\"lazy\" decoding=\"async\" class=\"aligncenter wp-image-3530 size-full\" src=\"https:\/\/www.cruillabarcelona.com\/wp-content\/uploads\/2017\/03\/BOTON-CAST.png\" alt=\"\" width=\"250\" height=\"74\" \/><\/a><\/p>\n<p class=\"p1\"><span id=\"result_box\" class=\"\" lang=\"es\">La entrada te da <span class=\"\">derecho a disfrutar<\/span> <span class=\"\">de todos los conciertos<\/span> programados ese d\u00eda, aparte de Ryan <span class=\"\">Adams<\/span><span class=\"\">, podr\u00e1s<\/span> <span class=\"\">ver a:<\/span><\/span><\/p>\n<p class=\"p1\"><strong>Pet Shop Boys, The Prodigy,\u00a0 Little Steven &amp; The Disciples of Soul, Residente, Parov Stelar, Txarango, La Ra\u00edz,\u00a0AronChupa, Enric Montefusco, Exquirla (El Ni\u00f1o de Elche + Toundra), Dell\u00e9, Oques Grasses, Viva Suecia, Cala Vento i Tremenda Trementina.<\/strong><\/p>\n<p class=\"p1\">Encontrar\u00e1s <strong>toda la programaci\u00f3n de los 3 d\u00edas<\/strong> del Festival Cru\u00eflla, <a href=\"https:\/\/www.cruillabarcelona.com\/ca\/artistes-2017\/\">AQU\u00cd<\/a><\/p>\n<p>&nbsp;<\/p>\n","protected":false},"excerpt":{"rendered":"El esperado retorno a Catalu\u00f1a de una de las grandes figuras del rock moderno. \u00a0Parec\u00eda que nunca llegar\u00eda el d\u00eda en que el volver\u00edamos a ver a Ryan Adams, pero ahora ya podemos decir que el prodigio del rock&#8217;n&#8217;roll estadounidense ser\u00e1 uno de los nombres destacados del Cru\u00eflla. El cantante y guitarrista no ha dejado&#8230; <a class=\"view-article\" href=\"https:\/\/www.cruillabarcelona.com\/es\/ryan-adams\/\">Ver art\u00edculo<\/a>","protected":false},"author":7,"featured_media":4291,"parent":0,"menu_order":0,"comment_status":"closed","ping_status":"closed","template":"page-templates\/page-landing.php","meta":{"_acf_changed":false,"footnotes":""},"class_list":["post-4299","page","type-page","status-publish","has-post-thumbnail","hentry"],"acf":[],"yoast_head":"<!-- This site is optimized with the Yoast SEO plugin v27.3 - https:\/\/yoast.com\/product\/yoast-seo-wordpress\/ -->\n<title>Ryan Adams - Festival Cru\u00eflla<\/title>\n<meta name=\"robots\" content=\"index, follow, max-snippet:-1, max-image-preview:large, max-video-preview:-1\" \/>\n<link rel=\"canonical\" href=\"https:\/\/www.cruillabarcelona.com\/es\/ryan-adams\/\" \/>\n<meta property=\"og:locale\" content=\"es_ES\" \/>\n<meta property=\"og:type\" content=\"article\" \/>\n<meta property=\"og:title\" content=\"Ryan Adams - Festival Cru\u00eflla\" \/>\n<meta property=\"og:description\" content=\"El esperado retorno a Catalu\u00f1a de una de las grandes figuras del rock moderno. \u00a0Parec\u00eda que nunca llegar\u00eda el d\u00eda en que el volver\u00edamos a ver a Ryan Adams, pero ahora ya podemos decir que el prodigio del rock&#8217;n&#8217;roll estadounidense ser\u00e1 uno de los nombres destacados del Cru\u00eflla. El cantante y guitarrista no ha dejado... Ver art\u00edculo\" \/>\n<meta property=\"og:url\" content=\"https:\/\/www.cruillabarcelona.com\/es\/ryan-adams\/\" \/>\n<meta property=\"og:site_name\" content=\"Festival Cru\u00eflla\" \/>\n<meta property=\"article:modified_time\" content=\"2017-06-13T13:27:57+00:00\" \/>\n<meta property=\"og:image\" content=\"https:\/\/www.cruillabarcelona.com\/wp-content\/uploads\/2017\/03\/RYAN-1200x628px-IMAGEN-e1489055575494.jpg\" \/>\n\t<meta property=\"og:image:width\" content=\"1197\" \/>\n\t<meta property=\"og:image:height\" content=\"504\" \/>\n\t<meta property=\"og:image:type\" content=\"image\/jpeg\" \/>\n<meta name=\"twitter:card\" content=\"summary_large_image\" \/>\n<meta name=\"twitter:label1\" content=\"Tiempo de lectura\" \/>\n\t<meta name=\"twitter:data1\" content=\"1 minuto\" \/>\n<script type=\"application\/ld+json\" class=\"yoast-schema-graph\">{\"@context\":\"https:\\\/\\\/schema.org\",\"@graph\":[{\"@type\":\"WebPage\",\"@id\":\"https:\\\/\\\/www.cruillabarcelona.com\\\/es\\\/ryan-adams\\\/\",\"url\":\"https:\\\/\\\/www.cruillabarcelona.com\\\/es\\\/ryan-adams\\\/\",\"name\":\"Ryan Adams - Festival Cru\u00eflla\",\"isPartOf\":{\"@id\":\"https:\\\/\\\/www.cruillabarcelona.com\\\/es\\\/#website\"},\"primaryImageOfPage\":{\"@id\":\"https:\\\/\\\/www.cruillabarcelona.com\\\/es\\\/ryan-adams\\\/#primaryimage\"},\"image\":{\"@id\":\"https:\\\/\\\/www.cruillabarcelona.com\\\/es\\\/ryan-adams\\\/#primaryimage\"},\"thumbnailUrl\":\"https:\\\/\\\/www.cruillabarcelona.com\\\/wp-content\\\/uploads\\\/2017\\\/03\\\/RYAN-1200x628px-IMAGEN-e1489055575494.jpg\",\"datePublished\":\"2017-03-09T11:05:39+00:00\",\"dateModified\":\"2017-06-13T13:27:57+00:00\",\"breadcrumb\":{\"@id\":\"https:\\\/\\\/www.cruillabarcelona.com\\\/es\\\/ryan-adams\\\/#breadcrumb\"},\"inLanguage\":\"es\",\"potentialAction\":[{\"@type\":\"ReadAction\",\"target\":[\"https:\\\/\\\/www.cruillabarcelona.com\\\/es\\\/ryan-adams\\\/\"]}]},{\"@type\":\"ImageObject\",\"inLanguage\":\"es\",\"@id\":\"https:\\\/\\\/www.cruillabarcelona.com\\\/es\\\/ryan-adams\\\/#primaryimage\",\"url\":\"https:\\\/\\\/www.cruillabarcelona.com\\\/wp-content\\\/uploads\\\/2017\\\/03\\\/RYAN-1200x628px-IMAGEN-e1489055575494.jpg\",\"contentUrl\":\"https:\\\/\\\/www.cruillabarcelona.com\\\/wp-content\\\/uploads\\\/2017\\\/03\\\/RYAN-1200x628px-IMAGEN-e1489055575494.jpg\",\"width\":1197,\"height\":504},{\"@type\":\"BreadcrumbList\",\"@id\":\"https:\\\/\\\/www.cruillabarcelona.com\\\/es\\\/ryan-adams\\\/#breadcrumb\",\"itemListElement\":[{\"@type\":\"ListItem\",\"position\":1,\"name\":\"Home\",\"item\":\"https:\\\/\\\/www.cruillabarcelona.com\\\/es\\\/\"},{\"@type\":\"ListItem\",\"position\":2,\"name\":\"Ryan Adams\"}]},{\"@type\":\"WebSite\",\"@id\":\"https:\\\/\\\/www.cruillabarcelona.com\\\/es\\\/#website\",\"url\":\"https:\\\/\\\/www.cruillabarcelona.com\\\/es\\\/\",\"name\":\"Festival Cru\u00eflla\",\"description\":\"\",\"potentialAction\":[{\"@type\":\"SearchAction\",\"target\":{\"@type\":\"EntryPoint\",\"urlTemplate\":\"https:\\\/\\\/www.cruillabarcelona.com\\\/es\\\/?s={search_term_string}\"},\"query-input\":{\"@type\":\"PropertyValueSpecification\",\"valueRequired\":true,\"valueName\":\"search_term_string\"}}],\"inLanguage\":\"es\"}]}<\/script>\n<!-- \/ Yoast SEO plugin. -->","yoast_head_json":{"title":"Ryan Adams - Festival Cru\u00eflla","robots":{"index":"index","follow":"follow","max-snippet":"max-snippet:-1","max-image-preview":"max-image-preview:large","max-video-preview":"max-video-preview:-1"},"canonical":"https:\/\/www.cruillabarcelona.com\/es\/ryan-adams\/","og_locale":"es_ES","og_type":"article","og_title":"Ryan Adams - Festival Cru\u00eflla","og_description":"El esperado retorno a Catalu\u00f1a de una de las grandes figuras del rock moderno. \u00a0Parec\u00eda que nunca llegar\u00eda el d\u00eda en que el volver\u00edamos a ver a Ryan Adams, pero ahora ya podemos decir que el prodigio del rock&#8217;n&#8217;roll estadounidense ser\u00e1 uno de los nombres destacados del Cru\u00eflla. El cantante y guitarrista no ha dejado... Ver art\u00edculo","og_url":"https:\/\/www.cruillabarcelona.com\/es\/ryan-adams\/","og_site_name":"Festival Cru\u00eflla","article_modified_time":"2017-06-13T13:27:57+00:00","og_image":[{"width":1197,"height":504,"url":"https:\/\/www.cruillabarcelona.com\/wp-content\/uploads\/2017\/03\/RYAN-1200x628px-IMAGEN-e1489055575494.jpg","type":"image\/jpeg"}],"twitter_card":"summary_large_image","twitter_misc":{"Tiempo de lectura":"1 minuto"},"schema":{"@context":"https:\/\/schema.org","@graph":[{"@type":"WebPage","@id":"https:\/\/www.cruillabarcelona.com\/es\/ryan-adams\/","url":"https:\/\/www.cruillabarcelona.com\/es\/ryan-adams\/","name":"Ryan Adams - Festival Cru\u00eflla","isPartOf":{"@id":"https:\/\/www.cruillabarcelona.com\/es\/#website"},"primaryImageOfPage":{"@id":"https:\/\/www.cruillabarcelona.com\/es\/ryan-adams\/#primaryimage"},"image":{"@id":"https:\/\/www.cruillabarcelona.com\/es\/ryan-adams\/#primaryimage"},"thumbnailUrl":"https:\/\/www.cruillabarcelona.com\/wp-content\/uploads\/2017\/03\/RYAN-1200x628px-IMAGEN-e1489055575494.jpg","datePublished":"2017-03-09T11:05:39+00:00","dateModified":"2017-06-13T13:27:57+00:00","breadcrumb":{"@id":"https:\/\/www.cruillabarcelona.com\/es\/ryan-adams\/#breadcrumb"},"inLanguage":"es","potentialAction":[{"@type":"ReadAction","target":["https:\/\/www.cruillabarcelona.com\/es\/ryan-adams\/"]}]},{"@type":"ImageObject","inLanguage":"es","@id":"https:\/\/www.cruillabarcelona.com\/es\/ryan-adams\/#primaryimage","url":"https:\/\/www.cruillabarcelona.com\/wp-content\/uploads\/2017\/03\/RYAN-1200x628px-IMAGEN-e1489055575494.jpg","contentUrl":"https:\/\/www.cruillabarcelona.com\/wp-content\/uploads\/2017\/03\/RYAN-1200x628px-IMAGEN-e1489055575494.jpg","width":1197,"height":504},{"@type":"BreadcrumbList","@id":"https:\/\/www.cruillabarcelona.com\/es\/ryan-adams\/#breadcrumb","itemListElement":[{"@type":"ListItem","position":1,"name":"Home","item":"https:\/\/www.cruillabarcelona.com\/es\/"},{"@type":"ListItem","position":2,"name":"Ryan Adams"}]},{"@type":"WebSite","@id":"https:\/\/www.cruillabarcelona.com\/es\/#website","url":"https:\/\/www.cruillabarcelona.com\/es\/","name":"Festival Cru\u00eflla","description":"","potentialAction":[{"@type":"SearchAction","target":{"@type":"EntryPoint","urlTemplate":"https:\/\/www.cruillabarcelona.com\/es\/?s={search_term_string}"},"query-input":{"@type":"PropertyValueSpecification","valueRequired":true,"valueName":"search_term_string"}}],"inLanguage":"es"}]}},"_links":{"self":[{"href":"https:\/\/www.cruillabarcelona.com\/es\/wp-json\/wp\/v2\/pages\/4299","targetHints":{"allow":["GET"]}}],"collection":[{"href":"https:\/\/www.cruillabarcelona.com\/es\/wp-json\/wp\/v2\/pages"}],"about":[{"href":"https:\/\/www.cruillabarcelona.com\/es\/wp-json\/wp\/v2\/types\/page"}],"author":[{"embeddable":true,"href":"https:\/\/www.cruillabarcelona.com\/es\/wp-json\/wp\/v2\/users\/7"}],"replies":[{"embeddable":true,"href":"https:\/\/www.cruillabarcelona.com\/es\/wp-json\/wp\/v2\/comments?post=4299"}],"version-history":[{"count":0,"href":"https:\/\/www.cruillabarcelona.com\/es\/wp-json\/wp\/v2\/pages\/4299\/revisions"}],"wp:featuredmedia":[{"embeddable":true,"href":"https:\/\/www.cruillabarcelona.com\/es\/wp-json\/wp\/v2\/media\/4291"}],"wp:attachment":[{"href":"https:\/\/www.cruillabarcelona.com\/es\/wp-json\/wp\/v2\/media?parent=4299"}],"curies":[{"name":"wp","href":"https:\/\/api.w.org\/{rel}","templated":true}]}}