{"id":4314,"date":"2017-03-09T12:19:48","date_gmt":"2017-03-09T12:19:48","guid":{"rendered":"https:\/\/www.cruillabarcelona.com\/?page_id=4314\/"},"modified":"2020-01-27T17:00:35","modified_gmt":"2020-01-27T15:00:35","slug":"die-antwoord","status":"publish","type":"page","link":"https:\/\/www.cruillabarcelona.com\/es\/die-antwoord\/","title":{"rendered":"Die Antwoord"},"content":{"rendered":"<p style=\"text-align: center;\"><strong>\u00a1El grupo de rap-rave sudafricano actuar\u00e1 en el Festival Cru\u00eflla, en la que ser\u00e1 \u00a0la \u00faltima gira del grup!<br \/>\n<\/strong><\/p>\n<p>Die Antwoord asaltar\u00e1n el Cru\u00eflla para presentarnos su \u00faltimo trabajo, The Book of Zef, donde han llevado m\u00e1s lejos que nunca su est\u00e9tica de ne\u00f3n, desechos y escatolog\u00eda sat\u00edrica. Seguro que nos tienen preparada alguna de gorda, porque mientras ellos sean sobre el escenario, no habr\u00e1 manera de escapar de su contagiosa descarga de adrenalina.<\/p>\n<p>&nbsp;<\/p>\n<p><strong>Compra la entrada del viernes 7 <span class=\"\">de julio<\/span> <span class=\"\">en el Festival<\/span> <span class=\"\">Cru\u00eflla<\/span> <span class=\"\">aqu\u00ed:<\/span><\/strong><br \/>\n<a href=\"https:\/\/cruillafestival.stubhubtickets.com\/entradas\/es\/entradas-musica-entrada-viernes-7-de-julio\"><img loading=\"lazy\" decoding=\"async\" class=\"aligncenter wp-image-3530 size-full\" src=\"https:\/\/www.cruillabarcelona.com\/wp-content\/uploads\/2017\/03\/BOTON-CAST.png\" alt=\"\" width=\"250\" height=\"74\" \/><\/a><\/p>\n<p>La entrada te da derecho a disfrutar de todos los conciertos programados ese d\u00eda, aparte de Die Antwoord, podr\u00e1s <span class=\"\">ver:<\/span><\/p>\n<p><strong>Jamiroquai, Two Door Cinema Club, The Lumineers, Ani Difranco, Kase.O, Youssou NDOUR, Los Fabulosos Cadillacs, Carlos Sadness, Dorian, Neuman, Patrice, Nicola Cruz, Aspencat, Dorian Wood, Pau Vallv\u00e9, El Petit de Cal Eril i Luthea Salom.<\/strong><\/p>\n<p>Encontrar\u00e1s\u00a0toda la programaci\u00f3n de los <strong>3 d\u00edas del Festival Cru\u00eflla<\/strong>, <a href=\"https:\/\/www.cruillabarcelona.com\/es\/artistas-2017\/\">AQU\u00cd<\/a><\/p>\n","protected":false},"excerpt":{"rendered":"\u00a1El grupo de rap-rave sudafricano actuar\u00e1 en el Festival Cru\u00eflla, en la que ser\u00e1 \u00a0la \u00faltima gira del grup! Die Antwoord asaltar\u00e1n el Cru\u00eflla para presentarnos su \u00faltimo trabajo, The Book of Zef, donde han llevado m\u00e1s lejos que nunca su est\u00e9tica de ne\u00f3n, desechos y escatolog\u00eda sat\u00edrica. Seguro que nos tienen preparada alguna de&#8230; <a class=\"view-article\" href=\"https:\/\/www.cruillabarcelona.com\/es\/die-antwoord\/\">Ver art\u00edculo<\/a>","protected":false},"author":7,"featured_media":4309,"parent":0,"menu_order":0,"comment_status":"closed","ping_status":"closed","template":"","meta":{"_acf_changed":false,"footnotes":""},"class_list":["post-4314","page","type-page","status-publish","has-post-thumbnail","hentry"],"acf":[],"yoast_head":"<!-- This site is optimized with the Yoast SEO plugin v27.3 - https:\/\/yoast.com\/product\/yoast-seo-wordpress\/ -->\n<title>Die Antwoord - Festival Cru\u00eflla<\/title>\n<meta name=\"robots\" content=\"index, follow, max-snippet:-1, max-image-preview:large, max-video-preview:-1\" \/>\n<link rel=\"canonical\" href=\"https:\/\/www.cruillabarcelona.com\/es\/die-antwoord\/\" \/>\n<meta property=\"og:locale\" content=\"es_ES\" \/>\n<meta property=\"og:type\" content=\"article\" \/>\n<meta property=\"og:title\" content=\"Die Antwoord - Festival Cru\u00eflla\" \/>\n<meta property=\"og:description\" content=\"\u00a1El grupo de rap-rave sudafricano actuar\u00e1 en el Festival Cru\u00eflla, en la que ser\u00e1 \u00a0la \u00faltima gira del grup! Die Antwoord asaltar\u00e1n el Cru\u00eflla para presentarnos su \u00faltimo trabajo, The Book of Zef, donde han llevado m\u00e1s lejos que nunca su est\u00e9tica de ne\u00f3n, desechos y escatolog\u00eda sat\u00edrica. Seguro que nos tienen preparada alguna de... Ver art\u00edculo\" \/>\n<meta property=\"og:url\" content=\"https:\/\/www.cruillabarcelona.com\/es\/die-antwoord\/\" \/>\n<meta property=\"og:site_name\" content=\"Festival Cru\u00eflla\" \/>\n<meta property=\"article:modified_time\" content=\"2020-01-27T15:00:35+00:00\" \/>\n<meta property=\"og:image\" content=\"https:\/\/www.cruillabarcelona.com\/wp-content\/uploads\/2017\/03\/DIE-1200x628px-IMAGEN-e1489061951830.jpg\" \/>\n\t<meta property=\"og:image:width\" content=\"1194\" \/>\n\t<meta property=\"og:image:height\" content=\"402\" \/>\n\t<meta property=\"og:image:type\" content=\"image\/jpeg\" \/>\n<meta name=\"twitter:card\" content=\"summary_large_image\" \/>\n<meta name=\"twitter:label1\" content=\"Tiempo de lectura\" \/>\n\t<meta name=\"twitter:data1\" content=\"1 minuto\" \/>\n<script type=\"application\/ld+json\" class=\"yoast-schema-graph\">{\"@context\":\"https:\\\/\\\/schema.org\",\"@graph\":[{\"@type\":\"WebPage\",\"@id\":\"https:\\\/\\\/www.cruillabarcelona.com\\\/es\\\/die-antwoord\\\/\",\"url\":\"https:\\\/\\\/www.cruillabarcelona.com\\\/es\\\/die-antwoord\\\/\",\"name\":\"Die Antwoord - Festival Cru\u00eflla\",\"isPartOf\":{\"@id\":\"https:\\\/\\\/www.cruillabarcelona.com\\\/es\\\/#website\"},\"primaryImageOfPage\":{\"@id\":\"https:\\\/\\\/www.cruillabarcelona.com\\\/es\\\/die-antwoord\\\/#primaryimage\"},\"image\":{\"@id\":\"https:\\\/\\\/www.cruillabarcelona.com\\\/es\\\/die-antwoord\\\/#primaryimage\"},\"thumbnailUrl\":\"https:\\\/\\\/www.cruillabarcelona.com\\\/wp-content\\\/uploads\\\/2017\\\/03\\\/DIE-1200x628px-IMAGEN-e1489061951830.jpg\",\"datePublished\":\"2017-03-09T12:19:48+00:00\",\"dateModified\":\"2020-01-27T15:00:35+00:00\",\"breadcrumb\":{\"@id\":\"https:\\\/\\\/www.cruillabarcelona.com\\\/es\\\/die-antwoord\\\/#breadcrumb\"},\"inLanguage\":\"es\",\"potentialAction\":[{\"@type\":\"ReadAction\",\"target\":[\"https:\\\/\\\/www.cruillabarcelona.com\\\/es\\\/die-antwoord\\\/\"]}]},{\"@type\":\"ImageObject\",\"inLanguage\":\"es\",\"@id\":\"https:\\\/\\\/www.cruillabarcelona.com\\\/es\\\/die-antwoord\\\/#primaryimage\",\"url\":\"https:\\\/\\\/www.cruillabarcelona.com\\\/wp-content\\\/uploads\\\/2017\\\/03\\\/DIE-1200x628px-IMAGEN-e1489061951830.jpg\",\"contentUrl\":\"https:\\\/\\\/www.cruillabarcelona.com\\\/wp-content\\\/uploads\\\/2017\\\/03\\\/DIE-1200x628px-IMAGEN-e1489061951830.jpg\",\"width\":1194,\"height\":402},{\"@type\":\"BreadcrumbList\",\"@id\":\"https:\\\/\\\/www.cruillabarcelona.com\\\/es\\\/die-antwoord\\\/#breadcrumb\",\"itemListElement\":[{\"@type\":\"ListItem\",\"position\":1,\"name\":\"Home\",\"item\":\"https:\\\/\\\/www.cruillabarcelona.com\\\/es\\\/\"},{\"@type\":\"ListItem\",\"position\":2,\"name\":\"Die Antwoord\"}]},{\"@type\":\"WebSite\",\"@id\":\"https:\\\/\\\/www.cruillabarcelona.com\\\/es\\\/#website\",\"url\":\"https:\\\/\\\/www.cruillabarcelona.com\\\/es\\\/\",\"name\":\"Festival Cru\u00eflla\",\"description\":\"\",\"potentialAction\":[{\"@type\":\"SearchAction\",\"target\":{\"@type\":\"EntryPoint\",\"urlTemplate\":\"https:\\\/\\\/www.cruillabarcelona.com\\\/es\\\/?s={search_term_string}\"},\"query-input\":{\"@type\":\"PropertyValueSpecification\",\"valueRequired\":true,\"valueName\":\"search_term_string\"}}],\"inLanguage\":\"es\"}]}<\/script>\n<!-- \/ Yoast SEO plugin. -->","yoast_head_json":{"title":"Die Antwoord - Festival Cru\u00eflla","robots":{"index":"index","follow":"follow","max-snippet":"max-snippet:-1","max-image-preview":"max-image-preview:large","max-video-preview":"max-video-preview:-1"},"canonical":"https:\/\/www.cruillabarcelona.com\/es\/die-antwoord\/","og_locale":"es_ES","og_type":"article","og_title":"Die Antwoord - Festival Cru\u00eflla","og_description":"\u00a1El grupo de rap-rave sudafricano actuar\u00e1 en el Festival Cru\u00eflla, en la que ser\u00e1 \u00a0la \u00faltima gira del grup! Die Antwoord asaltar\u00e1n el Cru\u00eflla para presentarnos su \u00faltimo trabajo, The Book of Zef, donde han llevado m\u00e1s lejos que nunca su est\u00e9tica de ne\u00f3n, desechos y escatolog\u00eda sat\u00edrica. Seguro que nos tienen preparada alguna de... Ver art\u00edculo","og_url":"https:\/\/www.cruillabarcelona.com\/es\/die-antwoord\/","og_site_name":"Festival Cru\u00eflla","article_modified_time":"2020-01-27T15:00:35+00:00","og_image":[{"width":1194,"height":402,"url":"https:\/\/www.cruillabarcelona.com\/wp-content\/uploads\/2017\/03\/DIE-1200x628px-IMAGEN-e1489061951830.jpg","type":"image\/jpeg"}],"twitter_card":"summary_large_image","twitter_misc":{"Tiempo de lectura":"1 minuto"},"schema":{"@context":"https:\/\/schema.org","@graph":[{"@type":"WebPage","@id":"https:\/\/www.cruillabarcelona.com\/es\/die-antwoord\/","url":"https:\/\/www.cruillabarcelona.com\/es\/die-antwoord\/","name":"Die Antwoord - Festival Cru\u00eflla","isPartOf":{"@id":"https:\/\/www.cruillabarcelona.com\/es\/#website"},"primaryImageOfPage":{"@id":"https:\/\/www.cruillabarcelona.com\/es\/die-antwoord\/#primaryimage"},"image":{"@id":"https:\/\/www.cruillabarcelona.com\/es\/die-antwoord\/#primaryimage"},"thumbnailUrl":"https:\/\/www.cruillabarcelona.com\/wp-content\/uploads\/2017\/03\/DIE-1200x628px-IMAGEN-e1489061951830.jpg","datePublished":"2017-03-09T12:19:48+00:00","dateModified":"2020-01-27T15:00:35+00:00","breadcrumb":{"@id":"https:\/\/www.cruillabarcelona.com\/es\/die-antwoord\/#breadcrumb"},"inLanguage":"es","potentialAction":[{"@type":"ReadAction","target":["https:\/\/www.cruillabarcelona.com\/es\/die-antwoord\/"]}]},{"@type":"ImageObject","inLanguage":"es","@id":"https:\/\/www.cruillabarcelona.com\/es\/die-antwoord\/#primaryimage","url":"https:\/\/www.cruillabarcelona.com\/wp-content\/uploads\/2017\/03\/DIE-1200x628px-IMAGEN-e1489061951830.jpg","contentUrl":"https:\/\/www.cruillabarcelona.com\/wp-content\/uploads\/2017\/03\/DIE-1200x628px-IMAGEN-e1489061951830.jpg","width":1194,"height":402},{"@type":"BreadcrumbList","@id":"https:\/\/www.cruillabarcelona.com\/es\/die-antwoord\/#breadcrumb","itemListElement":[{"@type":"ListItem","position":1,"name":"Home","item":"https:\/\/www.cruillabarcelona.com\/es\/"},{"@type":"ListItem","position":2,"name":"Die Antwoord"}]},{"@type":"WebSite","@id":"https:\/\/www.cruillabarcelona.com\/es\/#website","url":"https:\/\/www.cruillabarcelona.com\/es\/","name":"Festival Cru\u00eflla","description":"","potentialAction":[{"@type":"SearchAction","target":{"@type":"EntryPoint","urlTemplate":"https:\/\/www.cruillabarcelona.com\/es\/?s={search_term_string}"},"query-input":{"@type":"PropertyValueSpecification","valueRequired":true,"valueName":"search_term_string"}}],"inLanguage":"es"}]}},"_links":{"self":[{"href":"https:\/\/www.cruillabarcelona.com\/es\/wp-json\/wp\/v2\/pages\/4314","targetHints":{"allow":["GET"]}}],"collection":[{"href":"https:\/\/www.cruillabarcelona.com\/es\/wp-json\/wp\/v2\/pages"}],"about":[{"href":"https:\/\/www.cruillabarcelona.com\/es\/wp-json\/wp\/v2\/types\/page"}],"author":[{"embeddable":true,"href":"https:\/\/www.cruillabarcelona.com\/es\/wp-json\/wp\/v2\/users\/7"}],"replies":[{"embeddable":true,"href":"https:\/\/www.cruillabarcelona.com\/es\/wp-json\/wp\/v2\/comments?post=4314"}],"version-history":[{"count":0,"href":"https:\/\/www.cruillabarcelona.com\/es\/wp-json\/wp\/v2\/pages\/4314\/revisions"}],"wp:featuredmedia":[{"embeddable":true,"href":"https:\/\/www.cruillabarcelona.com\/es\/wp-json\/wp\/v2\/media\/4309"}],"wp:attachment":[{"href":"https:\/\/www.cruillabarcelona.com\/es\/wp-json\/wp\/v2\/media?parent=4314"}],"curies":[{"name":"wp","href":"https:\/\/api.w.org\/{rel}","templated":true}]}}