{"id":4654,"date":"2017-04-12T09:47:56","date_gmt":"2017-04-12T09:47:56","guid":{"rendered":"https:\/\/www.cruillabarcelona.com\/?page_id=4654\/"},"modified":"2017-06-13T13:23:51","modified_gmt":"2017-06-13T13:23:51","slug":"the-lumineers","status":"publish","type":"page","link":"https:\/\/www.cruillabarcelona.com\/es\/the-lumineers\/","title":{"rendered":"The Lumineers"},"content":{"rendered":"<h3 style=\"text-align: center;\">Los grandes \u00e9xitos de The Lumineers en directo en el Cru\u00eflla, \u00bfte lo vas a perder?<\/h3>\n<p>The Lumineers son uno de los casos de \u00e9xito m\u00e1s inveros\u00edmiles de los \u00faltimos a\u00f1os. Convirtieron la canci\u00f3n \u00abHo Hey\u00bb en un himno internacional en 2012. Este \u00e9xito tuvo continuidad con otro single # 1 \u00abStubbon Love\u00bb y posteriormente \u00abSubmarines\u00bb. Tres canciones que los hicieron emprender un viaje que los llev\u00f3 de los Grammys al Ipod del presidente Obama, pasando por la banda sonora de Hunger Games. Su disco hom\u00f3nimo de debut vendi\u00f3 millones de copias, los hizo girar por todo el mundo y cre\u00f3 una enorme base de fans enamorada de sus emocionantes y ricas letras. Ahora, vuelven a los escenarios con su segundo disco \u00abCleopatra\u00bb una colecci\u00f3n de temas que vuelven a demostrar la profundidad de una banda que no tiene nada que envidiar a los mejores artistas de la tradici\u00f3n Americana.<\/p>\n<p>Compra tu entrada para el viernes 7 de julio en el Festival Cru\u00eflla<\/p>\n<p><a href=\"https:\/\/cruillafestival.stubhubtickets.com\/entradas\/es\/entradas-musica-entrada-viernes-7-de-julio\"><img loading=\"lazy\" decoding=\"async\" class=\"aligncenter wp-image-3530 size-full\" src=\"https:\/\/www.cruillabarcelona.com\/wp-content\/uploads\/2017\/03\/BOTON-CAST.png\" alt=\"\" width=\"250\" height=\"74\" \/><\/a><\/p>\n<p>La entrada te da derecho a disfrutar de todos los conciertos programados ese d\u00eda, aparte de The Lumineers, podr\u00e1s <span class=\"\">ver:<\/span><\/p>\n<p><strong>Jamiroquai, Two Door Cinema Club, Die Antwoord, Ani Difranco, Kase.O, Youssou NDOUR, Los Fabulosos Cadillacs, Carlos Sadness, Dorian, Neuman, Patrice, Nicola Cruz, Aspencat, Dorian Wood, Pau Vallv\u00e9, El Petit de Cal Eril i Luthea Salom.<\/strong><\/p>\n<p>Encontrar\u00e1s\u00a0toda la programaci\u00f3n de los <strong>3 d\u00edas del Festival Cru\u00eflla<\/strong>, <a href=\"https:\/\/www.cruillabarcelona.com\/es\/artistas-2017\/\">AQU\u00cd<\/a><\/p>\n","protected":false},"excerpt":{"rendered":"Los grandes \u00e9xitos de The Lumineers en directo en el Cru\u00eflla, \u00bfte lo vas a perder? The Lumineers son uno de los casos de \u00e9xito m\u00e1s inveros\u00edmiles de los \u00faltimos a\u00f1os. Convirtieron la canci\u00f3n \u00abHo Hey\u00bb en un himno internacional en 2012. Este \u00e9xito tuvo continuidad con otro single # 1 \u00abStubbon Love\u00bb y posteriormente&#8230; <a class=\"view-article\" href=\"https:\/\/www.cruillabarcelona.com\/es\/the-lumineers\/\">Ver art\u00edculo<\/a>","protected":false},"author":7,"featured_media":4650,"parent":0,"menu_order":0,"comment_status":"closed","ping_status":"closed","template":"page-templates\/page-landing.php","meta":{"_acf_changed":false,"footnotes":""},"class_list":["post-4654","page","type-page","status-publish","has-post-thumbnail","hentry"],"acf":[],"yoast_head":"<!-- This site is optimized with the Yoast SEO plugin v27.3 - https:\/\/yoast.com\/product\/yoast-seo-wordpress\/ -->\n<title>The Lumineers - Festival Cru\u00eflla<\/title>\n<meta name=\"robots\" content=\"index, follow, max-snippet:-1, max-image-preview:large, max-video-preview:-1\" \/>\n<link rel=\"canonical\" href=\"https:\/\/www.cruillabarcelona.com\/es\/the-lumineers\/\" \/>\n<meta property=\"og:locale\" content=\"es_ES\" \/>\n<meta property=\"og:type\" content=\"article\" \/>\n<meta property=\"og:title\" content=\"The Lumineers - Festival Cru\u00eflla\" \/>\n<meta property=\"og:description\" content=\"Los grandes \u00e9xitos de The Lumineers en directo en el Cru\u00eflla, \u00bfte lo vas a perder? The Lumineers son uno de los casos de \u00e9xito m\u00e1s inveros\u00edmiles de los \u00faltimos a\u00f1os. Convirtieron la canci\u00f3n \u00abHo Hey\u00bb en un himno internacional en 2012. Este \u00e9xito tuvo continuidad con otro single # 1 \u00abStubbon Love\u00bb y posteriormente... Ver art\u00edculo\" \/>\n<meta property=\"og:url\" content=\"https:\/\/www.cruillabarcelona.com\/es\/the-lumineers\/\" \/>\n<meta property=\"og:site_name\" content=\"Festival Cru\u00eflla\" \/>\n<meta property=\"article:modified_time\" content=\"2017-06-13T13:23:51+00:00\" \/>\n<meta property=\"og:image\" content=\"https:\/\/www.cruillabarcelona.com\/wp-content\/uploads\/2017\/04\/Captura-de-pantalla-2017-04-12-a-las-11.28.39.png\" \/>\n\t<meta property=\"og:image:width\" content=\"1199\" \/>\n\t<meta property=\"og:image:height\" content=\"457\" \/>\n\t<meta property=\"og:image:type\" content=\"image\/png\" \/>\n<meta name=\"twitter:card\" content=\"summary_large_image\" \/>\n<meta name=\"twitter:label1\" content=\"Tiempo de lectura\" \/>\n\t<meta name=\"twitter:data1\" content=\"1 minuto\" \/>\n<script type=\"application\/ld+json\" class=\"yoast-schema-graph\">{\"@context\":\"https:\\\/\\\/schema.org\",\"@graph\":[{\"@type\":\"WebPage\",\"@id\":\"https:\\\/\\\/www.cruillabarcelona.com\\\/es\\\/the-lumineers\\\/\",\"url\":\"https:\\\/\\\/www.cruillabarcelona.com\\\/es\\\/the-lumineers\\\/\",\"name\":\"The Lumineers - Festival Cru\u00eflla\",\"isPartOf\":{\"@id\":\"https:\\\/\\\/www.cruillabarcelona.com\\\/es\\\/#website\"},\"primaryImageOfPage\":{\"@id\":\"https:\\\/\\\/www.cruillabarcelona.com\\\/es\\\/the-lumineers\\\/#primaryimage\"},\"image\":{\"@id\":\"https:\\\/\\\/www.cruillabarcelona.com\\\/es\\\/the-lumineers\\\/#primaryimage\"},\"thumbnailUrl\":\"https:\\\/\\\/www.cruillabarcelona.com\\\/wp-content\\\/uploads\\\/2017\\\/04\\\/Captura-de-pantalla-2017-04-12-a-las-11.28.39.png\",\"datePublished\":\"2017-04-12T09:47:56+00:00\",\"dateModified\":\"2017-06-13T13:23:51+00:00\",\"breadcrumb\":{\"@id\":\"https:\\\/\\\/www.cruillabarcelona.com\\\/es\\\/the-lumineers\\\/#breadcrumb\"},\"inLanguage\":\"es\",\"potentialAction\":[{\"@type\":\"ReadAction\",\"target\":[\"https:\\\/\\\/www.cruillabarcelona.com\\\/es\\\/the-lumineers\\\/\"]}]},{\"@type\":\"ImageObject\",\"inLanguage\":\"es\",\"@id\":\"https:\\\/\\\/www.cruillabarcelona.com\\\/es\\\/the-lumineers\\\/#primaryimage\",\"url\":\"https:\\\/\\\/www.cruillabarcelona.com\\\/wp-content\\\/uploads\\\/2017\\\/04\\\/Captura-de-pantalla-2017-04-12-a-las-11.28.39.png\",\"contentUrl\":\"https:\\\/\\\/www.cruillabarcelona.com\\\/wp-content\\\/uploads\\\/2017\\\/04\\\/Captura-de-pantalla-2017-04-12-a-las-11.28.39.png\",\"width\":1199,\"height\":457},{\"@type\":\"BreadcrumbList\",\"@id\":\"https:\\\/\\\/www.cruillabarcelona.com\\\/es\\\/the-lumineers\\\/#breadcrumb\",\"itemListElement\":[{\"@type\":\"ListItem\",\"position\":1,\"name\":\"Home\",\"item\":\"https:\\\/\\\/www.cruillabarcelona.com\\\/es\\\/\"},{\"@type\":\"ListItem\",\"position\":2,\"name\":\"The Lumineers\"}]},{\"@type\":\"WebSite\",\"@id\":\"https:\\\/\\\/www.cruillabarcelona.com\\\/es\\\/#website\",\"url\":\"https:\\\/\\\/www.cruillabarcelona.com\\\/es\\\/\",\"name\":\"Festival Cru\u00eflla\",\"description\":\"\",\"potentialAction\":[{\"@type\":\"SearchAction\",\"target\":{\"@type\":\"EntryPoint\",\"urlTemplate\":\"https:\\\/\\\/www.cruillabarcelona.com\\\/es\\\/?s={search_term_string}\"},\"query-input\":{\"@type\":\"PropertyValueSpecification\",\"valueRequired\":true,\"valueName\":\"search_term_string\"}}],\"inLanguage\":\"es\"}]}<\/script>\n<!-- \/ Yoast SEO plugin. -->","yoast_head_json":{"title":"The Lumineers - Festival Cru\u00eflla","robots":{"index":"index","follow":"follow","max-snippet":"max-snippet:-1","max-image-preview":"max-image-preview:large","max-video-preview":"max-video-preview:-1"},"canonical":"https:\/\/www.cruillabarcelona.com\/es\/the-lumineers\/","og_locale":"es_ES","og_type":"article","og_title":"The Lumineers - Festival Cru\u00eflla","og_description":"Los grandes \u00e9xitos de The Lumineers en directo en el Cru\u00eflla, \u00bfte lo vas a perder? The Lumineers son uno de los casos de \u00e9xito m\u00e1s inveros\u00edmiles de los \u00faltimos a\u00f1os. Convirtieron la canci\u00f3n \u00abHo Hey\u00bb en un himno internacional en 2012. Este \u00e9xito tuvo continuidad con otro single # 1 \u00abStubbon Love\u00bb y posteriormente... Ver art\u00edculo","og_url":"https:\/\/www.cruillabarcelona.com\/es\/the-lumineers\/","og_site_name":"Festival Cru\u00eflla","article_modified_time":"2017-06-13T13:23:51+00:00","og_image":[{"width":1199,"height":457,"url":"https:\/\/www.cruillabarcelona.com\/wp-content\/uploads\/2017\/04\/Captura-de-pantalla-2017-04-12-a-las-11.28.39.png","type":"image\/png"}],"twitter_card":"summary_large_image","twitter_misc":{"Tiempo de lectura":"1 minuto"},"schema":{"@context":"https:\/\/schema.org","@graph":[{"@type":"WebPage","@id":"https:\/\/www.cruillabarcelona.com\/es\/the-lumineers\/","url":"https:\/\/www.cruillabarcelona.com\/es\/the-lumineers\/","name":"The Lumineers - Festival Cru\u00eflla","isPartOf":{"@id":"https:\/\/www.cruillabarcelona.com\/es\/#website"},"primaryImageOfPage":{"@id":"https:\/\/www.cruillabarcelona.com\/es\/the-lumineers\/#primaryimage"},"image":{"@id":"https:\/\/www.cruillabarcelona.com\/es\/the-lumineers\/#primaryimage"},"thumbnailUrl":"https:\/\/www.cruillabarcelona.com\/wp-content\/uploads\/2017\/04\/Captura-de-pantalla-2017-04-12-a-las-11.28.39.png","datePublished":"2017-04-12T09:47:56+00:00","dateModified":"2017-06-13T13:23:51+00:00","breadcrumb":{"@id":"https:\/\/www.cruillabarcelona.com\/es\/the-lumineers\/#breadcrumb"},"inLanguage":"es","potentialAction":[{"@type":"ReadAction","target":["https:\/\/www.cruillabarcelona.com\/es\/the-lumineers\/"]}]},{"@type":"ImageObject","inLanguage":"es","@id":"https:\/\/www.cruillabarcelona.com\/es\/the-lumineers\/#primaryimage","url":"https:\/\/www.cruillabarcelona.com\/wp-content\/uploads\/2017\/04\/Captura-de-pantalla-2017-04-12-a-las-11.28.39.png","contentUrl":"https:\/\/www.cruillabarcelona.com\/wp-content\/uploads\/2017\/04\/Captura-de-pantalla-2017-04-12-a-las-11.28.39.png","width":1199,"height":457},{"@type":"BreadcrumbList","@id":"https:\/\/www.cruillabarcelona.com\/es\/the-lumineers\/#breadcrumb","itemListElement":[{"@type":"ListItem","position":1,"name":"Home","item":"https:\/\/www.cruillabarcelona.com\/es\/"},{"@type":"ListItem","position":2,"name":"The Lumineers"}]},{"@type":"WebSite","@id":"https:\/\/www.cruillabarcelona.com\/es\/#website","url":"https:\/\/www.cruillabarcelona.com\/es\/","name":"Festival Cru\u00eflla","description":"","potentialAction":[{"@type":"SearchAction","target":{"@type":"EntryPoint","urlTemplate":"https:\/\/www.cruillabarcelona.com\/es\/?s={search_term_string}"},"query-input":{"@type":"PropertyValueSpecification","valueRequired":true,"valueName":"search_term_string"}}],"inLanguage":"es"}]}},"_links":{"self":[{"href":"https:\/\/www.cruillabarcelona.com\/es\/wp-json\/wp\/v2\/pages\/4654","targetHints":{"allow":["GET"]}}],"collection":[{"href":"https:\/\/www.cruillabarcelona.com\/es\/wp-json\/wp\/v2\/pages"}],"about":[{"href":"https:\/\/www.cruillabarcelona.com\/es\/wp-json\/wp\/v2\/types\/page"}],"author":[{"embeddable":true,"href":"https:\/\/www.cruillabarcelona.com\/es\/wp-json\/wp\/v2\/users\/7"}],"replies":[{"embeddable":true,"href":"https:\/\/www.cruillabarcelona.com\/es\/wp-json\/wp\/v2\/comments?post=4654"}],"version-history":[{"count":0,"href":"https:\/\/www.cruillabarcelona.com\/es\/wp-json\/wp\/v2\/pages\/4654\/revisions"}],"wp:featuredmedia":[{"embeddable":true,"href":"https:\/\/www.cruillabarcelona.com\/es\/wp-json\/wp\/v2\/media\/4650"}],"wp:attachment":[{"href":"https:\/\/www.cruillabarcelona.com\/es\/wp-json\/wp\/v2\/media?parent=4654"}],"curies":[{"name":"wp","href":"https:\/\/api.w.org\/{rel}","templated":true}]}}