{"id":52255,"date":"2024-04-04T12:00:53","date_gmt":"2024-04-04T10:00:53","guid":{"rendered":"https:\/\/www.cruillabarcelona.com\/?page_id=52255"},"modified":"2026-03-10T14:25:21","modified_gmt":"2026-03-10T12:25:21","slug":"dijous-2026","status":"publish","type":"page","link":"https:\/\/www.cruillabarcelona.com\/es\/dijous-2026\/","title":{"rendered":"Jueves 9 de julio &#8211; Festival Cru\u00eflla 2026"},"content":{"rendered":"<h2 style=\"text-align: center;\">Vuelven los cl\u00e1sicos en el Cru\u00eflla 2026<\/h2>\n<p class=\"monday-block-1\" contenteditable=\"true\" data-monday-block-type=\"1\" data-monday-block-content=\"[{&quot;attributes&quot;:{&quot;bold&quot;:true},&quot;insert&quot;:&quot;El jueves 9 de julio&quot;},{&quot;insert&quot;:&quot; el Festival Cru\u00eflla llega cargado de &quot;},{&quot;attributes&quot;:{&quot;bold&quot;:true},&quot;insert&quot;:&quot;cl\u00e1sicos internacionales&quot;},{&quot;insert&quot;:&quot; y &quot;},{&quot;attributes&quot;:{&quot;bold&quot;:true},&quot;insert&quot;:&quot;referentes de nuestra escena local.&quot;},{&quot;insert&quot;:&quot; Una jornada para celebrar trayectorias m\u00edticas y la energ\u00eda de las nuevas generaciones.&quot;}]\" data-inline-monday=\"true\"><strong>El jueves 9 de julio<\/strong> el Festival Cru\u00eflla llega cargado de <strong>cl\u00e1sicos internacionales<\/strong> y <strong>referentes de nuestra escena local.<\/strong> Una jornada para celebrar trayectorias m\u00edticas y la energ\u00eda de las nuevas generaciones.<\/p>\n<p><img loading=\"lazy\" decoding=\"async\" class=\"aligncenter wp-image-62453 \" src=\"https:\/\/www.cruillabarcelona.com\/wp-content\/uploads\/2026\/03\/Dijous_ES.png\" alt=\"Landing jueves Festival Cru\u00eflla 2026\" width=\"916\" height=\"458\" srcset=\"https:\/\/www.cruillabarcelona.com\/wp-content\/uploads\/2026\/03\/Dijous_ES.png 1200w, https:\/\/www.cruillabarcelona.com\/wp-content\/uploads\/2026\/03\/Dijous_ES-1024x512.png 1024w, https:\/\/www.cruillabarcelona.com\/wp-content\/uploads\/2026\/03\/Dijous_ES-768x384.png 768w, https:\/\/www.cruillabarcelona.com\/wp-content\/uploads\/2026\/03\/Dijous_ES-300x150.png 300w\" sizes=\"auto, (max-width: 916px) 100vw, 916px\" \/><\/p>\n<p style=\"text-align: center;\"><em><b>\u00a1Compra aqu\u00ed tu entrada para el jueves o tu abono de 3 o 4 d\u00edas!<\/b><\/em><\/p>\n<p style=\"text-align: center;\"><a class=\"button round    large\" href=\"https:\/\/tickets.oneboxtds.com\/cruilla\/select\/2556129?hl=ca-ES\"  target=\"_blank\"><i class=\"glyphicon fi-ticket\"><\/i> ENTRADA JUEVES<\/a><\/p>\n<p style=\"text-align: center;\"><a class=\"button round    large\" href=\"https:\/\/www.cruillabarcelona.com\/es\/tickets\/\"  target=\"_blank\"><i class=\"glyphicon fi-ticket\"><\/i> ABONOS<\/a><\/p>\n<p class=\"monday-block-1\" contenteditable=\"true\" data-monday-block-type=\"1\" data-monday-block-content=\"[{&quot;attributes&quot;:{&quot;bold&quot;:true},&quot;insert&quot;:&quot;Pixies&quot;},{&quot;insert&quot;:&quot;, uno de los grupos m\u00e1s influyentes de los noventa, regresan al festival para celebrar su &quot;},{&quot;attributes&quot;:{&quot;bold&quot;:true},&quot;insert&quot;:&quot;40\u00ba aniversario&quot;},{&quot;insert&quot;:&quot;. Con himnos generacionales como &quot;},{&quot;attributes&quot;:{&quot;italic&quot;:true},&quot;insert&quot;:&quot;Where Is My Mind&quot;},{&quot;insert&quot;:&quot; y con su \u00faltimo trabajo &quot;},{&quot;attributes&quot;:{&quot;italic&quot;:true},&quot;insert&quot;:&quot;The Night Zombies Came&quot;},{&quot;insert&quot;:&quot; (2024), nos ofrecer\u00e1n una de sus &quot;},{&quot;attributes&quot;:{&quot;bold&quot;:true},&quot;insert&quot;:&quot;\u00fanicas actuaciones en Espa\u00f1a en 2026&quot;},{&quot;insert&quot;:&quot;.&quot;}]\" data-inline-monday=\"true\"><strong>Pixies<\/strong>, uno de los grupos m\u00e1s influyentes de los noventa, llegan al festival para celebrar su <strong>40\u00ba aniversario<\/strong>. Con himnos generacionales como <em>Where Is My Mind, Monkey Gone to Heaven, &#8230;\u00a0<\/em> y con su \u00faltimo trabajo <em>The Night Zombies Came<\/em> (2024), nos ofrecer\u00e1n una de sus <strong>\u00fanicas actuaciones en Espa\u00f1a en 2026<\/strong>.<\/p>\n<p style=\"text-align: center;\"><div class=\"flex-video   widescreen\"><iframe loading=\"lazy\" width=\"420\" height=\"315\" src=\"\/\/www.youtube.com\/embed\/csTJW6A1174\" allowfullscreen=\"true\"><\/iframe><\/div><\/p>\n<p class=\"monday-block-1\" contenteditable=\"true\" data-monday-block-type=\"1\" data-monday-block-content=\"[{&quot;insert&quot;:&quot;Tras una pausa forzada en 2024, &quot;},{&quot;attributes&quot;:{&quot;bold&quot;:true},&quot;insert&quot;:&quot;Garbage&quot;},{&quot;insert&quot;:&quot; vuelve con &quot;},{&quot;attributes&quot;:{&quot;italic&quot;:true},&quot;insert&quot;:&quot;Let All That We Imagine Be The Light&quot;},{&quot;insert&quot;:&quot;. Su octavo \u00e1lbum es m\u00e1s reflexivo, pero fiel a su sonido: rock alternativo con distorsi\u00f3n electr\u00f3nica y melod\u00edas oscuras. Barcelona y Shirley Manson tienen una conexi\u00f3n muy especial; \u00a1no te pierdas este reencuentro!&quot;}]\" data-inline-monday=\"true\">Tras una pausa forzada en 2024, <strong>Garbage<\/strong> vuelve con <em>Let All That We Imagine Be The Light<\/em>. Su octavo \u00e1lbum es m\u00e1s reflexivo, pero fiel a su sonido: rock alternativo con distorsi\u00f3n electr\u00f3nica y melod\u00edas oscuras. Barcelona y Shirley Manson tienen una conexi\u00f3n muy especial; \u00a1no te pierdas este reencuentro!<\/p>\n<p style=\"text-align: center;\"><div class=\"flex-video   widescreen\"><iframe loading=\"lazy\" width=\"420\" height=\"315\" src=\"\/\/www.youtube.com\/embed\/GpBFOJ3R0M4\" allowfullscreen=\"true\"><\/iframe><\/div><\/p>\n<p class=\"monday-block-1\" contenteditable=\"true\" data-monday-block-type=\"1\" data-monday-block-content=\"[{&quot;insert&quot;:&quot;Los brit\u00e1nicos &quot;},{&quot;attributes&quot;:{&quot;bold&quot;:true},&quot;insert&quot;:&quot;Suede&quot;},{&quot;insert&quot;:&quot;, iconos de los noventa y ganadores del Premio Mercury, presentan su d\u00e9cimo \u00e1lbum &quot;},{&quot;attributes&quot;:{&quot;italic&quot;:true},&quot;insert&quot;:&quot;Antidepressants&quot;},{&quot;insert&quot;:&quot;. Con un directo explosivo y el carisma de Brett Anderson, aterrizan en el Parc del F\u00f2rum para demostrarnos que vuelven con m\u00e1s fuerza que nunca.&quot;}]\" data-inline-monday=\"true\">Los brit\u00e1nicos <strong>Suede<\/strong>, iconos de los noventa y ganadores del Premio Mercury, presentan su d\u00e9cimo \u00e1lbum <em>Antidepressants<\/em>. Con un directo explosivo y el carisma de Brett Anderson, aterrizan en el Parc del F\u00f2rum para demostrarnos que vuelven con m\u00e1s fuerza que nunca.<\/p>\n<p style=\"text-align: center;\"><div class=\"flex-video   widescreen\"><iframe loading=\"lazy\" width=\"420\" height=\"315\" src=\"\/\/www.youtube.com\/embed\/xqovGKdgAXY\" allowfullscreen=\"true\"><\/iframe><\/div><\/p>\n<p>Y de la escena internacional a la local.<strong> Mishima<\/strong> debutar\u00e1n por primera vez en el Festival Cru\u00eflla con un concierto que repasar\u00e1 un repertorio que ya es historia de la m\u00fasica en catal\u00e1n. Les acompa\u00f1ar\u00e1 la autenticidad pop de <strong>Mazoni<\/strong> y la irreverencia de <strong>Ypnosi<\/strong>, la propuesta m\u00e1s joven de la noche, que llega con letras tr\u00e1gico-c\u00f3micas para actuar como un aut\u00e9ntico desfibrilador de nuestra cultura.<\/p>\n<p>No lo pienses m\u00e1s y vive una jornada hist\u00f3rica en el Parc del F\u00f2rum. Reencu\u00e9ntrate con los cl\u00e1sicos que te han acompa\u00f1ado siempre y d\u00e9jate sorprender por la energ\u00eda del nuevo rock catal\u00e1n.<\/p>\n<h3 style=\"text-align: center;\">\u00a1Nos vemos en el Festival Cru\u00eflla 2026!<\/h3>\n","protected":false},"excerpt":{"rendered":"Vuelven los cl\u00e1sicos en el Cru\u00eflla 2026 El jueves 9 de julio el Festival Cru\u00eflla llega cargado de cl\u00e1sicos internacionales y referentes de nuestra escena local. Una jornada para celebrar trayectorias m\u00edticas y la energ\u00eda de las nuevas generaciones. \u00a1Compra aqu\u00ed tu entrada para el jueves o tu abono de 3 o 4 d\u00edas! Pixies,&#8230; <a class=\"view-article\" href=\"https:\/\/www.cruillabarcelona.com\/es\/dijous-2026\/\">Ver art\u00edculo<\/a>","protected":false},"author":7,"featured_media":61956,"parent":0,"menu_order":0,"comment_status":"closed","ping_status":"closed","template":"page-templates\/page-landing.php","meta":{"_acf_changed":false,"footnotes":""},"class_list":["post-52255","page","type-page","status-publish","has-post-thumbnail","hentry"],"acf":[],"yoast_head":"<!-- This site is optimized with the Yoast SEO plugin v27.3 - https:\/\/yoast.com\/product\/yoast-seo-wordpress\/ -->\n<title>Jornada jueves 9 de julio - Festival Cru\u00eflla 2026<\/title>\n<meta name=\"description\" content=\"Programaci\u00f3n y venta de entradas para el jueves 9 de julio de 2026 en el Festival Cru\u00eflla. Pixies, Garbage, Suede, Mishima y muchos m\u00e1s.\" \/>\n<meta name=\"robots\" content=\"index, follow, max-snippet:-1, max-image-preview:large, max-video-preview:-1\" \/>\n<link rel=\"canonical\" href=\"https:\/\/www.cruillabarcelona.com\/es\/dijous-2026\/\" \/>\n<meta property=\"og:locale\" content=\"es_ES\" \/>\n<meta property=\"og:type\" content=\"article\" \/>\n<meta property=\"og:title\" content=\"Jornada jueves 9 de julio - Festival Cru\u00eflla 2026\" \/>\n<meta property=\"og:description\" content=\"Programaci\u00f3n y venta de entradas para el jueves 9 de julio de 2026 en el Festival Cru\u00eflla. Pixies, Garbage, Suede, Mishima y muchos m\u00e1s.\" \/>\n<meta property=\"og:url\" content=\"https:\/\/www.cruillabarcelona.com\/es\/dijous-2026\/\" \/>\n<meta property=\"og:site_name\" content=\"Festival Cru\u00eflla\" \/>\n<meta property=\"article:modified_time\" content=\"2026-03-10T12:25:21+00:00\" \/>\n<meta property=\"og:image\" content=\"https:\/\/www.cruillabarcelona.com\/wp-content\/uploads\/2026\/01\/Portada_LandingDijous_Desktop.jpg\" \/>\n\t<meta property=\"og:image:width\" content=\"2000\" \/>\n\t<meta property=\"og:image:height\" content=\"500\" \/>\n\t<meta property=\"og:image:type\" content=\"image\/jpeg\" \/>\n<meta name=\"twitter:card\" content=\"summary_large_image\" \/>\n<meta name=\"twitter:label1\" content=\"Tiempo de lectura\" \/>\n\t<meta name=\"twitter:data1\" content=\"3 minutos\" \/>\n<script type=\"application\/ld+json\" class=\"yoast-schema-graph\">{\"@context\":\"https:\\\/\\\/schema.org\",\"@graph\":[{\"@type\":\"WebPage\",\"@id\":\"https:\\\/\\\/www.cruillabarcelona.com\\\/es\\\/dijous-2026\\\/\",\"url\":\"https:\\\/\\\/www.cruillabarcelona.com\\\/es\\\/dijous-2026\\\/\",\"name\":\"Jornada jueves 9 de julio - Festival Cru\u00eflla 2026\",\"isPartOf\":{\"@id\":\"https:\\\/\\\/www.cruillabarcelona.com\\\/es\\\/#website\"},\"primaryImageOfPage\":{\"@id\":\"https:\\\/\\\/www.cruillabarcelona.com\\\/es\\\/dijous-2026\\\/#primaryimage\"},\"image\":{\"@id\":\"https:\\\/\\\/www.cruillabarcelona.com\\\/es\\\/dijous-2026\\\/#primaryimage\"},\"thumbnailUrl\":\"https:\\\/\\\/www.cruillabarcelona.com\\\/wp-content\\\/uploads\\\/2026\\\/01\\\/Portada_LandingDijous_Desktop.jpg\",\"datePublished\":\"2024-04-04T10:00:53+00:00\",\"dateModified\":\"2026-03-10T12:25:21+00:00\",\"description\":\"Programaci\u00f3n y venta de entradas para el jueves 9 de julio de 2026 en el Festival Cru\u00eflla. Pixies, Garbage, Suede, Mishima y muchos m\u00e1s.\",\"breadcrumb\":{\"@id\":\"https:\\\/\\\/www.cruillabarcelona.com\\\/es\\\/dijous-2026\\\/#breadcrumb\"},\"inLanguage\":\"es\",\"potentialAction\":[{\"@type\":\"ReadAction\",\"target\":[\"https:\\\/\\\/www.cruillabarcelona.com\\\/es\\\/dijous-2026\\\/\"]}]},{\"@type\":\"ImageObject\",\"inLanguage\":\"es\",\"@id\":\"https:\\\/\\\/www.cruillabarcelona.com\\\/es\\\/dijous-2026\\\/#primaryimage\",\"url\":\"https:\\\/\\\/www.cruillabarcelona.com\\\/wp-content\\\/uploads\\\/2026\\\/01\\\/Portada_LandingDijous_Desktop.jpg\",\"contentUrl\":\"https:\\\/\\\/www.cruillabarcelona.com\\\/wp-content\\\/uploads\\\/2026\\\/01\\\/Portada_LandingDijous_Desktop.jpg\",\"width\":2000,\"height\":500},{\"@type\":\"BreadcrumbList\",\"@id\":\"https:\\\/\\\/www.cruillabarcelona.com\\\/es\\\/dijous-2026\\\/#breadcrumb\",\"itemListElement\":[{\"@type\":\"ListItem\",\"position\":1,\"name\":\"Home\",\"item\":\"https:\\\/\\\/www.cruillabarcelona.com\\\/es\\\/\"},{\"@type\":\"ListItem\",\"position\":2,\"name\":\"Jueves 9 de julio &#8211; Festival Cru\u00eflla 2026\"}]},{\"@type\":\"WebSite\",\"@id\":\"https:\\\/\\\/www.cruillabarcelona.com\\\/es\\\/#website\",\"url\":\"https:\\\/\\\/www.cruillabarcelona.com\\\/es\\\/\",\"name\":\"Festival Cru\u00eflla\",\"description\":\"\",\"potentialAction\":[{\"@type\":\"SearchAction\",\"target\":{\"@type\":\"EntryPoint\",\"urlTemplate\":\"https:\\\/\\\/www.cruillabarcelona.com\\\/es\\\/?s={search_term_string}\"},\"query-input\":{\"@type\":\"PropertyValueSpecification\",\"valueRequired\":true,\"valueName\":\"search_term_string\"}}],\"inLanguage\":\"es\"}]}<\/script>\n<!-- \/ Yoast SEO plugin. -->","yoast_head_json":{"title":"Jornada jueves 9 de julio - Festival Cru\u00eflla 2026","description":"Programaci\u00f3n y venta de entradas para el jueves 9 de julio de 2026 en el Festival Cru\u00eflla. Pixies, Garbage, Suede, Mishima y muchos m\u00e1s.","robots":{"index":"index","follow":"follow","max-snippet":"max-snippet:-1","max-image-preview":"max-image-preview:large","max-video-preview":"max-video-preview:-1"},"canonical":"https:\/\/www.cruillabarcelona.com\/es\/dijous-2026\/","og_locale":"es_ES","og_type":"article","og_title":"Jornada jueves 9 de julio - Festival Cru\u00eflla 2026","og_description":"Programaci\u00f3n y venta de entradas para el jueves 9 de julio de 2026 en el Festival Cru\u00eflla. Pixies, Garbage, Suede, Mishima y muchos m\u00e1s.","og_url":"https:\/\/www.cruillabarcelona.com\/es\/dijous-2026\/","og_site_name":"Festival Cru\u00eflla","article_modified_time":"2026-03-10T12:25:21+00:00","og_image":[{"width":2000,"height":500,"url":"https:\/\/www.cruillabarcelona.com\/wp-content\/uploads\/2026\/01\/Portada_LandingDijous_Desktop.jpg","type":"image\/jpeg"}],"twitter_card":"summary_large_image","twitter_misc":{"Tiempo de lectura":"3 minutos"},"schema":{"@context":"https:\/\/schema.org","@graph":[{"@type":"WebPage","@id":"https:\/\/www.cruillabarcelona.com\/es\/dijous-2026\/","url":"https:\/\/www.cruillabarcelona.com\/es\/dijous-2026\/","name":"Jornada jueves 9 de julio - Festival Cru\u00eflla 2026","isPartOf":{"@id":"https:\/\/www.cruillabarcelona.com\/es\/#website"},"primaryImageOfPage":{"@id":"https:\/\/www.cruillabarcelona.com\/es\/dijous-2026\/#primaryimage"},"image":{"@id":"https:\/\/www.cruillabarcelona.com\/es\/dijous-2026\/#primaryimage"},"thumbnailUrl":"https:\/\/www.cruillabarcelona.com\/wp-content\/uploads\/2026\/01\/Portada_LandingDijous_Desktop.jpg","datePublished":"2024-04-04T10:00:53+00:00","dateModified":"2026-03-10T12:25:21+00:00","description":"Programaci\u00f3n y venta de entradas para el jueves 9 de julio de 2026 en el Festival Cru\u00eflla. Pixies, Garbage, Suede, Mishima y muchos m\u00e1s.","breadcrumb":{"@id":"https:\/\/www.cruillabarcelona.com\/es\/dijous-2026\/#breadcrumb"},"inLanguage":"es","potentialAction":[{"@type":"ReadAction","target":["https:\/\/www.cruillabarcelona.com\/es\/dijous-2026\/"]}]},{"@type":"ImageObject","inLanguage":"es","@id":"https:\/\/www.cruillabarcelona.com\/es\/dijous-2026\/#primaryimage","url":"https:\/\/www.cruillabarcelona.com\/wp-content\/uploads\/2026\/01\/Portada_LandingDijous_Desktop.jpg","contentUrl":"https:\/\/www.cruillabarcelona.com\/wp-content\/uploads\/2026\/01\/Portada_LandingDijous_Desktop.jpg","width":2000,"height":500},{"@type":"BreadcrumbList","@id":"https:\/\/www.cruillabarcelona.com\/es\/dijous-2026\/#breadcrumb","itemListElement":[{"@type":"ListItem","position":1,"name":"Home","item":"https:\/\/www.cruillabarcelona.com\/es\/"},{"@type":"ListItem","position":2,"name":"Jueves 9 de julio &#8211; Festival Cru\u00eflla 2026"}]},{"@type":"WebSite","@id":"https:\/\/www.cruillabarcelona.com\/es\/#website","url":"https:\/\/www.cruillabarcelona.com\/es\/","name":"Festival Cru\u00eflla","description":"","potentialAction":[{"@type":"SearchAction","target":{"@type":"EntryPoint","urlTemplate":"https:\/\/www.cruillabarcelona.com\/es\/?s={search_term_string}"},"query-input":{"@type":"PropertyValueSpecification","valueRequired":true,"valueName":"search_term_string"}}],"inLanguage":"es"}]}},"_links":{"self":[{"href":"https:\/\/www.cruillabarcelona.com\/es\/wp-json\/wp\/v2\/pages\/52255","targetHints":{"allow":["GET"]}}],"collection":[{"href":"https:\/\/www.cruillabarcelona.com\/es\/wp-json\/wp\/v2\/pages"}],"about":[{"href":"https:\/\/www.cruillabarcelona.com\/es\/wp-json\/wp\/v2\/types\/page"}],"author":[{"embeddable":true,"href":"https:\/\/www.cruillabarcelona.com\/es\/wp-json\/wp\/v2\/users\/7"}],"replies":[{"embeddable":true,"href":"https:\/\/www.cruillabarcelona.com\/es\/wp-json\/wp\/v2\/comments?post=52255"}],"version-history":[{"count":5,"href":"https:\/\/www.cruillabarcelona.com\/es\/wp-json\/wp\/v2\/pages\/52255\/revisions"}],"predecessor-version":[{"id":62462,"href":"https:\/\/www.cruillabarcelona.com\/es\/wp-json\/wp\/v2\/pages\/52255\/revisions\/62462"}],"wp:featuredmedia":[{"embeddable":true,"href":"https:\/\/www.cruillabarcelona.com\/es\/wp-json\/wp\/v2\/media\/61956"}],"wp:attachment":[{"href":"https:\/\/www.cruillabarcelona.com\/es\/wp-json\/wp\/v2\/media?parent=52255"}],"curies":[{"name":"wp","href":"https:\/\/api.w.org\/{rel}","templated":true}]}}