{"id":56192,"date":"2025-02-06T14:08:52","date_gmt":"2025-02-06T12:08:52","guid":{"rendered":"https:\/\/www.cruillabarcelona.com\/?page_id=56192"},"modified":"2026-03-10T14:14:02","modified_gmt":"2026-03-10T12:14:02","slug":"dimecres-2026","status":"publish","type":"page","link":"https:\/\/www.cruillabarcelona.com\/es\/dimecres-2026\/","title":{"rendered":"Mi\u00e9rcoles 8 de julio &#8211; Festival Cru\u00eflla 2026"},"content":{"rendered":"<h2 style=\"text-align: center;\">EL POP EST\u00c1 DE MODA EN EL FESTIVAL CRU\u00cfLLA 2026<\/h2>\n<p class=\"monday-block-1\" contenteditable=\"true\" data-monday-block-type=\"1\" data-monday-block-content=\"[{&quot;insert&quot;:&quot;La jornada inaugural del &quot;},{&quot;attributes&quot;:{&quot;bold&quot;:true},&quot;insert&quot;:&quot;Festival Cru\u00eflla 2026&quot;},{&quot;insert&quot;:&quot; llega cargada de talento internacional imprescindible. El &quot;},{&quot;attributes&quot;:{&quot;bold&quot;:true},&quot;insert&quot;:&quot;mi\u00e9rcoles 8 de julio&quot;},{&quot;insert&quot;:&quot;, el Parc del F\u00f2rum se convertir\u00e1 en el epicentro del pop.&quot;}]\" data-inline-monday=\"true\">La jornada inaugural del <strong>Festival Cru\u00eflla 2026<\/strong> llega cargada de talento internacional imprescindible. El <strong>mi\u00e9rcoles 8 de julio<\/strong>, el Parc del F\u00f2rum se convertir\u00e1 en el epicentro del pop.<\/p>\n<p><img loading=\"lazy\" decoding=\"async\" class=\"aligncenter wp-image-62440 \" src=\"https:\/\/www.cruillabarcelona.com\/wp-content\/uploads\/2026\/03\/Dimecres_ES.png\" alt=\"Landing mi\u00e9rcoles Festivcal Cru\u00eflla 2026\" width=\"944\" height=\"472\" srcset=\"https:\/\/www.cruillabarcelona.com\/wp-content\/uploads\/2026\/03\/Dimecres_ES.png 1200w, https:\/\/www.cruillabarcelona.com\/wp-content\/uploads\/2026\/03\/Dimecres_ES-1024x512.png 1024w, https:\/\/www.cruillabarcelona.com\/wp-content\/uploads\/2026\/03\/Dimecres_ES-768x384.png 768w, https:\/\/www.cruillabarcelona.com\/wp-content\/uploads\/2026\/03\/Dimecres_ES-300x150.png 300w\" sizes=\"auto, (max-width: 944px) 100vw, 944px\" \/><\/p>\n<p style=\"text-align: center;\"><em><b>\u00a1Compra aqu\u00ed tu entrada para el mi\u00e9rcoles o tu abono de 4 d\u00edas!<\/b><\/em><\/p>\n<p style=\"text-align: center;\"><a class=\"button round    large\" href=\"https:\/\/tickets.oneboxtds.com\/cruilla\/select\/2556128?hl=ca-ES\"  target=\"_blank\"><i class=\"glyphicon fi-ticket\"><\/i> ENTRADA MI\u00c9RCOLES<\/a><\/p>\n<p style=\"text-align: center;\"><a class=\"button round    large\" href=\"https:\/\/tickets.oneboxtds.com\/cruilla\/select\/2556132?hl=ca-ES\"  target=\"_blank\"><i class=\"glyphicon fi-ticket\"><\/i> ABONO 4 D\u00cdAS<\/a><\/p>\n<p style=\"text-align: center;\">Si es un grupo de 10 o m\u00e1s personas, puede beneficiarse del <a href=\"https:\/\/www.cruillabarcelona.com\/es\/tiquet-grupos\/\">Tiquet Grupo<\/a> para conseguir un descuento del 15%.<\/p>\n<p class=\"monday-block-1\" contenteditable=\"true\" data-monday-block-type=\"1\" data-monday-block-content=\"[{&quot;attributes&quot;:{&quot;sanitizedSize&quot;:&quot;32px&quot;,&quot;color&quot;:&quot;#000000&quot;},&quot;insert&quot;:&quot;Diez a\u00f1os despu\u00e9s del ic\u00f3nico\u00a0&quot;},{&quot;attributes&quot;:{&quot;color&quot;:&quot;#000000&quot;},&quot;insert&quot;:&quot;'&quot;},{&quot;attributes&quot;:{&quot;color&quot;:&quot;#000000&quot;,&quot;bold&quot;:true},&quot;insert&quot;:&quot;Badlands'&quot;},{&quot;attributes&quot;:{&quot;color&quot;:&quot;#000000&quot;,&quot;sanitizedSize&quot;:&quot;32px&quot;},&quot;insert&quot;:&quot;\u00a0(2015), &quot;},{&quot;attributes&quot;:{&quot;color&quot;:&quot;#000000&quot;,&quot;sanitizedSize&quot;:&quot;32px&quot;,&quot;bold&quot;:true},&quot;insert&quot;:&quot;Halsey&quot;},{&quot;attributes&quot;:{&quot;color&quot;:&quot;#000000&quot;,&quot;sanitizedSize&quot;:&quot;32px&quot;},&quot;insert&quot;:&quot; vuelve a Barcelona en su momento m\u00e1s rompedor. Con m\u00e1s de 50.000 millones de reproducciones y un sonido que redefini\u00f3 el alternative pop, la artista estrena nueva etapa musical en el Festival Cru\u00eflla sin olvidar \u00e9xitos como &quot;},{&quot;attributes&quot;:{&quot;color&quot;:&quot;#000000&quot;,&quot;sanitizedSize&quot;:&quot;32px&quot;,&quot;bold&quot;:true},&quot;insert&quot;:&quot;\u201cColors\u201d&quot;},{&quot;attributes&quot;:{&quot;color&quot;:&quot;#000000&quot;,&quot;sanitizedSize&quot;:&quot;32px&quot;},&quot;insert&quot;:&quot; o &quot;},{&quot;attributes&quot;:{&quot;color&quot;:&quot;#000000&quot;,&quot;sanitizedSize&quot;:&quot;32px&quot;,&quot;bold&quot;:true},&quot;insert&quot;:&quot;\u201cWithout me\u201d&quot;},{&quot;attributes&quot;:{&quot;color&quot;:&quot;#000000&quot;,&quot;sanitizedSize&quot;:&quot;32px&quot;},&quot;insert&quot;:&quot;.&quot;}]\" data-inline-monday=\"true\">Diez a\u00f1os despu\u00e9s del ic\u00f3nico\u00a0&#8216;<strong>Badlands&#8217;<\/strong>\u00a0(2015), <strong>Halsey<\/strong> vuelve a Barcelona en su momento m\u00e1s rompedor. Con m\u00e1s de 50.000 millones de reproducciones y un sonido que redefini\u00f3 el alternative pop, la artista estrena nueva etapa musical en el Festival Cru\u00eflla sin olvidar \u00e9xitos como <strong>\u201cColors\u201d<\/strong> o <strong>\u201cWithout me\u201d<\/strong>.<\/p>\n<p style=\"text-align: center;\"><div class=\"flex-video   widescreen\"><iframe loading=\"lazy\" width=\"420\" height=\"315\" src=\"\/\/www.youtube.com\/embed\/ZAfAud_M_mg\" allowfullscreen=\"true\"><\/iframe><\/div><\/p>\n<p class=\"monday-block-1\" contenteditable=\"true\" data-monday-block-type=\"1\" data-monday-block-content=\"[{&quot;attributes&quot;:{&quot;sanitizedSize&quot;:&quot;32px&quot;,&quot;color&quot;:&quot;#000000&quot;},&quot;insert&quot;:&quot;La estrella de Broadway y protagonista del musical\u00a0&quot;},{&quot;attributes&quot;:{&quot;color&quot;:&quot;#000000&quot;,&quot;italic&quot;:true},&quot;insert&quot;:&quot;Mean Girls&quot;},{&quot;attributes&quot;:{&quot;color&quot;:&quot;#000000&quot;,&quot;sanitizedSize&quot;:&quot;32px&quot;},&quot;insert&quot;:&quot;\u00a0llega por primera vez a Espa\u00f1a y lo hace por la puerta grande. &quot;},{&quot;attributes&quot;:{&quot;color&quot;:&quot;#000000&quot;,&quot;sanitizedSize&quot;:&quot;32px&quot;,&quot;bold&quot;:true},&quot;insert&quot;:&quot;Rene\u00e9 Rapp&quot;},{&quot;attributes&quot;:{&quot;color&quot;:&quot;#000000&quot;,&quot;sanitizedSize&quot;:&quot;32px&quot;},&quot;insert&quot;:&quot; deja atr\u00e1s la pantalla para ofrecernos un concierto \u00fanico con una actitud arrolladora y canciones que ya funcionan como himnos. \u00a1Vive el fen\u00f3meno en directo!&quot;}]\" data-inline-monday=\"true\">La estrella de Broadway y protagonista del musical\u00a0<em>Mean Girls<\/em>\u00a0llega por primera vez a Espa\u00f1a y lo hace por la puerta grande. <strong>Rene\u00e9 Rapp<\/strong> deja atr\u00e1s la pantalla para ofrecernos un concierto \u00fanico con una actitud arrolladora y canciones que ya funcionan como himnos. \u00a1Vive el fen\u00f3meno en directo!<\/p>\n<p style=\"text-align: center;\"><div class=\"flex-video   widescreen\"><iframe loading=\"lazy\" width=\"420\" height=\"315\" src=\"\/\/www.youtube.com\/embed\/YxChYZwOPK0\" allowfullscreen=\"true\"><\/iframe><\/div><\/p>\n<p class=\"monday-block-1\" contenteditable=\"true\" data-monday-block-type=\"1\" data-monday-block-content=\"[{&quot;attributes&quot;:{&quot;sanitizedSize&quot;:&quot;32px&quot;,&quot;color&quot;:&quot;#000000&quot;},&quot;insert&quot;:&quot;El universo de &quot;},{&quot;attributes&quot;:{&quot;sanitizedSize&quot;:&quot;32px&quot;,&quot;color&quot;:&quot;#000000&quot;,&quot;bold&quot;:true},&quot;insert&quot;:&quot;Sen Senra&quot;},{&quot;attributes&quot;:{&quot;sanitizedSize&quot;:&quot;32px&quot;,&quot;color&quot;:&quot;#000000&quot;},&quot;insert&quot;:&quot; aterriza en &quot;},{&quot;attributes&quot;:{&quot;color&quot;:&quot;#000000&quot;},&quot;insert&quot;:&quot;el &quot;},{&quot;attributes&quot;:{&quot;color&quot;:&quot;#000000&quot;,&quot;bold&quot;:true},&quot;insert&quot;:&quot;Festival &quot;},{&quot;attributes&quot;:{&quot;color&quot;:&quot;#000000&quot;,&quot;bold&quot;:true,&quot;sanitizedSize&quot;:&quot;32px&quot;},&quot;insert&quot;:&quot;Cru\u00eflla&quot;},{&quot;attributes&quot;:{&quot;color&quot;:&quot;#000000&quot;,&quot;sanitizedSize&quot;:&quot;32px&quot;},&quot;insert&quot;:&quot; para demostrar por qu\u00e9 se ha convertido en uno de los artistas m\u00e1s hipn\u00f3ticos del panorama actual. Con un sonido contempor\u00e1neo lleno de car\u00e1cter y una identidad \u00fanica que atrapa desde la primera nota, el gallego ofrecer\u00e1 uno de los directos m\u00e1s magn\u00e9ticos de esta edici\u00f3n.&quot;}]\" data-inline-monday=\"true\">El universo de <strong>Sen Senra<\/strong> aterriza en el <strong>Festival <\/strong><strong>Cru\u00eflla<\/strong> para demostrar por qu\u00e9 se ha convertido en uno de los artistas m\u00e1s hipn\u00f3ticos del panorama actual. Con un sonido contempor\u00e1neo lleno de car\u00e1cter y una identidad \u00fanica que atrapa desde la primera nota, el gallego ofrecer\u00e1 uno de los directos m\u00e1s magn\u00e9ticos de esta edici\u00f3n.<\/p>\n<p style=\"text-align: center;\"><div class=\"flex-video   widescreen\"><iframe loading=\"lazy\" width=\"420\" height=\"315\" src=\"\/\/www.youtube.com\/embed\/7qNrl7Zxs54\" allowfullscreen=\"true\"><\/iframe><\/div><\/p>\n<p class=\"monday-block-1\" contenteditable=\"true\" data-monday-block-type=\"1\" data-monday-block-content=\"[{&quot;insert&quot;:&quot;Adem\u00e1s, con tu entrada del &quot;},{&quot;attributes&quot;:{&quot;bold&quot;:true},&quot;insert&quot;:&quot;mi\u00e9rcoles&quot;},{&quot;insert&quot;:&quot; o el &quot;},{&quot;attributes&quot;:{&quot;bold&quot;:true},&quot;insert&quot;:&quot;abono de 4 d\u00edas&quot;},{&quot;insert&quot;:&quot; tambi\u00e9n podr\u00e1s ver a &quot;},{&quot;attributes&quot;:{&quot;bold&quot;:true},&quot;insert&quot;:&quot;Sigrid&quot;},{&quot;insert&quot;:&quot;, una de las voces m\u00e1s prometedoras del pop actual; &quot;},{&quot;attributes&quot;:{&quot;bold&quot;:true},&quot;insert&quot;:&quot;Yami Safdie&quot;},{&quot;insert&quot;:&quot;, la cantautora argentina que se ha posicionado con temas como \u201c&quot;},{&quot;attributes&quot;:{&quot;bold&quot;:true},&quot;insert&quot;:&quot;Querida Yo&quot;},{&quot;insert&quot;:&quot;\u201d; Sadie Jean con su bedroom pop, y tambi\u00e9n a Joaquina, Bacilos, Xicu y Greta.&quot;}]\" data-inline-monday=\"true\">Adem\u00e1s, con tu entrada del <strong>mi\u00e9rcoles<\/strong> o el <strong>abono de 4 d\u00edas<\/strong> tambi\u00e9n podr\u00e1s ver a <strong>Sigrid<\/strong>, una de las voces m\u00e1s prometedoras del pop actual; <strong>Yami Safdie<\/strong>, la cantautora argentina que se ha posicionado con temas como \u201c<strong>Querida Yo<\/strong>\u201d; Sadie Jean con su bedroom pop, y tambi\u00e9n a Joaquina, Bacilos, Xicu y Greta.<\/p>\n<h3 style=\"text-align: center;\">\u00a1Nos vemos en el Festival Cru\u00eflla 2026!<\/h3>\n","protected":false},"excerpt":{"rendered":"EL POP EST\u00c1 DE MODA EN EL FESTIVAL CRU\u00cfLLA 2026 La jornada inaugural del Festival Cru\u00eflla 2026 llega cargada de talento internacional imprescindible. El mi\u00e9rcoles 8 de julio, el Parc del F\u00f2rum se convertir\u00e1 en el epicentro del pop. \u00a1Compra aqu\u00ed tu entrada para el mi\u00e9rcoles o tu abono de 4 d\u00edas! Si es un&#8230; <a class=\"view-article\" href=\"https:\/\/www.cruillabarcelona.com\/es\/dimecres-2026\/\">Ver art\u00edculo<\/a>","protected":false},"author":25,"featured_media":61895,"parent":0,"menu_order":0,"comment_status":"closed","ping_status":"closed","template":"page-templates\/page-landing.php","meta":{"_acf_changed":false,"footnotes":""},"class_list":["post-56192","page","type-page","status-publish","has-post-thumbnail","hentry"],"acf":[],"yoast_head":"<!-- This site is optimized with the Yoast SEO plugin v27.3 - https:\/\/yoast.com\/product\/yoast-seo-wordpress\/ -->\n<title>Mi\u00e9rcoles 8 de julio - Festival Cru\u00eflla 2026<\/title>\n<meta name=\"description\" content=\"Compra tu entrada para el 8 de julio al Festival Cru\u00eflla y no te pierdas los conciertos de Halsey, Rene\u00e9 Rapp, Sen Senra \u00a1y muchos m\u00e1s!\" \/>\n<meta name=\"robots\" content=\"index, follow, max-snippet:-1, max-image-preview:large, max-video-preview:-1\" \/>\n<link rel=\"canonical\" href=\"https:\/\/www.cruillabarcelona.com\/es\/dimecres-2026\/\" \/>\n<meta property=\"og:locale\" content=\"es_ES\" \/>\n<meta property=\"og:type\" content=\"article\" \/>\n<meta property=\"og:title\" content=\"Mi\u00e9rcoles 8 de julio - Festival Cru\u00eflla 2026\" \/>\n<meta property=\"og:description\" content=\"Compra tu entrada para el 8 de julio al Festival Cru\u00eflla y no te pierdas los conciertos de Halsey, Rene\u00e9 Rapp, Sen Senra \u00a1y muchos m\u00e1s!\" \/>\n<meta property=\"og:url\" content=\"https:\/\/www.cruillabarcelona.com\/es\/dimecres-2026\/\" \/>\n<meta property=\"og:site_name\" content=\"Festival Cru\u00eflla\" \/>\n<meta property=\"article:modified_time\" content=\"2026-03-10T12:14:02+00:00\" \/>\n<meta property=\"og:image\" content=\"https:\/\/www.cruillabarcelona.com\/wp-content\/uploads\/2026\/01\/Portada_LandingDimecres.png\" \/>\n\t<meta property=\"og:image:width\" content=\"2000\" \/>\n\t<meta property=\"og:image:height\" content=\"500\" \/>\n\t<meta property=\"og:image:type\" content=\"image\/png\" \/>\n<meta name=\"twitter:card\" content=\"summary_large_image\" \/>\n<meta name=\"twitter:label1\" content=\"Tiempo de lectura\" \/>\n\t<meta name=\"twitter:data1\" content=\"3 minutos\" \/>\n<script type=\"application\/ld+json\" class=\"yoast-schema-graph\">{\"@context\":\"https:\\\/\\\/schema.org\",\"@graph\":[{\"@type\":\"WebPage\",\"@id\":\"https:\\\/\\\/www.cruillabarcelona.com\\\/es\\\/dimecres-2026\\\/\",\"url\":\"https:\\\/\\\/www.cruillabarcelona.com\\\/es\\\/dimecres-2026\\\/\",\"name\":\"Mi\u00e9rcoles 8 de julio - Festival Cru\u00eflla 2026\",\"isPartOf\":{\"@id\":\"https:\\\/\\\/www.cruillabarcelona.com\\\/es\\\/#website\"},\"primaryImageOfPage\":{\"@id\":\"https:\\\/\\\/www.cruillabarcelona.com\\\/es\\\/dimecres-2026\\\/#primaryimage\"},\"image\":{\"@id\":\"https:\\\/\\\/www.cruillabarcelona.com\\\/es\\\/dimecres-2026\\\/#primaryimage\"},\"thumbnailUrl\":\"https:\\\/\\\/www.cruillabarcelona.com\\\/wp-content\\\/uploads\\\/2026\\\/01\\\/Portada_LandingDimecres.png\",\"datePublished\":\"2025-02-06T12:08:52+00:00\",\"dateModified\":\"2026-03-10T12:14:02+00:00\",\"description\":\"Compra tu entrada para el 8 de julio al Festival Cru\u00eflla y no te pierdas los conciertos de Halsey, Rene\u00e9 Rapp, Sen Senra \u00a1y muchos m\u00e1s!\",\"breadcrumb\":{\"@id\":\"https:\\\/\\\/www.cruillabarcelona.com\\\/es\\\/dimecres-2026\\\/#breadcrumb\"},\"inLanguage\":\"es\",\"potentialAction\":[{\"@type\":\"ReadAction\",\"target\":[\"https:\\\/\\\/www.cruillabarcelona.com\\\/es\\\/dimecres-2026\\\/\"]}]},{\"@type\":\"ImageObject\",\"inLanguage\":\"es\",\"@id\":\"https:\\\/\\\/www.cruillabarcelona.com\\\/es\\\/dimecres-2026\\\/#primaryimage\",\"url\":\"https:\\\/\\\/www.cruillabarcelona.com\\\/wp-content\\\/uploads\\\/2026\\\/01\\\/Portada_LandingDimecres.png\",\"contentUrl\":\"https:\\\/\\\/www.cruillabarcelona.com\\\/wp-content\\\/uploads\\\/2026\\\/01\\\/Portada_LandingDimecres.png\",\"width\":2000,\"height\":500},{\"@type\":\"BreadcrumbList\",\"@id\":\"https:\\\/\\\/www.cruillabarcelona.com\\\/es\\\/dimecres-2026\\\/#breadcrumb\",\"itemListElement\":[{\"@type\":\"ListItem\",\"position\":1,\"name\":\"Home\",\"item\":\"https:\\\/\\\/www.cruillabarcelona.com\\\/es\\\/\"},{\"@type\":\"ListItem\",\"position\":2,\"name\":\"Mi\u00e9rcoles 8 de julio &#8211; Festival Cru\u00eflla 2026\"}]},{\"@type\":\"WebSite\",\"@id\":\"https:\\\/\\\/www.cruillabarcelona.com\\\/es\\\/#website\",\"url\":\"https:\\\/\\\/www.cruillabarcelona.com\\\/es\\\/\",\"name\":\"Festival Cru\u00eflla\",\"description\":\"\",\"potentialAction\":[{\"@type\":\"SearchAction\",\"target\":{\"@type\":\"EntryPoint\",\"urlTemplate\":\"https:\\\/\\\/www.cruillabarcelona.com\\\/es\\\/?s={search_term_string}\"},\"query-input\":{\"@type\":\"PropertyValueSpecification\",\"valueRequired\":true,\"valueName\":\"search_term_string\"}}],\"inLanguage\":\"es\"}]}<\/script>\n<!-- \/ Yoast SEO plugin. -->","yoast_head_json":{"title":"Mi\u00e9rcoles 8 de julio - Festival Cru\u00eflla 2026","description":"Compra tu entrada para el 8 de julio al Festival Cru\u00eflla y no te pierdas los conciertos de Halsey, Rene\u00e9 Rapp, Sen Senra \u00a1y muchos m\u00e1s!","robots":{"index":"index","follow":"follow","max-snippet":"max-snippet:-1","max-image-preview":"max-image-preview:large","max-video-preview":"max-video-preview:-1"},"canonical":"https:\/\/www.cruillabarcelona.com\/es\/dimecres-2026\/","og_locale":"es_ES","og_type":"article","og_title":"Mi\u00e9rcoles 8 de julio - Festival Cru\u00eflla 2026","og_description":"Compra tu entrada para el 8 de julio al Festival Cru\u00eflla y no te pierdas los conciertos de Halsey, Rene\u00e9 Rapp, Sen Senra \u00a1y muchos m\u00e1s!","og_url":"https:\/\/www.cruillabarcelona.com\/es\/dimecres-2026\/","og_site_name":"Festival Cru\u00eflla","article_modified_time":"2026-03-10T12:14:02+00:00","og_image":[{"width":2000,"height":500,"url":"https:\/\/www.cruillabarcelona.com\/wp-content\/uploads\/2026\/01\/Portada_LandingDimecres.png","type":"image\/png"}],"twitter_card":"summary_large_image","twitter_misc":{"Tiempo de lectura":"3 minutos"},"schema":{"@context":"https:\/\/schema.org","@graph":[{"@type":"WebPage","@id":"https:\/\/www.cruillabarcelona.com\/es\/dimecres-2026\/","url":"https:\/\/www.cruillabarcelona.com\/es\/dimecres-2026\/","name":"Mi\u00e9rcoles 8 de julio - Festival Cru\u00eflla 2026","isPartOf":{"@id":"https:\/\/www.cruillabarcelona.com\/es\/#website"},"primaryImageOfPage":{"@id":"https:\/\/www.cruillabarcelona.com\/es\/dimecres-2026\/#primaryimage"},"image":{"@id":"https:\/\/www.cruillabarcelona.com\/es\/dimecres-2026\/#primaryimage"},"thumbnailUrl":"https:\/\/www.cruillabarcelona.com\/wp-content\/uploads\/2026\/01\/Portada_LandingDimecres.png","datePublished":"2025-02-06T12:08:52+00:00","dateModified":"2026-03-10T12:14:02+00:00","description":"Compra tu entrada para el 8 de julio al Festival Cru\u00eflla y no te pierdas los conciertos de Halsey, Rene\u00e9 Rapp, Sen Senra \u00a1y muchos m\u00e1s!","breadcrumb":{"@id":"https:\/\/www.cruillabarcelona.com\/es\/dimecres-2026\/#breadcrumb"},"inLanguage":"es","potentialAction":[{"@type":"ReadAction","target":["https:\/\/www.cruillabarcelona.com\/es\/dimecres-2026\/"]}]},{"@type":"ImageObject","inLanguage":"es","@id":"https:\/\/www.cruillabarcelona.com\/es\/dimecres-2026\/#primaryimage","url":"https:\/\/www.cruillabarcelona.com\/wp-content\/uploads\/2026\/01\/Portada_LandingDimecres.png","contentUrl":"https:\/\/www.cruillabarcelona.com\/wp-content\/uploads\/2026\/01\/Portada_LandingDimecres.png","width":2000,"height":500},{"@type":"BreadcrumbList","@id":"https:\/\/www.cruillabarcelona.com\/es\/dimecres-2026\/#breadcrumb","itemListElement":[{"@type":"ListItem","position":1,"name":"Home","item":"https:\/\/www.cruillabarcelona.com\/es\/"},{"@type":"ListItem","position":2,"name":"Mi\u00e9rcoles 8 de julio &#8211; Festival Cru\u00eflla 2026"}]},{"@type":"WebSite","@id":"https:\/\/www.cruillabarcelona.com\/es\/#website","url":"https:\/\/www.cruillabarcelona.com\/es\/","name":"Festival Cru\u00eflla","description":"","potentialAction":[{"@type":"SearchAction","target":{"@type":"EntryPoint","urlTemplate":"https:\/\/www.cruillabarcelona.com\/es\/?s={search_term_string}"},"query-input":{"@type":"PropertyValueSpecification","valueRequired":true,"valueName":"search_term_string"}}],"inLanguage":"es"}]}},"_links":{"self":[{"href":"https:\/\/www.cruillabarcelona.com\/es\/wp-json\/wp\/v2\/pages\/56192","targetHints":{"allow":["GET"]}}],"collection":[{"href":"https:\/\/www.cruillabarcelona.com\/es\/wp-json\/wp\/v2\/pages"}],"about":[{"href":"https:\/\/www.cruillabarcelona.com\/es\/wp-json\/wp\/v2\/types\/page"}],"author":[{"embeddable":true,"href":"https:\/\/www.cruillabarcelona.com\/es\/wp-json\/wp\/v2\/users\/25"}],"replies":[{"embeddable":true,"href":"https:\/\/www.cruillabarcelona.com\/es\/wp-json\/wp\/v2\/comments?post=56192"}],"version-history":[{"count":5,"href":"https:\/\/www.cruillabarcelona.com\/es\/wp-json\/wp\/v2\/pages\/56192\/revisions"}],"predecessor-version":[{"id":56991,"href":"https:\/\/www.cruillabarcelona.com\/es\/wp-json\/wp\/v2\/pages\/56192\/revisions\/56991"}],"wp:featuredmedia":[{"embeddable":true,"href":"https:\/\/www.cruillabarcelona.com\/es\/wp-json\/wp\/v2\/media\/61895"}],"wp:attachment":[{"href":"https:\/\/www.cruillabarcelona.com\/es\/wp-json\/wp\/v2\/media?parent=56192"}],"curies":[{"name":"wp","href":"https:\/\/api.w.org\/{rel}","templated":true}]}}