{"id":61230,"date":"2025-11-07T14:04:12","date_gmt":"2025-11-07T12:04:12","guid":{"rendered":"https:\/\/www.cruillabarcelona.com\/?page_id=61230"},"modified":"2025-11-07T14:04:12","modified_gmt":"2025-11-07T12:04:12","slug":"tiquet-grupos","status":"publish","type":"page","link":"https:\/\/www.cruillabarcelona.com\/es\/tiquet-grupos\/","title":{"rendered":"Tiquet Grupos"},"content":{"rendered":"<p>Si eres un grupo de<strong> 10 personas o m\u00e1s<\/strong> y todos quer\u00e9is venir al festival, \u00a1os ofrecemos un <strong>15% de descuento<\/strong> a cualquier tipo de entrada del <strong>Festival Cru\u00eflla!<\/strong><\/p>\n<p>Para aplicarlo:<\/p>\n<ol>\n<li>Primero id a la p\u00e1gina de compra de la entrada de d\u00eda o abono que os interese y seleccionad el n\u00famero de entradas que deseais (deben ser 10 o m\u00e1s).<\/li>\n<\/ol>\n<p><img loading=\"lazy\" decoding=\"async\" width=\"1600\" height=\"802\" class=\"size-full wp-image-61210 aligncenter\" src=\"https:\/\/www.cruillabarcelona.com\/wp-content\/uploads\/2025\/11\/WhatsApp-Image-2025-11-06-at-17.19.23.jpeg\" alt=\"\" srcset=\"https:\/\/www.cruillabarcelona.com\/wp-content\/uploads\/2025\/11\/WhatsApp-Image-2025-11-06-at-17.19.23.jpeg 1600w, https:\/\/www.cruillabarcelona.com\/wp-content\/uploads\/2025\/11\/WhatsApp-Image-2025-11-06-at-17.19.23-1024x513.jpeg 1024w, https:\/\/www.cruillabarcelona.com\/wp-content\/uploads\/2025\/11\/WhatsApp-Image-2025-11-06-at-17.19.23-768x385.jpeg 768w, https:\/\/www.cruillabarcelona.com\/wp-content\/uploads\/2025\/11\/WhatsApp-Image-2025-11-06-at-17.19.23-1536x770.jpeg 1536w, https:\/\/www.cruillabarcelona.com\/wp-content\/uploads\/2025\/11\/WhatsApp-Image-2025-11-06-at-17.19.23-300x150.jpeg 300w, https:\/\/www.cruillabarcelona.com\/wp-content\/uploads\/2025\/11\/WhatsApp-Image-2025-11-06-at-17.19.23-1500x752.jpeg 1500w\" sizes=\"auto, (max-width: 1600px) 100vw, 1600px\" \/><\/p>\n<p>2. Seleccionando 10 o + entradas, pod\u00e9is apretar en el bot\u00f3n \u00ab<strong>aplicar<\/strong>\u00bb de \u00ab\u00bftienes alguna promoci\u00f3n?\u00bb.<\/p>\n<p><img loading=\"lazy\" decoding=\"async\" width=\"616\" height=\"118\" class=\"alignnone size-full wp-image-61213\" src=\"https:\/\/www.cruillabarcelona.com\/wp-content\/uploads\/2025\/11\/WhatsApp-Image-2025-11-06-at-17.20.05.jpeg\" alt=\"\" srcset=\"https:\/\/www.cruillabarcelona.com\/wp-content\/uploads\/2025\/11\/WhatsApp-Image-2025-11-06-at-17.20.05.jpeg 616w, https:\/\/www.cruillabarcelona.com\/wp-content\/uploads\/2025\/11\/WhatsApp-Image-2025-11-06-at-17.20.05-300x57.jpeg 300w\" sizes=\"auto, (max-width: 616px) 100vw, 616px\" \/><\/p>\n<p>3. Aparecer\u00e1 este mensaje que indica que ten\u00e9is disponible un descuento para tener 10 o m\u00e1s entradas en la cesta.<\/p>\n<p><img loading=\"lazy\" decoding=\"async\" width=\"1600\" height=\"845\" class=\"alignnone size-full wp-image-61216\" src=\"https:\/\/www.cruillabarcelona.com\/wp-content\/uploads\/2025\/11\/WhatsApp-Image-2025-11-06-at-17.20.35.jpeg\" alt=\"\" srcset=\"https:\/\/www.cruillabarcelona.com\/wp-content\/uploads\/2025\/11\/WhatsApp-Image-2025-11-06-at-17.20.35.jpeg 1600w, https:\/\/www.cruillabarcelona.com\/wp-content\/uploads\/2025\/11\/WhatsApp-Image-2025-11-06-at-17.20.35-1024x541.jpeg 1024w, https:\/\/www.cruillabarcelona.com\/wp-content\/uploads\/2025\/11\/WhatsApp-Image-2025-11-06-at-17.20.35-768x406.jpeg 768w, https:\/\/www.cruillabarcelona.com\/wp-content\/uploads\/2025\/11\/WhatsApp-Image-2025-11-06-at-17.20.35-1536x811.jpeg 1536w, https:\/\/www.cruillabarcelona.com\/wp-content\/uploads\/2025\/11\/WhatsApp-Image-2025-11-06-at-17.20.35-300x158.jpeg 300w, https:\/\/www.cruillabarcelona.com\/wp-content\/uploads\/2025\/11\/WhatsApp-Image-2025-11-06-at-17.20.35-1500x792.jpeg 1500w\" sizes=\"auto, (max-width: 1600px) 100vw, 1600px\" \/><\/p>\n<p>4. Apretad en el bot\u00f3n \u00ab<strong>aplicar<\/strong>\u00bb y la promoci\u00f3n aparecer\u00e1 reflejada en vuestra cesta.<\/p>\n<p><img loading=\"lazy\" decoding=\"async\" width=\"1600\" height=\"828\" class=\"alignnone size-full wp-image-61219\" src=\"https:\/\/www.cruillabarcelona.com\/wp-content\/uploads\/2025\/11\/WhatsApp-Image-2025-11-06-at-17.21.08.jpeg\" alt=\"\" srcset=\"https:\/\/www.cruillabarcelona.com\/wp-content\/uploads\/2025\/11\/WhatsApp-Image-2025-11-06-at-17.21.08.jpeg 1600w, https:\/\/www.cruillabarcelona.com\/wp-content\/uploads\/2025\/11\/WhatsApp-Image-2025-11-06-at-17.21.08-1024x530.jpeg 1024w, https:\/\/www.cruillabarcelona.com\/wp-content\/uploads\/2025\/11\/WhatsApp-Image-2025-11-06-at-17.21.08-768x397.jpeg 768w, https:\/\/www.cruillabarcelona.com\/wp-content\/uploads\/2025\/11\/WhatsApp-Image-2025-11-06-at-17.21.08-1536x795.jpeg 1536w, https:\/\/www.cruillabarcelona.com\/wp-content\/uploads\/2025\/11\/WhatsApp-Image-2025-11-06-at-17.21.08-300x155.jpeg 300w, https:\/\/www.cruillabarcelona.com\/wp-content\/uploads\/2025\/11\/WhatsApp-Image-2025-11-06-at-17.21.08-1500x776.jpeg 1500w\" sizes=\"auto, (max-width: 1600px) 100vw, 1600px\" \/><\/p>\n<p>5. Una vez os asegur\u00e9is que es as\u00ed y que el descuento se ha aplicado, simplemente finalizad la compra y ya tendr\u00e9is vuestras entradas o abonos \u00a1para venir a disfrutar del Festival Cru\u00eflla con vuestra pandilla!<\/p>\n<p>&nbsp;<\/p>\n","protected":false},"excerpt":{"rendered":"Si eres un grupo de 10 personas o m\u00e1s y todos quer\u00e9is venir al festival, \u00a1os ofrecemos un 15% de descuento a cualquier tipo de entrada del Festival Cru\u00eflla! Para aplicarlo: Primero id a la p\u00e1gina de compra de la entrada de d\u00eda o abono que os interese y seleccionad el n\u00famero de entradas que&#8230; <a class=\"view-article\" href=\"https:\/\/www.cruillabarcelona.com\/es\/tiquet-grupos\/\">Ver art\u00edculo<\/a>","protected":false},"author":25,"featured_media":0,"parent":0,"menu_order":0,"comment_status":"closed","ping_status":"closed","template":"page-templates\/page-landing.php","meta":{"_acf_changed":false,"footnotes":""},"class_list":["post-61230","page","type-page","status-publish","hentry"],"acf":[],"yoast_head":"<!-- This site is optimized with the Yoast SEO plugin v27.3 - https:\/\/yoast.com\/product\/yoast-seo-wordpress\/ -->\n<title>Tiquet Grupos - Festival Cru\u00eflla<\/title>\n<meta name=\"robots\" content=\"index, follow, max-snippet:-1, max-image-preview:large, max-video-preview:-1\" \/>\n<link rel=\"canonical\" href=\"https:\/\/www.cruillabarcelona.com\/es\/tiquet-grupos\/\" \/>\n<meta property=\"og:locale\" content=\"es_ES\" \/>\n<meta property=\"og:type\" content=\"article\" \/>\n<meta property=\"og:title\" content=\"Tiquet Grupos - Festival Cru\u00eflla\" \/>\n<meta property=\"og:description\" content=\"Si eres un grupo de 10 personas o m\u00e1s y todos quer\u00e9is venir al festival, \u00a1os ofrecemos un 15% de descuento a cualquier tipo de entrada del Festival Cru\u00eflla! Para aplicarlo: Primero id a la p\u00e1gina de compra de la entrada de d\u00eda o abono que os interese y seleccionad el n\u00famero de entradas que... Ver art\u00edculo\" \/>\n<meta property=\"og:url\" content=\"https:\/\/www.cruillabarcelona.com\/es\/tiquet-grupos\/\" \/>\n<meta property=\"og:site_name\" content=\"Festival Cru\u00eflla\" \/>\n<meta property=\"og:image\" content=\"https:\/\/www.cruillabarcelona.com\/wp-content\/uploads\/2025\/11\/WhatsApp-Image-2025-11-06-at-17.19.23.jpeg\" \/>\n\t<meta property=\"og:image:width\" content=\"1600\" \/>\n\t<meta property=\"og:image:height\" content=\"802\" \/>\n\t<meta property=\"og:image:type\" content=\"image\/jpeg\" \/>\n<meta name=\"twitter:card\" content=\"summary_large_image\" \/>\n<meta name=\"twitter:label1\" content=\"Tiempo de lectura\" \/>\n\t<meta name=\"twitter:data1\" content=\"2 minutos\" \/>\n<script type=\"application\/ld+json\" class=\"yoast-schema-graph\">{\"@context\":\"https:\\\/\\\/schema.org\",\"@graph\":[{\"@type\":\"WebPage\",\"@id\":\"https:\\\/\\\/www.cruillabarcelona.com\\\/es\\\/tiquet-grupos\\\/\",\"url\":\"https:\\\/\\\/www.cruillabarcelona.com\\\/es\\\/tiquet-grupos\\\/\",\"name\":\"Tiquet Grupos - Festival Cru\u00eflla\",\"isPartOf\":{\"@id\":\"https:\\\/\\\/www.cruillabarcelona.com\\\/es\\\/#website\"},\"primaryImageOfPage\":{\"@id\":\"https:\\\/\\\/www.cruillabarcelona.com\\\/es\\\/tiquet-grupos\\\/#primaryimage\"},\"image\":{\"@id\":\"https:\\\/\\\/www.cruillabarcelona.com\\\/es\\\/tiquet-grupos\\\/#primaryimage\"},\"thumbnailUrl\":\"https:\\\/\\\/www.cruillabarcelona.com\\\/wp-content\\\/uploads\\\/2025\\\/11\\\/WhatsApp-Image-2025-11-06-at-17.19.23.jpeg\",\"datePublished\":\"2025-11-07T12:04:12+00:00\",\"breadcrumb\":{\"@id\":\"https:\\\/\\\/www.cruillabarcelona.com\\\/es\\\/tiquet-grupos\\\/#breadcrumb\"},\"inLanguage\":\"es\",\"potentialAction\":[{\"@type\":\"ReadAction\",\"target\":[\"https:\\\/\\\/www.cruillabarcelona.com\\\/es\\\/tiquet-grupos\\\/\"]}]},{\"@type\":\"ImageObject\",\"inLanguage\":\"es\",\"@id\":\"https:\\\/\\\/www.cruillabarcelona.com\\\/es\\\/tiquet-grupos\\\/#primaryimage\",\"url\":\"https:\\\/\\\/www.cruillabarcelona.com\\\/wp-content\\\/uploads\\\/2025\\\/11\\\/WhatsApp-Image-2025-11-06-at-17.19.23.jpeg\",\"contentUrl\":\"https:\\\/\\\/www.cruillabarcelona.com\\\/wp-content\\\/uploads\\\/2025\\\/11\\\/WhatsApp-Image-2025-11-06-at-17.19.23.jpeg\"},{\"@type\":\"BreadcrumbList\",\"@id\":\"https:\\\/\\\/www.cruillabarcelona.com\\\/es\\\/tiquet-grupos\\\/#breadcrumb\",\"itemListElement\":[{\"@type\":\"ListItem\",\"position\":1,\"name\":\"Home\",\"item\":\"https:\\\/\\\/www.cruillabarcelona.com\\\/es\\\/\"},{\"@type\":\"ListItem\",\"position\":2,\"name\":\"Tiquet Grupos\"}]},{\"@type\":\"WebSite\",\"@id\":\"https:\\\/\\\/www.cruillabarcelona.com\\\/es\\\/#website\",\"url\":\"https:\\\/\\\/www.cruillabarcelona.com\\\/es\\\/\",\"name\":\"Festival Cru\u00eflla\",\"description\":\"\",\"potentialAction\":[{\"@type\":\"SearchAction\",\"target\":{\"@type\":\"EntryPoint\",\"urlTemplate\":\"https:\\\/\\\/www.cruillabarcelona.com\\\/es\\\/?s={search_term_string}\"},\"query-input\":{\"@type\":\"PropertyValueSpecification\",\"valueRequired\":true,\"valueName\":\"search_term_string\"}}],\"inLanguage\":\"es\"}]}<\/script>\n<!-- \/ Yoast SEO plugin. -->","yoast_head_json":{"title":"Tiquet Grupos - Festival Cru\u00eflla","robots":{"index":"index","follow":"follow","max-snippet":"max-snippet:-1","max-image-preview":"max-image-preview:large","max-video-preview":"max-video-preview:-1"},"canonical":"https:\/\/www.cruillabarcelona.com\/es\/tiquet-grupos\/","og_locale":"es_ES","og_type":"article","og_title":"Tiquet Grupos - Festival Cru\u00eflla","og_description":"Si eres un grupo de 10 personas o m\u00e1s y todos quer\u00e9is venir al festival, \u00a1os ofrecemos un 15% de descuento a cualquier tipo de entrada del Festival Cru\u00eflla! Para aplicarlo: Primero id a la p\u00e1gina de compra de la entrada de d\u00eda o abono que os interese y seleccionad el n\u00famero de entradas que... Ver art\u00edculo","og_url":"https:\/\/www.cruillabarcelona.com\/es\/tiquet-grupos\/","og_site_name":"Festival Cru\u00eflla","og_image":[{"width":1600,"height":802,"url":"https:\/\/www.cruillabarcelona.com\/wp-content\/uploads\/2025\/11\/WhatsApp-Image-2025-11-06-at-17.19.23.jpeg","type":"image\/jpeg"}],"twitter_card":"summary_large_image","twitter_misc":{"Tiempo de lectura":"2 minutos"},"schema":{"@context":"https:\/\/schema.org","@graph":[{"@type":"WebPage","@id":"https:\/\/www.cruillabarcelona.com\/es\/tiquet-grupos\/","url":"https:\/\/www.cruillabarcelona.com\/es\/tiquet-grupos\/","name":"Tiquet Grupos - Festival Cru\u00eflla","isPartOf":{"@id":"https:\/\/www.cruillabarcelona.com\/es\/#website"},"primaryImageOfPage":{"@id":"https:\/\/www.cruillabarcelona.com\/es\/tiquet-grupos\/#primaryimage"},"image":{"@id":"https:\/\/www.cruillabarcelona.com\/es\/tiquet-grupos\/#primaryimage"},"thumbnailUrl":"https:\/\/www.cruillabarcelona.com\/wp-content\/uploads\/2025\/11\/WhatsApp-Image-2025-11-06-at-17.19.23.jpeg","datePublished":"2025-11-07T12:04:12+00:00","breadcrumb":{"@id":"https:\/\/www.cruillabarcelona.com\/es\/tiquet-grupos\/#breadcrumb"},"inLanguage":"es","potentialAction":[{"@type":"ReadAction","target":["https:\/\/www.cruillabarcelona.com\/es\/tiquet-grupos\/"]}]},{"@type":"ImageObject","inLanguage":"es","@id":"https:\/\/www.cruillabarcelona.com\/es\/tiquet-grupos\/#primaryimage","url":"https:\/\/www.cruillabarcelona.com\/wp-content\/uploads\/2025\/11\/WhatsApp-Image-2025-11-06-at-17.19.23.jpeg","contentUrl":"https:\/\/www.cruillabarcelona.com\/wp-content\/uploads\/2025\/11\/WhatsApp-Image-2025-11-06-at-17.19.23.jpeg"},{"@type":"BreadcrumbList","@id":"https:\/\/www.cruillabarcelona.com\/es\/tiquet-grupos\/#breadcrumb","itemListElement":[{"@type":"ListItem","position":1,"name":"Home","item":"https:\/\/www.cruillabarcelona.com\/es\/"},{"@type":"ListItem","position":2,"name":"Tiquet Grupos"}]},{"@type":"WebSite","@id":"https:\/\/www.cruillabarcelona.com\/es\/#website","url":"https:\/\/www.cruillabarcelona.com\/es\/","name":"Festival Cru\u00eflla","description":"","potentialAction":[{"@type":"SearchAction","target":{"@type":"EntryPoint","urlTemplate":"https:\/\/www.cruillabarcelona.com\/es\/?s={search_term_string}"},"query-input":{"@type":"PropertyValueSpecification","valueRequired":true,"valueName":"search_term_string"}}],"inLanguage":"es"}]}},"_links":{"self":[{"href":"https:\/\/www.cruillabarcelona.com\/es\/wp-json\/wp\/v2\/pages\/61230","targetHints":{"allow":["GET"]}}],"collection":[{"href":"https:\/\/www.cruillabarcelona.com\/es\/wp-json\/wp\/v2\/pages"}],"about":[{"href":"https:\/\/www.cruillabarcelona.com\/es\/wp-json\/wp\/v2\/types\/page"}],"author":[{"embeddable":true,"href":"https:\/\/www.cruillabarcelona.com\/es\/wp-json\/wp\/v2\/users\/25"}],"replies":[{"embeddable":true,"href":"https:\/\/www.cruillabarcelona.com\/es\/wp-json\/wp\/v2\/comments?post=61230"}],"version-history":[{"count":2,"href":"https:\/\/www.cruillabarcelona.com\/es\/wp-json\/wp\/v2\/pages\/61230\/revisions"}],"predecessor-version":[{"id":61235,"href":"https:\/\/www.cruillabarcelona.com\/es\/wp-json\/wp\/v2\/pages\/61230\/revisions\/61235"}],"wp:attachment":[{"href":"https:\/\/www.cruillabarcelona.com\/es\/wp-json\/wp\/v2\/media?parent=61230"}],"curies":[{"name":"wp","href":"https:\/\/api.w.org\/{rel}","templated":true}]}}