{"id":767,"date":"2016-11-29T12:18:26","date_gmt":"2016-11-29T12:18:26","guid":{"rendered":"https:\/\/www.cruillabarcelona.com\/politica-de-privacitat\/"},"modified":"2025-04-30T13:45:01","modified_gmt":"2025-04-30T11:45:01","slug":"politica-de-privacidad","status":"publish","type":"page","link":"https:\/\/www.cruillabarcelona.com\/es\/politica-de-privacidad\/","title":{"rendered":"Pol\u00edtica de privacidad"},"content":{"rendered":"<h3>POL\u00cdTICA DE PRIVACIDAD<\/h3>\n<p>Los datos personales facilitados por el usuario ser\u00e1n incorporados a ficheros responsabilidad de BARCELONA EVENTOS MUSICALES S.L.U. (En adelante, \u00abCRU\u00cfLLA BARCELONA\u00bb). El usuario, al facilitar sus datos y aceptar el tratamiento de las mismas por parte de CRU\u00cfLLA BARCELONA, acepta de forma expresa que dichos datos sean tratados de acuerdo con la presente pol\u00edtica de privacidad. El consentimiento del usuario es la base jur\u00eddica del tratamiento de sus datos personales. CRU\u00cfLLA BARCELONA no permite el registro de usuarios menores de 14 a\u00f1os.<\/p>\n<p>Los datos e informaci\u00f3n del contacto del responsable del tratamiento de los datos personales facilitados por el usuario son las siguientes:<\/p>\n<table class=\"t1\" cellspacing=\"0\" cellpadding=\"0\">\n<tbody>\n<tr>\n<td class=\"td1\" valign=\"top\">\n<p class=\"p1\"><b>Identidad del responsable <\/b><\/p>\n<\/td>\n<td class=\"td1\" valign=\"top\">\n<p class=\"p1\">BARCELONA EVENTS MUSICALS, S.L.U.<\/p>\n<\/td>\n<\/tr>\n<tr>\n<td class=\"td1\" valign=\"top\">\n<p class=\"p1\"><b>Direcci\u00f3n<\/b><\/p>\n<\/td>\n<td class=\"td1\" valign=\"top\">\n<p class=\"p1\">Calle de Pujades n\u00famero 77, 2\u00ba 7\u00ba, 08005 de Barcelona<\/p>\n<\/td>\n<\/tr>\n<tr>\n<td class=\"td1\" valign=\"top\">\n<p class=\"p1\"><b>Tel\u00e9fono<\/b><\/p>\n<\/td>\n<td class=\"td1\" valign=\"top\">\n<p class=\"p3\">937073343<\/p>\n<\/td>\n<\/tr>\n<tr>\n<td class=\"td1\" valign=\"top\">\n<p class=\"p1\"><b>E-mail<\/b><\/p>\n<\/td>\n<td class=\"td1\" valign=\"top\">\n<p class=\"p1\">festival@cruillabarcelona.com<\/p>\n<\/td>\n<\/tr>\n<tr>\n<td class=\"td1\" valign=\"top\">\n<p class=\"p1\"><b>Delegado de protecci\u00f3n de datos\u00a0<\/b><\/p>\n<\/td>\n<td class=\"td1\" valign=\"top\">\n<p class=\"p3\">**************<\/p>\n<\/td>\n<\/tr>\n<\/tbody>\n<\/table>\n<p>&nbsp;<\/p>\n<p>La finalidad del tratamiento de los datos personales facilitados es proporcionar al usuario el acceso a los contenidos en l\u00ednea de la web y atender sus solicitudes. El tratamiento de los datos personales es el estrictamente necesario para los fines siguientes y se llevar\u00e1 a cabo \u00fanicamente para las finalidades para las que se solicitan y se autorizan por el usuario:<\/p>\n<p>&#8211; Compra de entradas: La finalidad del tratamiento de los datos personales facilitados por el usuario durante el proceso de compra de entradas es \u00fanicamente la gesti\u00f3n del servicio de compra de entradas solicitado.<\/p>\n<p>&#8211; Env\u00edo de <em>newsletter<\/em> y SMS: La finalidad del tratamiento de los datos personales facilitados por el usuario es la gesti\u00f3n y env\u00edo de comunicaciones comerciales sobre productos, actividades, promociones y servicios de CRU\u00cfLLA BARCELONA y otra informaci\u00f3n relacionada con el mundo musical. CRU\u00cfLLA BARCELONA, con los datos facilitados, realizar\u00e1 perfiles espec\u00edficos de usuarios (por gustos musicales, poblaci\u00f3n, edad, n\u00famero de veces de asistencia al festival,&#8230;) para hacer un seguimiento de la relaci\u00f3n del usuario con el festival y optimizar el contenido de las comunicaciones, adapt\u00e1ndolas al perfil de cada usuario.<\/p>\n<p>El usuario es responsable de la veracidad y actualizaci\u00f3n de los datos facilitados, debiendo ser estos datos propias, reales y exactos. Los datos facilitados entender\u00e1n facilitados por su titular. El usuario ser\u00e1 el \u00fanico responsable de cualquier perjuicio, directo o indirecto, que pudiera ocasionar a cualquier persona debido a la facilitaci\u00f3n de los datos cuando \u00e9stos sean falsos, inexactos, incompletos, no actualizados, o relativas a otra persona.<\/p>\n<p>Los datos personales no ser\u00e1n cedidos ni transmitidos a terceros, ni a ning\u00fan tercer pa\u00eds u organizaci\u00f3n internacional.<\/p>\n<p>Los datos ser\u00e1n conservados mientras se mantenga la vigencia del consentimiento del titular de las mismas y durante todo el tiempo que dure la relaci\u00f3n comercial entre el usuario y CRU\u00cfLLA\u00a0 BARCELONA m\u00e1s un per\u00edodo adicional de cuatro a\u00f1os. Despu\u00e9s de este tiempo, los datos ser\u00e1n suprimidas<\/p>\n<p>El titular de los datos personales tiene derecho a solicitar al responsable del tratamiento el acceso a sus datos, su rectificaci\u00f3n o supresi\u00f3n, a solicitar la portabilidad de los datos, oponerse al tratamiento o solicitarlo su limitaci\u00f3n, y retirar el consentimiento prestado, sin que el ejercicio de estos derechos afecte la licitud del tratamiento basado en el consentimiento previo. Para el ejercicio de cualquiera de estos derechos, el usuario puede dirigir su solicitud por correo electr\u00f3nico a la direcci\u00f3n festival@cruillabarcelona.com o por escrito al domicilio situado en la calle de Pujades, n\u00famero 77, 2\u00ba 7\u00aa ., 08005 de Barcelona. El titular de los datos personales tambi\u00e9n puede presentar una reclamaci\u00f3n ante la Agencia Espa\u00f1ola de Protecci\u00f3n de Datos, como autoridad de control de protecci\u00f3n de datos.<\/p>\n<p>&nbsp;<\/p>\n<p>&nbsp;<\/p>\n","protected":false},"excerpt":{"rendered":"POL\u00cdTICA DE PRIVACIDAD Los datos personales facilitados por el usuario ser\u00e1n incorporados a ficheros responsabilidad de BARCELONA EVENTOS MUSICALES S.L.U. (En adelante, \u00abCRU\u00cfLLA BARCELONA\u00bb). El usuario, al facilitar sus datos y aceptar el tratamiento de las mismas por parte de CRU\u00cfLLA BARCELONA, acepta de forma expresa que dichos datos sean tratados de acuerdo con la&#8230; <a class=\"view-article\" href=\"https:\/\/www.cruillabarcelona.com\/es\/politica-de-privacidad\/\">Ver art\u00edculo<\/a>","protected":false},"author":1,"featured_media":0,"parent":0,"menu_order":0,"comment_status":"closed","ping_status":"closed","template":"page-templates\/page-full.php","meta":{"_acf_changed":false,"footnotes":""},"class_list":["post-767","page","type-page","status-publish","hentry"],"acf":[],"yoast_head":"<!-- This site is optimized with the Yoast SEO plugin v27.3 - https:\/\/yoast.com\/product\/yoast-seo-wordpress\/ -->\n<title>Pol\u00edtica de privacidad del Festival Cru\u00eflla de Barcelona<\/title>\n<meta name=\"description\" content=\"Descubre todos los detalles de la pol\u00edtica de privacidad del Festival Cru\u00eflla, que se celebra cada verano en el Parc del F\u00f2rum de la ciudad de Barcelona.\" \/>\n<meta name=\"robots\" content=\"index, follow, max-snippet:-1, max-image-preview:large, max-video-preview:-1\" \/>\n<link rel=\"canonical\" href=\"https:\/\/www.cruillabarcelona.com\/es\/politica-de-privacidad\/\" \/>\n<meta property=\"og:locale\" content=\"es_ES\" \/>\n<meta property=\"og:type\" content=\"article\" \/>\n<meta property=\"og:title\" content=\"Pol\u00edtica de privacidad del Festival Cru\u00eflla de Barcelona\" \/>\n<meta property=\"og:description\" content=\"Descubre todos los detalles de la pol\u00edtica de privacidad del Festival Cru\u00eflla, que se celebra cada verano en el Parc del F\u00f2rum de la ciudad de Barcelona.\" \/>\n<meta property=\"og:url\" content=\"https:\/\/www.cruillabarcelona.com\/es\/politica-de-privacidad\/\" \/>\n<meta property=\"og:site_name\" content=\"Festival Cru\u00eflla\" \/>\n<meta property=\"article:modified_time\" content=\"2025-04-30T11:45:01+00:00\" \/>\n<meta name=\"twitter:card\" content=\"summary_large_image\" \/>\n<meta name=\"twitter:label1\" content=\"Tiempo de lectura\" \/>\n\t<meta name=\"twitter:data1\" content=\"4 minutos\" \/>\n<script type=\"application\/ld+json\" class=\"yoast-schema-graph\">{\"@context\":\"https:\\\/\\\/schema.org\",\"@graph\":[{\"@type\":\"WebPage\",\"@id\":\"https:\\\/\\\/www.cruillabarcelona.com\\\/es\\\/politica-de-privacidad\\\/\",\"url\":\"https:\\\/\\\/www.cruillabarcelona.com\\\/es\\\/politica-de-privacidad\\\/\",\"name\":\"Pol\u00edtica de privacidad del Festival Cru\u00eflla de Barcelona\",\"isPartOf\":{\"@id\":\"https:\\\/\\\/www.cruillabarcelona.com\\\/es\\\/#website\"},\"datePublished\":\"2016-11-29T12:18:26+00:00\",\"dateModified\":\"2025-04-30T11:45:01+00:00\",\"description\":\"Descubre todos los detalles de la pol\u00edtica de privacidad del Festival Cru\u00eflla, que se celebra cada verano en el Parc del F\u00f2rum de la ciudad de Barcelona.\",\"breadcrumb\":{\"@id\":\"https:\\\/\\\/www.cruillabarcelona.com\\\/es\\\/politica-de-privacidad\\\/#breadcrumb\"},\"inLanguage\":\"es\",\"potentialAction\":[{\"@type\":\"ReadAction\",\"target\":[\"https:\\\/\\\/www.cruillabarcelona.com\\\/es\\\/politica-de-privacidad\\\/\"]}]},{\"@type\":\"BreadcrumbList\",\"@id\":\"https:\\\/\\\/www.cruillabarcelona.com\\\/es\\\/politica-de-privacidad\\\/#breadcrumb\",\"itemListElement\":[{\"@type\":\"ListItem\",\"position\":1,\"name\":\"Home\",\"item\":\"https:\\\/\\\/www.cruillabarcelona.com\\\/es\\\/\"},{\"@type\":\"ListItem\",\"position\":2,\"name\":\"Pol\u00edtica de privacidad\"}]},{\"@type\":\"WebSite\",\"@id\":\"https:\\\/\\\/www.cruillabarcelona.com\\\/es\\\/#website\",\"url\":\"https:\\\/\\\/www.cruillabarcelona.com\\\/es\\\/\",\"name\":\"Festival Cru\u00eflla\",\"description\":\"\",\"potentialAction\":[{\"@type\":\"SearchAction\",\"target\":{\"@type\":\"EntryPoint\",\"urlTemplate\":\"https:\\\/\\\/www.cruillabarcelona.com\\\/es\\\/?s={search_term_string}\"},\"query-input\":{\"@type\":\"PropertyValueSpecification\",\"valueRequired\":true,\"valueName\":\"search_term_string\"}}],\"inLanguage\":\"es\"}]}<\/script>\n<!-- \/ Yoast SEO plugin. -->","yoast_head_json":{"title":"Pol\u00edtica de privacidad del Festival Cru\u00eflla de Barcelona","description":"Descubre todos los detalles de la pol\u00edtica de privacidad del Festival Cru\u00eflla, que se celebra cada verano en el Parc del F\u00f2rum de la ciudad de Barcelona.","robots":{"index":"index","follow":"follow","max-snippet":"max-snippet:-1","max-image-preview":"max-image-preview:large","max-video-preview":"max-video-preview:-1"},"canonical":"https:\/\/www.cruillabarcelona.com\/es\/politica-de-privacidad\/","og_locale":"es_ES","og_type":"article","og_title":"Pol\u00edtica de privacidad del Festival Cru\u00eflla de Barcelona","og_description":"Descubre todos los detalles de la pol\u00edtica de privacidad del Festival Cru\u00eflla, que se celebra cada verano en el Parc del F\u00f2rum de la ciudad de Barcelona.","og_url":"https:\/\/www.cruillabarcelona.com\/es\/politica-de-privacidad\/","og_site_name":"Festival Cru\u00eflla","article_modified_time":"2025-04-30T11:45:01+00:00","twitter_card":"summary_large_image","twitter_misc":{"Tiempo de lectura":"4 minutos"},"schema":{"@context":"https:\/\/schema.org","@graph":[{"@type":"WebPage","@id":"https:\/\/www.cruillabarcelona.com\/es\/politica-de-privacidad\/","url":"https:\/\/www.cruillabarcelona.com\/es\/politica-de-privacidad\/","name":"Pol\u00edtica de privacidad del Festival Cru\u00eflla de Barcelona","isPartOf":{"@id":"https:\/\/www.cruillabarcelona.com\/es\/#website"},"datePublished":"2016-11-29T12:18:26+00:00","dateModified":"2025-04-30T11:45:01+00:00","description":"Descubre todos los detalles de la pol\u00edtica de privacidad del Festival Cru\u00eflla, que se celebra cada verano en el Parc del F\u00f2rum de la ciudad de Barcelona.","breadcrumb":{"@id":"https:\/\/www.cruillabarcelona.com\/es\/politica-de-privacidad\/#breadcrumb"},"inLanguage":"es","potentialAction":[{"@type":"ReadAction","target":["https:\/\/www.cruillabarcelona.com\/es\/politica-de-privacidad\/"]}]},{"@type":"BreadcrumbList","@id":"https:\/\/www.cruillabarcelona.com\/es\/politica-de-privacidad\/#breadcrumb","itemListElement":[{"@type":"ListItem","position":1,"name":"Home","item":"https:\/\/www.cruillabarcelona.com\/es\/"},{"@type":"ListItem","position":2,"name":"Pol\u00edtica de privacidad"}]},{"@type":"WebSite","@id":"https:\/\/www.cruillabarcelona.com\/es\/#website","url":"https:\/\/www.cruillabarcelona.com\/es\/","name":"Festival Cru\u00eflla","description":"","potentialAction":[{"@type":"SearchAction","target":{"@type":"EntryPoint","urlTemplate":"https:\/\/www.cruillabarcelona.com\/es\/?s={search_term_string}"},"query-input":{"@type":"PropertyValueSpecification","valueRequired":true,"valueName":"search_term_string"}}],"inLanguage":"es"}]}},"_links":{"self":[{"href":"https:\/\/www.cruillabarcelona.com\/es\/wp-json\/wp\/v2\/pages\/767","targetHints":{"allow":["GET"]}}],"collection":[{"href":"https:\/\/www.cruillabarcelona.com\/es\/wp-json\/wp\/v2\/pages"}],"about":[{"href":"https:\/\/www.cruillabarcelona.com\/es\/wp-json\/wp\/v2\/types\/page"}],"author":[{"embeddable":true,"href":"https:\/\/www.cruillabarcelona.com\/es\/wp-json\/wp\/v2\/users\/1"}],"replies":[{"embeddable":true,"href":"https:\/\/www.cruillabarcelona.com\/es\/wp-json\/wp\/v2\/comments?post=767"}],"version-history":[{"count":1,"href":"https:\/\/www.cruillabarcelona.com\/es\/wp-json\/wp\/v2\/pages\/767\/revisions"}],"predecessor-version":[{"id":57545,"href":"https:\/\/www.cruillabarcelona.com\/es\/wp-json\/wp\/v2\/pages\/767\/revisions\/57545"}],"wp:attachment":[{"href":"https:\/\/www.cruillabarcelona.com\/es\/wp-json\/wp\/v2\/media?parent=767"}],"curies":[{"name":"wp","href":"https:\/\/api.w.org\/{rel}","templated":true}]}}